{"id":87287,"date":"2020-06-20T16:53:23","date_gmt":"2020-06-20T14:53:23","guid":{"rendered":"https:\/\/kapitel-zwei.de\/fruehbucher-tarif\/"},"modified":"2020-07-02T17:40:27","modified_gmt":"2020-07-02T15:40:27","slug":"early-bird-rate","status":"publish","type":"page","link":"https:\/\/kapitel-zwei.de\/en\/early-bird-rate\/","title":{"rendered":"Early bird rate"},"content":{"rendered":"\n<style type=\"text\/css\" data-created_by=\"avia_inline_auto\" id=\"style-css-av-av_two_third-6126cab7d8fab8d08143dd2dacdf673c\">\n.flex_column.av-av_two_third-6126cab7d8fab8d08143dd2dacdf673c{\nborder-radius:0px 0px 0px 0px;\npadding:0px 0px 0px 0px;\n}\n<\/style>\n<div  class='flex_column av-av_two_third-6126cab7d8fab8d08143dd2dacdf673c av_two_third  avia-builder-el-0  el_before_av_one_third  avia-builder-el-first  first flex_column_div av-zero-column-padding  '     ><section  class='av_textblock_section av-av_textblock-35972167d9f102c5ddaec0c531c98b9e '   itemscope=\"itemscope\" itemtype=\"https:\/\/schema.org\/CreativeWork\" ><div class='avia_textblock'  itemprop=\"text\" ><h1><span style=\"color: #ff6600;\">Early bird rate &#8211; Medical course<\/span><\/h1>\n<h2><span style=\"color: #ff6600;\">Save 100 EUR!<\/span><\/h2>\n<\/div><\/section><br \/>\n\n<style type=\"text\/css\" data-created_by=\"avia_inline_auto\" id=\"style-css-av-av_textblock-87d19a2a9ae08292eea25cebad9728aa\">\n#top .av_textblock_section.av-av_textblock-87d19a2a9ae08292eea25cebad9728aa .avia_textblock{\nfont-size:16px;\n}\n<\/style>\n<section  class='av_textblock_section av-av_textblock-87d19a2a9ae08292eea25cebad9728aa '   itemscope=\"itemscope\" itemtype=\"https:\/\/schema.org\/CreativeWork\" ><div class='avia_textblock'  itemprop=\"text\" ><p><strong>Save 100 \u20ac<\/strong> on the standard course price! The preparatory course for the specialist language examination at the Medical Association consists of two parts over two months. When paying in<strong> full and booking in advance for both months at once<\/strong>, you will receive a <strong>10% discount<\/strong> on the original course price. Benefit from the best price! Changes and cancellations for this discount campaign, are not possible.<\/p>\n<\/div><\/section><\/p><\/div>\n<style type=\"text\/css\" data-created_by=\"avia_inline_auto\" id=\"style-css-av-av_one_third-0aa7055fe62c3622faec82866afbaeb2\">\n.flex_column.av-av_one_third-0aa7055fe62c3622faec82866afbaeb2{\nborder-radius:0px 0px 0px 0px;\npadding:0px 0px 0px 0px;\n}\n<\/style>\n<div  class='flex_column av-av_one_third-0aa7055fe62c3622faec82866afbaeb2 av_one_third  avia-builder-el-3  el_after_av_two_third  avia-builder-el-last  flex_column_div av-zero-column-padding  '     ><style type=\"text\/css\" data-created_by=\"avia_inline_auto\" id=\"style-css-av-av_image-a2fbace53768f1c543dc39b2f5453fbc\">\n.avia-image-container.av-av_image-a2fbace53768f1c543dc39b2f5453fbc img.avia_image{\nbox-shadow:none;\n}\n.avia-image-container.av-av_image-a2fbace53768f1c543dc39b2f5453fbc .av-image-caption-overlay-center{\ncolor:#ffffff;\n}\n<\/style>\n<div  class='avia-image-container av-av_image-a2fbace53768f1c543dc39b2f5453fbc av-styling- avia-align-center  avia-builder-el-4  avia-builder-el-no-sibling '   itemprop=\"image\" itemscope=\"itemscope\" itemtype=\"https:\/\/schema.org\/ImageObject\" ><div class=\"avia-image-container-inner\"><div class=\"avia-image-overlay-wrap\"><img decoding=\"async\" fetchpriority=\"high\" class='wp-image-87138 avia-img-lazy-loading-not-87138 avia_image ' src=\"https:\/\/kapitel-zwei.de\/wp-content\/uploads\/2020\/06\/Fr\u00fchbucher-Medizin-\u00c4rztekammer-Spare-100-EUR-1030x687.jpg\" alt='Fr\u00fchbucher Medizin \u00c4rztekammer Spare 100 EUR' title='Fr\u00fchbucher Medizin \u00c4rztekammer Spare 100 EUR'  height=\"687\" width=\"1030\"  itemprop=\"thumbnailUrl\" srcset=\"https:\/\/kapitel-zwei.de\/wp-content\/uploads\/2020\/06\/Fr\u00fchbucher-Medizin-\u00c4rztekammer-Spare-100-EUR-1030x687.jpg 1030w, https:\/\/kapitel-zwei.de\/wp-content\/uploads\/2020\/06\/Fr\u00fchbucher-Medizin-\u00c4rztekammer-Spare-100-EUR-80x53.jpg 80w, https:\/\/kapitel-zwei.de\/wp-content\/uploads\/2020\/06\/Fr\u00fchbucher-Medizin-\u00c4rztekammer-Spare-100-EUR-300x200.jpg 300w, https:\/\/kapitel-zwei.de\/wp-content\/uploads\/2020\/06\/Fr\u00fchbucher-Medizin-\u00c4rztekammer-Spare-100-EUR-768x512.jpg 768w, https:\/\/kapitel-zwei.de\/wp-content\/uploads\/2020\/06\/Fr\u00fchbucher-Medizin-\u00c4rztekammer-Spare-100-EUR-1500x1001.jpg 1500w, https:\/\/kapitel-zwei.de\/wp-content\/uploads\/2020\/06\/Fr\u00fchbucher-Medizin-\u00c4rztekammer-Spare-100-EUR-705x470.jpg 705w, https:\/\/kapitel-zwei.de\/wp-content\/uploads\/2020\/06\/Fr\u00fchbucher-Medizin-\u00c4rztekammer-Spare-100-EUR-450x300.jpg 450w, https:\/\/kapitel-zwei.de\/wp-content\/uploads\/2020\/06\/Fr\u00fchbucher-Medizin-\u00c4rztekammer-Spare-100-EUR.jpg 1920w\" sizes=\"(max-width: 1030px) 100vw, 1030px\" \/><\/div><\/div><\/div><\/div><\/p>\n","protected":false},"excerpt":{"rendered":"","protected":false},"author":16,"featured_media":0,"parent":0,"menu_order":0,"comment_status":"closed","ping_status":"closed","template":"","meta":{"footnotes":""},"class_list":["post-87287","page","type-page","status-publish","hentry"],"yoast_head":"<!-- This site is optimized with the Yoast SEO Premium plugin v24.4 (Yoast SEO v24.4) - https:\/\/yoast.com\/wordpress\/plugins\/seo\/ -->\n<title>100 EUR Discount 8 weeks Preparation Exam \u00c4rztekammer<\/title>\n<meta name=\"description\" content=\"Save 100 \u20ac on the standard course price! The preparatory course for the specialist language examination at the Medical Association consists of two parts over two months. When paying in full and booking in advance for both months at once, you will receive a 10% discount on the original course price.\" \/>\n<meta name=\"robots\" content=\"index, follow, max-snippet:-1, max-image-preview:large, max-video-preview:-1\" \/>\n<link rel=\"canonical\" href=\"https:\/\/kapitel-zwei.de\/en\/early-bird-rate\/\" \/>\n<meta property=\"og:locale\" content=\"en_US\" \/>\n<meta property=\"og:type\" content=\"article\" \/>\n<meta property=\"og:title\" content=\"Early bird rate\" \/>\n<meta property=\"og:description\" content=\"Save 100 \u20ac on the standard course price! The preparatory course for the specialist language examination at the Medical Association consists of two parts over two months. When paying in full and booking in advance for both months at once, you will receive a 10% discount on the original course price.\" \/>\n<meta property=\"og:url\" content=\"https:\/\/kapitel-zwei.de\/en\/early-bird-rate\/\" \/>\n<meta property=\"og:site_name\" content=\"Kapitel Zwei Berlin\" \/>\n<meta property=\"article:publisher\" content=\"https:\/\/www.facebook.com\/kapitelzwei\/\" \/>\n<meta property=\"article:modified_time\" content=\"2020-07-02T15:40:27+00:00\" \/>\n<meta name=\"twitter:card\" content=\"summary_large_image\" \/>\n<meta name=\"twitter:site\" content=\"@kapitelzwei\" \/>\n<meta name=\"twitter:label1\" content=\"Est. reading time\" \/>\n\t<meta name=\"twitter:data1\" content=\"1 minute\" \/>\n<script type=\"application\/ld+json\" class=\"yoast-schema-graph\">{\"@context\":\"https:\/\/schema.org\",\"@graph\":[{\"@type\":\"WebPage\",\"@id\":\"https:\/\/kapitel-zwei.de\/en\/early-bird-rate\/\",\"url\":\"https:\/\/kapitel-zwei.de\/en\/early-bird-rate\/\",\"name\":\"100 EUR Discount 8 weeks Preparation Exam \u00c4rztekammer\",\"isPartOf\":{\"@id\":\"https:\/\/kapitel-zwei.de\/es\/#website\"},\"datePublished\":\"2020-06-20T14:53:23+00:00\",\"dateModified\":\"2020-07-02T15:40:27+00:00\",\"description\":\"Save 100 \u20ac on the standard course price! The preparatory course for the specialist language examination at the Medical Association consists of two parts over two months. When paying in full and booking in advance for both months at once, you will receive a 10% discount on the original course price.\",\"breadcrumb\":{\"@id\":\"https:\/\/kapitel-zwei.de\/en\/early-bird-rate\/#breadcrumb\"},\"inLanguage\":\"en-US\",\"potentialAction\":[{\"@type\":\"ReadAction\",\"target\":[\"https:\/\/kapitel-zwei.de\/en\/early-bird-rate\/\"]}]},{\"@type\":\"BreadcrumbList\",\"@id\":\"https:\/\/kapitel-zwei.de\/en\/early-bird-rate\/#breadcrumb\",\"itemListElement\":[{\"@type\":\"ListItem\",\"position\":1,\"name\":\"Startseite\",\"item\":\"https:\/\/kapitel-zwei.de\/en\/\"},{\"@type\":\"ListItem\",\"position\":2,\"name\":\"Early bird rate\"}]},{\"@type\":\"WebSite\",\"@id\":\"https:\/\/kapitel-zwei.de\/es\/#website\",\"url\":\"https:\/\/kapitel-zwei.de\/es\/\",\"name\":\"Kapitel Zwei Berlin\",\"description\":\"Deutschkurs Berlin | Sprachschule Berlin | German language school Berlin | telc Berlin | Deutsch Pr\u00fcfung Berlin | Intensive German courses Berlin | TestDaF Pr\u00fcfung | Online Kurse\",\"publisher\":{\"@id\":\"https:\/\/kapitel-zwei.de\/es\/#organization\"},\"potentialAction\":[{\"@type\":\"SearchAction\",\"target\":{\"@type\":\"EntryPoint\",\"urlTemplate\":\"https:\/\/kapitel-zwei.de\/es\/?s={search_term_string}\"},\"query-input\":{\"@type\":\"PropertyValueSpecification\",\"valueRequired\":true,\"valueName\":\"search_term_string\"}}],\"inLanguage\":\"en-US\"},{\"@type\":\"Organization\",\"@id\":\"https:\/\/kapitel-zwei.de\/es\/#organization\",\"name\":\"Kapitel Zwei. Deutsch-Sprachschule Berlin GmbH\",\"url\":\"https:\/\/kapitel-zwei.de\/es\/\",\"logo\":{\"@type\":\"ImageObject\",\"inLanguage\":\"en-US\",\"@id\":\"https:\/\/kapitel-zwei.de\/es\/#\/schema\/logo\/image\/\",\"url\":\"https:\/\/kapitel-zwei.de\/wp-content\/uploads\/2018\/08\/Kapitel-Zwei-Berlin-Sprachschule-Deutsch-Deutschkurse-Berlin.jpg\",\"contentUrl\":\"https:\/\/kapitel-zwei.de\/wp-content\/uploads\/2018\/08\/Kapitel-Zwei-Berlin-Sprachschule-Deutsch-Deutschkurse-Berlin.jpg\",\"width\":350,\"height\":101,\"caption\":\"Kapitel Zwei. Deutsch-Sprachschule Berlin GmbH\"},\"image\":{\"@id\":\"https:\/\/kapitel-zwei.de\/es\/#\/schema\/logo\/image\/\"},\"sameAs\":[\"https:\/\/www.facebook.com\/kapitelzwei\/\",\"https:\/\/x.com\/kapitelzwei\"]}]}<\/script>\n<!-- \/ Yoast SEO Premium plugin. -->","yoast_head_json":{"title":"100 EUR Discount 8 weeks Preparation Exam \u00c4rztekammer","description":"Save 100 \u20ac on the standard course price! The preparatory course for the specialist language examination at the Medical Association consists of two parts over two months. When paying in full and booking in advance for both months at once, you will receive a 10% discount on the original course price.","robots":{"index":"index","follow":"follow","max-snippet":"max-snippet:-1","max-image-preview":"max-image-preview:large","max-video-preview":"max-video-preview:-1"},"canonical":"https:\/\/kapitel-zwei.de\/en\/early-bird-rate\/","og_locale":"en_US","og_type":"article","og_title":"Early bird rate","og_description":"Save 100 \u20ac on the standard course price! The preparatory course for the specialist language examination at the Medical Association consists of two parts over two months. When paying in full and booking in advance for both months at once, you will receive a 10% discount on the original course price.","og_url":"https:\/\/kapitel-zwei.de\/en\/early-bird-rate\/","og_site_name":"Kapitel Zwei Berlin","article_publisher":"https:\/\/www.facebook.com\/kapitelzwei\/","article_modified_time":"2020-07-02T15:40:27+00:00","twitter_card":"summary_large_image","twitter_site":"@kapitelzwei","twitter_misc":{"Est. reading time":"1 minute"},"schema":{"@context":"https:\/\/schema.org","@graph":[{"@type":"WebPage","@id":"https:\/\/kapitel-zwei.de\/en\/early-bird-rate\/","url":"https:\/\/kapitel-zwei.de\/en\/early-bird-rate\/","name":"100 EUR Discount 8 weeks Preparation Exam \u00c4rztekammer","isPartOf":{"@id":"https:\/\/kapitel-zwei.de\/es\/#website"},"datePublished":"2020-06-20T14:53:23+00:00","dateModified":"2020-07-02T15:40:27+00:00","description":"Save 100 \u20ac on the standard course price! The preparatory course for the specialist language examination at the Medical Association consists of two parts over two months. When paying in full and booking in advance for both months at once, you will receive a 10% discount on the original course price.","breadcrumb":{"@id":"https:\/\/kapitel-zwei.de\/en\/early-bird-rate\/#breadcrumb"},"inLanguage":"en-US","potentialAction":[{"@type":"ReadAction","target":["https:\/\/kapitel-zwei.de\/en\/early-bird-rate\/"]}]},{"@type":"BreadcrumbList","@id":"https:\/\/kapitel-zwei.de\/en\/early-bird-rate\/#breadcrumb","itemListElement":[{"@type":"ListItem","position":1,"name":"Startseite","item":"https:\/\/kapitel-zwei.de\/en\/"},{"@type":"ListItem","position":2,"name":"Early bird rate"}]},{"@type":"WebSite","@id":"https:\/\/kapitel-zwei.de\/es\/#website","url":"https:\/\/kapitel-zwei.de\/es\/","name":"Kapitel Zwei Berlin","description":"Deutschkurs Berlin | Sprachschule Berlin | German language school Berlin | telc Berlin | Deutsch Pr\u00fcfung Berlin | Intensive German courses Berlin | TestDaF Pr\u00fcfung | Online Kurse","publisher":{"@id":"https:\/\/kapitel-zwei.de\/es\/#organization"},"potentialAction":[{"@type":"SearchAction","target":{"@type":"EntryPoint","urlTemplate":"https:\/\/kapitel-zwei.de\/es\/?s={search_term_string}"},"query-input":{"@type":"PropertyValueSpecification","valueRequired":true,"valueName":"search_term_string"}}],"inLanguage":"en-US"},{"@type":"Organization","@id":"https:\/\/kapitel-zwei.de\/es\/#organization","name":"Kapitel Zwei. Deutsch-Sprachschule Berlin GmbH","url":"https:\/\/kapitel-zwei.de\/es\/","logo":{"@type":"ImageObject","inLanguage":"en-US","@id":"https:\/\/kapitel-zwei.de\/es\/#\/schema\/logo\/image\/","url":"https:\/\/kapitel-zwei.de\/wp-content\/uploads\/2018\/08\/Kapitel-Zwei-Berlin-Sprachschule-Deutsch-Deutschkurse-Berlin.jpg","contentUrl":"https:\/\/kapitel-zwei.de\/wp-content\/uploads\/2018\/08\/Kapitel-Zwei-Berlin-Sprachschule-Deutsch-Deutschkurse-Berlin.jpg","width":350,"height":101,"caption":"Kapitel Zwei. Deutsch-Sprachschule Berlin GmbH"},"image":{"@id":"https:\/\/kapitel-zwei.de\/es\/#\/schema\/logo\/image\/"},"sameAs":["https:\/\/www.facebook.com\/kapitelzwei\/","https:\/\/x.com\/kapitelzwei"]}]}},"_links":{"self":[{"href":"https:\/\/kapitel-zwei.de\/en\/wp-json\/wp\/v2\/pages\/87287","targetHints":{"allow":["GET"]}}],"collection":[{"href":"https:\/\/kapitel-zwei.de\/en\/wp-json\/wp\/v2\/pages"}],"about":[{"href":"https:\/\/kapitel-zwei.de\/en\/wp-json\/wp\/v2\/types\/page"}],"author":[{"embeddable":true,"href":"https:\/\/kapitel-zwei.de\/en\/wp-json\/wp\/v2\/users\/16"}],"replies":[{"embeddable":true,"href":"https:\/\/kapitel-zwei.de\/en\/wp-json\/wp\/v2\/comments?post=87287"}],"version-history":[{"count":3,"href":"https:\/\/kapitel-zwei.de\/en\/wp-json\/wp\/v2\/pages\/87287\/revisions"}],"predecessor-version":[{"id":88210,"href":"https:\/\/kapitel-zwei.de\/en\/wp-json\/wp\/v2\/pages\/87287\/revisions\/88210"}],"wp:attachment":[{"href":"https:\/\/kapitel-zwei.de\/en\/wp-json\/wp\/v2\/media?parent=87287"}],"curies":[{"name":"wp","href":"https:\/\/api.w.org\/{rel}","templated":true}]}}