{"id":10020,"date":"2016-03-23T19:42:00","date_gmt":"2016-03-23T18:42:00","guid":{"rendered":"http:\/\/relaunch.kapitel-zwei.de\/es\/aprender-aleman-en-berlin\/tandempartner-sprachpartner\/"},"modified":"2019-09-09T16:56:30","modified_gmt":"2019-09-09T14:56:30","slug":"tandem","status":"publish","type":"page","link":"https:\/\/kapitel-zwei.de\/es\/tandem\/","title":{"rendered":"Programa \u00abt\u00e1ndem\u00bb"},"content":{"rendered":"\n<style type=\"text\/css\" data-created_by=\"avia_inline_auto\" id=\"style-css-av-av_one_third-352b07ef7d3bc99b2e9f92e7a9e06bdb\">\n.flex_column.av-av_one_third-352b07ef7d3bc99b2e9f92e7a9e06bdb{\nborder-radius:0px 0px 0px 0px;\npadding:0px 0px 0px 0px;\n}\n<\/style>\n<div  class='flex_column av-av_one_third-352b07ef7d3bc99b2e9f92e7a9e06bdb av_one_third  avia-builder-el-0  el_before_av_two_third  avia-builder-el-first  first flex_column_div av-zero-column-padding  '     ><section  class='av_textblock_section av-av_textblock-35972167d9f102c5ddaec0c531c98b9e '   itemscope=\"itemscope\" itemtype=\"https:\/\/schema.org\/CreativeWork\" ><div class='avia_textblock'  itemprop=\"text\" ><p class=\"intro\">Aprender y vivir en Berl\u00edn con la ayuda de \u201cKapitel Zwei, escuela de idioma alem\u00e1n\u201d en el centro de Berl\u00edn, entre Heinrich-Heine-Stra\u00dfe (U8) y M\u00e4rkisches Museum (U2)<\/p>\n<\/div><\/section><br \/>\n\n<style type=\"text\/css\" data-created_by=\"avia_inline_auto\" id=\"style-css-av-av_image-a04184a3c4f960083f0bf12ce5961824\">\n.avia-image-container.av-av_image-a04184a3c4f960083f0bf12ce5961824 img.avia_image{\nbox-shadow:none;\n}\n.avia-image-container.av-av_image-a04184a3c4f960083f0bf12ce5961824 .av-image-caption-overlay-center{\ncolor:#ffffff;\n}\n<\/style>\n<div  class='avia-image-container av-av_image-a04184a3c4f960083f0bf12ce5961824 av-styling- avia-align-left  avia-builder-el-2  el_after_av_textblock  avia-builder-el-last '   itemprop=\"image\" itemscope=\"itemscope\" itemtype=\"https:\/\/schema.org\/ImageObject\" ><div class=\"avia-image-container-inner\"><div class=\"avia-image-overlay-wrap\"><img decoding=\"async\" fetchpriority=\"high\" class='wp-image-10915 avia-img-lazy-loading-not-10915 avia_image ' src=\"https:\/\/kapitel-zwei.de\/wp-content\/uploads\/2016\/03\/Kapitel-Zwei-Berlin-Tandem.jpg\" alt='Kapitel Zwei Berlin Tandem' title='Kapitel Zwei Berlin Tandem'  height=\"2133\" width=\"3200\"  itemprop=\"thumbnailUrl\" srcset=\"https:\/\/kapitel-zwei.de\/wp-content\/uploads\/2016\/03\/Kapitel-Zwei-Berlin-Tandem.jpg 3200w, https:\/\/kapitel-zwei.de\/wp-content\/uploads\/2016\/03\/Kapitel-Zwei-Berlin-Tandem-80x53.jpg 80w, https:\/\/kapitel-zwei.de\/wp-content\/uploads\/2016\/03\/Kapitel-Zwei-Berlin-Tandem-300x200.jpg 300w, https:\/\/kapitel-zwei.de\/wp-content\/uploads\/2016\/03\/Kapitel-Zwei-Berlin-Tandem-768x512.jpg 768w, https:\/\/kapitel-zwei.de\/wp-content\/uploads\/2016\/03\/Kapitel-Zwei-Berlin-Tandem-1030x687.jpg 1030w, https:\/\/kapitel-zwei.de\/wp-content\/uploads\/2016\/03\/Kapitel-Zwei-Berlin-Tandem-1500x1000.jpg 1500w, https:\/\/kapitel-zwei.de\/wp-content\/uploads\/2016\/03\/Kapitel-Zwei-Berlin-Tandem-705x470.jpg 705w, https:\/\/kapitel-zwei.de\/wp-content\/uploads\/2016\/03\/Kapitel-Zwei-Berlin-Tandem-450x300.jpg 450w\" sizes=\"(max-width: 3200px) 100vw, 3200px\" \/><\/div><\/div><\/div><\/p><\/div>\n<style type=\"text\/css\" data-created_by=\"avia_inline_auto\" id=\"style-css-av-av_two_third-2a64de42b738552fe666ca889af77e28\">\n.flex_column.av-av_two_third-2a64de42b738552fe666ca889af77e28{\nborder-radius:0px 0px 0px 0px;\npadding:0px 0px 0px 0px;\n}\n<\/style>\n<div  class='flex_column av-av_two_third-2a64de42b738552fe666ca889af77e28 av_two_third  avia-builder-el-3  el_after_av_one_third  el_before_av_hr  flex_column_div av-zero-column-padding  '     ><section  class='av_textblock_section av-av_textblock-35972167d9f102c5ddaec0c531c98b9e '   itemscope=\"itemscope\" itemtype=\"https:\/\/schema.org\/CreativeWork\" ><div class='avia_textblock'  itemprop=\"text\" ><h1><span style=\"color: #ff6600;\">Programa t\u00e1ndem en Berl\u00edn!<\/span><\/h1>\n<\/div><\/section><br \/>\n<section  class='av_textblock_section av-av_textblock-35972167d9f102c5ddaec0c531c98b9e '   itemscope=\"itemscope\" itemtype=\"https:\/\/schema.org\/CreativeWork\" ><div class='avia_textblock'  itemprop=\"text\" ><p>\u00bfDeseas estudiar alem\u00e1n en t\u00e1ndem con un hablante nativo, conocer Berl\u00edn y su gente?<\/p>\n<p>\u00bfTambi\u00e9n quisieras contar de tu tierra, cultura y tus costumbres?<\/p>\n<\/div><\/section><\/p><\/div><\/p>\n\n<style type=\"text\/css\" data-created_by=\"avia_inline_auto\" id=\"style-css-av-av_hr-b30e41aaa4ee0c8f0a9002998d6d6e97\">\n#top .hr.hr-invisible.av-av_hr-b30e41aaa4ee0c8f0a9002998d6d6e97{\nheight:20px;\n}\n<\/style>\n<div  class='hr av-av_hr-b30e41aaa4ee0c8f0a9002998d6d6e97 hr-invisible  avia-builder-el-6  el_after_av_two_third  el_before_av_textblock '><span class='hr-inner '><span class=\"hr-inner-style\"><\/span><\/span><\/div>\n<section  class='av_textblock_section av-av_textblock-35972167d9f102c5ddaec0c531c98b9e '   itemscope=\"itemscope\" itemtype=\"https:\/\/schema.org\/CreativeWork\" ><div class='avia_textblock'  itemprop=\"text\" ><p>Para hacerte una idea de c\u00f3mo funciona el programa t\u00e1ndem, imag\u00ednatelo como la bicicleta \u00abT\u00e1ndem\u00bb para dos personas. S\u00f3lo funciona bien si se utilizan los dos engranajes a la vez. Mientras t\u00fa representas el primer engranaje, encuentras el segundo por medio de las p\u00e1ginas Web siguientes. B\u00fascate a un hablante nativo para un intercambio ling\u00fc\u00edstico y cultural. Aprende alem\u00e1n y ens\u00e9\u00f1ale tu idioma y cultura al mismo tiempo. Encontrar\u00e1s nuevos amigos y ver\u00e1s lugares en Berl\u00edn que no est\u00e1n descritos en las gu\u00edas tur\u00edsticas. Descubrid ambos idiomas y culturas aqu\u00ed en Berl\u00edn. Avanzad juntos.<\/p>\n<ul>\n<li><a title=\"universidad libre tandem berl\u00edn\" href=\"http:\/\/www.sprachenzentrum.fu-berlin.de\/slz\/tandem\/fragebogen_en\/index.html\" target=\"_blank\" rel=\"noopener\">Programa t\u00e1ndem de la Universidad Libre Berl\u00edn<\/a><\/li>\n<li><a title=\"tandem TU Berlin\" href=\"http:\/\/www.skb.tu-berlin.de\/contao\/index.php\/tandem.html\" target=\"_blank\" rel=\"noopener\">Programa t\u00e1ndem de la universidad t\u00e9cnica de Berl\u00edn<\/a><\/li>\n<li><a title=\"Programa t\u00e1ndem universal\" href=\"http:\/\/www.erstenachhilfe.de\/tandempartner\" target=\"_blank\" rel=\"noopener\">Programa t\u00e1ndem universal<\/a><\/li>\n<li><a title=\"Intercambiando Berlin\" href=\"http:\/\/www.intercambiando.de\/tandem\/\" target=\"_blank\" rel=\"noopener\">Intercambiando Berlin<\/a><\/li>\n<\/ul>\n<p>Para m\u00e1s informaci\u00f3n sobre tu curso de alem\u00e1n y el proyecto tandem: berlin(at)kapitel-zwei.de<\/p>\n<\/div><\/section>\n","protected":false},"excerpt":{"rendered":"","protected":false},"author":16,"featured_media":0,"parent":0,"menu_order":0,"comment_status":"closed","ping_status":"closed","template":"","meta":{"footnotes":""},"class_list":["post-10020","page","type-page","status-publish","hentry"],"yoast_head":"<!-- This site is optimized with the Yoast SEO Premium plugin v24.4 (Yoast SEO v24.4) - https:\/\/yoast.com\/wordpress\/plugins\/seo\/ -->\n<title>Encontrar compa\u00f1eros de t\u00e1ndem en Berl\u00edn - Kapitel Zwei<\/title>\n<meta name=\"description\" content=\"Para aprender alem\u00e1n de manera efectiva y conocer Berl\u00edn, te puede ayudar el contacto e intercambio con nativos que viven en Berl\u00edn. Kapitel Zwei te ayuda.\" \/>\n<meta name=\"robots\" content=\"index, follow, max-snippet:-1, max-image-preview:large, max-video-preview:-1\" \/>\n<link rel=\"canonical\" href=\"https:\/\/kapitel-zwei.de\/es\/tandem\/\" \/>\n<meta property=\"og:locale\" content=\"es_ES\" \/>\n<meta property=\"og:type\" content=\"article\" \/>\n<meta property=\"og:title\" content=\"Programa &quot;t\u00e1ndem&quot;\" \/>\n<meta property=\"og:description\" content=\"Para aprender alem\u00e1n de manera efectiva y conocer Berl\u00edn, te puede ayudar el contacto e intercambio con nativos que viven en Berl\u00edn. Kapitel Zwei te ayuda.\" \/>\n<meta property=\"og:url\" content=\"https:\/\/kapitel-zwei.de\/es\/tandem\/\" \/>\n<meta property=\"og:site_name\" content=\"Kapitel Zwei Berlin\" \/>\n<meta property=\"article:publisher\" content=\"https:\/\/www.facebook.com\/kapitelzwei\/\" \/>\n<meta property=\"article:modified_time\" content=\"2019-09-09T14:56:30+00:00\" \/>\n<meta name=\"twitter:card\" content=\"summary_large_image\" \/>\n<meta name=\"twitter:site\" content=\"@kapitelzwei\" \/>\n<meta name=\"twitter:label1\" content=\"Tiempo de lectura\" \/>\n\t<meta name=\"twitter:data1\" content=\"2 minutos\" \/>\n<script type=\"application\/ld+json\" class=\"yoast-schema-graph\">{\"@context\":\"https:\/\/schema.org\",\"@graph\":[{\"@type\":\"WebPage\",\"@id\":\"https:\/\/kapitel-zwei.de\/es\/tandem\/\",\"url\":\"https:\/\/kapitel-zwei.de\/es\/tandem\/\",\"name\":\"Encontrar compa\u00f1eros de t\u00e1ndem en Berl\u00edn - Kapitel Zwei\",\"isPartOf\":{\"@id\":\"https:\/\/kapitel-zwei.de\/es\/#website\"},\"datePublished\":\"2016-03-23T18:42:00+00:00\",\"dateModified\":\"2019-09-09T14:56:30+00:00\",\"description\":\"Para aprender alem\u00e1n de manera efectiva y conocer Berl\u00edn, te puede ayudar el contacto e intercambio con nativos que viven en Berl\u00edn. Kapitel Zwei te ayuda.\",\"breadcrumb\":{\"@id\":\"https:\/\/kapitel-zwei.de\/es\/tandem\/#breadcrumb\"},\"inLanguage\":\"es\",\"potentialAction\":[{\"@type\":\"ReadAction\",\"target\":[\"https:\/\/kapitel-zwei.de\/es\/tandem\/\"]}]},{\"@type\":\"BreadcrumbList\",\"@id\":\"https:\/\/kapitel-zwei.de\/es\/tandem\/#breadcrumb\",\"itemListElement\":[{\"@type\":\"ListItem\",\"position\":1,\"name\":\"Startseite\",\"item\":\"https:\/\/kapitel-zwei.de\/es\/\"},{\"@type\":\"ListItem\",\"position\":2,\"name\":\"Programa \u00abt\u00e1ndem\u00bb\"}]},{\"@type\":\"WebSite\",\"@id\":\"https:\/\/kapitel-zwei.de\/es\/#website\",\"url\":\"https:\/\/kapitel-zwei.de\/es\/\",\"name\":\"Kapitel Zwei Berlin\",\"description\":\"Deutschkurs Berlin | Sprachschule Berlin | German language school Berlin | telc Berlin | Deutsch Pr\u00fcfung Berlin | Intensive German courses Berlin | TestDaF Pr\u00fcfung | Online Kurse\",\"publisher\":{\"@id\":\"https:\/\/kapitel-zwei.de\/es\/#organization\"},\"potentialAction\":[{\"@type\":\"SearchAction\",\"target\":{\"@type\":\"EntryPoint\",\"urlTemplate\":\"https:\/\/kapitel-zwei.de\/es\/?s={search_term_string}\"},\"query-input\":{\"@type\":\"PropertyValueSpecification\",\"valueRequired\":true,\"valueName\":\"search_term_string\"}}],\"inLanguage\":\"es\"},{\"@type\":\"Organization\",\"@id\":\"https:\/\/kapitel-zwei.de\/es\/#organization\",\"name\":\"Kapitel Zwei. Deutsch-Sprachschule Berlin GmbH\",\"url\":\"https:\/\/kapitel-zwei.de\/es\/\",\"logo\":{\"@type\":\"ImageObject\",\"inLanguage\":\"es\",\"@id\":\"https:\/\/kapitel-zwei.de\/es\/#\/schema\/logo\/image\/\",\"url\":\"https:\/\/kapitel-zwei.de\/wp-content\/uploads\/2018\/08\/Kapitel-Zwei-Berlin-Sprachschule-Deutsch-Deutschkurse-Berlin.jpg\",\"contentUrl\":\"https:\/\/kapitel-zwei.de\/wp-content\/uploads\/2018\/08\/Kapitel-Zwei-Berlin-Sprachschule-Deutsch-Deutschkurse-Berlin.jpg\",\"width\":350,\"height\":101,\"caption\":\"Kapitel Zwei. Deutsch-Sprachschule Berlin GmbH\"},\"image\":{\"@id\":\"https:\/\/kapitel-zwei.de\/es\/#\/schema\/logo\/image\/\"},\"sameAs\":[\"https:\/\/www.facebook.com\/kapitelzwei\/\",\"https:\/\/x.com\/kapitelzwei\"]}]}<\/script>\n<!-- \/ Yoast SEO Premium plugin. -->","yoast_head_json":{"title":"Encontrar compa\u00f1eros de t\u00e1ndem en Berl\u00edn - Kapitel Zwei","description":"Para aprender alem\u00e1n de manera efectiva y conocer Berl\u00edn, te puede ayudar el contacto e intercambio con nativos que viven en Berl\u00edn. Kapitel Zwei te ayuda.","robots":{"index":"index","follow":"follow","max-snippet":"max-snippet:-1","max-image-preview":"max-image-preview:large","max-video-preview":"max-video-preview:-1"},"canonical":"https:\/\/kapitel-zwei.de\/es\/tandem\/","og_locale":"es_ES","og_type":"article","og_title":"Programa \"t\u00e1ndem\"","og_description":"Para aprender alem\u00e1n de manera efectiva y conocer Berl\u00edn, te puede ayudar el contacto e intercambio con nativos que viven en Berl\u00edn. Kapitel Zwei te ayuda.","og_url":"https:\/\/kapitel-zwei.de\/es\/tandem\/","og_site_name":"Kapitel Zwei Berlin","article_publisher":"https:\/\/www.facebook.com\/kapitelzwei\/","article_modified_time":"2019-09-09T14:56:30+00:00","twitter_card":"summary_large_image","twitter_site":"@kapitelzwei","twitter_misc":{"Tiempo de lectura":"2 minutos"},"schema":{"@context":"https:\/\/schema.org","@graph":[{"@type":"WebPage","@id":"https:\/\/kapitel-zwei.de\/es\/tandem\/","url":"https:\/\/kapitel-zwei.de\/es\/tandem\/","name":"Encontrar compa\u00f1eros de t\u00e1ndem en Berl\u00edn - Kapitel Zwei","isPartOf":{"@id":"https:\/\/kapitel-zwei.de\/es\/#website"},"datePublished":"2016-03-23T18:42:00+00:00","dateModified":"2019-09-09T14:56:30+00:00","description":"Para aprender alem\u00e1n de manera efectiva y conocer Berl\u00edn, te puede ayudar el contacto e intercambio con nativos que viven en Berl\u00edn. Kapitel Zwei te ayuda.","breadcrumb":{"@id":"https:\/\/kapitel-zwei.de\/es\/tandem\/#breadcrumb"},"inLanguage":"es","potentialAction":[{"@type":"ReadAction","target":["https:\/\/kapitel-zwei.de\/es\/tandem\/"]}]},{"@type":"BreadcrumbList","@id":"https:\/\/kapitel-zwei.de\/es\/tandem\/#breadcrumb","itemListElement":[{"@type":"ListItem","position":1,"name":"Startseite","item":"https:\/\/kapitel-zwei.de\/es\/"},{"@type":"ListItem","position":2,"name":"Programa \u00abt\u00e1ndem\u00bb"}]},{"@type":"WebSite","@id":"https:\/\/kapitel-zwei.de\/es\/#website","url":"https:\/\/kapitel-zwei.de\/es\/","name":"Kapitel Zwei Berlin","description":"Deutschkurs Berlin | Sprachschule Berlin | German language school Berlin | telc Berlin | Deutsch Pr\u00fcfung Berlin | Intensive German courses Berlin | TestDaF Pr\u00fcfung | Online Kurse","publisher":{"@id":"https:\/\/kapitel-zwei.de\/es\/#organization"},"potentialAction":[{"@type":"SearchAction","target":{"@type":"EntryPoint","urlTemplate":"https:\/\/kapitel-zwei.de\/es\/?s={search_term_string}"},"query-input":{"@type":"PropertyValueSpecification","valueRequired":true,"valueName":"search_term_string"}}],"inLanguage":"es"},{"@type":"Organization","@id":"https:\/\/kapitel-zwei.de\/es\/#organization","name":"Kapitel Zwei. Deutsch-Sprachschule Berlin GmbH","url":"https:\/\/kapitel-zwei.de\/es\/","logo":{"@type":"ImageObject","inLanguage":"es","@id":"https:\/\/kapitel-zwei.de\/es\/#\/schema\/logo\/image\/","url":"https:\/\/kapitel-zwei.de\/wp-content\/uploads\/2018\/08\/Kapitel-Zwei-Berlin-Sprachschule-Deutsch-Deutschkurse-Berlin.jpg","contentUrl":"https:\/\/kapitel-zwei.de\/wp-content\/uploads\/2018\/08\/Kapitel-Zwei-Berlin-Sprachschule-Deutsch-Deutschkurse-Berlin.jpg","width":350,"height":101,"caption":"Kapitel Zwei. Deutsch-Sprachschule Berlin GmbH"},"image":{"@id":"https:\/\/kapitel-zwei.de\/es\/#\/schema\/logo\/image\/"},"sameAs":["https:\/\/www.facebook.com\/kapitelzwei\/","https:\/\/x.com\/kapitelzwei"]}]}},"_links":{"self":[{"href":"https:\/\/kapitel-zwei.de\/es\/wp-json\/wp\/v2\/pages\/10020","targetHints":{"allow":["GET"]}}],"collection":[{"href":"https:\/\/kapitel-zwei.de\/es\/wp-json\/wp\/v2\/pages"}],"about":[{"href":"https:\/\/kapitel-zwei.de\/es\/wp-json\/wp\/v2\/types\/page"}],"author":[{"embeddable":true,"href":"https:\/\/kapitel-zwei.de\/es\/wp-json\/wp\/v2\/users\/16"}],"replies":[{"embeddable":true,"href":"https:\/\/kapitel-zwei.de\/es\/wp-json\/wp\/v2\/comments?post=10020"}],"version-history":[{"count":3,"href":"https:\/\/kapitel-zwei.de\/es\/wp-json\/wp\/v2\/pages\/10020\/revisions"}],"predecessor-version":[{"id":68389,"href":"https:\/\/kapitel-zwei.de\/es\/wp-json\/wp\/v2\/pages\/10020\/revisions\/68389"}],"wp:attachment":[{"href":"https:\/\/kapitel-zwei.de\/es\/wp-json\/wp\/v2\/media?parent=10020"}],"curies":[{"name":"wp","href":"https:\/\/api.w.org\/{rel}","templated":true}]}}