{"id":10045,"date":"2016-03-23T17:29:24","date_gmt":"2016-03-23T16:29:24","guid":{"rendered":"http:\/\/relaunch.kapitel-zwei.de\/es\/vivir-en-berlin\/arbeiten\/"},"modified":"2023-11-27T13:50:08","modified_gmt":"2023-11-27T12:50:08","slug":"anuncios-de-empleos","status":"publish","type":"page","link":"https:\/\/kapitel-zwei.de\/es\/vivir-en-berlin\/anuncios-de-empleos\/","title":{"rendered":"Anuncios de empleos"},"content":{"rendered":"\n<style type=\"text\/css\" data-created_by=\"avia_inline_auto\" id=\"style-css-av-729cj8d-e0aaf11890cc4cb903521190f3807a10\">\n.flex_column.av-729cj8d-e0aaf11890cc4cb903521190f3807a10{\nborder-radius:0px 0px 0px 0px;\npadding:0px 0px 0px 0px;\n}\n<\/style>\n<div  class='flex_column av-729cj8d-e0aaf11890cc4cb903521190f3807a10 av_one_third  avia-builder-el-0  el_before_av_two_third  avia-builder-el-first  first flex_column_div av-zero-column-padding  '     ><section  class='av_textblock_section av-6ldroe5-f78ca176ac501714d736b6717d1c4bd4 '   itemscope=\"itemscope\" itemtype=\"https:\/\/schema.org\/CreativeWork\" ><div class='avia_textblock'  itemprop=\"text\" ><p class=\"intro\">Aprender alem\u00e1n en Berl\u00edn con \u201cKapitel Zwei, escuela de idioma alem\u00e1n\u201d.<\/p>\n<\/div><\/section><br \/>\n\n<style type=\"text\/css\" data-created_by=\"avia_inline_auto\" id=\"style-css-av-6bk6c7x-a80a892a3707f20407e6e8141f77b465\">\n.avia-image-container.av-6bk6c7x-a80a892a3707f20407e6e8141f77b465 img.avia_image{\nbox-shadow:none;\n}\n.avia-image-container.av-6bk6c7x-a80a892a3707f20407e6e8141f77b465 .av-image-caption-overlay-center{\ncolor:#ffffff;\n}\n<\/style>\n<div  class='avia-image-container av-6bk6c7x-a80a892a3707f20407e6e8141f77b465 av-styling- avia-align-left  avia-builder-el-2  el_after_av_textblock  avia-builder-el-last '   itemprop=\"image\" itemscope=\"itemscope\" itemtype=\"https:\/\/schema.org\/ImageObject\" ><div class=\"avia-image-container-inner\"><div class=\"avia-image-overlay-wrap\"><img decoding=\"async\" fetchpriority=\"high\" class='wp-image-10925 avia-img-lazy-loading-not-10925 avia_image ' src=\"https:\/\/kapitel-zwei.de\/wp-content\/uploads\/2016\/03\/Kapitel-Zwei-Berlin-Jobs-in-der-Hauptstadt.jpg\" alt='Kapitel Zwei Berlin Jobs in der Hauptstadt' title='Kapitel Zwei Berlin Jobs in der Hauptstadt'  height=\"2133\" width=\"3200\"  itemprop=\"thumbnailUrl\" srcset=\"https:\/\/kapitel-zwei.de\/wp-content\/uploads\/2016\/03\/Kapitel-Zwei-Berlin-Jobs-in-der-Hauptstadt.jpg 3200w, https:\/\/kapitel-zwei.de\/wp-content\/uploads\/2016\/03\/Kapitel-Zwei-Berlin-Jobs-in-der-Hauptstadt-80x53.jpg 80w, https:\/\/kapitel-zwei.de\/wp-content\/uploads\/2016\/03\/Kapitel-Zwei-Berlin-Jobs-in-der-Hauptstadt-300x200.jpg 300w, https:\/\/kapitel-zwei.de\/wp-content\/uploads\/2016\/03\/Kapitel-Zwei-Berlin-Jobs-in-der-Hauptstadt-768x512.jpg 768w, https:\/\/kapitel-zwei.de\/wp-content\/uploads\/2016\/03\/Kapitel-Zwei-Berlin-Jobs-in-der-Hauptstadt-1030x687.jpg 1030w, https:\/\/kapitel-zwei.de\/wp-content\/uploads\/2016\/03\/Kapitel-Zwei-Berlin-Jobs-in-der-Hauptstadt-1500x1000.jpg 1500w, https:\/\/kapitel-zwei.de\/wp-content\/uploads\/2016\/03\/Kapitel-Zwei-Berlin-Jobs-in-der-Hauptstadt-705x470.jpg 705w, https:\/\/kapitel-zwei.de\/wp-content\/uploads\/2016\/03\/Kapitel-Zwei-Berlin-Jobs-in-der-Hauptstadt-450x300.jpg 450w\" sizes=\"(max-width: 3200px) 100vw, 3200px\" \/><\/div><\/div><\/div><\/p><\/div>\n\n<style type=\"text\/css\" data-created_by=\"avia_inline_auto\" id=\"style-css-av-5okltct-34d57e19fba0df6ef3fad8e8c2dd00f0\">\n.flex_column.av-5okltct-34d57e19fba0df6ef3fad8e8c2dd00f0{\nborder-radius:0px 0px 0px 0px;\npadding:0px 0px 0px 0px;\n}\n<\/style>\n<div  class='flex_column av-5okltct-34d57e19fba0df6ef3fad8e8c2dd00f0 av_two_third  avia-builder-el-3  el_after_av_one_third  el_before_av_one_third  flex_column_div av-zero-column-padding  '     ><section  class='av_textblock_section av-58cfal9-6c5a3b21b5bcd44c4f15dff07380491f '   itemscope=\"itemscope\" itemtype=\"https:\/\/schema.org\/CreativeWork\" ><div class='avia_textblock'  itemprop=\"text\" ><h1>Anuncios de empleos en Berl\u00edn<\/h1>\n<\/div><\/section><br \/>\n<section  class='av_textblock_section av-h6s0rh-27a270c49ba423b87d4293afbe12a1c1 '   itemscope=\"itemscope\" itemtype=\"https:\/\/schema.org\/CreativeWork\" ><div class='avia_textblock'  itemprop=\"text\" ><p>Quieres trabajar en el \u00e1rea de la hosteler\u00eda y de la restauraci\u00f3n, en un restaurante, en un caf\u00e9, en un hotel, de Berl\u00edn y mejorar tus posibilidades profesionales? Aqu\u00ed encontrar\u00e1s numerosos portales de empleo que anuncian puestos de trabajo en Berl\u00edn. \u00a1Cruzamos los dedos para que tengas suerte!<\/p>\n<\/div><\/section><\/p><\/div>\n\n<style type=\"text\/css\" data-created_by=\"avia_inline_auto\" id=\"style-css-av-4eltml9-192d8813817e62fe3dc4315203881a86\">\n.flex_column.av-4eltml9-192d8813817e62fe3dc4315203881a86{\nborder-radius:0px 0px 0px 0px;\npadding:0px 0px 0px 0px;\n}\n<\/style>\n<div  class='flex_column av-4eltml9-192d8813817e62fe3dc4315203881a86 av_one_third  avia-builder-el-6  el_after_av_two_third  el_before_av_one_third  first flex_column_div av-zero-column-padding  column-top-margin'     ><section  class='av_textblock_section av-lpgwar9s-467cf23ddeb0d88941b30ecaa76bfe83 '   itemscope=\"itemscope\" itemtype=\"https:\/\/schema.org\/CreativeWork\" ><div class='avia_textblock'  itemprop=\"text\" ><p><a href=\"https:\/\/www.jobb\u00f6rse-stellenangebote.de\/stellenangebote-berlin\/\" target=\"_blank\" rel=\"noopener noreferrer\">Jobb\u00f6rse.de<\/a><\/p>\n<p><a href=\"http:\/\/www.berliner-jobmarkt.de\/\" target=\"_blank\" rel=\"noopener noreferrer\">Berliner Jobmarkt.de<\/a><\/p>\n<p><a href=\"https:\/\/www.kleinanzeigen.de\/s-jobs\/c102\" target=\"_blank\" rel=\"noopener\">Kleinanzeigen.de<\/a><\/p>\n<p><a href=\"https:\/\/www.hotelcareer.de\/\" target=\"_blank\" rel=\"noopener noreferrer\">Hotel-career.de<\/a><\/p>\n<p><a href=\"https:\/\/de.indeed.com\/\" target=\"_blank\" rel=\"noopener noreferrer\">Indeed.de<\/a><\/p>\n<\/div><\/section><\/div>\n<style type=\"text\/css\" data-created_by=\"avia_inline_auto\" id=\"style-css-av-3yhif99-d6616e54d86d39d55877791594a6f31d\">\n.flex_column.av-3yhif99-d6616e54d86d39d55877791594a6f31d{\nborder-radius:0px 0px 0px 0px;\npadding:0px 0px 0px 0px;\n}\n<\/style>\n<div  class='flex_column av-3yhif99-d6616e54d86d39d55877791594a6f31d av_one_third  avia-builder-el-8  el_after_av_one_third  el_before_av_one_third  flex_column_div av-zero-column-padding  column-top-margin'     ><section  class='av_textblock_section av-188pzx-80ed462342e4c90d14552a33fbce7969 '   itemscope=\"itemscope\" itemtype=\"https:\/\/schema.org\/CreativeWork\" ><div class='avia_textblock'  itemprop=\"text\" ><p><a href=\"https:\/\/www.jobisjob.de\/\" target=\"_blank\" rel=\"noopener noreferrer\">Job is Job<\/a><\/p>\n<p><a href=\"http:\/\/de.jobrapido.com\/\" target=\"_blank\" rel=\"noopener noreferrer\">Jobrapido<\/a><\/p>\n<p><a href=\"http:\/\/www.jobsterne.de\/\" target=\"_blank\" rel=\"noopener noreferrer\">jobsterne.de<\/a><\/p>\n<p><a href=\"https:\/\/de.jobted.com\" target=\"_blank\" rel=\"noopener noreferrer\">JobTonic.de<\/a><\/p>\n<p><a href=\"https:\/\/de.jooble.org\/\" target=\"_blank\" rel=\"noopener noreferrer\">Jooble.de<\/a><\/p>\n<\/div><\/section><\/div>\n<style type=\"text\/css\" data-created_by=\"avia_inline_auto\" id=\"style-css-av-31a00jh-43d617cab4fc1c2df5dfe332f5e7ba40\">\n.flex_column.av-31a00jh-43d617cab4fc1c2df5dfe332f5e7ba40{\nborder-radius:0px 0px 0px 0px;\npadding:0px 0px 0px 0px;\n}\n<\/style>\n<div  class='flex_column av-31a00jh-43d617cab4fc1c2df5dfe332f5e7ba40 av_one_third  avia-builder-el-10  el_after_av_one_third  el_before_av_hr  flex_column_div av-zero-column-padding  column-top-margin'     ><section  class='av_textblock_section av-2j7jy59-1e900bc2e39dc2ecdf0670382986b0b9 '   itemscope=\"itemscope\" itemtype=\"https:\/\/schema.org\/CreativeWork\" ><div class='avia_textblock'  itemprop=\"text\" ><p><a href=\"https:\/\/www.njobs.de\/\" target=\"_blank\" rel=\"noopener noreferrer\">Njobs<\/a><\/p>\n<p><a href=\"https:\/\/www.stellenanzeigen.de\/\" target=\"_blank\" rel=\"noopener noreferrer\">Stellenanzeigen.de<\/a><\/p>\n<p><a href=\"https:\/\/www.sternundkreis.de\/de\/Unternehmen\/Stellenangebote\/E1077.htm\" target=\"_blank\" rel=\"noopener noreferrer\">Stern und Kreisschiffahrt Berlin<\/a><\/p>\n<p><a href=\"https:\/\/de.trovit.com\/\" target=\"_blank\" rel=\"noopener noreferrer\">Trovit<\/a><\/p>\n<p><a href=\"https:\/\/www.kimeta.de\/stellenangebote-berlin\" target=\"_blank\" rel=\"noopener noreferrer\">Kimeta<\/a><\/p>\n<p><a href=\"http:\/\/jobs.meinestadt.de\/\" target=\"_blank\" rel=\"noopener noreferrer\">Meine Stadt.de<\/a><\/p>\n<\/div><\/section><\/div>\n<style type=\"text\/css\" data-created_by=\"avia_inline_auto\" id=\"style-css-av-2474scd-256be9abfa36edbbb2acae1e414fba06\">\n#top .hr.hr-invisible.av-2474scd-256be9abfa36edbbb2acae1e414fba06{\nheight:20px;\n}\n<\/style>\n<div  class='hr av-2474scd-256be9abfa36edbbb2acae1e414fba06 hr-invisible  avia-builder-el-12  el_after_av_one_third  el_before_av_one_full '><span class='hr-inner '><span class=\"hr-inner-style\"><\/span><\/span><\/div><\/p>\n\n<style type=\"text\/css\" data-created_by=\"avia_inline_auto\" id=\"style-css-av-1nl50cd-7859bb54ef27e88c7f8dd354501944dd\">\n.flex_column.av-1nl50cd-7859bb54ef27e88c7f8dd354501944dd{\nborder-radius:0px 0px 0px 0px;\npadding:0px 0px 0px 0px;\n}\n<\/style>\n<div  class='flex_column av-1nl50cd-7859bb54ef27e88c7f8dd354501944dd av_one_full  avia-builder-el-13  el_after_av_hr  avia-builder-el-last  cta-section first flex_column_div av-zero-column-padding  '     ><p><section  class='av_textblock_section av-182sp8d-7ce7ebaaf67b806d22ead6f4b04e75a5 '   itemscope=\"itemscope\" itemtype=\"https:\/\/schema.org\/CreativeWork\" ><div class='avia_textblock cta-slogan'  itemprop=\"text\" ><p><strong>\u00bfQuieres aprender alem\u00e1n con \u00e9xito?<\/strong><\/p>\n<\/div><\/section><br \/>\n<div  class='avia-button-wrap av-vs0mn1-c66bd1e868f268340eff31835321b2be-wrap avia-button-left  avia-builder-el-15  el_after_av_textblock  avia-builder-el-last  cta-button'><a href='https:\/\/kapitel-zwei.de\/es\/inscripcion\/'  class='avia-button av-vs0mn1-c66bd1e868f268340eff31835321b2be av-link-btn avia-icon_select-no avia-size-medium avia-position-left avia-color-theme-color'   aria-label=\"Inscripci\u00f3n\"><span class='avia_iconbox_title' >Inscripci\u00f3n<\/span><\/a><\/div><\/p><\/div>\n","protected":false},"excerpt":{"rendered":"","protected":false},"author":16,"featured_media":0,"parent":3506,"menu_order":0,"comment_status":"closed","ping_status":"closed","template":"","meta":{"footnotes":""},"class_list":["post-10045","page","type-page","status-publish","hentry"],"yoast_head":"<!-- This site is optimized with the Yoast SEO Premium plugin v24.4 (Yoast SEO v24.4) - https:\/\/yoast.com\/wordpress\/plugins\/seo\/ -->\n<title>Trabajar en Berl\u00edn-Trabajos en Berl\u00edn-Alem\u00e1n para tu profesi\u00f3n<\/title>\n<meta name=\"description\" content=\"Portales de empleo para puestos de trabajo en Berl\u00edn. Encontrar trabajo en Berl\u00edn con tu escuela de alem\u00e1n. Vacantes en puestos de trabajo en Berl\u00edn. Posibilidad de encontrar trabajo en Berl\u00edn\" \/>\n<meta name=\"robots\" content=\"index, follow, max-snippet:-1, max-image-preview:large, max-video-preview:-1\" \/>\n<link rel=\"canonical\" href=\"https:\/\/kapitel-zwei.de\/es\/vivir-en-berlin\/anuncios-de-empleos\/\" \/>\n<meta property=\"og:locale\" content=\"es_ES\" \/>\n<meta property=\"og:type\" content=\"article\" \/>\n<meta property=\"og:title\" content=\"Anuncios de empleos\" \/>\n<meta property=\"og:description\" content=\"Portales de empleo para puestos de trabajo en Berl\u00edn. Encontrar trabajo en Berl\u00edn con tu escuela de alem\u00e1n. Vacantes en puestos de trabajo en Berl\u00edn. Posibilidad de encontrar trabajo en Berl\u00edn\" \/>\n<meta property=\"og:url\" content=\"https:\/\/kapitel-zwei.de\/es\/vivir-en-berlin\/anuncios-de-empleos\/\" \/>\n<meta property=\"og:site_name\" content=\"Kapitel Zwei Berlin\" \/>\n<meta property=\"article:publisher\" content=\"https:\/\/www.facebook.com\/kapitelzwei\/\" \/>\n<meta property=\"article:modified_time\" content=\"2023-11-27T12:50:08+00:00\" \/>\n<meta name=\"twitter:card\" content=\"summary_large_image\" \/>\n<meta name=\"twitter:site\" content=\"@kapitelzwei\" \/>\n<meta name=\"twitter:label1\" content=\"Tiempo de lectura\" \/>\n\t<meta name=\"twitter:data1\" content=\"2 minutos\" \/>\n<script type=\"application\/ld+json\" class=\"yoast-schema-graph\">{\"@context\":\"https:\/\/schema.org\",\"@graph\":[{\"@type\":\"WebPage\",\"@id\":\"https:\/\/kapitel-zwei.de\/es\/vivir-en-berlin\/anuncios-de-empleos\/\",\"url\":\"https:\/\/kapitel-zwei.de\/es\/vivir-en-berlin\/anuncios-de-empleos\/\",\"name\":\"Trabajar en Berl\u00edn-Trabajos en Berl\u00edn-Alem\u00e1n para tu profesi\u00f3n\",\"isPartOf\":{\"@id\":\"https:\/\/kapitel-zwei.de\/es\/#website\"},\"datePublished\":\"2016-03-23T16:29:24+00:00\",\"dateModified\":\"2023-11-27T12:50:08+00:00\",\"description\":\"Portales de empleo para puestos de trabajo en Berl\u00edn. Encontrar trabajo en Berl\u00edn con tu escuela de alem\u00e1n. Vacantes en puestos de trabajo en Berl\u00edn. Posibilidad de encontrar trabajo en Berl\u00edn\",\"breadcrumb\":{\"@id\":\"https:\/\/kapitel-zwei.de\/es\/vivir-en-berlin\/anuncios-de-empleos\/#breadcrumb\"},\"inLanguage\":\"es\",\"potentialAction\":[{\"@type\":\"ReadAction\",\"target\":[\"https:\/\/kapitel-zwei.de\/es\/vivir-en-berlin\/anuncios-de-empleos\/\"]}]},{\"@type\":\"BreadcrumbList\",\"@id\":\"https:\/\/kapitel-zwei.de\/es\/vivir-en-berlin\/anuncios-de-empleos\/#breadcrumb\",\"itemListElement\":[{\"@type\":\"ListItem\",\"position\":1,\"name\":\"Startseite\",\"item\":\"https:\/\/kapitel-zwei.de\/es\/\"},{\"@type\":\"ListItem\",\"position\":2,\"name\":\"Vivir en Berl\u00edn\",\"item\":\"https:\/\/kapitel-zwei.de\/es\/vivir-en-berlin\/\"},{\"@type\":\"ListItem\",\"position\":3,\"name\":\"Anuncios de empleos\"}]},{\"@type\":\"WebSite\",\"@id\":\"https:\/\/kapitel-zwei.de\/es\/#website\",\"url\":\"https:\/\/kapitel-zwei.de\/es\/\",\"name\":\"Kapitel Zwei Berlin\",\"description\":\"Deutschkurs Berlin | Sprachschule Berlin | German language school Berlin | telc Berlin | Deutsch Pr\u00fcfung Berlin | Intensive German courses Berlin | TestDaF Pr\u00fcfung | Online Kurse\",\"publisher\":{\"@id\":\"https:\/\/kapitel-zwei.de\/es\/#organization\"},\"potentialAction\":[{\"@type\":\"SearchAction\",\"target\":{\"@type\":\"EntryPoint\",\"urlTemplate\":\"https:\/\/kapitel-zwei.de\/es\/?s={search_term_string}\"},\"query-input\":{\"@type\":\"PropertyValueSpecification\",\"valueRequired\":true,\"valueName\":\"search_term_string\"}}],\"inLanguage\":\"es\"},{\"@type\":\"Organization\",\"@id\":\"https:\/\/kapitel-zwei.de\/es\/#organization\",\"name\":\"Kapitel Zwei. Deutsch-Sprachschule Berlin GmbH\",\"url\":\"https:\/\/kapitel-zwei.de\/es\/\",\"logo\":{\"@type\":\"ImageObject\",\"inLanguage\":\"es\",\"@id\":\"https:\/\/kapitel-zwei.de\/es\/#\/schema\/logo\/image\/\",\"url\":\"https:\/\/kapitel-zwei.de\/wp-content\/uploads\/2018\/08\/Kapitel-Zwei-Berlin-Sprachschule-Deutsch-Deutschkurse-Berlin.jpg\",\"contentUrl\":\"https:\/\/kapitel-zwei.de\/wp-content\/uploads\/2018\/08\/Kapitel-Zwei-Berlin-Sprachschule-Deutsch-Deutschkurse-Berlin.jpg\",\"width\":350,\"height\":101,\"caption\":\"Kapitel Zwei. Deutsch-Sprachschule Berlin GmbH\"},\"image\":{\"@id\":\"https:\/\/kapitel-zwei.de\/es\/#\/schema\/logo\/image\/\"},\"sameAs\":[\"https:\/\/www.facebook.com\/kapitelzwei\/\",\"https:\/\/x.com\/kapitelzwei\"]}]}<\/script>\n<!-- \/ Yoast SEO Premium plugin. -->","yoast_head_json":{"title":"Trabajar en Berl\u00edn-Trabajos en Berl\u00edn-Alem\u00e1n para tu profesi\u00f3n","description":"Portales de empleo para puestos de trabajo en Berl\u00edn. Encontrar trabajo en Berl\u00edn con tu escuela de alem\u00e1n. Vacantes en puestos de trabajo en Berl\u00edn. Posibilidad de encontrar trabajo en Berl\u00edn","robots":{"index":"index","follow":"follow","max-snippet":"max-snippet:-1","max-image-preview":"max-image-preview:large","max-video-preview":"max-video-preview:-1"},"canonical":"https:\/\/kapitel-zwei.de\/es\/vivir-en-berlin\/anuncios-de-empleos\/","og_locale":"es_ES","og_type":"article","og_title":"Anuncios de empleos","og_description":"Portales de empleo para puestos de trabajo en Berl\u00edn. Encontrar trabajo en Berl\u00edn con tu escuela de alem\u00e1n. Vacantes en puestos de trabajo en Berl\u00edn. Posibilidad de encontrar trabajo en Berl\u00edn","og_url":"https:\/\/kapitel-zwei.de\/es\/vivir-en-berlin\/anuncios-de-empleos\/","og_site_name":"Kapitel Zwei Berlin","article_publisher":"https:\/\/www.facebook.com\/kapitelzwei\/","article_modified_time":"2023-11-27T12:50:08+00:00","twitter_card":"summary_large_image","twitter_site":"@kapitelzwei","twitter_misc":{"Tiempo de lectura":"2 minutos"},"schema":{"@context":"https:\/\/schema.org","@graph":[{"@type":"WebPage","@id":"https:\/\/kapitel-zwei.de\/es\/vivir-en-berlin\/anuncios-de-empleos\/","url":"https:\/\/kapitel-zwei.de\/es\/vivir-en-berlin\/anuncios-de-empleos\/","name":"Trabajar en Berl\u00edn-Trabajos en Berl\u00edn-Alem\u00e1n para tu profesi\u00f3n","isPartOf":{"@id":"https:\/\/kapitel-zwei.de\/es\/#website"},"datePublished":"2016-03-23T16:29:24+00:00","dateModified":"2023-11-27T12:50:08+00:00","description":"Portales de empleo para puestos de trabajo en Berl\u00edn. Encontrar trabajo en Berl\u00edn con tu escuela de alem\u00e1n. Vacantes en puestos de trabajo en Berl\u00edn. Posibilidad de encontrar trabajo en Berl\u00edn","breadcrumb":{"@id":"https:\/\/kapitel-zwei.de\/es\/vivir-en-berlin\/anuncios-de-empleos\/#breadcrumb"},"inLanguage":"es","potentialAction":[{"@type":"ReadAction","target":["https:\/\/kapitel-zwei.de\/es\/vivir-en-berlin\/anuncios-de-empleos\/"]}]},{"@type":"BreadcrumbList","@id":"https:\/\/kapitel-zwei.de\/es\/vivir-en-berlin\/anuncios-de-empleos\/#breadcrumb","itemListElement":[{"@type":"ListItem","position":1,"name":"Startseite","item":"https:\/\/kapitel-zwei.de\/es\/"},{"@type":"ListItem","position":2,"name":"Vivir en Berl\u00edn","item":"https:\/\/kapitel-zwei.de\/es\/vivir-en-berlin\/"},{"@type":"ListItem","position":3,"name":"Anuncios de empleos"}]},{"@type":"WebSite","@id":"https:\/\/kapitel-zwei.de\/es\/#website","url":"https:\/\/kapitel-zwei.de\/es\/","name":"Kapitel Zwei Berlin","description":"Deutschkurs Berlin | Sprachschule Berlin | German language school Berlin | telc Berlin | Deutsch Pr\u00fcfung Berlin | Intensive German courses Berlin | TestDaF Pr\u00fcfung | Online Kurse","publisher":{"@id":"https:\/\/kapitel-zwei.de\/es\/#organization"},"potentialAction":[{"@type":"SearchAction","target":{"@type":"EntryPoint","urlTemplate":"https:\/\/kapitel-zwei.de\/es\/?s={search_term_string}"},"query-input":{"@type":"PropertyValueSpecification","valueRequired":true,"valueName":"search_term_string"}}],"inLanguage":"es"},{"@type":"Organization","@id":"https:\/\/kapitel-zwei.de\/es\/#organization","name":"Kapitel Zwei. Deutsch-Sprachschule Berlin GmbH","url":"https:\/\/kapitel-zwei.de\/es\/","logo":{"@type":"ImageObject","inLanguage":"es","@id":"https:\/\/kapitel-zwei.de\/es\/#\/schema\/logo\/image\/","url":"https:\/\/kapitel-zwei.de\/wp-content\/uploads\/2018\/08\/Kapitel-Zwei-Berlin-Sprachschule-Deutsch-Deutschkurse-Berlin.jpg","contentUrl":"https:\/\/kapitel-zwei.de\/wp-content\/uploads\/2018\/08\/Kapitel-Zwei-Berlin-Sprachschule-Deutsch-Deutschkurse-Berlin.jpg","width":350,"height":101,"caption":"Kapitel Zwei. Deutsch-Sprachschule Berlin GmbH"},"image":{"@id":"https:\/\/kapitel-zwei.de\/es\/#\/schema\/logo\/image\/"},"sameAs":["https:\/\/www.facebook.com\/kapitelzwei\/","https:\/\/x.com\/kapitelzwei"]}]}},"_links":{"self":[{"href":"https:\/\/kapitel-zwei.de\/es\/wp-json\/wp\/v2\/pages\/10045","targetHints":{"allow":["GET"]}}],"collection":[{"href":"https:\/\/kapitel-zwei.de\/es\/wp-json\/wp\/v2\/pages"}],"about":[{"href":"https:\/\/kapitel-zwei.de\/es\/wp-json\/wp\/v2\/types\/page"}],"author":[{"embeddable":true,"href":"https:\/\/kapitel-zwei.de\/es\/wp-json\/wp\/v2\/users\/16"}],"replies":[{"embeddable":true,"href":"https:\/\/kapitel-zwei.de\/es\/wp-json\/wp\/v2\/comments?post=10045"}],"version-history":[{"count":10,"href":"https:\/\/kapitel-zwei.de\/es\/wp-json\/wp\/v2\/pages\/10045\/revisions"}],"predecessor-version":[{"id":115532,"href":"https:\/\/kapitel-zwei.de\/es\/wp-json\/wp\/v2\/pages\/10045\/revisions\/115532"}],"up":[{"embeddable":true,"href":"https:\/\/kapitel-zwei.de\/es\/wp-json\/wp\/v2\/pages\/3506"}],"wp:attachment":[{"href":"https:\/\/kapitel-zwei.de\/es\/wp-json\/wp\/v2\/media?parent=10045"}],"curies":[{"name":"wp","href":"https:\/\/api.w.org\/{rel}","templated":true}]}}