{"id":10057,"date":"2016-03-23T17:35:11","date_gmt":"2016-03-23T16:35:11","guid":{"rendered":"http:\/\/relaunch.kapitel-zwei.de\/es\/vivir-en-berlin\/krankenversicherung\/"},"modified":"2016-09-21T20:59:49","modified_gmt":"2016-09-21T18:59:49","slug":"seguros-medicos","status":"publish","type":"page","link":"https:\/\/kapitel-zwei.de\/es\/vivir-en-berlin\/seguros-medicos\/","title":{"rendered":"Seguro de enfermedad"},"content":{"rendered":"\n<style type=\"text\/css\" data-created_by=\"avia_inline_auto\" id=\"style-css-av-av_one_third-352b07ef7d3bc99b2e9f92e7a9e06bdb\">\n.flex_column.av-av_one_third-352b07ef7d3bc99b2e9f92e7a9e06bdb{\nborder-radius:0px 0px 0px 0px;\npadding:0px 0px 0px 0px;\n}\n<\/style>\n<div  class='flex_column av-av_one_third-352b07ef7d3bc99b2e9f92e7a9e06bdb av_one_third  avia-builder-el-0  el_before_av_two_third  avia-builder-el-first  first flex_column_div av-zero-column-padding  '     ><section  class='av_textblock_section av-av_textblock-35972167d9f102c5ddaec0c531c98b9e '   itemscope=\"itemscope\" itemtype=\"https:\/\/schema.org\/CreativeWork\" ><div class='avia_textblock'  itemprop=\"text\" ><p class=\"intro\">Vivir en Berl\u00edn a trav\u00e9s de \u00abKapitel Zwei, escuela de lengua alemana Berl\u00edn\u00bb en la Alexanderplatz<\/p>\n<\/div><\/section><br \/>\n\n<style type=\"text\/css\" data-created_by=\"avia_inline_auto\" id=\"style-css-av-av_image-833fcc9ddb88e2a69545769f14573128\">\n.avia-image-container.av-av_image-833fcc9ddb88e2a69545769f14573128 img.avia_image{\nbox-shadow:none;\n}\n.avia-image-container.av-av_image-833fcc9ddb88e2a69545769f14573128 .av-image-caption-overlay-center{\ncolor:#ffffff;\n}\n<\/style>\n<div  class='avia-image-container av-av_image-833fcc9ddb88e2a69545769f14573128 av-styling- avia-align-left  avia-builder-el-2  el_after_av_textblock  avia-builder-el-last '   itemprop=\"image\" itemscope=\"itemscope\" itemtype=\"https:\/\/schema.org\/ImageObject\" ><div class=\"avia-image-container-inner\"><div class=\"avia-image-overlay-wrap\"><img decoding=\"async\" fetchpriority=\"high\" class='wp-image-10930 avia-img-lazy-loading-not-10930 avia_image ' src=\"https:\/\/kapitel-zwei.de\/wp-content\/uploads\/2016\/03\/Kapitel-Zwei-Berlin-Krankenversicherung.jpg\" alt='Kapitel Zwei Berlin Krankenversicherung' title='Kapitel Zwei Berlin Krankenversicherung'  height=\"2133\" width=\"3200\"  itemprop=\"thumbnailUrl\" srcset=\"https:\/\/kapitel-zwei.de\/wp-content\/uploads\/2016\/03\/Kapitel-Zwei-Berlin-Krankenversicherung.jpg 3200w, https:\/\/kapitel-zwei.de\/wp-content\/uploads\/2016\/03\/Kapitel-Zwei-Berlin-Krankenversicherung-80x53.jpg 80w, https:\/\/kapitel-zwei.de\/wp-content\/uploads\/2016\/03\/Kapitel-Zwei-Berlin-Krankenversicherung-300x200.jpg 300w, https:\/\/kapitel-zwei.de\/wp-content\/uploads\/2016\/03\/Kapitel-Zwei-Berlin-Krankenversicherung-768x512.jpg 768w, https:\/\/kapitel-zwei.de\/wp-content\/uploads\/2016\/03\/Kapitel-Zwei-Berlin-Krankenversicherung-1030x687.jpg 1030w, https:\/\/kapitel-zwei.de\/wp-content\/uploads\/2016\/03\/Kapitel-Zwei-Berlin-Krankenversicherung-1500x1000.jpg 1500w, https:\/\/kapitel-zwei.de\/wp-content\/uploads\/2016\/03\/Kapitel-Zwei-Berlin-Krankenversicherung-705x470.jpg 705w, https:\/\/kapitel-zwei.de\/wp-content\/uploads\/2016\/03\/Kapitel-Zwei-Berlin-Krankenversicherung-450x300.jpg 450w\" sizes=\"(max-width: 3200px) 100vw, 3200px\" \/><\/div><\/div><\/div><\/p><\/div>\n<style type=\"text\/css\" data-created_by=\"avia_inline_auto\" id=\"style-css-av-av_two_third-2a64de42b738552fe666ca889af77e28\">\n.flex_column.av-av_two_third-2a64de42b738552fe666ca889af77e28{\nborder-radius:0px 0px 0px 0px;\npadding:0px 0px 0px 0px;\n}\n<\/style>\n<div  class='flex_column av-av_two_third-2a64de42b738552fe666ca889af77e28 av_two_third  avia-builder-el-3  el_after_av_one_third  el_before_av_hr  flex_column_div av-zero-column-padding  '     ><section  class='av_textblock_section av-av_textblock-35972167d9f102c5ddaec0c531c98b9e '   itemscope=\"itemscope\" itemtype=\"https:\/\/schema.org\/CreativeWork\" ><div class='avia_textblock'  itemprop=\"text\" ><h1>Tu seguro de enfermedad en Alemania<\/h1>\n<\/div><\/section><br \/>\n<section  class='av_textblock_section av-av_textblock-35972167d9f102c5ddaec0c531c98b9e '   itemscope=\"itemscope\" itemtype=\"https:\/\/schema.org\/CreativeWork\" ><div class='avia_textblock'  itemprop=\"text\" ><p>\u00bfYa has podido contratar un seguro de accidentes y enfermedades para tu estancia en Berl\u00edn?<\/p>\n<p>Como seguridad suplementaria junta a tu curso de alem\u00e1n en Berl\u00edn te recomendamos contratar un <a title=\"seguro de enfermendad Care Concept\" href=\"https:\/\/care-concept.de\/krankenversicherung\/gesetzliche-studentenversicherung\/gesetzliche-studentenversicherung-antrag_esp.php?vmnr=002898000S&amp;navilang=esp&amp;PHPSESSID=b6270c9fa562d55a33d748584e64a2ab\" target=\"_blank\" rel=\"noopener\">seguro de enfermedad<\/a> independientemente del tiempo que quieras quedarte en Alemania (d\u00edas, meses, a\u00f1os).<\/p>\n<\/div><\/section><\/p><\/div><\/p>\n\n<style type=\"text\/css\" data-created_by=\"avia_inline_auto\" id=\"style-css-av-av_hr-b30e41aaa4ee0c8f0a9002998d6d6e97\">\n#top .hr.hr-invisible.av-av_hr-b30e41aaa4ee0c8f0a9002998d6d6e97{\nheight:20px;\n}\n<\/style>\n<div  class='hr av-av_hr-b30e41aaa4ee0c8f0a9002998d6d6e97 hr-invisible  avia-builder-el-6  el_after_av_two_third  el_before_av_textblock '><span class='hr-inner '><span class=\"hr-inner-style\"><\/span><\/span><\/div>\n<section  class='av_textblock_section av-av_textblock-35972167d9f102c5ddaec0c531c98b9e '   itemscope=\"itemscope\" itemtype=\"https:\/\/schema.org\/CreativeWork\" ><div class='avia_textblock'  itemprop=\"text\" ><p>Si eres un alumno de escuela de idiomas o un estudiante extranjero la \u00ab<a title=\"Seguro de enfermedad Curso de alem\u00e1n Berlin Alexanderplatz Escuela de lengua alemana Berlin \" href=\"http:\/\/www.care-concept.de\/sprachschueler_esp.php?navilang=esp&amp;vmnr=002898000S&amp;mail=berlin@kapitel-zwei.de\" target=\"_blank\" rel=\"noopener\">Care Concept S.A<\/a>\u00bb te ofrece el seguro de enfermedad especial \u201eCare College\u201c. Otras ofertas existen para ni\u00f1eras, viajeros privados, turistas, emigrantes o residentes.<\/p>\n<h2>\u00bfEst\u00e1s buscando a un\/a m\u00e9dico\/a cerca de tu casa?<\/h2>\n<p>Te recomendamos la <a title=\"Banco de datos de los m\u00e9dicos de Berl\u00edn, recomendaci\u00f3n de Kapitel Zwei, escuela de idioma alem\u00e1n Berl\u00edn Alexanderplatz\" href=\"http:\/\/www.aerzte-berlin.de\/\" target=\"_blank\" rel=\"noopener\">base de datos de los m\u00e9dicos de Berl\u00edn<\/a>. Una gran ayuda ya es el \u00abAllgemeinmediziner\/ Praktischer Arzt\u00bb.<\/p>\n<h2>Llamada de Emergencia<\/h2>\n<p>Los n\u00fameros de emergencia en Alemania son el 110 (Polic\u00eda) y el 112 (bomberos y ambulancias). Puedes llamar gratis desde cualquier cabina telef\u00f3nica.<\/p>\n<\/div><\/section>\n","protected":false},"excerpt":{"rendered":"","protected":false},"author":16,"featured_media":0,"parent":3506,"menu_order":0,"comment_status":"closed","ping_status":"closed","template":"","meta":{"footnotes":""},"class_list":["post-10057","page","type-page","status-publish","hentry"],"yoast_head":"<!-- This site is optimized with the Yoast SEO Premium plugin v24.4 (Yoast SEO v24.4) - https:\/\/yoast.com\/wordpress\/plugins\/seo\/ -->\n<title>Seguro de enfermedad adecuado para tu estancia en Berl\u00edn - Kapitel Zwei<\/title>\n<meta name=\"description\" content=\"Es importante tener un seguro de enfermedad para tu estancia en Alemania. Con mucho gusto, Kapitel Zwei te ayuda con la elecci\u00f3n del seguro adecuado.\" \/>\n<meta name=\"robots\" content=\"index, follow, max-snippet:-1, max-image-preview:large, max-video-preview:-1\" \/>\n<link rel=\"canonical\" href=\"https:\/\/kapitel-zwei.de\/es\/vivir-en-berlin\/seguros-medicos\/\" \/>\n<meta property=\"og:locale\" content=\"es_ES\" \/>\n<meta property=\"og:type\" content=\"article\" \/>\n<meta property=\"og:title\" content=\"Seguro de enfermedad\" \/>\n<meta property=\"og:description\" content=\"Es importante tener un seguro de enfermedad para tu estancia en Alemania. Con mucho gusto, Kapitel Zwei te ayuda con la elecci\u00f3n del seguro adecuado.\" \/>\n<meta property=\"og:url\" content=\"https:\/\/kapitel-zwei.de\/es\/vivir-en-berlin\/seguros-medicos\/\" \/>\n<meta property=\"og:site_name\" content=\"Kapitel Zwei Berlin\" \/>\n<meta property=\"article:publisher\" content=\"https:\/\/www.facebook.com\/kapitelzwei\/\" \/>\n<meta property=\"article:modified_time\" content=\"2016-09-21T18:59:49+00:00\" \/>\n<meta name=\"twitter:card\" content=\"summary_large_image\" \/>\n<meta name=\"twitter:site\" content=\"@kapitelzwei\" \/>\n<meta name=\"twitter:label1\" content=\"Tiempo de lectura\" \/>\n\t<meta name=\"twitter:data1\" content=\"2 minutos\" \/>\n<script type=\"application\/ld+json\" class=\"yoast-schema-graph\">{\"@context\":\"https:\/\/schema.org\",\"@graph\":[{\"@type\":\"WebPage\",\"@id\":\"https:\/\/kapitel-zwei.de\/es\/vivir-en-berlin\/seguros-medicos\/\",\"url\":\"https:\/\/kapitel-zwei.de\/es\/vivir-en-berlin\/seguros-medicos\/\",\"name\":\"Seguro de enfermedad adecuado para tu estancia en Berl\u00edn - Kapitel Zwei\",\"isPartOf\":{\"@id\":\"https:\/\/kapitel-zwei.de\/es\/#website\"},\"datePublished\":\"2016-03-23T16:35:11+00:00\",\"dateModified\":\"2016-09-21T18:59:49+00:00\",\"description\":\"Es importante tener un seguro de enfermedad para tu estancia en Alemania. Con mucho gusto, Kapitel Zwei te ayuda con la elecci\u00f3n del seguro adecuado.\",\"breadcrumb\":{\"@id\":\"https:\/\/kapitel-zwei.de\/es\/vivir-en-berlin\/seguros-medicos\/#breadcrumb\"},\"inLanguage\":\"es\",\"potentialAction\":[{\"@type\":\"ReadAction\",\"target\":[\"https:\/\/kapitel-zwei.de\/es\/vivir-en-berlin\/seguros-medicos\/\"]}]},{\"@type\":\"BreadcrumbList\",\"@id\":\"https:\/\/kapitel-zwei.de\/es\/vivir-en-berlin\/seguros-medicos\/#breadcrumb\",\"itemListElement\":[{\"@type\":\"ListItem\",\"position\":1,\"name\":\"Startseite\",\"item\":\"https:\/\/kapitel-zwei.de\/es\/\"},{\"@type\":\"ListItem\",\"position\":2,\"name\":\"Vivir en Berl\u00edn\",\"item\":\"https:\/\/kapitel-zwei.de\/es\/vivir-en-berlin\/\"},{\"@type\":\"ListItem\",\"position\":3,\"name\":\"Seguro de enfermedad\"}]},{\"@type\":\"WebSite\",\"@id\":\"https:\/\/kapitel-zwei.de\/es\/#website\",\"url\":\"https:\/\/kapitel-zwei.de\/es\/\",\"name\":\"Kapitel Zwei Berlin\",\"description\":\"Deutschkurs Berlin | Sprachschule Berlin | German language school Berlin | telc Berlin | Deutsch Pr\u00fcfung Berlin | Intensive German courses Berlin | TestDaF Pr\u00fcfung | Online Kurse\",\"publisher\":{\"@id\":\"https:\/\/kapitel-zwei.de\/es\/#organization\"},\"potentialAction\":[{\"@type\":\"SearchAction\",\"target\":{\"@type\":\"EntryPoint\",\"urlTemplate\":\"https:\/\/kapitel-zwei.de\/es\/?s={search_term_string}\"},\"query-input\":{\"@type\":\"PropertyValueSpecification\",\"valueRequired\":true,\"valueName\":\"search_term_string\"}}],\"inLanguage\":\"es\"},{\"@type\":\"Organization\",\"@id\":\"https:\/\/kapitel-zwei.de\/es\/#organization\",\"name\":\"Kapitel Zwei. Deutsch-Sprachschule Berlin GmbH\",\"url\":\"https:\/\/kapitel-zwei.de\/es\/\",\"logo\":{\"@type\":\"ImageObject\",\"inLanguage\":\"es\",\"@id\":\"https:\/\/kapitel-zwei.de\/es\/#\/schema\/logo\/image\/\",\"url\":\"https:\/\/kapitel-zwei.de\/wp-content\/uploads\/2018\/08\/Kapitel-Zwei-Berlin-Sprachschule-Deutsch-Deutschkurse-Berlin.jpg\",\"contentUrl\":\"https:\/\/kapitel-zwei.de\/wp-content\/uploads\/2018\/08\/Kapitel-Zwei-Berlin-Sprachschule-Deutsch-Deutschkurse-Berlin.jpg\",\"width\":350,\"height\":101,\"caption\":\"Kapitel Zwei. Deutsch-Sprachschule Berlin GmbH\"},\"image\":{\"@id\":\"https:\/\/kapitel-zwei.de\/es\/#\/schema\/logo\/image\/\"},\"sameAs\":[\"https:\/\/www.facebook.com\/kapitelzwei\/\",\"https:\/\/x.com\/kapitelzwei\"]}]}<\/script>\n<!-- \/ Yoast SEO Premium plugin. -->","yoast_head_json":{"title":"Seguro de enfermedad adecuado para tu estancia en Berl\u00edn - Kapitel Zwei","description":"Es importante tener un seguro de enfermedad para tu estancia en Alemania. Con mucho gusto, Kapitel Zwei te ayuda con la elecci\u00f3n del seguro adecuado.","robots":{"index":"index","follow":"follow","max-snippet":"max-snippet:-1","max-image-preview":"max-image-preview:large","max-video-preview":"max-video-preview:-1"},"canonical":"https:\/\/kapitel-zwei.de\/es\/vivir-en-berlin\/seguros-medicos\/","og_locale":"es_ES","og_type":"article","og_title":"Seguro de enfermedad","og_description":"Es importante tener un seguro de enfermedad para tu estancia en Alemania. Con mucho gusto, Kapitel Zwei te ayuda con la elecci\u00f3n del seguro adecuado.","og_url":"https:\/\/kapitel-zwei.de\/es\/vivir-en-berlin\/seguros-medicos\/","og_site_name":"Kapitel Zwei Berlin","article_publisher":"https:\/\/www.facebook.com\/kapitelzwei\/","article_modified_time":"2016-09-21T18:59:49+00:00","twitter_card":"summary_large_image","twitter_site":"@kapitelzwei","twitter_misc":{"Tiempo de lectura":"2 minutos"},"schema":{"@context":"https:\/\/schema.org","@graph":[{"@type":"WebPage","@id":"https:\/\/kapitel-zwei.de\/es\/vivir-en-berlin\/seguros-medicos\/","url":"https:\/\/kapitel-zwei.de\/es\/vivir-en-berlin\/seguros-medicos\/","name":"Seguro de enfermedad adecuado para tu estancia en Berl\u00edn - Kapitel Zwei","isPartOf":{"@id":"https:\/\/kapitel-zwei.de\/es\/#website"},"datePublished":"2016-03-23T16:35:11+00:00","dateModified":"2016-09-21T18:59:49+00:00","description":"Es importante tener un seguro de enfermedad para tu estancia en Alemania. Con mucho gusto, Kapitel Zwei te ayuda con la elecci\u00f3n del seguro adecuado.","breadcrumb":{"@id":"https:\/\/kapitel-zwei.de\/es\/vivir-en-berlin\/seguros-medicos\/#breadcrumb"},"inLanguage":"es","potentialAction":[{"@type":"ReadAction","target":["https:\/\/kapitel-zwei.de\/es\/vivir-en-berlin\/seguros-medicos\/"]}]},{"@type":"BreadcrumbList","@id":"https:\/\/kapitel-zwei.de\/es\/vivir-en-berlin\/seguros-medicos\/#breadcrumb","itemListElement":[{"@type":"ListItem","position":1,"name":"Startseite","item":"https:\/\/kapitel-zwei.de\/es\/"},{"@type":"ListItem","position":2,"name":"Vivir en Berl\u00edn","item":"https:\/\/kapitel-zwei.de\/es\/vivir-en-berlin\/"},{"@type":"ListItem","position":3,"name":"Seguro de enfermedad"}]},{"@type":"WebSite","@id":"https:\/\/kapitel-zwei.de\/es\/#website","url":"https:\/\/kapitel-zwei.de\/es\/","name":"Kapitel Zwei Berlin","description":"Deutschkurs Berlin | Sprachschule Berlin | German language school Berlin | telc Berlin | Deutsch Pr\u00fcfung Berlin | Intensive German courses Berlin | TestDaF Pr\u00fcfung | Online Kurse","publisher":{"@id":"https:\/\/kapitel-zwei.de\/es\/#organization"},"potentialAction":[{"@type":"SearchAction","target":{"@type":"EntryPoint","urlTemplate":"https:\/\/kapitel-zwei.de\/es\/?s={search_term_string}"},"query-input":{"@type":"PropertyValueSpecification","valueRequired":true,"valueName":"search_term_string"}}],"inLanguage":"es"},{"@type":"Organization","@id":"https:\/\/kapitel-zwei.de\/es\/#organization","name":"Kapitel Zwei. Deutsch-Sprachschule Berlin GmbH","url":"https:\/\/kapitel-zwei.de\/es\/","logo":{"@type":"ImageObject","inLanguage":"es","@id":"https:\/\/kapitel-zwei.de\/es\/#\/schema\/logo\/image\/","url":"https:\/\/kapitel-zwei.de\/wp-content\/uploads\/2018\/08\/Kapitel-Zwei-Berlin-Sprachschule-Deutsch-Deutschkurse-Berlin.jpg","contentUrl":"https:\/\/kapitel-zwei.de\/wp-content\/uploads\/2018\/08\/Kapitel-Zwei-Berlin-Sprachschule-Deutsch-Deutschkurse-Berlin.jpg","width":350,"height":101,"caption":"Kapitel Zwei. Deutsch-Sprachschule Berlin GmbH"},"image":{"@id":"https:\/\/kapitel-zwei.de\/es\/#\/schema\/logo\/image\/"},"sameAs":["https:\/\/www.facebook.com\/kapitelzwei\/","https:\/\/x.com\/kapitelzwei"]}]}},"_links":{"self":[{"href":"https:\/\/kapitel-zwei.de\/es\/wp-json\/wp\/v2\/pages\/10057","targetHints":{"allow":["GET"]}}],"collection":[{"href":"https:\/\/kapitel-zwei.de\/es\/wp-json\/wp\/v2\/pages"}],"about":[{"href":"https:\/\/kapitel-zwei.de\/es\/wp-json\/wp\/v2\/types\/page"}],"author":[{"embeddable":true,"href":"https:\/\/kapitel-zwei.de\/es\/wp-json\/wp\/v2\/users\/16"}],"replies":[{"embeddable":true,"href":"https:\/\/kapitel-zwei.de\/es\/wp-json\/wp\/v2\/comments?post=10057"}],"version-history":[{"count":1,"href":"https:\/\/kapitel-zwei.de\/es\/wp-json\/wp\/v2\/pages\/10057\/revisions"}],"predecessor-version":[{"id":14521,"href":"https:\/\/kapitel-zwei.de\/es\/wp-json\/wp\/v2\/pages\/10057\/revisions\/14521"}],"up":[{"embeddable":true,"href":"https:\/\/kapitel-zwei.de\/es\/wp-json\/wp\/v2\/pages\/3506"}],"wp:attachment":[{"href":"https:\/\/kapitel-zwei.de\/es\/wp-json\/wp\/v2\/media?parent=10057"}],"curies":[{"name":"wp","href":"https:\/\/api.w.org\/{rel}","templated":true}]}}