{"id":10071,"date":"2015-11-17T22:23:41","date_gmt":"2015-11-17T21:23:41","guid":{"rendered":"http:\/\/relaunch.kapitel-zwei.de\/es\/kursdaten\/"},"modified":"2023-06-14T00:52:32","modified_gmt":"2023-06-13T22:52:32","slug":"fechas-del-curso","status":"publish","type":"page","link":"https:\/\/kapitel-zwei.de\/es\/fechas-del-curso\/","title":{"rendered":"Fechas de los cursos"},"content":{"rendered":"\n<style type=\"text\/css\" data-created_by=\"avia_inline_auto\" id=\"style-css-av-13lidh3-bfec6c2617446e01625f60a3af8e17f2\">\n.flex_column.av-13lidh3-bfec6c2617446e01625f60a3af8e17f2{\nborder-radius:0px 0px 0px 0px;\npadding:0px 0px 0px 0px;\n}\n<\/style>\n<div  class='flex_column av-13lidh3-bfec6c2617446e01625f60a3af8e17f2 av_one_full  avia-builder-el-0  el_before_av_two_third  avia-builder-el-first  first flex_column_div av-zero-column-padding  '     ><section  class='av_textblock_section av-74n2yd3-0f1895ee05831538bf2fa3c626d4ef67 '   itemscope=\"itemscope\" itemtype=\"https:\/\/schema.org\/CreativeWork\" ><div class='avia_textblock'  itemprop=\"text\" ><h1 class=\"entry-title\"><span style=\"color: #ff6600;\">Fechas de los cursos de alem\u00e1n en Berl\u00edn<\/span><\/h1>\n<\/div><\/section><\/div>\n\n<style type=\"text\/css\" data-created_by=\"avia_inline_auto\" id=\"style-css-av-6hy6387-dc04b6790e7cf49d79ecbc7cd18a838f\">\n.flex_column.av-6hy6387-dc04b6790e7cf49d79ecbc7cd18a838f{\nborder-radius:0px 0px 0px 0px;\npadding:0px 0px 0px 0px;\n}\n<\/style>\n<div  class='flex_column av-6hy6387-dc04b6790e7cf49d79ecbc7cd18a838f av_two_third  avia-builder-el-2  el_after_av_one_full  el_before_av_one_third  first flex_column_div av-zero-column-padding  column-top-margin'     ><section  class='av_textblock_section av-6216imv-64ce031f8f89150406f84b7b34cfc118 '   itemscope=\"itemscope\" itemtype=\"https:\/\/schema.org\/CreativeWork\" ><div class='avia_textblock'  itemprop=\"text\" ><p>Todos los cursos intensivos duran 4 semanas y se imparten de lunes a jueves. Adicionalmente durante la semana, te ofrecemos cursos tem\u00e1ticos variados (cursos de conversaci\u00f3n, gram\u00e1tica, preparaci\u00f3n para los ex\u00e1menes) y los ex\u00e1menes se realizan los viernes y s\u00e1bados. En los d\u00edas festivos nacionales no se imparten clases. Para m\u00e1s informaci\u00f3n sobre los programas de los cursos, pincha <a href=\"https:\/\/kapitel-zwei.de\/es\/cursos-de-aleman-en-berlin\/\">aqu\u00ed<\/a>.<\/p>\n<p>Te puedes matricular de forma <a href=\"https:\/\/kapitel-zwei.de\/es\/inscripcion-academia-aleman\/\">online<\/a> o acudir a <a href=\"https:\/\/kapitel-zwei.de\/es\/escuela-de-idioma-aleman-berlin\/contacto\/#ubicaci\u00f3n\">nuestra oficina<\/a>.<\/p>\n<\/div><\/section><\/div>\n\n<style type=\"text\/css\" data-created_by=\"avia_inline_auto\" id=\"style-css-av-5m50yaf-061113202a2bea8343569e986b37e0d0\">\n.flex_column.av-5m50yaf-061113202a2bea8343569e986b37e0d0{\nborder-radius:0px 0px 0px 0px;\npadding:0px 0px 0px 0px;\n}\n<\/style>\n<div  class='flex_column av-5m50yaf-061113202a2bea8343569e986b37e0d0 av_one_third  avia-builder-el-4  el_after_av_two_third  el_before_av_hr  flex_column_div av-zero-column-padding  column-top-margin'     ><style type=\"text\/css\" data-created_by=\"avia_inline_auto\" id=\"style-css-av-5eq01h3-b48ce08aa7a8a7cddf26ca70a6b186ff\">\n.avia-image-container.av-5eq01h3-b48ce08aa7a8a7cddf26ca70a6b186ff img.avia_image{\nbox-shadow:none;\n}\n.avia-image-container.av-5eq01h3-b48ce08aa7a8a7cddf26ca70a6b186ff .av-image-caption-overlay-center{\ncolor:#ffffff;\n}\n<\/style>\n<div  class='avia-image-container av-5eq01h3-b48ce08aa7a8a7cddf26ca70a6b186ff av-styling- avia-align-center  avia-builder-el-5  avia-builder-el-no-sibling '   itemprop=\"image\" itemscope=\"itemscope\" itemtype=\"https:\/\/schema.org\/ImageObject\" ><div class=\"avia-image-container-inner\"><div class=\"avia-image-overlay-wrap\"><img decoding=\"async\" fetchpriority=\"high\" class='wp-image-22519 avia-img-lazy-loading-not-22519 avia_image ' src=\"https:\/\/kapitel-zwei.de\/wp-content\/uploads\/2015\/11\/Fechas-de-los-cursos-de-alem\u00e1n-berl\u00edn-escuela-de-lengua-687x1030.jpg\" alt='Fechas de los cursos de alem\u00e1n berl\u00edn escuela de lengua' title='Fechas de los cursos de alem\u00e1n berl\u00edn escuela de lengua'  height=\"1030\" width=\"687\"  itemprop=\"thumbnailUrl\" srcset=\"https:\/\/kapitel-zwei.de\/wp-content\/uploads\/2015\/11\/Fechas-de-los-cursos-de-alem\u00e1n-berl\u00edn-escuela-de-lengua-687x1030.jpg 687w, https:\/\/kapitel-zwei.de\/wp-content\/uploads\/2015\/11\/Fechas-de-los-cursos-de-alem\u00e1n-berl\u00edn-escuela-de-lengua-53x80.jpg 53w, https:\/\/kapitel-zwei.de\/wp-content\/uploads\/2015\/11\/Fechas-de-los-cursos-de-alem\u00e1n-berl\u00edn-escuela-de-lengua-200x300.jpg 200w, https:\/\/kapitel-zwei.de\/wp-content\/uploads\/2015\/11\/Fechas-de-los-cursos-de-alem\u00e1n-berl\u00edn-escuela-de-lengua-768x1152.jpg 768w, https:\/\/kapitel-zwei.de\/wp-content\/uploads\/2015\/11\/Fechas-de-los-cursos-de-alem\u00e1n-berl\u00edn-escuela-de-lengua-1000x1500.jpg 1000w, https:\/\/kapitel-zwei.de\/wp-content\/uploads\/2015\/11\/Fechas-de-los-cursos-de-alem\u00e1n-berl\u00edn-escuela-de-lengua-470x705.jpg 470w, https:\/\/kapitel-zwei.de\/wp-content\/uploads\/2015\/11\/Fechas-de-los-cursos-de-alem\u00e1n-berl\u00edn-escuela-de-lengua-450x675.jpg 450w\" sizes=\"(max-width: 687px) 100vw, 687px\" \/><\/div><\/div><\/div><\/div>\n<div  class='hr av-ke7yzb-3ca498cf2d9484cba1aeb15910fc8c51 hr-default  avia-builder-el-6  el_after_av_one_third  el_before_av_one_full '><span class='hr-inner '><span class=\"hr-inner-style\"><\/span><\/span><\/div>\n\n<style type=\"text\/css\" data-created_by=\"avia_inline_auto\" id=\"style-css-av-3xavsd3-32017be2d6ae140f114b7aa55af620cb\">\n.flex_column.av-3xavsd3-32017be2d6ae140f114b7aa55af620cb{\nborder-radius:0px 0px 0px 0px;\npadding:0px 0px 0px 0px;\n}\n<\/style>\n<div  class='flex_column av-3xavsd3-32017be2d6ae140f114b7aa55af620cb av_one_full  avia-builder-el-7  el_after_av_hr  el_before_av_one_full  first flex_column_div av-zero-column-padding  '     ><section  class='av_textblock_section av-kqtaqk17-ea5771b855de3dc06df3372ae264f6c7 '   itemscope=\"itemscope\" itemtype=\"https:\/\/schema.org\/CreativeWork\" ><div class='avia_textblock tablepress_scroll-if-too-large'  itemprop=\"text\" >\n<table id=\"tablepress-533\" class=\"tablepress tablepress-id-533 tablepress-all-center tbody-has-connected-cells\">\n<thead>\n<tr class=\"row-1\">\n\t<th class=\"column-1\">2026<\/th><th class=\"column-2\">Mes<\/th>\n<\/tr>\n<\/thead>\n<tbody class=\"row-striping\">\n<tr class=\"row-2\">\n\t<td class=\"column-1\">5 de enero \u2013 29 de enero de 2026<\/td><td class=\"column-2\">Enero<\/td>\n<\/tr>\n<tr class=\"row-3\">\n\t<td class=\"column-1\">2 de febrero \u2013 26 de febrero de 2026<\/td><td class=\"column-2\">Febrero<\/td>\n<\/tr>\n<tr class=\"row-4\">\n\t<td class=\"column-1\">2 de marzo \u2013 26 de marzo de 2026<\/td><td class=\"column-2\">Marzo<\/td>\n<\/tr>\n<tr class=\"row-5\">\n\t<td class=\"column-1\">30 de marzo \u2013 23 de abril de 2026*<\/td><td class=\"column-2\">Abril<\/td>\n<\/tr>\n<tr class=\"row-6\">\n\t<td colspan=\"2\" class=\"column-1\"><p style=\"background-color:#f60 !important; color:white !important; text-align: center;\">1 semana de descanso<\/p><\/td>\n<\/tr>\n<tr class=\"row-7\">\n\t<td class=\"column-1\">4 de mayo \u2013 28 de mayo de 2026*<\/td><td class=\"column-2\">Mayo<\/td>\n<\/tr>\n<tr class=\"row-8\">\n\t<td class=\"column-1\">1 de junio \u2013 25 de junio de 2026<\/td><td class=\"column-2\">Junio<\/td>\n<\/tr>\n<tr class=\"row-9\">\n\t<td class=\"column-1\">29 de junio \u2013 23 de julio de 2026<\/td><td class=\"column-2\">Julio<\/td>\n<\/tr>\n<tr class=\"row-10\">\n\t<td class=\"column-1\">27 de julio \u2013 20 de agosto de 2026<\/td><td class=\"column-2\">Agosto<\/td>\n<\/tr>\n<tr class=\"row-11\">\n\t<td colspan=\"2\" class=\"column-1\"><p style=\"background-color:#f60 !important; color:white !important; text-align: center;\">1 semana de descanso<\/p><\/td>\n<\/tr>\n<tr class=\"row-12\">\n\t<td class=\"column-1\">31 de agosto \u2013 24 de septiembre de 2026<\/td><td class=\"column-2\">Septiembre<\/td>\n<\/tr>\n<tr class=\"row-13\">\n\t<td class=\"column-1\">28 de septiembre \u2013 22 de octubre de 2026<\/td><td class=\"column-2\">Octubre<\/td>\n<\/tr>\n<tr class=\"row-14\">\n\t<td class=\"column-1\">26 de octubre \u2013 19 de noviembre de 2026<\/td><td class=\"column-2\">Noviembre<\/td>\n<\/tr>\n<tr class=\"row-15\">\n\t<td class=\"column-1\">23 de noviembre \u2013 17 de diciembre de 2026<\/td><td class=\"column-2\">Diciembre<\/td>\n<\/tr>\n<\/tbody>\n<\/table>\n<!-- #tablepress-533 from cache -->\n<\/div><\/section><\/div>\n<style type=\"text\/css\" data-created_by=\"avia_inline_auto\" id=\"style-css-av-3ee91lj-710c3168f9504e1fe6a87a0497f9e6bd\">\n.flex_column.av-3ee91lj-710c3168f9504e1fe6a87a0497f9e6bd{\nborder-radius:0px 0px 0px 0px;\npadding:0px 0px 0px 0px;\n}\n<\/style>\n<div  class='flex_column av-3ee91lj-710c3168f9504e1fe6a87a0497f9e6bd av_one_full  avia-builder-el-9  el_after_av_one_full  el_before_av_one_full  first flex_column_div av-zero-column-padding  column-top-margin'     ><p><section  class='av_textblock_section av-2vvhp87-a76d917f6ee416850c31ec8f16966813 '   itemscope=\"itemscope\" itemtype=\"https:\/\/schema.org\/CreativeWork\" ><div class='avia_textblock'  itemprop=\"text\" ><p>Los cursos especiales de alem\u00e1n siempre se imparten <strong>en el mismo periodo mensual<\/strong> que los cursos intensivos. Para elegir el curso que mejor se adapte a ti, puedes orientarte en las fechas de la tabla de arriba. Todos nuestros cursos de alem\u00e1n en Berlin tienen lugar durante cuatro semanas.<\/p>\n<\/div><\/section><br \/>\n<section  class='av_textblock_section av-2nicng7-419350110e2e7637fd3a36a9f5159e77 '   itemscope=\"itemscope\" itemtype=\"https:\/\/schema.org\/CreativeWork\" ><div class='avia_textblock'  itemprop=\"text\" ><h2><span style=\"color: #ff6600;\">*D\u00edas festivos: Los d\u00edas festivos no hay clase.<\/span><\/h2>\n<\/div><\/section><br \/>\n<section  class='av_textblock_section av-26wnl93-2b60eb79a2ef44ee605beac9a9f2f4e8 '   itemscope=\"itemscope\" itemtype=\"https:\/\/schema.org\/CreativeWork\" ><div class='avia_textblock tablepress_scroll-if-too-large'  itemprop=\"text\" >\n<table id=\"tablepress-539\" class=\"tablepress tablepress-id-539 tablepress-all-center\">\n<thead>\n<tr class=\"row-1\">\n\t<th class=\"column-1\">Fecha<\/th><th class=\"column-2\">D\u00eda festivo<\/th>\n<\/tr>\n<\/thead>\n<tbody class=\"row-striping\">\n<tr class=\"row-2\">\n\t<td class=\"column-1\">6 de abril de 2026<\/td><td class=\"column-2\">Lunes de Pascua<\/td>\n<\/tr>\n<tr class=\"row-3\">\n\t<td class=\"column-1\">1 de mayo de 2026<\/td><td class=\"column-2\">D\u00eda del Trabajo<\/td>\n<\/tr>\n<tr class=\"row-4\">\n\t<td class=\"column-1\">14 de mayo de 2026<\/td><td class=\"column-2\">Ascensi\u00f3n del Se\u00f1or<\/td>\n<\/tr>\n<tr class=\"row-5\">\n\t<td class=\"column-1\">25 de mayo de 2026<\/td><td class=\"column-2\">Lunes de Pentecost\u00e9s<\/td>\n<\/tr>\n<\/tbody>\n<\/table>\n<!-- #tablepress-539 from cache -->\n<\/div><\/section><\/p><\/div>\n<style type=\"text\/css\" data-created_by=\"avia_inline_auto\" id=\"style-css-av-1fxygk7-ff944c3350b61364823545b5f4977a41\">\n.flex_column.av-1fxygk7-ff944c3350b61364823545b5f4977a41{\nborder-radius:0px 0px 0px 0px;\npadding:0px 0px 0px 0px;\n}\n<\/style>\n<div  class='flex_column av-1fxygk7-ff944c3350b61364823545b5f4977a41 av_one_full  avia-builder-el-13  el_after_av_one_full  avia-builder-el-last  cta-section first flex_column_div av-zero-column-padding  column-top-margin'     ><section  class='av_textblock_section av-1ced9mf-44d84f75a7b653bf89bc9cad5a82e966 '   itemscope=\"itemscope\" itemtype=\"https:\/\/schema.org\/CreativeWork\" ><div class='avia_textblock cta-slogan'  itemprop=\"text\" ><p style=\"text-align: left;\"><strong>\u00bfQuieres aprender alem\u00e1n con \u00e9xito?<\/strong><\/p>\n<\/div><\/section><br \/>\n<div  class='avia-button-wrap av-qq2k6v-3ad5ea62a9dbb579fe15715224c939df-wrap avia-button-left  avia-builder-el-15  el_after_av_textblock  avia-builder-el-last  cta-button'><a href='https:\/\/kapitel-zwei.de\/es\/inscripcion-academia-aleman\/'  class='avia-button av-qq2k6v-3ad5ea62a9dbb579fe15715224c939df av-link-btn avia-icon_select-no avia-size-medium avia-position-left avia-color-theme-color'   aria-label=\"\u00a1Inscr\u00edbete ahora mismo!\"><span class='avia_iconbox_title' >\u00a1Inscr\u00edbete ahora mismo!<\/span><\/a><\/div><\/p><\/div><\/p>\n","protected":false},"excerpt":{"rendered":"","protected":false},"author":16,"featured_media":0,"parent":0,"menu_order":16,"comment_status":"closed","ping_status":"closed","template":"","meta":{"footnotes":""},"class_list":["post-10071","page","type-page","status-publish","hentry"],"yoast_head":"<!-- This site is optimized with the Yoast SEO Premium plugin v24.4 (Yoast SEO v24.4) - https:\/\/yoast.com\/wordpress\/plugins\/seo\/ -->\n<title>Fechas de los cursos de alem\u00e1n - Academia de alem\u00e1n Berl\u00edn<\/title>\n<meta name=\"description\" content=\"Datos de todos los cursos intensivos, as\u00ed como de los cursos de preparaci\u00f3n para los ex\u00e1menes en tu escuela de idioma (alem\u00e1n) en Berlin.\" \/>\n<meta name=\"robots\" content=\"index, follow, max-snippet:-1, max-image-preview:large, max-video-preview:-1\" \/>\n<link rel=\"canonical\" href=\"https:\/\/kapitel-zwei.de\/es\/fechas-del-curso\/\" \/>\n<meta property=\"og:locale\" content=\"es_ES\" \/>\n<meta property=\"og:type\" content=\"article\" \/>\n<meta property=\"og:title\" content=\"Fechas de los cursos\" \/>\n<meta property=\"og:description\" content=\"Datos de todos los cursos intensivos, as\u00ed como de los cursos de preparaci\u00f3n para los ex\u00e1menes en tu escuela de idioma (alem\u00e1n) en Berlin.\" \/>\n<meta property=\"og:url\" content=\"https:\/\/kapitel-zwei.de\/es\/fechas-del-curso\/\" \/>\n<meta property=\"og:site_name\" content=\"Kapitel Zwei Berlin\" \/>\n<meta property=\"article:publisher\" content=\"https:\/\/www.facebook.com\/kapitelzwei\/\" \/>\n<meta property=\"article:modified_time\" content=\"2023-06-13T22:52:32+00:00\" \/>\n<meta name=\"twitter:card\" content=\"summary_large_image\" \/>\n<meta name=\"twitter:site\" content=\"@kapitelzwei\" \/>\n<meta name=\"twitter:label1\" content=\"Tiempo de lectura\" \/>\n\t<meta name=\"twitter:data1\" content=\"3 minutos\" \/>\n<script type=\"application\/ld+json\" class=\"yoast-schema-graph\">{\"@context\":\"https:\/\/schema.org\",\"@graph\":[{\"@type\":\"WebPage\",\"@id\":\"https:\/\/kapitel-zwei.de\/es\/fechas-del-curso\/\",\"url\":\"https:\/\/kapitel-zwei.de\/es\/fechas-del-curso\/\",\"name\":\"Fechas de los cursos de alem\u00e1n - Academia de alem\u00e1n Berl\u00edn\",\"isPartOf\":{\"@id\":\"https:\/\/kapitel-zwei.de\/es\/#website\"},\"datePublished\":\"2015-11-17T21:23:41+00:00\",\"dateModified\":\"2023-06-13T22:52:32+00:00\",\"description\":\"Datos de todos los cursos intensivos, as\u00ed como de los cursos de preparaci\u00f3n para los ex\u00e1menes en tu escuela de idioma (alem\u00e1n) en Berlin.\",\"breadcrumb\":{\"@id\":\"https:\/\/kapitel-zwei.de\/es\/fechas-del-curso\/#breadcrumb\"},\"inLanguage\":\"es\",\"potentialAction\":[{\"@type\":\"ReadAction\",\"target\":[\"https:\/\/kapitel-zwei.de\/es\/fechas-del-curso\/\"]}]},{\"@type\":\"BreadcrumbList\",\"@id\":\"https:\/\/kapitel-zwei.de\/es\/fechas-del-curso\/#breadcrumb\",\"itemListElement\":[{\"@type\":\"ListItem\",\"position\":1,\"name\":\"Startseite\",\"item\":\"https:\/\/kapitel-zwei.de\/es\/\"},{\"@type\":\"ListItem\",\"position\":2,\"name\":\"Fechas de los cursos\"}]},{\"@type\":\"WebSite\",\"@id\":\"https:\/\/kapitel-zwei.de\/es\/#website\",\"url\":\"https:\/\/kapitel-zwei.de\/es\/\",\"name\":\"Kapitel Zwei Berlin\",\"description\":\"Deutschkurs Berlin | Sprachschule Berlin | German language school Berlin | telc Berlin | Deutsch Pr\u00fcfung Berlin | Intensive German courses Berlin | TestDaF Pr\u00fcfung | Online Kurse\",\"publisher\":{\"@id\":\"https:\/\/kapitel-zwei.de\/es\/#organization\"},\"potentialAction\":[{\"@type\":\"SearchAction\",\"target\":{\"@type\":\"EntryPoint\",\"urlTemplate\":\"https:\/\/kapitel-zwei.de\/es\/?s={search_term_string}\"},\"query-input\":{\"@type\":\"PropertyValueSpecification\",\"valueRequired\":true,\"valueName\":\"search_term_string\"}}],\"inLanguage\":\"es\"},{\"@type\":\"Organization\",\"@id\":\"https:\/\/kapitel-zwei.de\/es\/#organization\",\"name\":\"Kapitel Zwei. Deutsch-Sprachschule Berlin GmbH\",\"url\":\"https:\/\/kapitel-zwei.de\/es\/\",\"logo\":{\"@type\":\"ImageObject\",\"inLanguage\":\"es\",\"@id\":\"https:\/\/kapitel-zwei.de\/es\/#\/schema\/logo\/image\/\",\"url\":\"https:\/\/kapitel-zwei.de\/wp-content\/uploads\/2018\/08\/Kapitel-Zwei-Berlin-Sprachschule-Deutsch-Deutschkurse-Berlin.jpg\",\"contentUrl\":\"https:\/\/kapitel-zwei.de\/wp-content\/uploads\/2018\/08\/Kapitel-Zwei-Berlin-Sprachschule-Deutsch-Deutschkurse-Berlin.jpg\",\"width\":350,\"height\":101,\"caption\":\"Kapitel Zwei. Deutsch-Sprachschule Berlin GmbH\"},\"image\":{\"@id\":\"https:\/\/kapitel-zwei.de\/es\/#\/schema\/logo\/image\/\"},\"sameAs\":[\"https:\/\/www.facebook.com\/kapitelzwei\/\",\"https:\/\/x.com\/kapitelzwei\"]}]}<\/script>\n<!-- \/ Yoast SEO Premium plugin. -->","yoast_head_json":{"title":"Fechas de los cursos de alem\u00e1n - Academia de alem\u00e1n Berl\u00edn","description":"Datos de todos los cursos intensivos, as\u00ed como de los cursos de preparaci\u00f3n para los ex\u00e1menes en tu escuela de idioma (alem\u00e1n) en Berlin.","robots":{"index":"index","follow":"follow","max-snippet":"max-snippet:-1","max-image-preview":"max-image-preview:large","max-video-preview":"max-video-preview:-1"},"canonical":"https:\/\/kapitel-zwei.de\/es\/fechas-del-curso\/","og_locale":"es_ES","og_type":"article","og_title":"Fechas de los cursos","og_description":"Datos de todos los cursos intensivos, as\u00ed como de los cursos de preparaci\u00f3n para los ex\u00e1menes en tu escuela de idioma (alem\u00e1n) en Berlin.","og_url":"https:\/\/kapitel-zwei.de\/es\/fechas-del-curso\/","og_site_name":"Kapitel Zwei Berlin","article_publisher":"https:\/\/www.facebook.com\/kapitelzwei\/","article_modified_time":"2023-06-13T22:52:32+00:00","twitter_card":"summary_large_image","twitter_site":"@kapitelzwei","twitter_misc":{"Tiempo de lectura":"3 minutos"},"schema":{"@context":"https:\/\/schema.org","@graph":[{"@type":"WebPage","@id":"https:\/\/kapitel-zwei.de\/es\/fechas-del-curso\/","url":"https:\/\/kapitel-zwei.de\/es\/fechas-del-curso\/","name":"Fechas de los cursos de alem\u00e1n - Academia de alem\u00e1n Berl\u00edn","isPartOf":{"@id":"https:\/\/kapitel-zwei.de\/es\/#website"},"datePublished":"2015-11-17T21:23:41+00:00","dateModified":"2023-06-13T22:52:32+00:00","description":"Datos de todos los cursos intensivos, as\u00ed como de los cursos de preparaci\u00f3n para los ex\u00e1menes en tu escuela de idioma (alem\u00e1n) en Berlin.","breadcrumb":{"@id":"https:\/\/kapitel-zwei.de\/es\/fechas-del-curso\/#breadcrumb"},"inLanguage":"es","potentialAction":[{"@type":"ReadAction","target":["https:\/\/kapitel-zwei.de\/es\/fechas-del-curso\/"]}]},{"@type":"BreadcrumbList","@id":"https:\/\/kapitel-zwei.de\/es\/fechas-del-curso\/#breadcrumb","itemListElement":[{"@type":"ListItem","position":1,"name":"Startseite","item":"https:\/\/kapitel-zwei.de\/es\/"},{"@type":"ListItem","position":2,"name":"Fechas de los cursos"}]},{"@type":"WebSite","@id":"https:\/\/kapitel-zwei.de\/es\/#website","url":"https:\/\/kapitel-zwei.de\/es\/","name":"Kapitel Zwei Berlin","description":"Deutschkurs Berlin | Sprachschule Berlin | German language school Berlin | telc Berlin | Deutsch Pr\u00fcfung Berlin | Intensive German courses Berlin | TestDaF Pr\u00fcfung | Online Kurse","publisher":{"@id":"https:\/\/kapitel-zwei.de\/es\/#organization"},"potentialAction":[{"@type":"SearchAction","target":{"@type":"EntryPoint","urlTemplate":"https:\/\/kapitel-zwei.de\/es\/?s={search_term_string}"},"query-input":{"@type":"PropertyValueSpecification","valueRequired":true,"valueName":"search_term_string"}}],"inLanguage":"es"},{"@type":"Organization","@id":"https:\/\/kapitel-zwei.de\/es\/#organization","name":"Kapitel Zwei. Deutsch-Sprachschule Berlin GmbH","url":"https:\/\/kapitel-zwei.de\/es\/","logo":{"@type":"ImageObject","inLanguage":"es","@id":"https:\/\/kapitel-zwei.de\/es\/#\/schema\/logo\/image\/","url":"https:\/\/kapitel-zwei.de\/wp-content\/uploads\/2018\/08\/Kapitel-Zwei-Berlin-Sprachschule-Deutsch-Deutschkurse-Berlin.jpg","contentUrl":"https:\/\/kapitel-zwei.de\/wp-content\/uploads\/2018\/08\/Kapitel-Zwei-Berlin-Sprachschule-Deutsch-Deutschkurse-Berlin.jpg","width":350,"height":101,"caption":"Kapitel Zwei. Deutsch-Sprachschule Berlin GmbH"},"image":{"@id":"https:\/\/kapitel-zwei.de\/es\/#\/schema\/logo\/image\/"},"sameAs":["https:\/\/www.facebook.com\/kapitelzwei\/","https:\/\/x.com\/kapitelzwei"]}]}},"_links":{"self":[{"href":"https:\/\/kapitel-zwei.de\/es\/wp-json\/wp\/v2\/pages\/10071","targetHints":{"allow":["GET"]}}],"collection":[{"href":"https:\/\/kapitel-zwei.de\/es\/wp-json\/wp\/v2\/pages"}],"about":[{"href":"https:\/\/kapitel-zwei.de\/es\/wp-json\/wp\/v2\/types\/page"}],"author":[{"embeddable":true,"href":"https:\/\/kapitel-zwei.de\/es\/wp-json\/wp\/v2\/users\/16"}],"replies":[{"embeddable":true,"href":"https:\/\/kapitel-zwei.de\/es\/wp-json\/wp\/v2\/comments?post=10071"}],"version-history":[{"count":33,"href":"https:\/\/kapitel-zwei.de\/es\/wp-json\/wp\/v2\/pages\/10071\/revisions"}],"predecessor-version":[{"id":112949,"href":"https:\/\/kapitel-zwei.de\/es\/wp-json\/wp\/v2\/pages\/10071\/revisions\/112949"}],"wp:attachment":[{"href":"https:\/\/kapitel-zwei.de\/es\/wp-json\/wp\/v2\/media?parent=10071"}],"curies":[{"name":"wp","href":"https:\/\/api.w.org\/{rel}","templated":true}]}}