{"id":113874,"date":"2021-03-16T16:45:52","date_gmt":"2021-03-16T15:45:52","guid":{"rendered":"https:\/\/kapitel-zwei.de\/school-house-rules\/"},"modified":"2023-07-07T19:43:28","modified_gmt":"2023-07-07T17:43:28","slug":"school-house-rules","status":"publish","type":"page","link":"https:\/\/kapitel-zwei.de\/es\/school-house-rules\/","title":{"rendered":"School and House Rules"},"content":{"rendered":"<p>\n<style type=\"text\/css\" data-created_by=\"avia_inline_auto\" id=\"style-css-av-av_one_full-79ff81c021393065cee878051452f6a6\">\n.flex_column.av-av_one_full-79ff81c021393065cee878051452f6a6{\nborder-radius:0px 0px 0px 0px;\npadding:0px 0px 0px 0px;\n}\n<\/style>\n<div  class='flex_column av-av_one_full-79ff81c021393065cee878051452f6a6 av_one_full  avia-builder-el-0  el_before_av_one_third  avia-builder-el-first  first flex_column_div av-zero-column-padding  '     ><section  class='av_textblock_section av-kmc61n0w-400b97cc07285cdea383fe070648b49c '   itemscope=\"itemscope\" itemtype=\"https:\/\/schema.org\/CreativeWork\" ><div class='avia_textblock'  itemprop=\"text\" ><h1>Schul- und Hausordnung<\/h1>\n<h2><span style=\"color: #ff6600 !important;\">   Regeln von Kapitel Zwei. Deutsch-Sprachschule Berlin GmbH<\/span><\/strong><\/<\/h2>\n<\/div><\/section><\/div>\n<style type=\"text\/css\" data-created_by=\"avia_inline_auto\" id=\"style-css-av-av_two_third-79ff81c021393065cee878051452f6a6\">\n.flex_column.av-av_two_third-79ff81c021393065cee878051452f6a6{\nborder-radius:0px 0px 0px 0px;\npadding:0px 0px 0px 0px;\n}\n<\/style>\n<div  class='flex_column av-av_two_third-79ff81c021393065cee878051452f6a6 av_two_third first flex_column_div av-zero-column-padding  '     ><section  class='av_textblock_section av-kmc63ytv-ae540912968261d040ca7fe354965661 '   itemscope=\"itemscope\" itemtype=\"https:\/\/schema.org\/CreativeWork\" ><div class='avia_textblock'  itemprop=\"text\" ><p>Die Schul- und Hausordnung von Kapitel Zwei Berlin regelt das Miteinander aller am Schulbetrieb Beteiligten auch \u00fcber die gesetzlichen Bestimmungen hinaus so, dass sich alle in der Schule wohlf\u00fchlen k\u00f6nnen. Erm\u00f6glicht wird dies durch die Einhaltung einer Ordnung, die Rechte und Pflichten festlegt. Gegenseitige R\u00fccksichtnahme und Hilfsbereitschaft werden von allen Beteiligten als Voraussetzung f\u00fcr ein gutes Schulklima anerkannt.<\/p>\n<\/div><\/section><\/div>\n<style type=\"text\/css\" data-created_by=\"avia_inline_auto\" id=\"style-css-av-av_one_third-49f6e875884219cf77c24341e550af53\">\n.flex_column.av-av_one_third-49f6e875884219cf77c24341e550af53{\nborder-radius:0px 0px 0px 0px;\npadding:0px 0px 0px 0px;\n}\n<\/style>\n<div  class='flex_column av-av_one_third-49f6e875884219cf77c24341e550af53 av_one_third  avia-builder-el-2  el_after_av_one_full  el_before_av_two_third  flex_column_div av-zero-column-padding  '     ><style type=\"text\/css\" data-created_by=\"avia_inline_auto\" id=\"style-css-av-kmc6kmsw-db56f710706483bef4672f785738906e\">\n.avia-image-container.av-kmc6kmsw-db56f710706483bef4672f785738906e img.avia_image{\nbox-shadow:none;\n}\n.avia-image-container.av-kmc6kmsw-db56f710706483bef4672f785738906e .av-image-caption-overlay-center{\ncolor:#ffffff;\n}\n<\/style>\n<div  class='avia-image-container av-kmc6kmsw-db56f710706483bef4672f785738906e av-styling- avia-align-center  avia-builder-el-3  avia-builder-el-no-sibling '   itemprop=\"image\" itemscope=\"itemscope\" itemtype=\"https:\/\/schema.org\/ImageObject\" ><div class=\"avia-image-container-inner\"><div class=\"avia-image-overlay-wrap\"><img decoding=\"async\" fetchpriority=\"high\" class='wp-image-96742 avia-img-lazy-loading-not-96742 avia_image ' src=\"https:\/\/kapitel-zwei.de\/wp-content\/uploads\/2021\/03\/Hausordnung-1030x603.jpg\" alt='Hausordnung' title='Hausordnung'  height=\"603\" width=\"1030\"  itemprop=\"thumbnailUrl\" srcset=\"https:\/\/kapitel-zwei.de\/wp-content\/uploads\/2021\/03\/Hausordnung-1030x603.jpg 1030w, https:\/\/kapitel-zwei.de\/wp-content\/uploads\/2021\/03\/Hausordnung-300x176.jpg 300w, https:\/\/kapitel-zwei.de\/wp-content\/uploads\/2021\/03\/Hausordnung-80x47.jpg 80w, https:\/\/kapitel-zwei.de\/wp-content\/uploads\/2021\/03\/Hausordnung-768x449.jpg 768w, https:\/\/kapitel-zwei.de\/wp-content\/uploads\/2021\/03\/Hausordnung-705x413.jpg 705w, https:\/\/kapitel-zwei.de\/wp-content\/uploads\/2021\/03\/Hausordnung.jpg 1280w\" sizes=\"(max-width: 1030px) 100vw, 1030px\" \/><\/div><\/div><\/div><\/div>\n<style type=\"text\/css\" data-created_by=\"avia_inline_auto\" id=\"style-css-av-av_one_full-79ff81c021393065cee878051452f6a6\">\n.flex_column.av-av_one_full-79ff81c021393065cee878051452f6a6{\nborder-radius:0px 0px 0px 0px;\npadding:0px 0px 0px 0px;\n}\n<\/style>\n<div  class='flex_column av-av_one_full-79ff81c021393065cee878051452f6a6 av_one_full first flex_column_div av-zero-column-padding  '     ><section  class='av_textblock_section av-kmc66dbb-9f4a322a62c45f11670d2b087e619171 '   itemscope=\"itemscope\" itemtype=\"https:\/\/schema.org\/CreativeWork\" ><div class='avia_textblock'  itemprop=\"text\" ><h2>\u00a71 Geltungsbereich\/Hausrecht<\/h2>\n<ol>\n<li>Die Schul- und Hausordnung gilt f\u00fcr alle Personen, die sich in den R\u00e4umlichkeiten von Kapitel Zwei Berlin aufhalten.<\/li>\n<li>Das Hausrecht wird von der Gesch\u00e4ftsf\u00fchrung von Kapitel Zwei Berlin ausge\u00fcbt.<\/li>\n<li>Ist die Gesch\u00e4ftsf\u00fchrung abwesend oder verhindert, vertritt sie darin der Assistent der Gesch\u00e4ftsf\u00fchrung oder ein Teammitglied der Kundenberatung.<\/li>\n<\/ol>\n<\/div><\/section><\/div>\n<style type=\"text\/css\" data-created_by=\"avia_inline_auto\" id=\"style-css-av-av_one_full-79ff81c021393065cee878051452f6a6\">\n.flex_column.av-av_one_full-79ff81c021393065cee878051452f6a6{\nborder-radius:0px 0px 0px 0px;\npadding:0px 0px 0px 0px;\n}\n<\/style>\n<div  class='flex_column av-av_one_full-79ff81c021393065cee878051452f6a6 av_one_full first flex_column_div av-zero-column-padding  '     ><section  class='av_textblock_section av-kmc66dbb-9f4a322a62c45f11670d2b087e619171 '   itemscope=\"itemscope\" itemtype=\"https:\/\/schema.org\/CreativeWork\" ><div class='avia_textblock'  itemprop=\"text\" ><h2>\u00a72 Allgemeine Ziele und Verhaltensweisen.<\/h2>\n<ol>\n<li>Bei Kapitel Zwei Berlin wird die W\u00fcrde aller Beteiligten geachtet. Weder Lehrer:innen, Sch\u00fcler:innen noch Eltern und alle anderen, die zur Schulgemeinschaft geh\u00f6ren, d\u00fcrfen in ihrer k\u00f6rperlichen und geistig-psychischen Unversehrtheit gef\u00e4hrdet, verletzt oder missachtet werden. Ausgrenzung, Intoleranz und verbale \u00dcbergriffe dulden wir nicht.<\/li>\n<li>Das Mitbringen gef\u00e4hrlicher Gegenst\u00e4nde oder Materialien, die nach Art oder Inhalt geeignet sind, Dritte aufgrund ihrer Hautfarbe, Religion, ihres Geschlechts oder ihrer sexuellen Orientierung zu diffamieren, ist verboten.<\/li>\n<li>Das Prinzip der Verantwortung in der Schule verlangt von jedem, f\u00fcr sein Tun und Nichttun einzustehen. Mit dem Eigentum der Kapitel Zwei Berlin &#8211; Sprachschule ist sinnvoll und pfleglich umzugehen; ebenso ist das Eigentum der anderen zu achten. Wer etwas beschmutzt, besch\u00e4digt oder zerst\u00f6rt, muss f\u00fcr den Schaden aufkommen. F\u00e4lle vors\u00e4tzlicher Sachbesch\u00e4digung und gravierender Verunreinigung werden zur Anzeige gebracht.<\/li>\n<li>Jede\/r Nutzer:In unseres Internetanschlusses verpflichtet sich, die Gepflogenheiten im Internet (Netiquette) zu beachten, nicht die Sicherheit\/Funktionalit\u00e4t jeglicher Systeme zu gef\u00e4hrden und nicht zu versuchen, in das Netzwerk von Kapitel Zwei Berlin oder auch in andere Netzwerke einzudringen. Alle Nutzer:Innen verpflichten sich, alle anwendbaren lokalen, nationalen und ggf. internationalen Gesetze zu befolgen und Richtlinien zu respektieren.<\/li>\n<li>Besucher:Innen unserer Schule melden sich an der Rezeption an.<\/li>\n<li>Bei schweren Verst\u00f6\u00dfen gegen die Schul- und Hausordnung k\u00f6nnen Personen ohne Entsch\u00e4digung vom Unterrichtsbetrieb ausgeschlossen und mit einem Hausverbot belegt werden.<\/li>\n<li>Alle strafbaren Handlungen oder sonstigen Ordnungswidrigkeiten f\u00fchren zur Anzeige.<\/li>\n<\/ol>\n<\/div><\/section><\/div>\n<style type=\"text\/css\" data-created_by=\"avia_inline_auto\" id=\"style-css-av-av_one_full-79ff81c021393065cee878051452f6a6\">\n.flex_column.av-av_one_full-79ff81c021393065cee878051452f6a6{\nborder-radius:0px 0px 0px 0px;\npadding:0px 0px 0px 0px;\n}\n<\/style>\n<div  class='flex_column av-av_one_full-79ff81c021393065cee878051452f6a6 av_one_full first flex_column_div av-zero-column-padding  '     ><section  class='av_textblock_section av-kmc66dbb-9f4a322a62c45f11670d2b087e619171 '   itemscope=\"itemscope\" itemtype=\"https:\/\/schema.org\/CreativeWork\" ><div class='avia_textblock'  itemprop=\"text\" ><h2>\u00a73 Unterricht und Pausen<\/h2>\n<ol>\n<li>Der Unterricht beginnt und endet zu den vorab vereinbarten Uhrzeiten. Das B\u00fcro \u00f6ffnet und schlie\u00dft zu den genannten \u00d6ffnungszeiten.<\/li>\n<li>Die Unterrichtspausen dauern nicht l\u00e4nger als 15 Minuten (bei Unterricht in Pr\u00e4senz und 3-Stunden-Kursen). Bei zweist\u00fcndigen Kursen ist keine Pause vorgesehen.<\/li>\n<li>Lehrkr\u00e4fte erscheinen online &amp; offline p\u00fcnktlich zum Unterricht und erkl\u00e4ren ggf. ihr eigenes Zusp\u00e4tkommen. Falls ein Kurs f\u00fcnf Minuten nach Unterrichtsbeginn noch ohne Lehrkraft ist, erkundigen sich die Kursteilnehmer:Innen an der Rezeption.<\/li>\n<li>Alle Kursteilnehmer:Innen bem\u00fchen sich, p\u00fcnktlich zum Unterricht zu erscheinen (online &amp; offline). Bei Versp\u00e4tungen ab 15 Minuten k\u00f6nnen die Kursteilnehmer:Innen erst nach der Pause am Unterricht teilnehmen.<\/li>\n<li>Vertretungsstunden sind Unterrichtsstunden. Die Lehrkraft bereitet sich auf Vertretungsstunden und Unterrichtsausf\u00e4lle inhaltlich vor.<\/li>\n<li>W\u00e4hrend des Unterrichts ist die Nutzung elektronischer Ger\u00e4te wie Handys, Computer, Medienwiedergabeger\u00e4te durch die Kursteilnehmer:Innen nicht gestattet, wenn die Nutzung nicht ausschlie\u00dflich den Unterrichtszwecken dient und zudem von der leitenden Lehrkraft genehmigt wurde.<\/li>\n<li>Der Verzehr von Speisen und Getr\u00e4nken ist im Schulgeb\u00e4ude grunds\u00e4tzlich nicht gestattet als Schutz vor Corona. Das Tragen einer medizinischen Maske ist Pflicht.<\/li>\n<\/ol>\n<\/div><\/section><\/div><\/p>\n","protected":false},"excerpt":{"rendered":"","protected":false},"author":16,"featured_media":0,"parent":0,"menu_order":0,"comment_status":"closed","ping_status":"closed","template":"","meta":{"footnotes":""},"class_list":["post-113874","page","type-page","status-publish","hentry"],"yoast_head":"<!-- This site is optimized with the Yoast SEO Premium plugin v24.4 (Yoast SEO v24.4) - https:\/\/yoast.com\/wordpress\/plugins\/seo\/ -->\n<title>School and House Rules - Kapitel Zwei Berlin<\/title>\n<meta name=\"robots\" content=\"noindex, nofollow\" \/>\n<meta property=\"og:locale\" content=\"es_ES\" \/>\n<meta property=\"og:type\" content=\"article\" \/>\n<meta property=\"og:title\" content=\"School and House Rules\" \/>\n<meta property=\"og:url\" content=\"https:\/\/www.kapitel-zwei.de\/es\/school-house-rules\/\" \/>\n<meta property=\"og:site_name\" content=\"Kapitel Zwei Berlin\" \/>\n<meta property=\"article:publisher\" content=\"https:\/\/www.facebook.com\/kapitelzwei\/\" \/>\n<meta property=\"article:modified_time\" content=\"2023-07-07T17:43:28+00:00\" \/>\n<meta name=\"twitter:card\" content=\"summary_large_image\" \/>\n<meta name=\"twitter:site\" content=\"@kapitelzwei\" \/>\n<meta name=\"twitter:label1\" content=\"Tiempo de lectura\" \/>\n\t<meta name=\"twitter:data1\" content=\"5 minutos\" \/>\n<script type=\"application\/ld+json\" class=\"yoast-schema-graph\">{\"@context\":\"https:\/\/schema.org\",\"@graph\":[{\"@type\":\"WebPage\",\"@id\":\"https:\/\/www.kapitel-zwei.de\/es\/school-house-rules\/\",\"url\":\"https:\/\/www.kapitel-zwei.de\/es\/school-house-rules\/\",\"name\":\"School and House Rules - Kapitel Zwei Berlin\",\"isPartOf\":{\"@id\":\"https:\/\/kapitel-zwei.de\/es\/#website\"},\"datePublished\":\"2021-03-16T15:45:52+00:00\",\"dateModified\":\"2023-07-07T17:43:28+00:00\",\"breadcrumb\":{\"@id\":\"https:\/\/www.kapitel-zwei.de\/es\/school-house-rules\/#breadcrumb\"},\"inLanguage\":\"es\",\"potentialAction\":[{\"@type\":\"ReadAction\",\"target\":[\"https:\/\/www.kapitel-zwei.de\/es\/school-house-rules\/\"]}]},{\"@type\":\"BreadcrumbList\",\"@id\":\"https:\/\/www.kapitel-zwei.de\/es\/school-house-rules\/#breadcrumb\",\"itemListElement\":[{\"@type\":\"ListItem\",\"position\":1,\"name\":\"Startseite\",\"item\":\"https:\/\/kapitel-zwei.de\/es\/\"},{\"@type\":\"ListItem\",\"position\":2,\"name\":\"School and House Rules\"}]},{\"@type\":\"WebSite\",\"@id\":\"https:\/\/kapitel-zwei.de\/es\/#website\",\"url\":\"https:\/\/kapitel-zwei.de\/es\/\",\"name\":\"Kapitel Zwei Berlin\",\"description\":\"Deutschkurs Berlin | Sprachschule Berlin | German language school Berlin | telc Berlin | Deutsch Pr\u00fcfung Berlin | Intensive German courses Berlin | TestDaF Pr\u00fcfung | Online Kurse\",\"publisher\":{\"@id\":\"https:\/\/kapitel-zwei.de\/es\/#organization\"},\"potentialAction\":[{\"@type\":\"SearchAction\",\"target\":{\"@type\":\"EntryPoint\",\"urlTemplate\":\"https:\/\/kapitel-zwei.de\/es\/?s={search_term_string}\"},\"query-input\":{\"@type\":\"PropertyValueSpecification\",\"valueRequired\":true,\"valueName\":\"search_term_string\"}}],\"inLanguage\":\"es\"},{\"@type\":\"Organization\",\"@id\":\"https:\/\/kapitel-zwei.de\/es\/#organization\",\"name\":\"Kapitel Zwei. Deutsch-Sprachschule Berlin GmbH\",\"url\":\"https:\/\/kapitel-zwei.de\/es\/\",\"logo\":{\"@type\":\"ImageObject\",\"inLanguage\":\"es\",\"@id\":\"https:\/\/kapitel-zwei.de\/es\/#\/schema\/logo\/image\/\",\"url\":\"https:\/\/kapitel-zwei.de\/wp-content\/uploads\/2018\/08\/Kapitel-Zwei-Berlin-Sprachschule-Deutsch-Deutschkurse-Berlin.jpg\",\"contentUrl\":\"https:\/\/kapitel-zwei.de\/wp-content\/uploads\/2018\/08\/Kapitel-Zwei-Berlin-Sprachschule-Deutsch-Deutschkurse-Berlin.jpg\",\"width\":350,\"height\":101,\"caption\":\"Kapitel Zwei. Deutsch-Sprachschule Berlin GmbH\"},\"image\":{\"@id\":\"https:\/\/kapitel-zwei.de\/es\/#\/schema\/logo\/image\/\"},\"sameAs\":[\"https:\/\/www.facebook.com\/kapitelzwei\/\",\"https:\/\/x.com\/kapitelzwei\"]}]}<\/script>\n<!-- \/ Yoast SEO Premium plugin. -->","yoast_head_json":{"title":"School and House Rules - Kapitel Zwei Berlin","robots":{"index":"noindex","follow":"nofollow"},"og_locale":"es_ES","og_type":"article","og_title":"School and House Rules","og_url":"https:\/\/www.kapitel-zwei.de\/es\/school-house-rules\/","og_site_name":"Kapitel Zwei Berlin","article_publisher":"https:\/\/www.facebook.com\/kapitelzwei\/","article_modified_time":"2023-07-07T17:43:28+00:00","twitter_card":"summary_large_image","twitter_site":"@kapitelzwei","twitter_misc":{"Tiempo de lectura":"5 minutos"},"schema":{"@context":"https:\/\/schema.org","@graph":[{"@type":"WebPage","@id":"https:\/\/www.kapitel-zwei.de\/es\/school-house-rules\/","url":"https:\/\/www.kapitel-zwei.de\/es\/school-house-rules\/","name":"School and House Rules - Kapitel Zwei Berlin","isPartOf":{"@id":"https:\/\/kapitel-zwei.de\/es\/#website"},"datePublished":"2021-03-16T15:45:52+00:00","dateModified":"2023-07-07T17:43:28+00:00","breadcrumb":{"@id":"https:\/\/www.kapitel-zwei.de\/es\/school-house-rules\/#breadcrumb"},"inLanguage":"es","potentialAction":[{"@type":"ReadAction","target":["https:\/\/www.kapitel-zwei.de\/es\/school-house-rules\/"]}]},{"@type":"BreadcrumbList","@id":"https:\/\/www.kapitel-zwei.de\/es\/school-house-rules\/#breadcrumb","itemListElement":[{"@type":"ListItem","position":1,"name":"Startseite","item":"https:\/\/kapitel-zwei.de\/es\/"},{"@type":"ListItem","position":2,"name":"School and House Rules"}]},{"@type":"WebSite","@id":"https:\/\/kapitel-zwei.de\/es\/#website","url":"https:\/\/kapitel-zwei.de\/es\/","name":"Kapitel Zwei Berlin","description":"Deutschkurs Berlin | Sprachschule Berlin | German language school Berlin | telc Berlin | Deutsch Pr\u00fcfung Berlin | Intensive German courses Berlin | TestDaF Pr\u00fcfung | Online Kurse","publisher":{"@id":"https:\/\/kapitel-zwei.de\/es\/#organization"},"potentialAction":[{"@type":"SearchAction","target":{"@type":"EntryPoint","urlTemplate":"https:\/\/kapitel-zwei.de\/es\/?s={search_term_string}"},"query-input":{"@type":"PropertyValueSpecification","valueRequired":true,"valueName":"search_term_string"}}],"inLanguage":"es"},{"@type":"Organization","@id":"https:\/\/kapitel-zwei.de\/es\/#organization","name":"Kapitel Zwei. Deutsch-Sprachschule Berlin GmbH","url":"https:\/\/kapitel-zwei.de\/es\/","logo":{"@type":"ImageObject","inLanguage":"es","@id":"https:\/\/kapitel-zwei.de\/es\/#\/schema\/logo\/image\/","url":"https:\/\/kapitel-zwei.de\/wp-content\/uploads\/2018\/08\/Kapitel-Zwei-Berlin-Sprachschule-Deutsch-Deutschkurse-Berlin.jpg","contentUrl":"https:\/\/kapitel-zwei.de\/wp-content\/uploads\/2018\/08\/Kapitel-Zwei-Berlin-Sprachschule-Deutsch-Deutschkurse-Berlin.jpg","width":350,"height":101,"caption":"Kapitel Zwei. Deutsch-Sprachschule Berlin GmbH"},"image":{"@id":"https:\/\/kapitel-zwei.de\/es\/#\/schema\/logo\/image\/"},"sameAs":["https:\/\/www.facebook.com\/kapitelzwei\/","https:\/\/x.com\/kapitelzwei"]}]}},"_links":{"self":[{"href":"https:\/\/kapitel-zwei.de\/es\/wp-json\/wp\/v2\/pages\/113874","targetHints":{"allow":["GET"]}}],"collection":[{"href":"https:\/\/kapitel-zwei.de\/es\/wp-json\/wp\/v2\/pages"}],"about":[{"href":"https:\/\/kapitel-zwei.de\/es\/wp-json\/wp\/v2\/types\/page"}],"author":[{"embeddable":true,"href":"https:\/\/kapitel-zwei.de\/es\/wp-json\/wp\/v2\/users\/16"}],"replies":[{"embeddable":true,"href":"https:\/\/kapitel-zwei.de\/es\/wp-json\/wp\/v2\/comments?post=113874"}],"version-history":[{"count":2,"href":"https:\/\/kapitel-zwei.de\/es\/wp-json\/wp\/v2\/pages\/113874\/revisions"}],"predecessor-version":[{"id":113876,"href":"https:\/\/kapitel-zwei.de\/es\/wp-json\/wp\/v2\/pages\/113874\/revisions\/113876"}],"wp:attachment":[{"href":"https:\/\/kapitel-zwei.de\/es\/wp-json\/wp\/v2\/media?parent=113874"}],"curies":[{"name":"wp","href":"https:\/\/api.w.org\/{rel}","templated":true}]}}