{"id":15323,"date":"2016-12-25T12:16:56","date_gmt":"2016-12-25T11:16:56","guid":{"rendered":"http:\/\/relaunch.kapitel-zwei.de\/es\/?page_id=15323"},"modified":"2025-05-09T15:09:44","modified_gmt":"2025-05-09T13:09:44","slug":"muchas-gracias-por-tu-inscripcion","status":"publish","type":"page","link":"https:\/\/kapitel-zwei.de\/es\/muchas-gracias-por-tu-inscripcion\/","title":{"rendered":"Muchas gracias por tu inscripci\u00f3n"},"content":{"rendered":"\n<style type=\"text\/css\" data-created_by=\"avia_inline_auto\" id=\"style-css-av-1k81jyz-91bbf63ddf96ce8a495c424c605ef94f\">\n.flex_column.av-1k81jyz-91bbf63ddf96ce8a495c424c605ef94f{\nborder-radius:0px 0px 0px 0px;\npadding:0px 0px 0px 0px;\n}\n<\/style>\n<div  class='flex_column av-1k81jyz-91bbf63ddf96ce8a495c424c605ef94f av_one_third  avia-builder-el-0  el_before_av_two_third  avia-builder-el-first  first flex_column_div av-zero-column-padding  '     ><style type=\"text\/css\" data-created_by=\"avia_inline_auto\" id=\"style-css-av-15nedp7-f400c63021faf5d59f15a3c7a962dcce\">\n.avia-image-container.av-15nedp7-f400c63021faf5d59f15a3c7a962dcce img.avia_image{\nbox-shadow:none;\n}\n.avia-image-container.av-15nedp7-f400c63021faf5d59f15a3c7a962dcce .av-image-caption-overlay-center{\ncolor:#ffffff;\n}\n<\/style>\n<div  class='avia-image-container av-15nedp7-f400c63021faf5d59f15a3c7a962dcce av-styling- avia-align-center  avia-builder-el-1  avia-builder-el-no-sibling '   itemprop=\"image\" itemscope=\"itemscope\" itemtype=\"https:\/\/schema.org\/ImageObject\" ><div class=\"avia-image-container-inner\"><div class=\"avia-image-overlay-wrap\"><img decoding=\"async\" fetchpriority=\"high\" class='wp-image-101719 avia-img-lazy-loading-not-101719 avia_image ' src=\"https:\/\/kapitel-zwei.de\/wp-content\/uploads\/2021\/09\/Deutsch-lernen-online-Kapitel-Zwei-Deutschkurs-1.jpg\" alt='Deutsch lernen online Kapitel Zwei Deutschkurs' title='Deutsch lernen online Kapitel Zwei Deutschkurs'  height=\"836\" width=\"1254\"  itemprop=\"thumbnailUrl\" srcset=\"https:\/\/kapitel-zwei.de\/wp-content\/uploads\/2021\/09\/Deutsch-lernen-online-Kapitel-Zwei-Deutschkurs-1.jpg 1254w, https:\/\/kapitel-zwei.de\/wp-content\/uploads\/2021\/09\/Deutsch-lernen-online-Kapitel-Zwei-Deutschkurs-1-300x200.jpg 300w, https:\/\/kapitel-zwei.de\/wp-content\/uploads\/2021\/09\/Deutsch-lernen-online-Kapitel-Zwei-Deutschkurs-1-1030x687.jpg 1030w, https:\/\/kapitel-zwei.de\/wp-content\/uploads\/2021\/09\/Deutsch-lernen-online-Kapitel-Zwei-Deutschkurs-1-80x53.jpg 80w, https:\/\/kapitel-zwei.de\/wp-content\/uploads\/2021\/09\/Deutsch-lernen-online-Kapitel-Zwei-Deutschkurs-1-768x512.jpg 768w, https:\/\/kapitel-zwei.de\/wp-content\/uploads\/2021\/09\/Deutsch-lernen-online-Kapitel-Zwei-Deutschkurs-1-705x470.jpg 705w\" sizes=\"(max-width: 1254px) 100vw, 1254px\" \/><\/div><\/div><\/div><\/div>\n<style type=\"text\/css\" data-created_by=\"avia_inline_auto\" id=\"style-css-av-2ungij-9403c8e4b3c1684f8c3ba20f73af3943\">\n.flex_column.av-2ungij-9403c8e4b3c1684f8c3ba20f73af3943{\nborder-radius:0px 0px 0px 0px;\npadding:0px 0px 0px 0px;\n}\n<\/style>\n<div  class='flex_column av-2ungij-9403c8e4b3c1684f8c3ba20f73af3943 av_two_third  avia-builder-el-2  el_after_av_one_third  avia-builder-el-last  flex_column_div av-zero-column-padding  '     ><style type=\"text\/css\" data-created_by=\"avia_inline_auto\" id=\"style-css-av-lwq5atz2-2342e71df8ecb8f012d387e1966b90ee\">\n#top .av_textblock_section.av-lwq5atz2-2342e71df8ecb8f012d387e1966b90ee .avia_textblock{\nfont-size:16px;\n}\n<\/style>\n<section  class='av_textblock_section av-lwq5atz2-2342e71df8ecb8f012d387e1966b90ee '   itemscope=\"itemscope\" itemtype=\"https:\/\/schema.org\/CreativeWork\" ><div class='avia_textblock'  itemprop=\"text\" ><h2><strong>Bienvenido a \u00abKapitel Zwei Berlin\u00bb<\/strong><\/h2>\n<p>Estimado\/a estudiante:<\/p>\n<p>Muchas gracias por tu inscripci\u00f3n en \u201cKapitel Zwei Berl\u00edn\u201d. Aqu\u00ed te informamos sobre los pr\u00f3ximos pasos. Estos los organizamos seg\u00fan si te has inscrito para un <strong>examen<\/strong> o un <strong>curso<\/strong> de alem\u00e1n, as\u00ed como si eres \u201cnuevo cliente\u201d o \u201ccliente existente\u201d.<\/p>\n<p><strong>Ex\u00e1menes:<\/strong><br \/>\nLos estudiantes que solo desean realizar un examen telc Deutsch no necesitan hacer una prueba de nivel. Te contactaremos por correo electr\u00f3nico durante nuestro horario de oficina.<\/p>\n<p><strong>Curso de alem\u00e1n (para nuevos estudiantes):<\/strong><br \/>\nLos nuevos estudiantes que deseen asistir a un curso de alem\u00e1n recibir\u00e1n directamente un enlace para una prueba de nivel en l\u00ednea. Una vez identificado tu nivel de alem\u00e1n, te enviaremos una confirmaci\u00f3n de reserva con las condiciones de pago para el curso de tu preferencia.<\/p>\n<p><strong>Clientes existentes:<\/strong><br \/>\nSi ya est\u00e1s tomando cursos en Kapitel Zwei, no necesitas volver a hacer la prueba de nivel. Solo env\u00edanos un correo electr\u00f3nico.<\/p>\n<p><strong>\u00bfQu\u00e9 sucede despu\u00e9s?<\/strong><br \/>\nNos pondremos en contacto contigo lo antes posible, dentro de 24 a 48 horas.<\/p>\n<p>Recibir\u00e1s una <strong>reserva<\/strong> para tu curso y\/o examen. Una vez que hayamos recibido el pago, recibir\u00e1s una <strong>confirmaci\u00f3n de pago<\/strong> acompa\u00f1ada de todos los detalles necesarios sobre tu curso y examen. Si lo solicitas, podemos proporcionarte una carta oficial para presentar en la embajada o el consulado para fines de visado.<\/p>\n<p>Si tienes preguntas no dudes en contarnos por email: <strong>berlin@kapitel-zwei.de<\/strong><\/p>\n<p>Esperamos conocerte muy pronto!<\/p>\n<p>El equipo de \u00abKapitel Zwei\u00bb<\/p>\n<\/div><\/section><\/div><\/p>\n","protected":false},"excerpt":{"rendered":"","protected":false},"author":16,"featured_media":0,"parent":0,"menu_order":0,"comment_status":"closed","ping_status":"closed","template":"","meta":{"footnotes":""},"class_list":["post-15323","page","type-page","status-publish","hentry"],"yoast_head":"<!-- This site is optimized with the Yoast SEO Premium plugin v24.4 (Yoast SEO v24.4) - https:\/\/yoast.com\/wordpress\/plugins\/seo\/ -->\n<title>Muchas gracias por tu inscripci\u00f3n - Academia de alem\u00e1n Berl\u00edn<\/title>\n<meta name=\"description\" content=\"Nos pondremos en contacto contigo tan pronto como sea posible - dentro de 24 a 48 horas. Despu\u00e9s de que hayamos identificado tu nivel de alem\u00e1n, te enviamos tu reserva y toda la informaci\u00f3n necesaria sobre la forma de pago v\u00eda transferencia bancaria.\" \/>\n<meta name=\"robots\" content=\"index, follow, max-snippet:-1, max-image-preview:large, max-video-preview:-1\" \/>\n<link rel=\"canonical\" href=\"https:\/\/kapitel-zwei.de\/es\/muchas-gracias-por-tu-inscripcion\/\" \/>\n<meta property=\"og:locale\" content=\"es_ES\" \/>\n<meta property=\"og:type\" content=\"article\" \/>\n<meta property=\"og:title\" content=\"Muchas gracias por tu inscripci\u00f3n\" \/>\n<meta property=\"og:description\" content=\"Nos pondremos en contacto contigo tan pronto como sea posible - dentro de 24 a 48 horas. Despu\u00e9s de que hayamos identificado tu nivel de alem\u00e1n, te enviamos tu reserva y toda la informaci\u00f3n necesaria sobre la forma de pago v\u00eda transferencia bancaria.\" \/>\n<meta property=\"og:url\" content=\"https:\/\/kapitel-zwei.de\/es\/muchas-gracias-por-tu-inscripcion\/\" \/>\n<meta property=\"og:site_name\" content=\"Kapitel Zwei Berlin\" \/>\n<meta property=\"article:publisher\" content=\"https:\/\/www.facebook.com\/kapitelzwei\/\" \/>\n<meta property=\"article:modified_time\" content=\"2025-05-09T13:09:44+00:00\" \/>\n<meta name=\"twitter:card\" content=\"summary_large_image\" \/>\n<meta name=\"twitter:site\" content=\"@kapitelzwei\" \/>\n<meta name=\"twitter:label1\" content=\"Tiempo de lectura\" \/>\n\t<meta name=\"twitter:data1\" content=\"2 minutos\" \/>\n<script type=\"application\/ld+json\" class=\"yoast-schema-graph\">{\"@context\":\"https:\/\/schema.org\",\"@graph\":[{\"@type\":\"WebPage\",\"@id\":\"https:\/\/kapitel-zwei.de\/es\/muchas-gracias-por-tu-inscripcion\/\",\"url\":\"https:\/\/kapitel-zwei.de\/es\/muchas-gracias-por-tu-inscripcion\/\",\"name\":\"Muchas gracias por tu inscripci\u00f3n - Academia de alem\u00e1n Berl\u00edn\",\"isPartOf\":{\"@id\":\"https:\/\/kapitel-zwei.de\/es\/#website\"},\"datePublished\":\"2016-12-25T11:16:56+00:00\",\"dateModified\":\"2025-05-09T13:09:44+00:00\",\"description\":\"Nos pondremos en contacto contigo tan pronto como sea posible - dentro de 24 a 48 horas. Despu\u00e9s de que hayamos identificado tu nivel de alem\u00e1n, te enviamos tu reserva y toda la informaci\u00f3n necesaria sobre la forma de pago v\u00eda transferencia bancaria.\",\"breadcrumb\":{\"@id\":\"https:\/\/kapitel-zwei.de\/es\/muchas-gracias-por-tu-inscripcion\/#breadcrumb\"},\"inLanguage\":\"es\",\"potentialAction\":[{\"@type\":\"ReadAction\",\"target\":[\"https:\/\/kapitel-zwei.de\/es\/muchas-gracias-por-tu-inscripcion\/\"]}]},{\"@type\":\"BreadcrumbList\",\"@id\":\"https:\/\/kapitel-zwei.de\/es\/muchas-gracias-por-tu-inscripcion\/#breadcrumb\",\"itemListElement\":[{\"@type\":\"ListItem\",\"position\":1,\"name\":\"Startseite\",\"item\":\"https:\/\/kapitel-zwei.de\/es\/\"},{\"@type\":\"ListItem\",\"position\":2,\"name\":\"Muchas gracias por tu inscripci\u00f3n\"}]},{\"@type\":\"WebSite\",\"@id\":\"https:\/\/kapitel-zwei.de\/es\/#website\",\"url\":\"https:\/\/kapitel-zwei.de\/es\/\",\"name\":\"Kapitel Zwei Berlin\",\"description\":\"Deutschkurs Berlin | Sprachschule Berlin | German language school Berlin | telc Berlin | Deutsch Pr\u00fcfung Berlin | Intensive German courses Berlin | TestDaF Pr\u00fcfung | Online Kurse\",\"publisher\":{\"@id\":\"https:\/\/kapitel-zwei.de\/es\/#organization\"},\"potentialAction\":[{\"@type\":\"SearchAction\",\"target\":{\"@type\":\"EntryPoint\",\"urlTemplate\":\"https:\/\/kapitel-zwei.de\/es\/?s={search_term_string}\"},\"query-input\":{\"@type\":\"PropertyValueSpecification\",\"valueRequired\":true,\"valueName\":\"search_term_string\"}}],\"inLanguage\":\"es\"},{\"@type\":\"Organization\",\"@id\":\"https:\/\/kapitel-zwei.de\/es\/#organization\",\"name\":\"Kapitel Zwei. Deutsch-Sprachschule Berlin GmbH\",\"url\":\"https:\/\/kapitel-zwei.de\/es\/\",\"logo\":{\"@type\":\"ImageObject\",\"inLanguage\":\"es\",\"@id\":\"https:\/\/kapitel-zwei.de\/es\/#\/schema\/logo\/image\/\",\"url\":\"https:\/\/kapitel-zwei.de\/wp-content\/uploads\/2018\/08\/Kapitel-Zwei-Berlin-Sprachschule-Deutsch-Deutschkurse-Berlin.jpg\",\"contentUrl\":\"https:\/\/kapitel-zwei.de\/wp-content\/uploads\/2018\/08\/Kapitel-Zwei-Berlin-Sprachschule-Deutsch-Deutschkurse-Berlin.jpg\",\"width\":350,\"height\":101,\"caption\":\"Kapitel Zwei. Deutsch-Sprachschule Berlin GmbH\"},\"image\":{\"@id\":\"https:\/\/kapitel-zwei.de\/es\/#\/schema\/logo\/image\/\"},\"sameAs\":[\"https:\/\/www.facebook.com\/kapitelzwei\/\",\"https:\/\/x.com\/kapitelzwei\"]}]}<\/script>\n<!-- \/ Yoast SEO Premium plugin. -->","yoast_head_json":{"title":"Muchas gracias por tu inscripci\u00f3n - Academia de alem\u00e1n Berl\u00edn","description":"Nos pondremos en contacto contigo tan pronto como sea posible - dentro de 24 a 48 horas. Despu\u00e9s de que hayamos identificado tu nivel de alem\u00e1n, te enviamos tu reserva y toda la informaci\u00f3n necesaria sobre la forma de pago v\u00eda transferencia bancaria.","robots":{"index":"index","follow":"follow","max-snippet":"max-snippet:-1","max-image-preview":"max-image-preview:large","max-video-preview":"max-video-preview:-1"},"canonical":"https:\/\/kapitel-zwei.de\/es\/muchas-gracias-por-tu-inscripcion\/","og_locale":"es_ES","og_type":"article","og_title":"Muchas gracias por tu inscripci\u00f3n","og_description":"Nos pondremos en contacto contigo tan pronto como sea posible - dentro de 24 a 48 horas. Despu\u00e9s de que hayamos identificado tu nivel de alem\u00e1n, te enviamos tu reserva y toda la informaci\u00f3n necesaria sobre la forma de pago v\u00eda transferencia bancaria.","og_url":"https:\/\/kapitel-zwei.de\/es\/muchas-gracias-por-tu-inscripcion\/","og_site_name":"Kapitel Zwei Berlin","article_publisher":"https:\/\/www.facebook.com\/kapitelzwei\/","article_modified_time":"2025-05-09T13:09:44+00:00","twitter_card":"summary_large_image","twitter_site":"@kapitelzwei","twitter_misc":{"Tiempo de lectura":"2 minutos"},"schema":{"@context":"https:\/\/schema.org","@graph":[{"@type":"WebPage","@id":"https:\/\/kapitel-zwei.de\/es\/muchas-gracias-por-tu-inscripcion\/","url":"https:\/\/kapitel-zwei.de\/es\/muchas-gracias-por-tu-inscripcion\/","name":"Muchas gracias por tu inscripci\u00f3n - Academia de alem\u00e1n Berl\u00edn","isPartOf":{"@id":"https:\/\/kapitel-zwei.de\/es\/#website"},"datePublished":"2016-12-25T11:16:56+00:00","dateModified":"2025-05-09T13:09:44+00:00","description":"Nos pondremos en contacto contigo tan pronto como sea posible - dentro de 24 a 48 horas. Despu\u00e9s de que hayamos identificado tu nivel de alem\u00e1n, te enviamos tu reserva y toda la informaci\u00f3n necesaria sobre la forma de pago v\u00eda transferencia bancaria.","breadcrumb":{"@id":"https:\/\/kapitel-zwei.de\/es\/muchas-gracias-por-tu-inscripcion\/#breadcrumb"},"inLanguage":"es","potentialAction":[{"@type":"ReadAction","target":["https:\/\/kapitel-zwei.de\/es\/muchas-gracias-por-tu-inscripcion\/"]}]},{"@type":"BreadcrumbList","@id":"https:\/\/kapitel-zwei.de\/es\/muchas-gracias-por-tu-inscripcion\/#breadcrumb","itemListElement":[{"@type":"ListItem","position":1,"name":"Startseite","item":"https:\/\/kapitel-zwei.de\/es\/"},{"@type":"ListItem","position":2,"name":"Muchas gracias por tu inscripci\u00f3n"}]},{"@type":"WebSite","@id":"https:\/\/kapitel-zwei.de\/es\/#website","url":"https:\/\/kapitel-zwei.de\/es\/","name":"Kapitel Zwei Berlin","description":"Deutschkurs Berlin | Sprachschule Berlin | German language school Berlin | telc Berlin | Deutsch Pr\u00fcfung Berlin | Intensive German courses Berlin | TestDaF Pr\u00fcfung | Online Kurse","publisher":{"@id":"https:\/\/kapitel-zwei.de\/es\/#organization"},"potentialAction":[{"@type":"SearchAction","target":{"@type":"EntryPoint","urlTemplate":"https:\/\/kapitel-zwei.de\/es\/?s={search_term_string}"},"query-input":{"@type":"PropertyValueSpecification","valueRequired":true,"valueName":"search_term_string"}}],"inLanguage":"es"},{"@type":"Organization","@id":"https:\/\/kapitel-zwei.de\/es\/#organization","name":"Kapitel Zwei. Deutsch-Sprachschule Berlin GmbH","url":"https:\/\/kapitel-zwei.de\/es\/","logo":{"@type":"ImageObject","inLanguage":"es","@id":"https:\/\/kapitel-zwei.de\/es\/#\/schema\/logo\/image\/","url":"https:\/\/kapitel-zwei.de\/wp-content\/uploads\/2018\/08\/Kapitel-Zwei-Berlin-Sprachschule-Deutsch-Deutschkurse-Berlin.jpg","contentUrl":"https:\/\/kapitel-zwei.de\/wp-content\/uploads\/2018\/08\/Kapitel-Zwei-Berlin-Sprachschule-Deutsch-Deutschkurse-Berlin.jpg","width":350,"height":101,"caption":"Kapitel Zwei. Deutsch-Sprachschule Berlin GmbH"},"image":{"@id":"https:\/\/kapitel-zwei.de\/es\/#\/schema\/logo\/image\/"},"sameAs":["https:\/\/www.facebook.com\/kapitelzwei\/","https:\/\/x.com\/kapitelzwei"]}]}},"_links":{"self":[{"href":"https:\/\/kapitel-zwei.de\/es\/wp-json\/wp\/v2\/pages\/15323","targetHints":{"allow":["GET"]}}],"collection":[{"href":"https:\/\/kapitel-zwei.de\/es\/wp-json\/wp\/v2\/pages"}],"about":[{"href":"https:\/\/kapitel-zwei.de\/es\/wp-json\/wp\/v2\/types\/page"}],"author":[{"embeddable":true,"href":"https:\/\/kapitel-zwei.de\/es\/wp-json\/wp\/v2\/users\/16"}],"replies":[{"embeddable":true,"href":"https:\/\/kapitel-zwei.de\/es\/wp-json\/wp\/v2\/comments?post=15323"}],"version-history":[{"count":14,"href":"https:\/\/kapitel-zwei.de\/es\/wp-json\/wp\/v2\/pages\/15323\/revisions"}],"predecessor-version":[{"id":123324,"href":"https:\/\/kapitel-zwei.de\/es\/wp-json\/wp\/v2\/pages\/15323\/revisions\/123324"}],"wp:attachment":[{"href":"https:\/\/kapitel-zwei.de\/es\/wp-json\/wp\/v2\/media?parent=15323"}],"curies":[{"name":"wp","href":"https:\/\/api.w.org\/{rel}","templated":true}]}}