{"id":3543,"date":"2015-10-14T18:17:17","date_gmt":"2015-10-14T16:17:17","guid":{"rendered":"http:\/\/relaunch.kapitel-zwei.de\/es\/deine-sprachschule\/"},"modified":"2025-03-13T18:03:19","modified_gmt":"2025-03-13T17:03:19","slug":"escuela-aleman-berlin","status":"publish","type":"page","link":"https:\/\/kapitel-zwei.de\/es\/escuela-aleman-berlin\/","title":{"rendered":"Tu escuela"},"content":{"rendered":"\n<style type=\"text\/css\" data-created_by=\"avia_inline_auto\" id=\"style-css-av-1rtnhd3-b3c1a5f83bfa2fac89f8e3e550aac7b4\">\n.flex_column.av-1rtnhd3-b3c1a5f83bfa2fac89f8e3e550aac7b4{\nborder-radius:0px 0px 0px 0px;\npadding:0px 0px 0px 0px;\n}\n<\/style>\n<div  class='flex_column av-1rtnhd3-b3c1a5f83bfa2fac89f8e3e550aac7b4 av_one_full  avia-builder-el-0  el_before_av_layout_row  avia-builder-el-no-sibling  first flex_column_div av-zero-column-padding  '     ><section  class='av_textblock_section av-1py07lz-c4bd8ea1f7d4c0a022f20949542f2ab2 '   itemscope=\"itemscope\" itemtype=\"https:\/\/schema.org\/CreativeWork\" ><div class='avia_textblock'  itemprop=\"text\" ><h1><span style=\"color: #ff6600;\">Tu escuela de alem\u00e1n en Berl\u00edn<\/span><\/h1>\n<\/div><\/section><br \/>\n<section  class='av_textblock_section av-1nyqu7r-bd6336af68872b6e6c6543b205e5e5ec '   itemscope=\"itemscope\" itemtype=\"https:\/\/schema.org\/CreativeWork\" ><div class='avia_textblock'  itemprop=\"text\" ><p>Aqu\u00ed encuentras toda informaci\u00f3n necesaria sobre \u201cKapitel Zwei\u201d, escuela de idioma alem\u00e1n en Berlin \u00abAm K\u00f6llnischen Park 1\u00bb. Si tienes alguna pregunta, no dudes en contactarnos.<\/p>\n<\/div><\/section><\/p><\/div>\n<\/div><\/div><\/div><!-- close content main div --><\/div><\/div><div id='av-layout-grid-1'  class='av-layout-grid-container av-1bydf9z-3d18b4f161ec112c24982f6fe871b25e entry-content-wrapper main_color av-flex-cells  avia-builder-el-3  el_after_av_one_full  el_before_av_hr  grid-row-not-first  container_wrap fullsize'  >\n\n<style type=\"text\/css\" data-created_by=\"avia_inline_auto\" id=\"style-css-av-194mfzr-c6c0cf794e0dfd4f2ed1b62f0bbdaf5b\">\n.flex_cell.av-194mfzr-c6c0cf794e0dfd4f2ed1b62f0bbdaf5b{\nvertical-align:top;\n}\n.responsive #top #wrap_all .flex_cell.av-194mfzr-c6c0cf794e0dfd4f2ed1b62f0bbdaf5b{\npadding:0 30px 0 30px !important;\n}\n<\/style>\n<div class='flex_cell av-194mfzr-c6c0cf794e0dfd4f2ed1b62f0bbdaf5b av-gridrow-cell av_two_fifth no_margin  avia-builder-el-4  el_before_av_cell_three_fifth  avia-builder-el-first '  ><div class='flex_cell_inner'>\n<style type=\"text\/css\" data-created_by=\"avia_inline_auto\" id=\"style-css-av-17ttcev-140864b3258f2928b2cb0b2c36c2ab63\">\n.avia-image-container.av-17ttcev-140864b3258f2928b2cb0b2c36c2ab63 img.avia_image{\nbox-shadow:none;\n}\n.avia-image-container.av-17ttcev-140864b3258f2928b2cb0b2c36c2ab63 .av-image-caption-overlay-center{\ncolor:#ffffff;\n}\n<\/style>\n<div  class='avia-image-container av-17ttcev-140864b3258f2928b2cb0b2c36c2ab63 av-styling- av-img-linked avia-align-left  avia-builder-el-5  avia-builder-el-no-sibling '   itemprop=\"image\" itemscope=\"itemscope\" itemtype=\"https:\/\/schema.org\/ImageObject\" ><div class=\"avia-image-container-inner\"><div class=\"avia-image-overlay-wrap\"><img decoding=\"async\" fetchpriority=\"high\" class='wp-image-92956 avia-img-lazy-loading-not-92956 avia_image ' src=\"https:\/\/kapitel-zwei.de\/wp-content\/uploads\/2018\/03\/Sprachschule-Deutsch-Berlin-Alexanderplatz-Jannowitzbr\u00fccke.jpg\" alt='' title='Sprachschule Deutsch Berlin Alexanderplatz Jannowitzbr\u00fccke'  height=\"3564\" width=\"5334\"  itemprop=\"thumbnailUrl\" srcset=\"https:\/\/kapitel-zwei.de\/wp-content\/uploads\/2018\/03\/Sprachschule-Deutsch-Berlin-Alexanderplatz-Jannowitzbr\u00fccke.jpg 5334w, https:\/\/kapitel-zwei.de\/wp-content\/uploads\/2018\/03\/Sprachschule-Deutsch-Berlin-Alexanderplatz-Jannowitzbr\u00fccke-80x53.jpg 80w, https:\/\/kapitel-zwei.de\/wp-content\/uploads\/2018\/03\/Sprachschule-Deutsch-Berlin-Alexanderplatz-Jannowitzbr\u00fccke-300x200.jpg 300w, https:\/\/kapitel-zwei.de\/wp-content\/uploads\/2018\/03\/Sprachschule-Deutsch-Berlin-Alexanderplatz-Jannowitzbr\u00fccke-768x513.jpg 768w, https:\/\/kapitel-zwei.de\/wp-content\/uploads\/2018\/03\/Sprachschule-Deutsch-Berlin-Alexanderplatz-Jannowitzbr\u00fccke-1030x688.jpg 1030w, https:\/\/kapitel-zwei.de\/wp-content\/uploads\/2018\/03\/Sprachschule-Deutsch-Berlin-Alexanderplatz-Jannowitzbr\u00fccke-1500x1002.jpg 1500w, https:\/\/kapitel-zwei.de\/wp-content\/uploads\/2018\/03\/Sprachschule-Deutsch-Berlin-Alexanderplatz-Jannowitzbr\u00fccke-705x471.jpg 705w, https:\/\/kapitel-zwei.de\/wp-content\/uploads\/2018\/03\/Sprachschule-Deutsch-Berlin-Alexanderplatz-Jannowitzbr\u00fccke-450x301.jpg 450w\" sizes=\"(max-width: 5334px) 100vw, 5334px\" \/><\/div><\/div><\/div>\n<\/div><\/div>\n<style type=\"text\/css\" data-created_by=\"avia_inline_auto\" id=\"style-css-av-16o62nb-d6ee3743087b6520e37a10504c66fecd\">\n.flex_cell.av-16o62nb-d6ee3743087b6520e37a10504c66fecd{\nvertical-align:top;\n}\n.responsive #top #wrap_all .flex_cell.av-16o62nb-d6ee3743087b6520e37a10504c66fecd{\npadding:0 30px 0 30px !important;\n}\n<\/style>\n<div class='flex_cell av-16o62nb-d6ee3743087b6520e37a10504c66fecd av-gridrow-cell av_three_fifth no_margin  avia-builder-el-6  el_after_av_cell_two_fifth  avia-builder-el-last '  ><div class='flex_cell_inner'><section  class='av_textblock_section av-1468rfr-e6bfbb60a8b029fd8cda4a57be3bc167 '   itemscope=\"itemscope\" itemtype=\"https:\/\/schema.org\/CreativeWork\" ><div class='avia_textblock'  itemprop=\"text\" ><h2><a href=\"https:\/\/kapitel-zwei.de\/es\/escuela-de-idioma-aleman-berlin\/contacto\/\">Cont\u00e1ctenos<\/a><\/h2>\n<\/div><\/section><br \/>\n<section  class='av_textblock_section av-13l6g1z-427697212c8401d106d3d6047967d276 '   itemscope=\"itemscope\" itemtype=\"https:\/\/schema.org\/CreativeWork\" ><div class='avia_textblock'  itemprop=\"text\" ><p>\u00bfA\u00fan tienes preguntas en cuanto al curso de idioma en Berl\u00edn? Nos puedes contactar a traves de los siguientes medios:<\/p>\n<p><a href=\"https:\/\/kapitel-zwei.de\/es\/escuela-de-idioma-aleman-berlin\/contacto\/\">Continua leyendo<\/a><\/p>\n<\/div><\/section><\/p>\n<\/div><\/div>\n<\/div><div id='after_grid_row_1'  class='main_color av_default_container_wrap container_wrap fullsize'  ><div class='container av-section-cont-open' ><div class='template-page content  av-content-full alpha units'><div class='post-entry post-entry-type-page post-entry-3543'><div class='entry-content-wrapper clearfix'>\n<div  class='hr av-dnrcn-f7036ab602af5295d39898ce4cc76d50 hr-default  avia-builder-el-9  el_after_av_layout_row  el_before_av_layout_row  avia-builder-el-no-sibling '><span class='hr-inner '><span class=\"hr-inner-style\"><\/span><\/span><\/div>\n<\/div><\/div><\/div><!-- close content main div --><\/div><\/div><div id='av-layout-grid-2'  class='av-layout-grid-container av-zviugn-f5aa43250ddcf4373319f7d201297be3 entry-content-wrapper main_color av-flex-cells  avia-builder-el-10  el_after_av_hr  el_before_av_hr  grid-row-not-first  container_wrap fullsize'  >\n\n<style type=\"text\/css\" data-created_by=\"avia_inline_auto\" id=\"style-css-av-y115mf-df97ce7785adac0319616937aca25028\">\n.flex_cell.av-y115mf-df97ce7785adac0319616937aca25028{\nvertical-align:top;\n}\n.responsive #top #wrap_all .flex_cell.av-y115mf-df97ce7785adac0319616937aca25028{\npadding:0 30px 0 30px !important;\n}\n<\/style>\n<div class='flex_cell av-y115mf-df97ce7785adac0319616937aca25028 av-gridrow-cell av_two_fifth no_margin  avia-builder-el-11  el_before_av_cell_three_fifth  avia-builder-el-first '  ><div class='flex_cell_inner'>\n<style type=\"text\/css\" data-created_by=\"avia_inline_auto\" id=\"style-css-av-vorw3b-5fb17649903d2941cbea59c0ff3c3ffa\">\n.avia-image-container.av-vorw3b-5fb17649903d2941cbea59c0ff3c3ffa img.avia_image{\nbox-shadow:none;\n}\n.avia-image-container.av-vorw3b-5fb17649903d2941cbea59c0ff3c3ffa .av-image-caption-overlay-center{\ncolor:#ffffff;\n}\n<\/style>\n<div  class='avia-image-container av-vorw3b-5fb17649903d2941cbea59c0ff3c3ffa av-styling- av-img-linked avia-align-left  avia-builder-el-12  avia-builder-el-no-sibling '   itemprop=\"image\" itemscope=\"itemscope\" itemtype=\"https:\/\/schema.org\/ImageObject\" ><div class=\"avia-image-container-inner\"><div class=\"avia-image-overlay-wrap\"><img decoding=\"async\" fetchpriority=\"high\" class='wp-image-10934 avia-img-lazy-loading-not-10934 avia_image ' src=\"https:\/\/kapitel-zwei.de\/wp-content\/uploads\/2015\/10\/Kapitel-Zwei-Berlin-FAQ.jpg\" alt='Kapitel Zwei Berlin FAQ' title='Kapitel Zwei Berlin FAQ'  height=\"2133\" width=\"3200\"  itemprop=\"thumbnailUrl\" srcset=\"https:\/\/kapitel-zwei.de\/wp-content\/uploads\/2015\/10\/Kapitel-Zwei-Berlin-FAQ.jpg 3200w, https:\/\/kapitel-zwei.de\/wp-content\/uploads\/2015\/10\/Kapitel-Zwei-Berlin-FAQ-80x53.jpg 80w, https:\/\/kapitel-zwei.de\/wp-content\/uploads\/2015\/10\/Kapitel-Zwei-Berlin-FAQ-300x200.jpg 300w, https:\/\/kapitel-zwei.de\/wp-content\/uploads\/2015\/10\/Kapitel-Zwei-Berlin-FAQ-768x512.jpg 768w, https:\/\/kapitel-zwei.de\/wp-content\/uploads\/2015\/10\/Kapitel-Zwei-Berlin-FAQ-1030x687.jpg 1030w, https:\/\/kapitel-zwei.de\/wp-content\/uploads\/2015\/10\/Kapitel-Zwei-Berlin-FAQ-1500x1000.jpg 1500w, https:\/\/kapitel-zwei.de\/wp-content\/uploads\/2015\/10\/Kapitel-Zwei-Berlin-FAQ-705x470.jpg 705w, https:\/\/kapitel-zwei.de\/wp-content\/uploads\/2015\/10\/Kapitel-Zwei-Berlin-FAQ-450x300.jpg 450w\" sizes=\"(max-width: 3200px) 100vw, 3200px\" \/><\/div><\/div><\/div>\n<\/div><\/div>\n<style type=\"text\/css\" data-created_by=\"avia_inline_auto\" id=\"style-css-av-v6x3nr-d738c3a7f1ae6aac327b347e505dae54\">\n.flex_cell.av-v6x3nr-d738c3a7f1ae6aac327b347e505dae54{\nvertical-align:top;\n}\n.responsive #top #wrap_all .flex_cell.av-v6x3nr-d738c3a7f1ae6aac327b347e505dae54{\npadding:0 30px 0 30px !important;\n}\n<\/style>\n<div class='flex_cell av-v6x3nr-d738c3a7f1ae6aac327b347e505dae54 av-gridrow-cell av_three_fifth no_margin  avia-builder-el-13  el_after_av_cell_two_fifth  avia-builder-el-last '  ><div class='flex_cell_inner'><section  class='av_textblock_section av-t86szr-1d82f499f34f764a7bf8d062d50aba7f '   itemscope=\"itemscope\" itemtype=\"https:\/\/schema.org\/CreativeWork\" ><div class='avia_textblock'  itemprop=\"text\" ><h2><a href=\"https:\/\/kapitel-zwei.de\/es\/escuela-de-idioma-aleman-berlin\/faq\/\">FAQ<\/a><\/h2>\n<\/div><\/section><br \/>\n<section  class='av_textblock_section av-r1navb-37d4a3ea1572970d9788bcca9cb11433 '   itemscope=\"itemscope\" itemtype=\"https:\/\/schema.org\/CreativeWork\" ><div class='avia_textblock'  itemprop=\"text\" ><p>Aqu\u00ed encontrar\u00e1s las respuestas importantes a preguntas diferentes en cuanto a nuestra escuela y tu curso de alem\u00e1n.<\/p>\n<p><a href=\"https:\/\/kapitel-zwei.de\/es\/escuela-de-idioma-aleman-berlin\/faq\/\">Continua leyendo<\/a><\/p>\n<\/div><\/section><\/p>\n<\/div><\/div>\n<\/div><div id='after_grid_row_2'  class='main_color av_default_container_wrap container_wrap fullsize'  ><div class='container av-section-cont-open' ><div class='template-page content  av-content-full alpha units'><div class='post-entry post-entry-type-page post-entry-3543'><div class='entry-content-wrapper clearfix'>\n<div  class='hr av-pkp0br-3ea4c85c4d414776bafbe8bd99c75d88 hr-default  avia-builder-el-16  el_after_av_layout_row  el_before_av_layout_row  avia-builder-el-no-sibling '><span class='hr-inner '><span class=\"hr-inner-style\"><\/span><\/span><\/div>\n<\/div><\/div><\/div><!-- close content main div --><\/div><\/div><div id='av-layout-grid-3'  class='av-layout-grid-container av-c81c87-8608eebb8b2ea54b28b8dfa6ae5f3d6a entry-content-wrapper main_color av-flex-cells  avia-builder-el-17  el_after_av_hr  el_before_av_hr  grid-row-not-first  container_wrap fullsize'  >\n\n<style type=\"text\/css\" data-created_by=\"avia_inline_auto\" id=\"style-css-av-a95wdj-984e2a1daafb29ca52c749a519eea9e6\">\n.flex_cell.av-a95wdj-984e2a1daafb29ca52c749a519eea9e6{\nvertical-align:top;\n}\n.responsive #top #wrap_all .flex_cell.av-a95wdj-984e2a1daafb29ca52c749a519eea9e6{\npadding:0 30px 0 30px !important;\n}\n<\/style>\n<div class='flex_cell av-a95wdj-984e2a1daafb29ca52c749a519eea9e6 av-gridrow-cell av_two_fifth no_margin  avia-builder-el-18  el_before_av_cell_three_fifth  avia-builder-el-first '  ><div class='flex_cell_inner'>\n<style type=\"text\/css\" data-created_by=\"avia_inline_auto\" id=\"style-css-av-8fncyv-d7460c87a39b32255f04ca3b166ad6a2\">\n.avia-image-container.av-8fncyv-d7460c87a39b32255f04ca3b166ad6a2 img.avia_image{\nbox-shadow:none;\n}\n.avia-image-container.av-8fncyv-d7460c87a39b32255f04ca3b166ad6a2 .av-image-caption-overlay-center{\ncolor:#ffffff;\n}\n<\/style>\n<div  class='avia-image-container av-8fncyv-d7460c87a39b32255f04ca3b166ad6a2 av-styling- av-img-linked avia-align-left  avia-builder-el-19  avia-builder-el-no-sibling '   itemprop=\"image\" itemscope=\"itemscope\" itemtype=\"https:\/\/schema.org\/ImageObject\" ><div class=\"avia-image-container-inner\"><div class=\"avia-image-overlay-wrap\"><img decoding=\"async\" fetchpriority=\"high\" class='wp-image-10936 avia-img-lazy-loading-not-10936 avia_image ' src=\"https:\/\/kapitel-zwei.de\/wp-content\/uploads\/2015\/10\/Kapitel-Zwei-Berlin-Bankdaten-2.jpg\" alt='Kapitel Zwei Berlin Bankdaten' title='Kapitel Zwei Berlin Bankdaten'  height=\"2133\" width=\"3200\"  itemprop=\"thumbnailUrl\" srcset=\"https:\/\/kapitel-zwei.de\/wp-content\/uploads\/2015\/10\/Kapitel-Zwei-Berlin-Bankdaten-2.jpg 3200w, https:\/\/kapitel-zwei.de\/wp-content\/uploads\/2015\/10\/Kapitel-Zwei-Berlin-Bankdaten-2-80x53.jpg 80w, https:\/\/kapitel-zwei.de\/wp-content\/uploads\/2015\/10\/Kapitel-Zwei-Berlin-Bankdaten-2-300x200.jpg 300w, https:\/\/kapitel-zwei.de\/wp-content\/uploads\/2015\/10\/Kapitel-Zwei-Berlin-Bankdaten-2-768x512.jpg 768w, https:\/\/kapitel-zwei.de\/wp-content\/uploads\/2015\/10\/Kapitel-Zwei-Berlin-Bankdaten-2-1030x687.jpg 1030w, https:\/\/kapitel-zwei.de\/wp-content\/uploads\/2015\/10\/Kapitel-Zwei-Berlin-Bankdaten-2-1500x1000.jpg 1500w, https:\/\/kapitel-zwei.de\/wp-content\/uploads\/2015\/10\/Kapitel-Zwei-Berlin-Bankdaten-2-705x470.jpg 705w, https:\/\/kapitel-zwei.de\/wp-content\/uploads\/2015\/10\/Kapitel-Zwei-Berlin-Bankdaten-2-450x300.jpg 450w\" sizes=\"(max-width: 3200px) 100vw, 3200px\" \/><\/div><\/div><\/div>\n<\/div><\/div>\n<style type=\"text\/css\" data-created_by=\"avia_inline_auto\" id=\"style-css-av-6vhr6v-725c6f5b5f1f43a80673bb79c37aa917\">\n.flex_cell.av-6vhr6v-725c6f5b5f1f43a80673bb79c37aa917{\nvertical-align:top;\n}\n.responsive #top #wrap_all .flex_cell.av-6vhr6v-725c6f5b5f1f43a80673bb79c37aa917{\npadding:0 30px 0 30px !important;\n}\n<\/style>\n<div class='flex_cell av-6vhr6v-725c6f5b5f1f43a80673bb79c37aa917 av-gridrow-cell av_three_fifth no_margin  avia-builder-el-20  el_after_av_cell_two_fifth  avia-builder-el-last '  ><div class='flex_cell_inner'><section  class='av_textblock_section av-6b9nrr-f9a341743bd19e5a9545619422454696 '   itemscope=\"itemscope\" itemtype=\"https:\/\/schema.org\/CreativeWork\" ><div class='avia_textblock'  itemprop=\"text\" ><h2><a href=\"https:\/\/kapitel-zwei.de\/es\/escuela-de-idioma-aleman-berlin\/datos-del-banco\/\">Datos del banco &#038; PayPal<\/a><\/h2>\n<\/div><\/section><br \/>\n<section  class='av_textblock_section av-43g2p3-58e72a05cad6fb5feba56e1e29862b60 '   itemscope=\"itemscope\" itemtype=\"https:\/\/schema.org\/CreativeWork\" ><div class='avia_textblock'  itemprop=\"text\" ><p>Igualmente tienes la posibilidad de pagar las tasas de tu curso de alem\u00e1n, tu examen en Kapitel Zwei y tu alojamiento por transferencia en la cuenta bancaria siguiente:<\/p>\n<p><a href=\"https:\/\/kapitel-zwei.de\/es\/escuela-de-idioma-aleman-berlin\/datos-del-banco\/\">Continua leyendo<\/a><\/p>\n<\/div><\/section><\/p>\n<\/div><\/div>\n<\/div><div id='after_grid_row_3'  class='main_color av_default_container_wrap container_wrap fullsize'  ><div class='container av-section-cont-open' ><div class='template-page content  av-content-full alpha units'><div class='post-entry post-entry-type-page post-entry-3543'><div class='entry-content-wrapper clearfix'>\n\n<style type=\"text\/css\" data-created_by=\"avia_inline_auto\" id=\"style-css-av-1u49gn-da214bf813d5464e390ef91e11869000\">\n#top .hr.hr-invisible.av-1u49gn-da214bf813d5464e390ef91e11869000{\nheight:25px;\n}\n<\/style>\n<div  class='hr av-1u49gn-da214bf813d5464e390ef91e11869000 hr-invisible  avia-builder-el-23  el_after_av_layout_row  avia-builder-el-no-sibling '><span class='hr-inner '><span class=\"hr-inner-style\"><\/span><\/span><\/div>\n","protected":false},"excerpt":{"rendered":"","protected":false},"author":16,"featured_media":0,"parent":0,"menu_order":2,"comment_status":"closed","ping_status":"closed","template":"","meta":{"footnotes":""},"class_list":["post-3543","page","type-page","status-publish","hentry"],"yoast_head":"<!-- This site is optimized with the Yoast SEO Premium plugin v24.4 (Yoast SEO v24.4) - https:\/\/yoast.com\/wordpress\/plugins\/seo\/ -->\n<title>Con\u00f3cenos: los integrantes de tu escuela se presentan - Kapitel 2<\/title>\n<meta name=\"description\" content=\"Conoce tu escuela de alem\u00e1n en Berl\u00edn. Kapitel Zwei se presenta. Con mucho gusto respondemos a tus preguntas, de forma profesional y de t\u00fa a t\u00fa.\" \/>\n<meta name=\"robots\" content=\"index, follow, max-snippet:-1, max-image-preview:large, max-video-preview:-1\" \/>\n<link rel=\"canonical\" href=\"https:\/\/kapitel-zwei.de\/es\/escuela-aleman-berlin\/\" \/>\n<meta property=\"og:locale\" content=\"es_ES\" \/>\n<meta property=\"og:type\" content=\"article\" \/>\n<meta property=\"og:title\" content=\"Tu escuela\" \/>\n<meta property=\"og:description\" content=\"Conoce tu escuela de alem\u00e1n en Berl\u00edn. Kapitel Zwei se presenta. Con mucho gusto respondemos a tus preguntas, de forma profesional y de t\u00fa a t\u00fa.\" \/>\n<meta property=\"og:url\" content=\"https:\/\/kapitel-zwei.de\/es\/escuela-aleman-berlin\/\" \/>\n<meta property=\"og:site_name\" content=\"Kapitel Zwei Berlin\" \/>\n<meta property=\"article:publisher\" content=\"https:\/\/www.facebook.com\/kapitelzwei\/\" \/>\n<meta property=\"article:modified_time\" content=\"2025-03-13T17:03:19+00:00\" \/>\n<meta name=\"twitter:card\" content=\"summary_large_image\" \/>\n<meta name=\"twitter:site\" content=\"@kapitelzwei\" \/>\n<meta name=\"twitter:label1\" content=\"Tiempo de lectura\" \/>\n\t<meta name=\"twitter:data1\" content=\"3 minutos\" \/>\n<script type=\"application\/ld+json\" class=\"yoast-schema-graph\">{\"@context\":\"https:\/\/schema.org\",\"@graph\":[{\"@type\":\"WebPage\",\"@id\":\"https:\/\/kapitel-zwei.de\/es\/escuela-aleman-berlin\/\",\"url\":\"https:\/\/kapitel-zwei.de\/es\/escuela-aleman-berlin\/\",\"name\":\"Con\u00f3cenos: los integrantes de tu escuela se presentan - Kapitel 2\",\"isPartOf\":{\"@id\":\"https:\/\/kapitel-zwei.de\/es\/#website\"},\"datePublished\":\"2015-10-14T16:17:17+00:00\",\"dateModified\":\"2025-03-13T17:03:19+00:00\",\"description\":\"Conoce tu escuela de alem\u00e1n en Berl\u00edn. Kapitel Zwei se presenta. Con mucho gusto respondemos a tus preguntas, de forma profesional y de t\u00fa a t\u00fa.\",\"breadcrumb\":{\"@id\":\"https:\/\/kapitel-zwei.de\/es\/escuela-aleman-berlin\/#breadcrumb\"},\"inLanguage\":\"es\",\"potentialAction\":[{\"@type\":\"ReadAction\",\"target\":[\"https:\/\/kapitel-zwei.de\/es\/escuela-aleman-berlin\/\"]}]},{\"@type\":\"BreadcrumbList\",\"@id\":\"https:\/\/kapitel-zwei.de\/es\/escuela-aleman-berlin\/#breadcrumb\",\"itemListElement\":[{\"@type\":\"ListItem\",\"position\":1,\"name\":\"Startseite\",\"item\":\"https:\/\/kapitel-zwei.de\/es\/\"},{\"@type\":\"ListItem\",\"position\":2,\"name\":\"Tu escuela\"}]},{\"@type\":\"WebSite\",\"@id\":\"https:\/\/kapitel-zwei.de\/es\/#website\",\"url\":\"https:\/\/kapitel-zwei.de\/es\/\",\"name\":\"Kapitel Zwei Berlin\",\"description\":\"Deutschkurs Berlin | Sprachschule Berlin | German language school Berlin | telc Berlin | Deutsch Pr\u00fcfung Berlin | Intensive German courses Berlin | TestDaF Pr\u00fcfung | Online Kurse\",\"publisher\":{\"@id\":\"https:\/\/kapitel-zwei.de\/es\/#organization\"},\"potentialAction\":[{\"@type\":\"SearchAction\",\"target\":{\"@type\":\"EntryPoint\",\"urlTemplate\":\"https:\/\/kapitel-zwei.de\/es\/?s={search_term_string}\"},\"query-input\":{\"@type\":\"PropertyValueSpecification\",\"valueRequired\":true,\"valueName\":\"search_term_string\"}}],\"inLanguage\":\"es\"},{\"@type\":\"Organization\",\"@id\":\"https:\/\/kapitel-zwei.de\/es\/#organization\",\"name\":\"Kapitel Zwei. Deutsch-Sprachschule Berlin GmbH\",\"url\":\"https:\/\/kapitel-zwei.de\/es\/\",\"logo\":{\"@type\":\"ImageObject\",\"inLanguage\":\"es\",\"@id\":\"https:\/\/kapitel-zwei.de\/es\/#\/schema\/logo\/image\/\",\"url\":\"https:\/\/kapitel-zwei.de\/wp-content\/uploads\/2018\/08\/Kapitel-Zwei-Berlin-Sprachschule-Deutsch-Deutschkurse-Berlin.jpg\",\"contentUrl\":\"https:\/\/kapitel-zwei.de\/wp-content\/uploads\/2018\/08\/Kapitel-Zwei-Berlin-Sprachschule-Deutsch-Deutschkurse-Berlin.jpg\",\"width\":350,\"height\":101,\"caption\":\"Kapitel Zwei. Deutsch-Sprachschule Berlin GmbH\"},\"image\":{\"@id\":\"https:\/\/kapitel-zwei.de\/es\/#\/schema\/logo\/image\/\"},\"sameAs\":[\"https:\/\/www.facebook.com\/kapitelzwei\/\",\"https:\/\/x.com\/kapitelzwei\"]}]}<\/script>\n<!-- \/ Yoast SEO Premium plugin. -->","yoast_head_json":{"title":"Con\u00f3cenos: los integrantes de tu escuela se presentan - Kapitel 2","description":"Conoce tu escuela de alem\u00e1n en Berl\u00edn. Kapitel Zwei se presenta. Con mucho gusto respondemos a tus preguntas, de forma profesional y de t\u00fa a t\u00fa.","robots":{"index":"index","follow":"follow","max-snippet":"max-snippet:-1","max-image-preview":"max-image-preview:large","max-video-preview":"max-video-preview:-1"},"canonical":"https:\/\/kapitel-zwei.de\/es\/escuela-aleman-berlin\/","og_locale":"es_ES","og_type":"article","og_title":"Tu escuela","og_description":"Conoce tu escuela de alem\u00e1n en Berl\u00edn. Kapitel Zwei se presenta. Con mucho gusto respondemos a tus preguntas, de forma profesional y de t\u00fa a t\u00fa.","og_url":"https:\/\/kapitel-zwei.de\/es\/escuela-aleman-berlin\/","og_site_name":"Kapitel Zwei Berlin","article_publisher":"https:\/\/www.facebook.com\/kapitelzwei\/","article_modified_time":"2025-03-13T17:03:19+00:00","twitter_card":"summary_large_image","twitter_site":"@kapitelzwei","twitter_misc":{"Tiempo de lectura":"3 minutos"},"schema":{"@context":"https:\/\/schema.org","@graph":[{"@type":"WebPage","@id":"https:\/\/kapitel-zwei.de\/es\/escuela-aleman-berlin\/","url":"https:\/\/kapitel-zwei.de\/es\/escuela-aleman-berlin\/","name":"Con\u00f3cenos: los integrantes de tu escuela se presentan - Kapitel 2","isPartOf":{"@id":"https:\/\/kapitel-zwei.de\/es\/#website"},"datePublished":"2015-10-14T16:17:17+00:00","dateModified":"2025-03-13T17:03:19+00:00","description":"Conoce tu escuela de alem\u00e1n en Berl\u00edn. Kapitel Zwei se presenta. Con mucho gusto respondemos a tus preguntas, de forma profesional y de t\u00fa a t\u00fa.","breadcrumb":{"@id":"https:\/\/kapitel-zwei.de\/es\/escuela-aleman-berlin\/#breadcrumb"},"inLanguage":"es","potentialAction":[{"@type":"ReadAction","target":["https:\/\/kapitel-zwei.de\/es\/escuela-aleman-berlin\/"]}]},{"@type":"BreadcrumbList","@id":"https:\/\/kapitel-zwei.de\/es\/escuela-aleman-berlin\/#breadcrumb","itemListElement":[{"@type":"ListItem","position":1,"name":"Startseite","item":"https:\/\/kapitel-zwei.de\/es\/"},{"@type":"ListItem","position":2,"name":"Tu escuela"}]},{"@type":"WebSite","@id":"https:\/\/kapitel-zwei.de\/es\/#website","url":"https:\/\/kapitel-zwei.de\/es\/","name":"Kapitel Zwei Berlin","description":"Deutschkurs Berlin | Sprachschule Berlin | German language school Berlin | telc Berlin | Deutsch Pr\u00fcfung Berlin | Intensive German courses Berlin | TestDaF Pr\u00fcfung | Online Kurse","publisher":{"@id":"https:\/\/kapitel-zwei.de\/es\/#organization"},"potentialAction":[{"@type":"SearchAction","target":{"@type":"EntryPoint","urlTemplate":"https:\/\/kapitel-zwei.de\/es\/?s={search_term_string}"},"query-input":{"@type":"PropertyValueSpecification","valueRequired":true,"valueName":"search_term_string"}}],"inLanguage":"es"},{"@type":"Organization","@id":"https:\/\/kapitel-zwei.de\/es\/#organization","name":"Kapitel Zwei. Deutsch-Sprachschule Berlin GmbH","url":"https:\/\/kapitel-zwei.de\/es\/","logo":{"@type":"ImageObject","inLanguage":"es","@id":"https:\/\/kapitel-zwei.de\/es\/#\/schema\/logo\/image\/","url":"https:\/\/kapitel-zwei.de\/wp-content\/uploads\/2018\/08\/Kapitel-Zwei-Berlin-Sprachschule-Deutsch-Deutschkurse-Berlin.jpg","contentUrl":"https:\/\/kapitel-zwei.de\/wp-content\/uploads\/2018\/08\/Kapitel-Zwei-Berlin-Sprachschule-Deutsch-Deutschkurse-Berlin.jpg","width":350,"height":101,"caption":"Kapitel Zwei. Deutsch-Sprachschule Berlin GmbH"},"image":{"@id":"https:\/\/kapitel-zwei.de\/es\/#\/schema\/logo\/image\/"},"sameAs":["https:\/\/www.facebook.com\/kapitelzwei\/","https:\/\/x.com\/kapitelzwei"]}]}},"_links":{"self":[{"href":"https:\/\/kapitel-zwei.de\/es\/wp-json\/wp\/v2\/pages\/3543","targetHints":{"allow":["GET"]}}],"collection":[{"href":"https:\/\/kapitel-zwei.de\/es\/wp-json\/wp\/v2\/pages"}],"about":[{"href":"https:\/\/kapitel-zwei.de\/es\/wp-json\/wp\/v2\/types\/page"}],"author":[{"embeddable":true,"href":"https:\/\/kapitel-zwei.de\/es\/wp-json\/wp\/v2\/users\/16"}],"replies":[{"embeddable":true,"href":"https:\/\/kapitel-zwei.de\/es\/wp-json\/wp\/v2\/comments?post=3543"}],"version-history":[{"count":9,"href":"https:\/\/kapitel-zwei.de\/es\/wp-json\/wp\/v2\/pages\/3543\/revisions"}],"predecessor-version":[{"id":122532,"href":"https:\/\/kapitel-zwei.de\/es\/wp-json\/wp\/v2\/pages\/3543\/revisions\/122532"}],"wp:attachment":[{"href":"https:\/\/kapitel-zwei.de\/es\/wp-json\/wp\/v2\/media?parent=3543"}],"curies":[{"name":"wp","href":"https:\/\/api.w.org\/{rel}","templated":true}]}}