{"id":81185,"date":"2020-03-20T18:00:56","date_gmt":"2020-03-20T17:00:56","guid":{"rendered":"https:\/\/kapitel-zwei.de\/cursos-de-aleman-en-berlin\/onlinekurs-telc-deutsch-b2-c1\/"},"modified":"2025-07-09T08:37:50","modified_gmt":"2025-07-09T06:37:50","slug":"curso-online-telc-deutsch-b1-b2-c1","status":"publish","type":"page","link":"https:\/\/kapitel-zwei.de\/es\/cursos-de-aleman-en-berlin\/curso-online-telc-deutsch-b1-b2-c1\/","title":{"rendered":"Curso online: telc Deutsch B1-B2-C1"},"content":{"rendered":"\n<style type=\"text\/css\" data-created_by=\"avia_inline_auto\" id=\"style-css-av-9wrvkht-0ec54e0636e3c68f5bc3ffc0eb63c37a\">\n.flex_column.av-9wrvkht-0ec54e0636e3c68f5bc3ffc0eb63c37a{\nborder-radius:0px 0px 0px 0px;\npadding:0px 0px 0px 0px;\n}\n<\/style>\n<div  class='flex_column av-9wrvkht-0ec54e0636e3c68f5bc3ffc0eb63c37a av_one_third  avia-builder-el-0  el_before_av_two_third  avia-builder-el-first  first flex_column_div av-zero-column-padding  '     ><style type=\"text\/css\" data-created_by=\"avia_inline_auto\" id=\"style-css-av-99nq09t-2e5e7945480d85c8b062cc795b53b39a\">\n.avia-image-container.av-99nq09t-2e5e7945480d85c8b062cc795b53b39a img.avia_image{\nbox-shadow:none;\n}\n.avia-image-container.av-99nq09t-2e5e7945480d85c8b062cc795b53b39a .av-image-caption-overlay-center{\ncolor:#ffffff;\n}\n<\/style>\n<div  class='avia-image-container av-99nq09t-2e5e7945480d85c8b062cc795b53b39a av-styling- avia-align-center  avia-builder-el-1  avia-builder-el-no-sibling '   itemprop=\"image\" itemscope=\"itemscope\" itemtype=\"https:\/\/schema.org\/ImageObject\" ><div class=\"avia-image-container-inner\"><div class=\"avia-image-overlay-wrap\"><img decoding=\"async\" fetchpriority=\"high\" class='wp-image-120852 avia-img-lazy-loading-not-120852 avia_image ' src=\"https:\/\/kapitel-zwei.de\/wp-content\/uploads\/2024\/10\/\u0418\u0437\u0443\u0447\u0435\u043d\u0438\u0435-\u043d\u0435\u043c\u0435\u0446\u043a\u043e\u0433\u043e-\u044f\u0437\u044b\u043a\u0430-\u043e\u0444\u043b\u0430\u0439\u043d-\u0432-\u0411\u0435\u0440\u043b\u0438\u043d\u0435.jpg\" alt='Online Deutsch' title='Online Deutsch'  height=\"1279\" width=\"1920\"  itemprop=\"thumbnailUrl\" srcset=\"https:\/\/kapitel-zwei.de\/wp-content\/uploads\/2024\/10\/\u0418\u0437\u0443\u0447\u0435\u043d\u0438\u0435-\u043d\u0435\u043c\u0435\u0446\u043a\u043e\u0433\u043e-\u044f\u0437\u044b\u043a\u0430-\u043e\u0444\u043b\u0430\u0439\u043d-\u0432-\u0411\u0435\u0440\u043b\u0438\u043d\u0435.jpg 1920w, https:\/\/kapitel-zwei.de\/wp-content\/uploads\/2024\/10\/\u0418\u0437\u0443\u0447\u0435\u043d\u0438\u0435-\u043d\u0435\u043c\u0435\u0446\u043a\u043e\u0433\u043e-\u044f\u0437\u044b\u043a\u0430-\u043e\u0444\u043b\u0430\u0439\u043d-\u0432-\u0411\u0435\u0440\u043b\u0438\u043d\u0435-300x200.jpg 300w, https:\/\/kapitel-zwei.de\/wp-content\/uploads\/2024\/10\/\u0418\u0437\u0443\u0447\u0435\u043d\u0438\u0435-\u043d\u0435\u043c\u0435\u0446\u043a\u043e\u0433\u043e-\u044f\u0437\u044b\u043a\u0430-\u043e\u0444\u043b\u0430\u0439\u043d-\u0432-\u0411\u0435\u0440\u043b\u0438\u043d\u0435-1030x686.jpg 1030w, https:\/\/kapitel-zwei.de\/wp-content\/uploads\/2024\/10\/\u0418\u0437\u0443\u0447\u0435\u043d\u0438\u0435-\u043d\u0435\u043c\u0435\u0446\u043a\u043e\u0433\u043e-\u044f\u0437\u044b\u043a\u0430-\u043e\u0444\u043b\u0430\u0439\u043d-\u0432-\u0411\u0435\u0440\u043b\u0438\u043d\u0435-80x53.jpg 80w, https:\/\/kapitel-zwei.de\/wp-content\/uploads\/2024\/10\/\u0418\u0437\u0443\u0447\u0435\u043d\u0438\u0435-\u043d\u0435\u043c\u0435\u0446\u043a\u043e\u0433\u043e-\u044f\u0437\u044b\u043a\u0430-\u043e\u0444\u043b\u0430\u0439\u043d-\u0432-\u0411\u0435\u0440\u043b\u0438\u043d\u0435-768x512.jpg 768w, https:\/\/kapitel-zwei.de\/wp-content\/uploads\/2024\/10\/\u0418\u0437\u0443\u0447\u0435\u043d\u0438\u0435-\u043d\u0435\u043c\u0435\u0446\u043a\u043e\u0433\u043e-\u044f\u0437\u044b\u043a\u0430-\u043e\u0444\u043b\u0430\u0439\u043d-\u0432-\u0411\u0435\u0440\u043b\u0438\u043d\u0435-1536x1023.jpg 1536w, https:\/\/kapitel-zwei.de\/wp-content\/uploads\/2024\/10\/\u0418\u0437\u0443\u0447\u0435\u043d\u0438\u0435-\u043d\u0435\u043c\u0435\u0446\u043a\u043e\u0433\u043e-\u044f\u0437\u044b\u043a\u0430-\u043e\u0444\u043b\u0430\u0439\u043d-\u0432-\u0411\u0435\u0440\u043b\u0438\u043d\u0435-1500x999.jpg 1500w, https:\/\/kapitel-zwei.de\/wp-content\/uploads\/2024\/10\/\u0418\u0437\u0443\u0447\u0435\u043d\u0438\u0435-\u043d\u0435\u043c\u0435\u0446\u043a\u043e\u0433\u043e-\u044f\u0437\u044b\u043a\u0430-\u043e\u0444\u043b\u0430\u0439\u043d-\u0432-\u0411\u0435\u0440\u043b\u0438\u043d\u0435-705x470.jpg 705w\" sizes=\"(max-width: 1920px) 100vw, 1920px\" \/><\/div><\/div><\/div><\/div>\n<style type=\"text\/css\" data-created_by=\"avia_inline_auto\" id=\"style-css-av-8vmsa4h-9992b9d380c5751af3b3e72b5c46bd14\">\n.flex_column.av-8vmsa4h-9992b9d380c5751af3b3e72b5c46bd14{\nborder-radius:0px 0px 0px 0px;\npadding:0px 0px 0px 0px;\n}\n<\/style>\n<div  class='flex_column av-8vmsa4h-9992b9d380c5751af3b3e72b5c46bd14 av_two_third  avia-builder-el-2  el_after_av_one_third  el_before_av_layout_row  avia-builder-el-last  flex_column_div av-zero-column-padding  '     ><style type=\"text\/css\" data-created_by=\"avia_inline_auto\" id=\"style-css-av-8ewbr35-fa21247530bb47f104b3c3cfeee48c6f\">\n#top .av_textblock_section.av-8ewbr35-fa21247530bb47f104b3c3cfeee48c6f .avia_textblock{\nfont-size:16px;\n}\n<\/style>\n<section  class='av_textblock_section av-8ewbr35-fa21247530bb47f104b3c3cfeee48c6f '   itemscope=\"itemscope\" itemtype=\"https:\/\/schema.org\/CreativeWork\" ><div class='avia_textblock'  itemprop=\"text\" ><h1><span style=\"color: #ff6600;\">Curso online: telc Deutsch B1 | B2 | C1 Hochschule<\/span><\/h1>\n<h2><span style=\"color: #ff6600;\">Expresi\u00f3n escrita y Producci\u00f3n de textos<\/span><\/h2>\n<p>\u00bfTienes que hacer pronto un examen de alem\u00e1n pero tienes poco tiempo para la preparaci\u00f3n? \u00a1Kapitel Zwei tiene la soluci\u00f3n perfecta para t\u00ed!<\/p>\n<p>\u00a1<strong>Tres textos escritos por t\u00ed de las tareas modelo de examen de telc<\/strong> ser\u00e1n corregidas por uno de nuestros experimentados profesores en nuestra academia, y todo eso online!<strong> Tienes una semana para cada texto<\/strong>. \u00a1Puedes preparate para la parte escrita del telc B1, B2 o del C1 Hochschule, c\u00f3modamente cuando y donde quieras!<\/p>\n<p>Env\u00edanos tus textos como documento Word (.doc o .docx) con el siguiente n\u00famero de palabras:<\/p>\n<ul>\n<li>B1 | 100 palabras<\/li>\n<li>B2 | 150-200 palabras<\/li>\n<li>C1 | 350-400 palabras<\/li>\n<\/ul>\n<p>El plazo de correcci\u00f3n y de entrega de la nueva tarea deber\u00e1s acordarlo con tu profesor de alem\u00e1n a distancia.<\/p>\n<p>Revisamos no solo la gram\u00e1tica y la ortograf\u00eda de los textos, sino que tambi\u00e9n tenemos en cuenta de forma especial tu vocabulario, estilo y la complejidad gramatical que necesitar\u00e1s de acuerdo con el nivel de la prueba. Comprobaremos la estructura y el contenido seg\u00fan las expectativas de telc: todo en un paquete y online. Recibir\u00e1s una correcci\u00f3n fundamentada con la explicaci\u00f3n de d\u00f3nde est\u00e1n los problemas y qu\u00e9 necesitas mejorar. \u00a1Enseguida notar\u00e1s tus avances!<\/p>\n<p><a href=\"https:\/\/kapitel-zwei.de\/es\/telc-deutsch-berlin\/\">Aqu\u00ed<\/a> encontrar\u00e1s m\u00e1s informaci\u00f3n sobre tu <strong>curso de preparaci\u00f3n telc Deutsch B1 | B2 | C1 Hochschule<\/strong> en tu escuela de idioma.<\/p>\n<\/div><\/section><\/div><\/p>\n<\/div><\/div><\/div><!-- close content main div --><\/div><\/div><div id='av-layout-grid-1'  class='av-layout-grid-container av-851nu0x-636b37dcfa767248c7f709d3d687226e entry-content-wrapper main_color av-flex-cells  avia-builder-el-4  el_after_av_two_third  el_before_av_layout_row  custom-icon-list grid-row-not-first  container_wrap fullsize'  >\n\n<style type=\"text\/css\" data-created_by=\"avia_inline_auto\" id=\"style-css-av-7rkfk01-7d90e81103a85f63dfc3fa35000df72b\">\n.flex_cell.av-7rkfk01-7d90e81103a85f63dfc3fa35000df72b{\nvertical-align:top;\n}\n.responsive #top #wrap_all .flex_cell.av-7rkfk01-7d90e81103a85f63dfc3fa35000df72b{\npadding:30px 30px 30px 30px !important;\n}\n<\/style>\n<div class='flex_cell av-7rkfk01-7d90e81103a85f63dfc3fa35000df72b av-gridrow-cell av_one_third no_margin  avia-builder-el-5  el_before_av_cell_two_third  avia-builder-el-first '  ><div class='flex_cell_inner'><\/div><\/div>\n<style type=\"text\/css\" data-created_by=\"avia_inline_auto\" id=\"style-css-av-74n4h8h-3c329d90c6f35a825af7fd7c10e22596\">\n.flex_cell.av-74n4h8h-3c329d90c6f35a825af7fd7c10e22596{\nvertical-align:top;\n}\n.responsive #top #wrap_all .flex_cell.av-74n4h8h-3c329d90c6f35a825af7fd7c10e22596{\npadding:30px 30px 30px 30px !important;\n}\n<\/style>\n<div class='flex_cell av-74n4h8h-3c329d90c6f35a825af7fd7c10e22596 av-gridrow-cell av_two_third no_margin  avia-builder-el-6  el_after_av_cell_one_third  avia-builder-el-last '  ><div class='flex_cell_inner'>\n<style type=\"text\/css\" data-created_by=\"avia_inline_auto\" id=\"style-css-av-6pv3j29-7f37da72281a5daaaf0d0103e88fbf8d\">\n.flex_column.av-6pv3j29-7f37da72281a5daaaf0d0103e88fbf8d{\nborder-radius:0px 0px 0px 0px;\npadding:0px 0px 0px 0px;\n}\n<\/style>\n<div  class='flex_column av-6pv3j29-7f37da72281a5daaaf0d0103e88fbf8d av_one_full  avia-builder-el-7  avia-builder-el-no-sibling  course-info new first flex_column_div av-zero-column-padding  '     ><div  class='avia-icon-list-container av-ljj7kj5n-1651101eee5fabfd6decbaa3517691ac  avia-builder-el-8  avia-builder-el-no-sibling '><ul class='avia-icon-list avia_animate_when_almost_visible avia-icon-list-left av-iconlist-big av-ljj7kj5n-1651101eee5fabfd6decbaa3517691ac avia-iconlist-animate'>\n<li><div class='iconlist_icon av-16trpmp-1f5c3542a9d0f57653cf65338d698386 avia-font-entypo-fontello'><span class='iconlist-char' aria-hidden='true' data-av_icon='\ue827' data-av_iconfont='entypo-fontello'><\/span><\/div><article class=\"article-icon-entry \"  itemscope=\"itemscope\" itemtype=\"https:\/\/schema.org\/CreativeWork\" ><div class=\"iconlist_content_wrap\"><header class=\"entry-content-header\" aria-label=\"Icon: Precio\"><h4 class='av_iconlist_title iconlist_title  '  itemprop=\"headline\" >Precio<\/h4><\/header><div class='iconlist_content '  itemprop=\"text\" ><p>99 \u20ac<\/p>\n<\/div><\/div><footer class=\"entry-footer\"><\/footer><\/article><div class=\"iconlist-timeline\"><\/div><\/li>\n<li><div class='iconlist_icon av-5ut3rb5-34160d6d711220ea20b115b48c0d28c1 avia-font-entypo-fontello'><span class='iconlist-char' aria-hidden='true' data-av_icon='\ue85b' data-av_iconfont='entypo-fontello'><\/span><\/div><article class=\"article-icon-entry \"  itemscope=\"itemscope\" itemtype=\"https:\/\/schema.org\/CreativeWork\" ><div class=\"iconlist_content_wrap\"><header class=\"entry-content-header\" aria-label=\"Icon: Duraci\u00f3n de una sesi\u00f3n\"><h4 class='av_iconlist_title iconlist_title  '  itemprop=\"headline\" >Duraci\u00f3n de una sesi\u00f3n<\/h4><\/header><div class='iconlist_content '  itemprop=\"text\" ><p>4 semanas<\/p>\n<\/div><\/div><footer class=\"entry-footer\"><\/footer><\/article><div class=\"iconlist-timeline\"><\/div><\/li>\n<li><div class='iconlist_icon av-56n0vup-3fc4155149e303c1486f0ab845cbdb2a avia-font-entypo-fontello'><span class='iconlist-char' aria-hidden='true' data-av_icon='\ue862' data-av_iconfont='entypo-fontello'><\/span><\/div><article class=\"article-icon-entry \"  itemscope=\"itemscope\" itemtype=\"https:\/\/schema.org\/CreativeWork\" ><div class=\"iconlist_content_wrap\"><header class=\"entry-content-header\" aria-label=\"Icon: Horarios disponibles\"><h4 class='av_iconlist_title iconlist_title  '  itemprop=\"headline\" >Horarios disponibles<\/h4><\/header><div class='iconlist_content '  itemprop=\"text\" ><p>9 &#8211; 21 h<\/p>\n<\/div><\/div><footer class=\"entry-footer\"><\/footer><\/article><div class=\"iconlist-timeline\"><\/div><\/li>\n<li><div class='iconlist_icon av-w80kjl-66d3ddb24fb9095c48d4418f9d37b65c avia-font-entypo-fontello'><span class='iconlist-char' aria-hidden='true' data-av_icon='\ue8c9' data-av_iconfont='entypo-fontello'><\/span><\/div><article class=\"article-icon-entry \"  itemscope=\"itemscope\" itemtype=\"https:\/\/schema.org\/CreativeWork\" ><div class=\"iconlist_content_wrap\"><header class=\"entry-content-header\" aria-label=\"Icon: Nivel\"><h4 class='av_iconlist_title iconlist_title  '  itemprop=\"headline\" >Nivel<\/h4><\/header><div class='iconlist_content '  itemprop=\"text\" ><p>B1 | B2 | C1 Hochschule<\/p>\n<\/div><\/div><footer class=\"entry-footer\"><\/footer><\/article><div class=\"iconlist-timeline\"><\/div><\/li>\n<\/ul><\/div><\/div>\n<\/div><\/div>\n<\/div>\n<div id='av-layout-grid-2'  class='av-layout-grid-container av-4f30fpd-5132a0b97f902af8aad4029b937e4df5 entry-content-wrapper main_color av-flex-cells  avia-builder-el-9  el_after_av_layout_row  avia-builder-el-last  pay-buttons grid-row-not-first  container_wrap fullsize'  >\n\n<style type=\"text\/css\" data-created_by=\"avia_inline_auto\" id=\"style-css-av-3qgdpmp-dbd6cb045f4c1d48e715e8083563b912\">\n.flex_cell.av-3qgdpmp-dbd6cb045f4c1d48e715e8083563b912{\nvertical-align:top;\n}\n.responsive #top #wrap_all .flex_cell.av-3qgdpmp-dbd6cb045f4c1d48e715e8083563b912{\npadding:30px 30px 30px 30px !important;\n}\n<\/style>\n<div class='flex_cell av-3qgdpmp-dbd6cb045f4c1d48e715e8083563b912 av-gridrow-cell av_one_third no_margin  avia-builder-el-10  el_before_av_cell_two_third  avia-builder-el-first '  ><div class='flex_cell_inner'><\/div><\/div>\n<style type=\"text\/css\" data-created_by=\"avia_inline_auto\" id=\"style-css-av-3jkadup-5d96f5f9cb23bcf8ac572206ee8130a2\">\n.flex_cell.av-3jkadup-5d96f5f9cb23bcf8ac572206ee8130a2{\nvertical-align:top;\n}\n.responsive #top #wrap_all .flex_cell.av-3jkadup-5d96f5f9cb23bcf8ac572206ee8130a2{\npadding:30px 30px 30px 30px !important;\n}\n<\/style>\n<div class='flex_cell av-3jkadup-5d96f5f9cb23bcf8ac572206ee8130a2 av-gridrow-cell av_two_third no_margin  avia-builder-el-11  el_after_av_cell_one_third  avia-builder-el-last '  ><div class='flex_cell_inner'><div  class='avia-button-wrap av-2u6v5k1-714b2e28ff3174c2c42343eb10335202-wrap avia-button-center  avia-builder-el-12  avia-builder-el-no-sibling '><a href='https:\/\/kapitel-zwei.de\/es\/inscripcion-academia-aleman\/'  class='avia-button av-2u6v5k1-714b2e28ff3174c2c42343eb10335202 av-link-btn avia-icon_select-no avia-size-large avia-position-center avia-color-theme-color'   aria-label=\"Reserva ahora\"><span class='avia_iconbox_title' >Reserva ahora<\/span><\/a><\/div>\n<\/div><\/div>\n<\/div>\n","protected":false},"excerpt":{"rendered":"","protected":false},"author":16,"featured_media":0,"parent":9212,"menu_order":0,"comment_status":"closed","ping_status":"closed","template":"","meta":{"footnotes":""},"class_list":["post-81185","page","type-page","status-publish","hentry"],"yoast_head":"<!-- This site is optimized with the Yoast SEO Premium plugin v24.4 (Yoast SEO v24.4) - https:\/\/yoast.com\/wordpress\/plugins\/seo\/ -->\n<title>Curso online telc Deutsch B1-B2-C1 Expresi\u00f3n escrita Producci\u00f3n de textos<\/title>\n<meta name=\"description\" content=\"Curso online telc Deutsch B1-B2-C1 Curso de preparaci\u00f3n para el examen Producci\u00f3n de textos y expresi\u00f3n escrita online. Elabora tres textos para el examen de alem\u00e1n telc Deutsch y recibe asesoramiento y correcci\u00f3n individual de un entrenador privado.\" \/>\n<meta name=\"robots\" content=\"index, nofollow, max-snippet:-1, max-image-preview:large, max-video-preview:-1\" \/>\n<link rel=\"canonical\" href=\"https:\/\/kapitel-zwei.de\/es\/cursos-de-aleman-en-berlin\/curso-online-telc-deutsch-b1-b2-c1\/\" \/>\n<meta property=\"og:locale\" content=\"es_ES\" \/>\n<meta property=\"og:type\" content=\"article\" \/>\n<meta property=\"og:title\" content=\"Curso online: telc Deutsch B1-B2-C1\" \/>\n<meta property=\"og:description\" content=\"Curso online telc Deutsch B1-B2-C1 Curso de preparaci\u00f3n para el examen Producci\u00f3n de textos y expresi\u00f3n escrita online. Elabora tres textos para el examen de alem\u00e1n telc Deutsch y recibe asesoramiento y correcci\u00f3n individual de un entrenador privado.\" \/>\n<meta property=\"og:url\" content=\"https:\/\/kapitel-zwei.de\/es\/cursos-de-aleman-en-berlin\/curso-online-telc-deutsch-b1-b2-c1\/\" \/>\n<meta property=\"og:site_name\" content=\"Kapitel Zwei Berlin\" \/>\n<meta property=\"article:publisher\" content=\"https:\/\/www.facebook.com\/kapitelzwei\/\" \/>\n<meta property=\"article:modified_time\" content=\"2025-07-09T06:37:50+00:00\" \/>\n<meta name=\"twitter:card\" content=\"summary_large_image\" \/>\n<meta name=\"twitter:site\" content=\"@kapitelzwei\" \/>\n<meta name=\"twitter:label1\" content=\"Tiempo de lectura\" \/>\n\t<meta name=\"twitter:data1\" content=\"2 minutos\" \/>\n<script type=\"application\/ld+json\" class=\"yoast-schema-graph\">{\"@context\":\"https:\/\/schema.org\",\"@graph\":[{\"@type\":\"WebPage\",\"@id\":\"https:\/\/kapitel-zwei.de\/es\/cursos-de-aleman-en-berlin\/curso-online-telc-deutsch-b1-b2-c1\/\",\"url\":\"https:\/\/kapitel-zwei.de\/es\/cursos-de-aleman-en-berlin\/curso-online-telc-deutsch-b1-b2-c1\/\",\"name\":\"Curso online telc Deutsch B1-B2-C1 Expresi\u00f3n escrita Producci\u00f3n de textos\",\"isPartOf\":{\"@id\":\"https:\/\/kapitel-zwei.de\/es\/#website\"},\"datePublished\":\"2020-03-20T17:00:56+00:00\",\"dateModified\":\"2025-07-09T06:37:50+00:00\",\"description\":\"Curso online telc Deutsch B1-B2-C1 Curso de preparaci\u00f3n para el examen Producci\u00f3n de textos y expresi\u00f3n escrita online. Elabora tres textos para el examen de alem\u00e1n telc Deutsch y recibe asesoramiento y correcci\u00f3n individual de un entrenador privado.\",\"breadcrumb\":{\"@id\":\"https:\/\/kapitel-zwei.de\/es\/cursos-de-aleman-en-berlin\/curso-online-telc-deutsch-b1-b2-c1\/#breadcrumb\"},\"inLanguage\":\"es\",\"potentialAction\":[{\"@type\":\"ReadAction\",\"target\":[\"https:\/\/kapitel-zwei.de\/es\/cursos-de-aleman-en-berlin\/curso-online-telc-deutsch-b1-b2-c1\/\"]}]},{\"@type\":\"BreadcrumbList\",\"@id\":\"https:\/\/kapitel-zwei.de\/es\/cursos-de-aleman-en-berlin\/curso-online-telc-deutsch-b1-b2-c1\/#breadcrumb\",\"itemListElement\":[{\"@type\":\"ListItem\",\"position\":1,\"name\":\"Startseite\",\"item\":\"https:\/\/kapitel-zwei.de\/es\/\"},{\"@type\":\"ListItem\",\"position\":2,\"name\":\"Aprender alem\u00e1n\",\"item\":\"https:\/\/kapitel-zwei.de\/es\/cursos-de-aleman-en-berlin\/\"},{\"@type\":\"ListItem\",\"position\":3,\"name\":\"Curso online: telc Deutsch B1-B2-C1\"}]},{\"@type\":\"WebSite\",\"@id\":\"https:\/\/kapitel-zwei.de\/es\/#website\",\"url\":\"https:\/\/kapitel-zwei.de\/es\/\",\"name\":\"Kapitel Zwei Berlin\",\"description\":\"Deutschkurs Berlin | Sprachschule Berlin | German language school Berlin | telc Berlin | Deutsch Pr\u00fcfung Berlin | Intensive German courses Berlin | TestDaF Pr\u00fcfung | Online Kurse\",\"publisher\":{\"@id\":\"https:\/\/kapitel-zwei.de\/es\/#organization\"},\"potentialAction\":[{\"@type\":\"SearchAction\",\"target\":{\"@type\":\"EntryPoint\",\"urlTemplate\":\"https:\/\/kapitel-zwei.de\/es\/?s={search_term_string}\"},\"query-input\":{\"@type\":\"PropertyValueSpecification\",\"valueRequired\":true,\"valueName\":\"search_term_string\"}}],\"inLanguage\":\"es\"},{\"@type\":\"Organization\",\"@id\":\"https:\/\/kapitel-zwei.de\/es\/#organization\",\"name\":\"Kapitel Zwei. Deutsch-Sprachschule Berlin GmbH\",\"url\":\"https:\/\/kapitel-zwei.de\/es\/\",\"logo\":{\"@type\":\"ImageObject\",\"inLanguage\":\"es\",\"@id\":\"https:\/\/kapitel-zwei.de\/es\/#\/schema\/logo\/image\/\",\"url\":\"https:\/\/kapitel-zwei.de\/wp-content\/uploads\/2018\/08\/Kapitel-Zwei-Berlin-Sprachschule-Deutsch-Deutschkurse-Berlin.jpg\",\"contentUrl\":\"https:\/\/kapitel-zwei.de\/wp-content\/uploads\/2018\/08\/Kapitel-Zwei-Berlin-Sprachschule-Deutsch-Deutschkurse-Berlin.jpg\",\"width\":350,\"height\":101,\"caption\":\"Kapitel Zwei. Deutsch-Sprachschule Berlin GmbH\"},\"image\":{\"@id\":\"https:\/\/kapitel-zwei.de\/es\/#\/schema\/logo\/image\/\"},\"sameAs\":[\"https:\/\/www.facebook.com\/kapitelzwei\/\",\"https:\/\/x.com\/kapitelzwei\"]}]}<\/script>\n<!-- \/ Yoast SEO Premium plugin. -->","yoast_head_json":{"title":"Curso online telc Deutsch B1-B2-C1 Expresi\u00f3n escrita Producci\u00f3n de textos","description":"Curso online telc Deutsch B1-B2-C1 Curso de preparaci\u00f3n para el examen Producci\u00f3n de textos y expresi\u00f3n escrita online. Elabora tres textos para el examen de alem\u00e1n telc Deutsch y recibe asesoramiento y correcci\u00f3n individual de un entrenador privado.","robots":{"index":"index","follow":"nofollow","max-snippet":"max-snippet:-1","max-image-preview":"max-image-preview:large","max-video-preview":"max-video-preview:-1"},"canonical":"https:\/\/kapitel-zwei.de\/es\/cursos-de-aleman-en-berlin\/curso-online-telc-deutsch-b1-b2-c1\/","og_locale":"es_ES","og_type":"article","og_title":"Curso online: telc Deutsch B1-B2-C1","og_description":"Curso online telc Deutsch B1-B2-C1 Curso de preparaci\u00f3n para el examen Producci\u00f3n de textos y expresi\u00f3n escrita online. Elabora tres textos para el examen de alem\u00e1n telc Deutsch y recibe asesoramiento y correcci\u00f3n individual de un entrenador privado.","og_url":"https:\/\/kapitel-zwei.de\/es\/cursos-de-aleman-en-berlin\/curso-online-telc-deutsch-b1-b2-c1\/","og_site_name":"Kapitel Zwei Berlin","article_publisher":"https:\/\/www.facebook.com\/kapitelzwei\/","article_modified_time":"2025-07-09T06:37:50+00:00","twitter_card":"summary_large_image","twitter_site":"@kapitelzwei","twitter_misc":{"Tiempo de lectura":"2 minutos"},"schema":{"@context":"https:\/\/schema.org","@graph":[{"@type":"WebPage","@id":"https:\/\/kapitel-zwei.de\/es\/cursos-de-aleman-en-berlin\/curso-online-telc-deutsch-b1-b2-c1\/","url":"https:\/\/kapitel-zwei.de\/es\/cursos-de-aleman-en-berlin\/curso-online-telc-deutsch-b1-b2-c1\/","name":"Curso online telc Deutsch B1-B2-C1 Expresi\u00f3n escrita Producci\u00f3n de textos","isPartOf":{"@id":"https:\/\/kapitel-zwei.de\/es\/#website"},"datePublished":"2020-03-20T17:00:56+00:00","dateModified":"2025-07-09T06:37:50+00:00","description":"Curso online telc Deutsch B1-B2-C1 Curso de preparaci\u00f3n para el examen Producci\u00f3n de textos y expresi\u00f3n escrita online. Elabora tres textos para el examen de alem\u00e1n telc Deutsch y recibe asesoramiento y correcci\u00f3n individual de un entrenador privado.","breadcrumb":{"@id":"https:\/\/kapitel-zwei.de\/es\/cursos-de-aleman-en-berlin\/curso-online-telc-deutsch-b1-b2-c1\/#breadcrumb"},"inLanguage":"es","potentialAction":[{"@type":"ReadAction","target":["https:\/\/kapitel-zwei.de\/es\/cursos-de-aleman-en-berlin\/curso-online-telc-deutsch-b1-b2-c1\/"]}]},{"@type":"BreadcrumbList","@id":"https:\/\/kapitel-zwei.de\/es\/cursos-de-aleman-en-berlin\/curso-online-telc-deutsch-b1-b2-c1\/#breadcrumb","itemListElement":[{"@type":"ListItem","position":1,"name":"Startseite","item":"https:\/\/kapitel-zwei.de\/es\/"},{"@type":"ListItem","position":2,"name":"Aprender alem\u00e1n","item":"https:\/\/kapitel-zwei.de\/es\/cursos-de-aleman-en-berlin\/"},{"@type":"ListItem","position":3,"name":"Curso online: telc Deutsch B1-B2-C1"}]},{"@type":"WebSite","@id":"https:\/\/kapitel-zwei.de\/es\/#website","url":"https:\/\/kapitel-zwei.de\/es\/","name":"Kapitel Zwei Berlin","description":"Deutschkurs Berlin | Sprachschule Berlin | German language school Berlin | telc Berlin | Deutsch Pr\u00fcfung Berlin | Intensive German courses Berlin | TestDaF Pr\u00fcfung | Online Kurse","publisher":{"@id":"https:\/\/kapitel-zwei.de\/es\/#organization"},"potentialAction":[{"@type":"SearchAction","target":{"@type":"EntryPoint","urlTemplate":"https:\/\/kapitel-zwei.de\/es\/?s={search_term_string}"},"query-input":{"@type":"PropertyValueSpecification","valueRequired":true,"valueName":"search_term_string"}}],"inLanguage":"es"},{"@type":"Organization","@id":"https:\/\/kapitel-zwei.de\/es\/#organization","name":"Kapitel Zwei. Deutsch-Sprachschule Berlin GmbH","url":"https:\/\/kapitel-zwei.de\/es\/","logo":{"@type":"ImageObject","inLanguage":"es","@id":"https:\/\/kapitel-zwei.de\/es\/#\/schema\/logo\/image\/","url":"https:\/\/kapitel-zwei.de\/wp-content\/uploads\/2018\/08\/Kapitel-Zwei-Berlin-Sprachschule-Deutsch-Deutschkurse-Berlin.jpg","contentUrl":"https:\/\/kapitel-zwei.de\/wp-content\/uploads\/2018\/08\/Kapitel-Zwei-Berlin-Sprachschule-Deutsch-Deutschkurse-Berlin.jpg","width":350,"height":101,"caption":"Kapitel Zwei. Deutsch-Sprachschule Berlin GmbH"},"image":{"@id":"https:\/\/kapitel-zwei.de\/es\/#\/schema\/logo\/image\/"},"sameAs":["https:\/\/www.facebook.com\/kapitelzwei\/","https:\/\/x.com\/kapitelzwei"]}]}},"_links":{"self":[{"href":"https:\/\/kapitel-zwei.de\/es\/wp-json\/wp\/v2\/pages\/81185","targetHints":{"allow":["GET"]}}],"collection":[{"href":"https:\/\/kapitel-zwei.de\/es\/wp-json\/wp\/v2\/pages"}],"about":[{"href":"https:\/\/kapitel-zwei.de\/es\/wp-json\/wp\/v2\/types\/page"}],"author":[{"embeddable":true,"href":"https:\/\/kapitel-zwei.de\/es\/wp-json\/wp\/v2\/users\/16"}],"replies":[{"embeddable":true,"href":"https:\/\/kapitel-zwei.de\/es\/wp-json\/wp\/v2\/comments?post=81185"}],"version-history":[{"count":19,"href":"https:\/\/kapitel-zwei.de\/es\/wp-json\/wp\/v2\/pages\/81185\/revisions"}],"predecessor-version":[{"id":124336,"href":"https:\/\/kapitel-zwei.de\/es\/wp-json\/wp\/v2\/pages\/81185\/revisions\/124336"}],"up":[{"embeddable":true,"href":"https:\/\/kapitel-zwei.de\/es\/wp-json\/wp\/v2\/pages\/9212"}],"wp:attachment":[{"href":"https:\/\/kapitel-zwei.de\/es\/wp-json\/wp\/v2\/media?parent=81185"}],"curies":[{"name":"wp","href":"https:\/\/api.w.org\/{rel}","templated":true}]}}