{"id":87360,"date":"2020-06-20T16:27:09","date_gmt":"2020-06-20T14:27:09","guid":{"rendered":"https:\/\/kapitel-zwei.de\/freunde-tarif\/"},"modified":"2023-06-20T15:02:54","modified_gmt":"2023-06-20T13:02:54","slug":"tarifa-compi","status":"publish","type":"page","link":"https:\/\/kapitel-zwei.de\/es\/tarifa-compi\/","title":{"rendered":"Tarifa COMPI"},"content":{"rendered":"\n<style type=\"text\/css\" data-created_by=\"avia_inline_auto\" id=\"style-css-av-2gzn31y-24c965d3144d8e0c2f6e27ad3fce1bfd\">\n.flex_column.av-2gzn31y-24c965d3144d8e0c2f6e27ad3fce1bfd{\nborder-radius:0px 0px 0px 0px;\npadding:0px 0px 0px 0px;\n}\n<\/style>\n<div  class='flex_column av-2gzn31y-24c965d3144d8e0c2f6e27ad3fce1bfd av_one_half  avia-builder-el-0  el_before_av_one_half  avia-builder-el-first  first flex_column_div av-zero-column-padding  '     ><section  class='av_textblock_section av-26ahrti-23668fadc2dc3d0b65560e284294d9e0 '   itemscope=\"itemscope\" itemtype=\"https:\/\/schema.org\/CreativeWork\" ><div class='avia_textblock'  itemprop=\"text\" ><h1><span style=\"color: #ff6600;\">Tarifa COMPI compa\u00f1er@s \/ amig@s<\/span><\/h1>\n<h2><span style=\"color: #ff6600;\">Ahorren 20 EUR + 20 EUR<\/span><\/h2>\n<\/div><\/section><br \/>\n\n<style type=\"text\/css\" data-created_by=\"avia_inline_auto\" id=\"style-css-av-1it8oae-68ddf3dcfe9d8c0697133d1a08631eaf\">\n#top .av_textblock_section.av-1it8oae-68ddf3dcfe9d8c0697133d1a08631eaf .avia_textblock{\nfont-size:16px;\n}\n<\/style>\n<section  class='av_textblock_section av-1it8oae-68ddf3dcfe9d8c0697133d1a08631eaf '   itemscope=\"itemscope\" itemtype=\"https:\/\/schema.org\/CreativeWork\" ><div class='avia_textblock'  itemprop=\"text\" ><p><strong>20 EUR<\/strong> de descuento para nuestr@s estudiantes con las siguientes condiciones:<\/p>\n<\/div><\/section><\/p><\/div>\n\n<style type=\"text\/css\" data-created_by=\"avia_inline_auto\" id=\"style-css-av-1afzc6u-4165ad1aee49df51060e558b36ac5114\">\n.flex_column.av-1afzc6u-4165ad1aee49df51060e558b36ac5114{\nborder-radius:0px 0px 0px 0px;\npadding:0px 0px 0px 0px;\n}\n<\/style>\n<div  class='flex_column av-1afzc6u-4165ad1aee49df51060e558b36ac5114 av_one_half  avia-builder-el-3  el_after_av_one_half  el_before_av_one_half  flex_column_div av-zero-column-padding  '     ><style type=\"text\/css\" data-created_by=\"avia_inline_auto\" id=\"style-css-av-25ki5y-59979a6f380acaf7cfdbfec060367024\">\n.avia-image-container.av-25ki5y-59979a6f380acaf7cfdbfec060367024 img.avia_image{\nbox-shadow:none;\n}\n.avia-image-container.av-25ki5y-59979a6f380acaf7cfdbfec060367024 .av-image-caption-overlay-center{\ncolor:#ffffff;\n}\n<\/style>\n<div  class='avia-image-container av-25ki5y-59979a6f380acaf7cfdbfec060367024 av-styling- avia-align-center  avia-builder-el-4  avia-builder-el-no-sibling '   itemprop=\"image\" itemscope=\"itemscope\" itemtype=\"https:\/\/schema.org\/ImageObject\" ><div class=\"avia-image-container-inner\"><div class=\"avia-image-overlay-wrap\"><img decoding=\"async\" fetchpriority=\"high\" class='wp-image-87101 avia-img-lazy-loading-not-87101 avia_image ' src=\"https:\/\/kapitel-zwei.de\/wp-content\/uploads\/2020\/06\/Freunde-Tarif-Spare-40-EUR-Deutschkurs-1030x687.jpg\" alt='Freunde-Tarif Spare 40 EUR Deutschkurs' title='Freunde-Tarif Spare 40 EUR Deutschkurs'  height=\"687\" width=\"1030\"  itemprop=\"thumbnailUrl\" srcset=\"https:\/\/kapitel-zwei.de\/wp-content\/uploads\/2020\/06\/Freunde-Tarif-Spare-40-EUR-Deutschkurs-1030x687.jpg 1030w, https:\/\/kapitel-zwei.de\/wp-content\/uploads\/2020\/06\/Freunde-Tarif-Spare-40-EUR-Deutschkurs-80x53.jpg 80w, https:\/\/kapitel-zwei.de\/wp-content\/uploads\/2020\/06\/Freunde-Tarif-Spare-40-EUR-Deutschkurs-300x200.jpg 300w, https:\/\/kapitel-zwei.de\/wp-content\/uploads\/2020\/06\/Freunde-Tarif-Spare-40-EUR-Deutschkurs-768x512.jpg 768w, https:\/\/kapitel-zwei.de\/wp-content\/uploads\/2020\/06\/Freunde-Tarif-Spare-40-EUR-Deutschkurs-1500x1000.jpg 1500w, https:\/\/kapitel-zwei.de\/wp-content\/uploads\/2020\/06\/Freunde-Tarif-Spare-40-EUR-Deutschkurs-705x470.jpg 705w, https:\/\/kapitel-zwei.de\/wp-content\/uploads\/2020\/06\/Freunde-Tarif-Spare-40-EUR-Deutschkurs-450x300.jpg 450w, https:\/\/kapitel-zwei.de\/wp-content\/uploads\/2020\/06\/Freunde-Tarif-Spare-40-EUR-Deutschkurs.jpg 1920w\" sizes=\"(max-width: 1030px) 100vw, 1030px\" \/><\/div><\/div><\/div><\/div>\n\n<style type=\"text\/css\" data-created_by=\"avia_inline_auto\" id=\"style-css-av-kkpfzpc5-901eb8d7a5749f080193760c8f211189\">\n@keyframes av_boxShadowEffect_av-kkpfzpc5-901eb8d7a5749f080193760c8f211189-column {\n0%   { box-shadow:  0 0 0 0 #ff9d00; opacity: 1; }\n100% { box-shadow:  0 0 2px 0 #ff9d00; opacity: 1; }\n}\n.flex_column.av-kkpfzpc5-901eb8d7a5749f080193760c8f211189{\nbox-shadow: 0 0 2px 0 #ff9d00;\nborder-radius:0px 0px 0px 0px;\npadding:35px 35px 35px 35px;\nbackground-color:#fff8ed;\n}\n<\/style>\n<div  class='flex_column av-kkpfzpc5-901eb8d7a5749f080193760c8f211189 av_one_half  avia-builder-el-5  el_after_av_one_half  el_before_av_one_half  first flex_column_div shadow-not-animated  column-top-margin'     ><style type=\"text\/css\" data-created_by=\"avia_inline_auto\" id=\"style-css-av-1it8oae-68ddf3dcfe9d8c0697133d1a08631eaf\">\n#top .av_textblock_section.av-1it8oae-68ddf3dcfe9d8c0697133d1a08631eaf .avia_textblock{\nfont-size:16px;\n}\n<\/style>\n<section  class='av_textblock_section av-1it8oae-68ddf3dcfe9d8c0697133d1a08631eaf '   itemscope=\"itemscope\" itemtype=\"https:\/\/schema.org\/CreativeWork\" ><div class='avia_textblock'  itemprop=\"text\" ><p>a) Ya participas en nuestros cursos intensivos y consigues <strong>un\/a amig@ como nuevo\/a cliente<\/strong> para un curso intensivo. Tu amig@ recibe un descuento de 20 EUR. Debes introducir siempre el <strong>n\u00famero de cliente<\/strong> del estudiante existente.<\/p>\n<p>Para que tu tambi\u00e9n puedas recibir un descuento de 20 EUR en un curso intensivo, <strong>tendr\u00e1s que reservar un curso intensivo en un plazo de seis meses<\/strong>. Debes introducir el<strong> n\u00famero de cliente<\/strong> del nuevo cliente.<\/p>\n<p>Tu amig@ tendr\u00e1 que escribir en el formulario de inscripci\u00f3n: \u00abTarifa amig@s + tu nombre + n\u00famero del cliente\u00bb.<\/p>\n<\/div><\/section><\/div>\n\n<style type=\"text\/css\" data-created_by=\"avia_inline_auto\" id=\"style-css-av-kkpfzpc5-3db2c324d88a00013d5f14bd8c80c024\">\n@keyframes av_boxShadowEffect_av-kkpfzpc5-3db2c324d88a00013d5f14bd8c80c024-column {\n0%   { box-shadow:  0 0 0 0 #ff9d00; opacity: 1; }\n100% { box-shadow:  0 0 2px 0 #ff9d00; opacity: 1; }\n}\n.flex_column.av-kkpfzpc5-3db2c324d88a00013d5f14bd8c80c024{\nbox-shadow: 0 0 2px 0 #ff9d00;\nborder-radius:0px 0px 0px 0px;\npadding:35px 35px 35px 35px;\nbackground-color:#fff8ed;\n}\n<\/style>\n<div  class='flex_column av-kkpfzpc5-3db2c324d88a00013d5f14bd8c80c024 av_one_half  avia-builder-el-7  el_after_av_one_half  el_before_av_one_full  flex_column_div shadow-not-animated  column-top-margin'     ><style type=\"text\/css\" data-created_by=\"avia_inline_auto\" id=\"style-css-av-1it8oae-68ddf3dcfe9d8c0697133d1a08631eaf\">\n#top .av_textblock_section.av-1it8oae-68ddf3dcfe9d8c0697133d1a08631eaf .avia_textblock{\nfont-size:16px;\n}\n<\/style>\n<section  class='av_textblock_section av-1it8oae-68ddf3dcfe9d8c0697133d1a08631eaf '   itemscope=\"itemscope\" itemtype=\"https:\/\/schema.org\/CreativeWork\" ><div class='avia_textblock'  itemprop=\"text\" ><p>b) <strong>Amb@s son nuev@s clientes<\/strong> y se inscriben <strong>junt@s<\/strong> en un curso intensivo en el mismo mes. Por favor, escribe el nombre de la segunda persona en el campo de comentarios del formulario de inscripci\u00f3n.<\/p>\n<\/div><\/section><\/div>\n\n<style type=\"text\/css\" data-created_by=\"avia_inline_auto\" id=\"style-css-av-kkpfzpc5-7d757a48cbe06cbdba105a142a80bbeb\">\n@keyframes av_boxShadowEffect_av-kkpfzpc5-7d757a48cbe06cbdba105a142a80bbeb-column {\n0%   { box-shadow:  0 0 0 0 #ff9d00; opacity: 1; }\n100% { box-shadow:  0 0 2px 0 #ff9d00; opacity: 1; }\n}\n.flex_column.av-kkpfzpc5-7d757a48cbe06cbdba105a142a80bbeb{\nbox-shadow: 0 0 2px 0 #ff9d00;\nborder-radius:0px 0px 0px 0px;\npadding:35px 35px 35px 35px;\nbackground-color:#dfffdd;\n}\n<\/style>\n<div  class='flex_column av-kkpfzpc5-7d757a48cbe06cbdba105a142a80bbeb av_one_full  avia-builder-el-9  el_after_av_one_half  avia-builder-el-last  first flex_column_div shadow-not-animated  column-top-margin'     ><style type=\"text\/css\" data-created_by=\"avia_inline_auto\" id=\"style-css-av-1it8oae-68ddf3dcfe9d8c0697133d1a08631eaf\">\n#top .av_textblock_section.av-1it8oae-68ddf3dcfe9d8c0697133d1a08631eaf .avia_textblock{\nfont-size:16px;\n}\n<\/style>\n<section  class='av_textblock_section av-1it8oae-68ddf3dcfe9d8c0697133d1a08631eaf '   itemscope=\"itemscope\" itemtype=\"https:\/\/schema.org\/CreativeWork\" ><div class='avia_textblock'  itemprop=\"text\" ><p>Condiciones generales:<\/p>\n<p>Ten en cuenta que el precio del curso se reduce <strong>una vez<\/strong> por persona (20 EUR) para un curso intensivo. Para otras reservas en los meses siguientes se aplica nuestra tarifa Classic.<\/p>\n<p>Por cada nuev@ cliente <strong>inscrito en un curso intensivo<\/strong>, el estudiante existente recibir\u00e1 un vale de 20 EUR para un curso intensivo.\u00a0El bono debe canjearse por un curso intensivo en un plazo de seis meses; de lo contrario, caduca. El estudiante existente debe introducir el n\u00famero de cliente del nuevo estudiante al continuar la reserva.<\/p>\n<p>Con esta promoci\u00f3n no se admiten cambios de reserva ni cancelaciones.<\/p>\n<p>El descuento de 20 EUR o el valor del bono obtenido no son transferibles. No es posible realizar pagos en efectivo ni en bienes materiales.<\/p>\n<\/div><\/section><\/div>\n","protected":false},"excerpt":{"rendered":"","protected":false},"author":16,"featured_media":0,"parent":0,"menu_order":0,"comment_status":"closed","ping_status":"closed","template":"","meta":{"footnotes":""},"class_list":["post-87360","page","type-page","status-publish","hentry"],"yoast_head":"<!-- This site is optimized with the Yoast SEO Premium plugin v24.4 (Yoast SEO v24.4) - https:\/\/yoast.com\/wordpress\/plugins\/seo\/ -->\n<title>20 EUR descuento - tarifa compi - curso intensivo Berl\u00edn<\/title>\n<meta name=\"description\" content=\"\u00a1Ahorra 20\u20ac del precio regular del curso! Inscr\u00edbete junto con un amig@ para un curso intensivo en Berl\u00edn. El precio del curso se reducir\u00e1 de 20 euros para cada uno de ustedes en el primer mes de reserva.\" \/>\n<meta name=\"robots\" content=\"index, follow, max-snippet:-1, max-image-preview:large, max-video-preview:-1\" \/>\n<link rel=\"canonical\" href=\"https:\/\/kapitel-zwei.de\/es\/tarifa-compi\/\" \/>\n<meta property=\"og:locale\" content=\"es_ES\" \/>\n<meta property=\"og:type\" content=\"article\" \/>\n<meta property=\"og:title\" content=\"Tarifa COMPI\" \/>\n<meta property=\"og:description\" content=\"\u00a1Ahorra 20\u20ac del precio regular del curso! Inscr\u00edbete junto con un amig@ para un curso intensivo en Berl\u00edn. El precio del curso se reducir\u00e1 de 20 euros para cada uno de ustedes en el primer mes de reserva.\" \/>\n<meta property=\"og:url\" content=\"https:\/\/kapitel-zwei.de\/es\/tarifa-compi\/\" \/>\n<meta property=\"og:site_name\" content=\"Kapitel Zwei Berlin\" \/>\n<meta property=\"article:publisher\" content=\"https:\/\/www.facebook.com\/kapitelzwei\/\" \/>\n<meta property=\"article:modified_time\" content=\"2023-06-20T13:02:54+00:00\" \/>\n<meta name=\"twitter:card\" content=\"summary_large_image\" \/>\n<meta name=\"twitter:site\" content=\"@kapitelzwei\" \/>\n<meta name=\"twitter:label1\" content=\"Tiempo de lectura\" \/>\n\t<meta name=\"twitter:data1\" content=\"3 minutos\" \/>\n<script type=\"application\/ld+json\" class=\"yoast-schema-graph\">{\"@context\":\"https:\/\/schema.org\",\"@graph\":[{\"@type\":\"WebPage\",\"@id\":\"https:\/\/kapitel-zwei.de\/es\/tarifa-compi\/\",\"url\":\"https:\/\/kapitel-zwei.de\/es\/tarifa-compi\/\",\"name\":\"20 EUR descuento - tarifa compi - curso intensivo Berl\u00edn\",\"isPartOf\":{\"@id\":\"https:\/\/kapitel-zwei.de\/es\/#website\"},\"datePublished\":\"2020-06-20T14:27:09+00:00\",\"dateModified\":\"2023-06-20T13:02:54+00:00\",\"description\":\"\u00a1Ahorra 20\u20ac del precio regular del curso! Inscr\u00edbete junto con un amig@ para un curso intensivo en Berl\u00edn. El precio del curso se reducir\u00e1 de 20 euros para cada uno de ustedes en el primer mes de reserva.\",\"breadcrumb\":{\"@id\":\"https:\/\/kapitel-zwei.de\/es\/tarifa-compi\/#breadcrumb\"},\"inLanguage\":\"es\",\"potentialAction\":[{\"@type\":\"ReadAction\",\"target\":[\"https:\/\/kapitel-zwei.de\/es\/tarifa-compi\/\"]}]},{\"@type\":\"BreadcrumbList\",\"@id\":\"https:\/\/kapitel-zwei.de\/es\/tarifa-compi\/#breadcrumb\",\"itemListElement\":[{\"@type\":\"ListItem\",\"position\":1,\"name\":\"Startseite\",\"item\":\"https:\/\/kapitel-zwei.de\/es\/\"},{\"@type\":\"ListItem\",\"position\":2,\"name\":\"Tarifa COMPI\"}]},{\"@type\":\"WebSite\",\"@id\":\"https:\/\/kapitel-zwei.de\/es\/#website\",\"url\":\"https:\/\/kapitel-zwei.de\/es\/\",\"name\":\"Kapitel Zwei Berlin\",\"description\":\"Deutschkurs Berlin | Sprachschule Berlin | German language school Berlin | telc Berlin | Deutsch Pr\u00fcfung Berlin | Intensive German courses Berlin | TestDaF Pr\u00fcfung | Online Kurse\",\"publisher\":{\"@id\":\"https:\/\/kapitel-zwei.de\/es\/#organization\"},\"potentialAction\":[{\"@type\":\"SearchAction\",\"target\":{\"@type\":\"EntryPoint\",\"urlTemplate\":\"https:\/\/kapitel-zwei.de\/es\/?s={search_term_string}\"},\"query-input\":{\"@type\":\"PropertyValueSpecification\",\"valueRequired\":true,\"valueName\":\"search_term_string\"}}],\"inLanguage\":\"es\"},{\"@type\":\"Organization\",\"@id\":\"https:\/\/kapitel-zwei.de\/es\/#organization\",\"name\":\"Kapitel Zwei. Deutsch-Sprachschule Berlin GmbH\",\"url\":\"https:\/\/kapitel-zwei.de\/es\/\",\"logo\":{\"@type\":\"ImageObject\",\"inLanguage\":\"es\",\"@id\":\"https:\/\/kapitel-zwei.de\/es\/#\/schema\/logo\/image\/\",\"url\":\"https:\/\/kapitel-zwei.de\/wp-content\/uploads\/2018\/08\/Kapitel-Zwei-Berlin-Sprachschule-Deutsch-Deutschkurse-Berlin.jpg\",\"contentUrl\":\"https:\/\/kapitel-zwei.de\/wp-content\/uploads\/2018\/08\/Kapitel-Zwei-Berlin-Sprachschule-Deutsch-Deutschkurse-Berlin.jpg\",\"width\":350,\"height\":101,\"caption\":\"Kapitel Zwei. Deutsch-Sprachschule Berlin GmbH\"},\"image\":{\"@id\":\"https:\/\/kapitel-zwei.de\/es\/#\/schema\/logo\/image\/\"},\"sameAs\":[\"https:\/\/www.facebook.com\/kapitelzwei\/\",\"https:\/\/x.com\/kapitelzwei\"]}]}<\/script>\n<!-- \/ Yoast SEO Premium plugin. -->","yoast_head_json":{"title":"20 EUR descuento - tarifa compi - curso intensivo Berl\u00edn","description":"\u00a1Ahorra 20\u20ac del precio regular del curso! Inscr\u00edbete junto con un amig@ para un curso intensivo en Berl\u00edn. El precio del curso se reducir\u00e1 de 20 euros para cada uno de ustedes en el primer mes de reserva.","robots":{"index":"index","follow":"follow","max-snippet":"max-snippet:-1","max-image-preview":"max-image-preview:large","max-video-preview":"max-video-preview:-1"},"canonical":"https:\/\/kapitel-zwei.de\/es\/tarifa-compi\/","og_locale":"es_ES","og_type":"article","og_title":"Tarifa COMPI","og_description":"\u00a1Ahorra 20\u20ac del precio regular del curso! Inscr\u00edbete junto con un amig@ para un curso intensivo en Berl\u00edn. El precio del curso se reducir\u00e1 de 20 euros para cada uno de ustedes en el primer mes de reserva.","og_url":"https:\/\/kapitel-zwei.de\/es\/tarifa-compi\/","og_site_name":"Kapitel Zwei Berlin","article_publisher":"https:\/\/www.facebook.com\/kapitelzwei\/","article_modified_time":"2023-06-20T13:02:54+00:00","twitter_card":"summary_large_image","twitter_site":"@kapitelzwei","twitter_misc":{"Tiempo de lectura":"3 minutos"},"schema":{"@context":"https:\/\/schema.org","@graph":[{"@type":"WebPage","@id":"https:\/\/kapitel-zwei.de\/es\/tarifa-compi\/","url":"https:\/\/kapitel-zwei.de\/es\/tarifa-compi\/","name":"20 EUR descuento - tarifa compi - curso intensivo Berl\u00edn","isPartOf":{"@id":"https:\/\/kapitel-zwei.de\/es\/#website"},"datePublished":"2020-06-20T14:27:09+00:00","dateModified":"2023-06-20T13:02:54+00:00","description":"\u00a1Ahorra 20\u20ac del precio regular del curso! Inscr\u00edbete junto con un amig@ para un curso intensivo en Berl\u00edn. El precio del curso se reducir\u00e1 de 20 euros para cada uno de ustedes en el primer mes de reserva.","breadcrumb":{"@id":"https:\/\/kapitel-zwei.de\/es\/tarifa-compi\/#breadcrumb"},"inLanguage":"es","potentialAction":[{"@type":"ReadAction","target":["https:\/\/kapitel-zwei.de\/es\/tarifa-compi\/"]}]},{"@type":"BreadcrumbList","@id":"https:\/\/kapitel-zwei.de\/es\/tarifa-compi\/#breadcrumb","itemListElement":[{"@type":"ListItem","position":1,"name":"Startseite","item":"https:\/\/kapitel-zwei.de\/es\/"},{"@type":"ListItem","position":2,"name":"Tarifa COMPI"}]},{"@type":"WebSite","@id":"https:\/\/kapitel-zwei.de\/es\/#website","url":"https:\/\/kapitel-zwei.de\/es\/","name":"Kapitel Zwei Berlin","description":"Deutschkurs Berlin | Sprachschule Berlin | German language school Berlin | telc Berlin | Deutsch Pr\u00fcfung Berlin | Intensive German courses Berlin | TestDaF Pr\u00fcfung | Online Kurse","publisher":{"@id":"https:\/\/kapitel-zwei.de\/es\/#organization"},"potentialAction":[{"@type":"SearchAction","target":{"@type":"EntryPoint","urlTemplate":"https:\/\/kapitel-zwei.de\/es\/?s={search_term_string}"},"query-input":{"@type":"PropertyValueSpecification","valueRequired":true,"valueName":"search_term_string"}}],"inLanguage":"es"},{"@type":"Organization","@id":"https:\/\/kapitel-zwei.de\/es\/#organization","name":"Kapitel Zwei. Deutsch-Sprachschule Berlin GmbH","url":"https:\/\/kapitel-zwei.de\/es\/","logo":{"@type":"ImageObject","inLanguage":"es","@id":"https:\/\/kapitel-zwei.de\/es\/#\/schema\/logo\/image\/","url":"https:\/\/kapitel-zwei.de\/wp-content\/uploads\/2018\/08\/Kapitel-Zwei-Berlin-Sprachschule-Deutsch-Deutschkurse-Berlin.jpg","contentUrl":"https:\/\/kapitel-zwei.de\/wp-content\/uploads\/2018\/08\/Kapitel-Zwei-Berlin-Sprachschule-Deutsch-Deutschkurse-Berlin.jpg","width":350,"height":101,"caption":"Kapitel Zwei. Deutsch-Sprachschule Berlin GmbH"},"image":{"@id":"https:\/\/kapitel-zwei.de\/es\/#\/schema\/logo\/image\/"},"sameAs":["https:\/\/www.facebook.com\/kapitelzwei\/","https:\/\/x.com\/kapitelzwei"]}]}},"_links":{"self":[{"href":"https:\/\/kapitel-zwei.de\/es\/wp-json\/wp\/v2\/pages\/87360","targetHints":{"allow":["GET"]}}],"collection":[{"href":"https:\/\/kapitel-zwei.de\/es\/wp-json\/wp\/v2\/pages"}],"about":[{"href":"https:\/\/kapitel-zwei.de\/es\/wp-json\/wp\/v2\/types\/page"}],"author":[{"embeddable":true,"href":"https:\/\/kapitel-zwei.de\/es\/wp-json\/wp\/v2\/users\/16"}],"replies":[{"embeddable":true,"href":"https:\/\/kapitel-zwei.de\/es\/wp-json\/wp\/v2\/comments?post=87360"}],"version-history":[{"count":12,"href":"https:\/\/kapitel-zwei.de\/es\/wp-json\/wp\/v2\/pages\/87360\/revisions"}],"predecessor-version":[{"id":113228,"href":"https:\/\/kapitel-zwei.de\/es\/wp-json\/wp\/v2\/pages\/87360\/revisions\/113228"}],"wp:attachment":[{"href":"https:\/\/kapitel-zwei.de\/es\/wp-json\/wp\/v2\/media?parent=87360"}],"curies":[{"name":"wp","href":"https:\/\/api.w.org\/{rel}","templated":true}]}}