{"id":87500,"date":"2020-06-18T15:33:42","date_gmt":"2020-06-18T13:33:42","guid":{"rendered":"https:\/\/kapitel-zwei.de\/classic-tarif\/"},"modified":"2026-03-19T13:26:21","modified_gmt":"2026-03-19T12:26:21","slug":"tarifa-classic","status":"publish","type":"page","link":"https:\/\/kapitel-zwei.de\/es\/tarifa-classic\/","title":{"rendered":"Tarifa CLASSIC"},"content":{"rendered":"\n<style type=\"text\/css\" data-created_by=\"avia_inline_auto\" id=\"style-css-av-2mezey4-8f7c6e3610fde304ecad7a427e1555f9\">\n.flex_column.av-2mezey4-8f7c6e3610fde304ecad7a427e1555f9{\nborder-radius:0px 0px 0px 0px;\npadding:0px 0px 0px 0px;\n}\n<\/style>\n<div  class='flex_column av-2mezey4-8f7c6e3610fde304ecad7a427e1555f9 av_two_third  avia-builder-el-0  el_before_av_one_third  avia-builder-el-first  first flex_column_div av-zero-column-padding  '     ><section  class='av_textblock_section av-27lvvvw-9dcec983182a6b844d3f64b5843f553c '   itemscope=\"itemscope\" itemtype=\"https:\/\/schema.org\/CreativeWork\" ><div class='avia_textblock'  itemprop=\"text\" ><h1><span style=\"color: #ff6600;\">Tarifa CLASSIC <\/span><\/h1>\n<h2><span style=\"color: #ff6600;\">Precio regular del curso<\/span><\/h2>\n<\/div><\/section><br \/>\n\n<style type=\"text\/css\" data-created_by=\"avia_inline_auto\" id=\"style-css-av-1u3rggc-01c9773966de44ad1dd7c51ae13ddcda\">\n#top .av_textblock_section.av-1u3rggc-01c9773966de44ad1dd7c51ae13ddcda .avia_textblock{\nfont-size:16px;\n}\n<\/style>\n<section  class='av_textblock_section av-1u3rggc-01c9773966de44ad1dd7c51ae13ddcda '   itemscope=\"itemscope\" itemtype=\"https:\/\/schema.org\/CreativeWork\" ><div class='avia_textblock'  itemprop=\"text\" ><p class=\"my-2 &#091;&amp;+p&#093;:mt-4 &#091;&amp;_strong:has(+br)&#093;:inline-block &#091;&amp;_strong:has(+br)&#093;:pb-2\"><strong>Cancelaci\u00f3n<\/strong><br \/>\nEn la tarifa de curso cl\u00e1sico puedes cancelar tu curso hasta 14 d\u00edas antes del inicio por correo electr\u00f3nico. En ese caso, te reembolsaremos el 80% de las tasas del curso. Despu\u00e9s de ese plazo, se excluye cualquier forma de cancelaci\u00f3n, aplazamiento o reembolso.<\/p>\n<p class=\"my-2 &#091;&amp;+p&#093;:mt-4 &#091;&amp;_strong:has(+br)&#093;:inline-block &#091;&amp;_strong:has(+br)&#093;:pb-2\"><strong>Cambio de fecha<\/strong><br \/>\nEn la tarifa de curso cl\u00e1sico puedes cambiar la fecha de tu curso una vez hasta 14 d\u00edas antes del inicio por correo electr\u00f3nico. No habr\u00e1 un segundo cambio ni excepciones. En ese caso, te reembolsaremos el 80% de las tasas del curso.<\/p>\n<p class=\"my-2 &#091;&amp;+p&#093;:mt-4 &#091;&amp;_strong:has(+br)&#093;:inline-block &#091;&amp;_strong:has(+br)&#093;:pb-2\">Las dem\u00e1s tarifas no incluyen cambio de fecha ni cancelaci\u00f3n.<br \/>\nKapitel Zwei no cubre las comisiones de transferencia.<\/p>\n<\/div><\/section><\/p><\/div>\n<style type=\"text\/css\" data-created_by=\"avia_inline_auto\" id=\"style-css-av-4nj3zg-5c3c471415789e761c1f0cb1d02beb5d\">\n.flex_column.av-4nj3zg-5c3c471415789e761c1f0cb1d02beb5d{\nborder-radius:0px 0px 0px 0px;\npadding:0px 0px 0px 0px;\n}\n<\/style>\n<div  class='flex_column av-4nj3zg-5c3c471415789e761c1f0cb1d02beb5d av_one_third  avia-builder-el-3  el_after_av_two_third  avia-builder-el-last  flex_column_div av-zero-column-padding  '     ><style type=\"text\/css\" data-created_by=\"avia_inline_auto\" id=\"style-css-av-ltcmfg-cd70c28f5a9419928cd3aed2eb093d13\">\n.avia-image-container.av-ltcmfg-cd70c28f5a9419928cd3aed2eb093d13 img.avia_image{\nbox-shadow:none;\n}\n.avia-image-container.av-ltcmfg-cd70c28f5a9419928cd3aed2eb093d13 .av-image-caption-overlay-center{\ncolor:#ffffff;\n}\n<\/style>\n<div  class='avia-image-container av-ltcmfg-cd70c28f5a9419928cd3aed2eb093d13 av-styling- avia-align-center  avia-builder-el-4  avia-builder-el-no-sibling '   itemprop=\"image\" itemscope=\"itemscope\" itemtype=\"https:\/\/schema.org\/ImageObject\" ><div class=\"avia-image-container-inner\"><div class=\"avia-image-overlay-wrap\"><img decoding=\"async\" fetchpriority=\"high\" class='wp-image-86904 avia-img-lazy-loading-not-86904 avia_image ' src=\"https:\/\/kapitel-zwei.de\/wp-content\/uploads\/2020\/06\/Classic-Tarif-Deutschkurs-Berlin-1030x686.jpg\" alt='Classic Tarif Deutschkurs Berlin' title='Classic Tarif Deutschkurs Berlin'  height=\"686\" width=\"1030\"  itemprop=\"thumbnailUrl\" srcset=\"https:\/\/kapitel-zwei.de\/wp-content\/uploads\/2020\/06\/Classic-Tarif-Deutschkurs-Berlin-1030x686.jpg 1030w, https:\/\/kapitel-zwei.de\/wp-content\/uploads\/2020\/06\/Classic-Tarif-Deutschkurs-Berlin-80x53.jpg 80w, https:\/\/kapitel-zwei.de\/wp-content\/uploads\/2020\/06\/Classic-Tarif-Deutschkurs-Berlin-300x200.jpg 300w, https:\/\/kapitel-zwei.de\/wp-content\/uploads\/2020\/06\/Classic-Tarif-Deutschkurs-Berlin-768x512.jpg 768w, https:\/\/kapitel-zwei.de\/wp-content\/uploads\/2020\/06\/Classic-Tarif-Deutschkurs-Berlin-705x470.jpg 705w, https:\/\/kapitel-zwei.de\/wp-content\/uploads\/2020\/06\/Classic-Tarif-Deutschkurs-Berlin-450x300.jpg 450w, https:\/\/kapitel-zwei.de\/wp-content\/uploads\/2020\/06\/Classic-Tarif-Deutschkurs-Berlin.jpg 1280w\" sizes=\"(max-width: 1030px) 100vw, 1030px\" \/><\/div><\/div><\/div><\/div><\/p>\n","protected":false},"excerpt":{"rendered":"","protected":false},"author":16,"featured_media":0,"parent":0,"menu_order":0,"comment_status":"closed","ping_status":"closed","template":"","meta":{"footnotes":""},"class_list":["post-87500","page","type-page","status-publish","hentry"],"yoast_head":"<!-- This site is optimized with the Yoast SEO Premium plugin v24.4 (Yoast SEO v24.4) - https:\/\/yoast.com\/wordpress\/plugins\/seo\/ -->\n<title>Tarifa Classic - Kapitel Zwei Berlin<\/title>\n<meta name=\"description\" content=\"Recomendamos esta tarifa a tod@s l@s que no quieran prescindir de nuestros servicios y comodidades habituales y que quieran una cierta flexibilidad. Los cursos de esta tarifa tambi\u00e9n pueden ser reservados o cancelados por una tarifa de acuerdo a nuestros t\u00e9rminos y condiciones.\" \/>\n<meta name=\"robots\" content=\"index, follow, max-snippet:-1, max-image-preview:large, max-video-preview:-1\" \/>\n<link rel=\"canonical\" href=\"https:\/\/kapitel-zwei.de\/es\/tarifa-classic\/\" \/>\n<meta property=\"og:locale\" content=\"es_ES\" \/>\n<meta property=\"og:type\" content=\"article\" \/>\n<meta property=\"og:title\" content=\"Tarifa CLASSIC\" \/>\n<meta property=\"og:description\" content=\"Recomendamos esta tarifa a tod@s l@s que no quieran prescindir de nuestros servicios y comodidades habituales y que quieran una cierta flexibilidad. Los cursos de esta tarifa tambi\u00e9n pueden ser reservados o cancelados por una tarifa de acuerdo a nuestros t\u00e9rminos y condiciones.\" \/>\n<meta property=\"og:url\" content=\"https:\/\/kapitel-zwei.de\/es\/tarifa-classic\/\" \/>\n<meta property=\"og:site_name\" content=\"Kapitel Zwei Berlin\" \/>\n<meta property=\"article:publisher\" content=\"https:\/\/www.facebook.com\/kapitelzwei\/\" \/>\n<meta property=\"article:modified_time\" content=\"2026-03-19T12:26:21+00:00\" \/>\n<meta name=\"twitter:card\" content=\"summary_large_image\" \/>\n<meta name=\"twitter:site\" content=\"@kapitelzwei\" \/>\n<meta name=\"twitter:label1\" content=\"Tiempo de lectura\" \/>\n\t<meta name=\"twitter:data1\" content=\"1 minuto\" \/>\n<script type=\"application\/ld+json\" class=\"yoast-schema-graph\">{\"@context\":\"https:\/\/schema.org\",\"@graph\":[{\"@type\":\"WebPage\",\"@id\":\"https:\/\/kapitel-zwei.de\/es\/tarifa-classic\/\",\"url\":\"https:\/\/kapitel-zwei.de\/es\/tarifa-classic\/\",\"name\":\"Tarifa Classic - Kapitel Zwei Berlin\",\"isPartOf\":{\"@id\":\"https:\/\/kapitel-zwei.de\/es\/#website\"},\"datePublished\":\"2020-06-18T13:33:42+00:00\",\"dateModified\":\"2026-03-19T12:26:21+00:00\",\"description\":\"Recomendamos esta tarifa a tod@s l@s que no quieran prescindir de nuestros servicios y comodidades habituales y que quieran una cierta flexibilidad. Los cursos de esta tarifa tambi\u00e9n pueden ser reservados o cancelados por una tarifa de acuerdo a nuestros t\u00e9rminos y condiciones.\",\"breadcrumb\":{\"@id\":\"https:\/\/kapitel-zwei.de\/es\/tarifa-classic\/#breadcrumb\"},\"inLanguage\":\"es\",\"potentialAction\":[{\"@type\":\"ReadAction\",\"target\":[\"https:\/\/kapitel-zwei.de\/es\/tarifa-classic\/\"]}]},{\"@type\":\"BreadcrumbList\",\"@id\":\"https:\/\/kapitel-zwei.de\/es\/tarifa-classic\/#breadcrumb\",\"itemListElement\":[{\"@type\":\"ListItem\",\"position\":1,\"name\":\"Startseite\",\"item\":\"https:\/\/kapitel-zwei.de\/es\/\"},{\"@type\":\"ListItem\",\"position\":2,\"name\":\"Tarifa CLASSIC\"}]},{\"@type\":\"WebSite\",\"@id\":\"https:\/\/kapitel-zwei.de\/es\/#website\",\"url\":\"https:\/\/kapitel-zwei.de\/es\/\",\"name\":\"Kapitel Zwei Berlin\",\"description\":\"Deutschkurs Berlin | Sprachschule Berlin | German language school Berlin | telc Berlin | Deutsch Pr\u00fcfung Berlin | Intensive German courses Berlin | TestDaF Pr\u00fcfung | Online Kurse\",\"publisher\":{\"@id\":\"https:\/\/kapitel-zwei.de\/es\/#organization\"},\"potentialAction\":[{\"@type\":\"SearchAction\",\"target\":{\"@type\":\"EntryPoint\",\"urlTemplate\":\"https:\/\/kapitel-zwei.de\/es\/?s={search_term_string}\"},\"query-input\":{\"@type\":\"PropertyValueSpecification\",\"valueRequired\":true,\"valueName\":\"search_term_string\"}}],\"inLanguage\":\"es\"},{\"@type\":\"Organization\",\"@id\":\"https:\/\/kapitel-zwei.de\/es\/#organization\",\"name\":\"Kapitel Zwei. Deutsch-Sprachschule Berlin GmbH\",\"url\":\"https:\/\/kapitel-zwei.de\/es\/\",\"logo\":{\"@type\":\"ImageObject\",\"inLanguage\":\"es\",\"@id\":\"https:\/\/kapitel-zwei.de\/es\/#\/schema\/logo\/image\/\",\"url\":\"https:\/\/kapitel-zwei.de\/wp-content\/uploads\/2018\/08\/Kapitel-Zwei-Berlin-Sprachschule-Deutsch-Deutschkurse-Berlin.jpg\",\"contentUrl\":\"https:\/\/kapitel-zwei.de\/wp-content\/uploads\/2018\/08\/Kapitel-Zwei-Berlin-Sprachschule-Deutsch-Deutschkurse-Berlin.jpg\",\"width\":350,\"height\":101,\"caption\":\"Kapitel Zwei. Deutsch-Sprachschule Berlin GmbH\"},\"image\":{\"@id\":\"https:\/\/kapitel-zwei.de\/es\/#\/schema\/logo\/image\/\"},\"sameAs\":[\"https:\/\/www.facebook.com\/kapitelzwei\/\",\"https:\/\/x.com\/kapitelzwei\"]}]}<\/script>\n<!-- \/ Yoast SEO Premium plugin. -->","yoast_head_json":{"title":"Tarifa Classic - Kapitel Zwei Berlin","description":"Recomendamos esta tarifa a tod@s l@s que no quieran prescindir de nuestros servicios y comodidades habituales y que quieran una cierta flexibilidad. Los cursos de esta tarifa tambi\u00e9n pueden ser reservados o cancelados por una tarifa de acuerdo a nuestros t\u00e9rminos y condiciones.","robots":{"index":"index","follow":"follow","max-snippet":"max-snippet:-1","max-image-preview":"max-image-preview:large","max-video-preview":"max-video-preview:-1"},"canonical":"https:\/\/kapitel-zwei.de\/es\/tarifa-classic\/","og_locale":"es_ES","og_type":"article","og_title":"Tarifa CLASSIC","og_description":"Recomendamos esta tarifa a tod@s l@s que no quieran prescindir de nuestros servicios y comodidades habituales y que quieran una cierta flexibilidad. Los cursos de esta tarifa tambi\u00e9n pueden ser reservados o cancelados por una tarifa de acuerdo a nuestros t\u00e9rminos y condiciones.","og_url":"https:\/\/kapitel-zwei.de\/es\/tarifa-classic\/","og_site_name":"Kapitel Zwei Berlin","article_publisher":"https:\/\/www.facebook.com\/kapitelzwei\/","article_modified_time":"2026-03-19T12:26:21+00:00","twitter_card":"summary_large_image","twitter_site":"@kapitelzwei","twitter_misc":{"Tiempo de lectura":"1 minuto"},"schema":{"@context":"https:\/\/schema.org","@graph":[{"@type":"WebPage","@id":"https:\/\/kapitel-zwei.de\/es\/tarifa-classic\/","url":"https:\/\/kapitel-zwei.de\/es\/tarifa-classic\/","name":"Tarifa Classic - Kapitel Zwei Berlin","isPartOf":{"@id":"https:\/\/kapitel-zwei.de\/es\/#website"},"datePublished":"2020-06-18T13:33:42+00:00","dateModified":"2026-03-19T12:26:21+00:00","description":"Recomendamos esta tarifa a tod@s l@s que no quieran prescindir de nuestros servicios y comodidades habituales y que quieran una cierta flexibilidad. Los cursos de esta tarifa tambi\u00e9n pueden ser reservados o cancelados por una tarifa de acuerdo a nuestros t\u00e9rminos y condiciones.","breadcrumb":{"@id":"https:\/\/kapitel-zwei.de\/es\/tarifa-classic\/#breadcrumb"},"inLanguage":"es","potentialAction":[{"@type":"ReadAction","target":["https:\/\/kapitel-zwei.de\/es\/tarifa-classic\/"]}]},{"@type":"BreadcrumbList","@id":"https:\/\/kapitel-zwei.de\/es\/tarifa-classic\/#breadcrumb","itemListElement":[{"@type":"ListItem","position":1,"name":"Startseite","item":"https:\/\/kapitel-zwei.de\/es\/"},{"@type":"ListItem","position":2,"name":"Tarifa CLASSIC"}]},{"@type":"WebSite","@id":"https:\/\/kapitel-zwei.de\/es\/#website","url":"https:\/\/kapitel-zwei.de\/es\/","name":"Kapitel Zwei Berlin","description":"Deutschkurs Berlin | Sprachschule Berlin | German language school Berlin | telc Berlin | Deutsch Pr\u00fcfung Berlin | Intensive German courses Berlin | TestDaF Pr\u00fcfung | Online Kurse","publisher":{"@id":"https:\/\/kapitel-zwei.de\/es\/#organization"},"potentialAction":[{"@type":"SearchAction","target":{"@type":"EntryPoint","urlTemplate":"https:\/\/kapitel-zwei.de\/es\/?s={search_term_string}"},"query-input":{"@type":"PropertyValueSpecification","valueRequired":true,"valueName":"search_term_string"}}],"inLanguage":"es"},{"@type":"Organization","@id":"https:\/\/kapitel-zwei.de\/es\/#organization","name":"Kapitel Zwei. Deutsch-Sprachschule Berlin GmbH","url":"https:\/\/kapitel-zwei.de\/es\/","logo":{"@type":"ImageObject","inLanguage":"es","@id":"https:\/\/kapitel-zwei.de\/es\/#\/schema\/logo\/image\/","url":"https:\/\/kapitel-zwei.de\/wp-content\/uploads\/2018\/08\/Kapitel-Zwei-Berlin-Sprachschule-Deutsch-Deutschkurse-Berlin.jpg","contentUrl":"https:\/\/kapitel-zwei.de\/wp-content\/uploads\/2018\/08\/Kapitel-Zwei-Berlin-Sprachschule-Deutsch-Deutschkurse-Berlin.jpg","width":350,"height":101,"caption":"Kapitel Zwei. Deutsch-Sprachschule Berlin GmbH"},"image":{"@id":"https:\/\/kapitel-zwei.de\/es\/#\/schema\/logo\/image\/"},"sameAs":["https:\/\/www.facebook.com\/kapitelzwei\/","https:\/\/x.com\/kapitelzwei"]}]}},"_links":{"self":[{"href":"https:\/\/kapitel-zwei.de\/es\/wp-json\/wp\/v2\/pages\/87500","targetHints":{"allow":["GET"]}}],"collection":[{"href":"https:\/\/kapitel-zwei.de\/es\/wp-json\/wp\/v2\/pages"}],"about":[{"href":"https:\/\/kapitel-zwei.de\/es\/wp-json\/wp\/v2\/types\/page"}],"author":[{"embeddable":true,"href":"https:\/\/kapitel-zwei.de\/es\/wp-json\/wp\/v2\/users\/16"}],"replies":[{"embeddable":true,"href":"https:\/\/kapitel-zwei.de\/es\/wp-json\/wp\/v2\/comments?post=87500"}],"version-history":[{"count":6,"href":"https:\/\/kapitel-zwei.de\/es\/wp-json\/wp\/v2\/pages\/87500\/revisions"}],"predecessor-version":[{"id":126044,"href":"https:\/\/kapitel-zwei.de\/es\/wp-json\/wp\/v2\/pages\/87500\/revisions\/126044"}],"wp:attachment":[{"href":"https:\/\/kapitel-zwei.de\/es\/wp-json\/wp\/v2\/media?parent=87500"}],"curies":[{"name":"wp","href":"https:\/\/api.w.org\/{rel}","templated":true}]}}