{"id":10042,"date":"2016-03-23T17:29:24","date_gmt":"2016-03-23T16:29:24","guid":{"rendered":"http:\/\/relaunch.kapitel-zwei.de\/fr\/vivre-a-berlin\/arbeiten\/"},"modified":"2023-11-27T13:50:51","modified_gmt":"2023-11-27T12:50:51","slug":"emploi-berlin","status":"publish","type":"page","link":"https:\/\/kapitel-zwei.de\/fr\/vivre-a-berlin\/emploi-berlin\/","title":{"rendered":"Offres d\u2019emploi"},"content":{"rendered":"\n<style type=\"text\/css\" data-created_by=\"avia_inline_auto\" id=\"style-css-av-79q7w0q-c6e25629f246893c0335683b738c456c\">\n.flex_column.av-79q7w0q-c6e25629f246893c0335683b738c456c{\nborder-radius:0px 0px 0px 0px;\npadding:0px 0px 0px 0px;\n}\n<\/style>\n<div  class='flex_column av-79q7w0q-c6e25629f246893c0335683b738c456c av_one_third  avia-builder-el-0  el_before_av_two_third  avia-builder-el-first  first flex_column_div av-zero-column-padding  '     ><section  class='av_textblock_section av-6j51are-767ed4e7fd4c9373bfaf221fc0f7cdd6 '   itemscope=\"itemscope\" itemtype=\"https:\/\/schema.org\/CreativeWork\" ><div class='avia_textblock'  itemprop=\"text\" ><p class=\"intro\">Apprendre l\u2019allemand \u00e0 Berlin avec \u00ab Kapitel Zwei, \u00e9cole de langue allemande\u201d directement au centre de Berlin.<\/p>\n<\/div><\/section><br \/>\n\n<style type=\"text\/css\" data-created_by=\"avia_inline_auto\" id=\"style-css-av-299vtm-ee7b51546848c5f42492ddcb10d59954\">\n.avia-image-container.av-299vtm-ee7b51546848c5f42492ddcb10d59954 img.avia_image{\nbox-shadow:none;\n}\n.avia-image-container.av-299vtm-ee7b51546848c5f42492ddcb10d59954 .av-image-caption-overlay-center{\ncolor:#ffffff;\n}\n<\/style>\n<div  class='avia-image-container av-299vtm-ee7b51546848c5f42492ddcb10d59954 av-styling- avia-align-left  avia-builder-el-2  el_after_av_textblock  avia-builder-el-last '   itemprop=\"image\" itemscope=\"itemscope\" itemtype=\"https:\/\/schema.org\/ImageObject\" ><div class=\"avia-image-container-inner\"><div class=\"avia-image-overlay-wrap\"><img decoding=\"async\" fetchpriority=\"high\" class='wp-image-10925 avia-img-lazy-loading-not-10925 avia_image ' src=\"https:\/\/kapitel-zwei.de\/wp-content\/uploads\/2016\/03\/Kapitel-Zwei-Berlin-Jobs-in-der-Hauptstadt.jpg\" alt='Kapitel Zwei Berlin Jobs in der Hauptstadt' title='Kapitel Zwei Berlin Jobs in der Hauptstadt'  height=\"2133\" width=\"3200\"  itemprop=\"thumbnailUrl\" srcset=\"https:\/\/kapitel-zwei.de\/wp-content\/uploads\/2016\/03\/Kapitel-Zwei-Berlin-Jobs-in-der-Hauptstadt.jpg 3200w, https:\/\/kapitel-zwei.de\/wp-content\/uploads\/2016\/03\/Kapitel-Zwei-Berlin-Jobs-in-der-Hauptstadt-80x53.jpg 80w, https:\/\/kapitel-zwei.de\/wp-content\/uploads\/2016\/03\/Kapitel-Zwei-Berlin-Jobs-in-der-Hauptstadt-300x200.jpg 300w, https:\/\/kapitel-zwei.de\/wp-content\/uploads\/2016\/03\/Kapitel-Zwei-Berlin-Jobs-in-der-Hauptstadt-768x512.jpg 768w, https:\/\/kapitel-zwei.de\/wp-content\/uploads\/2016\/03\/Kapitel-Zwei-Berlin-Jobs-in-der-Hauptstadt-1030x687.jpg 1030w, https:\/\/kapitel-zwei.de\/wp-content\/uploads\/2016\/03\/Kapitel-Zwei-Berlin-Jobs-in-der-Hauptstadt-1500x1000.jpg 1500w, https:\/\/kapitel-zwei.de\/wp-content\/uploads\/2016\/03\/Kapitel-Zwei-Berlin-Jobs-in-der-Hauptstadt-705x470.jpg 705w, https:\/\/kapitel-zwei.de\/wp-content\/uploads\/2016\/03\/Kapitel-Zwei-Berlin-Jobs-in-der-Hauptstadt-450x300.jpg 450w\" sizes=\"(max-width: 3200px) 100vw, 3200px\" \/><\/div><\/div><\/div><\/p><\/div>\n\n<style type=\"text\/css\" data-created_by=\"avia_inline_auto\" id=\"style-css-av-5t7lwje-96b0efc881cdb320f3e540be1c9be54a\">\n.flex_column.av-5t7lwje-96b0efc881cdb320f3e540be1c9be54a{\nborder-radius:0px 0px 0px 0px;\npadding:0px 0px 0px 0px;\n}\n<\/style>\n<div  class='flex_column av-5t7lwje-96b0efc881cdb320f3e540be1c9be54a av_two_third  avia-builder-el-3  el_after_av_one_third  el_before_av_one_third  flex_column_div av-zero-column-padding  '     ><section  class='av_textblock_section av-5ebtx96-0d92fdb12f61116661c338e08806773c '   itemscope=\"itemscope\" itemtype=\"https:\/\/schema.org\/CreativeWork\" ><div class='avia_textblock'  itemprop=\"text\" ><h1>Offres d&#8217;emploi \u00e0 Berlin<\/h1>\n<\/div><\/section><br \/>\n<section  class='av_textblock_section av-hhjyt6-394476c016d27b432f9a95b5da5d7069 '   itemscope=\"itemscope\" itemtype=\"https:\/\/schema.org\/CreativeWork\" ><div class='avia_textblock'  itemprop=\"text\" ><p>Tu souhaites travailler dans le milieu de la restauration ou de l\u2019h\u00f4tellerie, am\u00e9liorer tes connaissances techniques et augmenter tes chances de trouver un emploi dans ce domaine ?<\/p>\n<\/div><\/section><\/p><\/div>\n\n<style type=\"text\/css\" data-created_by=\"avia_inline_auto\" id=\"style-css-av-4dtpyu2-08bd83871bd926dd3e32cfb31e3dd2b0\">\n.flex_column.av-4dtpyu2-08bd83871bd926dd3e32cfb31e3dd2b0{\nborder-radius:0px 0px 0px 0px;\npadding:0px 0px 0px 0px;\n}\n<\/style>\n<div  class='flex_column av-4dtpyu2-08bd83871bd926dd3e32cfb31e3dd2b0 av_one_third  avia-builder-el-6  el_after_av_two_third  el_before_av_one_third  first flex_column_div av-zero-column-padding  column-top-margin'     ><section  class='av_textblock_section av-lpgwb8t2-7c588ea23c7b0877fe0737e0de6e92be '   itemscope=\"itemscope\" itemtype=\"https:\/\/schema.org\/CreativeWork\" ><div class='avia_textblock'  itemprop=\"text\" ><p><a href=\"https:\/\/www.jobb\u00f6rse-stellenangebote.de\/stellenangebote-berlin\/\" target=\"_blank\" rel=\"noopener noreferrer\">Jobb\u00f6rse.de<\/a><\/p>\n<p><a href=\"http:\/\/www.berliner-jobmarkt.de\/\" target=\"_blank\" rel=\"noopener noreferrer\">Berliner Jobmarkt.de<\/a><\/p>\n<p><a href=\"https:\/\/www.kleinanzeigen.de\/s-jobs\/c102\" target=\"_blank\" rel=\"noopener\">Kleinanzeigen.de<\/a><\/p>\n<p><a href=\"https:\/\/www.hotelcareer.de\/\" target=\"_blank\" rel=\"noopener noreferrer\">Hotel-career.de<\/a><\/p>\n<p><a href=\"https:\/\/de.indeed.com\/\" target=\"_blank\" rel=\"noopener noreferrer\">Indeed.de<\/a><\/p>\n<\/div><\/section><\/div>\n<style type=\"text\/css\" data-created_by=\"avia_inline_auto\" id=\"style-css-av-3wut30a-dd41bc3d124a2d699760b5e20dd338f3\">\n.flex_column.av-3wut30a-dd41bc3d124a2d699760b5e20dd338f3{\nborder-radius:0px 0px 0px 0px;\npadding:0px 0px 0px 0px;\n}\n<\/style>\n<div  class='flex_column av-3wut30a-dd41bc3d124a2d699760b5e20dd338f3 av_one_third  avia-builder-el-8  el_after_av_one_third  el_before_av_one_third  flex_column_div av-zero-column-padding  column-top-margin'     ><section  class='av_textblock_section av-3mrziyi-35f8b95a30c4043a5c2e22733a6b206f '   itemscope=\"itemscope\" itemtype=\"https:\/\/schema.org\/CreativeWork\" ><div class='avia_textblock'  itemprop=\"text\" ><p><a href=\"https:\/\/www.jobisjob.de\/\" target=\"_blank\" rel=\"noopener noreferrer\">Job is Job<\/a><\/p>\n<p><a href=\"http:\/\/de.jobrapido.com\/\" target=\"_blank\" rel=\"noopener noreferrer\">Jobrapido<\/a><\/p>\n<p><a href=\"http:\/\/www.jobsterne.de\/\" target=\"_blank\" rel=\"noopener noreferrer\">jobsterne.de<\/a><\/p>\n<p><a href=\"https:\/\/de.jobted.com\" target=\"_blank\" rel=\"noopener noreferrer\">JobTonic.de<\/a><\/p>\n<p><a href=\"https:\/\/de.jooble.org\/\" target=\"_blank\" rel=\"noopener noreferrer\">Jooble.de<\/a><\/p>\n<\/div><\/section><\/div>\n<style type=\"text\/css\" data-created_by=\"avia_inline_auto\" id=\"style-css-av-a7ndsq-0862ce45cec8c3d452f334eea328364b\">\n.flex_column.av-a7ndsq-0862ce45cec8c3d452f334eea328364b{\nborder-radius:0px 0px 0px 0px;\npadding:0px 0px 0px 0px;\n}\n<\/style>\n<div  class='flex_column av-a7ndsq-0862ce45cec8c3d452f334eea328364b av_one_third  avia-builder-el-10  el_after_av_one_third  el_before_av_hr  flex_column_div av-zero-column-padding  column-top-margin'     ><section  class='av_textblock_section av-2mbb0e2-4418fc564a0c1d7983e11d3e9ff657c5 '   itemscope=\"itemscope\" itemtype=\"https:\/\/schema.org\/CreativeWork\" ><div class='avia_textblock'  itemprop=\"text\" ><p><a href=\"https:\/\/www.njobs.de\/\" target=\"_blank\" rel=\"noopener noreferrer\">Njobs<\/a><\/p>\n<p><a href=\"https:\/\/www.stellenanzeigen.de\/\" target=\"_blank\" rel=\"noopener noreferrer\">Stellenanzeigen.de<\/a><\/p>\n<p><a href=\"https:\/\/www.sternundkreis.de\/de\/Unternehmen\/Stellenangebote\/E1077.htm\" target=\"_blank\" rel=\"noopener noreferrer\">Stern und Kreisschiffahrt Berlin<\/a><\/p>\n<p><a href=\"https:\/\/de.trovit.com\/\" target=\"_blank\" rel=\"noopener noreferrer\">Trovit<\/a><\/p>\n<p><a href=\"https:\/\/www.kimeta.de\/stellenangebote-berlin\" target=\"_blank\" rel=\"noopener noreferrer\">Kimeta<\/a><\/p>\n<p><a href=\"http:\/\/jobs.meinestadt.de\/\" target=\"_blank\" rel=\"noopener noreferrer\">Meine Stadt.de<\/a><\/p>\n<\/div><\/section><\/div>\n<style type=\"text\/css\" data-created_by=\"avia_inline_auto\" id=\"style-css-av-28tnq8q-c7a9c27e3941afb6ddec65adb6bef5d3\">\n#top .hr.hr-invisible.av-28tnq8q-c7a9c27e3941afb6ddec65adb6bef5d3{\nheight:20px;\n}\n<\/style>\n<div  class='hr av-28tnq8q-c7a9c27e3941afb6ddec65adb6bef5d3 hr-invisible  avia-builder-el-12  el_after_av_one_third  el_before_av_one_full '><span class='hr-inner '><span class=\"hr-inner-style\"><\/span><\/span><\/div><\/p>\n\n<style type=\"text\/css\" data-created_by=\"avia_inline_auto\" id=\"style-css-av-1ho443e-5258ce5ca9f31e47dbc8f1d6429eb327\">\n.flex_column.av-1ho443e-5258ce5ca9f31e47dbc8f1d6429eb327{\nborder-radius:0px 0px 0px 0px;\npadding:0px 0px 0px 0px;\n}\n<\/style>\n<div  class='flex_column av-1ho443e-5258ce5ca9f31e47dbc8f1d6429eb327 av_one_full  avia-builder-el-13  el_after_av_hr  avia-builder-el-last  cta-section first flex_column_div av-zero-column-padding  '     ><p><section  class='av_textblock_section av-1daio9m-68d2b5390127465123f232b646b794ce '   itemscope=\"itemscope\" itemtype=\"https:\/\/schema.org\/CreativeWork\" ><div class='avia_textblock cta-slogan'  itemprop=\"text\" ><p><strong>Tu veux apprendre l\u2019allemand avec succ\u00e8s\u00a0?<\/strong><\/p>\n<\/div><\/section><br \/>\n<div  class='avia-button-wrap av-lxy56i-768147f9657f6a83c6eaa1cf197e2da1-wrap avia-button-left  avia-builder-el-15  el_after_av_textblock  avia-builder-el-last  cta-button'><a href='https:\/\/kapitel-zwei.de\/fr\/inscription\/'  class='avia-button av-lxy56i-768147f9657f6a83c6eaa1cf197e2da1 av-link-btn avia-icon_select-no avia-size-medium avia-position-left avia-color-theme-color'   aria-label=\"Inscription\"><span class='avia_iconbox_title' >Inscription<\/span><\/a><\/div><\/p><\/div>\n","protected":false},"excerpt":{"rendered":"","protected":false},"author":16,"featured_media":0,"parent":3503,"menu_order":0,"comment_status":"closed","ping_status":"closed","template":"","meta":{"footnotes":""},"class_list":["post-10042","page","type-page","status-publish","hentry"],"yoast_head":"<!-- This site is optimized with the Yoast SEO Premium plugin v24.4 (Yoast SEO v24.4) - https:\/\/yoast.com\/wordpress\/plugins\/seo\/ -->\n<title>Offres d\u2019emploi actuelles - Travailler \u00e0 Berlin - Kapitel Zwei<\/title>\n<meta name=\"description\" content=\"Que ce soit comme fille au pair, serveur, aide de cuisine ou barman - travailler \u00e0 Berlin contribue \u00e0 apprendre l\u2019allemand plus vite.\" \/>\n<meta name=\"robots\" content=\"index, follow, max-snippet:-1, max-image-preview:large, max-video-preview:-1\" \/>\n<link rel=\"canonical\" href=\"https:\/\/kapitel-zwei.de\/fr\/vivre-a-berlin\/emploi-berlin\/\" \/>\n<meta property=\"og:locale\" content=\"fr_FR\" \/>\n<meta property=\"og:type\" content=\"article\" \/>\n<meta property=\"og:title\" content=\"Offres d\u2019emploi\" \/>\n<meta property=\"og:description\" content=\"Que ce soit comme fille au pair, serveur, aide de cuisine ou barman - travailler \u00e0 Berlin contribue \u00e0 apprendre l\u2019allemand plus vite.\" \/>\n<meta property=\"og:url\" content=\"https:\/\/kapitel-zwei.de\/fr\/vivre-a-berlin\/emploi-berlin\/\" \/>\n<meta property=\"og:site_name\" content=\"Kapitel Zwei Berlin\" \/>\n<meta property=\"article:publisher\" content=\"https:\/\/www.facebook.com\/kapitelzwei\/\" \/>\n<meta property=\"article:modified_time\" content=\"2023-11-27T12:50:51+00:00\" \/>\n<meta name=\"twitter:card\" content=\"summary_large_image\" \/>\n<meta name=\"twitter:site\" content=\"@kapitelzwei\" \/>\n<meta name=\"twitter:label1\" content=\"Dur\u00e9e de lecture estim\u00e9e\" \/>\n\t<meta name=\"twitter:data1\" content=\"2 minutes\" \/>\n<script type=\"application\/ld+json\" class=\"yoast-schema-graph\">{\"@context\":\"https:\/\/schema.org\",\"@graph\":[{\"@type\":\"WebPage\",\"@id\":\"https:\/\/kapitel-zwei.de\/fr\/vivre-a-berlin\/emploi-berlin\/\",\"url\":\"https:\/\/kapitel-zwei.de\/fr\/vivre-a-berlin\/emploi-berlin\/\",\"name\":\"Offres d\u2019emploi actuelles - Travailler \u00e0 Berlin - Kapitel Zwei\",\"isPartOf\":{\"@id\":\"https:\/\/kapitel-zwei.de\/es\/#website\"},\"datePublished\":\"2016-03-23T16:29:24+00:00\",\"dateModified\":\"2023-11-27T12:50:51+00:00\",\"description\":\"Que ce soit comme fille au pair, serveur, aide de cuisine ou barman - travailler \u00e0 Berlin contribue \u00e0 apprendre l\u2019allemand plus vite.\",\"breadcrumb\":{\"@id\":\"https:\/\/kapitel-zwei.de\/fr\/vivre-a-berlin\/emploi-berlin\/#breadcrumb\"},\"inLanguage\":\"fr-FR\",\"potentialAction\":[{\"@type\":\"ReadAction\",\"target\":[\"https:\/\/kapitel-zwei.de\/fr\/vivre-a-berlin\/emploi-berlin\/\"]}]},{\"@type\":\"BreadcrumbList\",\"@id\":\"https:\/\/kapitel-zwei.de\/fr\/vivre-a-berlin\/emploi-berlin\/#breadcrumb\",\"itemListElement\":[{\"@type\":\"ListItem\",\"position\":1,\"name\":\"Startseite\",\"item\":\"https:\/\/kapitel-zwei.de\/fr\/\"},{\"@type\":\"ListItem\",\"position\":2,\"name\":\"Vivre \u00e0 Berlin\",\"item\":\"https:\/\/kapitel-zwei.de\/fr\/vivre-a-berlin\/\"},{\"@type\":\"ListItem\",\"position\":3,\"name\":\"Offres d\u2019emploi\"}]},{\"@type\":\"WebSite\",\"@id\":\"https:\/\/kapitel-zwei.de\/es\/#website\",\"url\":\"https:\/\/kapitel-zwei.de\/es\/\",\"name\":\"Kapitel Zwei Berlin\",\"description\":\"Deutschkurs Berlin | Sprachschule Berlin | German language school Berlin | telc Berlin | Deutsch Pr\u00fcfung Berlin | Intensive German courses Berlin | TestDaF Pr\u00fcfung | Online Kurse\",\"publisher\":{\"@id\":\"https:\/\/kapitel-zwei.de\/es\/#organization\"},\"potentialAction\":[{\"@type\":\"SearchAction\",\"target\":{\"@type\":\"EntryPoint\",\"urlTemplate\":\"https:\/\/kapitel-zwei.de\/es\/?s={search_term_string}\"},\"query-input\":{\"@type\":\"PropertyValueSpecification\",\"valueRequired\":true,\"valueName\":\"search_term_string\"}}],\"inLanguage\":\"fr-FR\"},{\"@type\":\"Organization\",\"@id\":\"https:\/\/kapitel-zwei.de\/es\/#organization\",\"name\":\"Kapitel Zwei. Deutsch-Sprachschule Berlin GmbH\",\"url\":\"https:\/\/kapitel-zwei.de\/es\/\",\"logo\":{\"@type\":\"ImageObject\",\"inLanguage\":\"fr-FR\",\"@id\":\"https:\/\/kapitel-zwei.de\/es\/#\/schema\/logo\/image\/\",\"url\":\"https:\/\/kapitel-zwei.de\/wp-content\/uploads\/2018\/08\/Kapitel-Zwei-Berlin-Sprachschule-Deutsch-Deutschkurse-Berlin.jpg\",\"contentUrl\":\"https:\/\/kapitel-zwei.de\/wp-content\/uploads\/2018\/08\/Kapitel-Zwei-Berlin-Sprachschule-Deutsch-Deutschkurse-Berlin.jpg\",\"width\":350,\"height\":101,\"caption\":\"Kapitel Zwei. Deutsch-Sprachschule Berlin GmbH\"},\"image\":{\"@id\":\"https:\/\/kapitel-zwei.de\/es\/#\/schema\/logo\/image\/\"},\"sameAs\":[\"https:\/\/www.facebook.com\/kapitelzwei\/\",\"https:\/\/x.com\/kapitelzwei\"]}]}<\/script>\n<!-- \/ Yoast SEO Premium plugin. -->","yoast_head_json":{"title":"Offres d\u2019emploi actuelles - Travailler \u00e0 Berlin - Kapitel Zwei","description":"Que ce soit comme fille au pair, serveur, aide de cuisine ou barman - travailler \u00e0 Berlin contribue \u00e0 apprendre l\u2019allemand plus vite.","robots":{"index":"index","follow":"follow","max-snippet":"max-snippet:-1","max-image-preview":"max-image-preview:large","max-video-preview":"max-video-preview:-1"},"canonical":"https:\/\/kapitel-zwei.de\/fr\/vivre-a-berlin\/emploi-berlin\/","og_locale":"fr_FR","og_type":"article","og_title":"Offres d\u2019emploi","og_description":"Que ce soit comme fille au pair, serveur, aide de cuisine ou barman - travailler \u00e0 Berlin contribue \u00e0 apprendre l\u2019allemand plus vite.","og_url":"https:\/\/kapitel-zwei.de\/fr\/vivre-a-berlin\/emploi-berlin\/","og_site_name":"Kapitel Zwei Berlin","article_publisher":"https:\/\/www.facebook.com\/kapitelzwei\/","article_modified_time":"2023-11-27T12:50:51+00:00","twitter_card":"summary_large_image","twitter_site":"@kapitelzwei","twitter_misc":{"Dur\u00e9e de lecture estim\u00e9e":"2 minutes"},"schema":{"@context":"https:\/\/schema.org","@graph":[{"@type":"WebPage","@id":"https:\/\/kapitel-zwei.de\/fr\/vivre-a-berlin\/emploi-berlin\/","url":"https:\/\/kapitel-zwei.de\/fr\/vivre-a-berlin\/emploi-berlin\/","name":"Offres d\u2019emploi actuelles - Travailler \u00e0 Berlin - Kapitel Zwei","isPartOf":{"@id":"https:\/\/kapitel-zwei.de\/es\/#website"},"datePublished":"2016-03-23T16:29:24+00:00","dateModified":"2023-11-27T12:50:51+00:00","description":"Que ce soit comme fille au pair, serveur, aide de cuisine ou barman - travailler \u00e0 Berlin contribue \u00e0 apprendre l\u2019allemand plus vite.","breadcrumb":{"@id":"https:\/\/kapitel-zwei.de\/fr\/vivre-a-berlin\/emploi-berlin\/#breadcrumb"},"inLanguage":"fr-FR","potentialAction":[{"@type":"ReadAction","target":["https:\/\/kapitel-zwei.de\/fr\/vivre-a-berlin\/emploi-berlin\/"]}]},{"@type":"BreadcrumbList","@id":"https:\/\/kapitel-zwei.de\/fr\/vivre-a-berlin\/emploi-berlin\/#breadcrumb","itemListElement":[{"@type":"ListItem","position":1,"name":"Startseite","item":"https:\/\/kapitel-zwei.de\/fr\/"},{"@type":"ListItem","position":2,"name":"Vivre \u00e0 Berlin","item":"https:\/\/kapitel-zwei.de\/fr\/vivre-a-berlin\/"},{"@type":"ListItem","position":3,"name":"Offres d\u2019emploi"}]},{"@type":"WebSite","@id":"https:\/\/kapitel-zwei.de\/es\/#website","url":"https:\/\/kapitel-zwei.de\/es\/","name":"Kapitel Zwei Berlin","description":"Deutschkurs Berlin | Sprachschule Berlin | German language school Berlin | telc Berlin | Deutsch Pr\u00fcfung Berlin | Intensive German courses Berlin | TestDaF Pr\u00fcfung | Online Kurse","publisher":{"@id":"https:\/\/kapitel-zwei.de\/es\/#organization"},"potentialAction":[{"@type":"SearchAction","target":{"@type":"EntryPoint","urlTemplate":"https:\/\/kapitel-zwei.de\/es\/?s={search_term_string}"},"query-input":{"@type":"PropertyValueSpecification","valueRequired":true,"valueName":"search_term_string"}}],"inLanguage":"fr-FR"},{"@type":"Organization","@id":"https:\/\/kapitel-zwei.de\/es\/#organization","name":"Kapitel Zwei. Deutsch-Sprachschule Berlin GmbH","url":"https:\/\/kapitel-zwei.de\/es\/","logo":{"@type":"ImageObject","inLanguage":"fr-FR","@id":"https:\/\/kapitel-zwei.de\/es\/#\/schema\/logo\/image\/","url":"https:\/\/kapitel-zwei.de\/wp-content\/uploads\/2018\/08\/Kapitel-Zwei-Berlin-Sprachschule-Deutsch-Deutschkurse-Berlin.jpg","contentUrl":"https:\/\/kapitel-zwei.de\/wp-content\/uploads\/2018\/08\/Kapitel-Zwei-Berlin-Sprachschule-Deutsch-Deutschkurse-Berlin.jpg","width":350,"height":101,"caption":"Kapitel Zwei. Deutsch-Sprachschule Berlin GmbH"},"image":{"@id":"https:\/\/kapitel-zwei.de\/es\/#\/schema\/logo\/image\/"},"sameAs":["https:\/\/www.facebook.com\/kapitelzwei\/","https:\/\/x.com\/kapitelzwei"]}]}},"_links":{"self":[{"href":"https:\/\/kapitel-zwei.de\/fr\/wp-json\/wp\/v2\/pages\/10042","targetHints":{"allow":["GET"]}}],"collection":[{"href":"https:\/\/kapitel-zwei.de\/fr\/wp-json\/wp\/v2\/pages"}],"about":[{"href":"https:\/\/kapitel-zwei.de\/fr\/wp-json\/wp\/v2\/types\/page"}],"author":[{"embeddable":true,"href":"https:\/\/kapitel-zwei.de\/fr\/wp-json\/wp\/v2\/users\/16"}],"replies":[{"embeddable":true,"href":"https:\/\/kapitel-zwei.de\/fr\/wp-json\/wp\/v2\/comments?post=10042"}],"version-history":[{"count":7,"href":"https:\/\/kapitel-zwei.de\/fr\/wp-json\/wp\/v2\/pages\/10042\/revisions"}],"predecessor-version":[{"id":115534,"href":"https:\/\/kapitel-zwei.de\/fr\/wp-json\/wp\/v2\/pages\/10042\/revisions\/115534"}],"up":[{"embeddable":true,"href":"https:\/\/kapitel-zwei.de\/fr\/wp-json\/wp\/v2\/pages\/3503"}],"wp:attachment":[{"href":"https:\/\/kapitel-zwei.de\/fr\/wp-json\/wp\/v2\/media?parent=10042"}],"curies":[{"name":"wp","href":"https:\/\/api.w.org\/{rel}","templated":true}]}}