{"id":10054,"date":"2016-03-23T17:35:11","date_gmt":"2016-03-23T16:35:11","guid":{"rendered":"http:\/\/relaunch.kapitel-zwei.de\/fr\/vivre-a-berlin\/krankenversicherung\/"},"modified":"2016-09-21T21:01:26","modified_gmt":"2016-09-21T19:01:26","slug":"assurance-maladie","status":"publish","type":"page","link":"https:\/\/kapitel-zwei.de\/fr\/vivre-a-berlin\/assurance-maladie\/","title":{"rendered":"Assurance-maladies"},"content":{"rendered":"\n<style type=\"text\/css\" data-created_by=\"avia_inline_auto\" id=\"style-css-av-av_one_third-352b07ef7d3bc99b2e9f92e7a9e06bdb\">\n.flex_column.av-av_one_third-352b07ef7d3bc99b2e9f92e7a9e06bdb{\nborder-radius:0px 0px 0px 0px;\npadding:0px 0px 0px 0px;\n}\n<\/style>\n<div  class='flex_column av-av_one_third-352b07ef7d3bc99b2e9f92e7a9e06bdb av_one_third  avia-builder-el-0  el_before_av_two_third  avia-builder-el-first  first flex_column_div av-zero-column-padding  '     ><section  class='av_textblock_section av-av_textblock-35972167d9f102c5ddaec0c531c98b9e '   itemscope=\"itemscope\" itemtype=\"https:\/\/schema.org\/CreativeWork\" ><div class='avia_textblock'  itemprop=\"text\" ><p class=\"intro\">Vivre \u00e0 Berlin au travers de \u00ab Kapitel Zwei, \u00e9cole de langue allemande Berlin \u00bb sur l&rsquo;Alexanderplatz<\/p>\n<\/div><\/section><br \/>\n\n<style type=\"text\/css\" data-created_by=\"avia_inline_auto\" id=\"style-css-av-av_image-833fcc9ddb88e2a69545769f14573128\">\n.avia-image-container.av-av_image-833fcc9ddb88e2a69545769f14573128 img.avia_image{\nbox-shadow:none;\n}\n.avia-image-container.av-av_image-833fcc9ddb88e2a69545769f14573128 .av-image-caption-overlay-center{\ncolor:#ffffff;\n}\n<\/style>\n<div  class='avia-image-container av-av_image-833fcc9ddb88e2a69545769f14573128 av-styling- avia-align-left  avia-builder-el-2  el_after_av_textblock  avia-builder-el-last '   itemprop=\"image\" itemscope=\"itemscope\" itemtype=\"https:\/\/schema.org\/ImageObject\" ><div class=\"avia-image-container-inner\"><div class=\"avia-image-overlay-wrap\"><img decoding=\"async\" fetchpriority=\"high\" class='wp-image-10930 avia-img-lazy-loading-not-10930 avia_image ' src=\"https:\/\/kapitel-zwei.de\/wp-content\/uploads\/2016\/03\/Kapitel-Zwei-Berlin-Krankenversicherung.jpg\" alt='Kapitel Zwei Berlin Krankenversicherung' title='Kapitel Zwei Berlin Krankenversicherung'  height=\"2133\" width=\"3200\"  itemprop=\"thumbnailUrl\" srcset=\"https:\/\/kapitel-zwei.de\/wp-content\/uploads\/2016\/03\/Kapitel-Zwei-Berlin-Krankenversicherung.jpg 3200w, https:\/\/kapitel-zwei.de\/wp-content\/uploads\/2016\/03\/Kapitel-Zwei-Berlin-Krankenversicherung-80x53.jpg 80w, https:\/\/kapitel-zwei.de\/wp-content\/uploads\/2016\/03\/Kapitel-Zwei-Berlin-Krankenversicherung-300x200.jpg 300w, https:\/\/kapitel-zwei.de\/wp-content\/uploads\/2016\/03\/Kapitel-Zwei-Berlin-Krankenversicherung-768x512.jpg 768w, https:\/\/kapitel-zwei.de\/wp-content\/uploads\/2016\/03\/Kapitel-Zwei-Berlin-Krankenversicherung-1030x687.jpg 1030w, https:\/\/kapitel-zwei.de\/wp-content\/uploads\/2016\/03\/Kapitel-Zwei-Berlin-Krankenversicherung-1500x1000.jpg 1500w, https:\/\/kapitel-zwei.de\/wp-content\/uploads\/2016\/03\/Kapitel-Zwei-Berlin-Krankenversicherung-705x470.jpg 705w, https:\/\/kapitel-zwei.de\/wp-content\/uploads\/2016\/03\/Kapitel-Zwei-Berlin-Krankenversicherung-450x300.jpg 450w\" sizes=\"(max-width: 3200px) 100vw, 3200px\" \/><\/div><\/div><\/div><\/p><\/div>\n<style type=\"text\/css\" data-created_by=\"avia_inline_auto\" id=\"style-css-av-av_two_third-2a64de42b738552fe666ca889af77e28\">\n.flex_column.av-av_two_third-2a64de42b738552fe666ca889af77e28{\nborder-radius:0px 0px 0px 0px;\npadding:0px 0px 0px 0px;\n}\n<\/style>\n<div  class='flex_column av-av_two_third-2a64de42b738552fe666ca889af77e28 av_two_third  avia-builder-el-3  el_after_av_one_third  el_before_av_hr  flex_column_div av-zero-column-padding  '     ><section  class='av_textblock_section av-av_textblock-35972167d9f102c5ddaec0c531c98b9e '   itemscope=\"itemscope\" itemtype=\"https:\/\/schema.org\/CreativeWork\" ><div class='avia_textblock'  itemprop=\"text\" ><h1>Assurance-accidents et Assurance-maladie en Allemagne<\/h1>\n<\/div><\/section><br \/>\n<section  class='av_textblock_section av-av_textblock-35972167d9f102c5ddaec0c531c98b9e '   itemscope=\"itemscope\" itemtype=\"https:\/\/schema.org\/CreativeWork\" ><div class='avia_textblock'  itemprop=\"text\" ><p>Est-ce que tu as d\u00e9j\u00e0 pu conclure une assurance-accidents et une assurance-maladies pour ton s\u00e9jour \u00e0 Berlin ?<\/p>\n<p>Comme s\u00e9curit\u00e9 suppl\u00e9mentaire ensemble avec ton cours d\u2019allemand \u00e0 Berlin nous te recommandons de conclure une <a title=\"assurance-maladies Care Concept\" href=\"https:\/\/care-concept.de\/krankenversicherung\/gesetzliche-studentenversicherung\/gesetzliche-studentenversicherung-antrag_fra.php?vmnr=002898000S&amp;navilang=fra&amp;PHPSESSID=b6270c9fa562d55a33d748584e64a2ab\" target=\"_blank\" rel=\"noopener\">assurance-maladies<\/a> ind\u00e9pendamment du temps que tu souhaites passer en Allemagne (quelques jours, mois, ann\u00e9es).<\/p>\n<\/div><\/section><\/p><\/div><\/p>\n\n<style type=\"text\/css\" data-created_by=\"avia_inline_auto\" id=\"style-css-av-av_hr-b30e41aaa4ee0c8f0a9002998d6d6e97\">\n#top .hr.hr-invisible.av-av_hr-b30e41aaa4ee0c8f0a9002998d6d6e97{\nheight:20px;\n}\n<\/style>\n<div  class='hr av-av_hr-b30e41aaa4ee0c8f0a9002998d6d6e97 hr-invisible  avia-builder-el-6  el_after_av_two_third  el_before_av_textblock '><span class='hr-inner '><span class=\"hr-inner-style\"><\/span><\/span><\/div>\n<section  class='av_textblock_section av-av_textblock-35972167d9f102c5ddaec0c531c98b9e '   itemscope=\"itemscope\" itemtype=\"https:\/\/schema.org\/CreativeWork\" ><div class='avia_textblock'  itemprop=\"text\" ><p>Pour les \u00e9l\u00e8ves d\u2019\u00e9cole de langue ou les \u00e9tudiants \u00e9trangers , \u00ab <a title=\"Assurance-accidents, assurance-maladies Cours d'allemand Berlin, Kapitel Zwei \u00e9cole de langue allemande Berlin \" href=\"http:\/\/www.care-concept.de\/sprachschueler_eng.php?navilang=eng&amp;vmnr=002898000S&amp;mail=berlin@kapitel-zwei.de\" target=\"_blank\" rel=\"noopener\">Care Concept S.A.<\/a> \u00bb propose \u00ab <a title=\"Care College assurance-maladies assurance-accidents Deutschkurs Berlin Alexanderplatz Kapitel Zwei\" href=\"http:\/\/www.care-concept.de\/krankenversicherung\/sprachschueler_und_studenten\/auslaendische_studenten_versicherung_e-antrag_fra.php?navilang=fra\" target=\"_blank\" rel=\"noopener\">Care College<\/a>\u00bb une assurance-maladie sp\u00e9cifique ; D\u2019autres offres sont disponibles pour les jeunes filles au-pair, voyageurs priv\u00e9s, touristes, \u00e9migrants ou r\u00e9sidents.<\/p>\n<h2>Cherches-tu un m\u00e9decin pr\u00e8s de chez toi?<\/h2>\n<p>Nous te recommandons <a title=\"La banque de donn\u00e9es des m\u00e9decins de Berlin, recommandation de Kapitel Zwei, \u00e9cole de langue Berlin Alexanderplatz\" href=\"http:\/\/www.aerzte-berlin.de\/\" target=\"_blank\" rel=\"noopener\">la banque de donn\u00e9es des m\u00e9decins de Berlin<\/a>. L'\u00a0\u00bbAllgemeinmediziner\/ Praktischer Arzt\u00a0\u00bb est d\u00e9j\u00e0 une grande aide.<\/p>\n<h2>Urgence<\/h2>\n<p>Les num\u00e9ros d\u2019urgence en Allemagne sont le 110 (Police) et 112 (Pompiers et Ambulances). Ces num\u00e9ros peuvent \u00eatre compos\u00e9s de n\u2019importe quel t\u00e9l\u00e9phone et sont gratuits.<\/p>\n<\/div><\/section>\n","protected":false},"excerpt":{"rendered":"","protected":false},"author":16,"featured_media":0,"parent":3503,"menu_order":0,"comment_status":"closed","ping_status":"closed","template":"","meta":{"footnotes":""},"class_list":["post-10054","page","type-page","status-publish","hentry"],"yoast_head":"<!-- This site is optimized with the Yoast SEO Premium plugin v24.4 (Yoast SEO v24.4) - https:\/\/yoast.com\/wordpress\/plugins\/seo\/ -->\n<title>Assurance maladie appropri\u00e9e pour ton s\u00e9jour - Kapitel Zwei<\/title>\n<meta name=\"description\" content=\"L\u2019assurance-maladie est importante lors de chaque s\u00e9jour. Kapitel Zwei t\u2019aidera volontiers lors de la s\u00e9lection. M\u00e9decins pr\u00e8s de chez toi.\" \/>\n<meta name=\"robots\" content=\"index, follow, max-snippet:-1, max-image-preview:large, max-video-preview:-1\" \/>\n<link rel=\"canonical\" href=\"https:\/\/kapitel-zwei.de\/fr\/vivre-a-berlin\/assurance-maladie\/\" \/>\n<meta property=\"og:locale\" content=\"fr_FR\" \/>\n<meta property=\"og:type\" content=\"article\" \/>\n<meta property=\"og:title\" content=\"Assurance-maladies\" \/>\n<meta property=\"og:description\" content=\"L\u2019assurance-maladie est importante lors de chaque s\u00e9jour. Kapitel Zwei t\u2019aidera volontiers lors de la s\u00e9lection. M\u00e9decins pr\u00e8s de chez toi.\" \/>\n<meta property=\"og:url\" content=\"https:\/\/kapitel-zwei.de\/fr\/vivre-a-berlin\/assurance-maladie\/\" \/>\n<meta property=\"og:site_name\" content=\"Kapitel Zwei Berlin\" \/>\n<meta property=\"article:publisher\" content=\"https:\/\/www.facebook.com\/kapitelzwei\/\" \/>\n<meta property=\"article:modified_time\" content=\"2016-09-21T19:01:26+00:00\" \/>\n<meta name=\"twitter:card\" content=\"summary_large_image\" \/>\n<meta name=\"twitter:site\" content=\"@kapitelzwei\" \/>\n<meta name=\"twitter:label1\" content=\"Dur\u00e9e de lecture estim\u00e9e\" \/>\n\t<meta name=\"twitter:data1\" content=\"2 minutes\" \/>\n<script type=\"application\/ld+json\" class=\"yoast-schema-graph\">{\"@context\":\"https:\/\/schema.org\",\"@graph\":[{\"@type\":\"WebPage\",\"@id\":\"https:\/\/kapitel-zwei.de\/fr\/vivre-a-berlin\/assurance-maladie\/\",\"url\":\"https:\/\/kapitel-zwei.de\/fr\/vivre-a-berlin\/assurance-maladie\/\",\"name\":\"Assurance maladie appropri\u00e9e pour ton s\u00e9jour - Kapitel Zwei\",\"isPartOf\":{\"@id\":\"https:\/\/kapitel-zwei.de\/es\/#website\"},\"datePublished\":\"2016-03-23T16:35:11+00:00\",\"dateModified\":\"2016-09-21T19:01:26+00:00\",\"description\":\"L\u2019assurance-maladie est importante lors de chaque s\u00e9jour. Kapitel Zwei t\u2019aidera volontiers lors de la s\u00e9lection. M\u00e9decins pr\u00e8s de chez toi.\",\"breadcrumb\":{\"@id\":\"https:\/\/kapitel-zwei.de\/fr\/vivre-a-berlin\/assurance-maladie\/#breadcrumb\"},\"inLanguage\":\"fr-FR\",\"potentialAction\":[{\"@type\":\"ReadAction\",\"target\":[\"https:\/\/kapitel-zwei.de\/fr\/vivre-a-berlin\/assurance-maladie\/\"]}]},{\"@type\":\"BreadcrumbList\",\"@id\":\"https:\/\/kapitel-zwei.de\/fr\/vivre-a-berlin\/assurance-maladie\/#breadcrumb\",\"itemListElement\":[{\"@type\":\"ListItem\",\"position\":1,\"name\":\"Startseite\",\"item\":\"https:\/\/kapitel-zwei.de\/fr\/\"},{\"@type\":\"ListItem\",\"position\":2,\"name\":\"Vivre \u00e0 Berlin\",\"item\":\"https:\/\/kapitel-zwei.de\/fr\/vivre-a-berlin\/\"},{\"@type\":\"ListItem\",\"position\":3,\"name\":\"Assurance-maladies\"}]},{\"@type\":\"WebSite\",\"@id\":\"https:\/\/kapitel-zwei.de\/es\/#website\",\"url\":\"https:\/\/kapitel-zwei.de\/es\/\",\"name\":\"Kapitel Zwei Berlin\",\"description\":\"Deutschkurs Berlin | Sprachschule Berlin | German language school Berlin | telc Berlin | Deutsch Pr\u00fcfung Berlin | Intensive German courses Berlin | TestDaF Pr\u00fcfung | Online Kurse\",\"publisher\":{\"@id\":\"https:\/\/kapitel-zwei.de\/es\/#organization\"},\"potentialAction\":[{\"@type\":\"SearchAction\",\"target\":{\"@type\":\"EntryPoint\",\"urlTemplate\":\"https:\/\/kapitel-zwei.de\/es\/?s={search_term_string}\"},\"query-input\":{\"@type\":\"PropertyValueSpecification\",\"valueRequired\":true,\"valueName\":\"search_term_string\"}}],\"inLanguage\":\"fr-FR\"},{\"@type\":\"Organization\",\"@id\":\"https:\/\/kapitel-zwei.de\/es\/#organization\",\"name\":\"Kapitel Zwei. Deutsch-Sprachschule Berlin GmbH\",\"url\":\"https:\/\/kapitel-zwei.de\/es\/\",\"logo\":{\"@type\":\"ImageObject\",\"inLanguage\":\"fr-FR\",\"@id\":\"https:\/\/kapitel-zwei.de\/es\/#\/schema\/logo\/image\/\",\"url\":\"https:\/\/kapitel-zwei.de\/wp-content\/uploads\/2018\/08\/Kapitel-Zwei-Berlin-Sprachschule-Deutsch-Deutschkurse-Berlin.jpg\",\"contentUrl\":\"https:\/\/kapitel-zwei.de\/wp-content\/uploads\/2018\/08\/Kapitel-Zwei-Berlin-Sprachschule-Deutsch-Deutschkurse-Berlin.jpg\",\"width\":350,\"height\":101,\"caption\":\"Kapitel Zwei. Deutsch-Sprachschule Berlin GmbH\"},\"image\":{\"@id\":\"https:\/\/kapitel-zwei.de\/es\/#\/schema\/logo\/image\/\"},\"sameAs\":[\"https:\/\/www.facebook.com\/kapitelzwei\/\",\"https:\/\/x.com\/kapitelzwei\"]}]}<\/script>\n<!-- \/ Yoast SEO Premium plugin. -->","yoast_head_json":{"title":"Assurance maladie appropri\u00e9e pour ton s\u00e9jour - Kapitel Zwei","description":"L\u2019assurance-maladie est importante lors de chaque s\u00e9jour. Kapitel Zwei t\u2019aidera volontiers lors de la s\u00e9lection. M\u00e9decins pr\u00e8s de chez toi.","robots":{"index":"index","follow":"follow","max-snippet":"max-snippet:-1","max-image-preview":"max-image-preview:large","max-video-preview":"max-video-preview:-1"},"canonical":"https:\/\/kapitel-zwei.de\/fr\/vivre-a-berlin\/assurance-maladie\/","og_locale":"fr_FR","og_type":"article","og_title":"Assurance-maladies","og_description":"L\u2019assurance-maladie est importante lors de chaque s\u00e9jour. Kapitel Zwei t\u2019aidera volontiers lors de la s\u00e9lection. M\u00e9decins pr\u00e8s de chez toi.","og_url":"https:\/\/kapitel-zwei.de\/fr\/vivre-a-berlin\/assurance-maladie\/","og_site_name":"Kapitel Zwei Berlin","article_publisher":"https:\/\/www.facebook.com\/kapitelzwei\/","article_modified_time":"2016-09-21T19:01:26+00:00","twitter_card":"summary_large_image","twitter_site":"@kapitelzwei","twitter_misc":{"Dur\u00e9e de lecture estim\u00e9e":"2 minutes"},"schema":{"@context":"https:\/\/schema.org","@graph":[{"@type":"WebPage","@id":"https:\/\/kapitel-zwei.de\/fr\/vivre-a-berlin\/assurance-maladie\/","url":"https:\/\/kapitel-zwei.de\/fr\/vivre-a-berlin\/assurance-maladie\/","name":"Assurance maladie appropri\u00e9e pour ton s\u00e9jour - Kapitel Zwei","isPartOf":{"@id":"https:\/\/kapitel-zwei.de\/es\/#website"},"datePublished":"2016-03-23T16:35:11+00:00","dateModified":"2016-09-21T19:01:26+00:00","description":"L\u2019assurance-maladie est importante lors de chaque s\u00e9jour. Kapitel Zwei t\u2019aidera volontiers lors de la s\u00e9lection. M\u00e9decins pr\u00e8s de chez toi.","breadcrumb":{"@id":"https:\/\/kapitel-zwei.de\/fr\/vivre-a-berlin\/assurance-maladie\/#breadcrumb"},"inLanguage":"fr-FR","potentialAction":[{"@type":"ReadAction","target":["https:\/\/kapitel-zwei.de\/fr\/vivre-a-berlin\/assurance-maladie\/"]}]},{"@type":"BreadcrumbList","@id":"https:\/\/kapitel-zwei.de\/fr\/vivre-a-berlin\/assurance-maladie\/#breadcrumb","itemListElement":[{"@type":"ListItem","position":1,"name":"Startseite","item":"https:\/\/kapitel-zwei.de\/fr\/"},{"@type":"ListItem","position":2,"name":"Vivre \u00e0 Berlin","item":"https:\/\/kapitel-zwei.de\/fr\/vivre-a-berlin\/"},{"@type":"ListItem","position":3,"name":"Assurance-maladies"}]},{"@type":"WebSite","@id":"https:\/\/kapitel-zwei.de\/es\/#website","url":"https:\/\/kapitel-zwei.de\/es\/","name":"Kapitel Zwei Berlin","description":"Deutschkurs Berlin | Sprachschule Berlin | German language school Berlin | telc Berlin | Deutsch Pr\u00fcfung Berlin | Intensive German courses Berlin | TestDaF Pr\u00fcfung | Online Kurse","publisher":{"@id":"https:\/\/kapitel-zwei.de\/es\/#organization"},"potentialAction":[{"@type":"SearchAction","target":{"@type":"EntryPoint","urlTemplate":"https:\/\/kapitel-zwei.de\/es\/?s={search_term_string}"},"query-input":{"@type":"PropertyValueSpecification","valueRequired":true,"valueName":"search_term_string"}}],"inLanguage":"fr-FR"},{"@type":"Organization","@id":"https:\/\/kapitel-zwei.de\/es\/#organization","name":"Kapitel Zwei. Deutsch-Sprachschule Berlin GmbH","url":"https:\/\/kapitel-zwei.de\/es\/","logo":{"@type":"ImageObject","inLanguage":"fr-FR","@id":"https:\/\/kapitel-zwei.de\/es\/#\/schema\/logo\/image\/","url":"https:\/\/kapitel-zwei.de\/wp-content\/uploads\/2018\/08\/Kapitel-Zwei-Berlin-Sprachschule-Deutsch-Deutschkurse-Berlin.jpg","contentUrl":"https:\/\/kapitel-zwei.de\/wp-content\/uploads\/2018\/08\/Kapitel-Zwei-Berlin-Sprachschule-Deutsch-Deutschkurse-Berlin.jpg","width":350,"height":101,"caption":"Kapitel Zwei. Deutsch-Sprachschule Berlin GmbH"},"image":{"@id":"https:\/\/kapitel-zwei.de\/es\/#\/schema\/logo\/image\/"},"sameAs":["https:\/\/www.facebook.com\/kapitelzwei\/","https:\/\/x.com\/kapitelzwei"]}]}},"_links":{"self":[{"href":"https:\/\/kapitel-zwei.de\/fr\/wp-json\/wp\/v2\/pages\/10054","targetHints":{"allow":["GET"]}}],"collection":[{"href":"https:\/\/kapitel-zwei.de\/fr\/wp-json\/wp\/v2\/pages"}],"about":[{"href":"https:\/\/kapitel-zwei.de\/fr\/wp-json\/wp\/v2\/types\/page"}],"author":[{"embeddable":true,"href":"https:\/\/kapitel-zwei.de\/fr\/wp-json\/wp\/v2\/users\/16"}],"replies":[{"embeddable":true,"href":"https:\/\/kapitel-zwei.de\/fr\/wp-json\/wp\/v2\/comments?post=10054"}],"version-history":[{"count":1,"href":"https:\/\/kapitel-zwei.de\/fr\/wp-json\/wp\/v2\/pages\/10054\/revisions"}],"predecessor-version":[{"id":14522,"href":"https:\/\/kapitel-zwei.de\/fr\/wp-json\/wp\/v2\/pages\/10054\/revisions\/14522"}],"up":[{"embeddable":true,"href":"https:\/\/kapitel-zwei.de\/fr\/wp-json\/wp\/v2\/pages\/3503"}],"wp:attachment":[{"href":"https:\/\/kapitel-zwei.de\/fr\/wp-json\/wp\/v2\/media?parent=10054"}],"curies":[{"name":"wp","href":"https:\/\/api.w.org\/{rel}","templated":true}]}}