{"id":10068,"date":"2015-11-17T22:23:41","date_gmt":"2015-11-17T21:23:41","guid":{"rendered":"http:\/\/relaunch.kapitel-zwei.de\/fr\/kursdaten\/"},"modified":"2023-06-14T00:55:06","modified_gmt":"2023-06-13T22:55:06","slug":"dates-de-cours","status":"publish","type":"page","link":"https:\/\/kapitel-zwei.de\/fr\/dates-de-cours\/","title":{"rendered":"Dates de cours"},"content":{"rendered":"\n<style type=\"text\/css\" data-created_by=\"avia_inline_auto\" id=\"style-css-av-7q8n2es-a024b638801709dc7a7355f29a852640\">\n.flex_column.av-7q8n2es-a024b638801709dc7a7355f29a852640{\nborder-radius:0px 0px 0px 0px;\npadding:0px 0px 0px 0px;\n}\n<\/style>\n<div  class='flex_column av-7q8n2es-a024b638801709dc7a7355f29a852640 av_one_full  avia-builder-el-0  el_before_av_two_third  avia-builder-el-first  first flex_column_div av-zero-column-padding  '     ><section  class='av_textblock_section av-77pekr8-e2ede197d8eb560c1439a0bf488bf998 '   itemscope=\"itemscope\" itemtype=\"https:\/\/schema.org\/CreativeWork\" ><div class='avia_textblock'  itemprop=\"text\" ><h1 class=\"entry-title\"><span style=\"color: #ff6600;\">Dates de cours d&rsquo;allemand \u00e0 Berlin<\/span><\/h1>\n<\/div><\/section><\/div>\n\n<style type=\"text\/css\" data-created_by=\"avia_inline_auto\" id=\"style-css-av-6oq18lw-a97c9835e28e36017acbce5f2f18655c\">\n.flex_column.av-6oq18lw-a97c9835e28e36017acbce5f2f18655c{\nborder-radius:0px 0px 0px 0px;\npadding:0px 0px 0px 0px;\n}\n<\/style>\n<div  class='flex_column av-6oq18lw-a97c9835e28e36017acbce5f2f18655c av_two_third  avia-builder-el-2  el_after_av_one_full  el_before_av_one_third  first flex_column_div av-zero-column-padding  column-top-margin'     ><section  class='av_textblock_section av-619k05w-4c202f5ef8fa56bdc9a88eac0fc0c7eb '   itemscope=\"itemscope\" itemtype=\"https:\/\/schema.org\/CreativeWork\" ><div class='avia_textblock'  itemprop=\"text\" ><p>Tous les cours intensifs durent 4 semaines et se d\u00e9roulent du lundi au jeudi. En outre, nous offrons pour tous les autres jours de la semaine des sujets de cours diff\u00e9rents (conversation, grammaire, pr\u00e9paration aux examens), les examens se d\u00e9roulent le vendredi et le samedi. Aucuns cours n\u2019a lieu pendant les jours f\u00e9ri\u00e9s. Tu peux obtenir plus d\u2019informations sur le programme de cours <a href=\"https:\/\/kapitel-zwei.de\/fr\/cours-d-allemand-berlin\/\">ici<\/a>.<\/p>\n<p>Tu peux t\u2019inscrire directement <a href=\"https:\/\/kapitel-zwei.de\/fr\/inscription-ecole-allemande\/\">en ligne<\/a> ou aupr\u00e8s <a href=\"https:\/\/kapitel-zwei.de\/fr\/ecole-de-langue-allemande-berlin\/contacter\/#situation\">du bureau<\/a>!<\/p>\n<\/div><\/section><\/div>\n\n<style type=\"text\/css\" data-created_by=\"avia_inline_auto\" id=\"style-css-av-5qj3jec-a8892fb90333b69ba13aa95d2c0e5ca9\">\n.flex_column.av-5qj3jec-a8892fb90333b69ba13aa95d2c0e5ca9{\nborder-radius:0px 0px 0px 0px;\npadding:0px 0px 0px 0px;\n}\n<\/style>\n<div  class='flex_column av-5qj3jec-a8892fb90333b69ba13aa95d2c0e5ca9 av_one_third  avia-builder-el-4  el_after_av_two_third  el_before_av_hr  flex_column_div av-zero-column-padding  column-top-margin'     ><style type=\"text\/css\" data-created_by=\"avia_inline_auto\" id=\"style-css-av-5hu8904-6e0568ffe00ac1f5def15f221cd8f71a\">\n.avia-image-container.av-5hu8904-6e0568ffe00ac1f5def15f221cd8f71a img.avia_image{\nbox-shadow:none;\n}\n.avia-image-container.av-5hu8904-6e0568ffe00ac1f5def15f221cd8f71a .av-image-caption-overlay-center{\ncolor:#ffffff;\n}\n<\/style>\n<div  class='avia-image-container av-5hu8904-6e0568ffe00ac1f5def15f221cd8f71a av-styling- avia-align-center  avia-builder-el-5  avia-builder-el-no-sibling '   itemprop=\"image\" itemscope=\"itemscope\" itemtype=\"https:\/\/schema.org\/ImageObject\" ><div class=\"avia-image-container-inner\"><div class=\"avia-image-overlay-wrap\"><img decoding=\"async\" fetchpriority=\"high\" class='wp-image-22524 avia-img-lazy-loading-not-22524 avia_image ' src=\"https:\/\/kapitel-zwei.de\/wp-content\/uploads\/2015\/11\/Dates-de-cours-dallemand-Berlin-\u00e9cole-de-langue-687x1030.jpg\" alt='Dates de cours d&#039;allemand Berlin \u00e9cole de langue' title='Dates de cours d&#039;allemand Berlin \u00e9cole de langue'  height=\"1030\" width=\"687\"  itemprop=\"thumbnailUrl\" srcset=\"https:\/\/kapitel-zwei.de\/wp-content\/uploads\/2015\/11\/Dates-de-cours-dallemand-Berlin-\u00e9cole-de-langue-687x1030.jpg 687w, https:\/\/kapitel-zwei.de\/wp-content\/uploads\/2015\/11\/Dates-de-cours-dallemand-Berlin-\u00e9cole-de-langue-53x80.jpg 53w, https:\/\/kapitel-zwei.de\/wp-content\/uploads\/2015\/11\/Dates-de-cours-dallemand-Berlin-\u00e9cole-de-langue-200x300.jpg 200w, https:\/\/kapitel-zwei.de\/wp-content\/uploads\/2015\/11\/Dates-de-cours-dallemand-Berlin-\u00e9cole-de-langue-768x1152.jpg 768w, https:\/\/kapitel-zwei.de\/wp-content\/uploads\/2015\/11\/Dates-de-cours-dallemand-Berlin-\u00e9cole-de-langue-1000x1500.jpg 1000w, https:\/\/kapitel-zwei.de\/wp-content\/uploads\/2015\/11\/Dates-de-cours-dallemand-Berlin-\u00e9cole-de-langue-470x705.jpg 470w, https:\/\/kapitel-zwei.de\/wp-content\/uploads\/2015\/11\/Dates-de-cours-dallemand-Berlin-\u00e9cole-de-langue-450x675.jpg 450w\" sizes=\"(max-width: 687px) 100vw, 687px\" \/><\/div><\/div><\/div><\/div>\n<div  class='hr av-pwllqs-644ff7b0b6350de9a34a0610f8f04629 hr-default  avia-builder-el-6  el_after_av_one_third  el_before_av_one_full '><span class='hr-inner '><span class=\"hr-inner-style\"><\/span><\/span><\/div>\n\n<style type=\"text\/css\" data-created_by=\"avia_inline_auto\" id=\"style-css-av-3thj33o-a96abebf01b3194a8db7a600e35f3fe5\">\n.flex_column.av-3thj33o-a96abebf01b3194a8db7a600e35f3fe5{\nborder-radius:0px 0px 0px 0px;\npadding:0px 0px 0px 0px;\n}\n<\/style>\n<div  class='flex_column av-3thj33o-a96abebf01b3194a8db7a600e35f3fe5 av_one_full  avia-builder-el-7  el_after_av_hr  el_before_av_one_full  first flex_column_div av-zero-column-padding  '     ><section  class='av_textblock_section av-kqtartm1-665f7623edb12eae6aef1dfe8497dd3f '   itemscope=\"itemscope\" itemtype=\"https:\/\/schema.org\/CreativeWork\" ><div class='avia_textblock tablepress_scroll-if-too-large'  itemprop=\"text\" >\n<table id=\"tablepress-534\" class=\"tablepress tablepress-id-534 tablepress-all-center tbody-has-connected-cells\">\n<thead>\n<tr class=\"row-1\">\n\t<th class=\"column-1\">2026<\/th><th class=\"column-2\">Mois<\/th>\n<\/tr>\n<\/thead>\n<tbody class=\"row-striping\">\n<tr class=\"row-2\">\n\t<td class=\"column-1\">5 janvier \u2013 29 janvier 2026<\/td><td class=\"column-2\">janvier<\/td>\n<\/tr>\n<tr class=\"row-3\">\n\t<td class=\"column-1\">2 f\u00e9vrier \u2013 26 f\u00e9vrier 2026<\/td><td class=\"column-2\">f\u00e9vrier<\/td>\n<\/tr>\n<tr class=\"row-4\">\n\t<td class=\"column-1\">2 mars \u2013 26 mars 2026<\/td><td class=\"column-2\">mars<\/td>\n<\/tr>\n<tr class=\"row-5\">\n\t<td class=\"column-1\">30 mars \u2013 23 avril 2026*<\/td><td class=\"column-2\">avril<\/td>\n<\/tr>\n<tr class=\"row-6\">\n\t<td colspan=\"2\" class=\"column-1\"><p style=\"background-color:#f60 !important; color:white !important; text-align: center;\">1 semaine de pause<\/p><\/td>\n<\/tr>\n<tr class=\"row-7\">\n\t<td class=\"column-1\">4 mai \u2013 28 mai 2026*<\/td><td class=\"column-2\">mai<\/td>\n<\/tr>\n<tr class=\"row-8\">\n\t<td class=\"column-1\">1 juin \u2013 25 juin 2026<\/td><td class=\"column-2\">juin<\/td>\n<\/tr>\n<tr class=\"row-9\">\n\t<td class=\"column-1\">29 juin \u2013 23 juillet 2026<\/td><td class=\"column-2\">juillet<\/td>\n<\/tr>\n<tr class=\"row-10\">\n\t<td class=\"column-1\">27 juillet \u2013 20 ao\u00fbt 2026<\/td><td class=\"column-2\">ao\u00fbt<\/td>\n<\/tr>\n<tr class=\"row-11\">\n\t<td colspan=\"2\" class=\"column-1\"><p style=\"background-color:#f60 !important; color:white !important; text-align: center;\">1 semaine de pause<\/p><\/td>\n<\/tr>\n<tr class=\"row-12\">\n\t<td class=\"column-1\">31 ao\u00fbt \u2013 24 septembre 2026<\/td><td class=\"column-2\">septembre<\/td>\n<\/tr>\n<tr class=\"row-13\">\n\t<td class=\"column-1\">28 septembre \u2013 22 octobre 2026<\/td><td class=\"column-2\">octobre<\/td>\n<\/tr>\n<tr class=\"row-14\">\n\t<td class=\"column-1\">26 octobre \u2013 19 novembre 2026<\/td><td class=\"column-2\">novembre<\/td>\n<\/tr>\n<tr class=\"row-15\">\n\t<td class=\"column-1\">23 novembre \u2013 17 d\u00e9cembre 2026<\/td><td class=\"column-2\">d\u00e9cembre<\/td>\n<\/tr>\n<\/tbody>\n<\/table>\n<!-- #tablepress-534 from cache -->\n<\/div><\/section><\/div>\n<style type=\"text\/css\" data-created_by=\"avia_inline_auto\" id=\"style-css-av-3lc4o6s-9178bc43fd601626bc80cb8d416c2fb3\">\n.flex_column.av-3lc4o6s-9178bc43fd601626bc80cb8d416c2fb3{\nborder-radius:0px 0px 0px 0px;\npadding:0px 0px 0px 0px;\n}\n<\/style>\n<div  class='flex_column av-3lc4o6s-9178bc43fd601626bc80cb8d416c2fb3 av_one_full  avia-builder-el-9  el_after_av_one_full  el_before_av_one_full  first flex_column_div av-zero-column-padding  column-top-margin'     ><p><section  class='av_textblock_section av-32am69g-caab82667c829af898c679634ed87557 '   itemscope=\"itemscope\" itemtype=\"https:\/\/schema.org\/CreativeWork\" ><div class='avia_textblock'  itemprop=\"text\" ><p>Les cours sp\u00e9ciaux d&rsquo;allemand se d\u00e9roulent toujours dans la <strong>m\u00eame p\u00e9riode mensuelle<\/strong> que les cours intensifs. R\u00e9f\u00e8re-toi, s&rsquo;il te pla\u00eet, aux dates indiqu\u00e9es ci-dessus. Tous nos cours d&rsquo;allemand \u00e0 Berlin se d\u00e9roulent sur quatre semaines.<\/p>\n<\/div><\/section><br \/>\n<section  class='av_textblock_section av-2mdmlo4-15d8e79c8cddb58a971abd285f07ec3a '   itemscope=\"itemscope\" itemtype=\"https:\/\/schema.org\/CreativeWork\" ><div class='avia_textblock'  itemprop=\"text\" ><h2><span style=\"color: #ff6600;\">*Jours f\u00e9ri\u00e9s: Les jours f\u00e9ri\u00e9s il n\u00b4y a pas de cours.<br \/>\n<\/span><\/h2>\n<\/div><\/section><br \/>\n<section  class='av_textblock_section av-7c43pw-5fda7a1117c71644491f387f0f81a33d '   itemscope=\"itemscope\" itemtype=\"https:\/\/schema.org\/CreativeWork\" ><div class='avia_textblock tablepress_scroll-if-too-large'  itemprop=\"text\" >\n<table id=\"tablepress-540\" class=\"tablepress tablepress-id-540 tablepress-all-center\">\n<thead>\n<tr class=\"row-1\">\n\t<th class=\"column-1\">Date<\/th><th class=\"column-2\">Jour f\u00e9ri\u00e9<\/th>\n<\/tr>\n<\/thead>\n<tbody class=\"row-striping\">\n<tr class=\"row-2\">\n\t<td class=\"column-1\">6 avril 2026<\/td><td class=\"column-2\">Lundi de P\u00e2ques<\/td>\n<\/tr>\n<tr class=\"row-3\">\n\t<td class=\"column-1\">1 mai 2026<\/td><td class=\"column-2\">F\u00eate du Travail<\/td>\n<\/tr>\n<tr class=\"row-4\">\n\t<td class=\"column-1\">14 mai 2026<\/td><td class=\"column-2\">Ascension<\/td>\n<\/tr>\n<tr class=\"row-5\">\n\t<td class=\"column-1\">25 mai 2026<\/td><td class=\"column-2\">Lundi de Pentec\u00f4te<\/td>\n<\/tr>\n<\/tbody>\n<\/table>\n<!-- #tablepress-540 from cache -->\n<\/div><\/section><\/p><\/div>\n<style type=\"text\/css\" data-created_by=\"avia_inline_auto\" id=\"style-css-av-1n5nqms-772e4c0fbdf357e1d2817e5773877e4f\">\n.flex_column.av-1n5nqms-772e4c0fbdf357e1d2817e5773877e4f{\nborder-radius:0px 0px 0px 0px;\npadding:0px 0px 0px 0px;\n}\n<\/style>\n<div  class='flex_column av-1n5nqms-772e4c0fbdf357e1d2817e5773877e4f av_one_full  avia-builder-el-13  el_after_av_one_full  avia-builder-el-last  cta-section first flex_column_div av-zero-column-padding  column-top-margin'     ><p><section  class='av_textblock_section av-1dgcq0k-793beaf9eaa29f7189a72c8933d22176 '   itemscope=\"itemscope\" itemtype=\"https:\/\/schema.org\/CreativeWork\" ><div class='avia_textblock cta-slogan'  itemprop=\"text\" ><p><strong>Tu veux apprendre l\u2019allemand avec succ\u00e8s\u00a0?<\/strong><\/p>\n<\/div><\/section><br \/>\n<div  class='avia-button-wrap av-35faic-7c7f3be9d8427de13cf4540303ecd3b9-wrap avia-button-left  avia-builder-el-15  el_after_av_textblock  avia-builder-el-last  cta-button'><a href='https:\/\/kapitel-zwei.de\/fr\/inscription\/'  class='avia-button av-35faic-7c7f3be9d8427de13cf4540303ecd3b9 av-link-btn avia-icon_select-no avia-size-medium avia-position-left avia-color-theme-color'   aria-label=\"Inscription\"><span class='avia_iconbox_title' >Inscription<\/span><\/a><\/div><\/p><\/div><\/p>\n","protected":false},"excerpt":{"rendered":"","protected":false},"author":16,"featured_media":0,"parent":0,"menu_order":16,"comment_status":"closed","ping_status":"closed","template":"","meta":{"footnotes":""},"class_list":["post-10068","page","type-page","status-publish","hentry"],"yoast_head":"<!-- This site is optimized with the Yoast SEO Premium plugin v24.4 (Yoast SEO v24.4) - https:\/\/yoast.com\/wordpress\/plugins\/seo\/ -->\n<title>Dates de cours d\u2019allemand \u00e0 Berlin - \u00c9cole de langue allemande<\/title>\n<meta name=\"description\" content=\"Dates des cours intensifs et de pr\u00e9paration aux examens dans ton \u00e9cole de langue Allemande \u00e0 Berlin. En savoir plus sur les dates appropri\u00e9es.\" \/>\n<meta name=\"robots\" content=\"index, follow, max-snippet:-1, max-image-preview:large, max-video-preview:-1\" \/>\n<link rel=\"canonical\" href=\"https:\/\/kapitel-zwei.de\/fr\/dates-de-cours\/\" \/>\n<meta property=\"og:locale\" content=\"fr_FR\" \/>\n<meta property=\"og:type\" content=\"article\" \/>\n<meta property=\"og:title\" content=\"Dates de cours\" \/>\n<meta property=\"og:description\" content=\"Dates des cours intensifs et de pr\u00e9paration aux examens dans ton \u00e9cole de langue Allemande \u00e0 Berlin. En savoir plus sur les dates appropri\u00e9es.\" \/>\n<meta property=\"og:url\" content=\"https:\/\/kapitel-zwei.de\/fr\/dates-de-cours\/\" \/>\n<meta property=\"og:site_name\" content=\"Kapitel Zwei Berlin\" \/>\n<meta property=\"article:publisher\" content=\"https:\/\/www.facebook.com\/kapitelzwei\/\" \/>\n<meta property=\"article:modified_time\" content=\"2023-06-13T22:55:06+00:00\" \/>\n<meta name=\"twitter:card\" content=\"summary_large_image\" \/>\n<meta name=\"twitter:site\" content=\"@kapitelzwei\" \/>\n<meta name=\"twitter:label1\" content=\"Dur\u00e9e de lecture estim\u00e9e\" \/>\n\t<meta name=\"twitter:data1\" content=\"3 minutes\" \/>\n<script type=\"application\/ld+json\" class=\"yoast-schema-graph\">{\"@context\":\"https:\/\/schema.org\",\"@graph\":[{\"@type\":\"WebPage\",\"@id\":\"https:\/\/kapitel-zwei.de\/fr\/dates-de-cours\/\",\"url\":\"https:\/\/kapitel-zwei.de\/fr\/dates-de-cours\/\",\"name\":\"Dates de cours d\u2019allemand \u00e0 Berlin - \u00c9cole de langue allemande\",\"isPartOf\":{\"@id\":\"https:\/\/kapitel-zwei.de\/es\/#website\"},\"datePublished\":\"2015-11-17T21:23:41+00:00\",\"dateModified\":\"2023-06-13T22:55:06+00:00\",\"description\":\"Dates des cours intensifs et de pr\u00e9paration aux examens dans ton \u00e9cole de langue Allemande \u00e0 Berlin. En savoir plus sur les dates appropri\u00e9es.\",\"breadcrumb\":{\"@id\":\"https:\/\/kapitel-zwei.de\/fr\/dates-de-cours\/#breadcrumb\"},\"inLanguage\":\"fr-FR\",\"potentialAction\":[{\"@type\":\"ReadAction\",\"target\":[\"https:\/\/kapitel-zwei.de\/fr\/dates-de-cours\/\"]}]},{\"@type\":\"BreadcrumbList\",\"@id\":\"https:\/\/kapitel-zwei.de\/fr\/dates-de-cours\/#breadcrumb\",\"itemListElement\":[{\"@type\":\"ListItem\",\"position\":1,\"name\":\"Startseite\",\"item\":\"https:\/\/kapitel-zwei.de\/fr\/\"},{\"@type\":\"ListItem\",\"position\":2,\"name\":\"Dates de cours\"}]},{\"@type\":\"WebSite\",\"@id\":\"https:\/\/kapitel-zwei.de\/es\/#website\",\"url\":\"https:\/\/kapitel-zwei.de\/es\/\",\"name\":\"Kapitel Zwei Berlin\",\"description\":\"Deutschkurs Berlin | Sprachschule Berlin | German language school Berlin | telc Berlin | Deutsch Pr\u00fcfung Berlin | Intensive German courses Berlin | TestDaF Pr\u00fcfung | Online Kurse\",\"publisher\":{\"@id\":\"https:\/\/kapitel-zwei.de\/es\/#organization\"},\"potentialAction\":[{\"@type\":\"SearchAction\",\"target\":{\"@type\":\"EntryPoint\",\"urlTemplate\":\"https:\/\/kapitel-zwei.de\/es\/?s={search_term_string}\"},\"query-input\":{\"@type\":\"PropertyValueSpecification\",\"valueRequired\":true,\"valueName\":\"search_term_string\"}}],\"inLanguage\":\"fr-FR\"},{\"@type\":\"Organization\",\"@id\":\"https:\/\/kapitel-zwei.de\/es\/#organization\",\"name\":\"Kapitel Zwei. Deutsch-Sprachschule Berlin GmbH\",\"url\":\"https:\/\/kapitel-zwei.de\/es\/\",\"logo\":{\"@type\":\"ImageObject\",\"inLanguage\":\"fr-FR\",\"@id\":\"https:\/\/kapitel-zwei.de\/es\/#\/schema\/logo\/image\/\",\"url\":\"https:\/\/kapitel-zwei.de\/wp-content\/uploads\/2018\/08\/Kapitel-Zwei-Berlin-Sprachschule-Deutsch-Deutschkurse-Berlin.jpg\",\"contentUrl\":\"https:\/\/kapitel-zwei.de\/wp-content\/uploads\/2018\/08\/Kapitel-Zwei-Berlin-Sprachschule-Deutsch-Deutschkurse-Berlin.jpg\",\"width\":350,\"height\":101,\"caption\":\"Kapitel Zwei. Deutsch-Sprachschule Berlin GmbH\"},\"image\":{\"@id\":\"https:\/\/kapitel-zwei.de\/es\/#\/schema\/logo\/image\/\"},\"sameAs\":[\"https:\/\/www.facebook.com\/kapitelzwei\/\",\"https:\/\/x.com\/kapitelzwei\"]}]}<\/script>\n<!-- \/ Yoast SEO Premium plugin. -->","yoast_head_json":{"title":"Dates de cours d\u2019allemand \u00e0 Berlin - \u00c9cole de langue allemande","description":"Dates des cours intensifs et de pr\u00e9paration aux examens dans ton \u00e9cole de langue Allemande \u00e0 Berlin. En savoir plus sur les dates appropri\u00e9es.","robots":{"index":"index","follow":"follow","max-snippet":"max-snippet:-1","max-image-preview":"max-image-preview:large","max-video-preview":"max-video-preview:-1"},"canonical":"https:\/\/kapitel-zwei.de\/fr\/dates-de-cours\/","og_locale":"fr_FR","og_type":"article","og_title":"Dates de cours","og_description":"Dates des cours intensifs et de pr\u00e9paration aux examens dans ton \u00e9cole de langue Allemande \u00e0 Berlin. En savoir plus sur les dates appropri\u00e9es.","og_url":"https:\/\/kapitel-zwei.de\/fr\/dates-de-cours\/","og_site_name":"Kapitel Zwei Berlin","article_publisher":"https:\/\/www.facebook.com\/kapitelzwei\/","article_modified_time":"2023-06-13T22:55:06+00:00","twitter_card":"summary_large_image","twitter_site":"@kapitelzwei","twitter_misc":{"Dur\u00e9e de lecture estim\u00e9e":"3 minutes"},"schema":{"@context":"https:\/\/schema.org","@graph":[{"@type":"WebPage","@id":"https:\/\/kapitel-zwei.de\/fr\/dates-de-cours\/","url":"https:\/\/kapitel-zwei.de\/fr\/dates-de-cours\/","name":"Dates de cours d\u2019allemand \u00e0 Berlin - \u00c9cole de langue allemande","isPartOf":{"@id":"https:\/\/kapitel-zwei.de\/es\/#website"},"datePublished":"2015-11-17T21:23:41+00:00","dateModified":"2023-06-13T22:55:06+00:00","description":"Dates des cours intensifs et de pr\u00e9paration aux examens dans ton \u00e9cole de langue Allemande \u00e0 Berlin. En savoir plus sur les dates appropri\u00e9es.","breadcrumb":{"@id":"https:\/\/kapitel-zwei.de\/fr\/dates-de-cours\/#breadcrumb"},"inLanguage":"fr-FR","potentialAction":[{"@type":"ReadAction","target":["https:\/\/kapitel-zwei.de\/fr\/dates-de-cours\/"]}]},{"@type":"BreadcrumbList","@id":"https:\/\/kapitel-zwei.de\/fr\/dates-de-cours\/#breadcrumb","itemListElement":[{"@type":"ListItem","position":1,"name":"Startseite","item":"https:\/\/kapitel-zwei.de\/fr\/"},{"@type":"ListItem","position":2,"name":"Dates de cours"}]},{"@type":"WebSite","@id":"https:\/\/kapitel-zwei.de\/es\/#website","url":"https:\/\/kapitel-zwei.de\/es\/","name":"Kapitel Zwei Berlin","description":"Deutschkurs Berlin | Sprachschule Berlin | German language school Berlin | telc Berlin | Deutsch Pr\u00fcfung Berlin | Intensive German courses Berlin | TestDaF Pr\u00fcfung | Online Kurse","publisher":{"@id":"https:\/\/kapitel-zwei.de\/es\/#organization"},"potentialAction":[{"@type":"SearchAction","target":{"@type":"EntryPoint","urlTemplate":"https:\/\/kapitel-zwei.de\/es\/?s={search_term_string}"},"query-input":{"@type":"PropertyValueSpecification","valueRequired":true,"valueName":"search_term_string"}}],"inLanguage":"fr-FR"},{"@type":"Organization","@id":"https:\/\/kapitel-zwei.de\/es\/#organization","name":"Kapitel Zwei. Deutsch-Sprachschule Berlin GmbH","url":"https:\/\/kapitel-zwei.de\/es\/","logo":{"@type":"ImageObject","inLanguage":"fr-FR","@id":"https:\/\/kapitel-zwei.de\/es\/#\/schema\/logo\/image\/","url":"https:\/\/kapitel-zwei.de\/wp-content\/uploads\/2018\/08\/Kapitel-Zwei-Berlin-Sprachschule-Deutsch-Deutschkurse-Berlin.jpg","contentUrl":"https:\/\/kapitel-zwei.de\/wp-content\/uploads\/2018\/08\/Kapitel-Zwei-Berlin-Sprachschule-Deutsch-Deutschkurse-Berlin.jpg","width":350,"height":101,"caption":"Kapitel Zwei. Deutsch-Sprachschule Berlin GmbH"},"image":{"@id":"https:\/\/kapitel-zwei.de\/es\/#\/schema\/logo\/image\/"},"sameAs":["https:\/\/www.facebook.com\/kapitelzwei\/","https:\/\/x.com\/kapitelzwei"]}]}},"_links":{"self":[{"href":"https:\/\/kapitel-zwei.de\/fr\/wp-json\/wp\/v2\/pages\/10068","targetHints":{"allow":["GET"]}}],"collection":[{"href":"https:\/\/kapitel-zwei.de\/fr\/wp-json\/wp\/v2\/pages"}],"about":[{"href":"https:\/\/kapitel-zwei.de\/fr\/wp-json\/wp\/v2\/types\/page"}],"author":[{"embeddable":true,"href":"https:\/\/kapitel-zwei.de\/fr\/wp-json\/wp\/v2\/users\/16"}],"replies":[{"embeddable":true,"href":"https:\/\/kapitel-zwei.de\/fr\/wp-json\/wp\/v2\/comments?post=10068"}],"version-history":[{"count":35,"href":"https:\/\/kapitel-zwei.de\/fr\/wp-json\/wp\/v2\/pages\/10068\/revisions"}],"predecessor-version":[{"id":112952,"href":"https:\/\/kapitel-zwei.de\/fr\/wp-json\/wp\/v2\/pages\/10068\/revisions\/112952"}],"wp:attachment":[{"href":"https:\/\/kapitel-zwei.de\/fr\/wp-json\/wp\/v2\/media?parent=10068"}],"curies":[{"name":"wp","href":"https:\/\/api.w.org\/{rel}","templated":true}]}}