{"id":100827,"date":"2021-08-17T13:13:24","date_gmt":"2021-08-17T11:13:24","guid":{"rendered":"https:\/\/kapitel-zwei.de\/preise-telc-deutsch\/"},"modified":"2025-07-07T17:13:12","modified_gmt":"2025-07-07T15:13:12","slug":"prix-telc-deutsch","status":"publish","type":"page","link":"https:\/\/kapitel-zwei.de\/fr\/prix-telc-deutsch\/","title":{"rendered":"Prix telc Deutsch"},"content":{"rendered":"\n<style type=\"text\/css\" data-created_by=\"avia_inline_auto\" id=\"style-css-av-1q5c2cnv-212a5deca6c02909fa4f9934fad3639e\">\n.flex_column.av-1q5c2cnv-212a5deca6c02909fa4f9934fad3639e{\nborder-radius:0px 0px 0px 0px;\npadding:0px 0px 0px 0px;\n}\n<\/style>\n<div  class='flex_column av-1q5c2cnv-212a5deca6c02909fa4f9934fad3639e av_one_full  avia-builder-el-0  el_before_av_two_third  avia-builder-el-first  first flex_column_div av-zero-column-padding  '     ><section  class='av_textblock_section av-ksgmwf2p-0abcf34313589b1df7240ac07bffb822 '   itemscope=\"itemscope\" itemtype=\"https:\/\/schema.org\/CreativeWork\" ><div class='avia_textblock'  itemprop=\"text\" ><h1><span style=\"color: #ff6600;\">Prix de la pr\u00e9paration et de l&rsquo;examen de telc Deutsch<\/span><\/h1>\n<\/div><\/section><\/div>\n\n<style type=\"text\/css\" data-created_by=\"avia_inline_auto\" id=\"style-css-av-5sbzl7f-d46795cd753ba5af45e2f084cca08d92\">\n.flex_column.av-5sbzl7f-d46795cd753ba5af45e2f084cca08d92{\nborder-radius:0px 0px 0px 0px;\npadding:0px 0px 0px 0px;\n}\n<\/style>\n<div  class='flex_column av-5sbzl7f-d46795cd753ba5af45e2f084cca08d92 av_two_third  avia-builder-el-2  el_after_av_one_full  el_before_av_one_third  first flex_column_div av-zero-column-padding  column-top-margin'     ><section  class='av_textblock_section av-ksgmyf9n-16b560284a433ff308ac7cff67d65e3d '   itemscope=\"itemscope\" itemtype=\"https:\/\/schema.org\/CreativeWork\" ><div class='avia_textblock'  itemprop=\"text\" ><p>Combien co\u00fbte un cours de pr\u00e9paration telc Deutsch \u00e0 Berlin pendant 4 semaines en petits groupes avec un tel emplacement central\u00a0? Que payeras-tu pour un examen ? Tu trouveras ici tous les tarifs.<\/p>\n<ul>\n<li><a href=\"https:\/\/kapitel-zwei.de\/fr\/prix\/#Pr\u00e9parationTelcBerlin\">Cours de pr\u00e9paration telc Deutsch<\/a><\/li>\n<li><a href=\"https:\/\/kapitel-zwei.de\/fr\/prix\/#ExamensTelcBerlin\">Examens telc Deutsch<\/a><\/li>\n<\/ul>\n<\/div><\/section><\/div>\n\n<style type=\"text\/css\" data-created_by=\"avia_inline_auto\" id=\"style-css-av-1gg456sb-c78aa07e888d67cef492b0a8a0c6a8ea\">\n.flex_column.av-1gg456sb-c78aa07e888d67cef492b0a8a0c6a8ea{\nborder-radius:0px 0px 0px 0px;\npadding:0px 0px 0px 0px;\n}\n<\/style>\n<div  class='flex_column av-1gg456sb-c78aa07e888d67cef492b0a8a0c6a8ea av_one_third  avia-builder-el-4  el_after_av_two_third  el_before_av_hr  flex_column_div av-zero-column-padding  column-top-margin'     ><p>\n<style type=\"text\/css\" data-created_by=\"avia_inline_auto\" id=\"style-css-av-ksgn1j2m-4a0b0c2dbc3d01c078b42474062ab302\">\n.avia-image-container.av-ksgn1j2m-4a0b0c2dbc3d01c078b42474062ab302 img.avia_image{\nbox-shadow:none;\n}\n.avia-image-container.av-ksgn1j2m-4a0b0c2dbc3d01c078b42474062ab302 .av-image-caption-overlay-center{\ncolor:#ffffff;\n}\n<\/style>\n<div  class='avia-image-container av-ksgn1j2m-4a0b0c2dbc3d01c078b42474062ab302 av-styling- avia-align-center  avia-builder-el-5  el_before_av_textblock  avia-builder-el-first '   itemprop=\"image\" itemscope=\"itemscope\" itemtype=\"https:\/\/schema.org\/ImageObject\" ><div class=\"avia-image-container-inner\"><div class=\"avia-image-overlay-wrap\"><img decoding=\"async\" fetchpriority=\"high\" class='wp-image-123938 avia-img-lazy-loading-not-123938 avia_image ' src=\"https:\/\/kapitel-zwei.de\/wp-content\/uploads\/2025\/07\/telc-Deutsch-Siegel.jpg\" alt='telc Deutsch Siegel' title='telc Deutsch Siegel'  height=\"472\" width=\"472\"  itemprop=\"thumbnailUrl\" srcset=\"https:\/\/kapitel-zwei.de\/wp-content\/uploads\/2025\/07\/telc-Deutsch-Siegel.jpg 472w, https:\/\/kapitel-zwei.de\/wp-content\/uploads\/2025\/07\/telc-Deutsch-Siegel-300x300.jpg 300w, https:\/\/kapitel-zwei.de\/wp-content\/uploads\/2025\/07\/telc-Deutsch-Siegel-80x80.jpg 80w, https:\/\/kapitel-zwei.de\/wp-content\/uploads\/2025\/07\/telc-Deutsch-Siegel-36x36.jpg 36w, https:\/\/kapitel-zwei.de\/wp-content\/uploads\/2025\/07\/telc-Deutsch-Siegel-180x180.jpg 180w\" sizes=\"(max-width: 472px) 100vw, 472px\" \/><\/div><\/div><\/div><br \/>\n<section  class='av_textblock_section av-1d3te4gr-85d046905150c0f42a3dcfe875d53491 '   itemscope=\"itemscope\" itemtype=\"https:\/\/schema.org\/CreativeWork\" ><div class='avia_textblock'  itemprop=\"text\" ><p class=\"intro\">Apprendre l\u2019allemand \u00e0 Berlin avec \u00ab Kapitel Zwei, \u00e9cole de langue allemande \u00bb entre Heinrich-Heine-Stra\u00dfe (U8) et M\u00e4rkisches Museum (U2).<\/p>\n<\/div><\/section><\/p><\/div>\n<style type=\"text\/css\" data-created_by=\"avia_inline_auto\" id=\"style-css-av-194t6wkb-f3f3cd1e5344b8b78438c63adaba6c73\">\n#top .hr.hr-invisible.av-194t6wkb-f3f3cd1e5344b8b78438c63adaba6c73{\nheight:10px;\n}\n<\/style>\n<div  class='hr av-194t6wkb-f3f3cd1e5344b8b78438c63adaba6c73 hr-invisible  avia-builder-el-7  el_after_av_one_third  el_before_av_one_full '><span class='hr-inner '><span class=\"hr-inner-style\"><\/span><\/span><\/div><\/p>\n\n<style type=\"text\/css\" data-created_by=\"avia_inline_auto\" id=\"style-css-av-13objuaj-b1e584a1d57eef37406b97678ebb7519\">\n.flex_column.av-13objuaj-b1e584a1d57eef37406b97678ebb7519{\nborder-radius:0px 0px 0px 0px;\npadding:0px 0px 0px 0px;\n}\n<\/style>\n<div  class='flex_column av-13objuaj-b1e584a1d57eef37406b97678ebb7519 av_one_full  avia-builder-el-8  el_after_av_hr  el_before_av_hr  first flex_column_div av-zero-column-padding  '     ><p><section  class='av_textblock_section av-x0wwx7f-f3bc26a5023f5f06183fe3a16fc85a7a '   itemscope=\"itemscope\" itemtype=\"https:\/\/schema.org\/CreativeWork\" ><div class='avia_textblock'  itemprop=\"text\" ><p><a name=\"Pr\u00e9parationTelcBerlin\"><\/a><\/p>\n<\/div><\/section><br \/>\n<section  class='av_textblock_section av-uhcx89n-23f4bf8874a29c868e67806f186f839b '   itemscope=\"itemscope\" itemtype=\"https:\/\/schema.org\/CreativeWork\" ><div class='avia_textblock tablepress_scroll-if-too-large'  itemprop=\"text\" ><h2 id=\"tablepress-339-name\" class=\"tablepress-table-name tablepress-table-name-id-339\">Prix pour les cours de pr\u00e9paration telc Deutsch (4 semaines)<\/h2>\n\n<table id=\"tablepress-339\" class=\"tablepress tablepress-id-339 tablepress_too_large tbody-has-connected-cells\" aria-labelledby=\"tablepress-339-name\">\n<thead>\n<tr class=\"row-1\">\n\t<th class=\"column-1\"><p style=\"color:white !important;\">Pr\u00e9paration telc <\/p><\/th><th class=\"column-2\"><p style=\"color:white !important;\">Type du cours<\/p><\/th><th class=\"column-3\"><p style=\"color:white !important; text-align: center;\"><br \/>\nCours en pr\u00e9sentiel<br \/>\nvraies salles de classe<br \/>\n<br \/>\nDes nouveaux cours<br \/>\ncommencent chaque mois<br \/>\n(4 semaines)<br \/>\n<br \/>\n<\/p><\/th><th class=\"column-4\"><p style=\"color:white !important;\">Fr\u00e9quence<\/p><\/th>\n<\/tr>\n<\/thead>\n<tbody class=\"row-striping\">\n<tr class=\"row-2\">\n\t<td class=\"column-1\"><span style=\"color:#f15f16\";><br \/>\n<br \/>\n<br \/>\n<br \/>\n<a href=\"https:\/\/kapitel-zwei.de\/fr\/preparation-telc-deutsch-b1\/\"><b>Niveau B1 <\/b><\/a><\/span><\/td><td class=\"column-2\"><br \/>\n<br \/>\n<br \/>\n<br \/>\n<b>Pr\u00e9paration express<\/b><\/td><td class=\"column-3\"><p style=\"text-align: center; background-color:#FFEEE6 !important; \"><br \/>\n<br \/>\n<br \/>\n<b>162 \u20ac<\/b> <br \/>\n<br \/>\n<br \/>\n<br \/>\n<br \/>\n<\/p><\/td><td class=\"column-4\"><b>16 heures<\/b><br \/>\n<br \/>\nMardi + jeudi<br \/>\n16-18 h ou<br \/>\n18-20 h <br \/>\n<br \/>\nou<br \/>\n<br \/>\nVendredi<br \/>\no9-13.20 h<br \/>\n<\/td>\n<\/tr>\n<tr class=\"row-3\">\n\t<td class=\"column-1\"><span style=\"color:#f15f16\";><br \/>\n<br \/>\n<br \/>\n<br \/>\n<a href=\"https:\/\/kapitel-zwei.de\/fr\/preparation-telc-deutsch-b2\/\"><b>Niveau B2 <\/b><\/a><\/span><\/td><td class=\"column-2\"><br \/>\n<br \/>\n<br \/>\n<br \/>\n<b>Pr\u00e9paration express<\/b><\/td><td class=\"column-3\"><p style=\"text-align: center; background-color:#FFEEE6 !important; \"><br \/>\n<br \/>\n<br \/>\n<b>162 \u20ac<\/b><br \/>\n<br \/>\n<br \/>\n<br \/>\n<\/p><\/td><td class=\"column-4\"><b>16 heures<\/b><br \/>\n<br \/>\n18-20 h<br \/>\nMardi + jeudi<br \/>\n<br \/>\nou<br \/>\n<br \/>\no9-13.20 h<br \/>\nVendredi<\/td>\n<\/tr>\n<tr class=\"row-4\">\n\t<td rowspan=\"2\" class=\"column-1\"><span style=\"color:#f15f16\";><br \/>\n<br \/>\n<br \/>\n<br \/>\n<a href=\"https:\/\/kapitel-zwei.de\/fr\/telc-deutsch-c1-hochschule-berlin\/\"><b>C1 Hochschule<\/b><\/a><\/span><\/td><td class=\"column-2\"><br \/>\n<br \/>\n<br \/>\n<br \/>\n<b>Pr\u00e9paration express<\/b><\/td><td class=\"column-3\"><p style=\"text-align: center; background-color:#FFEEE6 !important; \"><br \/>\n<br \/>\n<br \/>\n<b>162 \u20ac<\/b> <br \/>\n<br \/>\n<br \/>\n<\/p><\/td><td class=\"column-4\"><br \/>\n<b>16 heures<\/b><br \/>\n<br \/>\no9-13.20 h<br \/>\nVendredi<\/td>\n<\/tr>\n<tr class=\"row-5\">\n\t<td class=\"column-2\"><p style=\"text-align: center; background-color:#FFEEE6 !important; \"><br \/>\n<br \/>\n<br \/>\n<b>Cours intensif<\/b><br \/>\n<br \/>\n<br \/>\n<br \/>\n<br \/>\n<\/p><\/td><td class=\"column-3\"><p style=\"text-align: center; background-color:#FFEEE6 !important; \"><br \/>\n<br \/>\n<br \/>\n<b>319 \u20ac<\/b> <a href=\"https:\/\/kapitel-zwei.de\/fr\/tarif-classique\/\"><br \/>\nTarif classique<\/a><br \/>\n<br \/>\n<br \/>\n<br \/>\n<\/p><\/td><td class=\"column-4\"><b>48 heures<\/b><br \/>\n<br \/>\n09-12 h<br \/>\n12-15  h<br \/>\n15-18 h<br \/>\n18-21 h<br \/>\n<br \/>\nDu lundi au<br \/>\njeudi<\/td>\n<\/tr>\n<tr class=\"row-6\">\n\t<td class=\"column-1\"><span style=\"color:#f15f16\";><br \/>\n<br \/>\n<br \/>\n<a href=\"https:\/\/kapitel-zwei.de\/fr\/fachsprachpruefung-aerztekammer\/\"><b>Pr\u00e9paration \u00e0 l\u2019examen<br \/>\nFachsprachpr\u00fcfung <br \/>\nde l\u2019Ordre<br \/>\ndes m\u00e9decins <\/b><\/a><\/span><\/td><td class=\"column-2\"><p style=\"text-align: center; background-color:#FFEEE6 !important; \"><br \/>\n<br \/>\n<br \/>\n<b>Cours intensif<\/b><br \/>\n<br \/>\n<br \/>\n<br \/>\n<\/p><\/td><td class=\"column-3\"><p style=\"text-align: center; background-color:#FFEEE6 !important; \"><br \/>\n<b>499 \u20ac<\/b><a href=\"https:\/\/kapitel-zwei.de\/fr\/tarif-classique\/\"><br \/>\nTarif classique<\/a><br \/>\n<br \/>\n<b>449 \u20ac<\/b><br \/>\n<a href=\"https:\/\/kapitel-zwei.de\/fr\/tarif-reservations-en-avance\/\">Tarif\u00a0 pour les r\u00e9servations en avance<\/a><br \/>\n<br \/>\n<\/p><\/td><td class=\"column-4\"><br \/>\n<b>48 heures<\/b><br \/>\n<br \/>\n15-18 h<br \/>\n<br \/>\nDu lundi au<br \/>\njeudi<\/td>\n<\/tr>\n<\/tbody>\n<\/table>\n<!-- #tablepress-339 from cache -->\n<\/div><\/section><\/p><\/div>\n\n<style type=\"text\/css\" data-created_by=\"avia_inline_auto\" id=\"style-css-av-oq04djv-b88338c6c1f1bda8f9dce9597ca750d4\">\n#top .hr.hr-invisible.av-oq04djv-b88338c6c1f1bda8f9dce9597ca750d4{\nheight:10px;\n}\n<\/style>\n<div  class='hr av-oq04djv-b88338c6c1f1bda8f9dce9597ca750d4 hr-invisible  avia-builder-el-11  el_after_av_one_full  el_before_av_one_full '><span class='hr-inner '><span class=\"hr-inner-style\"><\/span><\/span><\/div>\n\n<style type=\"text\/css\" data-created_by=\"avia_inline_auto\" id=\"style-css-av-jeyycwr-cf80f4f325dbe5d65e9d53251eccf51b\">\n.flex_column.av-jeyycwr-cf80f4f325dbe5d65e9d53251eccf51b{\nborder-radius:0px 0px 0px 0px;\npadding:0px 0px 0px 0px;\n}\n<\/style>\n<div  class='flex_column av-jeyycwr-cf80f4f325dbe5d65e9d53251eccf51b av_one_full  avia-builder-el-12  el_after_av_hr  el_before_av_textblock  first flex_column_div av-zero-column-padding  '     ><p><section  class='av_textblock_section av-i2n9ra3-3c79154fd847df1ebb7e1b3e585b1a18 '   itemscope=\"itemscope\" itemtype=\"https:\/\/schema.org\/CreativeWork\" ><div class='avia_textblock'  itemprop=\"text\" ><p><a name=\"ExamensTelcBerlin\"><\/a><\/p>\n<\/div><\/section><br \/>\n<section  class='av_textblock_section av-ddet1y3-86263cc7623d78d91c98f03aa1f43d41 '   itemscope=\"itemscope\" itemtype=\"https:\/\/schema.org\/CreativeWork\" ><div class='avia_textblock tablepress_scroll-if-too-large'  itemprop=\"text\" ><h2 id=\"tablepress-92-name\" class=\"tablepress-table-name tablepress-table-name-id-92\">Prix des examens telc Deutsch<\/h2>\n\n<table id=\"tablepress-92\" class=\"tablepress tablepress-id-92 tbody-has-connected-cells\" aria-labelledby=\"tablepress-92-name\">\n<thead>\n<tr class=\"row-1\">\n\t<th class=\"column-1\"><p style=\"color:white !important;\">Niveau<\/p><\/th><th class=\"column-2\"><p style=\"color:white !important;\">Examens telc <\/p><\/th><th class=\"column-3\"><p style=\"color:white !important;\">Prix<\/p><\/th><th class=\"column-4\"><p style=\"color:white !important; text-align: center;\">...<\/p><\/th>\n<\/tr>\n<\/thead>\n<tbody class=\"row-striping\">\n<tr class=\"row-2\">\n\t<td colspan=\"2\" class=\"column-1\">Inscription de derni\u00e8re minute<\/td><td class=\"column-3\">gratuite<\/td><td class=\"column-4\"><\/td>\n<\/tr>\n<tr class=\"row-3\">\n\t<td class=\"column-1\"><p style=\"font-size:110%;\"><span style=\"color:#f15f16\";>Niveau A1 <\/span><\/p><\/td><td class=\"column-2\">Complet<br \/>\n<\/td><td class=\"column-3\">149 \u20ac<\/td><td class=\"column-4\"><p style=\"text-decoration:underline; text-align: center;\"><a href=\"https:\/\/kapitel-zwei.de\/fr\/cours-d-allemand-berlin\/examen-telc-deutsch-a1\/\">Plus d'information<\/a><\/p><\/td>\n<\/tr>\n<tr class=\"row-4\">\n\t<td class=\"column-1\"><p style=\"font-size:110%;\"><span style=\"color:#f15f16\";>Niveau A2 <\/span><\/p><\/td><td class=\"column-2\">Complet<br \/>\n<\/td><td class=\"column-3\">149 \u20ac<\/td><td class=\"column-4\"><p style=\"text-decoration:underline; text-align: center;\"><a href=\"https:\/\/kapitel-zwei.de\/fr\/cours-d-allemand-berlin\/examen-telc-deutsch-a2\/\">Plus d'information<\/a><\/p><\/td>\n<\/tr>\n<tr class=\"row-5\">\n\t<td rowspan=\"2\" class=\"column-1\"><p style=\"font-size:110%;\"><span style=\"color:#f15f16\";>Niveau B1 <\/span><\/p><\/td><td class=\"column-2\">Complet<br \/>\n<\/td><td class=\"column-3\">199 \u20ac<\/td><td rowspan=\"2\" class=\"column-4\"><p style=\"text-decoration:underline; text-align: center;\"><a href=\"https:\/\/kapitel-zwei.de\/fr\/cours-d-allemand-berlin\/examen-telc-deutsch-b1\/\">Plus d'information<\/a><\/p><\/td>\n<\/tr>\n<tr class=\"row-6\">\n\t<td class=\"column-2\">Seulement \u00e9crit \/ oral <\/td><td class=\"column-3\">169 \u20ac<\/td>\n<\/tr>\n<tr class=\"row-7\">\n\t<td rowspan=\"2\" class=\"column-1\"><p style=\"font-size:110%;\"><span style=\"color:#f15f16\";>Niveau B2 <\/span><\/p><br \/>\n<\/td><td class=\"column-2\">Complet<br \/>\n<\/td><td class=\"column-3\">199 \u20ac<\/td><td rowspan=\"2\" class=\"column-4\"><p style=\"text-decoration:underline; text-align: center;\"><a href=\"https:\/\/kapitel-zwei.de\/deutsch-lernen-berlin\/pruefung-telc-deutsch-b2\/\">Plus d'information<\/a><\/p><\/td>\n<\/tr>\n<tr class=\"row-8\">\n\t<td class=\"column-2\">Seulement \u00e9crit \/ oral <\/td><td class=\"column-3\">169 \u20ac<\/td>\n<\/tr>\n<tr class=\"row-9\">\n\t<td rowspan=\"2\" class=\"column-1\"><p style=\"font-size:110%;\"><span style=\"color:#f15f16\";>C1 Hochschule<\/span><\/p><br \/>\n<\/td><td class=\"column-2\">Complet<br \/>\n<\/td><td class=\"column-3\">199 \u20ac<\/td><td rowspan=\"2\" class=\"column-4\"><p style=\"text-decoration:underline; text-align: center;\"><a href=\"https:\/\/kapitel-zwei.de\/fr\/cours-d-allemand-berlin\/examen-telc-c1-hochschule\/\">Plus d'information<\/a><\/p><\/td>\n<\/tr>\n<tr class=\"row-10\">\n\t<td class=\"column-2\">Seulement \u00e9crit \/ oral <\/td><td class=\"column-3\">169 \u20ac<\/td>\n<\/tr>\n<tr class=\"row-11\">\n\t<td rowspan=\"2\" class=\"column-1\"><p style=\"font-size:110%;\"><span style=\"color:#f15f16\";>C1<\/span><\/p><br \/>\n<\/td><td class=\"column-2\">Complet<\/td><td class=\"column-3\">199 \u20ac<\/td><td rowspan=\"2\" class=\"column-4\"><p style=\"text-decoration:underline; text-align: center;\"><a href=\"https:\/\/kapitel-zwei.de\/telc-deutsch-c1-pruefung\/\">Plus d'information<\/a><\/p><\/td>\n<\/tr>\n<tr class=\"row-12\">\n\t<td class=\"column-2\">Seulement \u00e9crit \/ oral <\/td><td class=\"column-3\">169 \u20ac<\/td>\n<\/tr>\n<\/tbody>\n<\/table>\n<!-- #tablepress-92 from cache -->\n<\/div><\/section><\/p><\/div>\n<section  class='av_textblock_section av-81ptp3v-91788cf89b7e6e7adb9efcd1beb5d6da '   itemscope=\"itemscope\" itemtype=\"https:\/\/schema.org\/CreativeWork\" ><div class='avia_textblock'  itemprop=\"text\" ><p>Tu souhaites recevoir de plus amples informations\u00a0? Clique <a href=\"https:\/\/kapitel-zwei.de\/fr\/telc-deutsch-berlin\/\">ici<\/a>.<\/p>\n<\/div><\/section>\n","protected":false},"excerpt":{"rendered":"","protected":false},"author":16,"featured_media":0,"parent":0,"menu_order":0,"comment_status":"closed","ping_status":"closed","template":"","meta":{"footnotes":""},"class_list":["post-100827","page","type-page","status-publish","hentry"],"yoast_head":"<!-- This site is optimized with the Yoast SEO Premium plugin v24.4 (Yoast SEO v24.4) - https:\/\/yoast.com\/wordpress\/plugins\/seo\/ -->\n<title>Prix des cours de pr\u00e9paration et de l&#039;examen telc Deutsch<\/title>\n<meta name=\"description\" content=\"Prix des cours de pr\u00e9paration et de l&#039;examen telc Deutsch. R\u00e9ductions pour l&#039;examen en cas de r\u00e9servation d&#039;un cours de pr\u00e9paration au telc Deutsch. Prix des cours de pr\u00e9paration au telc Deutsch en ligne et prix des cours sur place \u00e0 l&#039;\u00e9cole dans une vraie salle de classe.\" \/>\n<meta name=\"robots\" content=\"index, follow, max-snippet:-1, max-image-preview:large, max-video-preview:-1\" \/>\n<link rel=\"canonical\" href=\"https:\/\/kapitel-zwei.de\/fr\/prix-telc-deutsch\/\" \/>\n<meta property=\"og:locale\" content=\"fr_FR\" \/>\n<meta property=\"og:type\" content=\"article\" \/>\n<meta property=\"og:title\" content=\"Prix telc Deutsch\" \/>\n<meta property=\"og:description\" content=\"Prix des cours de pr\u00e9paration et de l&#039;examen telc Deutsch. R\u00e9ductions pour l&#039;examen en cas de r\u00e9servation d&#039;un cours de pr\u00e9paration au telc Deutsch. Prix des cours de pr\u00e9paration au telc Deutsch en ligne et prix des cours sur place \u00e0 l&#039;\u00e9cole dans une vraie salle de classe.\" \/>\n<meta property=\"og:url\" content=\"https:\/\/kapitel-zwei.de\/fr\/prix-telc-deutsch\/\" \/>\n<meta property=\"og:site_name\" content=\"Kapitel Zwei Berlin\" \/>\n<meta property=\"article:publisher\" content=\"https:\/\/www.facebook.com\/kapitelzwei\/\" \/>\n<meta property=\"article:modified_time\" content=\"2025-07-07T15:13:12+00:00\" \/>\n<meta name=\"twitter:card\" content=\"summary_large_image\" \/>\n<meta name=\"twitter:site\" content=\"@kapitelzwei\" \/>\n<meta name=\"twitter:label1\" content=\"Dur\u00e9e de lecture estim\u00e9e\" \/>\n\t<meta name=\"twitter:data1\" content=\"2 minutes\" \/>\n<script type=\"application\/ld+json\" class=\"yoast-schema-graph\">{\"@context\":\"https:\/\/schema.org\",\"@graph\":[{\"@type\":\"WebPage\",\"@id\":\"https:\/\/kapitel-zwei.de\/fr\/prix-telc-deutsch\/\",\"url\":\"https:\/\/kapitel-zwei.de\/fr\/prix-telc-deutsch\/\",\"name\":\"Prix des cours de pr\u00e9paration et de l'examen telc Deutsch\",\"isPartOf\":{\"@id\":\"https:\/\/kapitel-zwei.de\/es\/#website\"},\"datePublished\":\"2021-08-17T11:13:24+00:00\",\"dateModified\":\"2025-07-07T15:13:12+00:00\",\"description\":\"Prix des cours de pr\u00e9paration et de l'examen telc Deutsch. R\u00e9ductions pour l'examen en cas de r\u00e9servation d'un cours de pr\u00e9paration au telc Deutsch. Prix des cours de pr\u00e9paration au telc Deutsch en ligne et prix des cours sur place \u00e0 l'\u00e9cole dans une vraie salle de classe.\",\"breadcrumb\":{\"@id\":\"https:\/\/kapitel-zwei.de\/fr\/prix-telc-deutsch\/#breadcrumb\"},\"inLanguage\":\"fr-FR\",\"potentialAction\":[{\"@type\":\"ReadAction\",\"target\":[\"https:\/\/kapitel-zwei.de\/fr\/prix-telc-deutsch\/\"]}]},{\"@type\":\"BreadcrumbList\",\"@id\":\"https:\/\/kapitel-zwei.de\/fr\/prix-telc-deutsch\/#breadcrumb\",\"itemListElement\":[{\"@type\":\"ListItem\",\"position\":1,\"name\":\"Startseite\",\"item\":\"https:\/\/kapitel-zwei.de\/fr\/\"},{\"@type\":\"ListItem\",\"position\":2,\"name\":\"Prix telc Deutsch\"}]},{\"@type\":\"WebSite\",\"@id\":\"https:\/\/kapitel-zwei.de\/es\/#website\",\"url\":\"https:\/\/kapitel-zwei.de\/es\/\",\"name\":\"Kapitel Zwei Berlin\",\"description\":\"Deutschkurs Berlin | Sprachschule Berlin | German language school Berlin | telc Berlin | Deutsch Pr\u00fcfung Berlin | Intensive German courses Berlin | TestDaF Pr\u00fcfung | Online Kurse\",\"publisher\":{\"@id\":\"https:\/\/kapitel-zwei.de\/es\/#organization\"},\"potentialAction\":[{\"@type\":\"SearchAction\",\"target\":{\"@type\":\"EntryPoint\",\"urlTemplate\":\"https:\/\/kapitel-zwei.de\/es\/?s={search_term_string}\"},\"query-input\":{\"@type\":\"PropertyValueSpecification\",\"valueRequired\":true,\"valueName\":\"search_term_string\"}}],\"inLanguage\":\"fr-FR\"},{\"@type\":\"Organization\",\"@id\":\"https:\/\/kapitel-zwei.de\/es\/#organization\",\"name\":\"Kapitel Zwei. Deutsch-Sprachschule Berlin GmbH\",\"url\":\"https:\/\/kapitel-zwei.de\/es\/\",\"logo\":{\"@type\":\"ImageObject\",\"inLanguage\":\"fr-FR\",\"@id\":\"https:\/\/kapitel-zwei.de\/es\/#\/schema\/logo\/image\/\",\"url\":\"https:\/\/kapitel-zwei.de\/wp-content\/uploads\/2018\/08\/Kapitel-Zwei-Berlin-Sprachschule-Deutsch-Deutschkurse-Berlin.jpg\",\"contentUrl\":\"https:\/\/kapitel-zwei.de\/wp-content\/uploads\/2018\/08\/Kapitel-Zwei-Berlin-Sprachschule-Deutsch-Deutschkurse-Berlin.jpg\",\"width\":350,\"height\":101,\"caption\":\"Kapitel Zwei. Deutsch-Sprachschule Berlin GmbH\"},\"image\":{\"@id\":\"https:\/\/kapitel-zwei.de\/es\/#\/schema\/logo\/image\/\"},\"sameAs\":[\"https:\/\/www.facebook.com\/kapitelzwei\/\",\"https:\/\/x.com\/kapitelzwei\"]}]}<\/script>\n<!-- \/ Yoast SEO Premium plugin. -->","yoast_head_json":{"title":"Prix des cours de pr\u00e9paration et de l'examen telc Deutsch","description":"Prix des cours de pr\u00e9paration et de l'examen telc Deutsch. R\u00e9ductions pour l'examen en cas de r\u00e9servation d'un cours de pr\u00e9paration au telc Deutsch. Prix des cours de pr\u00e9paration au telc Deutsch en ligne et prix des cours sur place \u00e0 l'\u00e9cole dans une vraie salle de classe.","robots":{"index":"index","follow":"follow","max-snippet":"max-snippet:-1","max-image-preview":"max-image-preview:large","max-video-preview":"max-video-preview:-1"},"canonical":"https:\/\/kapitel-zwei.de\/fr\/prix-telc-deutsch\/","og_locale":"fr_FR","og_type":"article","og_title":"Prix telc Deutsch","og_description":"Prix des cours de pr\u00e9paration et de l'examen telc Deutsch. R\u00e9ductions pour l'examen en cas de r\u00e9servation d'un cours de pr\u00e9paration au telc Deutsch. Prix des cours de pr\u00e9paration au telc Deutsch en ligne et prix des cours sur place \u00e0 l'\u00e9cole dans une vraie salle de classe.","og_url":"https:\/\/kapitel-zwei.de\/fr\/prix-telc-deutsch\/","og_site_name":"Kapitel Zwei Berlin","article_publisher":"https:\/\/www.facebook.com\/kapitelzwei\/","article_modified_time":"2025-07-07T15:13:12+00:00","twitter_card":"summary_large_image","twitter_site":"@kapitelzwei","twitter_misc":{"Dur\u00e9e de lecture estim\u00e9e":"2 minutes"},"schema":{"@context":"https:\/\/schema.org","@graph":[{"@type":"WebPage","@id":"https:\/\/kapitel-zwei.de\/fr\/prix-telc-deutsch\/","url":"https:\/\/kapitel-zwei.de\/fr\/prix-telc-deutsch\/","name":"Prix des cours de pr\u00e9paration et de l'examen telc Deutsch","isPartOf":{"@id":"https:\/\/kapitel-zwei.de\/es\/#website"},"datePublished":"2021-08-17T11:13:24+00:00","dateModified":"2025-07-07T15:13:12+00:00","description":"Prix des cours de pr\u00e9paration et de l'examen telc Deutsch. R\u00e9ductions pour l'examen en cas de r\u00e9servation d'un cours de pr\u00e9paration au telc Deutsch. Prix des cours de pr\u00e9paration au telc Deutsch en ligne et prix des cours sur place \u00e0 l'\u00e9cole dans une vraie salle de classe.","breadcrumb":{"@id":"https:\/\/kapitel-zwei.de\/fr\/prix-telc-deutsch\/#breadcrumb"},"inLanguage":"fr-FR","potentialAction":[{"@type":"ReadAction","target":["https:\/\/kapitel-zwei.de\/fr\/prix-telc-deutsch\/"]}]},{"@type":"BreadcrumbList","@id":"https:\/\/kapitel-zwei.de\/fr\/prix-telc-deutsch\/#breadcrumb","itemListElement":[{"@type":"ListItem","position":1,"name":"Startseite","item":"https:\/\/kapitel-zwei.de\/fr\/"},{"@type":"ListItem","position":2,"name":"Prix telc Deutsch"}]},{"@type":"WebSite","@id":"https:\/\/kapitel-zwei.de\/es\/#website","url":"https:\/\/kapitel-zwei.de\/es\/","name":"Kapitel Zwei Berlin","description":"Deutschkurs Berlin | Sprachschule Berlin | German language school Berlin | telc Berlin | Deutsch Pr\u00fcfung Berlin | Intensive German courses Berlin | TestDaF Pr\u00fcfung | Online Kurse","publisher":{"@id":"https:\/\/kapitel-zwei.de\/es\/#organization"},"potentialAction":[{"@type":"SearchAction","target":{"@type":"EntryPoint","urlTemplate":"https:\/\/kapitel-zwei.de\/es\/?s={search_term_string}"},"query-input":{"@type":"PropertyValueSpecification","valueRequired":true,"valueName":"search_term_string"}}],"inLanguage":"fr-FR"},{"@type":"Organization","@id":"https:\/\/kapitel-zwei.de\/es\/#organization","name":"Kapitel Zwei. Deutsch-Sprachschule Berlin GmbH","url":"https:\/\/kapitel-zwei.de\/es\/","logo":{"@type":"ImageObject","inLanguage":"fr-FR","@id":"https:\/\/kapitel-zwei.de\/es\/#\/schema\/logo\/image\/","url":"https:\/\/kapitel-zwei.de\/wp-content\/uploads\/2018\/08\/Kapitel-Zwei-Berlin-Sprachschule-Deutsch-Deutschkurse-Berlin.jpg","contentUrl":"https:\/\/kapitel-zwei.de\/wp-content\/uploads\/2018\/08\/Kapitel-Zwei-Berlin-Sprachschule-Deutsch-Deutschkurse-Berlin.jpg","width":350,"height":101,"caption":"Kapitel Zwei. Deutsch-Sprachschule Berlin GmbH"},"image":{"@id":"https:\/\/kapitel-zwei.de\/es\/#\/schema\/logo\/image\/"},"sameAs":["https:\/\/www.facebook.com\/kapitelzwei\/","https:\/\/x.com\/kapitelzwei"]}]}},"_links":{"self":[{"href":"https:\/\/kapitel-zwei.de\/fr\/wp-json\/wp\/v2\/pages\/100827","targetHints":{"allow":["GET"]}}],"collection":[{"href":"https:\/\/kapitel-zwei.de\/fr\/wp-json\/wp\/v2\/pages"}],"about":[{"href":"https:\/\/kapitel-zwei.de\/fr\/wp-json\/wp\/v2\/types\/page"}],"author":[{"embeddable":true,"href":"https:\/\/kapitel-zwei.de\/fr\/wp-json\/wp\/v2\/users\/16"}],"replies":[{"embeddable":true,"href":"https:\/\/kapitel-zwei.de\/fr\/wp-json\/wp\/v2\/comments?post=100827"}],"version-history":[{"count":8,"href":"https:\/\/kapitel-zwei.de\/fr\/wp-json\/wp\/v2\/pages\/100827\/revisions"}],"predecessor-version":[{"id":124141,"href":"https:\/\/kapitel-zwei.de\/fr\/wp-json\/wp\/v2\/pages\/100827\/revisions\/124141"}],"wp:attachment":[{"href":"https:\/\/kapitel-zwei.de\/fr\/wp-json\/wp\/v2\/media?parent=100827"}],"curies":[{"name":"wp","href":"https:\/\/api.w.org\/{rel}","templated":true}]}}