{"id":15320,"date":"2017-01-04T21:21:57","date_gmt":"2017-01-04T20:21:57","guid":{"rendered":"http:\/\/relaunch.kapitel-zwei.de\/fr\/?page_id=15320"},"modified":"2025-05-09T15:13:16","modified_gmt":"2025-05-09T13:13:16","slug":"merci-beaucoup-pour-ton-inscription","status":"publish","type":"page","link":"https:\/\/kapitel-zwei.de\/fr\/merci-beaucoup-pour-ton-inscription\/","title":{"rendered":"Merci beaucoup pour ton inscription"},"content":{"rendered":"\n<style type=\"text\/css\" data-created_by=\"avia_inline_auto\" id=\"style-css-av-5dbry0-f4e249d65fa76ce5a802451b24516b57\">\n.flex_column.av-5dbry0-f4e249d65fa76ce5a802451b24516b57{\nborder-radius:0px 0px 0px 0px;\npadding:0px 0px 0px 0px;\n}\n<\/style>\n<div  class='flex_column av-5dbry0-f4e249d65fa76ce5a802451b24516b57 av_one_third  avia-builder-el-0  el_before_av_two_third  avia-builder-el-first  first flex_column_div av-zero-column-padding  '     ><style type=\"text\/css\" data-created_by=\"avia_inline_auto\" id=\"style-css-av-1688jvc-682fc70332130a0ccde2b1f94613fa02\">\n.avia-image-container.av-1688jvc-682fc70332130a0ccde2b1f94613fa02 img.avia_image{\nbox-shadow:none;\n}\n.avia-image-container.av-1688jvc-682fc70332130a0ccde2b1f94613fa02 .av-image-caption-overlay-center{\ncolor:#ffffff;\n}\n<\/style>\n<div  class='avia-image-container av-1688jvc-682fc70332130a0ccde2b1f94613fa02 av-styling- avia-align-center  avia-builder-el-1  avia-builder-el-no-sibling '   itemprop=\"image\" itemscope=\"itemscope\" itemtype=\"https:\/\/schema.org\/ImageObject\" ><div class=\"avia-image-container-inner\"><div class=\"avia-image-overlay-wrap\"><img decoding=\"async\" fetchpriority=\"high\" class='wp-image-101715 avia-img-lazy-loading-not-101715 avia_image ' src=\"https:\/\/kapitel-zwei.de\/wp-content\/uploads\/2021\/09\/Deutsch-lernen-online-Kapitel-Zwei-Deutschkurs-1.jpg\" alt='Deutsch lernen online Kapitel Zwei Deutschkurs' title='Hispanic Female Studying On Laptop'  height=\"836\" width=\"1254\"  itemprop=\"thumbnailUrl\" srcset=\"https:\/\/kapitel-zwei.de\/wp-content\/uploads\/2021\/09\/Deutsch-lernen-online-Kapitel-Zwei-Deutschkurs-1.jpg 1254w, https:\/\/kapitel-zwei.de\/wp-content\/uploads\/2021\/09\/Deutsch-lernen-online-Kapitel-Zwei-Deutschkurs-1-300x200.jpg 300w, https:\/\/kapitel-zwei.de\/wp-content\/uploads\/2021\/09\/Deutsch-lernen-online-Kapitel-Zwei-Deutschkurs-1-1030x687.jpg 1030w, https:\/\/kapitel-zwei.de\/wp-content\/uploads\/2021\/09\/Deutsch-lernen-online-Kapitel-Zwei-Deutschkurs-1-80x53.jpg 80w, https:\/\/kapitel-zwei.de\/wp-content\/uploads\/2021\/09\/Deutsch-lernen-online-Kapitel-Zwei-Deutschkurs-1-768x512.jpg 768w, https:\/\/kapitel-zwei.de\/wp-content\/uploads\/2021\/09\/Deutsch-lernen-online-Kapitel-Zwei-Deutschkurs-1-705x470.jpg 705w\" sizes=\"(max-width: 1254px) 100vw, 1254px\" \/><\/div><\/div><\/div><\/div>\n<style type=\"text\/css\" data-created_by=\"avia_inline_auto\" id=\"style-css-av-l4ll4o-1649c113e872769e8f7611023c34154a\">\n.flex_column.av-l4ll4o-1649c113e872769e8f7611023c34154a{\nborder-radius:0px 0px 0px 0px;\npadding:0px 0px 0px 0px;\n}\n<\/style>\n<div  class='flex_column av-l4ll4o-1649c113e872769e8f7611023c34154a av_two_third  avia-builder-el-2  el_after_av_one_third  avia-builder-el-last  flex_column_div av-zero-column-padding  '     ><style type=\"text\/css\" data-created_by=\"avia_inline_auto\" id=\"style-css-av-lwq5dtna-2b5f60d11c8e8e6cd54aaa33f3364ea9\">\n#top .av_textblock_section.av-lwq5dtna-2b5f60d11c8e8e6cd54aaa33f3364ea9 .avia_textblock{\nfont-size:16px;\n}\n<\/style>\n<section  class='av_textblock_section av-lwq5dtna-2b5f60d11c8e8e6cd54aaa33f3364ea9 '   itemscope=\"itemscope\" itemtype=\"https:\/\/schema.org\/CreativeWork\" ><div class='avia_textblock'  itemprop=\"text\" ><h2><strong>Bienvenue chez \u00ab Kapitel Zwei Berlin \u00bb<\/strong><\/h2>\n<p class=\"my-0\">Cher(e) \u00e9tudiant(e),<\/p>\n<p class=\"my-0\">Nous vous remercions pour votre inscription \u00e0 \u00ab Kapitel Zwei Berlin \u00bb. Nous vous informons ici des prochaines \u00e9tapes. Nous les organisons selon l&rsquo;inscription \u00e0 un <strong>examen<\/strong> ou \u00e0 un <strong>cours<\/strong> d\u2019allemand, ainsi que selon les \u00ab nouveaux clients \u00bb et les \u00ab clients existants \u00bb.<\/p>\n<p class=\"my-0\"><strong>Examens :<\/strong><br \/>\nLes \u00e9tudiants qui souhaitent uniquement passer un examen telc d\u2019allemand n\u2019ont pas besoin de faire un test de niveau. Nous vous contacterons par e-mail pendant nos heures de bureau.<\/p>\n<p class=\"my-0\"><strong>Cours d\u2019allemand (pour les nouveaux \u00e9tudiants) :<\/strong><br \/>\nLes nouveaux \u00e9tudiants qui souhaitent suivre un cours d\u2019allemand recevront directement un lien pour un test de niveau en ligne. Apr\u00e8s avoir d\u00e9termin\u00e9 votre niveau d\u2019allemand, nous vous enverrons une confirmation de r\u00e9servation contenant les modalit\u00e9s de paiement pour le cours choisi.<\/p>\n<p class=\"my-0\"><strong>Clients existants :<\/strong><br \/>\nSi vous suivez d\u00e9j\u00e0 des cours chez Kapitel Zwei, il n\u2019est pas n\u00e9cessaire de refaire le test de niveau. Il suffit de nous envoyer un e-mail.<\/p>\n<p class=\"my-0\"><strong>Quelles sont les prochaines \u00e9tapes ?<\/strong><br \/>\nNous vous contacterons d\u00e8s que possible \u2013 dans un d\u00e9lai de 24 \u00e0 48 heures.<\/p>\n<p class=\"my-0\">Vous recevrez une <strong>r\u00e9servation<\/strong> pour votre cours et\/ou examen. D\u00e8s r\u00e9ception du paiement, vous recevrez une <strong>confirmation de r\u00e9servation<\/strong> accompagn\u00e9e de tous les d\u00e9tails n\u00e9cessaires concernant votre cours et votre examen. Une lettre officielle \u00e0 pr\u00e9senter \u00e0 l\u2019ambassade ou au consulat pour une demande de visa peut \u00eatre obtenue sur demande.<\/p>\n<p>Nous nous r\u00e9jouissons de vous accueillir dans notre \u00e9cole de langue!<\/p>\n<p>Cordialement,<\/p>\n<p>Kapitel Zwei<\/p>\n<\/div><\/section><\/div><\/p>\n","protected":false},"excerpt":{"rendered":"","protected":false},"author":16,"featured_media":0,"parent":0,"menu_order":0,"comment_status":"closed","ping_status":"closed","template":"","meta":{"footnotes":""},"class_list":["post-15320","page","type-page","status-publish","hentry"],"yoast_head":"<!-- This site is optimized with the Yoast SEO Premium plugin v24.4 (Yoast SEO v24.4) - https:\/\/yoast.com\/wordpress\/plugins\/seo\/ -->\n<title>Merci beaucoup pour ton inscription - \u00c9cole d&#039;allemand Berlin<\/title>\n<meta name=\"description\" content=\"Nous te contacterons d\u00e8s que possible - dans les 24 \u00e0 48 heures. Apr\u00e8s avoir d\u00e9termin\u00e9 ton niveau linguistique, nous t\u2019enverrons la r\u00e9servation pour le cours et\/ou l\u2019examen, ainsi que toutes les informations n\u00e9cessaires au paiement par virement bancaire.\" \/>\n<meta name=\"robots\" content=\"index, follow, max-snippet:-1, max-image-preview:large, max-video-preview:-1\" \/>\n<link rel=\"canonical\" href=\"https:\/\/kapitel-zwei.de\/fr\/merci-beaucoup-pour-ton-inscription\/\" \/>\n<meta property=\"og:locale\" content=\"fr_FR\" \/>\n<meta property=\"og:type\" content=\"article\" \/>\n<meta property=\"og:title\" content=\"Merci beaucoup pour ton inscription\" \/>\n<meta property=\"og:description\" content=\"Nous te contacterons d\u00e8s que possible - dans les 24 \u00e0 48 heures. Apr\u00e8s avoir d\u00e9termin\u00e9 ton niveau linguistique, nous t\u2019enverrons la r\u00e9servation pour le cours et\/ou l\u2019examen, ainsi que toutes les informations n\u00e9cessaires au paiement par virement bancaire.\" \/>\n<meta property=\"og:url\" content=\"https:\/\/kapitel-zwei.de\/fr\/merci-beaucoup-pour-ton-inscription\/\" \/>\n<meta property=\"og:site_name\" content=\"Kapitel Zwei Berlin\" \/>\n<meta property=\"article:publisher\" content=\"https:\/\/www.facebook.com\/kapitelzwei\/\" \/>\n<meta property=\"article:modified_time\" content=\"2025-05-09T13:13:16+00:00\" \/>\n<meta name=\"twitter:card\" content=\"summary_large_image\" \/>\n<meta name=\"twitter:site\" content=\"@kapitelzwei\" \/>\n<meta name=\"twitter:label1\" content=\"Dur\u00e9e de lecture estim\u00e9e\" \/>\n\t<meta name=\"twitter:data1\" content=\"2 minutes\" \/>\n<script type=\"application\/ld+json\" class=\"yoast-schema-graph\">{\"@context\":\"https:\/\/schema.org\",\"@graph\":[{\"@type\":\"WebPage\",\"@id\":\"https:\/\/kapitel-zwei.de\/fr\/merci-beaucoup-pour-ton-inscription\/\",\"url\":\"https:\/\/kapitel-zwei.de\/fr\/merci-beaucoup-pour-ton-inscription\/\",\"name\":\"Merci beaucoup pour ton inscription - \u00c9cole d'allemand Berlin\",\"isPartOf\":{\"@id\":\"https:\/\/kapitel-zwei.de\/es\/#website\"},\"datePublished\":\"2017-01-04T20:21:57+00:00\",\"dateModified\":\"2025-05-09T13:13:16+00:00\",\"description\":\"Nous te contacterons d\u00e8s que possible - dans les 24 \u00e0 48 heures. Apr\u00e8s avoir d\u00e9termin\u00e9 ton niveau linguistique, nous t\u2019enverrons la r\u00e9servation pour le cours et\/ou l\u2019examen, ainsi que toutes les informations n\u00e9cessaires au paiement par virement bancaire.\",\"breadcrumb\":{\"@id\":\"https:\/\/kapitel-zwei.de\/fr\/merci-beaucoup-pour-ton-inscription\/#breadcrumb\"},\"inLanguage\":\"fr-FR\",\"potentialAction\":[{\"@type\":\"ReadAction\",\"target\":[\"https:\/\/kapitel-zwei.de\/fr\/merci-beaucoup-pour-ton-inscription\/\"]}]},{\"@type\":\"BreadcrumbList\",\"@id\":\"https:\/\/kapitel-zwei.de\/fr\/merci-beaucoup-pour-ton-inscription\/#breadcrumb\",\"itemListElement\":[{\"@type\":\"ListItem\",\"position\":1,\"name\":\"Startseite\",\"item\":\"https:\/\/kapitel-zwei.de\/fr\/\"},{\"@type\":\"ListItem\",\"position\":2,\"name\":\"Merci beaucoup pour ton inscription\"}]},{\"@type\":\"WebSite\",\"@id\":\"https:\/\/kapitel-zwei.de\/es\/#website\",\"url\":\"https:\/\/kapitel-zwei.de\/es\/\",\"name\":\"Kapitel Zwei Berlin\",\"description\":\"Deutschkurs Berlin | Sprachschule Berlin | German language school Berlin | telc Berlin | Deutsch Pr\u00fcfung Berlin | Intensive German courses Berlin | TestDaF Pr\u00fcfung | Online Kurse\",\"publisher\":{\"@id\":\"https:\/\/kapitel-zwei.de\/es\/#organization\"},\"potentialAction\":[{\"@type\":\"SearchAction\",\"target\":{\"@type\":\"EntryPoint\",\"urlTemplate\":\"https:\/\/kapitel-zwei.de\/es\/?s={search_term_string}\"},\"query-input\":{\"@type\":\"PropertyValueSpecification\",\"valueRequired\":true,\"valueName\":\"search_term_string\"}}],\"inLanguage\":\"fr-FR\"},{\"@type\":\"Organization\",\"@id\":\"https:\/\/kapitel-zwei.de\/es\/#organization\",\"name\":\"Kapitel Zwei. Deutsch-Sprachschule Berlin GmbH\",\"url\":\"https:\/\/kapitel-zwei.de\/es\/\",\"logo\":{\"@type\":\"ImageObject\",\"inLanguage\":\"fr-FR\",\"@id\":\"https:\/\/kapitel-zwei.de\/es\/#\/schema\/logo\/image\/\",\"url\":\"https:\/\/kapitel-zwei.de\/wp-content\/uploads\/2018\/08\/Kapitel-Zwei-Berlin-Sprachschule-Deutsch-Deutschkurse-Berlin.jpg\",\"contentUrl\":\"https:\/\/kapitel-zwei.de\/wp-content\/uploads\/2018\/08\/Kapitel-Zwei-Berlin-Sprachschule-Deutsch-Deutschkurse-Berlin.jpg\",\"width\":350,\"height\":101,\"caption\":\"Kapitel Zwei. Deutsch-Sprachschule Berlin GmbH\"},\"image\":{\"@id\":\"https:\/\/kapitel-zwei.de\/es\/#\/schema\/logo\/image\/\"},\"sameAs\":[\"https:\/\/www.facebook.com\/kapitelzwei\/\",\"https:\/\/x.com\/kapitelzwei\"]}]}<\/script>\n<!-- \/ Yoast SEO Premium plugin. -->","yoast_head_json":{"title":"Merci beaucoup pour ton inscription - \u00c9cole d'allemand Berlin","description":"Nous te contacterons d\u00e8s que possible - dans les 24 \u00e0 48 heures. Apr\u00e8s avoir d\u00e9termin\u00e9 ton niveau linguistique, nous t\u2019enverrons la r\u00e9servation pour le cours et\/ou l\u2019examen, ainsi que toutes les informations n\u00e9cessaires au paiement par virement bancaire.","robots":{"index":"index","follow":"follow","max-snippet":"max-snippet:-1","max-image-preview":"max-image-preview:large","max-video-preview":"max-video-preview:-1"},"canonical":"https:\/\/kapitel-zwei.de\/fr\/merci-beaucoup-pour-ton-inscription\/","og_locale":"fr_FR","og_type":"article","og_title":"Merci beaucoup pour ton inscription","og_description":"Nous te contacterons d\u00e8s que possible - dans les 24 \u00e0 48 heures. Apr\u00e8s avoir d\u00e9termin\u00e9 ton niveau linguistique, nous t\u2019enverrons la r\u00e9servation pour le cours et\/ou l\u2019examen, ainsi que toutes les informations n\u00e9cessaires au paiement par virement bancaire.","og_url":"https:\/\/kapitel-zwei.de\/fr\/merci-beaucoup-pour-ton-inscription\/","og_site_name":"Kapitel Zwei Berlin","article_publisher":"https:\/\/www.facebook.com\/kapitelzwei\/","article_modified_time":"2025-05-09T13:13:16+00:00","twitter_card":"summary_large_image","twitter_site":"@kapitelzwei","twitter_misc":{"Dur\u00e9e de lecture estim\u00e9e":"2 minutes"},"schema":{"@context":"https:\/\/schema.org","@graph":[{"@type":"WebPage","@id":"https:\/\/kapitel-zwei.de\/fr\/merci-beaucoup-pour-ton-inscription\/","url":"https:\/\/kapitel-zwei.de\/fr\/merci-beaucoup-pour-ton-inscription\/","name":"Merci beaucoup pour ton inscription - \u00c9cole d'allemand Berlin","isPartOf":{"@id":"https:\/\/kapitel-zwei.de\/es\/#website"},"datePublished":"2017-01-04T20:21:57+00:00","dateModified":"2025-05-09T13:13:16+00:00","description":"Nous te contacterons d\u00e8s que possible - dans les 24 \u00e0 48 heures. Apr\u00e8s avoir d\u00e9termin\u00e9 ton niveau linguistique, nous t\u2019enverrons la r\u00e9servation pour le cours et\/ou l\u2019examen, ainsi que toutes les informations n\u00e9cessaires au paiement par virement bancaire.","breadcrumb":{"@id":"https:\/\/kapitel-zwei.de\/fr\/merci-beaucoup-pour-ton-inscription\/#breadcrumb"},"inLanguage":"fr-FR","potentialAction":[{"@type":"ReadAction","target":["https:\/\/kapitel-zwei.de\/fr\/merci-beaucoup-pour-ton-inscription\/"]}]},{"@type":"BreadcrumbList","@id":"https:\/\/kapitel-zwei.de\/fr\/merci-beaucoup-pour-ton-inscription\/#breadcrumb","itemListElement":[{"@type":"ListItem","position":1,"name":"Startseite","item":"https:\/\/kapitel-zwei.de\/fr\/"},{"@type":"ListItem","position":2,"name":"Merci beaucoup pour ton inscription"}]},{"@type":"WebSite","@id":"https:\/\/kapitel-zwei.de\/es\/#website","url":"https:\/\/kapitel-zwei.de\/es\/","name":"Kapitel Zwei Berlin","description":"Deutschkurs Berlin | Sprachschule Berlin | German language school Berlin | telc Berlin | Deutsch Pr\u00fcfung Berlin | Intensive German courses Berlin | TestDaF Pr\u00fcfung | Online Kurse","publisher":{"@id":"https:\/\/kapitel-zwei.de\/es\/#organization"},"potentialAction":[{"@type":"SearchAction","target":{"@type":"EntryPoint","urlTemplate":"https:\/\/kapitel-zwei.de\/es\/?s={search_term_string}"},"query-input":{"@type":"PropertyValueSpecification","valueRequired":true,"valueName":"search_term_string"}}],"inLanguage":"fr-FR"},{"@type":"Organization","@id":"https:\/\/kapitel-zwei.de\/es\/#organization","name":"Kapitel Zwei. Deutsch-Sprachschule Berlin GmbH","url":"https:\/\/kapitel-zwei.de\/es\/","logo":{"@type":"ImageObject","inLanguage":"fr-FR","@id":"https:\/\/kapitel-zwei.de\/es\/#\/schema\/logo\/image\/","url":"https:\/\/kapitel-zwei.de\/wp-content\/uploads\/2018\/08\/Kapitel-Zwei-Berlin-Sprachschule-Deutsch-Deutschkurse-Berlin.jpg","contentUrl":"https:\/\/kapitel-zwei.de\/wp-content\/uploads\/2018\/08\/Kapitel-Zwei-Berlin-Sprachschule-Deutsch-Deutschkurse-Berlin.jpg","width":350,"height":101,"caption":"Kapitel Zwei. Deutsch-Sprachschule Berlin GmbH"},"image":{"@id":"https:\/\/kapitel-zwei.de\/es\/#\/schema\/logo\/image\/"},"sameAs":["https:\/\/www.facebook.com\/kapitelzwei\/","https:\/\/x.com\/kapitelzwei"]}]}},"_links":{"self":[{"href":"https:\/\/kapitel-zwei.de\/fr\/wp-json\/wp\/v2\/pages\/15320","targetHints":{"allow":["GET"]}}],"collection":[{"href":"https:\/\/kapitel-zwei.de\/fr\/wp-json\/wp\/v2\/pages"}],"about":[{"href":"https:\/\/kapitel-zwei.de\/fr\/wp-json\/wp\/v2\/types\/page"}],"author":[{"embeddable":true,"href":"https:\/\/kapitel-zwei.de\/fr\/wp-json\/wp\/v2\/users\/16"}],"replies":[{"embeddable":true,"href":"https:\/\/kapitel-zwei.de\/fr\/wp-json\/wp\/v2\/comments?post=15320"}],"version-history":[{"count":16,"href":"https:\/\/kapitel-zwei.de\/fr\/wp-json\/wp\/v2\/pages\/15320\/revisions"}],"predecessor-version":[{"id":123327,"href":"https:\/\/kapitel-zwei.de\/fr\/wp-json\/wp\/v2\/pages\/15320\/revisions\/123327"}],"wp:attachment":[{"href":"https:\/\/kapitel-zwei.de\/fr\/wp-json\/wp\/v2\/media?parent=15320"}],"curies":[{"name":"wp","href":"https:\/\/api.w.org\/{rel}","templated":true}]}}