{"id":3540,"date":"2015-10-14T18:17:17","date_gmt":"2015-10-14T16:17:17","guid":{"rendered":"http:\/\/relaunch.kapitel-zwei.de\/fr\/deine-sprachschule\/"},"modified":"2025-03-13T18:04:20","modified_gmt":"2025-03-13T17:04:20","slug":"ecole-langue-allemande-berlin","status":"publish","type":"page","link":"https:\/\/kapitel-zwei.de\/fr\/ecole-langue-allemande-berlin\/","title":{"rendered":"Ton \u00e9cole"},"content":{"rendered":"\n<style type=\"text\/css\" data-created_by=\"avia_inline_auto\" id=\"style-css-av-1s32zl0-88ed5a717882718b096497174b707300\">\n.flex_column.av-1s32zl0-88ed5a717882718b096497174b707300{\nborder-radius:0px 0px 0px 0px;\npadding:0px 0px 0px 0px;\n}\n<\/style>\n<div  class='flex_column av-1s32zl0-88ed5a717882718b096497174b707300 av_one_full  avia-builder-el-0  el_before_av_layout_row  avia-builder-el-no-sibling  first flex_column_div av-zero-column-padding  '     ><section  class='av_textblock_section av-69vxn8-55607875f8d50417a5732ddab97ae344 '   itemscope=\"itemscope\" itemtype=\"https:\/\/schema.org\/CreativeWork\" ><div class='avia_textblock'  itemprop=\"text\" ><h1><span style=\"color: #ff6600;\">Ton \u00e9cole d&rsquo;allemand \u00e0 Berlin<\/span><\/h1>\n<\/div><\/section><br \/>\n<section  class='av_textblock_section av-1ozr56c-1ca5d0ac3defdd625e53301cbefa04a8 '   itemscope=\"itemscope\" itemtype=\"https:\/\/schema.org\/CreativeWork\" ><div class='avia_textblock'  itemprop=\"text\" ><p>Plus d\u2019informations sur \u00ab Kapitel Zwei \u00bb, \u00e9cole de langue \u00ab\u00a0Am K\u00f6llnischen Park 1, pr\u00e8s d\u2019Alexanderplatz \u00e0 Berlin. Si tu as des questions n\u2019h\u00e9site pas \u00e0 nous contacter !<\/p>\n<\/div><\/section><\/p><\/div>\n<\/div><\/div><\/div><!-- close content main div --><\/div><\/div><div id='av-layout-grid-1'  class='av-layout-grid-container av-1av011g-4798b21443dc2783092349c3cf6e770a entry-content-wrapper main_color av-flex-cells  avia-builder-el-3  el_after_av_one_full  el_before_av_hr  grid-row-not-first  container_wrap fullsize'  >\n\n<style type=\"text\/css\" data-created_by=\"avia_inline_auto\" id=\"style-css-av-19q0rh0-19dc378f655e53053477eae6bd03ac44\">\n.flex_cell.av-19q0rh0-19dc378f655e53053477eae6bd03ac44{\nvertical-align:top;\n}\n.responsive #top #wrap_all .flex_cell.av-19q0rh0-19dc378f655e53053477eae6bd03ac44{\npadding:0 30px 0 30px !important;\n}\n<\/style>\n<div class='flex_cell av-19q0rh0-19dc378f655e53053477eae6bd03ac44 av-gridrow-cell av_two_fifth no_margin  avia-builder-el-4  el_before_av_cell_three_fifth  avia-builder-el-first '  ><div class='flex_cell_inner'>\n<style type=\"text\/css\" data-created_by=\"avia_inline_auto\" id=\"style-css-av-18jhcas-59edcaf7c9238cc82c1fe452996c89b8\">\n.avia-image-container.av-18jhcas-59edcaf7c9238cc82c1fe452996c89b8 img.avia_image{\nbox-shadow:none;\n}\n.avia-image-container.av-18jhcas-59edcaf7c9238cc82c1fe452996c89b8 .av-image-caption-overlay-center{\ncolor:#ffffff;\n}\n<\/style>\n<div  class='avia-image-container av-18jhcas-59edcaf7c9238cc82c1fe452996c89b8 av-styling- av-img-linked avia-align-left  avia-builder-el-5  avia-builder-el-no-sibling '   itemprop=\"image\" itemscope=\"itemscope\" itemtype=\"https:\/\/schema.org\/ImageObject\" ><div class=\"avia-image-container-inner\"><div class=\"avia-image-overlay-wrap\"><a href=\"https:\/\/kapitel-zwei.de\/fr\/cours-d-allemand-berlin\/\" class='avia_image '  aria-label='Sprachschule Deutsch Berlin Alexanderplatz Jannowitzbr\u00fccke'><img decoding=\"async\" fetchpriority=\"high\" class='wp-image-93011 avia-img-lazy-loading-not-93011 avia_image ' src=\"https:\/\/kapitel-zwei.de\/wp-content\/uploads\/2018\/03\/Sprachschule-Deutsch-Berlin-Alexanderplatz-Jannowitzbr\u00fccke.jpg\" alt='' title='Sprachschule Deutsch Berlin Alexanderplatz Jannowitzbr\u00fccke'  height=\"3564\" width=\"5334\"  itemprop=\"thumbnailUrl\" srcset=\"https:\/\/kapitel-zwei.de\/wp-content\/uploads\/2018\/03\/Sprachschule-Deutsch-Berlin-Alexanderplatz-Jannowitzbr\u00fccke.jpg 5334w, https:\/\/kapitel-zwei.de\/wp-content\/uploads\/2018\/03\/Sprachschule-Deutsch-Berlin-Alexanderplatz-Jannowitzbr\u00fccke-80x53.jpg 80w, https:\/\/kapitel-zwei.de\/wp-content\/uploads\/2018\/03\/Sprachschule-Deutsch-Berlin-Alexanderplatz-Jannowitzbr\u00fccke-300x200.jpg 300w, https:\/\/kapitel-zwei.de\/wp-content\/uploads\/2018\/03\/Sprachschule-Deutsch-Berlin-Alexanderplatz-Jannowitzbr\u00fccke-768x513.jpg 768w, https:\/\/kapitel-zwei.de\/wp-content\/uploads\/2018\/03\/Sprachschule-Deutsch-Berlin-Alexanderplatz-Jannowitzbr\u00fccke-1030x688.jpg 1030w, https:\/\/kapitel-zwei.de\/wp-content\/uploads\/2018\/03\/Sprachschule-Deutsch-Berlin-Alexanderplatz-Jannowitzbr\u00fccke-1500x1002.jpg 1500w, https:\/\/kapitel-zwei.de\/wp-content\/uploads\/2018\/03\/Sprachschule-Deutsch-Berlin-Alexanderplatz-Jannowitzbr\u00fccke-705x471.jpg 705w, https:\/\/kapitel-zwei.de\/wp-content\/uploads\/2018\/03\/Sprachschule-Deutsch-Berlin-Alexanderplatz-Jannowitzbr\u00fccke-450x301.jpg 450w\" sizes=\"(max-width: 5334px) 100vw, 5334px\" \/><\/a><\/div><\/div><\/div>\n<\/div><\/div>\n<style type=\"text\/css\" data-created_by=\"avia_inline_auto\" id=\"style-css-av-16k7r6s-ed1685ea228fcc56d4793a2d9e7ce39f\">\n.flex_cell.av-16k7r6s-ed1685ea228fcc56d4793a2d9e7ce39f{\nvertical-align:top;\n}\n.responsive #top #wrap_all .flex_cell.av-16k7r6s-ed1685ea228fcc56d4793a2d9e7ce39f{\npadding:0 30px 0 30px !important;\n}\n<\/style>\n<div class='flex_cell av-16k7r6s-ed1685ea228fcc56d4793a2d9e7ce39f av-gridrow-cell av_three_fifth no_margin  avia-builder-el-6  el_after_av_cell_two_fifth  avia-builder-el-last '  ><div class='flex_cell_inner'><section  class='av_textblock_section av-14k3qec-9bf9f2081e37e332ee1f9b6c29eaece2 '   itemscope=\"itemscope\" itemtype=\"https:\/\/schema.org\/CreativeWork\" ><div class='avia_textblock'  itemprop=\"text\" ><h2><a href=\"https:\/\/kapitel-zwei.de\/fr\/ecole-de-langue-allemande-berlin\/contacter\/\">Nous contacter<\/a><\/h2>\n<\/div><\/section><br \/>\n<section  class='av_textblock_section av-12t72mc-63e031cae351b80a21506fd07d0e175f '   itemscope=\"itemscope\" itemtype=\"https:\/\/schema.org\/CreativeWork\" ><div class='avia_textblock'  itemprop=\"text\" ><p>Tu as des questions concernant des cours de langues \u00e0 Berlin\u00a0? Tu peux nous contacter par les voies de communication suivantes : \u2026<\/p>\n<p><a href=\"https:\/\/kapitel-zwei.de\/fr\/ecole-de-langue-allemande-berlin\/contacter\/\">Continue la lecture<\/a><\/p>\n<\/div><\/section><\/p>\n<\/div><\/div>\n<\/div><div id='after_grid_row_1'  class='main_color av_default_container_wrap container_wrap fullsize'  ><div class='container av-section-cont-open' ><div class='template-page content  av-content-full alpha units'><div class='post-entry post-entry-type-page post-entry-3540'><div class='entry-content-wrapper clearfix'>\n<div  class='hr av-11d3fh0-039ddc149e749338278cc5bbbc67296c hr-default  avia-builder-el-9  el_after_av_layout_row  el_before_av_layout_row  avia-builder-el-no-sibling '><span class='hr-inner '><span class=\"hr-inner-style\"><\/span><\/span><\/div>\n<\/div><\/div><\/div><!-- close content main div --><\/div><\/div><div id='av-layout-grid-2'  class='av-layout-grid-container av-10c7etw-8473d1bdd75bc78346874a4c61b369c2 entry-content-wrapper main_color av-flex-cells  avia-builder-el-10  el_after_av_hr  el_before_av_hr  grid-row-not-first  container_wrap fullsize'  >\n\n<style type=\"text\/css\" data-created_by=\"avia_inline_auto\" id=\"style-css-av-xjdftg-c3f8169f5b0d7a90220d569c70e280b1\">\n.flex_cell.av-xjdftg-c3f8169f5b0d7a90220d569c70e280b1{\nvertical-align:top;\n}\n.responsive #top #wrap_all .flex_cell.av-xjdftg-c3f8169f5b0d7a90220d569c70e280b1{\npadding:0 30px 0 30px !important;\n}\n<\/style>\n<div class='flex_cell av-xjdftg-c3f8169f5b0d7a90220d569c70e280b1 av-gridrow-cell av_two_fifth no_margin  avia-builder-el-11  el_before_av_cell_three_fifth  avia-builder-el-first '  ><div class='flex_cell_inner'>\n<style type=\"text\/css\" data-created_by=\"avia_inline_auto\" id=\"style-css-av-worrbo-e0fe18e2ed95b1e2d1a9c9dd239f14c3\">\n.avia-image-container.av-worrbo-e0fe18e2ed95b1e2d1a9c9dd239f14c3 img.avia_image{\nbox-shadow:none;\n}\n.avia-image-container.av-worrbo-e0fe18e2ed95b1e2d1a9c9dd239f14c3 .av-image-caption-overlay-center{\ncolor:#ffffff;\n}\n<\/style>\n<div  class='avia-image-container av-worrbo-e0fe18e2ed95b1e2d1a9c9dd239f14c3 av-styling- av-img-linked avia-align-left  avia-builder-el-12  avia-builder-el-no-sibling '   itemprop=\"image\" itemscope=\"itemscope\" itemtype=\"https:\/\/schema.org\/ImageObject\" ><div class=\"avia-image-container-inner\"><div class=\"avia-image-overlay-wrap\"><a href=\"https:\/\/kapitel-zwei.de\/fr\/cours-d-allemand-berlin\/\" class='avia_image '  aria-label='Kapitel Zwei Berlin FAQ'><img decoding=\"async\" fetchpriority=\"high\" class='wp-image-10934 avia-img-lazy-loading-not-10934 avia_image ' src=\"https:\/\/kapitel-zwei.de\/wp-content\/uploads\/2015\/10\/Kapitel-Zwei-Berlin-FAQ.jpg\" alt='Kapitel Zwei Berlin FAQ' title='Kapitel Zwei Berlin FAQ'  height=\"2133\" width=\"3200\"  itemprop=\"thumbnailUrl\" srcset=\"https:\/\/kapitel-zwei.de\/wp-content\/uploads\/2015\/10\/Kapitel-Zwei-Berlin-FAQ.jpg 3200w, https:\/\/kapitel-zwei.de\/wp-content\/uploads\/2015\/10\/Kapitel-Zwei-Berlin-FAQ-80x53.jpg 80w, https:\/\/kapitel-zwei.de\/wp-content\/uploads\/2015\/10\/Kapitel-Zwei-Berlin-FAQ-300x200.jpg 300w, https:\/\/kapitel-zwei.de\/wp-content\/uploads\/2015\/10\/Kapitel-Zwei-Berlin-FAQ-768x512.jpg 768w, https:\/\/kapitel-zwei.de\/wp-content\/uploads\/2015\/10\/Kapitel-Zwei-Berlin-FAQ-1030x687.jpg 1030w, https:\/\/kapitel-zwei.de\/wp-content\/uploads\/2015\/10\/Kapitel-Zwei-Berlin-FAQ-1500x1000.jpg 1500w, https:\/\/kapitel-zwei.de\/wp-content\/uploads\/2015\/10\/Kapitel-Zwei-Berlin-FAQ-705x470.jpg 705w, https:\/\/kapitel-zwei.de\/wp-content\/uploads\/2015\/10\/Kapitel-Zwei-Berlin-FAQ-450x300.jpg 450w\" sizes=\"(max-width: 3200px) 100vw, 3200px\" \/><\/a><\/div><\/div><\/div>\n<\/div><\/div>\n<style type=\"text\/css\" data-created_by=\"avia_inline_auto\" id=\"style-css-av-unxl6c-ad4c04a238099ac7456f24c09612b2a0\">\n.flex_cell.av-unxl6c-ad4c04a238099ac7456f24c09612b2a0{\nvertical-align:top;\n}\n.responsive #top #wrap_all .flex_cell.av-unxl6c-ad4c04a238099ac7456f24c09612b2a0{\npadding:0 30px 0 30px !important;\n}\n<\/style>\n<div class='flex_cell av-unxl6c-ad4c04a238099ac7456f24c09612b2a0 av-gridrow-cell av_three_fifth no_margin  avia-builder-el-13  el_after_av_cell_two_fifth  avia-builder-el-last '  ><div class='flex_cell_inner'><section  class='av_textblock_section av-2w87w4-8c46cc4449be1812aa9fee74ac70403e '   itemscope=\"itemscope\" itemtype=\"https:\/\/schema.org\/CreativeWork\" ><div class='avia_textblock'  itemprop=\"text\" ><h2><a href=\"https:\/\/kapitel-zwei.de\/fr\/ecole-de-langue-allemande-berlin\/faq\/\">FAQ<\/a><\/h2>\n<\/div><\/section><br \/>\n<section  class='av_textblock_section av-s2qtkk-4d98613fd72b4e2ce50f076e6001a1bd '   itemscope=\"itemscope\" itemtype=\"https:\/\/schema.org\/CreativeWork\" ><div class='avia_textblock'  itemprop=\"text\" ><p>Ici, tu trouves des r\u00e9ponses importantes aux questions diff\u00e9rentes concernant notre \u00e9cole et tes cours d\u2019allemand.<\/p>\n<p><a href=\"https:\/\/kapitel-zwei.de\/fr\/ecole-de-langue-allemande-berlin\/faq\/\">Continue la lecture<\/a><\/p>\n<\/div><\/section><\/p>\n<\/div><\/div>\n<\/div><div id='after_grid_row_2'  class='main_color av_default_container_wrap container_wrap fullsize'  ><div class='container av-section-cont-open' ><div class='template-page content  av-content-full alpha units'><div class='post-entry post-entry-type-page post-entry-3540'><div class='entry-content-wrapper clearfix'>\n<div  class='hr av-qb0kz8-f55caaacf2272bc0a56ef6b04c77f380 hr-default  avia-builder-el-16  el_after_av_layout_row  el_before_av_layout_row  avia-builder-el-no-sibling '><span class='hr-inner '><span class=\"hr-inner-style\"><\/span><\/span><\/div>\n<\/div><\/div><\/div><!-- close content main div --><\/div><\/div><div id='av-layout-grid-3'  class='av-layout-grid-container av-c1l7qs-4abeaab98884315f7d990106e42675b4 entry-content-wrapper main_color av-flex-cells  avia-builder-el-17  el_after_av_hr  el_before_av_hr  grid-row-not-first  container_wrap fullsize'  >\n\n<style type=\"text\/css\" data-created_by=\"avia_inline_auto\" id=\"style-css-av-b5q3g4-e1f53973e551e84bb308fc95179f83a0\">\n.flex_cell.av-b5q3g4-e1f53973e551e84bb308fc95179f83a0{\nvertical-align:top;\n}\n.responsive #top #wrap_all .flex_cell.av-b5q3g4-e1f53973e551e84bb308fc95179f83a0{\npadding:0 30px 0 30px !important;\n}\n<\/style>\n<div class='flex_cell av-b5q3g4-e1f53973e551e84bb308fc95179f83a0 av-gridrow-cell av_two_fifth no_margin  avia-builder-el-18  el_before_av_cell_three_fifth  avia-builder-el-first '  ><div class='flex_cell_inner'>\n<style type=\"text\/css\" data-created_by=\"avia_inline_auto\" id=\"style-css-av-9vsaes-6617850a4e1a2c3501bf93ce5edaa549\">\n.avia-image-container.av-9vsaes-6617850a4e1a2c3501bf93ce5edaa549 img.avia_image{\nbox-shadow:none;\n}\n.avia-image-container.av-9vsaes-6617850a4e1a2c3501bf93ce5edaa549 .av-image-caption-overlay-center{\ncolor:#ffffff;\n}\n<\/style>\n<div  class='avia-image-container av-9vsaes-6617850a4e1a2c3501bf93ce5edaa549 av-styling- av-img-linked avia-align-left  avia-builder-el-19  avia-builder-el-no-sibling '   itemprop=\"image\" itemscope=\"itemscope\" itemtype=\"https:\/\/schema.org\/ImageObject\" ><div class=\"avia-image-container-inner\"><div class=\"avia-image-overlay-wrap\"><a href=\"https:\/\/kapitel-zwei.de\/fr\/cours-d-allemand-berlin\/\" class='avia_image '  aria-label='Kapitel Zwei Berlin Bankdaten'><img decoding=\"async\" fetchpriority=\"high\" class='wp-image-10936 avia-img-lazy-loading-not-10936 avia_image ' src=\"https:\/\/kapitel-zwei.de\/wp-content\/uploads\/2015\/10\/Kapitel-Zwei-Berlin-Bankdaten-2.jpg\" alt='Kapitel Zwei Berlin Bankdaten' title='Kapitel Zwei Berlin Bankdaten'  height=\"2133\" width=\"3200\"  itemprop=\"thumbnailUrl\" srcset=\"https:\/\/kapitel-zwei.de\/wp-content\/uploads\/2015\/10\/Kapitel-Zwei-Berlin-Bankdaten-2.jpg 3200w, https:\/\/kapitel-zwei.de\/wp-content\/uploads\/2015\/10\/Kapitel-Zwei-Berlin-Bankdaten-2-80x53.jpg 80w, https:\/\/kapitel-zwei.de\/wp-content\/uploads\/2015\/10\/Kapitel-Zwei-Berlin-Bankdaten-2-300x200.jpg 300w, https:\/\/kapitel-zwei.de\/wp-content\/uploads\/2015\/10\/Kapitel-Zwei-Berlin-Bankdaten-2-768x512.jpg 768w, https:\/\/kapitel-zwei.de\/wp-content\/uploads\/2015\/10\/Kapitel-Zwei-Berlin-Bankdaten-2-1030x687.jpg 1030w, https:\/\/kapitel-zwei.de\/wp-content\/uploads\/2015\/10\/Kapitel-Zwei-Berlin-Bankdaten-2-1500x1000.jpg 1500w, https:\/\/kapitel-zwei.de\/wp-content\/uploads\/2015\/10\/Kapitel-Zwei-Berlin-Bankdaten-2-705x470.jpg 705w, https:\/\/kapitel-zwei.de\/wp-content\/uploads\/2015\/10\/Kapitel-Zwei-Berlin-Bankdaten-2-450x300.jpg 450w\" sizes=\"(max-width: 3200px) 100vw, 3200px\" \/><\/a><\/div><\/div><\/div>\n<\/div><\/div>\n<style type=\"text\/css\" data-created_by=\"avia_inline_auto\" id=\"style-css-av-7fokb8-8b3848998a544c7c7381ea4e1d1a4ff3\">\n.flex_cell.av-7fokb8-8b3848998a544c7c7381ea4e1d1a4ff3{\nvertical-align:top;\n}\n.responsive #top #wrap_all .flex_cell.av-7fokb8-8b3848998a544c7c7381ea4e1d1a4ff3{\npadding:0 30px 0 30px !important;\n}\n<\/style>\n<div class='flex_cell av-7fokb8-8b3848998a544c7c7381ea4e1d1a4ff3 av-gridrow-cell av_three_fifth no_margin  avia-builder-el-20  el_after_av_cell_two_fifth  avia-builder-el-last '  ><div class='flex_cell_inner'><section  class='av_textblock_section av-6dlgqs-e2a2cbd829e11f5d746a8c7aaafd3208 '   itemscope=\"itemscope\" itemtype=\"https:\/\/schema.org\/CreativeWork\" ><div class='avia_textblock'  itemprop=\"text\" ><h2><a href=\"https:\/\/kapitel-zwei.de\/fr\/ecole-de-langue-allemande-berlin\/donnees-bancaires\/\">Donn\u00e9es bancaires &#038; PayPal<\/a><\/h2>\n<\/div><\/section><br \/>\n<section  class='av_textblock_section av-h8ses-a3d4c4f9fc4ae54286231b5360a9ad42 '   itemscope=\"itemscope\" itemtype=\"https:\/\/schema.org\/CreativeWork\" ><div class='avia_textblock'  itemprop=\"text\" ><p>Tu as \u00e9galement la possibilit\u00e9 de payer les frais de ton cours, de tes examens chez Kapitel Zwei et ton logement par virement de la somme sur le compte suivant\u00a0:<\/p>\n<p><a href=\"https:\/\/kapitel-zwei.de\/fr\/ecole-de-langue-allemande-berlin\/donnees-bancaires\/\">Continue la lecture<\/a><\/p>\n<\/div><\/section><\/p>\n<\/div><\/div>\n<\/div><div id='after_grid_row_3'  class='main_color av_default_container_wrap container_wrap fullsize'  ><div class='container av-section-cont-open' ><div class='template-page content  av-content-full alpha units'><div class='post-entry post-entry-type-page post-entry-3540'><div class='entry-content-wrapper clearfix'>\n\n<style type=\"text\/css\" data-created_by=\"avia_inline_auto\" id=\"style-css-av-2dta5g-bc310d0aecb461b05b7344ecdb7e8f66\">\n#top .hr.hr-invisible.av-2dta5g-bc310d0aecb461b05b7344ecdb7e8f66{\nheight:25px;\n}\n<\/style>\n<div  class='hr av-2dta5g-bc310d0aecb461b05b7344ecdb7e8f66 hr-invisible  avia-builder-el-23  el_after_av_layout_row  avia-builder-el-no-sibling '><span class='hr-inner '><span class=\"hr-inner-style\"><\/span><\/span><\/div>\n","protected":false},"excerpt":{"rendered":"","protected":false},"author":16,"featured_media":0,"parent":0,"menu_order":2,"comment_status":"closed","ping_status":"closed","template":"","meta":{"footnotes":""},"class_list":["post-3540","page","type-page","status-publish","hentry"],"yoast_head":"<!-- This site is optimized with the Yoast SEO Premium plugin v24.4 (Yoast SEO v24.4) - https:\/\/yoast.com\/wordpress\/plugins\/seo\/ -->\n<title>Qui sommes nous ? - Ton \u00e9cole de langue se pr\u00e9sente | Kapitel 2<\/title>\n<meta name=\"description\" content=\"Apprends \u00e0 conna\u00eetre ton \u00e9cole de langue \u00e0 Berlin. Kapitel Zwei est heureux de r\u00e9pondre \u00e0 tes questions, de mani\u00e8re franche et comp\u00e9tente.\" \/>\n<meta name=\"robots\" content=\"index, follow, max-snippet:-1, max-image-preview:large, max-video-preview:-1\" \/>\n<link rel=\"canonical\" href=\"https:\/\/kapitel-zwei.de\/fr\/ecole-langue-allemande-berlin\/\" \/>\n<meta property=\"og:locale\" content=\"fr_FR\" \/>\n<meta property=\"og:type\" content=\"article\" \/>\n<meta property=\"og:title\" content=\"Ton \u00e9cole\" \/>\n<meta property=\"og:description\" content=\"Apprends \u00e0 conna\u00eetre ton \u00e9cole de langue \u00e0 Berlin. Kapitel Zwei est heureux de r\u00e9pondre \u00e0 tes questions, de mani\u00e8re franche et comp\u00e9tente.\" \/>\n<meta property=\"og:url\" content=\"https:\/\/kapitel-zwei.de\/fr\/ecole-langue-allemande-berlin\/\" \/>\n<meta property=\"og:site_name\" content=\"Kapitel Zwei Berlin\" \/>\n<meta property=\"article:publisher\" content=\"https:\/\/www.facebook.com\/kapitelzwei\/\" \/>\n<meta property=\"article:modified_time\" content=\"2025-03-13T17:04:20+00:00\" \/>\n<meta name=\"twitter:card\" content=\"summary_large_image\" \/>\n<meta name=\"twitter:site\" content=\"@kapitelzwei\" \/>\n<meta name=\"twitter:label1\" content=\"Dur\u00e9e de lecture estim\u00e9e\" \/>\n\t<meta name=\"twitter:data1\" content=\"2 minutes\" \/>\n<script type=\"application\/ld+json\" class=\"yoast-schema-graph\">{\"@context\":\"https:\/\/schema.org\",\"@graph\":[{\"@type\":\"WebPage\",\"@id\":\"https:\/\/kapitel-zwei.de\/fr\/ecole-langue-allemande-berlin\/\",\"url\":\"https:\/\/kapitel-zwei.de\/fr\/ecole-langue-allemande-berlin\/\",\"name\":\"Qui sommes nous ? - Ton \u00e9cole de langue se pr\u00e9sente | Kapitel 2\",\"isPartOf\":{\"@id\":\"https:\/\/kapitel-zwei.de\/es\/#website\"},\"datePublished\":\"2015-10-14T16:17:17+00:00\",\"dateModified\":\"2025-03-13T17:04:20+00:00\",\"description\":\"Apprends \u00e0 conna\u00eetre ton \u00e9cole de langue \u00e0 Berlin. Kapitel Zwei est heureux de r\u00e9pondre \u00e0 tes questions, de mani\u00e8re franche et comp\u00e9tente.\",\"breadcrumb\":{\"@id\":\"https:\/\/kapitel-zwei.de\/fr\/ecole-langue-allemande-berlin\/#breadcrumb\"},\"inLanguage\":\"fr-FR\",\"potentialAction\":[{\"@type\":\"ReadAction\",\"target\":[\"https:\/\/kapitel-zwei.de\/fr\/ecole-langue-allemande-berlin\/\"]}]},{\"@type\":\"BreadcrumbList\",\"@id\":\"https:\/\/kapitel-zwei.de\/fr\/ecole-langue-allemande-berlin\/#breadcrumb\",\"itemListElement\":[{\"@type\":\"ListItem\",\"position\":1,\"name\":\"Startseite\",\"item\":\"https:\/\/kapitel-zwei.de\/fr\/\"},{\"@type\":\"ListItem\",\"position\":2,\"name\":\"Ton \u00e9cole\"}]},{\"@type\":\"WebSite\",\"@id\":\"https:\/\/kapitel-zwei.de\/es\/#website\",\"url\":\"https:\/\/kapitel-zwei.de\/es\/\",\"name\":\"Kapitel Zwei Berlin\",\"description\":\"Deutschkurs Berlin | Sprachschule Berlin | German language school Berlin | telc Berlin | Deutsch Pr\u00fcfung Berlin | Intensive German courses Berlin | TestDaF Pr\u00fcfung | Online Kurse\",\"publisher\":{\"@id\":\"https:\/\/kapitel-zwei.de\/es\/#organization\"},\"potentialAction\":[{\"@type\":\"SearchAction\",\"target\":{\"@type\":\"EntryPoint\",\"urlTemplate\":\"https:\/\/kapitel-zwei.de\/es\/?s={search_term_string}\"},\"query-input\":{\"@type\":\"PropertyValueSpecification\",\"valueRequired\":true,\"valueName\":\"search_term_string\"}}],\"inLanguage\":\"fr-FR\"},{\"@type\":\"Organization\",\"@id\":\"https:\/\/kapitel-zwei.de\/es\/#organization\",\"name\":\"Kapitel Zwei. Deutsch-Sprachschule Berlin GmbH\",\"url\":\"https:\/\/kapitel-zwei.de\/es\/\",\"logo\":{\"@type\":\"ImageObject\",\"inLanguage\":\"fr-FR\",\"@id\":\"https:\/\/kapitel-zwei.de\/es\/#\/schema\/logo\/image\/\",\"url\":\"https:\/\/kapitel-zwei.de\/wp-content\/uploads\/2018\/08\/Kapitel-Zwei-Berlin-Sprachschule-Deutsch-Deutschkurse-Berlin.jpg\",\"contentUrl\":\"https:\/\/kapitel-zwei.de\/wp-content\/uploads\/2018\/08\/Kapitel-Zwei-Berlin-Sprachschule-Deutsch-Deutschkurse-Berlin.jpg\",\"width\":350,\"height\":101,\"caption\":\"Kapitel Zwei. Deutsch-Sprachschule Berlin GmbH\"},\"image\":{\"@id\":\"https:\/\/kapitel-zwei.de\/es\/#\/schema\/logo\/image\/\"},\"sameAs\":[\"https:\/\/www.facebook.com\/kapitelzwei\/\",\"https:\/\/x.com\/kapitelzwei\"]}]}<\/script>\n<!-- \/ Yoast SEO Premium plugin. -->","yoast_head_json":{"title":"Qui sommes nous ? - Ton \u00e9cole de langue se pr\u00e9sente | Kapitel 2","description":"Apprends \u00e0 conna\u00eetre ton \u00e9cole de langue \u00e0 Berlin. Kapitel Zwei est heureux de r\u00e9pondre \u00e0 tes questions, de mani\u00e8re franche et comp\u00e9tente.","robots":{"index":"index","follow":"follow","max-snippet":"max-snippet:-1","max-image-preview":"max-image-preview:large","max-video-preview":"max-video-preview:-1"},"canonical":"https:\/\/kapitel-zwei.de\/fr\/ecole-langue-allemande-berlin\/","og_locale":"fr_FR","og_type":"article","og_title":"Ton \u00e9cole","og_description":"Apprends \u00e0 conna\u00eetre ton \u00e9cole de langue \u00e0 Berlin. Kapitel Zwei est heureux de r\u00e9pondre \u00e0 tes questions, de mani\u00e8re franche et comp\u00e9tente.","og_url":"https:\/\/kapitel-zwei.de\/fr\/ecole-langue-allemande-berlin\/","og_site_name":"Kapitel Zwei Berlin","article_publisher":"https:\/\/www.facebook.com\/kapitelzwei\/","article_modified_time":"2025-03-13T17:04:20+00:00","twitter_card":"summary_large_image","twitter_site":"@kapitelzwei","twitter_misc":{"Dur\u00e9e de lecture estim\u00e9e":"2 minutes"},"schema":{"@context":"https:\/\/schema.org","@graph":[{"@type":"WebPage","@id":"https:\/\/kapitel-zwei.de\/fr\/ecole-langue-allemande-berlin\/","url":"https:\/\/kapitel-zwei.de\/fr\/ecole-langue-allemande-berlin\/","name":"Qui sommes nous ? - Ton \u00e9cole de langue se pr\u00e9sente | Kapitel 2","isPartOf":{"@id":"https:\/\/kapitel-zwei.de\/es\/#website"},"datePublished":"2015-10-14T16:17:17+00:00","dateModified":"2025-03-13T17:04:20+00:00","description":"Apprends \u00e0 conna\u00eetre ton \u00e9cole de langue \u00e0 Berlin. Kapitel Zwei est heureux de r\u00e9pondre \u00e0 tes questions, de mani\u00e8re franche et comp\u00e9tente.","breadcrumb":{"@id":"https:\/\/kapitel-zwei.de\/fr\/ecole-langue-allemande-berlin\/#breadcrumb"},"inLanguage":"fr-FR","potentialAction":[{"@type":"ReadAction","target":["https:\/\/kapitel-zwei.de\/fr\/ecole-langue-allemande-berlin\/"]}]},{"@type":"BreadcrumbList","@id":"https:\/\/kapitel-zwei.de\/fr\/ecole-langue-allemande-berlin\/#breadcrumb","itemListElement":[{"@type":"ListItem","position":1,"name":"Startseite","item":"https:\/\/kapitel-zwei.de\/fr\/"},{"@type":"ListItem","position":2,"name":"Ton \u00e9cole"}]},{"@type":"WebSite","@id":"https:\/\/kapitel-zwei.de\/es\/#website","url":"https:\/\/kapitel-zwei.de\/es\/","name":"Kapitel Zwei Berlin","description":"Deutschkurs Berlin | Sprachschule Berlin | German language school Berlin | telc Berlin | Deutsch Pr\u00fcfung Berlin | Intensive German courses Berlin | TestDaF Pr\u00fcfung | Online Kurse","publisher":{"@id":"https:\/\/kapitel-zwei.de\/es\/#organization"},"potentialAction":[{"@type":"SearchAction","target":{"@type":"EntryPoint","urlTemplate":"https:\/\/kapitel-zwei.de\/es\/?s={search_term_string}"},"query-input":{"@type":"PropertyValueSpecification","valueRequired":true,"valueName":"search_term_string"}}],"inLanguage":"fr-FR"},{"@type":"Organization","@id":"https:\/\/kapitel-zwei.de\/es\/#organization","name":"Kapitel Zwei. Deutsch-Sprachschule Berlin GmbH","url":"https:\/\/kapitel-zwei.de\/es\/","logo":{"@type":"ImageObject","inLanguage":"fr-FR","@id":"https:\/\/kapitel-zwei.de\/es\/#\/schema\/logo\/image\/","url":"https:\/\/kapitel-zwei.de\/wp-content\/uploads\/2018\/08\/Kapitel-Zwei-Berlin-Sprachschule-Deutsch-Deutschkurse-Berlin.jpg","contentUrl":"https:\/\/kapitel-zwei.de\/wp-content\/uploads\/2018\/08\/Kapitel-Zwei-Berlin-Sprachschule-Deutsch-Deutschkurse-Berlin.jpg","width":350,"height":101,"caption":"Kapitel Zwei. Deutsch-Sprachschule Berlin GmbH"},"image":{"@id":"https:\/\/kapitel-zwei.de\/es\/#\/schema\/logo\/image\/"},"sameAs":["https:\/\/www.facebook.com\/kapitelzwei\/","https:\/\/x.com\/kapitelzwei"]}]}},"_links":{"self":[{"href":"https:\/\/kapitel-zwei.de\/fr\/wp-json\/wp\/v2\/pages\/3540","targetHints":{"allow":["GET"]}}],"collection":[{"href":"https:\/\/kapitel-zwei.de\/fr\/wp-json\/wp\/v2\/pages"}],"about":[{"href":"https:\/\/kapitel-zwei.de\/fr\/wp-json\/wp\/v2\/types\/page"}],"author":[{"embeddable":true,"href":"https:\/\/kapitel-zwei.de\/fr\/wp-json\/wp\/v2\/users\/16"}],"replies":[{"embeddable":true,"href":"https:\/\/kapitel-zwei.de\/fr\/wp-json\/wp\/v2\/comments?post=3540"}],"version-history":[{"count":8,"href":"https:\/\/kapitel-zwei.de\/fr\/wp-json\/wp\/v2\/pages\/3540\/revisions"}],"predecessor-version":[{"id":122534,"href":"https:\/\/kapitel-zwei.de\/fr\/wp-json\/wp\/v2\/pages\/3540\/revisions\/122534"}],"wp:attachment":[{"href":"https:\/\/kapitel-zwei.de\/fr\/wp-json\/wp\/v2\/media?parent=3540"}],"curies":[{"name":"wp","href":"https:\/\/api.w.org\/{rel}","templated":true}]}}