{"id":81391,"date":"2020-03-20T18:00:56","date_gmt":"2020-03-20T17:00:56","guid":{"rendered":"https:\/\/kapitel-zwei.de\/cours-d-allemand-berlin\/curso-online-telc-deutsch-b2-c1\/"},"modified":"2025-07-09T08:38:19","modified_gmt":"2025-07-09T06:38:19","slug":"cours-en-ligne-telc-deutsch-b1-b2-c1","status":"publish","type":"page","link":"https:\/\/kapitel-zwei.de\/fr\/cours-d-allemand-berlin\/cours-en-ligne-telc-deutsch-b1-b2-c1\/","title":{"rendered":"Cours en ligne: telc Deutsch B1-B2-C1"},"content":{"rendered":"\n<style type=\"text\/css\" data-created_by=\"avia_inline_auto\" id=\"style-css-av-9yo5zqn-dd16422beed289c66e5181be34ac0490\">\n.flex_column.av-9yo5zqn-dd16422beed289c66e5181be34ac0490{\nborder-radius:0px 0px 0px 0px;\npadding:0px 0px 0px 0px;\n}\n<\/style>\n<div  class='flex_column av-9yo5zqn-dd16422beed289c66e5181be34ac0490 av_one_third  avia-builder-el-0  el_before_av_two_third  avia-builder-el-first  first flex_column_div av-zero-column-padding  '     ><style type=\"text\/css\" data-created_by=\"avia_inline_auto\" id=\"style-css-av-9de7tzj-0176c74b25e15d38909cd83eb982ec82\">\n.avia-image-container.av-9de7tzj-0176c74b25e15d38909cd83eb982ec82 img.avia_image{\nbox-shadow:none;\n}\n.avia-image-container.av-9de7tzj-0176c74b25e15d38909cd83eb982ec82 .av-image-caption-overlay-center{\ncolor:#ffffff;\n}\n<\/style>\n<div  class='avia-image-container av-9de7tzj-0176c74b25e15d38909cd83eb982ec82 av-styling- avia-align-center  avia-builder-el-1  avia-builder-el-no-sibling '   itemprop=\"image\" itemscope=\"itemscope\" itemtype=\"https:\/\/schema.org\/ImageObject\" ><div class=\"avia-image-container-inner\"><div class=\"avia-image-overlay-wrap\"><img decoding=\"async\" fetchpriority=\"high\" class='wp-image-120847 avia-img-lazy-loading-not-120847 avia_image ' src=\"https:\/\/kapitel-zwei.de\/wp-content\/uploads\/2024\/10\/\u0418\u0437\u0443\u0447\u0435\u043d\u0438\u0435-\u043d\u0435\u043c\u0435\u0446\u043a\u043e\u0433\u043e-\u044f\u0437\u044b\u043a\u0430-\u043e\u0444\u043b\u0430\u0439\u043d-\u0432-\u0411\u0435\u0440\u043b\u0438\u043d\u0435.jpg\" alt='Online Deutsch' title='Online Deutsch'  height=\"1279\" width=\"1920\"  itemprop=\"thumbnailUrl\" srcset=\"https:\/\/kapitel-zwei.de\/wp-content\/uploads\/2024\/10\/\u0418\u0437\u0443\u0447\u0435\u043d\u0438\u0435-\u043d\u0435\u043c\u0435\u0446\u043a\u043e\u0433\u043e-\u044f\u0437\u044b\u043a\u0430-\u043e\u0444\u043b\u0430\u0439\u043d-\u0432-\u0411\u0435\u0440\u043b\u0438\u043d\u0435.jpg 1920w, https:\/\/kapitel-zwei.de\/wp-content\/uploads\/2024\/10\/\u0418\u0437\u0443\u0447\u0435\u043d\u0438\u0435-\u043d\u0435\u043c\u0435\u0446\u043a\u043e\u0433\u043e-\u044f\u0437\u044b\u043a\u0430-\u043e\u0444\u043b\u0430\u0439\u043d-\u0432-\u0411\u0435\u0440\u043b\u0438\u043d\u0435-300x200.jpg 300w, https:\/\/kapitel-zwei.de\/wp-content\/uploads\/2024\/10\/\u0418\u0437\u0443\u0447\u0435\u043d\u0438\u0435-\u043d\u0435\u043c\u0435\u0446\u043a\u043e\u0433\u043e-\u044f\u0437\u044b\u043a\u0430-\u043e\u0444\u043b\u0430\u0439\u043d-\u0432-\u0411\u0435\u0440\u043b\u0438\u043d\u0435-1030x686.jpg 1030w, https:\/\/kapitel-zwei.de\/wp-content\/uploads\/2024\/10\/\u0418\u0437\u0443\u0447\u0435\u043d\u0438\u0435-\u043d\u0435\u043c\u0435\u0446\u043a\u043e\u0433\u043e-\u044f\u0437\u044b\u043a\u0430-\u043e\u0444\u043b\u0430\u0439\u043d-\u0432-\u0411\u0435\u0440\u043b\u0438\u043d\u0435-80x53.jpg 80w, https:\/\/kapitel-zwei.de\/wp-content\/uploads\/2024\/10\/\u0418\u0437\u0443\u0447\u0435\u043d\u0438\u0435-\u043d\u0435\u043c\u0435\u0446\u043a\u043e\u0433\u043e-\u044f\u0437\u044b\u043a\u0430-\u043e\u0444\u043b\u0430\u0439\u043d-\u0432-\u0411\u0435\u0440\u043b\u0438\u043d\u0435-768x512.jpg 768w, https:\/\/kapitel-zwei.de\/wp-content\/uploads\/2024\/10\/\u0418\u0437\u0443\u0447\u0435\u043d\u0438\u0435-\u043d\u0435\u043c\u0435\u0446\u043a\u043e\u0433\u043e-\u044f\u0437\u044b\u043a\u0430-\u043e\u0444\u043b\u0430\u0439\u043d-\u0432-\u0411\u0435\u0440\u043b\u0438\u043d\u0435-1536x1023.jpg 1536w, https:\/\/kapitel-zwei.de\/wp-content\/uploads\/2024\/10\/\u0418\u0437\u0443\u0447\u0435\u043d\u0438\u0435-\u043d\u0435\u043c\u0435\u0446\u043a\u043e\u0433\u043e-\u044f\u0437\u044b\u043a\u0430-\u043e\u0444\u043b\u0430\u0439\u043d-\u0432-\u0411\u0435\u0440\u043b\u0438\u043d\u0435-1500x999.jpg 1500w, https:\/\/kapitel-zwei.de\/wp-content\/uploads\/2024\/10\/\u0418\u0437\u0443\u0447\u0435\u043d\u0438\u0435-\u043d\u0435\u043c\u0435\u0446\u043a\u043e\u0433\u043e-\u044f\u0437\u044b\u043a\u0430-\u043e\u0444\u043b\u0430\u0439\u043d-\u0432-\u0411\u0435\u0440\u043b\u0438\u043d\u0435-705x470.jpg 705w\" sizes=\"(max-width: 1920px) 100vw, 1920px\" \/><\/div><\/div><\/div><\/div>\n<style type=\"text\/css\" data-created_by=\"avia_inline_auto\" id=\"style-css-av-8vzl3sf-7d923ba758ffb79e51243a76b2c9eaef\">\n.flex_column.av-8vzl3sf-7d923ba758ffb79e51243a76b2c9eaef{\nborder-radius:0px 0px 0px 0px;\npadding:0px 0px 0px 0px;\n}\n<\/style>\n<div  class='flex_column av-8vzl3sf-7d923ba758ffb79e51243a76b2c9eaef av_two_third  avia-builder-el-2  el_after_av_one_third  el_before_av_layout_row  avia-builder-el-last  flex_column_div av-zero-column-padding  '     ><style type=\"text\/css\" data-created_by=\"avia_inline_auto\" id=\"style-css-av-8q08ma7-eae20034d9a579bc1eac2beba645ac3b\">\n#top .av_textblock_section.av-8q08ma7-eae20034d9a579bc1eac2beba645ac3b .avia_textblock{\nfont-size:16px;\n}\n<\/style>\n<section  class='av_textblock_section av-8q08ma7-eae20034d9a579bc1eac2beba645ac3b '   itemscope=\"itemscope\" itemtype=\"https:\/\/schema.org\/CreativeWork\" ><div class='avia_textblock'  itemprop=\"text\" ><p><a name=\"telc\"><\/a><\/p>\n<h1><span style=\"color: #ff6600;\">Cours en ligne: telc Deutsch B1 | B2 | C1 Hochschule <\/span><\/h1>\n<h2><span style=\"color: #ff6600;\">Expression \u00e9crite et Production de texte<\/span><\/h2>\n<p>Tu dois rapidement passer un examen d\u2019allemand, mais tu n\u2019as que peu de temps pour te pr\u00e9parer\u00a0? Kapitel Zwei a l\u2019offre qu\u2019il te faut\u00a0!<\/p>\n<p><strong>Trois textes \u00e9crits par toi pour les examens du telc<\/strong> sont corrig\u00e9s par un enseignant exp\u00e9riment\u00e9 de notre \u00e9cole de langue &#8211; et tout cela en ligne ! <strong>Tu as une semaine de delai par texte. <\/strong>Tu peux te pr\u00e9parer sp\u00e9cifiquement sur la partie \u00e9crite du telc B1, B2 ou C1 Hochschule de l\u2019examen d&rsquo;entr\u00e9e \u00e0 l\u2019universit\u00e9 &#8211; tranquillement, quand et o\u00f9 tu veux !<\/p>\n<p>Envoie nous tes textes au format Word (.doc ou .docx) avec le nombre de mots suivants\u00a0:<\/p>\n<ul>\n<li>B1 | 100 mots<\/li>\n<li>B2 | 150-200 mots<\/li>\n<li>C1 | 350-400 mots<\/li>\n<\/ul>\n<p>La date de la correction et la nouvelle t\u00e2che est faite sur accord avec ton professeur d\u2019allemand en ligne.<\/p>\n<p>Nous contr\u00f4lons les textes non seulement sur la grammaire et l\u2019orthographe, mais veillons aussi particuli\u00e8rement \u00e0 ton vocabulaire, style et complexit\u00e9 grammaticale, dont tu as besoin pour le niveau de test. Nous v\u00e9rifions la structure et le contenu dans un seul paquet et en ligne selon les attentes du telc. Tu obtiens une correction s\u00e9rieuse et un commentaire sur les probl\u00e8mes qui persistent, et sur ce que tu dois am\u00e9liorer. Tu feras rapidement des progr\u00e8s visibles !<\/p>\n<p><a href=\"https:\/\/kapitel-zwei.de\/fr\/telc-deutsch-berlin\/\">Ici<\/a> tu trouveras plus d\u2019infos sur ton <strong>cours de pr\u00e9paration au certificat telc B1 | B2 | C1 Hochschule<\/strong> dans ton \u00e9cole de langue allemande Kapitel Zwei.<\/p>\n<\/div><\/section><\/div><\/p>\n<\/div><\/div><\/div><!-- close content main div --><\/div><\/div><div id='av-layout-grid-1'  class='av-layout-grid-container av-84iujgv-2b2d8d5dfb0de9f13c43586cf4becc7e entry-content-wrapper main_color av-flex-cells  avia-builder-el-4  el_after_av_two_third  el_before_av_layout_row  custom-icon-list grid-row-not-first  container_wrap fullsize'  >\n\n<style type=\"text\/css\" data-created_by=\"avia_inline_auto\" id=\"style-css-av-7t2ukun-c4e41626668f6d0152eb79a38c1d1a29\">\n.flex_cell.av-7t2ukun-c4e41626668f6d0152eb79a38c1d1a29{\nvertical-align:top;\n}\n.responsive #top #wrap_all .flex_cell.av-7t2ukun-c4e41626668f6d0152eb79a38c1d1a29{\npadding:30px 30px 30px 30px !important;\n}\n<\/style>\n<div class='flex_cell av-7t2ukun-c4e41626668f6d0152eb79a38c1d1a29 av-gridrow-cell av_one_third no_margin  avia-builder-el-5  el_before_av_cell_two_third  avia-builder-el-first '  ><div class='flex_cell_inner'><\/div><\/div>\n<style type=\"text\/css\" data-created_by=\"avia_inline_auto\" id=\"style-css-av-78ytc33-37a123a0eed2847fa064bbfa1cfe6576\">\n.flex_cell.av-78ytc33-37a123a0eed2847fa064bbfa1cfe6576{\nvertical-align:top;\n}\n.responsive #top #wrap_all .flex_cell.av-78ytc33-37a123a0eed2847fa064bbfa1cfe6576{\npadding:30px 30px 30px 30px !important;\n}\n<\/style>\n<div class='flex_cell av-78ytc33-37a123a0eed2847fa064bbfa1cfe6576 av-gridrow-cell av_two_third no_margin  avia-builder-el-6  el_after_av_cell_one_third  avia-builder-el-last '  ><div class='flex_cell_inner'>\n<style type=\"text\/css\" data-created_by=\"avia_inline_auto\" id=\"style-css-av-6hvh0vj-30fe16294cfe247fe07ea97f14d1dde5\">\n.flex_column.av-6hvh0vj-30fe16294cfe247fe07ea97f14d1dde5{\nborder-radius:0px 0px 0px 0px;\npadding:0px 0px 0px 0px;\n}\n<\/style>\n<div  class='flex_column av-6hvh0vj-30fe16294cfe247fe07ea97f14d1dde5 av_one_full  avia-builder-el-7  avia-builder-el-no-sibling  course-info new first flex_column_div av-zero-column-padding  '     ><div  class='avia-icon-list-container av-ljj7pbtu-f252a77a9b8a5982c719e48aacca778b  avia-builder-el-8  avia-builder-el-no-sibling '><ul class='avia-icon-list avia_animate_when_almost_visible avia-icon-list-left av-iconlist-big av-ljj7pbtu-f252a77a9b8a5982c719e48aacca778b avia-iconlist-animate'>\n<li><div class='iconlist_icon av-64t0anj-7e1a1b74045cab35e85bcd0cda550b4f avia-font-entypo-fontello'><span class='iconlist-char' aria-hidden='true' data-av_icon='\ue827' data-av_iconfont='entypo-fontello'><\/span><\/div><article class=\"article-icon-entry \"  itemscope=\"itemscope\" itemtype=\"https:\/\/schema.org\/CreativeWork\" ><div class=\"iconlist_content_wrap\"><header class=\"entry-content-header\" aria-label=\"Icon: Prix\"><h4 class='av_iconlist_title iconlist_title  '  itemprop=\"headline\" >Prix<\/h4><\/header><div class='iconlist_content '  itemprop=\"text\" ><p>99 \u20ac<\/p>\n<\/div><\/div><footer class=\"entry-footer\"><\/footer><\/article><div class=\"iconlist-timeline\"><\/div><\/li>\n<li><div class='iconlist_icon av-5kpe20f-0c714893844ce9d3a3522fe9642a1169 avia-font-entypo-fontello'><span class='iconlist-char' aria-hidden='true' data-av_icon='\ue85b' data-av_iconfont='entypo-fontello'><\/span><\/div><article class=\"article-icon-entry \"  itemscope=\"itemscope\" itemtype=\"https:\/\/schema.org\/CreativeWork\" ><div class=\"iconlist_content_wrap\"><header class=\"entry-content-header\" aria-label=\"Icon: Dur\u00e9e\"><h4 class='av_iconlist_title iconlist_title  '  itemprop=\"headline\" >Dur\u00e9e<\/h4><\/header><div class='iconlist_content '  itemprop=\"text\" ><p>4 semaines<\/p>\n<\/div><\/div><footer class=\"entry-footer\"><\/footer><\/article><div class=\"iconlist-timeline\"><\/div><\/li>\n<li><div class='iconlist_icon av-57kb0q7-7466a38ff55968f090c746cb19da2b70 avia-font-entypo-fontello'><span class='iconlist-char' aria-hidden='true' data-av_icon='\ue862' data-av_iconfont='entypo-fontello'><\/span><\/div><article class=\"article-icon-entry \"  itemscope=\"itemscope\" itemtype=\"https:\/\/schema.org\/CreativeWork\" ><div class=\"iconlist_content_wrap\"><header class=\"entry-content-header\" aria-label=\"Icon: Horaires disponibles\"><h4 class='av_iconlist_title iconlist_title  '  itemprop=\"headline\" >Horaires disponibles<\/h4><\/header><div class='iconlist_content '  itemprop=\"text\" ><p>8 &#8211; 21 h<\/p>\n<\/div><\/div><footer class=\"entry-footer\"><\/footer><\/article><div class=\"iconlist-timeline\"><\/div><\/li>\n<li><div class='iconlist_icon av-sxrvyn-e6da4390859b375b5ee2d838159f3606 avia-font-entypo-fontello'><span class='iconlist-char' aria-hidden='true' data-av_icon='\ue8c9' data-av_iconfont='entypo-fontello'><\/span><\/div><article class=\"article-icon-entry \"  itemscope=\"itemscope\" itemtype=\"https:\/\/schema.org\/CreativeWork\" ><div class=\"iconlist_content_wrap\"><header class=\"entry-content-header\" aria-label=\"Icon: Niveau\"><h4 class='av_iconlist_title iconlist_title  '  itemprop=\"headline\" >Niveau<\/h4><\/header><div class='iconlist_content '  itemprop=\"text\" ><p>B1 | B2 | C1 Hochschule<\/p>\n<\/div><\/div><footer class=\"entry-footer\"><\/footer><\/article><div class=\"iconlist-timeline\"><\/div><\/li>\n<\/ul><\/div><\/div>\n<\/div><\/div>\n<\/div>\n<div id='av-layout-grid-2'  class='av-layout-grid-container av-4ktffan-5631ebe2093417894f62ae22ce12d87e entry-content-wrapper main_color av-flex-cells  avia-builder-el-9  el_after_av_layout_row  avia-builder-el-last  pay-buttons grid-row-not-first  container_wrap fullsize'  >\n\n<style type=\"text\/css\" data-created_by=\"avia_inline_auto\" id=\"style-css-av-44nzhwv-c1bd71c518c512b716e91eea051a50cc\">\n.flex_cell.av-44nzhwv-c1bd71c518c512b716e91eea051a50cc{\nvertical-align:top;\n}\n.responsive #top #wrap_all .flex_cell.av-44nzhwv-c1bd71c518c512b716e91eea051a50cc{\npadding:30px 30px 30px 30px !important;\n}\n<\/style>\n<div class='flex_cell av-44nzhwv-c1bd71c518c512b716e91eea051a50cc av-gridrow-cell av_one_third no_margin  avia-builder-el-10  el_before_av_cell_two_third  avia-builder-el-first '  ><div class='flex_cell_inner'><\/div><\/div>\n<style type=\"text\/css\" data-created_by=\"avia_inline_auto\" id=\"style-css-av-3i4se6n-c25486558cb986ae7393ea1abdf1bb65\">\n.flex_cell.av-3i4se6n-c25486558cb986ae7393ea1abdf1bb65{\nvertical-align:top;\n}\n.responsive #top #wrap_all .flex_cell.av-3i4se6n-c25486558cb986ae7393ea1abdf1bb65{\npadding:30px 30px 30px 30px !important;\n}\n<\/style>\n<div class='flex_cell av-3i4se6n-c25486558cb986ae7393ea1abdf1bb65 av-gridrow-cell av_two_third no_margin  avia-builder-el-11  el_after_av_cell_one_third  avia-builder-el-last '  ><div class='flex_cell_inner'><div  class='avia-button-wrap av-32hbr9r-4996e6f0580343ce78fb21f09345f489-wrap avia-button-center  avia-builder-el-12  avia-builder-el-no-sibling '><a href='https:\/\/kapitel-zwei.de\/fr\/cours-d-allemand-inscris-toi\/'  class='avia-button av-32hbr9r-4996e6f0580343ce78fb21f09345f489 av-link-btn avia-icon_select-no avia-size-large avia-position-center avia-color-theme-color'   aria-label=\"Inscris-toi !\"><span class='avia_iconbox_title' >Inscris-toi !<\/span><\/a><\/div>\n<\/div><\/div>\n<\/div>\n","protected":false},"excerpt":{"rendered":"","protected":false},"author":16,"featured_media":0,"parent":9207,"menu_order":0,"comment_status":"closed","ping_status":"closed","template":"","meta":{"footnotes":""},"class_list":["post-81391","page","type-page","status-publish","hentry"],"yoast_head":"<!-- This site is optimized with the Yoast SEO Premium plugin v24.4 (Yoast SEO v24.4) - https:\/\/yoast.com\/wordpress\/plugins\/seo\/ -->\n<title>Cours en ligne de pr\u00e9paration aux examens d\u2018allemand telc B1-B2-C1<\/title>\n<meta name=\"description\" content=\"Production de textes et expression \u00e9crite en ligne. Produis trois textes pour l&#039;examen d&#039;allemand telc et re\u00e7ois des conseils individuels avec la correction d\u2019un formateur priv\u00e9.\" \/>\n<meta name=\"robots\" content=\"index, nofollow, max-snippet:-1, max-image-preview:large, max-video-preview:-1\" \/>\n<link rel=\"canonical\" href=\"https:\/\/kapitel-zwei.de\/fr\/cours-d-allemand-berlin\/cours-en-ligne-telc-deutsch-b1-b2-c1\/\" \/>\n<meta property=\"og:locale\" content=\"fr_FR\" \/>\n<meta property=\"og:type\" content=\"article\" \/>\n<meta property=\"og:title\" content=\"Cours en ligne: telc Deutsch B1-B2-C1\" \/>\n<meta property=\"og:description\" content=\"Production de textes et expression \u00e9crite en ligne. Produis trois textes pour l&#039;examen d&#039;allemand telc et re\u00e7ois des conseils individuels avec la correction d\u2019un formateur priv\u00e9.\" \/>\n<meta property=\"og:url\" content=\"https:\/\/kapitel-zwei.de\/fr\/cours-d-allemand-berlin\/cours-en-ligne-telc-deutsch-b1-b2-c1\/\" \/>\n<meta property=\"og:site_name\" content=\"Kapitel Zwei Berlin\" \/>\n<meta property=\"article:publisher\" content=\"https:\/\/www.facebook.com\/kapitelzwei\/\" \/>\n<meta property=\"article:modified_time\" content=\"2025-07-09T06:38:19+00:00\" \/>\n<meta name=\"twitter:card\" content=\"summary_large_image\" \/>\n<meta name=\"twitter:site\" content=\"@kapitelzwei\" \/>\n<meta name=\"twitter:label1\" content=\"Dur\u00e9e de lecture estim\u00e9e\" \/>\n\t<meta name=\"twitter:data1\" content=\"2 minutes\" \/>\n<script type=\"application\/ld+json\" class=\"yoast-schema-graph\">{\"@context\":\"https:\/\/schema.org\",\"@graph\":[{\"@type\":\"WebPage\",\"@id\":\"https:\/\/kapitel-zwei.de\/fr\/cours-d-allemand-berlin\/cours-en-ligne-telc-deutsch-b1-b2-c1\/\",\"url\":\"https:\/\/kapitel-zwei.de\/fr\/cours-d-allemand-berlin\/cours-en-ligne-telc-deutsch-b1-b2-c1\/\",\"name\":\"Cours en ligne de pr\u00e9paration aux examens d\u2018allemand telc B1-B2-C1\",\"isPartOf\":{\"@id\":\"https:\/\/kapitel-zwei.de\/es\/#website\"},\"datePublished\":\"2020-03-20T17:00:56+00:00\",\"dateModified\":\"2025-07-09T06:38:19+00:00\",\"description\":\"Production de textes et expression \u00e9crite en ligne. Produis trois textes pour l'examen d'allemand telc et re\u00e7ois des conseils individuels avec la correction d\u2019un formateur priv\u00e9.\",\"breadcrumb\":{\"@id\":\"https:\/\/kapitel-zwei.de\/fr\/cours-d-allemand-berlin\/cours-en-ligne-telc-deutsch-b1-b2-c1\/#breadcrumb\"},\"inLanguage\":\"fr-FR\",\"potentialAction\":[{\"@type\":\"ReadAction\",\"target\":[\"https:\/\/kapitel-zwei.de\/fr\/cours-d-allemand-berlin\/cours-en-ligne-telc-deutsch-b1-b2-c1\/\"]}]},{\"@type\":\"BreadcrumbList\",\"@id\":\"https:\/\/kapitel-zwei.de\/fr\/cours-d-allemand-berlin\/cours-en-ligne-telc-deutsch-b1-b2-c1\/#breadcrumb\",\"itemListElement\":[{\"@type\":\"ListItem\",\"position\":1,\"name\":\"Startseite\",\"item\":\"https:\/\/kapitel-zwei.de\/fr\/\"},{\"@type\":\"ListItem\",\"position\":2,\"name\":\"Apprendre l\u00b4allemand\",\"item\":\"https:\/\/kapitel-zwei.de\/fr\/cours-d-allemand-berlin\/\"},{\"@type\":\"ListItem\",\"position\":3,\"name\":\"Cours en ligne: telc Deutsch B1-B2-C1\"}]},{\"@type\":\"WebSite\",\"@id\":\"https:\/\/kapitel-zwei.de\/es\/#website\",\"url\":\"https:\/\/kapitel-zwei.de\/es\/\",\"name\":\"Kapitel Zwei Berlin\",\"description\":\"Deutschkurs Berlin | Sprachschule Berlin | German language school Berlin | telc Berlin | Deutsch Pr\u00fcfung Berlin | Intensive German courses Berlin | TestDaF Pr\u00fcfung | Online Kurse\",\"publisher\":{\"@id\":\"https:\/\/kapitel-zwei.de\/es\/#organization\"},\"potentialAction\":[{\"@type\":\"SearchAction\",\"target\":{\"@type\":\"EntryPoint\",\"urlTemplate\":\"https:\/\/kapitel-zwei.de\/es\/?s={search_term_string}\"},\"query-input\":{\"@type\":\"PropertyValueSpecification\",\"valueRequired\":true,\"valueName\":\"search_term_string\"}}],\"inLanguage\":\"fr-FR\"},{\"@type\":\"Organization\",\"@id\":\"https:\/\/kapitel-zwei.de\/es\/#organization\",\"name\":\"Kapitel Zwei. Deutsch-Sprachschule Berlin GmbH\",\"url\":\"https:\/\/kapitel-zwei.de\/es\/\",\"logo\":{\"@type\":\"ImageObject\",\"inLanguage\":\"fr-FR\",\"@id\":\"https:\/\/kapitel-zwei.de\/es\/#\/schema\/logo\/image\/\",\"url\":\"https:\/\/kapitel-zwei.de\/wp-content\/uploads\/2018\/08\/Kapitel-Zwei-Berlin-Sprachschule-Deutsch-Deutschkurse-Berlin.jpg\",\"contentUrl\":\"https:\/\/kapitel-zwei.de\/wp-content\/uploads\/2018\/08\/Kapitel-Zwei-Berlin-Sprachschule-Deutsch-Deutschkurse-Berlin.jpg\",\"width\":350,\"height\":101,\"caption\":\"Kapitel Zwei. Deutsch-Sprachschule Berlin GmbH\"},\"image\":{\"@id\":\"https:\/\/kapitel-zwei.de\/es\/#\/schema\/logo\/image\/\"},\"sameAs\":[\"https:\/\/www.facebook.com\/kapitelzwei\/\",\"https:\/\/x.com\/kapitelzwei\"]}]}<\/script>\n<!-- \/ Yoast SEO Premium plugin. -->","yoast_head_json":{"title":"Cours en ligne de pr\u00e9paration aux examens d\u2018allemand telc B1-B2-C1","description":"Production de textes et expression \u00e9crite en ligne. Produis trois textes pour l'examen d'allemand telc et re\u00e7ois des conseils individuels avec la correction d\u2019un formateur priv\u00e9.","robots":{"index":"index","follow":"nofollow","max-snippet":"max-snippet:-1","max-image-preview":"max-image-preview:large","max-video-preview":"max-video-preview:-1"},"canonical":"https:\/\/kapitel-zwei.de\/fr\/cours-d-allemand-berlin\/cours-en-ligne-telc-deutsch-b1-b2-c1\/","og_locale":"fr_FR","og_type":"article","og_title":"Cours en ligne: telc Deutsch B1-B2-C1","og_description":"Production de textes et expression \u00e9crite en ligne. Produis trois textes pour l'examen d'allemand telc et re\u00e7ois des conseils individuels avec la correction d\u2019un formateur priv\u00e9.","og_url":"https:\/\/kapitel-zwei.de\/fr\/cours-d-allemand-berlin\/cours-en-ligne-telc-deutsch-b1-b2-c1\/","og_site_name":"Kapitel Zwei Berlin","article_publisher":"https:\/\/www.facebook.com\/kapitelzwei\/","article_modified_time":"2025-07-09T06:38:19+00:00","twitter_card":"summary_large_image","twitter_site":"@kapitelzwei","twitter_misc":{"Dur\u00e9e de lecture estim\u00e9e":"2 minutes"},"schema":{"@context":"https:\/\/schema.org","@graph":[{"@type":"WebPage","@id":"https:\/\/kapitel-zwei.de\/fr\/cours-d-allemand-berlin\/cours-en-ligne-telc-deutsch-b1-b2-c1\/","url":"https:\/\/kapitel-zwei.de\/fr\/cours-d-allemand-berlin\/cours-en-ligne-telc-deutsch-b1-b2-c1\/","name":"Cours en ligne de pr\u00e9paration aux examens d\u2018allemand telc B1-B2-C1","isPartOf":{"@id":"https:\/\/kapitel-zwei.de\/es\/#website"},"datePublished":"2020-03-20T17:00:56+00:00","dateModified":"2025-07-09T06:38:19+00:00","description":"Production de textes et expression \u00e9crite en ligne. Produis trois textes pour l'examen d'allemand telc et re\u00e7ois des conseils individuels avec la correction d\u2019un formateur priv\u00e9.","breadcrumb":{"@id":"https:\/\/kapitel-zwei.de\/fr\/cours-d-allemand-berlin\/cours-en-ligne-telc-deutsch-b1-b2-c1\/#breadcrumb"},"inLanguage":"fr-FR","potentialAction":[{"@type":"ReadAction","target":["https:\/\/kapitel-zwei.de\/fr\/cours-d-allemand-berlin\/cours-en-ligne-telc-deutsch-b1-b2-c1\/"]}]},{"@type":"BreadcrumbList","@id":"https:\/\/kapitel-zwei.de\/fr\/cours-d-allemand-berlin\/cours-en-ligne-telc-deutsch-b1-b2-c1\/#breadcrumb","itemListElement":[{"@type":"ListItem","position":1,"name":"Startseite","item":"https:\/\/kapitel-zwei.de\/fr\/"},{"@type":"ListItem","position":2,"name":"Apprendre l\u00b4allemand","item":"https:\/\/kapitel-zwei.de\/fr\/cours-d-allemand-berlin\/"},{"@type":"ListItem","position":3,"name":"Cours en ligne: telc Deutsch B1-B2-C1"}]},{"@type":"WebSite","@id":"https:\/\/kapitel-zwei.de\/es\/#website","url":"https:\/\/kapitel-zwei.de\/es\/","name":"Kapitel Zwei Berlin","description":"Deutschkurs Berlin | Sprachschule Berlin | German language school Berlin | telc Berlin | Deutsch Pr\u00fcfung Berlin | Intensive German courses Berlin | TestDaF Pr\u00fcfung | Online Kurse","publisher":{"@id":"https:\/\/kapitel-zwei.de\/es\/#organization"},"potentialAction":[{"@type":"SearchAction","target":{"@type":"EntryPoint","urlTemplate":"https:\/\/kapitel-zwei.de\/es\/?s={search_term_string}"},"query-input":{"@type":"PropertyValueSpecification","valueRequired":true,"valueName":"search_term_string"}}],"inLanguage":"fr-FR"},{"@type":"Organization","@id":"https:\/\/kapitel-zwei.de\/es\/#organization","name":"Kapitel Zwei. Deutsch-Sprachschule Berlin GmbH","url":"https:\/\/kapitel-zwei.de\/es\/","logo":{"@type":"ImageObject","inLanguage":"fr-FR","@id":"https:\/\/kapitel-zwei.de\/es\/#\/schema\/logo\/image\/","url":"https:\/\/kapitel-zwei.de\/wp-content\/uploads\/2018\/08\/Kapitel-Zwei-Berlin-Sprachschule-Deutsch-Deutschkurse-Berlin.jpg","contentUrl":"https:\/\/kapitel-zwei.de\/wp-content\/uploads\/2018\/08\/Kapitel-Zwei-Berlin-Sprachschule-Deutsch-Deutschkurse-Berlin.jpg","width":350,"height":101,"caption":"Kapitel Zwei. Deutsch-Sprachschule Berlin GmbH"},"image":{"@id":"https:\/\/kapitel-zwei.de\/es\/#\/schema\/logo\/image\/"},"sameAs":["https:\/\/www.facebook.com\/kapitelzwei\/","https:\/\/x.com\/kapitelzwei"]}]}},"_links":{"self":[{"href":"https:\/\/kapitel-zwei.de\/fr\/wp-json\/wp\/v2\/pages\/81391","targetHints":{"allow":["GET"]}}],"collection":[{"href":"https:\/\/kapitel-zwei.de\/fr\/wp-json\/wp\/v2\/pages"}],"about":[{"href":"https:\/\/kapitel-zwei.de\/fr\/wp-json\/wp\/v2\/types\/page"}],"author":[{"embeddable":true,"href":"https:\/\/kapitel-zwei.de\/fr\/wp-json\/wp\/v2\/users\/16"}],"replies":[{"embeddable":true,"href":"https:\/\/kapitel-zwei.de\/fr\/wp-json\/wp\/v2\/comments?post=81391"}],"version-history":[{"count":16,"href":"https:\/\/kapitel-zwei.de\/fr\/wp-json\/wp\/v2\/pages\/81391\/revisions"}],"predecessor-version":[{"id":124338,"href":"https:\/\/kapitel-zwei.de\/fr\/wp-json\/wp\/v2\/pages\/81391\/revisions\/124338"}],"up":[{"embeddable":true,"href":"https:\/\/kapitel-zwei.de\/fr\/wp-json\/wp\/v2\/pages\/9207"}],"wp:attachment":[{"href":"https:\/\/kapitel-zwei.de\/fr\/wp-json\/wp\/v2\/media?parent=81391"}],"curies":[{"name":"wp","href":"https:\/\/api.w.org\/{rel}","templated":true}]}}