{"id":88679,"date":"2020-06-19T18:20:16","date_gmt":"2020-06-19T16:20:16","guid":{"rendered":"https:\/\/kapitel-zwei.de\/intensivkurs-mit-spezialkurs\/"},"modified":"2021-09-08T15:21:40","modified_gmt":"2021-09-08T13:21:40","slug":"reservation-avec-un-cours-special","status":"publish","type":"page","link":"https:\/\/kapitel-zwei.de\/fr\/reservation-avec-un-cours-special\/","title":{"rendered":"R\u00e9servation avec un cours sp\u00e9cial"},"content":{"rendered":"\n<style type=\"text\/css\" data-created_by=\"avia_inline_auto\" id=\"style-css-av-ktbi90m4-a57c8cb61a796c63104e3c96545183be\">\n.flex_column.av-ktbi90m4-a57c8cb61a796c63104e3c96545183be{\nborder-radius:0px 0px 0px 0px;\npadding:15px 15px 15px 15px;\nbackground-color:#dfffdd;\n}\n<\/style>\n<div  class='flex_column av-ktbi90m4-a57c8cb61a796c63104e3c96545183be av_one_full  avia-builder-el-0  el_before_av_two_third  avia-builder-el-first  first flex_column_div  '     ><section  class='av_textblock_section av-ktbi4kzn-49a5690510764b586bfbb116b05cd6d0 '   itemscope=\"itemscope\" itemtype=\"https:\/\/schema.org\/CreativeWork\" ><div class='avia_textblock'  itemprop=\"text\" ><p>\u00c0 partir du 1er octobre 2021, il n&rsquo;y aura plus ce tarif. Alors, inscris-toi d\u00e8s maintenant pour un cours \u00ab\u00a0\u00e0 partir d&rsquo;octobre 2021\u00a0\u00bb.<\/p>\n<\/div><\/section><\/div>\n<style type=\"text\/css\" data-created_by=\"avia_inline_auto\" id=\"style-css-av-2gjszl3-d59a1bf579dae6e228395f92635b7543\">\n.flex_column.av-2gjszl3-d59a1bf579dae6e228395f92635b7543{\nborder-radius:0px 0px 0px 0px;\npadding:0px 0px 0px 0px;\n}\n<\/style>\n<div  class='flex_column av-2gjszl3-d59a1bf579dae6e228395f92635b7543 av_two_third  avia-builder-el-2  el_after_av_one_full  el_before_av_one_third  first flex_column_div av-zero-column-padding  column-top-margin'     ><section  class='av_textblock_section av-292xmsn-8faeac762a1e798b709505a72b320360 '   itemscope=\"itemscope\" itemtype=\"https:\/\/schema.org\/CreativeWork\" ><div class='avia_textblock'  itemprop=\"text\" ><h1><span style=\"color: #ff6600;\">R\u00e9servation avec un cours sp\u00e9cial<\/span><\/h1>\n<h2><span style=\"color: #ff6600;\">Economise 20 \u20ac !<\/span><\/h2>\n<\/div><\/section><br \/>\n\n<style type=\"text\/css\" data-created_by=\"avia_inline_auto\" id=\"style-css-av-1l73exz-92cc79b083d1979045df63329693ddf2\">\n#top .av_textblock_section.av-1l73exz-92cc79b083d1979045df63329693ddf2 .avia_textblock{\nfont-size:16px;\n}\n<\/style>\n<section  class='av_textblock_section av-1l73exz-92cc79b083d1979045df63329693ddf2 '   itemscope=\"itemscope\" itemtype=\"https:\/\/schema.org\/CreativeWork\" ><div class='avia_textblock'  itemprop=\"text\" ><p>\u00c9conomise <strong>20 \u20ac<\/strong> sur le tarif normal des cours en r\u00e9servant \u00e9galement un de nos cours sp\u00e9ciaux (<a href=\"https:\/\/kapitel-zwei.de\/fr\/cours-d-allemand-berlin\/cours-de-conversation-allemand\/\">conversation<\/a>, <a href=\"https:\/\/kapitel-zwei.de\/fr\/cours-d-allemand-berlin\/cours-de-grammaire-allemande\/\">grammaire<\/a>, <a href=\"https:\/\/kapitel-zwei.de\/fr\/cours-d-allemand-berlin\/cours-d-expression\/\">phon\u00e9tique<\/a>). Tu peux annuler ton cours jusqu&rsquo;\u00e0 7 jours avant le d\u00e9but des cours (en nous \u00e9crivant un e-mail). Nous te remboursons alors 80% des frais de ton cours. Jusqu&rsquo;\u00e0 3 jours avant le d\u00e9but des cours, tu peux reporter ton cours (une seule fois) \u00e0 un autre mois.<\/p>\n<\/div><\/section><\/p><\/div><\/p>\n\n<style type=\"text\/css\" data-created_by=\"avia_inline_auto\" id=\"style-css-av-12jvbjb-4de514f4be242c9870d24da2a15a6477\">\n.flex_column.av-12jvbjb-4de514f4be242c9870d24da2a15a6477{\nborder-radius:0px 0px 0px 0px;\npadding:0px 0px 0px 0px;\n}\n<\/style>\n<div  class='flex_column av-12jvbjb-4de514f4be242c9870d24da2a15a6477 av_one_third  avia-builder-el-5  el_after_av_two_third  avia-builder-el-last  flex_column_div av-zero-column-padding  column-top-margin'     ><style type=\"text\/css\" data-created_by=\"avia_inline_auto\" id=\"style-css-av-pwpfk7-8c60987422ed80be9a8c523f55542361\">\n.avia-image-container.av-pwpfk7-8c60987422ed80be9a8c523f55542361 img.avia_image{\nbox-shadow:none;\n}\n.avia-image-container.av-pwpfk7-8c60987422ed80be9a8c523f55542361 .av-image-caption-overlay-center{\ncolor:#ffffff;\n}\n<\/style>\n<div  class='avia-image-container av-pwpfk7-8c60987422ed80be9a8c523f55542361 av-styling- avia-align-center  avia-builder-el-6  avia-builder-el-no-sibling '   itemprop=\"image\" itemscope=\"itemscope\" itemtype=\"https:\/\/schema.org\/ImageObject\" ><div class=\"avia-image-container-inner\"><div class=\"avia-image-overlay-wrap\"><img decoding=\"async\" fetchpriority=\"high\" class='wp-image-87074 avia-img-lazy-loading-not-87074 avia_image ' src=\"https:\/\/kapitel-zwei.de\/wp-content\/uploads\/2020\/06\/Buchung-mit-Spezialkurs-Spare-20-EUR.jpg\" alt='Buchung mit Spezialkurs Spare 20 EUR' title='Buchung mit Spezialkurs Spare 20 EUR'  height=\"490\" width=\"640\"  itemprop=\"thumbnailUrl\" srcset=\"https:\/\/kapitel-zwei.de\/wp-content\/uploads\/2020\/06\/Buchung-mit-Spezialkurs-Spare-20-EUR.jpg 640w, https:\/\/kapitel-zwei.de\/wp-content\/uploads\/2020\/06\/Buchung-mit-Spezialkurs-Spare-20-EUR-80x61.jpg 80w, https:\/\/kapitel-zwei.de\/wp-content\/uploads\/2020\/06\/Buchung-mit-Spezialkurs-Spare-20-EUR-300x230.jpg 300w, https:\/\/kapitel-zwei.de\/wp-content\/uploads\/2020\/06\/Buchung-mit-Spezialkurs-Spare-20-EUR-450x345.jpg 450w\" sizes=\"(max-width: 640px) 100vw, 640px\" \/><\/div><\/div><\/div><\/div>\n","protected":false},"excerpt":{"rendered":"","protected":false},"author":16,"featured_media":0,"parent":0,"menu_order":0,"comment_status":"closed","ping_status":"closed","template":"","meta":{"footnotes":""},"class_list":["post-88679","page","type-page","status-publish","hentry"],"yoast_head":"<!-- This site is optimized with the Yoast SEO Premium plugin v24.4 (Yoast SEO v24.4) - https:\/\/yoast.com\/wordpress\/plugins\/seo\/ -->\n<title>R\u00e9duction 20 EUR - R\u00e9servation avec un cours sp\u00e9cial Berlin<\/title>\n<meta name=\"description\" content=\"\u00c9conomise 20 \u20ac sur le tarif normal des cours en r\u00e9servant \u00e9galement un de nos cours sp\u00e9ciaux (conversation, grammaire, phon\u00e9tique).\" \/>\n<meta name=\"robots\" content=\"index, follow, max-snippet:-1, max-image-preview:large, max-video-preview:-1\" \/>\n<link rel=\"canonical\" href=\"https:\/\/www.kapitel-zwei.de\/fr\/reservation-avec-un-cours-special\/\" \/>\n<meta property=\"og:locale\" content=\"fr_FR\" \/>\n<meta property=\"og:type\" content=\"article\" \/>\n<meta property=\"og:title\" content=\"R\u00e9servation avec un cours sp\u00e9cial\" \/>\n<meta property=\"og:description\" content=\"\u00c9conomise 20 \u20ac sur le tarif normal des cours en r\u00e9servant \u00e9galement un de nos cours sp\u00e9ciaux (conversation, grammaire, phon\u00e9tique).\" \/>\n<meta property=\"og:url\" content=\"https:\/\/www.kapitel-zwei.de\/fr\/reservation-avec-un-cours-special\/\" \/>\n<meta property=\"og:site_name\" content=\"Kapitel Zwei Berlin\" \/>\n<meta property=\"article:publisher\" content=\"https:\/\/www.facebook.com\/kapitelzwei\/\" \/>\n<meta property=\"article:modified_time\" content=\"2021-09-08T13:21:40+00:00\" \/>\n<meta name=\"twitter:card\" content=\"summary_large_image\" \/>\n<meta name=\"twitter:site\" content=\"@kapitelzwei\" \/>\n<meta name=\"twitter:label1\" content=\"Dur\u00e9e de lecture estim\u00e9e\" \/>\n\t<meta name=\"twitter:data1\" content=\"2 minutes\" \/>\n<script type=\"application\/ld+json\" class=\"yoast-schema-graph\">{\"@context\":\"https:\/\/schema.org\",\"@graph\":[{\"@type\":\"WebPage\",\"@id\":\"https:\/\/www.kapitel-zwei.de\/fr\/reservation-avec-un-cours-special\/\",\"url\":\"https:\/\/www.kapitel-zwei.de\/fr\/reservation-avec-un-cours-special\/\",\"name\":\"R\u00e9duction 20 EUR - R\u00e9servation avec un cours sp\u00e9cial Berlin\",\"isPartOf\":{\"@id\":\"https:\/\/kapitel-zwei.de\/es\/#website\"},\"datePublished\":\"2020-06-19T16:20:16+00:00\",\"dateModified\":\"2021-09-08T13:21:40+00:00\",\"description\":\"\u00c9conomise 20 \u20ac sur le tarif normal des cours en r\u00e9servant \u00e9galement un de nos cours sp\u00e9ciaux (conversation, grammaire, phon\u00e9tique).\",\"breadcrumb\":{\"@id\":\"https:\/\/www.kapitel-zwei.de\/fr\/reservation-avec-un-cours-special\/#breadcrumb\"},\"inLanguage\":\"fr-FR\",\"potentialAction\":[{\"@type\":\"ReadAction\",\"target\":[\"https:\/\/www.kapitel-zwei.de\/fr\/reservation-avec-un-cours-special\/\"]}]},{\"@type\":\"BreadcrumbList\",\"@id\":\"https:\/\/www.kapitel-zwei.de\/fr\/reservation-avec-un-cours-special\/#breadcrumb\",\"itemListElement\":[{\"@type\":\"ListItem\",\"position\":1,\"name\":\"Startseite\",\"item\":\"https:\/\/kapitel-zwei.de\/fr\/\"},{\"@type\":\"ListItem\",\"position\":2,\"name\":\"R\u00e9servation avec un cours sp\u00e9cial\"}]},{\"@type\":\"WebSite\",\"@id\":\"https:\/\/kapitel-zwei.de\/es\/#website\",\"url\":\"https:\/\/kapitel-zwei.de\/es\/\",\"name\":\"Kapitel Zwei Berlin\",\"description\":\"Deutschkurs Berlin | Sprachschule Berlin | German language school Berlin | telc Berlin | Deutsch Pr\u00fcfung Berlin | Intensive German courses Berlin | TestDaF Pr\u00fcfung | Online Kurse\",\"publisher\":{\"@id\":\"https:\/\/kapitel-zwei.de\/es\/#organization\"},\"potentialAction\":[{\"@type\":\"SearchAction\",\"target\":{\"@type\":\"EntryPoint\",\"urlTemplate\":\"https:\/\/kapitel-zwei.de\/es\/?s={search_term_string}\"},\"query-input\":{\"@type\":\"PropertyValueSpecification\",\"valueRequired\":true,\"valueName\":\"search_term_string\"}}],\"inLanguage\":\"fr-FR\"},{\"@type\":\"Organization\",\"@id\":\"https:\/\/kapitel-zwei.de\/es\/#organization\",\"name\":\"Kapitel Zwei. Deutsch-Sprachschule Berlin GmbH\",\"url\":\"https:\/\/kapitel-zwei.de\/es\/\",\"logo\":{\"@type\":\"ImageObject\",\"inLanguage\":\"fr-FR\",\"@id\":\"https:\/\/kapitel-zwei.de\/es\/#\/schema\/logo\/image\/\",\"url\":\"https:\/\/kapitel-zwei.de\/wp-content\/uploads\/2018\/08\/Kapitel-Zwei-Berlin-Sprachschule-Deutsch-Deutschkurse-Berlin.jpg\",\"contentUrl\":\"https:\/\/kapitel-zwei.de\/wp-content\/uploads\/2018\/08\/Kapitel-Zwei-Berlin-Sprachschule-Deutsch-Deutschkurse-Berlin.jpg\",\"width\":350,\"height\":101,\"caption\":\"Kapitel Zwei. Deutsch-Sprachschule Berlin GmbH\"},\"image\":{\"@id\":\"https:\/\/kapitel-zwei.de\/es\/#\/schema\/logo\/image\/\"},\"sameAs\":[\"https:\/\/www.facebook.com\/kapitelzwei\/\",\"https:\/\/x.com\/kapitelzwei\"]}]}<\/script>\n<!-- \/ Yoast SEO Premium plugin. -->","yoast_head_json":{"title":"R\u00e9duction 20 EUR - R\u00e9servation avec un cours sp\u00e9cial Berlin","description":"\u00c9conomise 20 \u20ac sur le tarif normal des cours en r\u00e9servant \u00e9galement un de nos cours sp\u00e9ciaux (conversation, grammaire, phon\u00e9tique).","robots":{"index":"index","follow":"follow","max-snippet":"max-snippet:-1","max-image-preview":"max-image-preview:large","max-video-preview":"max-video-preview:-1"},"canonical":"https:\/\/www.kapitel-zwei.de\/fr\/reservation-avec-un-cours-special\/","og_locale":"fr_FR","og_type":"article","og_title":"R\u00e9servation avec un cours sp\u00e9cial","og_description":"\u00c9conomise 20 \u20ac sur le tarif normal des cours en r\u00e9servant \u00e9galement un de nos cours sp\u00e9ciaux (conversation, grammaire, phon\u00e9tique).","og_url":"https:\/\/www.kapitel-zwei.de\/fr\/reservation-avec-un-cours-special\/","og_site_name":"Kapitel Zwei Berlin","article_publisher":"https:\/\/www.facebook.com\/kapitelzwei\/","article_modified_time":"2021-09-08T13:21:40+00:00","twitter_card":"summary_large_image","twitter_site":"@kapitelzwei","twitter_misc":{"Dur\u00e9e de lecture estim\u00e9e":"2 minutes"},"schema":{"@context":"https:\/\/schema.org","@graph":[{"@type":"WebPage","@id":"https:\/\/www.kapitel-zwei.de\/fr\/reservation-avec-un-cours-special\/","url":"https:\/\/www.kapitel-zwei.de\/fr\/reservation-avec-un-cours-special\/","name":"R\u00e9duction 20 EUR - R\u00e9servation avec un cours sp\u00e9cial Berlin","isPartOf":{"@id":"https:\/\/kapitel-zwei.de\/es\/#website"},"datePublished":"2020-06-19T16:20:16+00:00","dateModified":"2021-09-08T13:21:40+00:00","description":"\u00c9conomise 20 \u20ac sur le tarif normal des cours en r\u00e9servant \u00e9galement un de nos cours sp\u00e9ciaux (conversation, grammaire, phon\u00e9tique).","breadcrumb":{"@id":"https:\/\/www.kapitel-zwei.de\/fr\/reservation-avec-un-cours-special\/#breadcrumb"},"inLanguage":"fr-FR","potentialAction":[{"@type":"ReadAction","target":["https:\/\/www.kapitel-zwei.de\/fr\/reservation-avec-un-cours-special\/"]}]},{"@type":"BreadcrumbList","@id":"https:\/\/www.kapitel-zwei.de\/fr\/reservation-avec-un-cours-special\/#breadcrumb","itemListElement":[{"@type":"ListItem","position":1,"name":"Startseite","item":"https:\/\/kapitel-zwei.de\/fr\/"},{"@type":"ListItem","position":2,"name":"R\u00e9servation avec un cours sp\u00e9cial"}]},{"@type":"WebSite","@id":"https:\/\/kapitel-zwei.de\/es\/#website","url":"https:\/\/kapitel-zwei.de\/es\/","name":"Kapitel Zwei Berlin","description":"Deutschkurs Berlin | Sprachschule Berlin | German language school Berlin | telc Berlin | Deutsch Pr\u00fcfung Berlin | Intensive German courses Berlin | TestDaF Pr\u00fcfung | Online Kurse","publisher":{"@id":"https:\/\/kapitel-zwei.de\/es\/#organization"},"potentialAction":[{"@type":"SearchAction","target":{"@type":"EntryPoint","urlTemplate":"https:\/\/kapitel-zwei.de\/es\/?s={search_term_string}"},"query-input":{"@type":"PropertyValueSpecification","valueRequired":true,"valueName":"search_term_string"}}],"inLanguage":"fr-FR"},{"@type":"Organization","@id":"https:\/\/kapitel-zwei.de\/es\/#organization","name":"Kapitel Zwei. Deutsch-Sprachschule Berlin GmbH","url":"https:\/\/kapitel-zwei.de\/es\/","logo":{"@type":"ImageObject","inLanguage":"fr-FR","@id":"https:\/\/kapitel-zwei.de\/es\/#\/schema\/logo\/image\/","url":"https:\/\/kapitel-zwei.de\/wp-content\/uploads\/2018\/08\/Kapitel-Zwei-Berlin-Sprachschule-Deutsch-Deutschkurse-Berlin.jpg","contentUrl":"https:\/\/kapitel-zwei.de\/wp-content\/uploads\/2018\/08\/Kapitel-Zwei-Berlin-Sprachschule-Deutsch-Deutschkurse-Berlin.jpg","width":350,"height":101,"caption":"Kapitel Zwei. Deutsch-Sprachschule Berlin GmbH"},"image":{"@id":"https:\/\/kapitel-zwei.de\/es\/#\/schema\/logo\/image\/"},"sameAs":["https:\/\/www.facebook.com\/kapitelzwei\/","https:\/\/x.com\/kapitelzwei"]}]}},"_links":{"self":[{"href":"https:\/\/kapitel-zwei.de\/fr\/wp-json\/wp\/v2\/pages\/88679","targetHints":{"allow":["GET"]}}],"collection":[{"href":"https:\/\/kapitel-zwei.de\/fr\/wp-json\/wp\/v2\/pages"}],"about":[{"href":"https:\/\/kapitel-zwei.de\/fr\/wp-json\/wp\/v2\/types\/page"}],"author":[{"embeddable":true,"href":"https:\/\/kapitel-zwei.de\/fr\/wp-json\/wp\/v2\/users\/16"}],"replies":[{"embeddable":true,"href":"https:\/\/kapitel-zwei.de\/fr\/wp-json\/wp\/v2\/comments?post=88679"}],"version-history":[{"count":2,"href":"https:\/\/kapitel-zwei.de\/fr\/wp-json\/wp\/v2\/pages\/88679\/revisions"}],"predecessor-version":[{"id":101265,"href":"https:\/\/kapitel-zwei.de\/fr\/wp-json\/wp\/v2\/pages\/88679\/revisions\/101265"}],"wp:attachment":[{"href":"https:\/\/kapitel-zwei.de\/fr\/wp-json\/wp\/v2\/media?parent=88679"}],"curies":[{"name":"wp","href":"https:\/\/api.w.org\/{rel}","templated":true}]}}