{"id":88692,"date":"2020-06-20T16:27:09","date_gmt":"2020-06-20T14:27:09","guid":{"rendered":"https:\/\/kapitel-zwei.de\/freunde-tarif\/"},"modified":"2023-06-20T15:05:40","modified_gmt":"2023-06-20T13:05:40","slug":"tarif-amis","status":"publish","type":"page","link":"https:\/\/kapitel-zwei.de\/fr\/tarif-amis\/","title":{"rendered":"Tarif amis"},"content":{"rendered":"\n<style type=\"text\/css\" data-created_by=\"avia_inline_auto\" id=\"style-css-av-2gzn31y-24c965d3144d8e0c2f6e27ad3fce1bfd\">\n.flex_column.av-2gzn31y-24c965d3144d8e0c2f6e27ad3fce1bfd{\nborder-radius:0px 0px 0px 0px;\npadding:0px 0px 0px 0px;\n}\n<\/style>\n<div  class='flex_column av-2gzn31y-24c965d3144d8e0c2f6e27ad3fce1bfd av_one_half  avia-builder-el-0  el_before_av_one_half  avia-builder-el-first  first flex_column_div av-zero-column-padding  '     ><section  class='av_textblock_section av-26ahrti-23668fadc2dc3d0b65560e284294d9e0 '   itemscope=\"itemscope\" itemtype=\"https:\/\/schema.org\/CreativeWork\" ><div class='avia_textblock'  itemprop=\"text\" ><h1><span style=\"color: #ff6600;\">Tarif amis<\/span><\/h1>\n<h2><span style=\"color: #ff6600;\">\u00c9conomisez 20 EUR + 20 EUR<\/span><\/h2>\n<\/div><\/section><br \/>\n\n<style type=\"text\/css\" data-created_by=\"avia_inline_auto\" id=\"style-css-av-1it8oae-68ddf3dcfe9d8c0697133d1a08631eaf\">\n#top .av_textblock_section.av-1it8oae-68ddf3dcfe9d8c0697133d1a08631eaf .avia_textblock{\nfont-size:16px;\n}\n<\/style>\n<section  class='av_textblock_section av-1it8oae-68ddf3dcfe9d8c0697133d1a08631eaf '   itemscope=\"itemscope\" itemtype=\"https:\/\/schema.org\/CreativeWork\" ><div class='avia_textblock'  itemprop=\"text\" ><p>R\u00e9duction de <strong>20 EUR<\/strong> pour nos \u00e9tudiant\/e\/s dans les conditions suivantes:<\/p>\n<\/div><\/section><\/p><\/div>\n\n<style type=\"text\/css\" data-created_by=\"avia_inline_auto\" id=\"style-css-av-1afzc6u-4165ad1aee49df51060e558b36ac5114\">\n.flex_column.av-1afzc6u-4165ad1aee49df51060e558b36ac5114{\nborder-radius:0px 0px 0px 0px;\npadding:0px 0px 0px 0px;\n}\n<\/style>\n<div  class='flex_column av-1afzc6u-4165ad1aee49df51060e558b36ac5114 av_one_half  avia-builder-el-3  el_after_av_one_half  el_before_av_one_half  flex_column_div av-zero-column-padding  '     ><style type=\"text\/css\" data-created_by=\"avia_inline_auto\" id=\"style-css-av-25ki5y-430b4ca73636b73604eddbb8c3b54835\">\n.avia-image-container.av-25ki5y-430b4ca73636b73604eddbb8c3b54835 img.avia_image{\nbox-shadow:none;\n}\n.avia-image-container.av-25ki5y-430b4ca73636b73604eddbb8c3b54835 .av-image-caption-overlay-center{\ncolor:#ffffff;\n}\n<\/style>\n<div  class='avia-image-container av-25ki5y-430b4ca73636b73604eddbb8c3b54835 av-styling- avia-align-center  avia-builder-el-4  avia-builder-el-no-sibling '   itemprop=\"image\" itemscope=\"itemscope\" itemtype=\"https:\/\/schema.org\/ImageObject\" ><div class=\"avia-image-container-inner\"><div class=\"avia-image-overlay-wrap\"><img decoding=\"async\" fetchpriority=\"high\" class='wp-image-87097 avia-img-lazy-loading-not-87097 avia_image ' src=\"https:\/\/kapitel-zwei.de\/wp-content\/uploads\/2020\/06\/Freunde-Tarif-Spare-40-EUR-Deutschkurs-1030x687.jpg\" alt='Freunde-Tarif Spare 40 EUR Deutschkurs' title='Freunde-Tarif Spare 40 EUR Deutschkurs'  height=\"687\" width=\"1030\"  itemprop=\"thumbnailUrl\" srcset=\"https:\/\/kapitel-zwei.de\/wp-content\/uploads\/2020\/06\/Freunde-Tarif-Spare-40-EUR-Deutschkurs-1030x687.jpg 1030w, https:\/\/kapitel-zwei.de\/wp-content\/uploads\/2020\/06\/Freunde-Tarif-Spare-40-EUR-Deutschkurs-80x53.jpg 80w, https:\/\/kapitel-zwei.de\/wp-content\/uploads\/2020\/06\/Freunde-Tarif-Spare-40-EUR-Deutschkurs-300x200.jpg 300w, https:\/\/kapitel-zwei.de\/wp-content\/uploads\/2020\/06\/Freunde-Tarif-Spare-40-EUR-Deutschkurs-768x512.jpg 768w, https:\/\/kapitel-zwei.de\/wp-content\/uploads\/2020\/06\/Freunde-Tarif-Spare-40-EUR-Deutschkurs-1500x1000.jpg 1500w, https:\/\/kapitel-zwei.de\/wp-content\/uploads\/2020\/06\/Freunde-Tarif-Spare-40-EUR-Deutschkurs-705x470.jpg 705w, https:\/\/kapitel-zwei.de\/wp-content\/uploads\/2020\/06\/Freunde-Tarif-Spare-40-EUR-Deutschkurs-450x300.jpg 450w, https:\/\/kapitel-zwei.de\/wp-content\/uploads\/2020\/06\/Freunde-Tarif-Spare-40-EUR-Deutschkurs.jpg 1920w\" sizes=\"(max-width: 1030px) 100vw, 1030px\" \/><\/div><\/div><\/div><\/div>\n\n<style type=\"text\/css\" data-created_by=\"avia_inline_auto\" id=\"style-css-av-kkpfzpc5-901eb8d7a5749f080193760c8f211189\">\n@keyframes av_boxShadowEffect_av-kkpfzpc5-901eb8d7a5749f080193760c8f211189-column {\n0%   { box-shadow:  0 0 0 0 #ff9d00; opacity: 1; }\n100% { box-shadow:  0 0 2px 0 #ff9d00; opacity: 1; }\n}\n.flex_column.av-kkpfzpc5-901eb8d7a5749f080193760c8f211189{\nbox-shadow: 0 0 2px 0 #ff9d00;\nborder-radius:0px 0px 0px 0px;\npadding:35px 35px 35px 35px;\nbackground-color:#fff8ed;\n}\n<\/style>\n<div  class='flex_column av-kkpfzpc5-901eb8d7a5749f080193760c8f211189 av_one_half  avia-builder-el-5  el_after_av_one_half  el_before_av_one_half  first flex_column_div shadow-not-animated  column-top-margin'     ><style type=\"text\/css\" data-created_by=\"avia_inline_auto\" id=\"style-css-av-1it8oae-68ddf3dcfe9d8c0697133d1a08631eaf\">\n#top .av_textblock_section.av-1it8oae-68ddf3dcfe9d8c0697133d1a08631eaf .avia_textblock{\nfont-size:16px;\n}\n<\/style>\n<section  class='av_textblock_section av-1it8oae-68ddf3dcfe9d8c0697133d1a08631eaf '   itemscope=\"itemscope\" itemtype=\"https:\/\/schema.org\/CreativeWork\" ><div class='avia_textblock'  itemprop=\"text\" ><p>a) Tu participes d\u00e9j\u00e0 \u00e0 nos cours intensifs et tu as rapport\u00e9 <strong>un\/e ami\/e comme nouveau\/nouvelle client\/e<\/strong> pour un cours intensif. Il\/elle b\u00e9n\u00e9ficiera d&rsquo;une r\u00e9duction de 20 EUR. Il faut toujours introduire le <strong>num\u00e9ro de client<\/strong> de l&rsquo;\u00e9tudiant existant.<\/p>\n<p>Afin que toi aussi tu puisses b\u00e9n\u00e9ficier d&rsquo;une r\u00e9duction de 20 EUR sur un cours intensif, <strong>tu dois \u00e9galement r\u00e9server un cours intensif dans les six mois qui suivent<\/strong>. Il faut introduire le <strong>num\u00e9ro de client<\/strong> du nouvel \u00e9tudiant.<\/p>\n<p>Ton ami\/e doit indiquer dans le formulaire d&rsquo;inscription \u00ab\u00a0Tarif amis + ton nom + <strong>num\u00e9ro de client<\/strong>\u00ab\u00a0.<\/p>\n<\/div><\/section><\/div>\n<style type=\"text\/css\" data-created_by=\"avia_inline_auto\" id=\"style-css-av-kkpfzpc5-3db2c324d88a00013d5f14bd8c80c024\">\n@keyframes av_boxShadowEffect_av-kkpfzpc5-3db2c324d88a00013d5f14bd8c80c024-column {\n0%   { box-shadow:  0 0 0 0 #ff9d00; opacity: 1; }\n100% { box-shadow:  0 0 2px 0 #ff9d00; opacity: 1; }\n}\n.flex_column.av-kkpfzpc5-3db2c324d88a00013d5f14bd8c80c024{\nbox-shadow: 0 0 2px 0 #ff9d00;\nborder-radius:0px 0px 0px 0px;\npadding:35px 35px 35px 35px;\nbackground-color:#fff8ed;\n}\n<\/style>\n<div  class='flex_column av-kkpfzpc5-3db2c324d88a00013d5f14bd8c80c024 av_one_half  avia-builder-el-7  el_after_av_one_half  el_before_av_one_full  flex_column_div shadow-not-animated  column-top-margin'     ><style type=\"text\/css\" data-created_by=\"avia_inline_auto\" id=\"style-css-av-1it8oae-68ddf3dcfe9d8c0697133d1a08631eaf\">\n#top .av_textblock_section.av-1it8oae-68ddf3dcfe9d8c0697133d1a08631eaf .avia_textblock{\nfont-size:16px;\n}\n<\/style>\n<section  class='av_textblock_section av-1it8oae-68ddf3dcfe9d8c0697133d1a08631eaf '   itemscope=\"itemscope\" itemtype=\"https:\/\/schema.org\/CreativeWork\" ><div class='avia_textblock'  itemprop=\"text\" ><p>b) Vous \u00eates <strong>tous deux nouveaux clients<\/strong> et vous vous inscrivez <strong>ensemble<\/strong> \u00e0 un cours intensif le m\u00eame mois. Merci de noter le nom de la deuxi\u00e8me personne dans le champ des commentaires du formulaire d&rsquo;inscription.<\/p>\n<\/div><\/section><\/div><\/p>\n\n<style type=\"text\/css\" data-created_by=\"avia_inline_auto\" id=\"style-css-av-kkpfzpc5-7d757a48cbe06cbdba105a142a80bbeb\">\n@keyframes av_boxShadowEffect_av-kkpfzpc5-7d757a48cbe06cbdba105a142a80bbeb-column {\n0%   { box-shadow:  0 0 0 0 #ff9d00; opacity: 1; }\n100% { box-shadow:  0 0 2px 0 #ff9d00; opacity: 1; }\n}\n.flex_column.av-kkpfzpc5-7d757a48cbe06cbdba105a142a80bbeb{\nbox-shadow: 0 0 2px 0 #ff9d00;\nborder-radius:0px 0px 0px 0px;\npadding:35px 35px 35px 35px;\nbackground-color:#dfffdd;\n}\n<\/style>\n<div  class='flex_column av-kkpfzpc5-7d757a48cbe06cbdba105a142a80bbeb av_one_full  avia-builder-el-9  el_after_av_one_half  avia-builder-el-last  first flex_column_div shadow-not-animated  column-top-margin'     ><style type=\"text\/css\" data-created_by=\"avia_inline_auto\" id=\"style-css-av-1it8oae-68ddf3dcfe9d8c0697133d1a08631eaf\">\n#top .av_textblock_section.av-1it8oae-68ddf3dcfe9d8c0697133d1a08631eaf .avia_textblock{\nfont-size:16px;\n}\n<\/style>\n<section  class='av_textblock_section av-1it8oae-68ddf3dcfe9d8c0697133d1a08631eaf '   itemscope=\"itemscope\" itemtype=\"https:\/\/schema.org\/CreativeWork\" ><div class='avia_textblock'  itemprop=\"text\" ><p>Conditions g\u00e9n\u00e9rales:<\/p>\n<p>Attention: la r\u00e9duction (de 20 EUR) sur le prix du cours est valable <strong>une seule fois<\/strong> par personne, et ce pour un cours intensif. Pour toute autre r\u00e9servation au cours des mois suivants, notre tarif Classic s&rsquo;applique.<\/p>\n<p>Pour chaque <strong>nouveau\/nouvelle client\/e inscrit\/e \u00e0 un cours intensif<\/strong>, le\/la client\/e d\u00e9j\u00e0 inscrit\/e re\u00e7oit un bon de 20 EUR sur un cours intensif. Le bon doit \u00eatre utilis\u00e9 pour un cours intensif dans les six mois, sinon il expire. Le client existant doit introduire le num\u00e9ro de client du nouvel \u00e9tudiant lors de la poursuite de la r\u00e9servation.<\/p>\n<p>Nous n&rsquo;autorisons pas les changements de r\u00e9servation ou les annulations avec cette promotion.<\/p>\n<p>La r\u00e9duction de 20 EUR\/ la valeur du bon n&rsquo;est pas transf\u00e9rable. Un versement en esp\u00e8ces ou autres ne sont pas possibles.<\/p>\n<\/div><\/section><\/div>\n","protected":false},"excerpt":{"rendered":"","protected":false},"author":16,"featured_media":0,"parent":0,"menu_order":0,"comment_status":"closed","ping_status":"closed","template":"","meta":{"footnotes":""},"class_list":["post-88692","page","type-page","status-publish","hentry"],"yoast_head":"<!-- This site is optimized with the Yoast SEO Premium plugin v24.4 (Yoast SEO v24.4) - https:\/\/yoast.com\/wordpress\/plugins\/seo\/ -->\n<title>20 EUR R\u00e9duction - Tarif amis - Cours intensif d&#039;allemand Berlin<\/title>\n<meta name=\"description\" content=\"\u00c9conomise 20 \u20ac sur le prix normal des cours! Inscris-toi avec un\/e ami\/e \u00e0 un cours intensif \u00e0 Berlin. Les frais des cours seront alors r\u00e9duits de 20\u20ac pour chacun\/e d&#039;entre vous pour le premier mois de cours\" \/>\n<meta name=\"robots\" content=\"index, follow, max-snippet:-1, max-image-preview:large, max-video-preview:-1\" \/>\n<link rel=\"canonical\" href=\"https:\/\/kapitel-zwei.de\/fr\/tarif-amis\/\" \/>\n<meta property=\"og:locale\" content=\"fr_FR\" \/>\n<meta property=\"og:type\" content=\"article\" \/>\n<meta property=\"og:title\" content=\"Tarif amis\" \/>\n<meta property=\"og:description\" content=\"\u00c9conomise 20 \u20ac sur le prix normal des cours! Inscris-toi avec un\/e ami\/e \u00e0 un cours intensif \u00e0 Berlin. Les frais des cours seront alors r\u00e9duits de 20\u20ac pour chacun\/e d&#039;entre vous pour le premier mois de cours\" \/>\n<meta property=\"og:url\" content=\"https:\/\/kapitel-zwei.de\/fr\/tarif-amis\/\" \/>\n<meta property=\"og:site_name\" content=\"Kapitel Zwei Berlin\" \/>\n<meta property=\"article:publisher\" content=\"https:\/\/www.facebook.com\/kapitelzwei\/\" \/>\n<meta property=\"article:modified_time\" content=\"2023-06-20T13:05:40+00:00\" \/>\n<meta name=\"twitter:card\" content=\"summary_large_image\" \/>\n<meta name=\"twitter:site\" content=\"@kapitelzwei\" \/>\n<meta name=\"twitter:label1\" content=\"Dur\u00e9e de lecture estim\u00e9e\" \/>\n\t<meta name=\"twitter:data1\" content=\"3 minutes\" \/>\n<script type=\"application\/ld+json\" class=\"yoast-schema-graph\">{\"@context\":\"https:\/\/schema.org\",\"@graph\":[{\"@type\":\"WebPage\",\"@id\":\"https:\/\/kapitel-zwei.de\/fr\/tarif-amis\/\",\"url\":\"https:\/\/kapitel-zwei.de\/fr\/tarif-amis\/\",\"name\":\"20 EUR R\u00e9duction - Tarif amis - Cours intensif d'allemand Berlin\",\"isPartOf\":{\"@id\":\"https:\/\/kapitel-zwei.de\/es\/#website\"},\"datePublished\":\"2020-06-20T14:27:09+00:00\",\"dateModified\":\"2023-06-20T13:05:40+00:00\",\"description\":\"\u00c9conomise 20 \u20ac sur le prix normal des cours! Inscris-toi avec un\/e ami\/e \u00e0 un cours intensif \u00e0 Berlin. Les frais des cours seront alors r\u00e9duits de 20\u20ac pour chacun\/e d'entre vous pour le premier mois de cours\",\"breadcrumb\":{\"@id\":\"https:\/\/kapitel-zwei.de\/fr\/tarif-amis\/#breadcrumb\"},\"inLanguage\":\"fr-FR\",\"potentialAction\":[{\"@type\":\"ReadAction\",\"target\":[\"https:\/\/kapitel-zwei.de\/fr\/tarif-amis\/\"]}]},{\"@type\":\"BreadcrumbList\",\"@id\":\"https:\/\/kapitel-zwei.de\/fr\/tarif-amis\/#breadcrumb\",\"itemListElement\":[{\"@type\":\"ListItem\",\"position\":1,\"name\":\"Startseite\",\"item\":\"https:\/\/kapitel-zwei.de\/fr\/\"},{\"@type\":\"ListItem\",\"position\":2,\"name\":\"Tarif amis\"}]},{\"@type\":\"WebSite\",\"@id\":\"https:\/\/kapitel-zwei.de\/es\/#website\",\"url\":\"https:\/\/kapitel-zwei.de\/es\/\",\"name\":\"Kapitel Zwei Berlin\",\"description\":\"Deutschkurs Berlin | Sprachschule Berlin | German language school Berlin | telc Berlin | Deutsch Pr\u00fcfung Berlin | Intensive German courses Berlin | TestDaF Pr\u00fcfung | Online Kurse\",\"publisher\":{\"@id\":\"https:\/\/kapitel-zwei.de\/es\/#organization\"},\"potentialAction\":[{\"@type\":\"SearchAction\",\"target\":{\"@type\":\"EntryPoint\",\"urlTemplate\":\"https:\/\/kapitel-zwei.de\/es\/?s={search_term_string}\"},\"query-input\":{\"@type\":\"PropertyValueSpecification\",\"valueRequired\":true,\"valueName\":\"search_term_string\"}}],\"inLanguage\":\"fr-FR\"},{\"@type\":\"Organization\",\"@id\":\"https:\/\/kapitel-zwei.de\/es\/#organization\",\"name\":\"Kapitel Zwei. Deutsch-Sprachschule Berlin GmbH\",\"url\":\"https:\/\/kapitel-zwei.de\/es\/\",\"logo\":{\"@type\":\"ImageObject\",\"inLanguage\":\"fr-FR\",\"@id\":\"https:\/\/kapitel-zwei.de\/es\/#\/schema\/logo\/image\/\",\"url\":\"https:\/\/kapitel-zwei.de\/wp-content\/uploads\/2018\/08\/Kapitel-Zwei-Berlin-Sprachschule-Deutsch-Deutschkurse-Berlin.jpg\",\"contentUrl\":\"https:\/\/kapitel-zwei.de\/wp-content\/uploads\/2018\/08\/Kapitel-Zwei-Berlin-Sprachschule-Deutsch-Deutschkurse-Berlin.jpg\",\"width\":350,\"height\":101,\"caption\":\"Kapitel Zwei. Deutsch-Sprachschule Berlin GmbH\"},\"image\":{\"@id\":\"https:\/\/kapitel-zwei.de\/es\/#\/schema\/logo\/image\/\"},\"sameAs\":[\"https:\/\/www.facebook.com\/kapitelzwei\/\",\"https:\/\/x.com\/kapitelzwei\"]}]}<\/script>\n<!-- \/ Yoast SEO Premium plugin. -->","yoast_head_json":{"title":"20 EUR R\u00e9duction - Tarif amis - Cours intensif d'allemand Berlin","description":"\u00c9conomise 20 \u20ac sur le prix normal des cours! Inscris-toi avec un\/e ami\/e \u00e0 un cours intensif \u00e0 Berlin. Les frais des cours seront alors r\u00e9duits de 20\u20ac pour chacun\/e d'entre vous pour le premier mois de cours","robots":{"index":"index","follow":"follow","max-snippet":"max-snippet:-1","max-image-preview":"max-image-preview:large","max-video-preview":"max-video-preview:-1"},"canonical":"https:\/\/kapitel-zwei.de\/fr\/tarif-amis\/","og_locale":"fr_FR","og_type":"article","og_title":"Tarif amis","og_description":"\u00c9conomise 20 \u20ac sur le prix normal des cours! Inscris-toi avec un\/e ami\/e \u00e0 un cours intensif \u00e0 Berlin. Les frais des cours seront alors r\u00e9duits de 20\u20ac pour chacun\/e d'entre vous pour le premier mois de cours","og_url":"https:\/\/kapitel-zwei.de\/fr\/tarif-amis\/","og_site_name":"Kapitel Zwei Berlin","article_publisher":"https:\/\/www.facebook.com\/kapitelzwei\/","article_modified_time":"2023-06-20T13:05:40+00:00","twitter_card":"summary_large_image","twitter_site":"@kapitelzwei","twitter_misc":{"Dur\u00e9e de lecture estim\u00e9e":"3 minutes"},"schema":{"@context":"https:\/\/schema.org","@graph":[{"@type":"WebPage","@id":"https:\/\/kapitel-zwei.de\/fr\/tarif-amis\/","url":"https:\/\/kapitel-zwei.de\/fr\/tarif-amis\/","name":"20 EUR R\u00e9duction - Tarif amis - Cours intensif d'allemand Berlin","isPartOf":{"@id":"https:\/\/kapitel-zwei.de\/es\/#website"},"datePublished":"2020-06-20T14:27:09+00:00","dateModified":"2023-06-20T13:05:40+00:00","description":"\u00c9conomise 20 \u20ac sur le prix normal des cours! Inscris-toi avec un\/e ami\/e \u00e0 un cours intensif \u00e0 Berlin. Les frais des cours seront alors r\u00e9duits de 20\u20ac pour chacun\/e d'entre vous pour le premier mois de cours","breadcrumb":{"@id":"https:\/\/kapitel-zwei.de\/fr\/tarif-amis\/#breadcrumb"},"inLanguage":"fr-FR","potentialAction":[{"@type":"ReadAction","target":["https:\/\/kapitel-zwei.de\/fr\/tarif-amis\/"]}]},{"@type":"BreadcrumbList","@id":"https:\/\/kapitel-zwei.de\/fr\/tarif-amis\/#breadcrumb","itemListElement":[{"@type":"ListItem","position":1,"name":"Startseite","item":"https:\/\/kapitel-zwei.de\/fr\/"},{"@type":"ListItem","position":2,"name":"Tarif amis"}]},{"@type":"WebSite","@id":"https:\/\/kapitel-zwei.de\/es\/#website","url":"https:\/\/kapitel-zwei.de\/es\/","name":"Kapitel Zwei Berlin","description":"Deutschkurs Berlin | Sprachschule Berlin | German language school Berlin | telc Berlin | Deutsch Pr\u00fcfung Berlin | Intensive German courses Berlin | TestDaF Pr\u00fcfung | Online Kurse","publisher":{"@id":"https:\/\/kapitel-zwei.de\/es\/#organization"},"potentialAction":[{"@type":"SearchAction","target":{"@type":"EntryPoint","urlTemplate":"https:\/\/kapitel-zwei.de\/es\/?s={search_term_string}"},"query-input":{"@type":"PropertyValueSpecification","valueRequired":true,"valueName":"search_term_string"}}],"inLanguage":"fr-FR"},{"@type":"Organization","@id":"https:\/\/kapitel-zwei.de\/es\/#organization","name":"Kapitel Zwei. Deutsch-Sprachschule Berlin GmbH","url":"https:\/\/kapitel-zwei.de\/es\/","logo":{"@type":"ImageObject","inLanguage":"fr-FR","@id":"https:\/\/kapitel-zwei.de\/es\/#\/schema\/logo\/image\/","url":"https:\/\/kapitel-zwei.de\/wp-content\/uploads\/2018\/08\/Kapitel-Zwei-Berlin-Sprachschule-Deutsch-Deutschkurse-Berlin.jpg","contentUrl":"https:\/\/kapitel-zwei.de\/wp-content\/uploads\/2018\/08\/Kapitel-Zwei-Berlin-Sprachschule-Deutsch-Deutschkurse-Berlin.jpg","width":350,"height":101,"caption":"Kapitel Zwei. Deutsch-Sprachschule Berlin GmbH"},"image":{"@id":"https:\/\/kapitel-zwei.de\/es\/#\/schema\/logo\/image\/"},"sameAs":["https:\/\/www.facebook.com\/kapitelzwei\/","https:\/\/x.com\/kapitelzwei"]}]}},"_links":{"self":[{"href":"https:\/\/kapitel-zwei.de\/fr\/wp-json\/wp\/v2\/pages\/88692","targetHints":{"allow":["GET"]}}],"collection":[{"href":"https:\/\/kapitel-zwei.de\/fr\/wp-json\/wp\/v2\/pages"}],"about":[{"href":"https:\/\/kapitel-zwei.de\/fr\/wp-json\/wp\/v2\/types\/page"}],"author":[{"embeddable":true,"href":"https:\/\/kapitel-zwei.de\/fr\/wp-json\/wp\/v2\/users\/16"}],"replies":[{"embeddable":true,"href":"https:\/\/kapitel-zwei.de\/fr\/wp-json\/wp\/v2\/comments?post=88692"}],"version-history":[{"count":8,"href":"https:\/\/kapitel-zwei.de\/fr\/wp-json\/wp\/v2\/pages\/88692\/revisions"}],"predecessor-version":[{"id":113231,"href":"https:\/\/kapitel-zwei.de\/fr\/wp-json\/wp\/v2\/pages\/88692\/revisions\/113231"}],"wp:attachment":[{"href":"https:\/\/kapitel-zwei.de\/fr\/wp-json\/wp\/v2\/media?parent=88692"}],"curies":[{"name":"wp","href":"https:\/\/api.w.org\/{rel}","templated":true}]}}