{"id":88757,"date":"2020-06-23T12:35:07","date_gmt":"2020-06-23T10:35:07","guid":{"rendered":"https:\/\/kapitel-zwei.de\/rabatt-3-online-deutschkurse\/"},"modified":"2025-04-28T12:44:15","modified_gmt":"2025-04-28T10:44:15","slug":"reduction-3-cours-allemand-en-ligne","status":"publish","type":"page","link":"https:\/\/kapitel-zwei.de\/fr\/reduction-3-cours-allemand-en-ligne\/","title":{"rendered":"R\u00e9servation de 3 cours d&rsquo;allemand en ligne"},"content":{"rendered":"\n<style type=\"text\/css\" data-created_by=\"avia_inline_auto\" id=\"style-css-av-2eyvy7p-6061e1a63db226cec6dbef37587dbc4e\">\n.flex_column.av-2eyvy7p-6061e1a63db226cec6dbef37587dbc4e{\nborder-radius:0px 0px 0px 0px;\npadding:0px 0px 0px 0px;\n}\n<\/style>\n<div  class='flex_column av-2eyvy7p-6061e1a63db226cec6dbef37587dbc4e av_two_third  avia-builder-el-0  el_before_av_one_third  avia-builder-el-first  first flex_column_div av-zero-column-padding  '     ><section  class='av_textblock_section av-220gywl-9958f6c35eb0b53a5993be3ca9461427 '   itemscope=\"itemscope\" itemtype=\"https:\/\/schema.org\/CreativeWork\" ><div class='avia_textblock'  itemprop=\"text\" ><h1><span style=\"color: #ff6600;\">R\u00e9servation de 3 mois<\/span><\/h1>\n<h3><span style=\"color: #ff6600;\">Cours d\u2019allemand en ligne avec des le\u00e7ons en direct (#online)<\/span><\/h3>\n<\/div><\/section><br \/>\n\n<style type=\"text\/css\" data-created_by=\"avia_inline_auto\" id=\"style-css-av-1qx195h-81bf0c2206506949122cd03e7b788391\">\n#top .av_textblock_section.av-1qx195h-81bf0c2206506949122cd03e7b788391 .avia_textblock{\nfont-size:16px;\n}\n<\/style>\n<section  class='av_textblock_section av-1qx195h-81bf0c2206506949122cd03e7b788391 '   itemscope=\"itemscope\" itemtype=\"https:\/\/schema.org\/CreativeWork\" ><div class='avia_textblock'  itemprop=\"text\" ><p><strong>\u00c9conomise 60 \u20ac<\/strong> et r\u00e9serve directement 3 cours intensifs cons\u00e9cutifs \u00e0<strong> 299 \u20ac \/ mois<\/strong> (4 semaines, du lundi au jeudi). Le paiement pour les trois mois doit \u00eatre effectu\u00e9 en avance. Profite du meilleur prix!<\/p>\n<\/div><\/section><\/p><\/div>\n<style type=\"text\/css\" data-created_by=\"avia_inline_auto\" id=\"style-css-av-1c6uqyd-cf9aa9446857068a1164e220c69959fc\">\n.flex_column.av-1c6uqyd-cf9aa9446857068a1164e220c69959fc{\nborder-radius:0px 0px 0px 0px;\npadding:0px 0px 0px 0px;\n}\n<\/style>\n<div  class='flex_column av-1c6uqyd-cf9aa9446857068a1164e220c69959fc av_one_third  avia-builder-el-3  el_after_av_two_third  avia-builder-el-last  flex_column_div av-zero-column-padding  '     ><style type=\"text\/css\" data-created_by=\"avia_inline_auto\" id=\"style-css-av-sk7d1x-a6b36bd71a4bda346eed858740649214\">\n.avia-image-container.av-sk7d1x-a6b36bd71a4bda346eed858740649214 img.avia_image{\nbox-shadow:none;\n}\n.avia-image-container.av-sk7d1x-a6b36bd71a4bda346eed858740649214 .av-image-caption-overlay-center{\ncolor:#ffffff;\n}\n<\/style>\n<div  class='avia-image-container av-sk7d1x-a6b36bd71a4bda346eed858740649214 av-styling- avia-align-center  avia-builder-el-4  avia-builder-el-no-sibling '   itemprop=\"image\" itemscope=\"itemscope\" itemtype=\"https:\/\/schema.org\/ImageObject\" ><div class=\"avia-image-container-inner\"><div class=\"avia-image-overlay-wrap\"><img decoding=\"async\" fetchpriority=\"high\" class='wp-image-87444 avia-img-lazy-loading-not-87444 avia_image ' src=\"https:\/\/kapitel-zwei.de\/wp-content\/uploads\/2020\/06\/Buchung-von-3-Online-Deutschkursen.jpg\" alt='Buchung von 3 Online Deutschkursen' title='Buchung von 3 Online Deutschkursen'  height=\"620\" width=\"679\"  itemprop=\"thumbnailUrl\" srcset=\"https:\/\/kapitel-zwei.de\/wp-content\/uploads\/2020\/06\/Buchung-von-3-Online-Deutschkursen.jpg 679w, https:\/\/kapitel-zwei.de\/wp-content\/uploads\/2020\/06\/Buchung-von-3-Online-Deutschkursen-80x73.jpg 80w, https:\/\/kapitel-zwei.de\/wp-content\/uploads\/2020\/06\/Buchung-von-3-Online-Deutschkursen-300x274.jpg 300w, https:\/\/kapitel-zwei.de\/wp-content\/uploads\/2020\/06\/Buchung-von-3-Online-Deutschkursen-450x411.jpg 450w\" sizes=\"(max-width: 679px) 100vw, 679px\" \/><\/div><\/div><\/div><\/div><\/p>\n","protected":false},"excerpt":{"rendered":"","protected":false},"author":16,"featured_media":0,"parent":0,"menu_order":0,"comment_status":"closed","ping_status":"closed","template":"","meta":{"footnotes":""},"class_list":["post-88757","page","type-page","status-publish","hentry"],"yoast_head":"<!-- This site is optimized with the Yoast SEO Premium plugin v24.4 (Yoast SEO v24.4) - https:\/\/yoast.com\/wordpress\/plugins\/seo\/ -->\n<title>60 EUR R\u00e9duction- 3 cours d&#039;allemand en ligne Kapitel Zwei<\/title>\n<meta name=\"description\" content=\"\u00c9conomise 60 \u20ac et r\u00e9serve directement 3 cours intensifs cons\u00e9cutifs (4 semaines, du lundi au jeudi). Le paiement pour les trois mois doit \u00eatre effectu\u00e9 en avance.\" \/>\n<meta name=\"robots\" content=\"index, follow, max-snippet:-1, max-image-preview:large, max-video-preview:-1\" \/>\n<link rel=\"canonical\" href=\"https:\/\/kapitel-zwei.de\/fr\/reduction-3-cours-allemand-en-ligne\/\" \/>\n<meta property=\"og:locale\" content=\"fr_FR\" \/>\n<meta property=\"og:type\" content=\"article\" \/>\n<meta property=\"og:title\" content=\"R\u00e9servation de 3 cours d&#039;allemand en ligne\" \/>\n<meta property=\"og:description\" content=\"\u00c9conomise 60 \u20ac et r\u00e9serve directement 3 cours intensifs cons\u00e9cutifs (4 semaines, du lundi au jeudi). Le paiement pour les trois mois doit \u00eatre effectu\u00e9 en avance.\" \/>\n<meta property=\"og:url\" content=\"https:\/\/kapitel-zwei.de\/fr\/reduction-3-cours-allemand-en-ligne\/\" \/>\n<meta property=\"og:site_name\" content=\"Kapitel Zwei Berlin\" \/>\n<meta property=\"article:publisher\" content=\"https:\/\/www.facebook.com\/kapitelzwei\/\" \/>\n<meta property=\"article:modified_time\" content=\"2025-04-28T10:44:15+00:00\" \/>\n<meta name=\"twitter:card\" content=\"summary_large_image\" \/>\n<meta name=\"twitter:site\" content=\"@kapitelzwei\" \/>\n<meta name=\"twitter:label1\" content=\"Dur\u00e9e de lecture estim\u00e9e\" \/>\n\t<meta name=\"twitter:data1\" content=\"1 minute\" \/>\n<script type=\"application\/ld+json\" class=\"yoast-schema-graph\">{\"@context\":\"https:\/\/schema.org\",\"@graph\":[{\"@type\":\"WebPage\",\"@id\":\"https:\/\/kapitel-zwei.de\/fr\/reduction-3-cours-allemand-en-ligne\/\",\"url\":\"https:\/\/kapitel-zwei.de\/fr\/reduction-3-cours-allemand-en-ligne\/\",\"name\":\"60 EUR R\u00e9duction- 3 cours d'allemand en ligne Kapitel Zwei\",\"isPartOf\":{\"@id\":\"https:\/\/kapitel-zwei.de\/es\/#website\"},\"datePublished\":\"2020-06-23T10:35:07+00:00\",\"dateModified\":\"2025-04-28T10:44:15+00:00\",\"description\":\"\u00c9conomise 60 \u20ac et r\u00e9serve directement 3 cours intensifs cons\u00e9cutifs (4 semaines, du lundi au jeudi). Le paiement pour les trois mois doit \u00eatre effectu\u00e9 en avance.\",\"breadcrumb\":{\"@id\":\"https:\/\/kapitel-zwei.de\/fr\/reduction-3-cours-allemand-en-ligne\/#breadcrumb\"},\"inLanguage\":\"fr-FR\",\"potentialAction\":[{\"@type\":\"ReadAction\",\"target\":[\"https:\/\/kapitel-zwei.de\/fr\/reduction-3-cours-allemand-en-ligne\/\"]}]},{\"@type\":\"BreadcrumbList\",\"@id\":\"https:\/\/kapitel-zwei.de\/fr\/reduction-3-cours-allemand-en-ligne\/#breadcrumb\",\"itemListElement\":[{\"@type\":\"ListItem\",\"position\":1,\"name\":\"Startseite\",\"item\":\"https:\/\/kapitel-zwei.de\/fr\/\"},{\"@type\":\"ListItem\",\"position\":2,\"name\":\"R\u00e9servation de 3 cours d&rsquo;allemand en ligne\"}]},{\"@type\":\"WebSite\",\"@id\":\"https:\/\/kapitel-zwei.de\/es\/#website\",\"url\":\"https:\/\/kapitel-zwei.de\/es\/\",\"name\":\"Kapitel Zwei Berlin\",\"description\":\"Deutschkurs Berlin | Sprachschule Berlin | German language school Berlin | telc Berlin | Deutsch Pr\u00fcfung Berlin | Intensive German courses Berlin | TestDaF Pr\u00fcfung | Online Kurse\",\"publisher\":{\"@id\":\"https:\/\/kapitel-zwei.de\/es\/#organization\"},\"potentialAction\":[{\"@type\":\"SearchAction\",\"target\":{\"@type\":\"EntryPoint\",\"urlTemplate\":\"https:\/\/kapitel-zwei.de\/es\/?s={search_term_string}\"},\"query-input\":{\"@type\":\"PropertyValueSpecification\",\"valueRequired\":true,\"valueName\":\"search_term_string\"}}],\"inLanguage\":\"fr-FR\"},{\"@type\":\"Organization\",\"@id\":\"https:\/\/kapitel-zwei.de\/es\/#organization\",\"name\":\"Kapitel Zwei. Deutsch-Sprachschule Berlin GmbH\",\"url\":\"https:\/\/kapitel-zwei.de\/es\/\",\"logo\":{\"@type\":\"ImageObject\",\"inLanguage\":\"fr-FR\",\"@id\":\"https:\/\/kapitel-zwei.de\/es\/#\/schema\/logo\/image\/\",\"url\":\"https:\/\/kapitel-zwei.de\/wp-content\/uploads\/2018\/08\/Kapitel-Zwei-Berlin-Sprachschule-Deutsch-Deutschkurse-Berlin.jpg\",\"contentUrl\":\"https:\/\/kapitel-zwei.de\/wp-content\/uploads\/2018\/08\/Kapitel-Zwei-Berlin-Sprachschule-Deutsch-Deutschkurse-Berlin.jpg\",\"width\":350,\"height\":101,\"caption\":\"Kapitel Zwei. Deutsch-Sprachschule Berlin GmbH\"},\"image\":{\"@id\":\"https:\/\/kapitel-zwei.de\/es\/#\/schema\/logo\/image\/\"},\"sameAs\":[\"https:\/\/www.facebook.com\/kapitelzwei\/\",\"https:\/\/x.com\/kapitelzwei\"]}]}<\/script>\n<!-- \/ Yoast SEO Premium plugin. -->","yoast_head_json":{"title":"60 EUR R\u00e9duction- 3 cours d'allemand en ligne Kapitel Zwei","description":"\u00c9conomise 60 \u20ac et r\u00e9serve directement 3 cours intensifs cons\u00e9cutifs (4 semaines, du lundi au jeudi). Le paiement pour les trois mois doit \u00eatre effectu\u00e9 en avance.","robots":{"index":"index","follow":"follow","max-snippet":"max-snippet:-1","max-image-preview":"max-image-preview:large","max-video-preview":"max-video-preview:-1"},"canonical":"https:\/\/kapitel-zwei.de\/fr\/reduction-3-cours-allemand-en-ligne\/","og_locale":"fr_FR","og_type":"article","og_title":"R\u00e9servation de 3 cours d'allemand en ligne","og_description":"\u00c9conomise 60 \u20ac et r\u00e9serve directement 3 cours intensifs cons\u00e9cutifs (4 semaines, du lundi au jeudi). Le paiement pour les trois mois doit \u00eatre effectu\u00e9 en avance.","og_url":"https:\/\/kapitel-zwei.de\/fr\/reduction-3-cours-allemand-en-ligne\/","og_site_name":"Kapitel Zwei Berlin","article_publisher":"https:\/\/www.facebook.com\/kapitelzwei\/","article_modified_time":"2025-04-28T10:44:15+00:00","twitter_card":"summary_large_image","twitter_site":"@kapitelzwei","twitter_misc":{"Dur\u00e9e de lecture estim\u00e9e":"1 minute"},"schema":{"@context":"https:\/\/schema.org","@graph":[{"@type":"WebPage","@id":"https:\/\/kapitel-zwei.de\/fr\/reduction-3-cours-allemand-en-ligne\/","url":"https:\/\/kapitel-zwei.de\/fr\/reduction-3-cours-allemand-en-ligne\/","name":"60 EUR R\u00e9duction- 3 cours d'allemand en ligne Kapitel Zwei","isPartOf":{"@id":"https:\/\/kapitel-zwei.de\/es\/#website"},"datePublished":"2020-06-23T10:35:07+00:00","dateModified":"2025-04-28T10:44:15+00:00","description":"\u00c9conomise 60 \u20ac et r\u00e9serve directement 3 cours intensifs cons\u00e9cutifs (4 semaines, du lundi au jeudi). Le paiement pour les trois mois doit \u00eatre effectu\u00e9 en avance.","breadcrumb":{"@id":"https:\/\/kapitel-zwei.de\/fr\/reduction-3-cours-allemand-en-ligne\/#breadcrumb"},"inLanguage":"fr-FR","potentialAction":[{"@type":"ReadAction","target":["https:\/\/kapitel-zwei.de\/fr\/reduction-3-cours-allemand-en-ligne\/"]}]},{"@type":"BreadcrumbList","@id":"https:\/\/kapitel-zwei.de\/fr\/reduction-3-cours-allemand-en-ligne\/#breadcrumb","itemListElement":[{"@type":"ListItem","position":1,"name":"Startseite","item":"https:\/\/kapitel-zwei.de\/fr\/"},{"@type":"ListItem","position":2,"name":"R\u00e9servation de 3 cours d&rsquo;allemand en ligne"}]},{"@type":"WebSite","@id":"https:\/\/kapitel-zwei.de\/es\/#website","url":"https:\/\/kapitel-zwei.de\/es\/","name":"Kapitel Zwei Berlin","description":"Deutschkurs Berlin | Sprachschule Berlin | German language school Berlin | telc Berlin | Deutsch Pr\u00fcfung Berlin | Intensive German courses Berlin | TestDaF Pr\u00fcfung | Online Kurse","publisher":{"@id":"https:\/\/kapitel-zwei.de\/es\/#organization"},"potentialAction":[{"@type":"SearchAction","target":{"@type":"EntryPoint","urlTemplate":"https:\/\/kapitel-zwei.de\/es\/?s={search_term_string}"},"query-input":{"@type":"PropertyValueSpecification","valueRequired":true,"valueName":"search_term_string"}}],"inLanguage":"fr-FR"},{"@type":"Organization","@id":"https:\/\/kapitel-zwei.de\/es\/#organization","name":"Kapitel Zwei. Deutsch-Sprachschule Berlin GmbH","url":"https:\/\/kapitel-zwei.de\/es\/","logo":{"@type":"ImageObject","inLanguage":"fr-FR","@id":"https:\/\/kapitel-zwei.de\/es\/#\/schema\/logo\/image\/","url":"https:\/\/kapitel-zwei.de\/wp-content\/uploads\/2018\/08\/Kapitel-Zwei-Berlin-Sprachschule-Deutsch-Deutschkurse-Berlin.jpg","contentUrl":"https:\/\/kapitel-zwei.de\/wp-content\/uploads\/2018\/08\/Kapitel-Zwei-Berlin-Sprachschule-Deutsch-Deutschkurse-Berlin.jpg","width":350,"height":101,"caption":"Kapitel Zwei. Deutsch-Sprachschule Berlin GmbH"},"image":{"@id":"https:\/\/kapitel-zwei.de\/es\/#\/schema\/logo\/image\/"},"sameAs":["https:\/\/www.facebook.com\/kapitelzwei\/","https:\/\/x.com\/kapitelzwei"]}]}},"_links":{"self":[{"href":"https:\/\/kapitel-zwei.de\/fr\/wp-json\/wp\/v2\/pages\/88757","targetHints":{"allow":["GET"]}}],"collection":[{"href":"https:\/\/kapitel-zwei.de\/fr\/wp-json\/wp\/v2\/pages"}],"about":[{"href":"https:\/\/kapitel-zwei.de\/fr\/wp-json\/wp\/v2\/types\/page"}],"author":[{"embeddable":true,"href":"https:\/\/kapitel-zwei.de\/fr\/wp-json\/wp\/v2\/users\/16"}],"replies":[{"embeddable":true,"href":"https:\/\/kapitel-zwei.de\/fr\/wp-json\/wp\/v2\/comments?post=88757"}],"version-history":[{"count":12,"href":"https:\/\/kapitel-zwei.de\/fr\/wp-json\/wp\/v2\/pages\/88757\/revisions"}],"predecessor-version":[{"id":123181,"href":"https:\/\/kapitel-zwei.de\/fr\/wp-json\/wp\/v2\/pages\/88757\/revisions\/123181"}],"wp:attachment":[{"href":"https:\/\/kapitel-zwei.de\/fr\/wp-json\/wp\/v2\/media?parent=88757"}],"curies":[{"name":"wp","href":"https:\/\/api.w.org\/{rel}","templated":true}]}}