{"id":88770,"date":"2020-06-19T18:23:34","date_gmt":"2020-06-19T16:23:34","guid":{"rendered":"https:\/\/kapitel-zwei.de\/buchung-drei-intensivkurse\/"},"modified":"2025-05-07T11:37:44","modified_gmt":"2025-05-07T09:37:44","slug":"reservation-3-mois","status":"publish","type":"page","link":"https:\/\/kapitel-zwei.de\/fr\/reservation-3-mois\/","title":{"rendered":"R\u00e9servation de 3 mois"},"content":{"rendered":"\n<style type=\"text\/css\" data-created_by=\"avia_inline_auto\" id=\"style-css-av-2nbba2q-08782d2ae4fb6cff3e7775fede5a4ae5\">\n.flex_column.av-2nbba2q-08782d2ae4fb6cff3e7775fede5a4ae5{\nborder-radius:0px 0px 0px 0px;\npadding:0px 0px 0px 0px;\n}\n<\/style>\n<div  class='flex_column av-2nbba2q-08782d2ae4fb6cff3e7775fede5a4ae5 av_two_third  avia-builder-el-0  el_before_av_one_third  avia-builder-el-first  first flex_column_div av-zero-column-padding  '     ><section  class='av_textblock_section av-25w59fm-f5e5ee09ef508f6fdd01d415103ec7b6 '   itemscope=\"itemscope\" itemtype=\"https:\/\/schema.org\/CreativeWork\" ><div class='avia_textblock'  itemprop=\"text\" ><h1><span style=\"color: #ff6600;\">R\u00e9servation de 3 mois <\/span><\/h1>\n<\/div><\/section><br \/>\n\n<style type=\"text\/css\" data-created_by=\"avia_inline_auto\" id=\"style-css-av-6f48de-23e32f41770fa173f31445469e41ff06\">\n#top .av_textblock_section.av-6f48de-23e32f41770fa173f31445469e41ff06 .avia_textblock{\nfont-size:16px;\n}\n<\/style>\n<section  class='av_textblock_section av-6f48de-23e32f41770fa173f31445469e41ff06 '   itemscope=\"itemscope\" itemtype=\"https:\/\/schema.org\/CreativeWork\" ><div class='avia_textblock'  itemprop=\"text\" ><p>\u00c9conomise <strong>60 \u20ac<\/strong> et r\u00e9serve directement<strong> 3 cours intensifs cons\u00e9cutifs<\/strong> \u00e0 <strong>299 \u20ac \/ mois<\/strong> (4 semaines, du lundi au jeudi). Le paiement pour les trois mois doit \u00eatre effectu\u00e9 <strong>en avance<\/strong>. Profite du meilleur prix!<\/p>\n<\/div><\/section><br \/>\n\n<style type=\"text\/css\" data-created_by=\"avia_inline_auto\" id=\"style-css-av-madqvr6z-80d8927b690b14de7cd71962eba9553b\">\n#top .av_textblock_section.av-madqvr6z-80d8927b690b14de7cd71962eba9553b .avia_textblock{\nfont-size:16px;\n}\n<\/style>\n<section  class='av_textblock_section av-madqvr6z-80d8927b690b14de7cd71962eba9553b '   itemscope=\"itemscope\" itemtype=\"https:\/\/schema.org\/CreativeWork\" ><div class='avia_textblock'  itemprop=\"text\" ><p>Si tu profites de l\u2019offre de r\u00e9servation de 3 mois, ces cours sont consid\u00e9r\u00e9s comme un seul cours en cas d\u2019annulation ou de report. Par cons\u00e9quent, le d\u00e9lai de 14 jours avant la date de d\u00e9but du <strong>premier<\/strong> cours s\u2019applique.<\/p>\n<\/div><\/section><\/p><\/div>\n<style type=\"text\/css\" data-created_by=\"avia_inline_auto\" id=\"style-css-av-1516cci-2dce7f1eed1ddc50a07e66845d339b59\">\n.flex_column.av-1516cci-2dce7f1eed1ddc50a07e66845d339b59{\nborder-radius:0px 0px 0px 0px;\npadding:0px 0px 0px 0px;\n}\n<\/style>\n<div  class='flex_column av-1516cci-2dce7f1eed1ddc50a07e66845d339b59 av_one_third  avia-builder-el-4  el_after_av_two_third  avia-builder-el-last  flex_column_div av-zero-column-padding  '     ><style type=\"text\/css\" data-created_by=\"avia_inline_auto\" id=\"style-css-av-rjl7cy-c657f803d52701784787a45235abb7f2\">\n.avia-image-container.av-rjl7cy-c657f803d52701784787a45235abb7f2 img.avia_image{\nbox-shadow:none;\n}\n.avia-image-container.av-rjl7cy-c657f803d52701784787a45235abb7f2 .av-image-caption-overlay-center{\ncolor:#ffffff;\n}\n<\/style>\n<div  class='avia-image-container av-rjl7cy-c657f803d52701784787a45235abb7f2 av-styling- avia-align-center  avia-builder-el-5  avia-builder-el-no-sibling '   itemprop=\"image\" itemscope=\"itemscope\" itemtype=\"https:\/\/schema.org\/ImageObject\" ><div class=\"avia-image-container-inner\"><div class=\"avia-image-overlay-wrap\"><img decoding=\"async\" fetchpriority=\"high\" class='wp-image-87086 avia-img-lazy-loading-not-87086 avia_image ' src=\"https:\/\/kapitel-zwei.de\/wp-content\/uploads\/2020\/06\/Buchung-von-3-Intensivkursen-Berlin-696x1030.png\" alt='Buchung von 3 Intensivkursen Berlin' title='Buchung von 3 Intensivkursen Berlin'  height=\"1030\" width=\"696\"  itemprop=\"thumbnailUrl\" srcset=\"https:\/\/kapitel-zwei.de\/wp-content\/uploads\/2020\/06\/Buchung-von-3-Intensivkursen-Berlin-696x1030.png 696w, https:\/\/kapitel-zwei.de\/wp-content\/uploads\/2020\/06\/Buchung-von-3-Intensivkursen-Berlin-54x80.png 54w, https:\/\/kapitel-zwei.de\/wp-content\/uploads\/2020\/06\/Buchung-von-3-Intensivkursen-Berlin-203x300.png 203w, https:\/\/kapitel-zwei.de\/wp-content\/uploads\/2020\/06\/Buchung-von-3-Intensivkursen-Berlin-768x1136.png 768w, https:\/\/kapitel-zwei.de\/wp-content\/uploads\/2020\/06\/Buchung-von-3-Intensivkursen-Berlin-476x705.png 476w, https:\/\/kapitel-zwei.de\/wp-content\/uploads\/2020\/06\/Buchung-von-3-Intensivkursen-Berlin-450x666.png 450w, https:\/\/kapitel-zwei.de\/wp-content\/uploads\/2020\/06\/Buchung-von-3-Intensivkursen-Berlin.png 865w\" sizes=\"(max-width: 696px) 100vw, 696px\" \/><\/div><\/div><\/div><\/div><\/p>\n","protected":false},"excerpt":{"rendered":"","protected":false},"author":16,"featured_media":0,"parent":0,"menu_order":0,"comment_status":"closed","ping_status":"closed","template":"","meta":{"footnotes":""},"class_list":["post-88770","page","type-page","status-publish","hentry"],"yoast_head":"<!-- This site is optimized with the Yoast SEO Premium plugin v24.4 (Yoast SEO v24.4) - https:\/\/yoast.com\/wordpress\/plugins\/seo\/ -->\n<title>R\u00e9duction 60 EUR - R\u00e9servation de 3 cours intensifs d&#039;allemand<\/title>\n<meta name=\"description\" content=\"\u00c9conomise 60 \u20ac et r\u00e9serve directement 3 cours intensifs cons\u00e9cutifs (4 semaines, du lundi au jeudi). Le paiement pour les trois mois doit \u00eatre effectu\u00e9 en avance.\" \/>\n<meta name=\"robots\" content=\"index, follow, max-snippet:-1, max-image-preview:large, max-video-preview:-1\" \/>\n<link rel=\"canonical\" href=\"https:\/\/kapitel-zwei.de\/fr\/reservation-3-mois\/\" \/>\n<meta property=\"og:locale\" content=\"fr_FR\" \/>\n<meta property=\"og:type\" content=\"article\" \/>\n<meta property=\"og:title\" content=\"R\u00e9servation de 3 mois\" \/>\n<meta property=\"og:description\" content=\"\u00c9conomise 60 \u20ac et r\u00e9serve directement 3 cours intensifs cons\u00e9cutifs (4 semaines, du lundi au jeudi). Le paiement pour les trois mois doit \u00eatre effectu\u00e9 en avance.\" \/>\n<meta property=\"og:url\" content=\"https:\/\/kapitel-zwei.de\/fr\/reservation-3-mois\/\" \/>\n<meta property=\"og:site_name\" content=\"Kapitel Zwei Berlin\" \/>\n<meta property=\"article:publisher\" content=\"https:\/\/www.facebook.com\/kapitelzwei\/\" \/>\n<meta property=\"article:modified_time\" content=\"2025-05-07T09:37:44+00:00\" \/>\n<meta name=\"twitter:card\" content=\"summary_large_image\" \/>\n<meta name=\"twitter:site\" content=\"@kapitelzwei\" \/>\n<meta name=\"twitter:label1\" content=\"Dur\u00e9e de lecture estim\u00e9e\" \/>\n\t<meta name=\"twitter:data1\" content=\"1 minute\" \/>\n<script type=\"application\/ld+json\" class=\"yoast-schema-graph\">{\"@context\":\"https:\/\/schema.org\",\"@graph\":[{\"@type\":\"WebPage\",\"@id\":\"https:\/\/kapitel-zwei.de\/fr\/reservation-3-mois\/\",\"url\":\"https:\/\/kapitel-zwei.de\/fr\/reservation-3-mois\/\",\"name\":\"R\u00e9duction 60 EUR - R\u00e9servation de 3 cours intensifs d'allemand\",\"isPartOf\":{\"@id\":\"https:\/\/kapitel-zwei.de\/es\/#website\"},\"datePublished\":\"2020-06-19T16:23:34+00:00\",\"dateModified\":\"2025-05-07T09:37:44+00:00\",\"description\":\"\u00c9conomise 60 \u20ac et r\u00e9serve directement 3 cours intensifs cons\u00e9cutifs (4 semaines, du lundi au jeudi). Le paiement pour les trois mois doit \u00eatre effectu\u00e9 en avance.\",\"breadcrumb\":{\"@id\":\"https:\/\/kapitel-zwei.de\/fr\/reservation-3-mois\/#breadcrumb\"},\"inLanguage\":\"fr-FR\",\"potentialAction\":[{\"@type\":\"ReadAction\",\"target\":[\"https:\/\/kapitel-zwei.de\/fr\/reservation-3-mois\/\"]}]},{\"@type\":\"BreadcrumbList\",\"@id\":\"https:\/\/kapitel-zwei.de\/fr\/reservation-3-mois\/#breadcrumb\",\"itemListElement\":[{\"@type\":\"ListItem\",\"position\":1,\"name\":\"Startseite\",\"item\":\"https:\/\/kapitel-zwei.de\/fr\/\"},{\"@type\":\"ListItem\",\"position\":2,\"name\":\"R\u00e9servation de 3 mois\"}]},{\"@type\":\"WebSite\",\"@id\":\"https:\/\/kapitel-zwei.de\/es\/#website\",\"url\":\"https:\/\/kapitel-zwei.de\/es\/\",\"name\":\"Kapitel Zwei Berlin\",\"description\":\"Deutschkurs Berlin | Sprachschule Berlin | German language school Berlin | telc Berlin | Deutsch Pr\u00fcfung Berlin | Intensive German courses Berlin | TestDaF Pr\u00fcfung | Online Kurse\",\"publisher\":{\"@id\":\"https:\/\/kapitel-zwei.de\/es\/#organization\"},\"potentialAction\":[{\"@type\":\"SearchAction\",\"target\":{\"@type\":\"EntryPoint\",\"urlTemplate\":\"https:\/\/kapitel-zwei.de\/es\/?s={search_term_string}\"},\"query-input\":{\"@type\":\"PropertyValueSpecification\",\"valueRequired\":true,\"valueName\":\"search_term_string\"}}],\"inLanguage\":\"fr-FR\"},{\"@type\":\"Organization\",\"@id\":\"https:\/\/kapitel-zwei.de\/es\/#organization\",\"name\":\"Kapitel Zwei. Deutsch-Sprachschule Berlin GmbH\",\"url\":\"https:\/\/kapitel-zwei.de\/es\/\",\"logo\":{\"@type\":\"ImageObject\",\"inLanguage\":\"fr-FR\",\"@id\":\"https:\/\/kapitel-zwei.de\/es\/#\/schema\/logo\/image\/\",\"url\":\"https:\/\/kapitel-zwei.de\/wp-content\/uploads\/2018\/08\/Kapitel-Zwei-Berlin-Sprachschule-Deutsch-Deutschkurse-Berlin.jpg\",\"contentUrl\":\"https:\/\/kapitel-zwei.de\/wp-content\/uploads\/2018\/08\/Kapitel-Zwei-Berlin-Sprachschule-Deutsch-Deutschkurse-Berlin.jpg\",\"width\":350,\"height\":101,\"caption\":\"Kapitel Zwei. Deutsch-Sprachschule Berlin GmbH\"},\"image\":{\"@id\":\"https:\/\/kapitel-zwei.de\/es\/#\/schema\/logo\/image\/\"},\"sameAs\":[\"https:\/\/www.facebook.com\/kapitelzwei\/\",\"https:\/\/x.com\/kapitelzwei\"]}]}<\/script>\n<!-- \/ Yoast SEO Premium plugin. -->","yoast_head_json":{"title":"R\u00e9duction 60 EUR - R\u00e9servation de 3 cours intensifs d'allemand","description":"\u00c9conomise 60 \u20ac et r\u00e9serve directement 3 cours intensifs cons\u00e9cutifs (4 semaines, du lundi au jeudi). Le paiement pour les trois mois doit \u00eatre effectu\u00e9 en avance.","robots":{"index":"index","follow":"follow","max-snippet":"max-snippet:-1","max-image-preview":"max-image-preview:large","max-video-preview":"max-video-preview:-1"},"canonical":"https:\/\/kapitel-zwei.de\/fr\/reservation-3-mois\/","og_locale":"fr_FR","og_type":"article","og_title":"R\u00e9servation de 3 mois","og_description":"\u00c9conomise 60 \u20ac et r\u00e9serve directement 3 cours intensifs cons\u00e9cutifs (4 semaines, du lundi au jeudi). Le paiement pour les trois mois doit \u00eatre effectu\u00e9 en avance.","og_url":"https:\/\/kapitel-zwei.de\/fr\/reservation-3-mois\/","og_site_name":"Kapitel Zwei Berlin","article_publisher":"https:\/\/www.facebook.com\/kapitelzwei\/","article_modified_time":"2025-05-07T09:37:44+00:00","twitter_card":"summary_large_image","twitter_site":"@kapitelzwei","twitter_misc":{"Dur\u00e9e de lecture estim\u00e9e":"1 minute"},"schema":{"@context":"https:\/\/schema.org","@graph":[{"@type":"WebPage","@id":"https:\/\/kapitel-zwei.de\/fr\/reservation-3-mois\/","url":"https:\/\/kapitel-zwei.de\/fr\/reservation-3-mois\/","name":"R\u00e9duction 60 EUR - R\u00e9servation de 3 cours intensifs d'allemand","isPartOf":{"@id":"https:\/\/kapitel-zwei.de\/es\/#website"},"datePublished":"2020-06-19T16:23:34+00:00","dateModified":"2025-05-07T09:37:44+00:00","description":"\u00c9conomise 60 \u20ac et r\u00e9serve directement 3 cours intensifs cons\u00e9cutifs (4 semaines, du lundi au jeudi). Le paiement pour les trois mois doit \u00eatre effectu\u00e9 en avance.","breadcrumb":{"@id":"https:\/\/kapitel-zwei.de\/fr\/reservation-3-mois\/#breadcrumb"},"inLanguage":"fr-FR","potentialAction":[{"@type":"ReadAction","target":["https:\/\/kapitel-zwei.de\/fr\/reservation-3-mois\/"]}]},{"@type":"BreadcrumbList","@id":"https:\/\/kapitel-zwei.de\/fr\/reservation-3-mois\/#breadcrumb","itemListElement":[{"@type":"ListItem","position":1,"name":"Startseite","item":"https:\/\/kapitel-zwei.de\/fr\/"},{"@type":"ListItem","position":2,"name":"R\u00e9servation de 3 mois"}]},{"@type":"WebSite","@id":"https:\/\/kapitel-zwei.de\/es\/#website","url":"https:\/\/kapitel-zwei.de\/es\/","name":"Kapitel Zwei Berlin","description":"Deutschkurs Berlin | Sprachschule Berlin | German language school Berlin | telc Berlin | Deutsch Pr\u00fcfung Berlin | Intensive German courses Berlin | TestDaF Pr\u00fcfung | Online Kurse","publisher":{"@id":"https:\/\/kapitel-zwei.de\/es\/#organization"},"potentialAction":[{"@type":"SearchAction","target":{"@type":"EntryPoint","urlTemplate":"https:\/\/kapitel-zwei.de\/es\/?s={search_term_string}"},"query-input":{"@type":"PropertyValueSpecification","valueRequired":true,"valueName":"search_term_string"}}],"inLanguage":"fr-FR"},{"@type":"Organization","@id":"https:\/\/kapitel-zwei.de\/es\/#organization","name":"Kapitel Zwei. Deutsch-Sprachschule Berlin GmbH","url":"https:\/\/kapitel-zwei.de\/es\/","logo":{"@type":"ImageObject","inLanguage":"fr-FR","@id":"https:\/\/kapitel-zwei.de\/es\/#\/schema\/logo\/image\/","url":"https:\/\/kapitel-zwei.de\/wp-content\/uploads\/2018\/08\/Kapitel-Zwei-Berlin-Sprachschule-Deutsch-Deutschkurse-Berlin.jpg","contentUrl":"https:\/\/kapitel-zwei.de\/wp-content\/uploads\/2018\/08\/Kapitel-Zwei-Berlin-Sprachschule-Deutsch-Deutschkurse-Berlin.jpg","width":350,"height":101,"caption":"Kapitel Zwei. Deutsch-Sprachschule Berlin GmbH"},"image":{"@id":"https:\/\/kapitel-zwei.de\/es\/#\/schema\/logo\/image\/"},"sameAs":["https:\/\/www.facebook.com\/kapitelzwei\/","https:\/\/x.com\/kapitelzwei"]}]}},"_links":{"self":[{"href":"https:\/\/kapitel-zwei.de\/fr\/wp-json\/wp\/v2\/pages\/88770","targetHints":{"allow":["GET"]}}],"collection":[{"href":"https:\/\/kapitel-zwei.de\/fr\/wp-json\/wp\/v2\/pages"}],"about":[{"href":"https:\/\/kapitel-zwei.de\/fr\/wp-json\/wp\/v2\/types\/page"}],"author":[{"embeddable":true,"href":"https:\/\/kapitel-zwei.de\/fr\/wp-json\/wp\/v2\/users\/16"}],"replies":[{"embeddable":true,"href":"https:\/\/kapitel-zwei.de\/fr\/wp-json\/wp\/v2\/comments?post=88770"}],"version-history":[{"count":17,"href":"https:\/\/kapitel-zwei.de\/fr\/wp-json\/wp\/v2\/pages\/88770\/revisions"}],"predecessor-version":[{"id":123306,"href":"https:\/\/kapitel-zwei.de\/fr\/wp-json\/wp\/v2\/pages\/88770\/revisions\/123306"}],"wp:attachment":[{"href":"https:\/\/kapitel-zwei.de\/fr\/wp-json\/wp\/v2\/media?parent=88770"}],"curies":[{"name":"wp","href":"https:\/\/api.w.org\/{rel}","templated":true}]}}