{"id":10018,"date":"2016-03-23T19:42:00","date_gmt":"2016-03-23T18:42:00","guid":{"rendered":"http:\/\/relaunch.kapitel-zwei.de\/it\/imparare-il-tedesco-a-berlino\/tandempartner-sprachpartner\/"},"modified":"2019-09-09T17:13:06","modified_gmt":"2019-09-09T15:13:06","slug":"tandem-linguistico","status":"publish","type":"page","link":"https:\/\/kapitel-zwei.de\/it\/tandem-linguistico\/","title":{"rendered":"Progetto Tandem"},"content":{"rendered":"\n<style type=\"text\/css\" data-created_by=\"avia_inline_auto\" id=\"style-css-av-av_one_third-352b07ef7d3bc99b2e9f92e7a9e06bdb\">\n.flex_column.av-av_one_third-352b07ef7d3bc99b2e9f92e7a9e06bdb{\nborder-radius:0px 0px 0px 0px;\npadding:0px 0px 0px 0px;\n}\n<\/style>\n<div  class='flex_column av-av_one_third-352b07ef7d3bc99b2e9f92e7a9e06bdb av_one_third  avia-builder-el-0  el_before_av_two_third  avia-builder-el-first  first flex_column_div av-zero-column-padding  '     ><section  class='av_textblock_section av-av_textblock-35972167d9f102c5ddaec0c531c98b9e '   itemscope=\"itemscope\" itemtype=\"https:\/\/schema.org\/CreativeWork\" ><div class='avia_textblock'  itemprop=\"text\" ><p class=\"intro\">Impara il Tedesco e trova nuovi amici a Berlino, con l\u2019aiuto di \u201cKapitel Zwei, scuola di Tedesco\u201d in posizione centrale tra Heinrich-Heine-Stra\u00dfe e M\u00e4rkisches Museum.<\/p>\n<\/div><\/section><br \/>\n\n<style type=\"text\/css\" data-created_by=\"avia_inline_auto\" id=\"style-css-av-av_image-a04184a3c4f960083f0bf12ce5961824\">\n.avia-image-container.av-av_image-a04184a3c4f960083f0bf12ce5961824 img.avia_image{\nbox-shadow:none;\n}\n.avia-image-container.av-av_image-a04184a3c4f960083f0bf12ce5961824 .av-image-caption-overlay-center{\ncolor:#ffffff;\n}\n<\/style>\n<div  class='avia-image-container av-av_image-a04184a3c4f960083f0bf12ce5961824 av-styling- avia-align-left  avia-builder-el-2  el_after_av_textblock  avia-builder-el-last '   itemprop=\"image\" itemscope=\"itemscope\" itemtype=\"https:\/\/schema.org\/ImageObject\" ><div class=\"avia-image-container-inner\"><div class=\"avia-image-overlay-wrap\"><img decoding=\"async\" fetchpriority=\"high\" class='wp-image-10915 avia-img-lazy-loading-not-10915 avia_image ' src=\"https:\/\/kapitel-zwei.de\/wp-content\/uploads\/2016\/03\/Kapitel-Zwei-Berlin-Tandem.jpg\" alt='Kapitel Zwei Berlin Tandem' title='Kapitel Zwei Berlin Tandem'  height=\"2133\" width=\"3200\"  itemprop=\"thumbnailUrl\" srcset=\"https:\/\/kapitel-zwei.de\/wp-content\/uploads\/2016\/03\/Kapitel-Zwei-Berlin-Tandem.jpg 3200w, https:\/\/kapitel-zwei.de\/wp-content\/uploads\/2016\/03\/Kapitel-Zwei-Berlin-Tandem-80x53.jpg 80w, https:\/\/kapitel-zwei.de\/wp-content\/uploads\/2016\/03\/Kapitel-Zwei-Berlin-Tandem-300x200.jpg 300w, https:\/\/kapitel-zwei.de\/wp-content\/uploads\/2016\/03\/Kapitel-Zwei-Berlin-Tandem-768x512.jpg 768w, https:\/\/kapitel-zwei.de\/wp-content\/uploads\/2016\/03\/Kapitel-Zwei-Berlin-Tandem-1030x687.jpg 1030w, https:\/\/kapitel-zwei.de\/wp-content\/uploads\/2016\/03\/Kapitel-Zwei-Berlin-Tandem-1500x1000.jpg 1500w, https:\/\/kapitel-zwei.de\/wp-content\/uploads\/2016\/03\/Kapitel-Zwei-Berlin-Tandem-705x470.jpg 705w, https:\/\/kapitel-zwei.de\/wp-content\/uploads\/2016\/03\/Kapitel-Zwei-Berlin-Tandem-450x300.jpg 450w\" sizes=\"(max-width: 3200px) 100vw, 3200px\" \/><\/div><\/div><\/div><\/p><\/div>\n<style type=\"text\/css\" data-created_by=\"avia_inline_auto\" id=\"style-css-av-av_two_third-2a64de42b738552fe666ca889af77e28\">\n.flex_column.av-av_two_third-2a64de42b738552fe666ca889af77e28{\nborder-radius:0px 0px 0px 0px;\npadding:0px 0px 0px 0px;\n}\n<\/style>\n<div  class='flex_column av-av_two_third-2a64de42b738552fe666ca889af77e28 av_two_third  avia-builder-el-3  el_after_av_one_third  el_before_av_hr  flex_column_div av-zero-column-padding  '     ><section  class='av_textblock_section av-av_textblock-35972167d9f102c5ddaec0c531c98b9e '   itemscope=\"itemscope\" itemtype=\"https:\/\/schema.org\/CreativeWork\" ><div class='avia_textblock'  itemprop=\"text\" ><h1><span style=\"color: #ff6600;\">Impara il Tedesco con un Tandem!<\/span><\/h1>\n<\/div><\/section><br \/>\n<section  class='av_textblock_section av-av_textblock-35972167d9f102c5ddaec0c531c98b9e '   itemscope=\"itemscope\" itemtype=\"https:\/\/schema.org\/CreativeWork\" ><div class='avia_textblock'  itemprop=\"text\" ><p>Vuoi imparare il Tedesco a Berlino con un madrelingua, conoscere la citt\u00e0 e fare nuove amicizie?<\/p>\n<p>Sei interessato a condividere la tua cultura?<\/p>\n<\/div><\/section><\/p><\/div><\/p>\n\n<style type=\"text\/css\" data-created_by=\"avia_inline_auto\" id=\"style-css-av-av_hr-b30e41aaa4ee0c8f0a9002998d6d6e97\">\n#top .hr.hr-invisible.av-av_hr-b30e41aaa4ee0c8f0a9002998d6d6e97{\nheight:20px;\n}\n<\/style>\n<div  class='hr av-av_hr-b30e41aaa4ee0c8f0a9002998d6d6e97 hr-invisible  avia-builder-el-6  el_after_av_two_third  el_before_av_textblock '><span class='hr-inner '><span class=\"hr-inner-style\"><\/span><\/span><\/div>\n<section  class='av_textblock_section av-av_textblock-35972167d9f102c5ddaec0c531c98b9e '   itemscope=\"itemscope\" itemtype=\"https:\/\/schema.org\/CreativeWork\" ><div class='avia_textblock'  itemprop=\"text\" ><p>Prova ad immaginarti il programma Tandem come una normale bicicletta. Va su due ruote e funziona in entrambi i modi. Tu sei la prima ruota e puoi trovare una seconda tramite i link elencati qui sotto. Potrai trovare persone che parlano Tedesco per il tuo scambio linguistico e culturale. Impara il Tedesco e introduci il\/la tuo\/a partner nella tua lingua e cultura. Insieme otterrai un risultato migliore. Ti aiuter\u00e0 a trovare nuovi amici a Berlino e ad imparare a parlare Tedesco in modo corrente, in pi\u00f9 a mettere in pratica la teoria. Allo stesso tempo potrai parlare di te, del tuo paese e delle specialit\u00e0 nazionali, condividere interessi comuni e scoprire Berlino insieme al tuo Tandem.<\/p>\n<ul>\n<li><a href=\"https:\/\/www.meetup.com\/de-DE\/italian-german-tandem-berlin\/\" target=\"_blank\" rel=\"noopener noreferrer\">Progetto Tandem &#8220;Italian-German-Tandem&#8221;<\/a><\/li>\n<li><a title=\"Progetto tandem nella HU, imparare il Tedesceo a Berlino, Kapitel Zwei Scuola di Tedesco Berlino Alexanderplatz, Karl-Liebknecht-Stra\u00dfe 29, Berliner Zeitung\" href=\"http:\/\/www.sprachenzentrum.fu-berlin.de\/slz\/tandem\/fragebogen_en\/index.html\" target=\"_blank\" rel=\"noopener noreferrer\">Progetto Tandem alla Freie Universit\u00e4t di Berlino<\/a><\/li>\n<li><a title=\"Progetto tandem nella TU, imparare il Tedesceo a Berlino, Kapitel Zwei Scuola di Tedesco Berlino Alexanderplatz, Karl-Liebknecht-Stra\u00dfe 29, Berliner Zeitung\" href=\"http:\/\/www.skb.tu-berlin.de\/contao\/index.php\/tandem.html\" target=\"_blank\" rel=\"noopener noreferrer\">Progetto Tandem alla Technische Universit\u00e4t di Berlino<\/a><\/li>\n<li><a title=\"Progetto Tandem Kapitel Zwei Berlino imparare il tedesco \" href=\"http:\/\/www.erstenachhilfe.de\/tandempartner\" target=\"_blank\" rel=\"noopener noreferrer\">Progetto tandem in generale<\/a><\/li>\n<li><a title=\"Progetto tandem intercambiando, imparare il Tedesceo a Berlino, Kapitel Zwei Scuola di Tedesco Berlino Alexanderplatz, Karl-Liebknecht-Stra\u00dfe 29, Berliner Zeitung\" href=\"http:\/\/www.intercambiando.de\/tandem\/\" target=\"_blank\" rel=\"noopener noreferrer\">Intercambiando Berlin<\/a><\/li>\n<\/ul>\n<p>Per ulteriori informazioni riguardo il tuo corso di Tedesco e il progetto Tandem: berlin@kapitel-zwei.de<\/p>\n<\/div><\/section>\n","protected":false},"excerpt":{"rendered":"","protected":false},"author":16,"featured_media":0,"parent":0,"menu_order":0,"comment_status":"closed","ping_status":"closed","template":"","meta":{"footnotes":""},"class_list":["post-10018","page","type-page","status-publish","hentry"],"yoast_head":"<!-- This site is optimized with the Yoast SEO Premium plugin v24.4 (Yoast SEO v24.4) - https:\/\/yoast.com\/wordpress\/plugins\/seo\/ -->\n<title>Trovare partner tandem a Berlino - Scuola di tedesco Berlino<\/title>\n<meta name=\"description\" content=\"Partner tandem - Per imparare il tedesco e per conoscere meglio Berlino, ti aiuta il dialogo ed il contatto con persone madrelingua di Berlino.\" \/>\n<meta name=\"robots\" content=\"index, follow, max-snippet:-1, max-image-preview:large, max-video-preview:-1\" \/>\n<link rel=\"canonical\" href=\"https:\/\/www.kapitel-zwei.de\/it\/tandem-linguistico\/\" \/>\n<meta property=\"og:locale\" content=\"it_IT\" \/>\n<meta property=\"og:type\" content=\"article\" \/>\n<meta property=\"og:title\" content=\"Progetto Tandem\" \/>\n<meta property=\"og:description\" content=\"Partner tandem - Per imparare il tedesco e per conoscere meglio Berlino, ti aiuta il dialogo ed il contatto con persone madrelingua di Berlino.\" \/>\n<meta property=\"og:url\" content=\"https:\/\/www.kapitel-zwei.de\/it\/tandem-linguistico\/\" \/>\n<meta property=\"og:site_name\" content=\"Kapitel Zwei Berlin\" \/>\n<meta property=\"article:publisher\" content=\"https:\/\/www.facebook.com\/kapitelzwei\/\" \/>\n<meta property=\"article:modified_time\" content=\"2019-09-09T15:13:06+00:00\" \/>\n<meta name=\"twitter:card\" content=\"summary_large_image\" \/>\n<meta name=\"twitter:site\" content=\"@kapitelzwei\" \/>\n<meta name=\"twitter:label1\" content=\"Tempo di lettura stimato\" \/>\n\t<meta name=\"twitter:data1\" content=\"2 minuti\" \/>\n<script type=\"application\/ld+json\" class=\"yoast-schema-graph\">{\"@context\":\"https:\/\/schema.org\",\"@graph\":[{\"@type\":\"WebPage\",\"@id\":\"https:\/\/www.kapitel-zwei.de\/it\/tandem-linguistico\/\",\"url\":\"https:\/\/www.kapitel-zwei.de\/it\/tandem-linguistico\/\",\"name\":\"Trovare partner tandem a Berlino - Scuola di tedesco Berlino\",\"isPartOf\":{\"@id\":\"https:\/\/kapitel-zwei.de\/es\/#website\"},\"datePublished\":\"2016-03-23T18:42:00+00:00\",\"dateModified\":\"2019-09-09T15:13:06+00:00\",\"description\":\"Partner tandem - Per imparare il tedesco e per conoscere meglio Berlino, ti aiuta il dialogo ed il contatto con persone madrelingua di Berlino.\",\"breadcrumb\":{\"@id\":\"https:\/\/www.kapitel-zwei.de\/it\/tandem-linguistico\/#breadcrumb\"},\"inLanguage\":\"it-IT\",\"potentialAction\":[{\"@type\":\"ReadAction\",\"target\":[\"https:\/\/www.kapitel-zwei.de\/it\/tandem-linguistico\/\"]}]},{\"@type\":\"BreadcrumbList\",\"@id\":\"https:\/\/www.kapitel-zwei.de\/it\/tandem-linguistico\/#breadcrumb\",\"itemListElement\":[{\"@type\":\"ListItem\",\"position\":1,\"name\":\"Startseite\",\"item\":\"https:\/\/kapitel-zwei.de\/it\/\"},{\"@type\":\"ListItem\",\"position\":2,\"name\":\"Progetto Tandem\"}]},{\"@type\":\"WebSite\",\"@id\":\"https:\/\/kapitel-zwei.de\/es\/#website\",\"url\":\"https:\/\/kapitel-zwei.de\/es\/\",\"name\":\"Kapitel Zwei Berlin\",\"description\":\"Deutschkurs Berlin | Sprachschule Berlin | German language school Berlin | telc Berlin | Deutsch Pr\u00fcfung Berlin | Intensive German courses Berlin | TestDaF Pr\u00fcfung | Online Kurse\",\"publisher\":{\"@id\":\"https:\/\/kapitel-zwei.de\/es\/#organization\"},\"potentialAction\":[{\"@type\":\"SearchAction\",\"target\":{\"@type\":\"EntryPoint\",\"urlTemplate\":\"https:\/\/kapitel-zwei.de\/es\/?s={search_term_string}\"},\"query-input\":{\"@type\":\"PropertyValueSpecification\",\"valueRequired\":true,\"valueName\":\"search_term_string\"}}],\"inLanguage\":\"it-IT\"},{\"@type\":\"Organization\",\"@id\":\"https:\/\/kapitel-zwei.de\/es\/#organization\",\"name\":\"Kapitel Zwei. Deutsch-Sprachschule Berlin GmbH\",\"url\":\"https:\/\/kapitel-zwei.de\/es\/\",\"logo\":{\"@type\":\"ImageObject\",\"inLanguage\":\"it-IT\",\"@id\":\"https:\/\/kapitel-zwei.de\/es\/#\/schema\/logo\/image\/\",\"url\":\"https:\/\/kapitel-zwei.de\/wp-content\/uploads\/2018\/08\/Kapitel-Zwei-Berlin-Sprachschule-Deutsch-Deutschkurse-Berlin.jpg\",\"contentUrl\":\"https:\/\/kapitel-zwei.de\/wp-content\/uploads\/2018\/08\/Kapitel-Zwei-Berlin-Sprachschule-Deutsch-Deutschkurse-Berlin.jpg\",\"width\":350,\"height\":101,\"caption\":\"Kapitel Zwei. Deutsch-Sprachschule Berlin GmbH\"},\"image\":{\"@id\":\"https:\/\/kapitel-zwei.de\/es\/#\/schema\/logo\/image\/\"},\"sameAs\":[\"https:\/\/www.facebook.com\/kapitelzwei\/\",\"https:\/\/x.com\/kapitelzwei\"]}]}<\/script>\n<!-- \/ Yoast SEO Premium plugin. -->","yoast_head_json":{"title":"Trovare partner tandem a Berlino - Scuola di tedesco Berlino","description":"Partner tandem - Per imparare il tedesco e per conoscere meglio Berlino, ti aiuta il dialogo ed il contatto con persone madrelingua di Berlino.","robots":{"index":"index","follow":"follow","max-snippet":"max-snippet:-1","max-image-preview":"max-image-preview:large","max-video-preview":"max-video-preview:-1"},"canonical":"https:\/\/www.kapitel-zwei.de\/it\/tandem-linguistico\/","og_locale":"it_IT","og_type":"article","og_title":"Progetto Tandem","og_description":"Partner tandem - Per imparare il tedesco e per conoscere meglio Berlino, ti aiuta il dialogo ed il contatto con persone madrelingua di Berlino.","og_url":"https:\/\/www.kapitel-zwei.de\/it\/tandem-linguistico\/","og_site_name":"Kapitel Zwei Berlin","article_publisher":"https:\/\/www.facebook.com\/kapitelzwei\/","article_modified_time":"2019-09-09T15:13:06+00:00","twitter_card":"summary_large_image","twitter_site":"@kapitelzwei","twitter_misc":{"Tempo di lettura stimato":"2 minuti"},"schema":{"@context":"https:\/\/schema.org","@graph":[{"@type":"WebPage","@id":"https:\/\/www.kapitel-zwei.de\/it\/tandem-linguistico\/","url":"https:\/\/www.kapitel-zwei.de\/it\/tandem-linguistico\/","name":"Trovare partner tandem a Berlino - Scuola di tedesco Berlino","isPartOf":{"@id":"https:\/\/kapitel-zwei.de\/es\/#website"},"datePublished":"2016-03-23T18:42:00+00:00","dateModified":"2019-09-09T15:13:06+00:00","description":"Partner tandem - Per imparare il tedesco e per conoscere meglio Berlino, ti aiuta il dialogo ed il contatto con persone madrelingua di Berlino.","breadcrumb":{"@id":"https:\/\/www.kapitel-zwei.de\/it\/tandem-linguistico\/#breadcrumb"},"inLanguage":"it-IT","potentialAction":[{"@type":"ReadAction","target":["https:\/\/www.kapitel-zwei.de\/it\/tandem-linguistico\/"]}]},{"@type":"BreadcrumbList","@id":"https:\/\/www.kapitel-zwei.de\/it\/tandem-linguistico\/#breadcrumb","itemListElement":[{"@type":"ListItem","position":1,"name":"Startseite","item":"https:\/\/kapitel-zwei.de\/it\/"},{"@type":"ListItem","position":2,"name":"Progetto Tandem"}]},{"@type":"WebSite","@id":"https:\/\/kapitel-zwei.de\/es\/#website","url":"https:\/\/kapitel-zwei.de\/es\/","name":"Kapitel Zwei Berlin","description":"Deutschkurs Berlin | Sprachschule Berlin | German language school Berlin | telc Berlin | Deutsch Pr\u00fcfung Berlin | Intensive German courses Berlin | TestDaF Pr\u00fcfung | Online Kurse","publisher":{"@id":"https:\/\/kapitel-zwei.de\/es\/#organization"},"potentialAction":[{"@type":"SearchAction","target":{"@type":"EntryPoint","urlTemplate":"https:\/\/kapitel-zwei.de\/es\/?s={search_term_string}"},"query-input":{"@type":"PropertyValueSpecification","valueRequired":true,"valueName":"search_term_string"}}],"inLanguage":"it-IT"},{"@type":"Organization","@id":"https:\/\/kapitel-zwei.de\/es\/#organization","name":"Kapitel Zwei. Deutsch-Sprachschule Berlin GmbH","url":"https:\/\/kapitel-zwei.de\/es\/","logo":{"@type":"ImageObject","inLanguage":"it-IT","@id":"https:\/\/kapitel-zwei.de\/es\/#\/schema\/logo\/image\/","url":"https:\/\/kapitel-zwei.de\/wp-content\/uploads\/2018\/08\/Kapitel-Zwei-Berlin-Sprachschule-Deutsch-Deutschkurse-Berlin.jpg","contentUrl":"https:\/\/kapitel-zwei.de\/wp-content\/uploads\/2018\/08\/Kapitel-Zwei-Berlin-Sprachschule-Deutsch-Deutschkurse-Berlin.jpg","width":350,"height":101,"caption":"Kapitel Zwei. Deutsch-Sprachschule Berlin GmbH"},"image":{"@id":"https:\/\/kapitel-zwei.de\/es\/#\/schema\/logo\/image\/"},"sameAs":["https:\/\/www.facebook.com\/kapitelzwei\/","https:\/\/x.com\/kapitelzwei"]}]}},"_links":{"self":[{"href":"https:\/\/kapitel-zwei.de\/it\/wp-json\/wp\/v2\/pages\/10018","targetHints":{"allow":["GET"]}}],"collection":[{"href":"https:\/\/kapitel-zwei.de\/it\/wp-json\/wp\/v2\/pages"}],"about":[{"href":"https:\/\/kapitel-zwei.de\/it\/wp-json\/wp\/v2\/types\/page"}],"author":[{"embeddable":true,"href":"https:\/\/kapitel-zwei.de\/it\/wp-json\/wp\/v2\/users\/16"}],"replies":[{"embeddable":true,"href":"https:\/\/kapitel-zwei.de\/it\/wp-json\/wp\/v2\/comments?post=10018"}],"version-history":[{"count":4,"href":"https:\/\/kapitel-zwei.de\/it\/wp-json\/wp\/v2\/pages\/10018\/revisions"}],"predecessor-version":[{"id":68395,"href":"https:\/\/kapitel-zwei.de\/it\/wp-json\/wp\/v2\/pages\/10018\/revisions\/68395"}],"wp:attachment":[{"href":"https:\/\/kapitel-zwei.de\/it\/wp-json\/wp\/v2\/media?parent=10018"}],"curies":[{"name":"wp","href":"https:\/\/api.w.org\/{rel}","templated":true}]}}