{"id":9969,"date":"2016-03-23T19:52:03","date_gmt":"2016-03-23T18:52:03","guid":{"rendered":"http:\/\/relaunch.kapitel-zwei.de\/it\/vivere-a-berlino\/unterkunft\/"},"modified":"2022-02-11T15:48:53","modified_gmt":"2022-02-11T14:48:53","slug":"alloggio","status":"publish","type":"page","link":"https:\/\/kapitel-zwei.de\/it\/vivere-a-berlino\/alloggio\/","title":{"rendered":"Alloggio a Berlino"},"content":{"rendered":"\n<style type=\"text\/css\" data-created_by=\"avia_inline_auto\" id=\"style-css-av-ikni1t-c744243a2a0328a8abb9404161f31d62\">\n.flex_column.av-ikni1t-c744243a2a0328a8abb9404161f31d62{\nborder-radius:0px 0px 0px 0px;\npadding:0px 0px 0px 0px;\n}\n<\/style>\n<div  class='flex_column av-ikni1t-c744243a2a0328a8abb9404161f31d62 av_one_full  avia-builder-el-0  el_before_av_hr  avia-builder-el-first  first flex_column_div av-zero-column-padding  '     ><section  class='av_textblock_section av-gr8tj5-31d03f8d58a5e4c01dd77f5be529788d '   itemscope=\"itemscope\" itemtype=\"https:\/\/schema.org\/CreativeWork\" ><div class='avia_textblock'  itemprop=\"text\" ><h1><span style=\"color: #ff6600;\">Corso di Tedesco a Berlino + alloggio a Berlino!<\/span><\/h1>\n<\/div><\/section><br \/>\n<section  class='av_textblock_section av-fs9tgh-41e2aed92600fd430f18e1c0da52671c '   itemscope=\"itemscope\" itemtype=\"https:\/\/schema.org\/CreativeWork\" ><div class='avia_textblock'  itemprop=\"text\" ><p>Per approfondire le tue conoscenze del tedesco e per sentirti perfettamente a tuo agio a Berlino nelle tue prime settimane, ti offriamo un alloggio o in una casa degli studenti o presso una famiglia ospitante \/ in un appartamento condiviso. Per pi\u00f9 informazioni, clicca sul rispettivo link:<\/p>\n<h3><span style=\"color: #ff6600;\">Offriamo un corso di tedesco per quattro settimane e una stanza singola<\/span><\/h3>\n<ul>\n<li><span style=\"color: #333333;\"><a href=\"#studentenwohnheim\">in uno studentato<\/a><\/span><\/li>\n<li><span style=\"color: #ff6600;\"><span style=\"color: #333333;\"><a href=\"#gastfamilie\">presso una famiglia ospitante<\/a><\/span><\/span><\/li>\n<\/ul>\n<\/div><\/section><\/p><\/div>\n\n<style type=\"text\/css\" data-created_by=\"avia_inline_auto\" id=\"style-css-av-egnzxd-a7702e7a155f15b06e1f972c63eb2103\">\n#top .hr.hr-invisible.av-egnzxd-a7702e7a155f15b06e1f972c63eb2103{\nheight:10px;\n}\n<\/style>\n<div  class='hr av-egnzxd-a7702e7a155f15b06e1f972c63eb2103 hr-invisible  avia-builder-el-3  el_after_av_one_full  el_before_av_one_full '><span class='hr-inner '><span class=\"hr-inner-style\"><\/span><\/span><\/div>\n\n<style type=\"text\/css\" data-created_by=\"avia_inline_auto\" id=\"style-css-av-kkh5xbus-0d43c6cacc43d1104d7d239f28605424\">\n.flex_column.av-kkh5xbus-0d43c6cacc43d1104d7d239f28605424{\nborder-radius:0px 0px 0px 0px;\npadding:15px 15px 15px 15px;\nbackground-color:#fff8ed;\n}\n<\/style>\n<div  class='flex_column av-kkh5xbus-0d43c6cacc43d1104d7d239f28605424 av_one_full  avia-builder-el-4  el_after_av_hr  el_before_av_hr  first flex_column_div  '     ><section  class='av_textblock_section av-kkh5xmme-d319f716e7bdacd420f55bb8dab19068 '   itemscope=\"itemscope\" itemtype=\"https:\/\/schema.org\/CreativeWork\" ><div class='avia_textblock'  itemprop=\"text\" ><h2><a class=\"mceItemAnchor\" name=\"studentenwohnheim\"><\/a><span style=\"color: #ff6600;\">Studentato &#8211; 499 \u20ac<\/span><\/h2>\n<p><img loading=\"lazy\" decoding=\"async\" class=\"alignnone size-large wp-image-17208\" src=\"https:\/\/kapitel-zwei.de\/wp-content\/uploads\/2016\/03\/BRST-1030x253.jpg\" alt=\"\" width=\"1030\" height=\"253\" srcset=\"https:\/\/kapitel-zwei.de\/wp-content\/uploads\/2016\/03\/BRST-1030x253.jpg 1030w, https:\/\/kapitel-zwei.de\/wp-content\/uploads\/2016\/03\/BRST-80x20.jpg 80w, https:\/\/kapitel-zwei.de\/wp-content\/uploads\/2016\/03\/BRST-300x74.jpg 300w, https:\/\/kapitel-zwei.de\/wp-content\/uploads\/2016\/03\/BRST-768x189.jpg 768w, https:\/\/kapitel-zwei.de\/wp-content\/uploads\/2016\/03\/BRST-1500x369.jpg 1500w, https:\/\/kapitel-zwei.de\/wp-content\/uploads\/2016\/03\/BRST-705x173.jpg 705w, https:\/\/kapitel-zwei.de\/wp-content\/uploads\/2016\/03\/BRST-450x111.jpg 450w\" sizes=\"auto, (max-width: 1030px) 100vw, 1030px\" \/><\/p>\n<h3>Dotazioni delle camere\u00a0e posizione<\/h3>\n<ul>\n<li>stanza singola completamente arredata<\/li>\n<li>cucina e bagno in condivisione con gli altri studenti (femminile, maschile, diverso), in un contesto internazionale<\/li>\n<li>sistemazione in posizione strategica, nel centro di Berlino (quartiere Mitte)\u00a0a poche fermate dalla stazione &#8220;Alexanderplatz&#8221; del metro<\/li>\n<li>durata del soggiorno: 4 o 8 settimane<\/li>\n<\/ul>\n<\/div><\/section><\/div><div  class='hr av-d6a46p-0d319e7f2da34dd76ebb81f8ba653865 hr-default  avia-builder-el-6  el_after_av_one_full  el_before_av_one_full '><span class='hr-inner '><span class=\"hr-inner-style\"><\/span><\/span><\/div><\/p>\n\n<style type=\"text\/css\" data-created_by=\"avia_inline_auto\" id=\"style-css-av-artz5d-3c13a2ce96ce586fe919d1a0b6ab58d5\">\n.flex_column.av-artz5d-3c13a2ce96ce586fe919d1a0b6ab58d5{\nborder-radius:0px 0px 0px 0px;\npadding:0px 0px 0px 0px;\n}\n<\/style>\n<div  class='flex_column av-artz5d-3c13a2ce96ce586fe919d1a0b6ab58d5 av_one_full  avia-builder-el-7  el_after_av_hr  el_before_av_one_third  first flex_column_div av-zero-column-padding  '     ><section  class='av_textblock_section av-kkh5xyhs-4f708f19545099730d04600069702196 '   itemscope=\"itemscope\" itemtype=\"https:\/\/schema.org\/CreativeWork\" ><div class='avia_textblock'  itemprop=\"text\" ><h3>Dettagli<\/h3>\n<p>Nel residence vivrai con persone provenienti da tutto il mondo,\u00a0con le quali fare amicizia,\u00a0<a title=\"Impara il Tedesco e vivi a Berlino con l\u2019aiuto di \u201cKapitel Zwei, scuola di Tedesco\u201d a Berlino ad Alexanderplatz Fare il turista a Berlino dopo il tuo corso di Tedesco a Berlino ad Alexanderplatz\" href=\"https:\/\/kapitel-zwei.de\/it\/592\/vivere-a-berlino-fare-il-turista\/\">scoprire Berlino<\/a> dopo l&#8217;orario di lezione e partecipare\u00a0alle <a title=\"Dopo il corso di Tedesco alla \u201cKapitel Zwei\u201d in Alexanderplatz visitiamo i posti pi\u00f9 interessanti di Berlino. Cos\u00ec conoscerai meglio la capitale della Germania e i tuoi compagni di classe. Qui puoi trovare alcune belle fotografie dalle nostre attivit\u00e0:\" href=\"https:\/\/kapitel-zwei.de\/it\/483\/vivere-a-berlino-attivita-e-svago\/#stammtisch\">feste e alle altre attivit\u00e0<\/a> organizzate dalla scuola. Non ti sentirai mai solo in questa avventura nella capitale tedesca.<\/p>\n<\/div><\/section><\/div>\n\n<style type=\"text\/css\" data-created_by=\"avia_inline_auto\" id=\"style-css-av-kkh60lfq-20cf86a4b37cab03eef54364873a484f\">\n.flex_column.av-kkh60lfq-20cf86a4b37cab03eef54364873a484f{\nborder-radius:0px 0px 0px 0px;\npadding:15px 15px 15px 15px;\nbackground-color:#dfffdd;\n}\n<\/style>\n<div  class='flex_column av-kkh60lfq-20cf86a4b37cab03eef54364873a484f av_one_third  avia-builder-el-9  el_after_av_one_full  el_before_av_one_third  first flex_column_div  column-top-margin'     ><section  class='av_textblock_section av-kkh5xyhs-4f708f19545099730d04600069702196 '   itemscope=\"itemscope\" itemtype=\"https:\/\/schema.org\/CreativeWork\" ><div class='avia_textblock'  itemprop=\"text\" ><p>Nel residence si pu\u00f2 usare, con un piccolo supplemento, la <strong>lavatrice<\/strong>.<\/p>\n<\/div><\/section><\/div>\n\n<style type=\"text\/css\" data-created_by=\"avia_inline_auto\" id=\"style-css-av-kkh60lfq-038e69ff67a3ee88c16d38f9d1b98bab\">\n.flex_column.av-kkh60lfq-038e69ff67a3ee88c16d38f9d1b98bab{\nborder-radius:0px 0px 0px 0px;\npadding:15px 15px 15px 15px;\nbackground-color:#dfffdd;\n}\n<\/style>\n<div  class='flex_column av-kkh60lfq-038e69ff67a3ee88c16d38f9d1b98bab av_one_third  avia-builder-el-11  el_after_av_one_third  el_before_av_one_third  flex_column_div  column-top-margin'     ><section  class='av_textblock_section av-kkh5xyhs-4f708f19545099730d04600069702196 '   itemscope=\"itemscope\" itemtype=\"https:\/\/schema.org\/CreativeWork\" ><div class='avia_textblock'  itemprop=\"text\" ><p>Per utilizzare <strong>l\u2019internet<\/strong> (wifi), \u00e8 necessaria una tassa obbligatoria di <strong>16 \u20ac<\/strong> tramite un pagamento anticipato. Non ci sono altri costi aggiuntivi o sono gi\u00e0 inclusi nel prezzo dell&#8217;affitto.<\/p>\n<\/div><\/section><\/div>\n\n<style type=\"text\/css\" data-created_by=\"avia_inline_auto\" id=\"style-css-av-kkh60lfq-038e69ff67a3ee88c16d38f9d1b98bab\">\n.flex_column.av-kkh60lfq-038e69ff67a3ee88c16d38f9d1b98bab{\nborder-radius:0px 0px 0px 0px;\npadding:15px 15px 15px 15px;\nbackground-color:#dfffdd;\n}\n<\/style>\n<div  class='flex_column av-kkh60lfq-038e69ff67a3ee88c16d38f9d1b98bab av_one_third  avia-builder-el-13  el_after_av_one_third  el_before_av_hr  flex_column_div  column-top-margin'     ><section  class='av_textblock_section av-kkh5xyhs-4f708f19545099730d04600069702196 '   itemscope=\"itemscope\" itemtype=\"https:\/\/schema.org\/CreativeWork\" ><div class='avia_textblock'  itemprop=\"text\" ><p>\u00c8 richiesto un <strong>deposito<\/strong> di 160\u20ac. Questi ti verranno restituiti circa 4-5 settimane dopo la tua uscita dall\u2019alloggio, se tutto \u00e8 a posto.<\/p>\n<\/div><\/section><\/div>\n<div  class='hr av-8i78e9-7f9ce0e8c99b484cc342b2493979a3cb hr-default  avia-builder-el-15  el_after_av_one_third  el_before_av_one_full '><span class='hr-inner '><span class=\"hr-inner-style\"><\/span><\/span><\/div>\n\n<style type=\"text\/css\" data-created_by=\"avia_inline_auto\" id=\"style-css-av-7x6ugh-36496f98975293a10426a2428bd0e26a\">\n.flex_column.av-7x6ugh-36496f98975293a10426a2428bd0e26a{\nborder-radius:0px 0px 0px 0px;\npadding:0px 0px 0px 0px;\n}\n<\/style>\n<div  class='flex_column av-7x6ugh-36496f98975293a10426a2428bd0e26a av_one_full  avia-builder-el-16  el_after_av_hr  el_before_av_hr  first flex_column_div av-zero-column-padding  '     ><section  class='av_textblock_section av-kkh5xyhs-4f708f19545099730d04600069702196 '   itemscope=\"itemscope\" itemtype=\"https:\/\/schema.org\/CreativeWork\" ><div class='avia_textblock'  itemprop=\"text\" ><p>Il giorno di ingresso \u00e8 sempre un Venerd\u00ec. Entro le 10 del mattino di venerd\u00ec, la camera deve essere lasciata pulita.<\/p>\n<p>Subito <strong>dopo<\/strong> la tua prenotazione, ti invieremo tutti i dettagli dei nostri contatti cos\u00ec come ulteriori foto degli alloggi. C&#8217;\u00e8 anche l&#8217;ulteriore possibilit\u00e0 di usufruire\u00a0dell&#8217;alloggio gi\u00e0 a partire da 1-2 giorni prima dell&#8217;inizio del corso, in modo da agevolare il tuo ambientamento.<\/p>\n<p>L&#8217;offerta di vivere nel residence per un periodo di 4 o 8 settimane \u00e8 pensata per offriti\u00a0l&#8217;opportunit\u00e0 di conoscere meglio Berlino e\u00a0la possibilit\u00e0, se lo desideri,\u00a0di avere\u00a0il tempo necessario per cercare una sistemazione pi\u00f9 adeguata alle tue esigenze.<\/p>\n<p>Ti\u00a0consigliamo di consultare il sito web della compagnia di\u00a0trasporti pubblici di Berlino (<a href=\"http:\/\/www.bvg.de\">www.bvg.de<\/a>) per trovare tutte le informazioni relative\u00a0agli itinerari di viaggio\u00a0e le tipologie di abbonamento. In questo modo potrai anche verificare le connessioni pi\u00f9 rapide per raggiungere il residence e la scuola.<\/p>\n<p>Se hai ulteriori domande circa il\u00a0corso di lingua in combinazione con il servizio di residenza, non esitare a sciverci all&#8217;indirizzo <a href=\"mailto:berlin@kapitel-zwei.de\">berlin@kapitel-zwei.de<\/a><\/p>\n<\/div><\/section><\/div>\n<div  class='hr av-5t72sx-8221cdc26c7748d4957045509175818e hr-default  avia-builder-el-18  el_after_av_one_full  el_before_av_one_full '><span class='hr-inner '><span class=\"hr-inner-style\"><\/span><\/span><\/div>\n\n<style type=\"text\/css\" data-created_by=\"avia_inline_auto\" id=\"style-css-av-kkh65y8m-6fb1b9f28879046f6f937db1b852f5b9\">\n.flex_column.av-kkh65y8m-6fb1b9f28879046f6f937db1b852f5b9{\nborder-radius:0px 0px 0px 0px;\npadding:15px 15px 15px 15px;\nbackground-color:#fff8ed;\n}\n<\/style>\n<div  class='flex_column av-kkh65y8m-6fb1b9f28879046f6f937db1b852f5b9 av_one_full  avia-builder-el-19  el_after_av_hr  el_before_av_hr  first flex_column_div  '     ><section  class='av_textblock_section av-kkh5xyhs-4f708f19545099730d04600069702196 '   itemscope=\"itemscope\" itemtype=\"https:\/\/schema.org\/CreativeWork\" ><div class='avia_textblock'  itemprop=\"text\" ><h2><a class=\"mceItemAnchor\" name=\"gastfamilie\"><\/a><span style=\"color: #ff6600;\">Famiglie ospitanti da 499 \u20ac<\/span><\/h2>\n<p><img loading=\"lazy\" decoding=\"async\" class=\"alignnone size-large wp-image-17207\" src=\"https:\/\/kapitel-zwei.de\/wp-content\/uploads\/2016\/03\/Kapitel-Zwei-Berlin-Gastfamilie-Wohnen-1030x259.jpg\" alt=\"\" width=\"1030\" height=\"259\" srcset=\"https:\/\/kapitel-zwei.de\/wp-content\/uploads\/2016\/03\/Kapitel-Zwei-Berlin-Gastfamilie-Wohnen-1030x259.jpg 1030w, https:\/\/kapitel-zwei.de\/wp-content\/uploads\/2016\/03\/Kapitel-Zwei-Berlin-Gastfamilie-Wohnen-80x20.jpg 80w, https:\/\/kapitel-zwei.de\/wp-content\/uploads\/2016\/03\/Kapitel-Zwei-Berlin-Gastfamilie-Wohnen-300x75.jpg 300w, https:\/\/kapitel-zwei.de\/wp-content\/uploads\/2016\/03\/Kapitel-Zwei-Berlin-Gastfamilie-Wohnen-768x193.jpg 768w, https:\/\/kapitel-zwei.de\/wp-content\/uploads\/2016\/03\/Kapitel-Zwei-Berlin-Gastfamilie-Wohnen-1500x377.jpg 1500w, https:\/\/kapitel-zwei.de\/wp-content\/uploads\/2016\/03\/Kapitel-Zwei-Berlin-Gastfamilie-Wohnen-705x177.jpg 705w, https:\/\/kapitel-zwei.de\/wp-content\/uploads\/2016\/03\/Kapitel-Zwei-Berlin-Gastfamilie-Wohnen-450x113.jpg 450w\" sizes=\"auto, (max-width: 1030px) 100vw, 1030px\" \/><\/p>\n<p>Kapitel Zwei ti mette a disposizione delle stanze singole in famiglie ospitanti a Berlino. La tua famiglia ospitante ti offre:<\/p>\n<ul>\n<li>una bella atmosfera<\/li>\n<li>una stanza propria (singola o doppia)<\/li>\n<li>uso in comune della cucina e del bagno<\/li>\n<li>accesso alla lavatrice<\/li>\n<li>Wi-Fi (quasi sempre)<\/li>\n<li>l\u2019opportunit\u00e0 di conoscere la vera vita Berlinese!<\/li>\n<\/ul>\n<\/div><\/section><\/div>\n<div  class='hr av-3m7xep-2016c557de14d879676c98213c2b41d4 hr-default  avia-builder-el-21  el_after_av_one_full  el_before_av_one_full '><span class='hr-inner '><span class=\"hr-inner-style\"><\/span><\/span><\/div>\n\n<style type=\"text\/css\" data-created_by=\"avia_inline_auto\" id=\"style-css-av-362v75-0e8e5fc24c727c6e998f656544405208\">\n.flex_column.av-362v75-0e8e5fc24c727c6e998f656544405208{\nborder-radius:0px 0px 0px 0px;\npadding:0px 0px 0px 0px;\n}\n<\/style>\n<div  class='flex_column av-362v75-0e8e5fc24c727c6e998f656544405208 av_one_full  avia-builder-el-22  el_after_av_hr  avia-builder-el-last  first flex_column_div av-zero-column-padding  '     ><section  class='av_textblock_section av-kkh5xyhs-4f708f19545099730d04600069702196 '   itemscope=\"itemscope\" itemtype=\"https:\/\/schema.org\/CreativeWork\" ><div class='avia_textblock'  itemprop=\"text\" ><p>In una famiglia ospitante o in un appartamento condiviso (\u201cWG) vivi con persone che conoscono bene la vita e la cultura tedesca. Cos\u00ec potrai completare con successo il tuo corso di tedesco e fare pratica direttamente \u201ca casa\u201d.<\/p>\n<p>Tutte le famiglie sono state scelte da noi <span style=\"text-decoration: underline;\">con accuratezza<\/span>. Dal posto in cui vivrai fino alla tua scuola di lingue ci vogliono <span style=\"text-decoration: underline;\">massimo 50 minuti<\/span> con i mezzi pubblici. In una metropoli come Berlino, questo \u00e8 assolutamente normale. Abbiamo delle famiglie ospitanti in diverse zone di Berlino.<\/p>\n<p>Non appena avrai finalizzato il pagamento, iniziamo con l\u2019organizzazione del tuo alloggio. Solo dopo potremo darti delle informazioni riguardo la tua famiglia ospistante. Di solito ti mandiamo le foto ed il contatto del tuo alloggio circa 2-3 settimane prima del tuo arrivo.<\/p>\n<p>Ti diamo la possibilit\u00e0 di trasferirti nella famiglia ospitante 1 o 2 giorni prima del inizio del tuo corso, cos\u00ec hai il tempo per ambientarti.<\/p>\n<p>Se hai ulteriori domande circa il\u00a0corso di lingua in combinazione con il servizio di residenza, non esitare a sciverci all&#8217;indirizzo <a href=\"mailto:berlin@kapitel-zwei.de\">berlin@kapitel-zwei.de<\/a><\/p>\n<\/div><\/section><\/div>\n","protected":false},"excerpt":{"rendered":"","protected":false},"author":16,"featured_media":0,"parent":3504,"menu_order":0,"comment_status":"closed","ping_status":"closed","template":"","meta":{"footnotes":""},"class_list":["post-9969","page","type-page","status-publish","hentry"],"yoast_head":"<!-- This site is optimized with the Yoast SEO Premium plugin v24.4 (Yoast SEO v24.4) - https:\/\/yoast.com\/wordpress\/plugins\/seo\/ -->\n<title>Corso di tedesco &amp; alloggio adatto a Berlino - Kapitel Zwei<\/title>\n<meta name=\"description\" content=\"Kapitel Zwei offre un corso di lingua con un alloggio adatto ad un soggiorno piacevole a Berlino. Dettagli sull&#039;arredamento e sulla collocazione.\" \/>\n<meta name=\"robots\" content=\"noindex, follow\" \/>\n<meta property=\"og:locale\" content=\"it_IT\" \/>\n<meta property=\"og:type\" content=\"article\" \/>\n<meta property=\"og:title\" content=\"Alloggio a Berlino\" \/>\n<meta property=\"og:description\" content=\"Kapitel Zwei offre un corso di lingua con un alloggio adatto ad un soggiorno piacevole a Berlino. Dettagli sull&#039;arredamento e sulla collocazione.\" \/>\n<meta property=\"og:url\" content=\"https:\/\/kapitel-zwei.de\/it\/vivere-a-berlino\/alloggio\/\" \/>\n<meta property=\"og:site_name\" content=\"Kapitel Zwei Berlin\" \/>\n<meta property=\"article:publisher\" content=\"https:\/\/www.facebook.com\/kapitelzwei\/\" \/>\n<meta property=\"article:modified_time\" content=\"2022-02-11T14:48:53+00:00\" \/>\n<meta property=\"og:image\" content=\"https:\/\/kapitel-zwei.de\/wp-content\/uploads\/2016\/03\/BRST-1030x253.jpg\" \/>\n<meta name=\"twitter:card\" content=\"summary_large_image\" \/>\n<meta name=\"twitter:site\" content=\"@kapitelzwei\" \/>\n<meta name=\"twitter:label1\" content=\"Tempo di lettura stimato\" \/>\n\t<meta name=\"twitter:data1\" content=\"11 minuti\" \/>\n<script type=\"application\/ld+json\" class=\"yoast-schema-graph\">{\"@context\":\"https:\/\/schema.org\",\"@graph\":[{\"@type\":\"WebPage\",\"@id\":\"https:\/\/kapitel-zwei.de\/it\/vivere-a-berlino\/alloggio\/\",\"url\":\"https:\/\/kapitel-zwei.de\/it\/vivere-a-berlino\/alloggio\/\",\"name\":\"Corso di tedesco & alloggio adatto a Berlino - Kapitel Zwei\",\"isPartOf\":{\"@id\":\"https:\/\/kapitel-zwei.de\/es\/#website\"},\"primaryImageOfPage\":{\"@id\":\"https:\/\/kapitel-zwei.de\/it\/vivere-a-berlino\/alloggio\/#primaryimage\"},\"image\":{\"@id\":\"https:\/\/kapitel-zwei.de\/it\/vivere-a-berlino\/alloggio\/#primaryimage\"},\"thumbnailUrl\":\"https:\/\/kapitel-zwei.de\/wp-content\/uploads\/2016\/03\/BRST-1030x253.jpg\",\"datePublished\":\"2016-03-23T18:52:03+00:00\",\"dateModified\":\"2022-02-11T14:48:53+00:00\",\"description\":\"Kapitel Zwei offre un corso di lingua con un alloggio adatto ad un soggiorno piacevole a Berlino. Dettagli sull'arredamento e sulla collocazione.\",\"breadcrumb\":{\"@id\":\"https:\/\/kapitel-zwei.de\/it\/vivere-a-berlino\/alloggio\/#breadcrumb\"},\"inLanguage\":\"it-IT\",\"potentialAction\":[{\"@type\":\"ReadAction\",\"target\":[\"https:\/\/kapitel-zwei.de\/it\/vivere-a-berlino\/alloggio\/\"]}]},{\"@type\":\"ImageObject\",\"inLanguage\":\"it-IT\",\"@id\":\"https:\/\/kapitel-zwei.de\/it\/vivere-a-berlino\/alloggio\/#primaryimage\",\"url\":\"https:\/\/kapitel-zwei.de\/wp-content\/uploads\/2016\/03\/BRST-1030x253.jpg\",\"contentUrl\":\"https:\/\/kapitel-zwei.de\/wp-content\/uploads\/2016\/03\/BRST-1030x253.jpg\"},{\"@type\":\"BreadcrumbList\",\"@id\":\"https:\/\/kapitel-zwei.de\/it\/vivere-a-berlino\/alloggio\/#breadcrumb\",\"itemListElement\":[{\"@type\":\"ListItem\",\"position\":1,\"name\":\"Startseite\",\"item\":\"https:\/\/kapitel-zwei.de\/it\/\"},{\"@type\":\"ListItem\",\"position\":2,\"name\":\"Vita a Berlino\",\"item\":\"https:\/\/www.kapitel-zwei.de\/it\/vivere-a-berlino\/\"},{\"@type\":\"ListItem\",\"position\":3,\"name\":\"Alloggio a Berlino\"}]},{\"@type\":\"WebSite\",\"@id\":\"https:\/\/kapitel-zwei.de\/es\/#website\",\"url\":\"https:\/\/kapitel-zwei.de\/es\/\",\"name\":\"Kapitel Zwei Berlin\",\"description\":\"Deutschkurs Berlin | Sprachschule Berlin | German language school Berlin | telc Berlin | Deutsch Pr\u00fcfung Berlin | Intensive German courses Berlin | TestDaF Pr\u00fcfung | Online Kurse\",\"publisher\":{\"@id\":\"https:\/\/kapitel-zwei.de\/es\/#organization\"},\"potentialAction\":[{\"@type\":\"SearchAction\",\"target\":{\"@type\":\"EntryPoint\",\"urlTemplate\":\"https:\/\/kapitel-zwei.de\/es\/?s={search_term_string}\"},\"query-input\":{\"@type\":\"PropertyValueSpecification\",\"valueRequired\":true,\"valueName\":\"search_term_string\"}}],\"inLanguage\":\"it-IT\"},{\"@type\":\"Organization\",\"@id\":\"https:\/\/kapitel-zwei.de\/es\/#organization\",\"name\":\"Kapitel Zwei. Deutsch-Sprachschule Berlin GmbH\",\"url\":\"https:\/\/kapitel-zwei.de\/es\/\",\"logo\":{\"@type\":\"ImageObject\",\"inLanguage\":\"it-IT\",\"@id\":\"https:\/\/kapitel-zwei.de\/es\/#\/schema\/logo\/image\/\",\"url\":\"https:\/\/kapitel-zwei.de\/wp-content\/uploads\/2018\/08\/Kapitel-Zwei-Berlin-Sprachschule-Deutsch-Deutschkurse-Berlin.jpg\",\"contentUrl\":\"https:\/\/kapitel-zwei.de\/wp-content\/uploads\/2018\/08\/Kapitel-Zwei-Berlin-Sprachschule-Deutsch-Deutschkurse-Berlin.jpg\",\"width\":350,\"height\":101,\"caption\":\"Kapitel Zwei. Deutsch-Sprachschule Berlin GmbH\"},\"image\":{\"@id\":\"https:\/\/kapitel-zwei.de\/es\/#\/schema\/logo\/image\/\"},\"sameAs\":[\"https:\/\/www.facebook.com\/kapitelzwei\/\",\"https:\/\/x.com\/kapitelzwei\"]}]}<\/script>\n<!-- \/ Yoast SEO Premium plugin. -->","yoast_head_json":{"title":"Corso di tedesco & alloggio adatto a Berlino - Kapitel Zwei","description":"Kapitel Zwei offre un corso di lingua con un alloggio adatto ad un soggiorno piacevole a Berlino. Dettagli sull'arredamento e sulla collocazione.","robots":{"index":"noindex","follow":"follow"},"og_locale":"it_IT","og_type":"article","og_title":"Alloggio a Berlino","og_description":"Kapitel Zwei offre un corso di lingua con un alloggio adatto ad un soggiorno piacevole a Berlino. Dettagli sull'arredamento e sulla collocazione.","og_url":"https:\/\/kapitel-zwei.de\/it\/vivere-a-berlino\/alloggio\/","og_site_name":"Kapitel Zwei Berlin","article_publisher":"https:\/\/www.facebook.com\/kapitelzwei\/","article_modified_time":"2022-02-11T14:48:53+00:00","og_image":[{"url":"https:\/\/kapitel-zwei.de\/wp-content\/uploads\/2016\/03\/BRST-1030x253.jpg","type":"","width":"","height":""}],"twitter_card":"summary_large_image","twitter_site":"@kapitelzwei","twitter_misc":{"Tempo di lettura stimato":"11 minuti"},"schema":{"@context":"https:\/\/schema.org","@graph":[{"@type":"WebPage","@id":"https:\/\/kapitel-zwei.de\/it\/vivere-a-berlino\/alloggio\/","url":"https:\/\/kapitel-zwei.de\/it\/vivere-a-berlino\/alloggio\/","name":"Corso di tedesco & alloggio adatto a Berlino - Kapitel Zwei","isPartOf":{"@id":"https:\/\/kapitel-zwei.de\/es\/#website"},"primaryImageOfPage":{"@id":"https:\/\/kapitel-zwei.de\/it\/vivere-a-berlino\/alloggio\/#primaryimage"},"image":{"@id":"https:\/\/kapitel-zwei.de\/it\/vivere-a-berlino\/alloggio\/#primaryimage"},"thumbnailUrl":"https:\/\/kapitel-zwei.de\/wp-content\/uploads\/2016\/03\/BRST-1030x253.jpg","datePublished":"2016-03-23T18:52:03+00:00","dateModified":"2022-02-11T14:48:53+00:00","description":"Kapitel Zwei offre un corso di lingua con un alloggio adatto ad un soggiorno piacevole a Berlino. Dettagli sull'arredamento e sulla collocazione.","breadcrumb":{"@id":"https:\/\/kapitel-zwei.de\/it\/vivere-a-berlino\/alloggio\/#breadcrumb"},"inLanguage":"it-IT","potentialAction":[{"@type":"ReadAction","target":["https:\/\/kapitel-zwei.de\/it\/vivere-a-berlino\/alloggio\/"]}]},{"@type":"ImageObject","inLanguage":"it-IT","@id":"https:\/\/kapitel-zwei.de\/it\/vivere-a-berlino\/alloggio\/#primaryimage","url":"https:\/\/kapitel-zwei.de\/wp-content\/uploads\/2016\/03\/BRST-1030x253.jpg","contentUrl":"https:\/\/kapitel-zwei.de\/wp-content\/uploads\/2016\/03\/BRST-1030x253.jpg"},{"@type":"BreadcrumbList","@id":"https:\/\/kapitel-zwei.de\/it\/vivere-a-berlino\/alloggio\/#breadcrumb","itemListElement":[{"@type":"ListItem","position":1,"name":"Startseite","item":"https:\/\/kapitel-zwei.de\/it\/"},{"@type":"ListItem","position":2,"name":"Vita a Berlino","item":"https:\/\/www.kapitel-zwei.de\/it\/vivere-a-berlino\/"},{"@type":"ListItem","position":3,"name":"Alloggio a Berlino"}]},{"@type":"WebSite","@id":"https:\/\/kapitel-zwei.de\/es\/#website","url":"https:\/\/kapitel-zwei.de\/es\/","name":"Kapitel Zwei Berlin","description":"Deutschkurs Berlin | Sprachschule Berlin | German language school Berlin | telc Berlin | Deutsch Pr\u00fcfung Berlin | Intensive German courses Berlin | TestDaF Pr\u00fcfung | Online Kurse","publisher":{"@id":"https:\/\/kapitel-zwei.de\/es\/#organization"},"potentialAction":[{"@type":"SearchAction","target":{"@type":"EntryPoint","urlTemplate":"https:\/\/kapitel-zwei.de\/es\/?s={search_term_string}"},"query-input":{"@type":"PropertyValueSpecification","valueRequired":true,"valueName":"search_term_string"}}],"inLanguage":"it-IT"},{"@type":"Organization","@id":"https:\/\/kapitel-zwei.de\/es\/#organization","name":"Kapitel Zwei. Deutsch-Sprachschule Berlin GmbH","url":"https:\/\/kapitel-zwei.de\/es\/","logo":{"@type":"ImageObject","inLanguage":"it-IT","@id":"https:\/\/kapitel-zwei.de\/es\/#\/schema\/logo\/image\/","url":"https:\/\/kapitel-zwei.de\/wp-content\/uploads\/2018\/08\/Kapitel-Zwei-Berlin-Sprachschule-Deutsch-Deutschkurse-Berlin.jpg","contentUrl":"https:\/\/kapitel-zwei.de\/wp-content\/uploads\/2018\/08\/Kapitel-Zwei-Berlin-Sprachschule-Deutsch-Deutschkurse-Berlin.jpg","width":350,"height":101,"caption":"Kapitel Zwei. Deutsch-Sprachschule Berlin GmbH"},"image":{"@id":"https:\/\/kapitel-zwei.de\/es\/#\/schema\/logo\/image\/"},"sameAs":["https:\/\/www.facebook.com\/kapitelzwei\/","https:\/\/x.com\/kapitelzwei"]}]}},"_links":{"self":[{"href":"https:\/\/kapitel-zwei.de\/it\/wp-json\/wp\/v2\/pages\/9969","targetHints":{"allow":["GET"]}}],"collection":[{"href":"https:\/\/kapitel-zwei.de\/it\/wp-json\/wp\/v2\/pages"}],"about":[{"href":"https:\/\/kapitel-zwei.de\/it\/wp-json\/wp\/v2\/types\/page"}],"author":[{"embeddable":true,"href":"https:\/\/kapitel-zwei.de\/it\/wp-json\/wp\/v2\/users\/16"}],"replies":[{"embeddable":true,"href":"https:\/\/kapitel-zwei.de\/it\/wp-json\/wp\/v2\/comments?post=9969"}],"version-history":[{"count":9,"href":"https:\/\/kapitel-zwei.de\/it\/wp-json\/wp\/v2\/pages\/9969\/revisions"}],"predecessor-version":[{"id":106079,"href":"https:\/\/kapitel-zwei.de\/it\/wp-json\/wp\/v2\/pages\/9969\/revisions\/106079"}],"up":[{"embeddable":true,"href":"https:\/\/kapitel-zwei.de\/it\/wp-json\/wp\/v2\/pages\/3504"}],"wp:attachment":[{"href":"https:\/\/kapitel-zwei.de\/it\/wp-json\/wp\/v2\/media?parent=9969"}],"curies":[{"name":"wp","href":"https:\/\/api.w.org\/{rel}","templated":true}]}}