{"id":10046,"date":"2016-03-23T17:29:24","date_gmt":"2016-03-23T16:29:24","guid":{"rendered":"http:\/\/relaunch.kapitel-zwei.de\/pt-br\/more-em-berlin\/arbeiten\/"},"modified":"2023-11-27T13:51:34","modified_gmt":"2023-11-27T12:51:34","slug":"ofertas-de-emprego","status":"publish","type":"page","link":"https:\/\/kapitel-zwei.de\/pt-br\/more-em-berlin\/ofertas-de-emprego\/","title":{"rendered":"Ofertas de Emprego"},"content":{"rendered":"\n<style type=\"text\/css\" data-created_by=\"avia_inline_auto\" id=\"style-css-av-74z1rlq-d49c1945f2f221b9db3d8c22bd2a71a8\">\n.flex_column.av-74z1rlq-d49c1945f2f221b9db3d8c22bd2a71a8{\nborder-radius:0px 0px 0px 0px;\npadding:0px 0px 0px 0px;\n}\n<\/style>\n<div  class='flex_column av-74z1rlq-d49c1945f2f221b9db3d8c22bd2a71a8 av_one_third  avia-builder-el-0  el_before_av_two_third  avia-builder-el-first  first flex_column_div av-zero-column-padding  '     ><section  class='av_textblock_section av-6ihmyou-5e7ccfc42c0f0919fbaff5b84c6ad05b '   itemscope=\"itemscope\" itemtype=\"https:\/\/schema.org\/CreativeWork\" ><div class='avia_textblock'  itemprop=\"text\" ><p class=\"intro\">Aprender alem\u00e3o em Berlim com \u201eKapitel Zwei. Escola de alem\u00e3o Berlim\u201c no centro de Berlim.<\/p>\n<\/div><\/section><br \/>\n\n<style type=\"text\/css\" data-created_by=\"avia_inline_auto\" id=\"style-css-av-6b7m3cu-d85d0cdcb1d9d859a502b3e573b1102a\">\n.avia-image-container.av-6b7m3cu-d85d0cdcb1d9d859a502b3e573b1102a img.avia_image{\nbox-shadow:none;\n}\n.avia-image-container.av-6b7m3cu-d85d0cdcb1d9d859a502b3e573b1102a .av-image-caption-overlay-center{\ncolor:#ffffff;\n}\n<\/style>\n<div  class='avia-image-container av-6b7m3cu-d85d0cdcb1d9d859a502b3e573b1102a av-styling- avia-align-left  avia-builder-el-2  el_after_av_textblock  avia-builder-el-last '   itemprop=\"image\" itemscope=\"itemscope\" itemtype=\"https:\/\/schema.org\/ImageObject\" ><div class=\"avia-image-container-inner\"><div class=\"avia-image-overlay-wrap\"><img decoding=\"async\" fetchpriority=\"high\" class='wp-image-10925 avia-img-lazy-loading-not-10925 avia_image ' src=\"https:\/\/kapitel-zwei.de\/wp-content\/uploads\/2016\/03\/Kapitel-Zwei-Berlin-Jobs-in-der-Hauptstadt.jpg\" alt='Kapitel Zwei Berlin Jobs in der Hauptstadt' title='Kapitel Zwei Berlin Jobs in der Hauptstadt'  height=\"2133\" width=\"3200\"  itemprop=\"thumbnailUrl\" srcset=\"https:\/\/kapitel-zwei.de\/wp-content\/uploads\/2016\/03\/Kapitel-Zwei-Berlin-Jobs-in-der-Hauptstadt.jpg 3200w, https:\/\/kapitel-zwei.de\/wp-content\/uploads\/2016\/03\/Kapitel-Zwei-Berlin-Jobs-in-der-Hauptstadt-80x53.jpg 80w, https:\/\/kapitel-zwei.de\/wp-content\/uploads\/2016\/03\/Kapitel-Zwei-Berlin-Jobs-in-der-Hauptstadt-300x200.jpg 300w, https:\/\/kapitel-zwei.de\/wp-content\/uploads\/2016\/03\/Kapitel-Zwei-Berlin-Jobs-in-der-Hauptstadt-768x512.jpg 768w, https:\/\/kapitel-zwei.de\/wp-content\/uploads\/2016\/03\/Kapitel-Zwei-Berlin-Jobs-in-der-Hauptstadt-1030x687.jpg 1030w, https:\/\/kapitel-zwei.de\/wp-content\/uploads\/2016\/03\/Kapitel-Zwei-Berlin-Jobs-in-der-Hauptstadt-1500x1000.jpg 1500w, https:\/\/kapitel-zwei.de\/wp-content\/uploads\/2016\/03\/Kapitel-Zwei-Berlin-Jobs-in-der-Hauptstadt-705x470.jpg 705w, https:\/\/kapitel-zwei.de\/wp-content\/uploads\/2016\/03\/Kapitel-Zwei-Berlin-Jobs-in-der-Hauptstadt-450x300.jpg 450w\" sizes=\"(max-width: 3200px) 100vw, 3200px\" \/><\/div><\/div><\/div><\/p><\/div>\n\n<style type=\"text\/css\" data-created_by=\"avia_inline_auto\" id=\"style-css-av-5rxiybi-7189ccb96a2bfb5105b02b7b2173caf4\">\n.flex_column.av-5rxiybi-7189ccb96a2bfb5105b02b7b2173caf4{\nborder-radius:0px 0px 0px 0px;\npadding:0px 0px 0px 0px;\n}\n<\/style>\n<div  class='flex_column av-5rxiybi-7189ccb96a2bfb5105b02b7b2173caf4 av_two_third  avia-builder-el-3  el_after_av_one_third  el_before_av_one_third  flex_column_div av-zero-column-padding  '     ><section  class='av_textblock_section av-jdudwe-f9c4bc10c15fde0610d8170d8cb5137f '   itemscope=\"itemscope\" itemtype=\"https:\/\/schema.org\/CreativeWork\" ><div class='avia_textblock'  itemprop=\"text\" ><h1>Ofertas de Emprego em Berlim<\/h1>\n<\/div><\/section><br \/>\n<section  class='av_textblock_section av-4seuae6-104be2342b88f08f5d99f81c61445b77 '   itemscope=\"itemscope\" itemtype=\"https:\/\/schema.org\/CreativeWork\" ><div class='avia_textblock'  itemprop=\"text\" ><p>Voc\u00ea quer aumentar a chance de trabalhar em Berlim com gastronomia, em um restaurante, caf\u00e9, hotel, navio, etc?<\/p>\n<\/div><\/section><\/p><\/div>\n\n<style type=\"text\/css\" data-created_by=\"avia_inline_auto\" id=\"style-css-av-491u4hq-26b0af268f43aecfcab144f06647bebb\">\n.flex_column.av-491u4hq-26b0af268f43aecfcab144f06647bebb{\nborder-radius:0px 0px 0px 0px;\npadding:0px 0px 0px 0px;\n}\n<\/style>\n<div  class='flex_column av-491u4hq-26b0af268f43aecfcab144f06647bebb av_one_third  avia-builder-el-6  el_after_av_two_third  el_before_av_one_third  first flex_column_div av-zero-column-padding  column-top-margin'     ><section  class='av_textblock_section av-lpgwbt8i-2f57c2bfb16aa46247df9963950fa081 '   itemscope=\"itemscope\" itemtype=\"https:\/\/schema.org\/CreativeWork\" ><div class='avia_textblock'  itemprop=\"text\" ><p><a href=\"https:\/\/www.jobb\u00f6rse-stellenangebote.de\/stellenangebote-berlin\/\" target=\"_blank\" rel=\"noopener noreferrer\">Jobb\u00f6rse.de<\/a><\/p>\n<p><a href=\"http:\/\/www.berliner-jobmarkt.de\/\" target=\"_blank\" rel=\"noopener noreferrer\">Berliner Jobmarkt.de<\/a><\/p>\n<p><a href=\"https:\/\/www.kleinanzeigen.de\/s-jobs\/c102\" target=\"_blank\" rel=\"noopener\">Kleinanzeigen.de<\/a><\/p>\n<p><a href=\"https:\/\/www.hotelcareer.de\/\" target=\"_blank\" rel=\"noopener noreferrer\">Hotel-career.de<\/a><\/p>\n<p><a href=\"https:\/\/de.indeed.com\/\" target=\"_blank\" rel=\"noopener noreferrer\">Indeed.de<\/a><\/p>\n<\/div><\/section><\/div>\n<style type=\"text\/css\" data-created_by=\"avia_inline_auto\" id=\"style-css-av-3ra85b2-b1e440d7e164bf0914c05aa4c292172c\">\n.flex_column.av-3ra85b2-b1e440d7e164bf0914c05aa4c292172c{\nborder-radius:0px 0px 0px 0px;\npadding:0px 0px 0px 0px;\n}\n<\/style>\n<div  class='flex_column av-3ra85b2-b1e440d7e164bf0914c05aa4c292172c av_one_third  avia-builder-el-8  el_after_av_one_third  el_before_av_one_third  flex_column_div av-zero-column-padding  column-top-margin'     ><section  class='av_textblock_section av-3j3ikv2-8f1ce45f8fd94eed59e9d7aecc301d5d '   itemscope=\"itemscope\" itemtype=\"https:\/\/schema.org\/CreativeWork\" ><div class='avia_textblock'  itemprop=\"text\" ><p><a href=\"https:\/\/www.jobisjob.de\/\" target=\"_blank\" rel=\"noopener noreferrer\">Job is Job<\/a><\/p>\n<p><a href=\"http:\/\/de.jobrapido.com\/\" target=\"_blank\" rel=\"noopener noreferrer\">Jobrapido<\/a><\/p>\n<p><a href=\"http:\/\/www.jobsterne.de\/\" target=\"_blank\" rel=\"noopener noreferrer\">jobsterne.de<\/a><\/p>\n<p><a href=\"https:\/\/de.jobted.com\" target=\"_blank\" rel=\"noopener noreferrer\">JobTonic.de<\/a><\/p>\n<p><a href=\"https:\/\/de.jooble.org\/\" target=\"_blank\" rel=\"noopener noreferrer\">Jooble.de<\/a><\/p>\n<\/div><\/section><\/div>\n<style type=\"text\/css\" data-created_by=\"avia_inline_auto\" id=\"style-css-av-2wsctsu-a5067cafa63bc804a8ec4354f26fc064\">\n.flex_column.av-2wsctsu-a5067cafa63bc804a8ec4354f26fc064{\nborder-radius:0px 0px 0px 0px;\npadding:0px 0px 0px 0px;\n}\n<\/style>\n<div  class='flex_column av-2wsctsu-a5067cafa63bc804a8ec4354f26fc064 av_one_third  avia-builder-el-10  el_after_av_one_third  el_before_av_hr  flex_column_div av-zero-column-padding  column-top-margin'     ><section  class='av_textblock_section av-2m1ji2m-ebebce052b8358ebd58e69c8b89ff7cf '   itemscope=\"itemscope\" itemtype=\"https:\/\/schema.org\/CreativeWork\" ><div class='avia_textblock'  itemprop=\"text\" ><p><a href=\"https:\/\/www.njobs.de\/\" target=\"_blank\" rel=\"noopener noreferrer\">Njobs<\/a><\/p>\n<p><a href=\"https:\/\/www.stellenanzeigen.de\/\" target=\"_blank\" rel=\"noopener noreferrer\">Stellenanzeigen.de<\/a><\/p>\n<p><a href=\"https:\/\/www.sternundkreis.de\/de\/Unternehmen\/Stellenangebote\/E1077.htm\" target=\"_blank\" rel=\"noopener noreferrer\">Stern und Kreisschiffahrt Berlin<\/a><\/p>\n<p><a href=\"https:\/\/de.trovit.com\/\" target=\"_blank\" rel=\"noopener noreferrer\">Trovit<\/a><\/p>\n<p><a href=\"https:\/\/www.kimeta.de\/stellenangebote-berlin\" target=\"_blank\" rel=\"noopener noreferrer\">Kimeta<\/a><\/p>\n<p><a href=\"http:\/\/jobs.meinestadt.de\/\" target=\"_blank\" rel=\"noopener noreferrer\">Meine Stadt.de<\/a><\/p>\n<\/div><\/section><\/div>\n<style type=\"text\/css\" data-created_by=\"avia_inline_auto\" id=\"style-css-av-21yku72-21bd563dce38489dc36a924539a76179\">\n#top .hr.hr-invisible.av-21yku72-21bd563dce38489dc36a924539a76179{\nheight:20px;\n}\n<\/style>\n<div  class='hr av-21yku72-21bd563dce38489dc36a924539a76179 hr-invisible  avia-builder-el-12  el_after_av_one_third  el_before_av_one_full '><span class='hr-inner '><span class=\"hr-inner-style\"><\/span><\/span><\/div><\/p>\n\n<style type=\"text\/css\" data-created_by=\"avia_inline_auto\" id=\"style-css-av-1oi6kf2-efcb94269fc4ea9b2590aa3f2e256f32\">\n.flex_column.av-1oi6kf2-efcb94269fc4ea9b2590aa3f2e256f32{\nborder-radius:0px 0px 0px 0px;\npadding:0px 0px 0px 0px;\n}\n<\/style>\n<div  class='flex_column av-1oi6kf2-efcb94269fc4ea9b2590aa3f2e256f32 av_one_full  avia-builder-el-13  el_after_av_hr  avia-builder-el-last  cta-section first flex_column_div av-zero-column-padding  '     ><p><section  class='av_textblock_section av-18jl4hq-803f6cd03a7945b1d3c336e975d11ca3 '   itemscope=\"itemscope\" itemtype=\"https:\/\/schema.org\/CreativeWork\" ><div class='avia_textblock cta-slogan'  itemprop=\"text\" ><p><strong>Voc\u00ea quer aprender alem\u00e3o com sucesso?<\/strong><\/p>\n<\/div><\/section><br \/>\n<div  class='avia-button-wrap av-t1he0u-2844fa3ebf9da7b7d3412548ddb37245-wrap avia-button-left  avia-builder-el-15  el_after_av_textblock  avia-builder-el-last  cta-button'><a href='https:\/\/kapitel-zwei.de\/pt-br\/inscricao\/'  class='avia-button av-t1he0u-2844fa3ebf9da7b7d3412548ddb37245 av-link-btn avia-icon_select-no avia-size-medium avia-position-left avia-color-theme-color'   aria-label=\"Inscreva-se\"><span class='avia_iconbox_title' >Inscreva-se<\/span><\/a><\/div><\/p><\/div>\n","protected":false},"excerpt":{"rendered":"","protected":false},"author":16,"featured_media":0,"parent":3507,"menu_order":0,"comment_status":"closed","ping_status":"closed","template":"","meta":{"footnotes":""},"class_list":["post-10046","page","type-page","status-publish","hentry"],"yoast_head":"<!-- This site is optimized with the Yoast SEO Premium plugin v24.4 (Yoast SEO v24.4) - https:\/\/yoast.com\/wordpress\/plugins\/seo\/ -->\n<title>Ofertas de trabalho - Trabalhar em Berlim - Kapitel Zwei<\/title>\n<meta name=\"description\" content=\"Seja Au Pair, ajudante de cozinha, gar\u00e7on ou bartender - Trabalhar em Berlim ajuda no aprendizado do idioma e \u00e0 conhecer a cultura do pa\u00eds.\" \/>\n<meta name=\"robots\" content=\"index, follow, max-snippet:-1, max-image-preview:large, max-video-preview:-1\" \/>\n<link rel=\"canonical\" href=\"https:\/\/www.kapitel-zwei.de\/pt-br\/more-em-berlin\/ofertas-de-emprego\/\" \/>\n<meta property=\"og:locale\" content=\"pt_BR\" \/>\n<meta property=\"og:type\" content=\"article\" \/>\n<meta property=\"og:title\" content=\"Ofertas de Emprego\" \/>\n<meta property=\"og:description\" content=\"Seja Au Pair, ajudante de cozinha, gar\u00e7on ou bartender - Trabalhar em Berlim ajuda no aprendizado do idioma e \u00e0 conhecer a cultura do pa\u00eds.\" \/>\n<meta property=\"og:url\" content=\"https:\/\/www.kapitel-zwei.de\/pt-br\/more-em-berlin\/ofertas-de-emprego\/\" \/>\n<meta property=\"og:site_name\" content=\"Kapitel Zwei Berlin\" \/>\n<meta property=\"article:publisher\" content=\"https:\/\/www.facebook.com\/kapitelzwei\/\" \/>\n<meta property=\"article:modified_time\" content=\"2023-11-27T12:51:34+00:00\" \/>\n<meta name=\"twitter:card\" content=\"summary_large_image\" \/>\n<meta name=\"twitter:site\" content=\"@kapitelzwei\" \/>\n<meta name=\"twitter:label1\" content=\"Est. tempo de leitura\" \/>\n\t<meta name=\"twitter:data1\" content=\"2 minutos\" \/>\n<script type=\"application\/ld+json\" class=\"yoast-schema-graph\">{\"@context\":\"https:\/\/schema.org\",\"@graph\":[{\"@type\":\"WebPage\",\"@id\":\"https:\/\/www.kapitel-zwei.de\/pt-br\/more-em-berlin\/ofertas-de-emprego\/\",\"url\":\"https:\/\/www.kapitel-zwei.de\/pt-br\/more-em-berlin\/ofertas-de-emprego\/\",\"name\":\"Ofertas de trabalho - Trabalhar em Berlim - Kapitel Zwei\",\"isPartOf\":{\"@id\":\"https:\/\/kapitel-zwei.de\/es\/#website\"},\"datePublished\":\"2016-03-23T16:29:24+00:00\",\"dateModified\":\"2023-11-27T12:51:34+00:00\",\"description\":\"Seja Au Pair, ajudante de cozinha, gar\u00e7on ou bartender - Trabalhar em Berlim ajuda no aprendizado do idioma e \u00e0 conhecer a cultura do pa\u00eds.\",\"breadcrumb\":{\"@id\":\"https:\/\/www.kapitel-zwei.de\/pt-br\/more-em-berlin\/ofertas-de-emprego\/#breadcrumb\"},\"inLanguage\":\"pt-BR\",\"potentialAction\":[{\"@type\":\"ReadAction\",\"target\":[\"https:\/\/www.kapitel-zwei.de\/pt-br\/more-em-berlin\/ofertas-de-emprego\/\"]}]},{\"@type\":\"BreadcrumbList\",\"@id\":\"https:\/\/www.kapitel-zwei.de\/pt-br\/more-em-berlin\/ofertas-de-emprego\/#breadcrumb\",\"itemListElement\":[{\"@type\":\"ListItem\",\"position\":1,\"name\":\"Startseite\",\"item\":\"https:\/\/kapitel-zwei.de\/pt-br\/\"},{\"@type\":\"ListItem\",\"position\":2,\"name\":\"More em Berlin\",\"item\":\"https:\/\/kapitel-zwei.de\/pt-br\/more-em-berlin\/\"},{\"@type\":\"ListItem\",\"position\":3,\"name\":\"Ofertas de Emprego\"}]},{\"@type\":\"WebSite\",\"@id\":\"https:\/\/kapitel-zwei.de\/es\/#website\",\"url\":\"https:\/\/kapitel-zwei.de\/es\/\",\"name\":\"Kapitel Zwei Berlin\",\"description\":\"Deutschkurs Berlin | Sprachschule Berlin | German language school Berlin | telc Berlin | Deutsch Pr\u00fcfung Berlin | Intensive German courses Berlin | TestDaF Pr\u00fcfung | Online Kurse\",\"publisher\":{\"@id\":\"https:\/\/kapitel-zwei.de\/es\/#organization\"},\"potentialAction\":[{\"@type\":\"SearchAction\",\"target\":{\"@type\":\"EntryPoint\",\"urlTemplate\":\"https:\/\/kapitel-zwei.de\/es\/?s={search_term_string}\"},\"query-input\":{\"@type\":\"PropertyValueSpecification\",\"valueRequired\":true,\"valueName\":\"search_term_string\"}}],\"inLanguage\":\"pt-BR\"},{\"@type\":\"Organization\",\"@id\":\"https:\/\/kapitel-zwei.de\/es\/#organization\",\"name\":\"Kapitel Zwei. Deutsch-Sprachschule Berlin GmbH\",\"url\":\"https:\/\/kapitel-zwei.de\/es\/\",\"logo\":{\"@type\":\"ImageObject\",\"inLanguage\":\"pt-BR\",\"@id\":\"https:\/\/kapitel-zwei.de\/es\/#\/schema\/logo\/image\/\",\"url\":\"https:\/\/kapitel-zwei.de\/wp-content\/uploads\/2018\/08\/Kapitel-Zwei-Berlin-Sprachschule-Deutsch-Deutschkurse-Berlin.jpg\",\"contentUrl\":\"https:\/\/kapitel-zwei.de\/wp-content\/uploads\/2018\/08\/Kapitel-Zwei-Berlin-Sprachschule-Deutsch-Deutschkurse-Berlin.jpg\",\"width\":350,\"height\":101,\"caption\":\"Kapitel Zwei. Deutsch-Sprachschule Berlin GmbH\"},\"image\":{\"@id\":\"https:\/\/kapitel-zwei.de\/es\/#\/schema\/logo\/image\/\"},\"sameAs\":[\"https:\/\/www.facebook.com\/kapitelzwei\/\",\"https:\/\/x.com\/kapitelzwei\"]}]}<\/script>\n<!-- \/ Yoast SEO Premium plugin. -->","yoast_head_json":{"title":"Ofertas de trabalho - Trabalhar em Berlim - Kapitel Zwei","description":"Seja Au Pair, ajudante de cozinha, gar\u00e7on ou bartender - Trabalhar em Berlim ajuda no aprendizado do idioma e \u00e0 conhecer a cultura do pa\u00eds.","robots":{"index":"index","follow":"follow","max-snippet":"max-snippet:-1","max-image-preview":"max-image-preview:large","max-video-preview":"max-video-preview:-1"},"canonical":"https:\/\/www.kapitel-zwei.de\/pt-br\/more-em-berlin\/ofertas-de-emprego\/","og_locale":"pt_BR","og_type":"article","og_title":"Ofertas de Emprego","og_description":"Seja Au Pair, ajudante de cozinha, gar\u00e7on ou bartender - Trabalhar em Berlim ajuda no aprendizado do idioma e \u00e0 conhecer a cultura do pa\u00eds.","og_url":"https:\/\/www.kapitel-zwei.de\/pt-br\/more-em-berlin\/ofertas-de-emprego\/","og_site_name":"Kapitel Zwei Berlin","article_publisher":"https:\/\/www.facebook.com\/kapitelzwei\/","article_modified_time":"2023-11-27T12:51:34+00:00","twitter_card":"summary_large_image","twitter_site":"@kapitelzwei","twitter_misc":{"Est. tempo de leitura":"2 minutos"},"schema":{"@context":"https:\/\/schema.org","@graph":[{"@type":"WebPage","@id":"https:\/\/www.kapitel-zwei.de\/pt-br\/more-em-berlin\/ofertas-de-emprego\/","url":"https:\/\/www.kapitel-zwei.de\/pt-br\/more-em-berlin\/ofertas-de-emprego\/","name":"Ofertas de trabalho - Trabalhar em Berlim - Kapitel Zwei","isPartOf":{"@id":"https:\/\/kapitel-zwei.de\/es\/#website"},"datePublished":"2016-03-23T16:29:24+00:00","dateModified":"2023-11-27T12:51:34+00:00","description":"Seja Au Pair, ajudante de cozinha, gar\u00e7on ou bartender - Trabalhar em Berlim ajuda no aprendizado do idioma e \u00e0 conhecer a cultura do pa\u00eds.","breadcrumb":{"@id":"https:\/\/www.kapitel-zwei.de\/pt-br\/more-em-berlin\/ofertas-de-emprego\/#breadcrumb"},"inLanguage":"pt-BR","potentialAction":[{"@type":"ReadAction","target":["https:\/\/www.kapitel-zwei.de\/pt-br\/more-em-berlin\/ofertas-de-emprego\/"]}]},{"@type":"BreadcrumbList","@id":"https:\/\/www.kapitel-zwei.de\/pt-br\/more-em-berlin\/ofertas-de-emprego\/#breadcrumb","itemListElement":[{"@type":"ListItem","position":1,"name":"Startseite","item":"https:\/\/kapitel-zwei.de\/pt-br\/"},{"@type":"ListItem","position":2,"name":"More em Berlin","item":"https:\/\/kapitel-zwei.de\/pt-br\/more-em-berlin\/"},{"@type":"ListItem","position":3,"name":"Ofertas de Emprego"}]},{"@type":"WebSite","@id":"https:\/\/kapitel-zwei.de\/es\/#website","url":"https:\/\/kapitel-zwei.de\/es\/","name":"Kapitel Zwei Berlin","description":"Deutschkurs Berlin | Sprachschule Berlin | German language school Berlin | telc Berlin | Deutsch Pr\u00fcfung Berlin | Intensive German courses Berlin | TestDaF Pr\u00fcfung | Online Kurse","publisher":{"@id":"https:\/\/kapitel-zwei.de\/es\/#organization"},"potentialAction":[{"@type":"SearchAction","target":{"@type":"EntryPoint","urlTemplate":"https:\/\/kapitel-zwei.de\/es\/?s={search_term_string}"},"query-input":{"@type":"PropertyValueSpecification","valueRequired":true,"valueName":"search_term_string"}}],"inLanguage":"pt-BR"},{"@type":"Organization","@id":"https:\/\/kapitel-zwei.de\/es\/#organization","name":"Kapitel Zwei. Deutsch-Sprachschule Berlin GmbH","url":"https:\/\/kapitel-zwei.de\/es\/","logo":{"@type":"ImageObject","inLanguage":"pt-BR","@id":"https:\/\/kapitel-zwei.de\/es\/#\/schema\/logo\/image\/","url":"https:\/\/kapitel-zwei.de\/wp-content\/uploads\/2018\/08\/Kapitel-Zwei-Berlin-Sprachschule-Deutsch-Deutschkurse-Berlin.jpg","contentUrl":"https:\/\/kapitel-zwei.de\/wp-content\/uploads\/2018\/08\/Kapitel-Zwei-Berlin-Sprachschule-Deutsch-Deutschkurse-Berlin.jpg","width":350,"height":101,"caption":"Kapitel Zwei. Deutsch-Sprachschule Berlin GmbH"},"image":{"@id":"https:\/\/kapitel-zwei.de\/es\/#\/schema\/logo\/image\/"},"sameAs":["https:\/\/www.facebook.com\/kapitelzwei\/","https:\/\/x.com\/kapitelzwei"]}]}},"_links":{"self":[{"href":"https:\/\/kapitel-zwei.de\/pt-br\/wp-json\/wp\/v2\/pages\/10046","targetHints":{"allow":["GET"]}}],"collection":[{"href":"https:\/\/kapitel-zwei.de\/pt-br\/wp-json\/wp\/v2\/pages"}],"about":[{"href":"https:\/\/kapitel-zwei.de\/pt-br\/wp-json\/wp\/v2\/types\/page"}],"author":[{"embeddable":true,"href":"https:\/\/kapitel-zwei.de\/pt-br\/wp-json\/wp\/v2\/users\/16"}],"replies":[{"embeddable":true,"href":"https:\/\/kapitel-zwei.de\/pt-br\/wp-json\/wp\/v2\/comments?post=10046"}],"version-history":[{"count":7,"href":"https:\/\/kapitel-zwei.de\/pt-br\/wp-json\/wp\/v2\/pages\/10046\/revisions"}],"predecessor-version":[{"id":115536,"href":"https:\/\/kapitel-zwei.de\/pt-br\/wp-json\/wp\/v2\/pages\/10046\/revisions\/115536"}],"up":[{"embeddable":true,"href":"https:\/\/kapitel-zwei.de\/pt-br\/wp-json\/wp\/v2\/pages\/3507"}],"wp:attachment":[{"href":"https:\/\/kapitel-zwei.de\/pt-br\/wp-json\/wp\/v2\/media?parent=10046"}],"curies":[{"name":"wp","href":"https:\/\/api.w.org\/{rel}","templated":true}]}}