{"id":10058,"date":"2016-03-23T17:35:11","date_gmt":"2016-03-23T16:35:11","guid":{"rendered":"http:\/\/relaunch.kapitel-zwei.de\/pt-br\/more-em-berlin\/krankenversicherung\/"},"modified":"2016-09-21T21:03:18","modified_gmt":"2016-09-21T19:03:18","slug":"seguro-de-saude","status":"publish","type":"page","link":"https:\/\/kapitel-zwei.de\/pt-br\/more-em-berlin\/seguro-de-saude\/","title":{"rendered":"Seguro de sa\u00fade"},"content":{"rendered":"\n<style type=\"text\/css\" data-created_by=\"avia_inline_auto\" id=\"style-css-av-av_one_third-352b07ef7d3bc99b2e9f92e7a9e06bdb\">\n.flex_column.av-av_one_third-352b07ef7d3bc99b2e9f92e7a9e06bdb{\nborder-radius:0px 0px 0px 0px;\npadding:0px 0px 0px 0px;\n}\n<\/style>\n<div  class='flex_column av-av_one_third-352b07ef7d3bc99b2e9f92e7a9e06bdb av_one_third  avia-builder-el-0  el_before_av_two_third  avia-builder-el-first  first flex_column_div av-zero-column-padding  '     ><section  class='av_textblock_section av-av_textblock-35972167d9f102c5ddaec0c531c98b9e '   itemscope=\"itemscope\" itemtype=\"https:\/\/schema.org\/CreativeWork\" ><div class='avia_textblock'  itemprop=\"text\" ><p class=\"intro\">Aprender alem\u00e3o e viver em Berlim com ajuda da \u201eKapitel Zwei. Escola de alem\u00e3o Berlim\u201c direto na Alexanderplatz<\/p>\n<\/div><\/section><br \/>\n\n<style type=\"text\/css\" data-created_by=\"avia_inline_auto\" id=\"style-css-av-av_image-833fcc9ddb88e2a69545769f14573128\">\n.avia-image-container.av-av_image-833fcc9ddb88e2a69545769f14573128 img.avia_image{\nbox-shadow:none;\n}\n.avia-image-container.av-av_image-833fcc9ddb88e2a69545769f14573128 .av-image-caption-overlay-center{\ncolor:#ffffff;\n}\n<\/style>\n<div  class='avia-image-container av-av_image-833fcc9ddb88e2a69545769f14573128 av-styling- avia-align-left  avia-builder-el-2  el_after_av_textblock  avia-builder-el-last '   itemprop=\"image\" itemscope=\"itemscope\" itemtype=\"https:\/\/schema.org\/ImageObject\" ><div class=\"avia-image-container-inner\"><div class=\"avia-image-overlay-wrap\"><img decoding=\"async\" fetchpriority=\"high\" class='wp-image-10930 avia-img-lazy-loading-not-10930 avia_image ' src=\"https:\/\/kapitel-zwei.de\/wp-content\/uploads\/2016\/03\/Kapitel-Zwei-Berlin-Krankenversicherung.jpg\" alt='Kapitel Zwei Berlin Krankenversicherung' title='Kapitel Zwei Berlin Krankenversicherung'  height=\"2133\" width=\"3200\"  itemprop=\"thumbnailUrl\" srcset=\"https:\/\/kapitel-zwei.de\/wp-content\/uploads\/2016\/03\/Kapitel-Zwei-Berlin-Krankenversicherung.jpg 3200w, https:\/\/kapitel-zwei.de\/wp-content\/uploads\/2016\/03\/Kapitel-Zwei-Berlin-Krankenversicherung-80x53.jpg 80w, https:\/\/kapitel-zwei.de\/wp-content\/uploads\/2016\/03\/Kapitel-Zwei-Berlin-Krankenversicherung-300x200.jpg 300w, https:\/\/kapitel-zwei.de\/wp-content\/uploads\/2016\/03\/Kapitel-Zwei-Berlin-Krankenversicherung-768x512.jpg 768w, https:\/\/kapitel-zwei.de\/wp-content\/uploads\/2016\/03\/Kapitel-Zwei-Berlin-Krankenversicherung-1030x687.jpg 1030w, https:\/\/kapitel-zwei.de\/wp-content\/uploads\/2016\/03\/Kapitel-Zwei-Berlin-Krankenversicherung-1500x1000.jpg 1500w, https:\/\/kapitel-zwei.de\/wp-content\/uploads\/2016\/03\/Kapitel-Zwei-Berlin-Krankenversicherung-705x470.jpg 705w, https:\/\/kapitel-zwei.de\/wp-content\/uploads\/2016\/03\/Kapitel-Zwei-Berlin-Krankenversicherung-450x300.jpg 450w\" sizes=\"(max-width: 3200px) 100vw, 3200px\" \/><\/div><\/div><\/div><\/p><\/div>\n<style type=\"text\/css\" data-created_by=\"avia_inline_auto\" id=\"style-css-av-av_two_third-2a64de42b738552fe666ca889af77e28\">\n.flex_column.av-av_two_third-2a64de42b738552fe666ca889af77e28{\nborder-radius:0px 0px 0px 0px;\npadding:0px 0px 0px 0px;\n}\n<\/style>\n<div  class='flex_column av-av_two_third-2a64de42b738552fe666ca889af77e28 av_two_third  avia-builder-el-3  el_after_av_one_third  el_before_av_hr  flex_column_div av-zero-column-padding  '     ><section  class='av_textblock_section av-av_textblock-35972167d9f102c5ddaec0c531c98b9e '   itemscope=\"itemscope\" itemtype=\"https:\/\/schema.org\/CreativeWork\" ><div class='avia_textblock'  itemprop=\"text\" ><h1>Seu curso de alem\u00e3o em Berlim e o seu seguro sa\u00fade na Alemanha<\/h1>\n<\/div><\/section><br \/>\n<section  class='av_textblock_section av-av_textblock-35972167d9f102c5ddaec0c531c98b9e '   itemscope=\"itemscope\" itemtype=\"https:\/\/schema.org\/CreativeWork\" ><div class='avia_textblock'  itemprop=\"text\" ><p>Voc\u00ea j\u00e1 tem um seguro de sa\u00fade para poder obter a sua estadia em Berlim? Aqui voc\u00ea encontra dicas importantes.<\/p>\n<p>Adicionalmente ao seu curso de alem\u00e3o em Berlim n\u00f3s lhe recomendamos que voc\u00ea fa\u00e7a um <a title=\"seguro de sa\u00fade Care Concept\" href=\"https:\/\/care-concept.de\/krankenversicherung\/gesetzliche-studentenversicherung\/gesetzliche-studentenversicherung-antrag_eng.php?vmnr=002898000S&amp;navilang=eng&amp;PHPSESSID=b6270c9fa562d55a33d748584e64a2ab\" target=\"_blank\" rel=\"noopener\">seguro de sa\u00fade<\/a>, independentemente se voc\u00ea desejar ficar apenas alguns dias, meses ou anos na Alemanha.<\/p>\n<\/div><\/section><\/p><\/div><\/p>\n\n<style type=\"text\/css\" data-created_by=\"avia_inline_auto\" id=\"style-css-av-av_hr-b30e41aaa4ee0c8f0a9002998d6d6e97\">\n#top .hr.hr-invisible.av-av_hr-b30e41aaa4ee0c8f0a9002998d6d6e97{\nheight:20px;\n}\n<\/style>\n<div  class='hr av-av_hr-b30e41aaa4ee0c8f0a9002998d6d6e97 hr-invisible  avia-builder-el-6  el_after_av_two_third  el_before_av_textblock '><span class='hr-inner '><span class=\"hr-inner-style\"><\/span><\/span><\/div>\n<section  class='av_textblock_section av-av_textblock-35972167d9f102c5ddaec0c531c98b9e '   itemscope=\"itemscope\" itemtype=\"https:\/\/schema.org\/CreativeWork\" ><div class='avia_textblock'  itemprop=\"text\" ><p>Se voc\u00ea frequentar um curso de idiomas ou for estudante universit\u00e1rio a &#8220;<a title=\"Health insurance German Course Berlin Alexanderplatz Kapitel Zwei German language school Berlin\" href=\"http:\/\/www.care-concept.de\/sprachschueler_eng.php?navilang=eng&amp;vmnr=002898000S&amp;mail=berlin@kapitel-zwei.de\" target=\"_blank\" rel=\"noopener\">Care Concept AG<\/a>\u201d lhe oferece um seguro de sa\u00fade especial, o \u201eCare College\u201c. Outras op\u00e7\u00f5es tamb\u00e9m existem para Au-Pairs, viajantes e para quem quer ficar muito tempo. Aqui voc\u00ea encontra o seguro de sa\u00fade adequado para a sua situa\u00e7\u00e3o. O contrato voc\u00ea pode fechar na internet sem complica\u00e7\u00e3o.<\/p>\n<h2>Voc\u00ea procura um m\u00e9dico pr\u00f3ximo de voc\u00ea?<\/h2>\n<p>N\u00f3s recomendamos utilizar o <a title=\"banco de dados deos m\u00e9dicos Berlim Kapitel Zwei \" href=\"http:\/\/www.aerzte-berlin.de\/\">banco de dados dos m\u00e9dicos<\/a> em Berlim. Uma grande ajuda \u00e9 buscar \u201cAllgemeinmediziner\/ Praktischer Arzt\u201d.<\/p>\n<h2>N\u00fameros de emerg\u00eancia<\/h2>\n<p>Os n\u00fameros de emerg\u00eancia na Alemanha s\u00e3o 110 (Pol\u00edcia) ou 112 (Bombeiros e\/ou Ambul\u00e2ncia). Estes n\u00fameros voc\u00ea pode chamar gratuitamente de qualquer telefone p\u00fablico.<\/p>\n<\/div><\/section>\n","protected":false},"excerpt":{"rendered":"","protected":false},"author":16,"featured_media":0,"parent":3507,"menu_order":0,"comment_status":"closed","ping_status":"closed","template":"","meta":{"footnotes":""},"class_list":["post-10058","page","type-page","status-publish","hentry"],"yoast_head":"<!-- This site is optimized with the Yoast SEO Premium plugin v24.4 (Yoast SEO v24.4) - https:\/\/yoast.com\/wordpress\/plugins\/seo\/ -->\n<title>Seguro m\u00e9dico correspondente para a sua estadia - Kapitel Zwei<\/title>\n<meta name=\"description\" content=\"Seguro de sa\u00fade \u00e9 importante, com cada estadia. A Kapitel Zwei ajuda voc\u00ea com a sele\u00e7\u00e3o. M\u00e9dicos perto de voc\u00ea e n\u00fameros de emerg\u00eancia.\" \/>\n<meta name=\"robots\" content=\"index, follow, max-snippet:-1, max-image-preview:large, max-video-preview:-1\" \/>\n<link rel=\"canonical\" href=\"https:\/\/www.kapitel-zwei.de\/pt-br\/more-em-berlin\/seguro-de-saude\/\" \/>\n<meta property=\"og:locale\" content=\"pt_BR\" \/>\n<meta property=\"og:type\" content=\"article\" \/>\n<meta property=\"og:title\" content=\"Seguro de sa\u00fade\" \/>\n<meta property=\"og:description\" content=\"Seguro de sa\u00fade \u00e9 importante, com cada estadia. A Kapitel Zwei ajuda voc\u00ea com a sele\u00e7\u00e3o. M\u00e9dicos perto de voc\u00ea e n\u00fameros de emerg\u00eancia.\" \/>\n<meta property=\"og:url\" content=\"https:\/\/www.kapitel-zwei.de\/pt-br\/more-em-berlin\/seguro-de-saude\/\" \/>\n<meta property=\"og:site_name\" content=\"Kapitel Zwei Berlin\" \/>\n<meta property=\"article:publisher\" content=\"https:\/\/www.facebook.com\/kapitelzwei\/\" \/>\n<meta property=\"article:modified_time\" content=\"2016-09-21T19:03:18+00:00\" \/>\n<meta name=\"twitter:card\" content=\"summary_large_image\" \/>\n<meta name=\"twitter:site\" content=\"@kapitelzwei\" \/>\n<meta name=\"twitter:label1\" content=\"Est. tempo de leitura\" \/>\n\t<meta name=\"twitter:data1\" content=\"2 minutos\" \/>\n<script type=\"application\/ld+json\" class=\"yoast-schema-graph\">{\"@context\":\"https:\/\/schema.org\",\"@graph\":[{\"@type\":\"WebPage\",\"@id\":\"https:\/\/www.kapitel-zwei.de\/pt-br\/more-em-berlin\/seguro-de-saude\/\",\"url\":\"https:\/\/www.kapitel-zwei.de\/pt-br\/more-em-berlin\/seguro-de-saude\/\",\"name\":\"Seguro m\u00e9dico correspondente para a sua estadia - Kapitel Zwei\",\"isPartOf\":{\"@id\":\"https:\/\/kapitel-zwei.de\/es\/#website\"},\"datePublished\":\"2016-03-23T16:35:11+00:00\",\"dateModified\":\"2016-09-21T19:03:18+00:00\",\"description\":\"Seguro de sa\u00fade \u00e9 importante, com cada estadia. A Kapitel Zwei ajuda voc\u00ea com a sele\u00e7\u00e3o. M\u00e9dicos perto de voc\u00ea e n\u00fameros de emerg\u00eancia.\",\"breadcrumb\":{\"@id\":\"https:\/\/www.kapitel-zwei.de\/pt-br\/more-em-berlin\/seguro-de-saude\/#breadcrumb\"},\"inLanguage\":\"pt-BR\",\"potentialAction\":[{\"@type\":\"ReadAction\",\"target\":[\"https:\/\/www.kapitel-zwei.de\/pt-br\/more-em-berlin\/seguro-de-saude\/\"]}]},{\"@type\":\"BreadcrumbList\",\"@id\":\"https:\/\/www.kapitel-zwei.de\/pt-br\/more-em-berlin\/seguro-de-saude\/#breadcrumb\",\"itemListElement\":[{\"@type\":\"ListItem\",\"position\":1,\"name\":\"Startseite\",\"item\":\"https:\/\/kapitel-zwei.de\/pt-br\/\"},{\"@type\":\"ListItem\",\"position\":2,\"name\":\"More em Berlin\",\"item\":\"https:\/\/kapitel-zwei.de\/pt-br\/more-em-berlin\/\"},{\"@type\":\"ListItem\",\"position\":3,\"name\":\"Seguro de sa\u00fade\"}]},{\"@type\":\"WebSite\",\"@id\":\"https:\/\/kapitel-zwei.de\/es\/#website\",\"url\":\"https:\/\/kapitel-zwei.de\/es\/\",\"name\":\"Kapitel Zwei Berlin\",\"description\":\"Deutschkurs Berlin | Sprachschule Berlin | German language school Berlin | telc Berlin | Deutsch Pr\u00fcfung Berlin | Intensive German courses Berlin | TestDaF Pr\u00fcfung | Online Kurse\",\"publisher\":{\"@id\":\"https:\/\/kapitel-zwei.de\/es\/#organization\"},\"potentialAction\":[{\"@type\":\"SearchAction\",\"target\":{\"@type\":\"EntryPoint\",\"urlTemplate\":\"https:\/\/kapitel-zwei.de\/es\/?s={search_term_string}\"},\"query-input\":{\"@type\":\"PropertyValueSpecification\",\"valueRequired\":true,\"valueName\":\"search_term_string\"}}],\"inLanguage\":\"pt-BR\"},{\"@type\":\"Organization\",\"@id\":\"https:\/\/kapitel-zwei.de\/es\/#organization\",\"name\":\"Kapitel Zwei. Deutsch-Sprachschule Berlin GmbH\",\"url\":\"https:\/\/kapitel-zwei.de\/es\/\",\"logo\":{\"@type\":\"ImageObject\",\"inLanguage\":\"pt-BR\",\"@id\":\"https:\/\/kapitel-zwei.de\/es\/#\/schema\/logo\/image\/\",\"url\":\"https:\/\/kapitel-zwei.de\/wp-content\/uploads\/2018\/08\/Kapitel-Zwei-Berlin-Sprachschule-Deutsch-Deutschkurse-Berlin.jpg\",\"contentUrl\":\"https:\/\/kapitel-zwei.de\/wp-content\/uploads\/2018\/08\/Kapitel-Zwei-Berlin-Sprachschule-Deutsch-Deutschkurse-Berlin.jpg\",\"width\":350,\"height\":101,\"caption\":\"Kapitel Zwei. Deutsch-Sprachschule Berlin GmbH\"},\"image\":{\"@id\":\"https:\/\/kapitel-zwei.de\/es\/#\/schema\/logo\/image\/\"},\"sameAs\":[\"https:\/\/www.facebook.com\/kapitelzwei\/\",\"https:\/\/x.com\/kapitelzwei\"]}]}<\/script>\n<!-- \/ Yoast SEO Premium plugin. -->","yoast_head_json":{"title":"Seguro m\u00e9dico correspondente para a sua estadia - Kapitel Zwei","description":"Seguro de sa\u00fade \u00e9 importante, com cada estadia. A Kapitel Zwei ajuda voc\u00ea com a sele\u00e7\u00e3o. M\u00e9dicos perto de voc\u00ea e n\u00fameros de emerg\u00eancia.","robots":{"index":"index","follow":"follow","max-snippet":"max-snippet:-1","max-image-preview":"max-image-preview:large","max-video-preview":"max-video-preview:-1"},"canonical":"https:\/\/www.kapitel-zwei.de\/pt-br\/more-em-berlin\/seguro-de-saude\/","og_locale":"pt_BR","og_type":"article","og_title":"Seguro de sa\u00fade","og_description":"Seguro de sa\u00fade \u00e9 importante, com cada estadia. A Kapitel Zwei ajuda voc\u00ea com a sele\u00e7\u00e3o. M\u00e9dicos perto de voc\u00ea e n\u00fameros de emerg\u00eancia.","og_url":"https:\/\/www.kapitel-zwei.de\/pt-br\/more-em-berlin\/seguro-de-saude\/","og_site_name":"Kapitel Zwei Berlin","article_publisher":"https:\/\/www.facebook.com\/kapitelzwei\/","article_modified_time":"2016-09-21T19:03:18+00:00","twitter_card":"summary_large_image","twitter_site":"@kapitelzwei","twitter_misc":{"Est. tempo de leitura":"2 minutos"},"schema":{"@context":"https:\/\/schema.org","@graph":[{"@type":"WebPage","@id":"https:\/\/www.kapitel-zwei.de\/pt-br\/more-em-berlin\/seguro-de-saude\/","url":"https:\/\/www.kapitel-zwei.de\/pt-br\/more-em-berlin\/seguro-de-saude\/","name":"Seguro m\u00e9dico correspondente para a sua estadia - Kapitel Zwei","isPartOf":{"@id":"https:\/\/kapitel-zwei.de\/es\/#website"},"datePublished":"2016-03-23T16:35:11+00:00","dateModified":"2016-09-21T19:03:18+00:00","description":"Seguro de sa\u00fade \u00e9 importante, com cada estadia. A Kapitel Zwei ajuda voc\u00ea com a sele\u00e7\u00e3o. M\u00e9dicos perto de voc\u00ea e n\u00fameros de emerg\u00eancia.","breadcrumb":{"@id":"https:\/\/www.kapitel-zwei.de\/pt-br\/more-em-berlin\/seguro-de-saude\/#breadcrumb"},"inLanguage":"pt-BR","potentialAction":[{"@type":"ReadAction","target":["https:\/\/www.kapitel-zwei.de\/pt-br\/more-em-berlin\/seguro-de-saude\/"]}]},{"@type":"BreadcrumbList","@id":"https:\/\/www.kapitel-zwei.de\/pt-br\/more-em-berlin\/seguro-de-saude\/#breadcrumb","itemListElement":[{"@type":"ListItem","position":1,"name":"Startseite","item":"https:\/\/kapitel-zwei.de\/pt-br\/"},{"@type":"ListItem","position":2,"name":"More em Berlin","item":"https:\/\/kapitel-zwei.de\/pt-br\/more-em-berlin\/"},{"@type":"ListItem","position":3,"name":"Seguro de sa\u00fade"}]},{"@type":"WebSite","@id":"https:\/\/kapitel-zwei.de\/es\/#website","url":"https:\/\/kapitel-zwei.de\/es\/","name":"Kapitel Zwei Berlin","description":"Deutschkurs Berlin | Sprachschule Berlin | German language school Berlin | telc Berlin | Deutsch Pr\u00fcfung Berlin | Intensive German courses Berlin | TestDaF Pr\u00fcfung | Online Kurse","publisher":{"@id":"https:\/\/kapitel-zwei.de\/es\/#organization"},"potentialAction":[{"@type":"SearchAction","target":{"@type":"EntryPoint","urlTemplate":"https:\/\/kapitel-zwei.de\/es\/?s={search_term_string}"},"query-input":{"@type":"PropertyValueSpecification","valueRequired":true,"valueName":"search_term_string"}}],"inLanguage":"pt-BR"},{"@type":"Organization","@id":"https:\/\/kapitel-zwei.de\/es\/#organization","name":"Kapitel Zwei. Deutsch-Sprachschule Berlin GmbH","url":"https:\/\/kapitel-zwei.de\/es\/","logo":{"@type":"ImageObject","inLanguage":"pt-BR","@id":"https:\/\/kapitel-zwei.de\/es\/#\/schema\/logo\/image\/","url":"https:\/\/kapitel-zwei.de\/wp-content\/uploads\/2018\/08\/Kapitel-Zwei-Berlin-Sprachschule-Deutsch-Deutschkurse-Berlin.jpg","contentUrl":"https:\/\/kapitel-zwei.de\/wp-content\/uploads\/2018\/08\/Kapitel-Zwei-Berlin-Sprachschule-Deutsch-Deutschkurse-Berlin.jpg","width":350,"height":101,"caption":"Kapitel Zwei. Deutsch-Sprachschule Berlin GmbH"},"image":{"@id":"https:\/\/kapitel-zwei.de\/es\/#\/schema\/logo\/image\/"},"sameAs":["https:\/\/www.facebook.com\/kapitelzwei\/","https:\/\/x.com\/kapitelzwei"]}]}},"_links":{"self":[{"href":"https:\/\/kapitel-zwei.de\/pt-br\/wp-json\/wp\/v2\/pages\/10058","targetHints":{"allow":["GET"]}}],"collection":[{"href":"https:\/\/kapitel-zwei.de\/pt-br\/wp-json\/wp\/v2\/pages"}],"about":[{"href":"https:\/\/kapitel-zwei.de\/pt-br\/wp-json\/wp\/v2\/types\/page"}],"author":[{"embeddable":true,"href":"https:\/\/kapitel-zwei.de\/pt-br\/wp-json\/wp\/v2\/users\/16"}],"replies":[{"embeddable":true,"href":"https:\/\/kapitel-zwei.de\/pt-br\/wp-json\/wp\/v2\/comments?post=10058"}],"version-history":[{"count":1,"href":"https:\/\/kapitel-zwei.de\/pt-br\/wp-json\/wp\/v2\/pages\/10058\/revisions"}],"predecessor-version":[{"id":14523,"href":"https:\/\/kapitel-zwei.de\/pt-br\/wp-json\/wp\/v2\/pages\/10058\/revisions\/14523"}],"up":[{"embeddable":true,"href":"https:\/\/kapitel-zwei.de\/pt-br\/wp-json\/wp\/v2\/pages\/3507"}],"wp:attachment":[{"href":"https:\/\/kapitel-zwei.de\/pt-br\/wp-json\/wp\/v2\/media?parent=10058"}],"curies":[{"name":"wp","href":"https:\/\/api.w.org\/{rel}","templated":true}]}}