{"id":10072,"date":"2015-11-17T22:23:41","date_gmt":"2015-11-17T21:23:41","guid":{"rendered":"http:\/\/relaunch.kapitel-zwei.de\/pt-br\/kursdaten\/"},"modified":"2023-06-14T00:56:11","modified_gmt":"2023-06-13T22:56:11","slug":"datas-dos-cursos","status":"publish","type":"page","link":"https:\/\/kapitel-zwei.de\/pt-br\/datas-dos-cursos\/","title":{"rendered":"Datas dos cursos"},"content":{"rendered":"\n<style type=\"text\/css\" data-created_by=\"avia_inline_auto\" id=\"style-css-av-80q3vy0-e2c1c10d1c9ef53709bc2e0aca71ca5f\">\n.flex_column.av-80q3vy0-e2c1c10d1c9ef53709bc2e0aca71ca5f{\nborder-radius:0px 0px 0px 0px;\npadding:0px 0px 0px 0px;\n}\n<\/style>\n<div  class='flex_column av-80q3vy0-e2c1c10d1c9ef53709bc2e0aca71ca5f av_one_full  avia-builder-el-0  el_before_av_two_third  avia-builder-el-first  first flex_column_div av-zero-column-padding  '     ><section  class='av_textblock_section av-rnj4e0-e8f945814ab2c86ce0f7db38f57f872e '   itemscope=\"itemscope\" itemtype=\"https:\/\/schema.org\/CreativeWork\" ><div class='avia_textblock'  itemprop=\"text\" ><h1 class=\"entry-title\"><span style=\"color: #ff6600;\">Datas dos cursos de alem\u00e3o em Berlim<\/span><\/h1>\n<\/div><\/section><\/div>\n\n<style type=\"text\/css\" data-created_by=\"avia_inline_auto\" id=\"style-css-av-75imxfc-faf0ba9a0b67800192dfebf51c8f0f55\">\n.flex_column.av-75imxfc-faf0ba9a0b67800192dfebf51c8f0f55{\nborder-radius:0px 0px 0px 0px;\npadding:0px 0px 0px 0px;\n}\n<\/style>\n<div  class='flex_column av-75imxfc-faf0ba9a0b67800192dfebf51c8f0f55 av_two_third  avia-builder-el-2  el_after_av_one_full  el_before_av_one_third  first flex_column_div av-zero-column-padding  column-top-margin'     ><section  class='av_textblock_section av-6hercwo-cfce7a549a9ac4c4176d1b9614117c06 '   itemscope=\"itemscope\" itemtype=\"https:\/\/schema.org\/CreativeWork\" ><div class='avia_textblock'  itemprop=\"text\" ><p>Todos os cursos intensivos tem dura\u00e7\u00e3o de quatro semanas, e acontecem de segunda \u00e0 quinta-feira. Nos outros dias da semana, n\u00f3s oferecemos cursos especializados (conversa\u00e7\u00e3o, gram\u00e1tica e prepara\u00e7\u00e3o para provas de profici\u00eancia), as provas acontecem \u00e0s sextas-feira e s\u00e1bados. As aulas s\u00e3o canceladas durante os feriados nacionais. Mais informa\u00e7\u00f5es <a href=\"https:\/\/kapitel-zwei.de\/pt-br\/curso-de-alemao-em-berlim\/\">aqui<\/a>.<\/p>\n<p>Voc\u00ea pode se inscrever <a href=\"https:\/\/kapitel-zwei.de\/pt-br\/inscricao-escola-alemao\/\">online<\/a> ou na <a href=\"https:\/\/kapitel-zwei.de\/pt-br\/escola-de-alemao-berlin\/entre-em-contato\/#Localiza\u00e7\u00e3o\">nossa secretaria<\/a>!<\/p>\n<\/div><\/section><\/div>\n\n<style type=\"text\/css\" data-created_by=\"avia_inline_auto\" id=\"style-css-av-68y84zc-3567a95411028c8ee1ec6a3792478c11\">\n.flex_column.av-68y84zc-3567a95411028c8ee1ec6a3792478c11{\nborder-radius:0px 0px 0px 0px;\npadding:0px 0px 0px 0px;\n}\n<\/style>\n<div  class='flex_column av-68y84zc-3567a95411028c8ee1ec6a3792478c11 av_one_third  avia-builder-el-4  el_after_av_two_third  el_before_av_hr  flex_column_div av-zero-column-padding  column-top-margin'     ><style type=\"text\/css\" data-created_by=\"avia_inline_auto\" id=\"style-css-av-5lxabfc-51f2eb40163a22912b2617b2419f2016\">\n.avia-image-container.av-5lxabfc-51f2eb40163a22912b2617b2419f2016 img.avia_image{\nbox-shadow:none;\n}\n.avia-image-container.av-5lxabfc-51f2eb40163a22912b2617b2419f2016 .av-image-caption-overlay-center{\ncolor:#ffffff;\n}\n<\/style>\n<div  class='avia-image-container av-5lxabfc-51f2eb40163a22912b2617b2419f2016 av-styling- avia-align-center  avia-builder-el-5  avia-builder-el-no-sibling '   itemprop=\"image\" itemscope=\"itemscope\" itemtype=\"https:\/\/schema.org\/ImageObject\" ><div class=\"avia-image-container-inner\"><div class=\"avia-image-overlay-wrap\"><img decoding=\"async\" fetchpriority=\"high\" class='wp-image-22535 avia-img-lazy-loading-not-22535 avia_image ' src=\"https:\/\/kapitel-zwei.de\/wp-content\/uploads\/2015\/11\/Datas-dos-cursos-de-alem\u00e3o-em-Berlim-687x1030.jpg\" alt='Datas dos cursos de alem\u00e3o em Berlim' title='Datas dos cursos de alem\u00e3o em Berlim'  height=\"1030\" width=\"687\"  itemprop=\"thumbnailUrl\" srcset=\"https:\/\/kapitel-zwei.de\/wp-content\/uploads\/2015\/11\/Datas-dos-cursos-de-alem\u00e3o-em-Berlim-687x1030.jpg 687w, https:\/\/kapitel-zwei.de\/wp-content\/uploads\/2015\/11\/Datas-dos-cursos-de-alem\u00e3o-em-Berlim-53x80.jpg 53w, https:\/\/kapitel-zwei.de\/wp-content\/uploads\/2015\/11\/Datas-dos-cursos-de-alem\u00e3o-em-Berlim-200x300.jpg 200w, https:\/\/kapitel-zwei.de\/wp-content\/uploads\/2015\/11\/Datas-dos-cursos-de-alem\u00e3o-em-Berlim-768x1152.jpg 768w, https:\/\/kapitel-zwei.de\/wp-content\/uploads\/2015\/11\/Datas-dos-cursos-de-alem\u00e3o-em-Berlim-1000x1500.jpg 1000w, https:\/\/kapitel-zwei.de\/wp-content\/uploads\/2015\/11\/Datas-dos-cursos-de-alem\u00e3o-em-Berlim-470x705.jpg 470w, https:\/\/kapitel-zwei.de\/wp-content\/uploads\/2015\/11\/Datas-dos-cursos-de-alem\u00e3o-em-Berlim-450x675.jpg 450w\" sizes=\"(max-width: 687px) 100vw, 687px\" \/><\/div><\/div><\/div><\/div>\n<div  class='hr av-4b2j5h4-9f0f1341feeeea19dbb485434ab4efd5 hr-default  avia-builder-el-6  el_after_av_one_third  el_before_av_one_full '><span class='hr-inner '><span class=\"hr-inner-style\"><\/span><\/span><\/div>\n\n<style type=\"text\/css\" data-created_by=\"avia_inline_auto\" id=\"style-css-av-3u5ius8-2c626cc2e392d049ac0fbc3bbdc87e9b\">\n.flex_column.av-3u5ius8-2c626cc2e392d049ac0fbc3bbdc87e9b{\nborder-radius:0px 0px 0px 0px;\npadding:0px 0px 0px 0px;\n}\n<\/style>\n<div  class='flex_column av-3u5ius8-2c626cc2e392d049ac0fbc3bbdc87e9b av_one_full  avia-builder-el-7  el_after_av_hr  el_before_av_one_full  first flex_column_div av-zero-column-padding  '     ><section  class='av_textblock_section av-kqtbdwte-8980cb16d76c88f812043f5f893f8820 '   itemscope=\"itemscope\" itemtype=\"https:\/\/schema.org\/CreativeWork\" ><div class='avia_textblock tablepress_scroll-if-too-large'  itemprop=\"text\" >\n<table id=\"tablepress-535\" class=\"tablepress tablepress-id-535 tablepress-all-center tbody-has-connected-cells\">\n<thead>\n<tr class=\"row-1\">\n\t<th class=\"column-1\">2026<\/th><th class=\"column-2\">M\u00eas<\/th>\n<\/tr>\n<\/thead>\n<tbody class=\"row-striping\">\n<tr class=\"row-2\">\n\t<td class=\"column-1\">5 de janeiro \u2013 29 de janeiro de 2026<\/td><td class=\"column-2\">Janeiro<\/td>\n<\/tr>\n<tr class=\"row-3\">\n\t<td class=\"column-1\">2 de fevereiro \u2013 26 de fevereiro de 2026<\/td><td class=\"column-2\">Fevereiro<\/td>\n<\/tr>\n<tr class=\"row-4\">\n\t<td class=\"column-1\">2 de mar\u00e7o \u2013 26 de mar\u00e7o de 2026<\/td><td class=\"column-2\">Mar\u00e7o<\/td>\n<\/tr>\n<tr class=\"row-5\">\n\t<td class=\"column-1\">30 de mar\u00e7o \u2013 23 de abril de 2026*<\/td><td class=\"column-2\">Abril<\/td>\n<\/tr>\n<tr class=\"row-6\">\n\t<td colspan=\"2\" class=\"column-1\"><p style=\"background-color:#f60 !important; color:white !important; text-align: center;\">1 semana de pausa<\/p><\/td>\n<\/tr>\n<tr class=\"row-7\">\n\t<td class=\"column-1\">4 de maio \u2013 28 de maio de 2026*<\/td><td class=\"column-2\">Maio<\/td>\n<\/tr>\n<tr class=\"row-8\">\n\t<td class=\"column-1\">1 de junho \u2013 25 de junho de 2026<\/td><td class=\"column-2\">Junho<\/td>\n<\/tr>\n<tr class=\"row-9\">\n\t<td class=\"column-1\">29 de junho \u2013 23 de julho de 2026<\/td><td class=\"column-2\">Julho<\/td>\n<\/tr>\n<tr class=\"row-10\">\n\t<td class=\"column-1\">27 de julho \u2013 20 de agosto de 2026<\/td><td class=\"column-2\">Agosto<\/td>\n<\/tr>\n<tr class=\"row-11\">\n\t<td colspan=\"2\" class=\"column-1\"><p style=\"background-color:#f60 !important; color:white !important; text-align: center;\">1 semana de pausa<\/p><\/td>\n<\/tr>\n<tr class=\"row-12\">\n\t<td class=\"column-1\">31 de agosto \u2013 24 de setembro de 2026<\/td><td class=\"column-2\">Setembro<\/td>\n<\/tr>\n<tr class=\"row-13\">\n\t<td class=\"column-1\">28 de setembro \u2013 22 de outubro de 2026<\/td><td class=\"column-2\">Outubro<\/td>\n<\/tr>\n<tr class=\"row-14\">\n\t<td class=\"column-1\">26 de outubro \u2013 19 de novembro de 2026<\/td><td class=\"column-2\">Novembro<\/td>\n<\/tr>\n<tr class=\"row-15\">\n\t<td class=\"column-1\">23 de novembro \u2013 17 de dezembro de 2026<\/td><td class=\"column-2\">Dezembro<\/td>\n<\/tr>\n<\/tbody>\n<\/table>\n<!-- #tablepress-535 from cache -->\n<\/div><\/section><\/div>\n<style type=\"text\/css\" data-created_by=\"avia_inline_auto\" id=\"style-css-av-3njsgxk-b477e9f520f632efae02dab3b3e2d1a0\">\n.flex_column.av-3njsgxk-b477e9f520f632efae02dab3b3e2d1a0{\nborder-radius:0px 0px 0px 0px;\npadding:0px 0px 0px 0px;\n}\n<\/style>\n<div  class='flex_column av-3njsgxk-b477e9f520f632efae02dab3b3e2d1a0 av_one_full  avia-builder-el-9  el_after_av_one_full  el_before_av_one_full  first flex_column_div av-zero-column-padding  column-top-margin'     ><p><section  class='av_textblock_section av-359whh4-b03c1726cb30679774cb62eacb11e53d '   itemscope=\"itemscope\" itemtype=\"https:\/\/schema.org\/CreativeWork\" ><div class='avia_textblock'  itemprop=\"text\" ><p>Nossos cursos especiais de alem\u00e3o acontecem sempre <strong>no mesmo hor\u00e1rio<\/strong> dos nossos cursos intensivos. Por favor se oriente pelas datas acima. Todos os nossos cursos de alem\u00e3o tem dura\u00e7\u00e3o de 4 semanas.<\/p>\n<\/div><\/section><br \/>\n<section  class='av_textblock_section av-2cuvcpk-5e50b20e78f8b9bff543e992ad5c7d6f '   itemscope=\"itemscope\" itemtype=\"https:\/\/schema.org\/CreativeWork\" ><div class='avia_textblock'  itemprop=\"text\" ><h2><span style=\"color: #ff6600;\">*Feriado nacional: N\u00e3o h\u00e1 aulas nos feriados nacionais.<\/span><\/h2>\n<\/div><\/section><br \/>\n<section  class='av_textblock_section av-1zm3fh4-5935d978e6dafdbcc075002b8d75f13a '   itemscope=\"itemscope\" itemtype=\"https:\/\/schema.org\/CreativeWork\" ><div class='avia_textblock tablepress_scroll-if-too-large'  itemprop=\"text\" >\n<table id=\"tablepress-541\" class=\"tablepress tablepress-id-541 tablepress-all-center\">\n<thead>\n<tr class=\"row-1\">\n\t<th class=\"column-1\">Data<\/th><th class=\"column-2\">Feriado nacional<\/th>\n<\/tr>\n<\/thead>\n<tbody class=\"row-striping\">\n<tr class=\"row-2\">\n\t<td class=\"column-1\">6 de abril de 2026<\/td><td class=\"column-2\">Segunda-feira de P\u00e1scoa<\/td>\n<\/tr>\n<tr class=\"row-3\">\n\t<td class=\"column-1\">1 de maio de 2026<\/td><td class=\"column-2\">Dia do Trabalhador<\/td>\n<\/tr>\n<tr class=\"row-4\">\n\t<td class=\"column-1\">14 de maio de 2026<\/td><td class=\"column-2\">Ascens\u00e3o do Senhor<\/td>\n<\/tr>\n<tr class=\"row-5\">\n\t<td class=\"column-1\">25 de maio de 2026<\/td><td class=\"column-2\">Segunda-feira de Pentecostes<\/td>\n<\/tr>\n<\/tbody>\n<\/table>\n<!-- #tablepress-541 from cache -->\n<\/div><\/section><\/p><\/div>\n<style type=\"text\/css\" data-created_by=\"avia_inline_auto\" id=\"style-css-av-1iv7wbc-093044d9a707417e98345256123e1334\">\n.flex_column.av-1iv7wbc-093044d9a707417e98345256123e1334{\nborder-radius:0px 0px 0px 0px;\npadding:0px 0px 0px 0px;\n}\n<\/style>\n<div  class='flex_column av-1iv7wbc-093044d9a707417e98345256123e1334 av_one_full  avia-builder-el-13  el_after_av_one_full  avia-builder-el-last  cta-section first flex_column_div av-zero-column-padding  column-top-margin'     ><p><section  class='av_textblock_section av-1de7k8o-5a3c5bf5da70b2857fba7a70ab710b8a '   itemscope=\"itemscope\" itemtype=\"https:\/\/schema.org\/CreativeWork\" ><div class='avia_textblock cta-slogan'  itemprop=\"text\" ><p><strong>Voc\u00ea quer aprender alem\u00e3o com sucesso?<\/strong><\/p>\n<\/div><\/section><br \/>\n<div  class='avia-button-wrap av-opyyu0-41c78a0b549a2d1d8072024c514045f3-wrap avia-button-left  avia-builder-el-15  el_after_av_textblock  avia-builder-el-last  cta-button'><a href='https:\/\/kapitel-zwei.de\/pt-br\/inscricao\/'  class='avia-button av-opyyu0-41c78a0b549a2d1d8072024c514045f3 av-link-btn avia-icon_select-no avia-size-medium avia-position-left avia-color-theme-color'   aria-label=\"Inscreva-se\"><span class='avia_iconbox_title' >Inscreva-se<\/span><\/a><\/div><\/p><\/div><\/p>\n","protected":false},"excerpt":{"rendered":"","protected":false},"author":16,"featured_media":0,"parent":0,"menu_order":16,"comment_status":"closed","ping_status":"closed","template":"","meta":{"footnotes":""},"class_list":["post-10072","page","type-page","status-publish","hentry"],"yoast_head":"<!-- This site is optimized with the Yoast SEO Premium plugin v24.4 (Yoast SEO v24.4) - https:\/\/yoast.com\/wordpress\/plugins\/seo\/ -->\n<title>Datas dos cursos de alem\u00e3o Berlim - Escola de alem\u00e3o Berlim<\/title>\n<meta name=\"description\" content=\"Datas dos cursos intensivos e de prepara\u00e7\u00e3o - Escola de alem\u00e3o em Berlim. Informe-se sobre as datas mais adequadas para voc\u00ea.\" \/>\n<meta name=\"robots\" content=\"index, follow, max-snippet:-1, max-image-preview:large, max-video-preview:-1\" \/>\n<link rel=\"canonical\" href=\"https:\/\/www.kapitel-zwei.de\/pt-br\/datas-dos-cursos\/\" \/>\n<meta property=\"og:locale\" content=\"pt_BR\" \/>\n<meta property=\"og:type\" content=\"article\" \/>\n<meta property=\"og:title\" content=\"Datas dos cursos\" \/>\n<meta property=\"og:description\" content=\"Datas dos cursos intensivos e de prepara\u00e7\u00e3o - Escola de alem\u00e3o em Berlim. Informe-se sobre as datas mais adequadas para voc\u00ea.\" \/>\n<meta property=\"og:url\" content=\"https:\/\/www.kapitel-zwei.de\/pt-br\/datas-dos-cursos\/\" \/>\n<meta property=\"og:site_name\" content=\"Kapitel Zwei Berlin\" \/>\n<meta property=\"article:publisher\" content=\"https:\/\/www.facebook.com\/kapitelzwei\/\" \/>\n<meta property=\"article:modified_time\" content=\"2023-06-13T22:56:11+00:00\" \/>\n<meta name=\"twitter:card\" content=\"summary_large_image\" \/>\n<meta name=\"twitter:site\" content=\"@kapitelzwei\" \/>\n<meta name=\"twitter:label1\" content=\"Est. tempo de leitura\" \/>\n\t<meta name=\"twitter:data1\" content=\"3 minutos\" \/>\n<script type=\"application\/ld+json\" class=\"yoast-schema-graph\">{\"@context\":\"https:\/\/schema.org\",\"@graph\":[{\"@type\":\"WebPage\",\"@id\":\"https:\/\/www.kapitel-zwei.de\/pt-br\/datas-dos-cursos\/\",\"url\":\"https:\/\/www.kapitel-zwei.de\/pt-br\/datas-dos-cursos\/\",\"name\":\"Datas dos cursos de alem\u00e3o Berlim - Escola de alem\u00e3o Berlim\",\"isPartOf\":{\"@id\":\"https:\/\/kapitel-zwei.de\/es\/#website\"},\"datePublished\":\"2015-11-17T21:23:41+00:00\",\"dateModified\":\"2023-06-13T22:56:11+00:00\",\"description\":\"Datas dos cursos intensivos e de prepara\u00e7\u00e3o - Escola de alem\u00e3o em Berlim. Informe-se sobre as datas mais adequadas para voc\u00ea.\",\"breadcrumb\":{\"@id\":\"https:\/\/www.kapitel-zwei.de\/pt-br\/datas-dos-cursos\/#breadcrumb\"},\"inLanguage\":\"pt-BR\",\"potentialAction\":[{\"@type\":\"ReadAction\",\"target\":[\"https:\/\/www.kapitel-zwei.de\/pt-br\/datas-dos-cursos\/\"]}]},{\"@type\":\"BreadcrumbList\",\"@id\":\"https:\/\/www.kapitel-zwei.de\/pt-br\/datas-dos-cursos\/#breadcrumb\",\"itemListElement\":[{\"@type\":\"ListItem\",\"position\":1,\"name\":\"Startseite\",\"item\":\"https:\/\/kapitel-zwei.de\/pt-br\/\"},{\"@type\":\"ListItem\",\"position\":2,\"name\":\"Datas dos cursos\"}]},{\"@type\":\"WebSite\",\"@id\":\"https:\/\/kapitel-zwei.de\/es\/#website\",\"url\":\"https:\/\/kapitel-zwei.de\/es\/\",\"name\":\"Kapitel Zwei Berlin\",\"description\":\"Deutschkurs Berlin | Sprachschule Berlin | German language school Berlin | telc Berlin | Deutsch Pr\u00fcfung Berlin | Intensive German courses Berlin | TestDaF Pr\u00fcfung | Online Kurse\",\"publisher\":{\"@id\":\"https:\/\/kapitel-zwei.de\/es\/#organization\"},\"potentialAction\":[{\"@type\":\"SearchAction\",\"target\":{\"@type\":\"EntryPoint\",\"urlTemplate\":\"https:\/\/kapitel-zwei.de\/es\/?s={search_term_string}\"},\"query-input\":{\"@type\":\"PropertyValueSpecification\",\"valueRequired\":true,\"valueName\":\"search_term_string\"}}],\"inLanguage\":\"pt-BR\"},{\"@type\":\"Organization\",\"@id\":\"https:\/\/kapitel-zwei.de\/es\/#organization\",\"name\":\"Kapitel Zwei. Deutsch-Sprachschule Berlin GmbH\",\"url\":\"https:\/\/kapitel-zwei.de\/es\/\",\"logo\":{\"@type\":\"ImageObject\",\"inLanguage\":\"pt-BR\",\"@id\":\"https:\/\/kapitel-zwei.de\/es\/#\/schema\/logo\/image\/\",\"url\":\"https:\/\/kapitel-zwei.de\/wp-content\/uploads\/2018\/08\/Kapitel-Zwei-Berlin-Sprachschule-Deutsch-Deutschkurse-Berlin.jpg\",\"contentUrl\":\"https:\/\/kapitel-zwei.de\/wp-content\/uploads\/2018\/08\/Kapitel-Zwei-Berlin-Sprachschule-Deutsch-Deutschkurse-Berlin.jpg\",\"width\":350,\"height\":101,\"caption\":\"Kapitel Zwei. Deutsch-Sprachschule Berlin GmbH\"},\"image\":{\"@id\":\"https:\/\/kapitel-zwei.de\/es\/#\/schema\/logo\/image\/\"},\"sameAs\":[\"https:\/\/www.facebook.com\/kapitelzwei\/\",\"https:\/\/x.com\/kapitelzwei\"]}]}<\/script>\n<!-- \/ Yoast SEO Premium plugin. -->","yoast_head_json":{"title":"Datas dos cursos de alem\u00e3o Berlim - Escola de alem\u00e3o Berlim","description":"Datas dos cursos intensivos e de prepara\u00e7\u00e3o - Escola de alem\u00e3o em Berlim. Informe-se sobre as datas mais adequadas para voc\u00ea.","robots":{"index":"index","follow":"follow","max-snippet":"max-snippet:-1","max-image-preview":"max-image-preview:large","max-video-preview":"max-video-preview:-1"},"canonical":"https:\/\/www.kapitel-zwei.de\/pt-br\/datas-dos-cursos\/","og_locale":"pt_BR","og_type":"article","og_title":"Datas dos cursos","og_description":"Datas dos cursos intensivos e de prepara\u00e7\u00e3o - Escola de alem\u00e3o em Berlim. Informe-se sobre as datas mais adequadas para voc\u00ea.","og_url":"https:\/\/www.kapitel-zwei.de\/pt-br\/datas-dos-cursos\/","og_site_name":"Kapitel Zwei Berlin","article_publisher":"https:\/\/www.facebook.com\/kapitelzwei\/","article_modified_time":"2023-06-13T22:56:11+00:00","twitter_card":"summary_large_image","twitter_site":"@kapitelzwei","twitter_misc":{"Est. tempo de leitura":"3 minutos"},"schema":{"@context":"https:\/\/schema.org","@graph":[{"@type":"WebPage","@id":"https:\/\/www.kapitel-zwei.de\/pt-br\/datas-dos-cursos\/","url":"https:\/\/www.kapitel-zwei.de\/pt-br\/datas-dos-cursos\/","name":"Datas dos cursos de alem\u00e3o Berlim - Escola de alem\u00e3o Berlim","isPartOf":{"@id":"https:\/\/kapitel-zwei.de\/es\/#website"},"datePublished":"2015-11-17T21:23:41+00:00","dateModified":"2023-06-13T22:56:11+00:00","description":"Datas dos cursos intensivos e de prepara\u00e7\u00e3o - Escola de alem\u00e3o em Berlim. Informe-se sobre as datas mais adequadas para voc\u00ea.","breadcrumb":{"@id":"https:\/\/www.kapitel-zwei.de\/pt-br\/datas-dos-cursos\/#breadcrumb"},"inLanguage":"pt-BR","potentialAction":[{"@type":"ReadAction","target":["https:\/\/www.kapitel-zwei.de\/pt-br\/datas-dos-cursos\/"]}]},{"@type":"BreadcrumbList","@id":"https:\/\/www.kapitel-zwei.de\/pt-br\/datas-dos-cursos\/#breadcrumb","itemListElement":[{"@type":"ListItem","position":1,"name":"Startseite","item":"https:\/\/kapitel-zwei.de\/pt-br\/"},{"@type":"ListItem","position":2,"name":"Datas dos cursos"}]},{"@type":"WebSite","@id":"https:\/\/kapitel-zwei.de\/es\/#website","url":"https:\/\/kapitel-zwei.de\/es\/","name":"Kapitel Zwei Berlin","description":"Deutschkurs Berlin | Sprachschule Berlin | German language school Berlin | telc Berlin | Deutsch Pr\u00fcfung Berlin | Intensive German courses Berlin | TestDaF Pr\u00fcfung | Online Kurse","publisher":{"@id":"https:\/\/kapitel-zwei.de\/es\/#organization"},"potentialAction":[{"@type":"SearchAction","target":{"@type":"EntryPoint","urlTemplate":"https:\/\/kapitel-zwei.de\/es\/?s={search_term_string}"},"query-input":{"@type":"PropertyValueSpecification","valueRequired":true,"valueName":"search_term_string"}}],"inLanguage":"pt-BR"},{"@type":"Organization","@id":"https:\/\/kapitel-zwei.de\/es\/#organization","name":"Kapitel Zwei. Deutsch-Sprachschule Berlin GmbH","url":"https:\/\/kapitel-zwei.de\/es\/","logo":{"@type":"ImageObject","inLanguage":"pt-BR","@id":"https:\/\/kapitel-zwei.de\/es\/#\/schema\/logo\/image\/","url":"https:\/\/kapitel-zwei.de\/wp-content\/uploads\/2018\/08\/Kapitel-Zwei-Berlin-Sprachschule-Deutsch-Deutschkurse-Berlin.jpg","contentUrl":"https:\/\/kapitel-zwei.de\/wp-content\/uploads\/2018\/08\/Kapitel-Zwei-Berlin-Sprachschule-Deutsch-Deutschkurse-Berlin.jpg","width":350,"height":101,"caption":"Kapitel Zwei. Deutsch-Sprachschule Berlin GmbH"},"image":{"@id":"https:\/\/kapitel-zwei.de\/es\/#\/schema\/logo\/image\/"},"sameAs":["https:\/\/www.facebook.com\/kapitelzwei\/","https:\/\/x.com\/kapitelzwei"]}]}},"_links":{"self":[{"href":"https:\/\/kapitel-zwei.de\/pt-br\/wp-json\/wp\/v2\/pages\/10072","targetHints":{"allow":["GET"]}}],"collection":[{"href":"https:\/\/kapitel-zwei.de\/pt-br\/wp-json\/wp\/v2\/pages"}],"about":[{"href":"https:\/\/kapitel-zwei.de\/pt-br\/wp-json\/wp\/v2\/types\/page"}],"author":[{"embeddable":true,"href":"https:\/\/kapitel-zwei.de\/pt-br\/wp-json\/wp\/v2\/users\/16"}],"replies":[{"embeddable":true,"href":"https:\/\/kapitel-zwei.de\/pt-br\/wp-json\/wp\/v2\/comments?post=10072"}],"version-history":[{"count":33,"href":"https:\/\/kapitel-zwei.de\/pt-br\/wp-json\/wp\/v2\/pages\/10072\/revisions"}],"predecessor-version":[{"id":112954,"href":"https:\/\/kapitel-zwei.de\/pt-br\/wp-json\/wp\/v2\/pages\/10072\/revisions\/112954"}],"wp:attachment":[{"href":"https:\/\/kapitel-zwei.de\/pt-br\/wp-json\/wp\/v2\/media?parent=10072"}],"curies":[{"name":"wp","href":"https:\/\/api.w.org\/{rel}","templated":true}]}}