{"id":15324,"date":"2017-01-26T10:35:10","date_gmt":"2017-01-26T09:35:10","guid":{"rendered":"http:\/\/relaunch.kapitel-zwei.de\/pt-br\/?page_id=15324"},"modified":"2025-05-09T15:14:52","modified_gmt":"2025-05-09T13:14:52","slug":"muito-obrigado-pela-sua-inscricao","status":"publish","type":"page","link":"https:\/\/kapitel-zwei.de\/pt-br\/muito-obrigado-pela-sua-inscricao\/","title":{"rendered":"Muito obrigado pela sua inscri\u00e7\u00e3o"},"content":{"rendered":"\n<style type=\"text\/css\" data-created_by=\"avia_inline_auto\" id=\"style-css-av-1q96cak-ad532db9134d4da8e73c831ff4bb7adb\">\n.flex_column.av-1q96cak-ad532db9134d4da8e73c831ff4bb7adb{\nborder-radius:0px 0px 0px 0px;\npadding:0px 0px 0px 0px;\n}\n<\/style>\n<div  class='flex_column av-1q96cak-ad532db9134d4da8e73c831ff4bb7adb av_one_third  avia-builder-el-0  el_before_av_two_third  avia-builder-el-first  first flex_column_div av-zero-column-padding  '     ><style type=\"text\/css\" data-created_by=\"avia_inline_auto\" id=\"style-css-av-yukxr0-d2cab5f6910f0e4fbd9047b040a9a61d\">\n.avia-image-container.av-yukxr0-d2cab5f6910f0e4fbd9047b040a9a61d img.avia_image{\nbox-shadow:none;\n}\n.avia-image-container.av-yukxr0-d2cab5f6910f0e4fbd9047b040a9a61d .av-image-caption-overlay-center{\ncolor:#ffffff;\n}\n<\/style>\n<div  class='avia-image-container av-yukxr0-d2cab5f6910f0e4fbd9047b040a9a61d av-styling- avia-align-center  avia-builder-el-1  avia-builder-el-no-sibling '   itemprop=\"image\" itemscope=\"itemscope\" itemtype=\"https:\/\/schema.org\/ImageObject\" ><div class=\"avia-image-container-inner\"><div class=\"avia-image-overlay-wrap\"><img decoding=\"async\" fetchpriority=\"high\" class='wp-image-101717 avia-img-lazy-loading-not-101717 avia_image ' src=\"https:\/\/kapitel-zwei.de\/wp-content\/uploads\/2021\/09\/Deutsch-lernen-online-Kapitel-Zwei-Deutschkurs-1.jpg\" alt='Deutsch lernen online Kapitel Zwei Deutschkurs' title='Hispanic Female Studying On Laptop'  height=\"836\" width=\"1254\"  itemprop=\"thumbnailUrl\" srcset=\"https:\/\/kapitel-zwei.de\/wp-content\/uploads\/2021\/09\/Deutsch-lernen-online-Kapitel-Zwei-Deutschkurs-1.jpg 1254w, https:\/\/kapitel-zwei.de\/wp-content\/uploads\/2021\/09\/Deutsch-lernen-online-Kapitel-Zwei-Deutschkurs-1-300x200.jpg 300w, https:\/\/kapitel-zwei.de\/wp-content\/uploads\/2021\/09\/Deutsch-lernen-online-Kapitel-Zwei-Deutschkurs-1-1030x687.jpg 1030w, https:\/\/kapitel-zwei.de\/wp-content\/uploads\/2021\/09\/Deutsch-lernen-online-Kapitel-Zwei-Deutschkurs-1-80x53.jpg 80w, https:\/\/kapitel-zwei.de\/wp-content\/uploads\/2021\/09\/Deutsch-lernen-online-Kapitel-Zwei-Deutschkurs-1-768x512.jpg 768w, https:\/\/kapitel-zwei.de\/wp-content\/uploads\/2021\/09\/Deutsch-lernen-online-Kapitel-Zwei-Deutschkurs-1-705x470.jpg 705w\" sizes=\"(max-width: 1254px) 100vw, 1254px\" \/><\/div><\/div><\/div><\/div>\n<style type=\"text\/css\" data-created_by=\"avia_inline_auto\" id=\"style-css-av-plj1y4-d87a3b708a38ce3840334285870a7d08\">\n.flex_column.av-plj1y4-d87a3b708a38ce3840334285870a7d08{\nborder-radius:0px 0px 0px 0px;\npadding:0px 0px 0px 0px;\n}\n<\/style>\n<div  class='flex_column av-plj1y4-d87a3b708a38ce3840334285870a7d08 av_two_third  avia-builder-el-2  el_after_av_one_third  avia-builder-el-last  flex_column_div av-zero-column-padding  '     ><style type=\"text\/css\" data-created_by=\"avia_inline_auto\" id=\"style-css-av-lwq5egie-7478e677772ef31b13be82f31c4d70bd\">\n#top .av_textblock_section.av-lwq5egie-7478e677772ef31b13be82f31c4d70bd .avia_textblock{\nfont-size:16px;\n}\n<\/style>\n<section  class='av_textblock_section av-lwq5egie-7478e677772ef31b13be82f31c4d70bd '   itemscope=\"itemscope\" itemtype=\"https:\/\/schema.org\/CreativeWork\" ><div class='avia_textblock'  itemprop=\"text\" ><h2><strong>Bem-vindo(a) \u00e0 \u201cKapitel Zwei Berlin\u201d!<\/strong><\/h2>\n<p class=\"my-0\">Caro(a) estudante,<\/p>\n<p class=\"my-0\">Muito obrigado pela sua inscri\u00e7\u00e3o na \u201cKapitel Zwei Berlin\u201d. Aqui informamos sobre os pr\u00f3ximos passos. Organizamos estas etapas de acordo com a inscri\u00e7\u00e3o para um exame ou curso de alem\u00e3o, bem como para \u201cnovos clientes\u201d e \u201cclientes existentes\u201d.<\/p>\n<p class=\"my-0\"><strong>Exames:<\/strong><br \/>\nOs estudantes que desejam apenas fazer um exame telc de alem\u00e3o n\u00e3o precisam realizar um teste de n\u00edvel. Entraremos em contato por e-mail durante nosso hor\u00e1rio de atendimento.<\/p>\n<p class=\"my-0\"><strong>Curso de alem\u00e3o (para novos estudantes):<\/strong><br \/>\nNovos estudantes que desejam participar de um curso de alem\u00e3o receber\u00e3o diretamente um link para um teste de n\u00edvel online. Ap\u00f3s identificar o seu n\u00edvel de alem\u00e3o, enviaremos uma confirma\u00e7\u00e3o de reserva com as condi\u00e7\u00f5es de pagamento para o curso escolhido.<\/p>\n<p class=\"my-0\"><strong>Clientes existentes:<\/strong><br \/>\nSe voc\u00ea j\u00e1 est\u00e1 fazendo cursos na Kapitel Zwei, n\u00e3o precisa refazer o teste de n\u00edvel. Basta enviar um e-mail.<\/p>\n<p class=\"my-0\"><strong>E agora?<\/strong><br \/>\nEntraremos em contato o mais r\u00e1pido poss\u00edvel \u2013 dentro de 24 a 48 horas.<\/p>\n<p class=\"my-0\">Voc\u00ea receber\u00e1 uma reserva para o seu curso e\/ou exame. Assim que recebermos o pagamento, voc\u00ea receber\u00e1 uma confirma\u00e7\u00e3o de reserva acompanhada de todos os detalhes necess\u00e1rios sobre o seu curso e exame. Uma carta oficial para apresentar \u00e0 embaixada ou consulado para fins de visto pode ser fornecida mediante solicita\u00e7\u00e3o.<\/p>\n<p align=\"left\">Se voc\u00ea tiver d\u00favidas, envie-nos um e-mail <a target=\"_blank\" rel=\"noopener\"><strong>berlin@kapitel-zwei.de<\/strong><\/a><\/p>\n<p align=\"left\">Esperamos por voc\u00ea!<\/p>\n<p align=\"left\">Seu time da Kapitel Zwei.<\/p>\n<\/div><\/section><\/div><\/p>\n","protected":false},"excerpt":{"rendered":"","protected":false},"author":16,"featured_media":0,"parent":0,"menu_order":0,"comment_status":"closed","ping_status":"closed","template":"","meta":{"footnotes":""},"class_list":["post-15324","page","type-page","status-publish","hentry"],"yoast_head":"<!-- This site is optimized with the Yoast SEO Premium plugin v24.4 (Yoast SEO v24.4) - https:\/\/yoast.com\/wordpress\/plugins\/seo\/ -->\n<title>Muito obrigado pela sua inscri\u00e7\u00e3o - Escola de alem\u00e3o Berlim<\/title>\n<meta name=\"description\" content=\"Entraremos em contato o mais breve poss\u00edvel - dentro de 24 a 48 horas. Depois de encontrarmos o n\u00edvel certo para voc\u00ea, voc\u00ea receber\u00e1 uma reserva com nossas condi\u00e7\u00f5es de pagamento. Depois receber\u00e1 uma confirma\u00e7\u00e3o de reserva incluindo toda informa\u00e7\u00e3o que voc\u00ea precisar e que for requerida para a embaixada.\" \/>\n<meta name=\"robots\" content=\"index, follow, max-snippet:-1, max-image-preview:large, max-video-preview:-1\" \/>\n<link rel=\"canonical\" href=\"https:\/\/kapitel-zwei.de\/pt-br\/muito-obrigado-pela-sua-inscricao\/\" \/>\n<meta property=\"og:locale\" content=\"pt_BR\" \/>\n<meta property=\"og:type\" content=\"article\" \/>\n<meta property=\"og:title\" content=\"Muito obrigado pela sua inscri\u00e7\u00e3o\" \/>\n<meta property=\"og:description\" content=\"Entraremos em contato o mais breve poss\u00edvel - dentro de 24 a 48 horas. Depois de encontrarmos o n\u00edvel certo para voc\u00ea, voc\u00ea receber\u00e1 uma reserva com nossas condi\u00e7\u00f5es de pagamento. Depois receber\u00e1 uma confirma\u00e7\u00e3o de reserva incluindo toda informa\u00e7\u00e3o que voc\u00ea precisar e que for requerida para a embaixada.\" \/>\n<meta property=\"og:url\" content=\"https:\/\/kapitel-zwei.de\/pt-br\/muito-obrigado-pela-sua-inscricao\/\" \/>\n<meta property=\"og:site_name\" content=\"Kapitel Zwei Berlin\" \/>\n<meta property=\"article:publisher\" content=\"https:\/\/www.facebook.com\/kapitelzwei\/\" \/>\n<meta property=\"article:modified_time\" content=\"2025-05-09T13:14:52+00:00\" \/>\n<meta name=\"twitter:card\" content=\"summary_large_image\" \/>\n<meta name=\"twitter:site\" content=\"@kapitelzwei\" \/>\n<meta name=\"twitter:label1\" content=\"Est. tempo de leitura\" \/>\n\t<meta name=\"twitter:data1\" content=\"2 minutos\" \/>\n<script type=\"application\/ld+json\" class=\"yoast-schema-graph\">{\"@context\":\"https:\/\/schema.org\",\"@graph\":[{\"@type\":\"WebPage\",\"@id\":\"https:\/\/kapitel-zwei.de\/pt-br\/muito-obrigado-pela-sua-inscricao\/\",\"url\":\"https:\/\/kapitel-zwei.de\/pt-br\/muito-obrigado-pela-sua-inscricao\/\",\"name\":\"Muito obrigado pela sua inscri\u00e7\u00e3o - Escola de alem\u00e3o Berlim\",\"isPartOf\":{\"@id\":\"https:\/\/kapitel-zwei.de\/es\/#website\"},\"datePublished\":\"2017-01-26T09:35:10+00:00\",\"dateModified\":\"2025-05-09T13:14:52+00:00\",\"description\":\"Entraremos em contato o mais breve poss\u00edvel - dentro de 24 a 48 horas. Depois de encontrarmos o n\u00edvel certo para voc\u00ea, voc\u00ea receber\u00e1 uma reserva com nossas condi\u00e7\u00f5es de pagamento. Depois receber\u00e1 uma confirma\u00e7\u00e3o de reserva incluindo toda informa\u00e7\u00e3o que voc\u00ea precisar e que for requerida para a embaixada.\",\"breadcrumb\":{\"@id\":\"https:\/\/kapitel-zwei.de\/pt-br\/muito-obrigado-pela-sua-inscricao\/#breadcrumb\"},\"inLanguage\":\"pt-BR\",\"potentialAction\":[{\"@type\":\"ReadAction\",\"target\":[\"https:\/\/kapitel-zwei.de\/pt-br\/muito-obrigado-pela-sua-inscricao\/\"]}]},{\"@type\":\"BreadcrumbList\",\"@id\":\"https:\/\/kapitel-zwei.de\/pt-br\/muito-obrigado-pela-sua-inscricao\/#breadcrumb\",\"itemListElement\":[{\"@type\":\"ListItem\",\"position\":1,\"name\":\"Startseite\",\"item\":\"https:\/\/kapitel-zwei.de\/pt-br\/\"},{\"@type\":\"ListItem\",\"position\":2,\"name\":\"Muito obrigado pela sua inscri\u00e7\u00e3o\"}]},{\"@type\":\"WebSite\",\"@id\":\"https:\/\/kapitel-zwei.de\/es\/#website\",\"url\":\"https:\/\/kapitel-zwei.de\/es\/\",\"name\":\"Kapitel Zwei Berlin\",\"description\":\"Deutschkurs Berlin | Sprachschule Berlin | German language school Berlin | telc Berlin | Deutsch Pr\u00fcfung Berlin | Intensive German courses Berlin | TestDaF Pr\u00fcfung | Online Kurse\",\"publisher\":{\"@id\":\"https:\/\/kapitel-zwei.de\/es\/#organization\"},\"potentialAction\":[{\"@type\":\"SearchAction\",\"target\":{\"@type\":\"EntryPoint\",\"urlTemplate\":\"https:\/\/kapitel-zwei.de\/es\/?s={search_term_string}\"},\"query-input\":{\"@type\":\"PropertyValueSpecification\",\"valueRequired\":true,\"valueName\":\"search_term_string\"}}],\"inLanguage\":\"pt-BR\"},{\"@type\":\"Organization\",\"@id\":\"https:\/\/kapitel-zwei.de\/es\/#organization\",\"name\":\"Kapitel Zwei. Deutsch-Sprachschule Berlin GmbH\",\"url\":\"https:\/\/kapitel-zwei.de\/es\/\",\"logo\":{\"@type\":\"ImageObject\",\"inLanguage\":\"pt-BR\",\"@id\":\"https:\/\/kapitel-zwei.de\/es\/#\/schema\/logo\/image\/\",\"url\":\"https:\/\/kapitel-zwei.de\/wp-content\/uploads\/2018\/08\/Kapitel-Zwei-Berlin-Sprachschule-Deutsch-Deutschkurse-Berlin.jpg\",\"contentUrl\":\"https:\/\/kapitel-zwei.de\/wp-content\/uploads\/2018\/08\/Kapitel-Zwei-Berlin-Sprachschule-Deutsch-Deutschkurse-Berlin.jpg\",\"width\":350,\"height\":101,\"caption\":\"Kapitel Zwei. Deutsch-Sprachschule Berlin GmbH\"},\"image\":{\"@id\":\"https:\/\/kapitel-zwei.de\/es\/#\/schema\/logo\/image\/\"},\"sameAs\":[\"https:\/\/www.facebook.com\/kapitelzwei\/\",\"https:\/\/x.com\/kapitelzwei\"]}]}<\/script>\n<!-- \/ Yoast SEO Premium plugin. -->","yoast_head_json":{"title":"Muito obrigado pela sua inscri\u00e7\u00e3o - Escola de alem\u00e3o Berlim","description":"Entraremos em contato o mais breve poss\u00edvel - dentro de 24 a 48 horas. Depois de encontrarmos o n\u00edvel certo para voc\u00ea, voc\u00ea receber\u00e1 uma reserva com nossas condi\u00e7\u00f5es de pagamento. Depois receber\u00e1 uma confirma\u00e7\u00e3o de reserva incluindo toda informa\u00e7\u00e3o que voc\u00ea precisar e que for requerida para a embaixada.","robots":{"index":"index","follow":"follow","max-snippet":"max-snippet:-1","max-image-preview":"max-image-preview:large","max-video-preview":"max-video-preview:-1"},"canonical":"https:\/\/kapitel-zwei.de\/pt-br\/muito-obrigado-pela-sua-inscricao\/","og_locale":"pt_BR","og_type":"article","og_title":"Muito obrigado pela sua inscri\u00e7\u00e3o","og_description":"Entraremos em contato o mais breve poss\u00edvel - dentro de 24 a 48 horas. Depois de encontrarmos o n\u00edvel certo para voc\u00ea, voc\u00ea receber\u00e1 uma reserva com nossas condi\u00e7\u00f5es de pagamento. Depois receber\u00e1 uma confirma\u00e7\u00e3o de reserva incluindo toda informa\u00e7\u00e3o que voc\u00ea precisar e que for requerida para a embaixada.","og_url":"https:\/\/kapitel-zwei.de\/pt-br\/muito-obrigado-pela-sua-inscricao\/","og_site_name":"Kapitel Zwei Berlin","article_publisher":"https:\/\/www.facebook.com\/kapitelzwei\/","article_modified_time":"2025-05-09T13:14:52+00:00","twitter_card":"summary_large_image","twitter_site":"@kapitelzwei","twitter_misc":{"Est. tempo de leitura":"2 minutos"},"schema":{"@context":"https:\/\/schema.org","@graph":[{"@type":"WebPage","@id":"https:\/\/kapitel-zwei.de\/pt-br\/muito-obrigado-pela-sua-inscricao\/","url":"https:\/\/kapitel-zwei.de\/pt-br\/muito-obrigado-pela-sua-inscricao\/","name":"Muito obrigado pela sua inscri\u00e7\u00e3o - Escola de alem\u00e3o Berlim","isPartOf":{"@id":"https:\/\/kapitel-zwei.de\/es\/#website"},"datePublished":"2017-01-26T09:35:10+00:00","dateModified":"2025-05-09T13:14:52+00:00","description":"Entraremos em contato o mais breve poss\u00edvel - dentro de 24 a 48 horas. Depois de encontrarmos o n\u00edvel certo para voc\u00ea, voc\u00ea receber\u00e1 uma reserva com nossas condi\u00e7\u00f5es de pagamento. Depois receber\u00e1 uma confirma\u00e7\u00e3o de reserva incluindo toda informa\u00e7\u00e3o que voc\u00ea precisar e que for requerida para a embaixada.","breadcrumb":{"@id":"https:\/\/kapitel-zwei.de\/pt-br\/muito-obrigado-pela-sua-inscricao\/#breadcrumb"},"inLanguage":"pt-BR","potentialAction":[{"@type":"ReadAction","target":["https:\/\/kapitel-zwei.de\/pt-br\/muito-obrigado-pela-sua-inscricao\/"]}]},{"@type":"BreadcrumbList","@id":"https:\/\/kapitel-zwei.de\/pt-br\/muito-obrigado-pela-sua-inscricao\/#breadcrumb","itemListElement":[{"@type":"ListItem","position":1,"name":"Startseite","item":"https:\/\/kapitel-zwei.de\/pt-br\/"},{"@type":"ListItem","position":2,"name":"Muito obrigado pela sua inscri\u00e7\u00e3o"}]},{"@type":"WebSite","@id":"https:\/\/kapitel-zwei.de\/es\/#website","url":"https:\/\/kapitel-zwei.de\/es\/","name":"Kapitel Zwei Berlin","description":"Deutschkurs Berlin | Sprachschule Berlin | German language school Berlin | telc Berlin | Deutsch Pr\u00fcfung Berlin | Intensive German courses Berlin | TestDaF Pr\u00fcfung | Online Kurse","publisher":{"@id":"https:\/\/kapitel-zwei.de\/es\/#organization"},"potentialAction":[{"@type":"SearchAction","target":{"@type":"EntryPoint","urlTemplate":"https:\/\/kapitel-zwei.de\/es\/?s={search_term_string}"},"query-input":{"@type":"PropertyValueSpecification","valueRequired":true,"valueName":"search_term_string"}}],"inLanguage":"pt-BR"},{"@type":"Organization","@id":"https:\/\/kapitel-zwei.de\/es\/#organization","name":"Kapitel Zwei. Deutsch-Sprachschule Berlin GmbH","url":"https:\/\/kapitel-zwei.de\/es\/","logo":{"@type":"ImageObject","inLanguage":"pt-BR","@id":"https:\/\/kapitel-zwei.de\/es\/#\/schema\/logo\/image\/","url":"https:\/\/kapitel-zwei.de\/wp-content\/uploads\/2018\/08\/Kapitel-Zwei-Berlin-Sprachschule-Deutsch-Deutschkurse-Berlin.jpg","contentUrl":"https:\/\/kapitel-zwei.de\/wp-content\/uploads\/2018\/08\/Kapitel-Zwei-Berlin-Sprachschule-Deutsch-Deutschkurse-Berlin.jpg","width":350,"height":101,"caption":"Kapitel Zwei. Deutsch-Sprachschule Berlin GmbH"},"image":{"@id":"https:\/\/kapitel-zwei.de\/es\/#\/schema\/logo\/image\/"},"sameAs":["https:\/\/www.facebook.com\/kapitelzwei\/","https:\/\/x.com\/kapitelzwei"]}]}},"_links":{"self":[{"href":"https:\/\/kapitel-zwei.de\/pt-br\/wp-json\/wp\/v2\/pages\/15324","targetHints":{"allow":["GET"]}}],"collection":[{"href":"https:\/\/kapitel-zwei.de\/pt-br\/wp-json\/wp\/v2\/pages"}],"about":[{"href":"https:\/\/kapitel-zwei.de\/pt-br\/wp-json\/wp\/v2\/types\/page"}],"author":[{"embeddable":true,"href":"https:\/\/kapitel-zwei.de\/pt-br\/wp-json\/wp\/v2\/users\/16"}],"replies":[{"embeddable":true,"href":"https:\/\/kapitel-zwei.de\/pt-br\/wp-json\/wp\/v2\/comments?post=15324"}],"version-history":[{"count":14,"href":"https:\/\/kapitel-zwei.de\/pt-br\/wp-json\/wp\/v2\/pages\/15324\/revisions"}],"predecessor-version":[{"id":123330,"href":"https:\/\/kapitel-zwei.de\/pt-br\/wp-json\/wp\/v2\/pages\/15324\/revisions\/123330"}],"wp:attachment":[{"href":"https:\/\/kapitel-zwei.de\/pt-br\/wp-json\/wp\/v2\/media?parent=15324"}],"curies":[{"name":"wp","href":"https:\/\/api.w.org\/{rel}","templated":true}]}}