{"id":3544,"date":"2015-10-14T18:17:17","date_gmt":"2015-10-14T16:17:17","guid":{"rendered":"http:\/\/relaunch.kapitel-zwei.de\/pt-br\/deine-sprachschule\/"},"modified":"2025-03-13T18:04:51","modified_gmt":"2025-03-13T17:04:51","slug":"escola-de-alemao-berlin","status":"publish","type":"page","link":"https:\/\/kapitel-zwei.de\/pt-br\/escola-de-alemao-berlin\/","title":{"rendered":"Sua escola"},"content":{"rendered":"\n<style type=\"text\/css\" data-created_by=\"avia_inline_auto\" id=\"style-css-av-1qgy0d4-cdaed46f09eba42b6175d50cc5d483e3\">\n.flex_column.av-1qgy0d4-cdaed46f09eba42b6175d50cc5d483e3{\nborder-radius:0px 0px 0px 0px;\npadding:0px 0px 0px 0px;\n}\n<\/style>\n<div  class='flex_column av-1qgy0d4-cdaed46f09eba42b6175d50cc5d483e3 av_one_full  avia-builder-el-0  el_before_av_layout_row  avia-builder-el-no-sibling  first flex_column_div av-zero-column-padding  '     ><section  class='av_textblock_section av-1o894qw-35ee8af1e5b905cb7851c3710873dc56 '   itemscope=\"itemscope\" itemtype=\"https:\/\/schema.org\/CreativeWork\" ><div class='avia_textblock'  itemprop=\"text\" ><h1><span style=\"color: #ff6600;\">Sua escola de alem\u00e3o em Berlim<\/span><\/h1>\n<\/div><\/section><br \/>\n<section  class='av_textblock_section av-1nh3jug-1636af4432953b29735c8841be662010 '   itemscope=\"itemscope\" itemtype=\"https:\/\/schema.org\/CreativeWork\" ><div class='avia_textblock'  itemprop=\"text\" ><p>Aqui voc\u00ea encontra todas as informa\u00e7\u00f5es sobre a sua \u201eKapitel Zwei. Escola de alem\u00e3o Berlin\u201c direto na Am K\u00f6llnischen Park 1, Berlin. Se voc\u00ea ainda tem perguntas n\u00e3o hesite em nos contatar!<\/p>\n<\/div><\/section><\/p><\/div>\n<\/div><\/div><\/div><!-- close content main div --><\/div><\/div><div id='av-layout-grid-1'  class='av-layout-grid-container av-1a7zeso-2f81c7f5539a83178f7a2f423b5a05ec entry-content-wrapper main_color av-flex-cells  avia-builder-el-3  el_after_av_one_full  el_before_av_hr  grid-row-not-first  container_wrap fullsize'  >\n\n<style type=\"text\/css\" data-created_by=\"avia_inline_auto\" id=\"style-css-av-17gcy54-141ed821447d24a38c94ec3558f492e7\">\n.flex_cell.av-17gcy54-141ed821447d24a38c94ec3558f492e7{\nvertical-align:top;\n}\n.responsive #top #wrap_all .flex_cell.av-17gcy54-141ed821447d24a38c94ec3558f492e7{\npadding:0 30px 0 30px !important;\n}\n<\/style>\n<div class='flex_cell av-17gcy54-141ed821447d24a38c94ec3558f492e7 av-gridrow-cell av_two_fifth no_margin  avia-builder-el-4  el_before_av_cell_three_fifth  avia-builder-el-first '  ><div class='flex_cell_inner'>\n<style type=\"text\/css\" data-created_by=\"avia_inline_auto\" id=\"style-css-av-16onnd4-81386621f22a4e7ddb350587a9250d46\">\n.avia-image-container.av-16onnd4-81386621f22a4e7ddb350587a9250d46 img.avia_image{\nbox-shadow:none;\n}\n.avia-image-container.av-16onnd4-81386621f22a4e7ddb350587a9250d46 .av-image-caption-overlay-center{\ncolor:#ffffff;\n}\n<\/style>\n<div  class='avia-image-container av-16onnd4-81386621f22a4e7ddb350587a9250d46 av-styling- av-img-linked avia-align-left  avia-builder-el-5  avia-builder-el-no-sibling '   itemprop=\"image\" itemscope=\"itemscope\" itemtype=\"https:\/\/schema.org\/ImageObject\" ><div class=\"avia-image-container-inner\"><div class=\"avia-image-overlay-wrap\"><a href=\"https:\/\/kapitel-zwei.de\/pt-br\/more-em-berlin\/visto-para-alemanha\/\" class='avia_image '  aria-label='Sprachschule Deutsch Berlin Alexanderplatz Jannowitzbr\u00fccke'><img decoding=\"async\" fetchpriority=\"high\" class='wp-image-93121 avia-img-lazy-loading-not-93121 avia_image ' src=\"https:\/\/kapitel-zwei.de\/wp-content\/uploads\/2018\/03\/Sprachschule-Deutsch-Berlin-Alexanderplatz-Jannowitzbr\u00fccke.jpg\" alt='' title='Sprachschule Deutsch Berlin Alexanderplatz Jannowitzbr\u00fccke'  height=\"3564\" width=\"5334\"  itemprop=\"thumbnailUrl\" srcset=\"https:\/\/kapitel-zwei.de\/wp-content\/uploads\/2018\/03\/Sprachschule-Deutsch-Berlin-Alexanderplatz-Jannowitzbr\u00fccke.jpg 5334w, https:\/\/kapitel-zwei.de\/wp-content\/uploads\/2018\/03\/Sprachschule-Deutsch-Berlin-Alexanderplatz-Jannowitzbr\u00fccke-80x53.jpg 80w, https:\/\/kapitel-zwei.de\/wp-content\/uploads\/2018\/03\/Sprachschule-Deutsch-Berlin-Alexanderplatz-Jannowitzbr\u00fccke-300x200.jpg 300w, https:\/\/kapitel-zwei.de\/wp-content\/uploads\/2018\/03\/Sprachschule-Deutsch-Berlin-Alexanderplatz-Jannowitzbr\u00fccke-768x513.jpg 768w, https:\/\/kapitel-zwei.de\/wp-content\/uploads\/2018\/03\/Sprachschule-Deutsch-Berlin-Alexanderplatz-Jannowitzbr\u00fccke-1030x688.jpg 1030w, https:\/\/kapitel-zwei.de\/wp-content\/uploads\/2018\/03\/Sprachschule-Deutsch-Berlin-Alexanderplatz-Jannowitzbr\u00fccke-1500x1002.jpg 1500w, https:\/\/kapitel-zwei.de\/wp-content\/uploads\/2018\/03\/Sprachschule-Deutsch-Berlin-Alexanderplatz-Jannowitzbr\u00fccke-705x471.jpg 705w, https:\/\/kapitel-zwei.de\/wp-content\/uploads\/2018\/03\/Sprachschule-Deutsch-Berlin-Alexanderplatz-Jannowitzbr\u00fccke-450x301.jpg 450w\" sizes=\"(max-width: 5334px) 100vw, 5334px\" \/><\/a><\/div><\/div><\/div>\n<\/div><\/div>\n<style type=\"text\/css\" data-created_by=\"avia_inline_auto\" id=\"style-css-av-14knvpk-89b17b9b12e20f9d7e8f340943141e61\">\n.flex_cell.av-14knvpk-89b17b9b12e20f9d7e8f340943141e61{\nvertical-align:top;\n}\n.responsive #top #wrap_all .flex_cell.av-14knvpk-89b17b9b12e20f9d7e8f340943141e61{\npadding:0 30px 0 30px !important;\n}\n<\/style>\n<div class='flex_cell av-14knvpk-89b17b9b12e20f9d7e8f340943141e61 av-gridrow-cell av_three_fifth no_margin  avia-builder-el-6  el_after_av_cell_two_fifth  avia-builder-el-last '  ><div class='flex_cell_inner'><section  class='av_textblock_section av-12c87vs-4a6830802f469e0f12a57655edb4a7af '   itemscope=\"itemscope\" itemtype=\"https:\/\/schema.org\/CreativeWork\" ><div class='avia_textblock'  itemprop=\"text\" ><h2><a href=\"https:\/\/kapitel-zwei.de\/pt-br\/escola-de-alemao-berlin\/entre-em-contato\/\">Entre em contato<\/a><\/h2>\n<\/div><\/section><br \/>\n<section  class='av_textblock_section av-10r13so-ed38222bf1c89c2a682d1d44b2be02b1 '   itemscope=\"itemscope\" itemtype=\"https:\/\/schema.org\/CreativeWork\" ><div class='avia_textblock'  itemprop=\"text\" ><p>Se voc\u00ea tem mais perguntas sobre as aulas de alem\u00e3o em Berlim, voc\u00ea pode nos contatar pelos seguintes meios.<\/p>\n<p><a href=\"https:\/\/kapitel-zwei.de\/pt-br\/escola-de-alemao-berlin\/entre-em-contato\/\">Leia mais<\/a><\/p>\n<\/div><\/section><\/p>\n<\/div><\/div>\n<\/div><div id='after_grid_row_1'  class='main_color av_default_container_wrap container_wrap fullsize'  ><div class='container av-section-cont-open' ><div class='template-page content  av-content-full alpha units'><div class='post-entry post-entry-type-page post-entry-3544'><div class='entry-content-wrapper clearfix'>\n<div  class='hr av-zyaxuw-ed40ce6b2911549dcac96d5b6fecbbfb hr-default  avia-builder-el-9  el_after_av_layout_row  el_before_av_layout_row  avia-builder-el-no-sibling '><span class='hr-inner '><span class=\"hr-inner-style\"><\/span><\/span><\/div>\n<\/div><\/div><\/div><!-- close content main div --><\/div><\/div><div id='av-layout-grid-2'  class='av-layout-grid-container av-y3stl4-b57188990f9343425bc8007af438a587 entry-content-wrapper main_color av-flex-cells  avia-builder-el-10  el_after_av_hr  el_before_av_hr  grid-row-not-first  container_wrap fullsize'  >\n\n<style type=\"text\/css\" data-created_by=\"avia_inline_auto\" id=\"style-css-av-38vw7s-4d7958918713e0b4ab67e74e9f4f7e27\">\n.flex_cell.av-38vw7s-4d7958918713e0b4ab67e74e9f4f7e27{\nvertical-align:top;\n}\n.responsive #top #wrap_all .flex_cell.av-38vw7s-4d7958918713e0b4ab67e74e9f4f7e27{\npadding:0 30px 0 30px !important;\n}\n<\/style>\n<div class='flex_cell av-38vw7s-4d7958918713e0b4ab67e74e9f4f7e27 av-gridrow-cell av_two_fifth no_margin  avia-builder-el-11  el_before_av_cell_three_fifth  avia-builder-el-first '  ><div class='flex_cell_inner'>\n<style type=\"text\/css\" data-created_by=\"avia_inline_auto\" id=\"style-css-av-ucy52g-2a10a4a628899b7e06c13e8d29aa32d4\">\n.avia-image-container.av-ucy52g-2a10a4a628899b7e06c13e8d29aa32d4 img.avia_image{\nbox-shadow:none;\n}\n.avia-image-container.av-ucy52g-2a10a4a628899b7e06c13e8d29aa32d4 .av-image-caption-overlay-center{\ncolor:#ffffff;\n}\n<\/style>\n<div  class='avia-image-container av-ucy52g-2a10a4a628899b7e06c13e8d29aa32d4 av-styling- av-img-linked avia-align-left  avia-builder-el-12  avia-builder-el-no-sibling '   itemprop=\"image\" itemscope=\"itemscope\" itemtype=\"https:\/\/schema.org\/ImageObject\" ><div class=\"avia-image-container-inner\"><div class=\"avia-image-overlay-wrap\"><a href=\"https:\/\/kapitel-zwei.de\/pt-br\/more-em-berlin\/visto-para-alemanha\/\" class='avia_image '  aria-label='Kapitel Zwei Berlin FAQ'><img decoding=\"async\" fetchpriority=\"high\" class='wp-image-10934 avia-img-lazy-loading-not-10934 avia_image ' src=\"https:\/\/kapitel-zwei.de\/wp-content\/uploads\/2015\/10\/Kapitel-Zwei-Berlin-FAQ.jpg\" alt='Kapitel Zwei Berlin FAQ' title='Kapitel Zwei Berlin FAQ'  height=\"2133\" width=\"3200\"  itemprop=\"thumbnailUrl\" srcset=\"https:\/\/kapitel-zwei.de\/wp-content\/uploads\/2015\/10\/Kapitel-Zwei-Berlin-FAQ.jpg 3200w, https:\/\/kapitel-zwei.de\/wp-content\/uploads\/2015\/10\/Kapitel-Zwei-Berlin-FAQ-80x53.jpg 80w, https:\/\/kapitel-zwei.de\/wp-content\/uploads\/2015\/10\/Kapitel-Zwei-Berlin-FAQ-300x200.jpg 300w, https:\/\/kapitel-zwei.de\/wp-content\/uploads\/2015\/10\/Kapitel-Zwei-Berlin-FAQ-768x512.jpg 768w, https:\/\/kapitel-zwei.de\/wp-content\/uploads\/2015\/10\/Kapitel-Zwei-Berlin-FAQ-1030x687.jpg 1030w, https:\/\/kapitel-zwei.de\/wp-content\/uploads\/2015\/10\/Kapitel-Zwei-Berlin-FAQ-1500x1000.jpg 1500w, https:\/\/kapitel-zwei.de\/wp-content\/uploads\/2015\/10\/Kapitel-Zwei-Berlin-FAQ-705x470.jpg 705w, https:\/\/kapitel-zwei.de\/wp-content\/uploads\/2015\/10\/Kapitel-Zwei-Berlin-FAQ-450x300.jpg 450w\" sizes=\"(max-width: 3200px) 100vw, 3200px\" \/><\/a><\/div><\/div><\/div>\n<\/div><\/div>\n<style type=\"text\/css\" data-created_by=\"avia_inline_auto\" id=\"style-css-av-tbw4dk-429fbbac1249e5cef2335a117d3fc4ac\">\n.flex_cell.av-tbw4dk-429fbbac1249e5cef2335a117d3fc4ac{\nvertical-align:top;\n}\n.responsive #top #wrap_all .flex_cell.av-tbw4dk-429fbbac1249e5cef2335a117d3fc4ac{\npadding:0 30px 0 30px !important;\n}\n<\/style>\n<div class='flex_cell av-tbw4dk-429fbbac1249e5cef2335a117d3fc4ac av-gridrow-cell av_three_fifth no_margin  avia-builder-el-13  el_after_av_cell_two_fifth  avia-builder-el-last '  ><div class='flex_cell_inner'><section  class='av_textblock_section av-s3wtx4-f80bb180e2bbbfe977beca671db2d1d9 '   itemscope=\"itemscope\" itemtype=\"https:\/\/schema.org\/CreativeWork\" ><div class='avia_textblock'  itemprop=\"text\" ><h2 class=\"entry-title\"><a href=\"https:\/\/kapitel-zwei.de\/pt-br\/escola-de-alemao-berlin\/perguntas-e-respostas\/\">Perguntas frequentes<\/a><\/h2>\n<\/div><\/section><br \/>\n<section  class='av_textblock_section av-qavv88-93abb6ff6f35f52a33ffca7730745ea0 '   itemscope=\"itemscope\" itemtype=\"https:\/\/schema.org\/CreativeWork\" ><div class='avia_textblock'  itemprop=\"text\" ><p>Aqui voc\u00ea encontra as repostas para as d\u00favidas mais importantes que voc\u00ea possa ter quanto a nossa escola, nossos cursos e tudo envolvendo a vida em Berlim.<\/p>\n<p><a href=\"https:\/\/kapitel-zwei.de\/pt-br\/escola-de-alemao-berlin\/perguntas-e-respostas\/\">Leia mais<\/a><\/p>\n<\/div><\/section><\/p>\n<\/div><\/div>\n<\/div><div id='after_grid_row_2'  class='main_color av_default_container_wrap container_wrap fullsize'  ><div class='container av-section-cont-open' ><div class='template-page content  av-content-full alpha units'><div class='post-entry post-entry-type-page post-entry-3544'><div class='entry-content-wrapper clearfix'>\n<div  class='hr av-nqayns-77ed340434e36648a3137c11b40d4456 hr-default  avia-builder-el-16  el_after_av_layout_row  el_before_av_layout_row  avia-builder-el-no-sibling '><span class='hr-inner '><span class=\"hr-inner-style\"><\/span><\/span><\/div>\n<\/div><\/div><\/div><!-- close content main div --><\/div><\/div><div id='av-layout-grid-3'  class='av-layout-grid-container av-agwqyg-52ed9b3f1b52a048f030e1273e2c37a7 entry-content-wrapper main_color av-flex-cells  avia-builder-el-17  el_after_av_hr  avia-builder-el-last  grid-row-not-first  container_wrap fullsize'  >\n\n<style type=\"text\/css\" data-created_by=\"avia_inline_auto\" id=\"style-css-av-8oe7ug-45d2ec40ca9af6e328237e989478c7e4\">\n.flex_cell.av-8oe7ug-45d2ec40ca9af6e328237e989478c7e4{\nvertical-align:top;\n}\n.responsive #top #wrap_all .flex_cell.av-8oe7ug-45d2ec40ca9af6e328237e989478c7e4{\npadding:0 30px 0 30px !important;\n}\n<\/style>\n<div class='flex_cell av-8oe7ug-45d2ec40ca9af6e328237e989478c7e4 av-gridrow-cell av_two_fifth no_margin  avia-builder-el-18  el_before_av_cell_three_fifth  avia-builder-el-first '  ><div class='flex_cell_inner'>\n<style type=\"text\/css\" data-created_by=\"avia_inline_auto\" id=\"style-css-av-rnns8-420732859f1258c34350a78866f221b6\">\n.avia-image-container.av-rnns8-420732859f1258c34350a78866f221b6 img.avia_image{\nbox-shadow:none;\n}\n.avia-image-container.av-rnns8-420732859f1258c34350a78866f221b6 .av-image-caption-overlay-center{\ncolor:#ffffff;\n}\n<\/style>\n<div  class='avia-image-container av-rnns8-420732859f1258c34350a78866f221b6 av-styling- av-img-linked avia-align-left  avia-builder-el-19  avia-builder-el-no-sibling '   itemprop=\"image\" itemscope=\"itemscope\" itemtype=\"https:\/\/schema.org\/ImageObject\" ><div class=\"avia-image-container-inner\"><div class=\"avia-image-overlay-wrap\"><a href=\"https:\/\/kapitel-zwei.de\/pt-br\/more-em-berlin\/visto-para-alemanha\/\" class='avia_image '  aria-label='Kapitel Zwei Berlin Bankdaten'><img decoding=\"async\" fetchpriority=\"high\" class='wp-image-10936 avia-img-lazy-loading-not-10936 avia_image ' src=\"https:\/\/kapitel-zwei.de\/wp-content\/uploads\/2015\/10\/Kapitel-Zwei-Berlin-Bankdaten-2.jpg\" alt='Kapitel Zwei Berlin Bankdaten' title='Kapitel Zwei Berlin Bankdaten'  height=\"2133\" width=\"3200\"  itemprop=\"thumbnailUrl\" srcset=\"https:\/\/kapitel-zwei.de\/wp-content\/uploads\/2015\/10\/Kapitel-Zwei-Berlin-Bankdaten-2.jpg 3200w, https:\/\/kapitel-zwei.de\/wp-content\/uploads\/2015\/10\/Kapitel-Zwei-Berlin-Bankdaten-2-80x53.jpg 80w, https:\/\/kapitel-zwei.de\/wp-content\/uploads\/2015\/10\/Kapitel-Zwei-Berlin-Bankdaten-2-300x200.jpg 300w, https:\/\/kapitel-zwei.de\/wp-content\/uploads\/2015\/10\/Kapitel-Zwei-Berlin-Bankdaten-2-768x512.jpg 768w, https:\/\/kapitel-zwei.de\/wp-content\/uploads\/2015\/10\/Kapitel-Zwei-Berlin-Bankdaten-2-1030x687.jpg 1030w, https:\/\/kapitel-zwei.de\/wp-content\/uploads\/2015\/10\/Kapitel-Zwei-Berlin-Bankdaten-2-1500x1000.jpg 1500w, https:\/\/kapitel-zwei.de\/wp-content\/uploads\/2015\/10\/Kapitel-Zwei-Berlin-Bankdaten-2-705x470.jpg 705w, https:\/\/kapitel-zwei.de\/wp-content\/uploads\/2015\/10\/Kapitel-Zwei-Berlin-Bankdaten-2-450x300.jpg 450w\" sizes=\"(max-width: 3200px) 100vw, 3200px\" \/><\/a><\/div><\/div><\/div>\n<\/div><\/div>\n<style type=\"text\/css\" data-created_by=\"avia_inline_auto\" id=\"style-css-av-5t15ig-f7dbdd0825ebaa7cb88116a2afe45b21\">\n.flex_cell.av-5t15ig-f7dbdd0825ebaa7cb88116a2afe45b21{\nvertical-align:top;\n}\n.responsive #top #wrap_all .flex_cell.av-5t15ig-f7dbdd0825ebaa7cb88116a2afe45b21{\npadding:0 30px 0 30px !important;\n}\n<\/style>\n<div class='flex_cell av-5t15ig-f7dbdd0825ebaa7cb88116a2afe45b21 av-gridrow-cell av_three_fifth no_margin  avia-builder-el-20  el_after_av_cell_two_fifth  avia-builder-el-last '  ><div class='flex_cell_inner'><section  class='av_textblock_section av-3uhabs-a5d6a80bbbc67523696083d0133ea177 '   itemscope=\"itemscope\" itemtype=\"https:\/\/schema.org\/CreativeWork\" ><div class='avia_textblock'  itemprop=\"text\" ><h2 class=\"entry-title\"><a href=\"https:\/\/kapitel-zwei.de\/pt-br\/escola-de-alemao-berlin\/dados-do-banco\/\">Dados do banco &#038; PayPal<\/a><\/h2>\n<h2><\/h2>\n<\/div><\/section><br \/>\n<section  class='av_textblock_section av-2wvky0-52a84cc65607db42c78a21df444af98e '   itemscope=\"itemscope\" itemtype=\"https:\/\/schema.org\/CreativeWork\" ><div class='avia_textblock'  itemprop=\"text\" ><p>A tarifa para o seu curso de alem\u00e3o, prova de idioma na Kapitel Zwei, assim como a tarifa para a sua<br \/>\nacomoda\u00e7\u00e3o podem ser transferidas para esta conta.<\/p>\n<p><a href=\"https:\/\/kapitel-zwei.de\/pt-br\/escola-de-alemao-berlin\/dados-do-banco\/\">Leia mais<\/a><\/p>\n<\/div><\/section><\/p>\n<\/div><\/div>\n<\/div>\n","protected":false},"excerpt":{"rendered":"","protected":false},"author":16,"featured_media":0,"parent":0,"menu_order":2,"comment_status":"closed","ping_status":"closed","template":"","meta":{"footnotes":""},"class_list":["post-3544","page","type-page","status-publish","hentry"],"yoast_head":"<!-- This site is optimized with the Yoast SEO Premium plugin v24.4 (Yoast SEO v24.4) - https:\/\/yoast.com\/wordpress\/plugins\/seo\/ -->\n<title>Sobre n\u00f3s - Apresentamos a Kapitel Zwei<\/title>\n<meta name=\"description\" content=\"Conhe\u00e7a a sua escola de idiomas em Berlim. Kapitel Zwei se apresentara e tera prazer em responder \u00e0s suas perguntas de forma competente e aberta.\" \/>\n<meta name=\"robots\" content=\"index, follow, max-snippet:-1, max-image-preview:large, max-video-preview:-1\" \/>\n<link rel=\"canonical\" href=\"https:\/\/kapitel-zwei.de\/pt-br\/escola-de-alemao-berlin\/\" \/>\n<meta property=\"og:locale\" content=\"pt_BR\" \/>\n<meta property=\"og:type\" content=\"article\" \/>\n<meta property=\"og:title\" content=\"Sua escola\" \/>\n<meta property=\"og:description\" content=\"Conhe\u00e7a a sua escola de idiomas em Berlim. Kapitel Zwei se apresentara e tera prazer em responder \u00e0s suas perguntas de forma competente e aberta.\" \/>\n<meta property=\"og:url\" content=\"https:\/\/kapitel-zwei.de\/pt-br\/escola-de-alemao-berlin\/\" \/>\n<meta property=\"og:site_name\" content=\"Kapitel Zwei Berlin\" \/>\n<meta property=\"article:publisher\" content=\"https:\/\/www.facebook.com\/kapitelzwei\/\" \/>\n<meta property=\"article:modified_time\" content=\"2025-03-13T17:04:51+00:00\" \/>\n<meta name=\"twitter:card\" content=\"summary_large_image\" \/>\n<meta name=\"twitter:site\" content=\"@kapitelzwei\" \/>\n<meta name=\"twitter:label1\" content=\"Est. tempo de leitura\" \/>\n\t<meta name=\"twitter:data1\" content=\"3 minutos\" \/>\n<script type=\"application\/ld+json\" class=\"yoast-schema-graph\">{\"@context\":\"https:\/\/schema.org\",\"@graph\":[{\"@type\":\"WebPage\",\"@id\":\"https:\/\/kapitel-zwei.de\/pt-br\/escola-de-alemao-berlin\/\",\"url\":\"https:\/\/kapitel-zwei.de\/pt-br\/escola-de-alemao-berlin\/\",\"name\":\"Sobre n\u00f3s - Apresentamos a Kapitel Zwei\",\"isPartOf\":{\"@id\":\"https:\/\/kapitel-zwei.de\/es\/#website\"},\"datePublished\":\"2015-10-14T16:17:17+00:00\",\"dateModified\":\"2025-03-13T17:04:51+00:00\",\"description\":\"Conhe\u00e7a a sua escola de idiomas em Berlim. Kapitel Zwei se apresentara e tera prazer em responder \u00e0s suas perguntas de forma competente e aberta.\",\"breadcrumb\":{\"@id\":\"https:\/\/kapitel-zwei.de\/pt-br\/escola-de-alemao-berlin\/#breadcrumb\"},\"inLanguage\":\"pt-BR\",\"potentialAction\":[{\"@type\":\"ReadAction\",\"target\":[\"https:\/\/kapitel-zwei.de\/pt-br\/escola-de-alemao-berlin\/\"]}]},{\"@type\":\"BreadcrumbList\",\"@id\":\"https:\/\/kapitel-zwei.de\/pt-br\/escola-de-alemao-berlin\/#breadcrumb\",\"itemListElement\":[{\"@type\":\"ListItem\",\"position\":1,\"name\":\"Startseite\",\"item\":\"https:\/\/kapitel-zwei.de\/pt-br\/\"},{\"@type\":\"ListItem\",\"position\":2,\"name\":\"Sua escola\"}]},{\"@type\":\"WebSite\",\"@id\":\"https:\/\/kapitel-zwei.de\/es\/#website\",\"url\":\"https:\/\/kapitel-zwei.de\/es\/\",\"name\":\"Kapitel Zwei Berlin\",\"description\":\"Deutschkurs Berlin | Sprachschule Berlin | German language school Berlin | telc Berlin | Deutsch Pr\u00fcfung Berlin | Intensive German courses Berlin | TestDaF Pr\u00fcfung | Online Kurse\",\"publisher\":{\"@id\":\"https:\/\/kapitel-zwei.de\/es\/#organization\"},\"potentialAction\":[{\"@type\":\"SearchAction\",\"target\":{\"@type\":\"EntryPoint\",\"urlTemplate\":\"https:\/\/kapitel-zwei.de\/es\/?s={search_term_string}\"},\"query-input\":{\"@type\":\"PropertyValueSpecification\",\"valueRequired\":true,\"valueName\":\"search_term_string\"}}],\"inLanguage\":\"pt-BR\"},{\"@type\":\"Organization\",\"@id\":\"https:\/\/kapitel-zwei.de\/es\/#organization\",\"name\":\"Kapitel Zwei. Deutsch-Sprachschule Berlin GmbH\",\"url\":\"https:\/\/kapitel-zwei.de\/es\/\",\"logo\":{\"@type\":\"ImageObject\",\"inLanguage\":\"pt-BR\",\"@id\":\"https:\/\/kapitel-zwei.de\/es\/#\/schema\/logo\/image\/\",\"url\":\"https:\/\/kapitel-zwei.de\/wp-content\/uploads\/2018\/08\/Kapitel-Zwei-Berlin-Sprachschule-Deutsch-Deutschkurse-Berlin.jpg\",\"contentUrl\":\"https:\/\/kapitel-zwei.de\/wp-content\/uploads\/2018\/08\/Kapitel-Zwei-Berlin-Sprachschule-Deutsch-Deutschkurse-Berlin.jpg\",\"width\":350,\"height\":101,\"caption\":\"Kapitel Zwei. Deutsch-Sprachschule Berlin GmbH\"},\"image\":{\"@id\":\"https:\/\/kapitel-zwei.de\/es\/#\/schema\/logo\/image\/\"},\"sameAs\":[\"https:\/\/www.facebook.com\/kapitelzwei\/\",\"https:\/\/x.com\/kapitelzwei\"]}]}<\/script>\n<!-- \/ Yoast SEO Premium plugin. -->","yoast_head_json":{"title":"Sobre n\u00f3s - Apresentamos a Kapitel Zwei","description":"Conhe\u00e7a a sua escola de idiomas em Berlim. Kapitel Zwei se apresentara e tera prazer em responder \u00e0s suas perguntas de forma competente e aberta.","robots":{"index":"index","follow":"follow","max-snippet":"max-snippet:-1","max-image-preview":"max-image-preview:large","max-video-preview":"max-video-preview:-1"},"canonical":"https:\/\/kapitel-zwei.de\/pt-br\/escola-de-alemao-berlin\/","og_locale":"pt_BR","og_type":"article","og_title":"Sua escola","og_description":"Conhe\u00e7a a sua escola de idiomas em Berlim. Kapitel Zwei se apresentara e tera prazer em responder \u00e0s suas perguntas de forma competente e aberta.","og_url":"https:\/\/kapitel-zwei.de\/pt-br\/escola-de-alemao-berlin\/","og_site_name":"Kapitel Zwei Berlin","article_publisher":"https:\/\/www.facebook.com\/kapitelzwei\/","article_modified_time":"2025-03-13T17:04:51+00:00","twitter_card":"summary_large_image","twitter_site":"@kapitelzwei","twitter_misc":{"Est. tempo de leitura":"3 minutos"},"schema":{"@context":"https:\/\/schema.org","@graph":[{"@type":"WebPage","@id":"https:\/\/kapitel-zwei.de\/pt-br\/escola-de-alemao-berlin\/","url":"https:\/\/kapitel-zwei.de\/pt-br\/escola-de-alemao-berlin\/","name":"Sobre n\u00f3s - Apresentamos a Kapitel Zwei","isPartOf":{"@id":"https:\/\/kapitel-zwei.de\/es\/#website"},"datePublished":"2015-10-14T16:17:17+00:00","dateModified":"2025-03-13T17:04:51+00:00","description":"Conhe\u00e7a a sua escola de idiomas em Berlim. Kapitel Zwei se apresentara e tera prazer em responder \u00e0s suas perguntas de forma competente e aberta.","breadcrumb":{"@id":"https:\/\/kapitel-zwei.de\/pt-br\/escola-de-alemao-berlin\/#breadcrumb"},"inLanguage":"pt-BR","potentialAction":[{"@type":"ReadAction","target":["https:\/\/kapitel-zwei.de\/pt-br\/escola-de-alemao-berlin\/"]}]},{"@type":"BreadcrumbList","@id":"https:\/\/kapitel-zwei.de\/pt-br\/escola-de-alemao-berlin\/#breadcrumb","itemListElement":[{"@type":"ListItem","position":1,"name":"Startseite","item":"https:\/\/kapitel-zwei.de\/pt-br\/"},{"@type":"ListItem","position":2,"name":"Sua escola"}]},{"@type":"WebSite","@id":"https:\/\/kapitel-zwei.de\/es\/#website","url":"https:\/\/kapitel-zwei.de\/es\/","name":"Kapitel Zwei Berlin","description":"Deutschkurs Berlin | Sprachschule Berlin | German language school Berlin | telc Berlin | Deutsch Pr\u00fcfung Berlin | Intensive German courses Berlin | TestDaF Pr\u00fcfung | Online Kurse","publisher":{"@id":"https:\/\/kapitel-zwei.de\/es\/#organization"},"potentialAction":[{"@type":"SearchAction","target":{"@type":"EntryPoint","urlTemplate":"https:\/\/kapitel-zwei.de\/es\/?s={search_term_string}"},"query-input":{"@type":"PropertyValueSpecification","valueRequired":true,"valueName":"search_term_string"}}],"inLanguage":"pt-BR"},{"@type":"Organization","@id":"https:\/\/kapitel-zwei.de\/es\/#organization","name":"Kapitel Zwei. Deutsch-Sprachschule Berlin GmbH","url":"https:\/\/kapitel-zwei.de\/es\/","logo":{"@type":"ImageObject","inLanguage":"pt-BR","@id":"https:\/\/kapitel-zwei.de\/es\/#\/schema\/logo\/image\/","url":"https:\/\/kapitel-zwei.de\/wp-content\/uploads\/2018\/08\/Kapitel-Zwei-Berlin-Sprachschule-Deutsch-Deutschkurse-Berlin.jpg","contentUrl":"https:\/\/kapitel-zwei.de\/wp-content\/uploads\/2018\/08\/Kapitel-Zwei-Berlin-Sprachschule-Deutsch-Deutschkurse-Berlin.jpg","width":350,"height":101,"caption":"Kapitel Zwei. Deutsch-Sprachschule Berlin GmbH"},"image":{"@id":"https:\/\/kapitel-zwei.de\/es\/#\/schema\/logo\/image\/"},"sameAs":["https:\/\/www.facebook.com\/kapitelzwei\/","https:\/\/x.com\/kapitelzwei"]}]}},"_links":{"self":[{"href":"https:\/\/kapitel-zwei.de\/pt-br\/wp-json\/wp\/v2\/pages\/3544","targetHints":{"allow":["GET"]}}],"collection":[{"href":"https:\/\/kapitel-zwei.de\/pt-br\/wp-json\/wp\/v2\/pages"}],"about":[{"href":"https:\/\/kapitel-zwei.de\/pt-br\/wp-json\/wp\/v2\/types\/page"}],"author":[{"embeddable":true,"href":"https:\/\/kapitel-zwei.de\/pt-br\/wp-json\/wp\/v2\/users\/16"}],"replies":[{"embeddable":true,"href":"https:\/\/kapitel-zwei.de\/pt-br\/wp-json\/wp\/v2\/comments?post=3544"}],"version-history":[{"count":8,"href":"https:\/\/kapitel-zwei.de\/pt-br\/wp-json\/wp\/v2\/pages\/3544\/revisions"}],"predecessor-version":[{"id":122536,"href":"https:\/\/kapitel-zwei.de\/pt-br\/wp-json\/wp\/v2\/pages\/3544\/revisions\/122536"}],"wp:attachment":[{"href":"https:\/\/kapitel-zwei.de\/pt-br\/wp-json\/wp\/v2\/media?parent=3544"}],"curies":[{"name":"wp","href":"https:\/\/api.w.org\/{rel}","templated":true}]}}