{"id":81396,"date":"2020-03-20T18:00:56","date_gmt":"2020-03-20T17:00:56","guid":{"rendered":"https:\/\/kapitel-zwei.de\/curso-de-alemao-em-berlim\/cours-en-ligne-telc-deutsch-b2-c1\/"},"modified":"2025-07-09T08:39:18","modified_gmt":"2025-07-09T06:39:18","slug":"curso-online-telc-deutsch-b1-b2-c1","status":"publish","type":"page","link":"https:\/\/kapitel-zwei.de\/pt-br\/curso-de-alemao-em-berlim\/curso-online-telc-deutsch-b1-b2-c1\/","title":{"rendered":"Curso Online: telc Deutsch B1-B2-C1"},"content":{"rendered":"\n<style type=\"text\/css\" data-created_by=\"avia_inline_auto\" id=\"style-css-av-9yrz60k-6c2e6c9f636a619a08d9cf1d99e8fc7a\">\n.flex_column.av-9yrz60k-6c2e6c9f636a619a08d9cf1d99e8fc7a{\nborder-radius:0px 0px 0px 0px;\npadding:0px 0px 0px 0px;\n}\n<\/style>\n<div  class='flex_column av-9yrz60k-6c2e6c9f636a619a08d9cf1d99e8fc7a av_one_third  avia-builder-el-0  el_before_av_two_third  avia-builder-el-first  first flex_column_div av-zero-column-padding  '     ><style type=\"text\/css\" data-created_by=\"avia_inline_auto\" id=\"style-css-av-9l84kxg-f578efccc408f607b96f542c58efb456\">\n.avia-image-container.av-9l84kxg-f578efccc408f607b96f542c58efb456 img.avia_image{\nbox-shadow:none;\n}\n.avia-image-container.av-9l84kxg-f578efccc408f607b96f542c58efb456 .av-image-caption-overlay-center{\ncolor:#ffffff;\n}\n<\/style>\n<div  class='avia-image-container av-9l84kxg-f578efccc408f607b96f542c58efb456 av-styling- avia-align-center  avia-builder-el-1  avia-builder-el-no-sibling '   itemprop=\"image\" itemscope=\"itemscope\" itemtype=\"https:\/\/schema.org\/ImageObject\" ><div class=\"avia-image-container-inner\"><div class=\"avia-image-overlay-wrap\"><img decoding=\"async\" fetchpriority=\"high\" class='wp-image-120850 avia-img-lazy-loading-not-120850 avia_image ' src=\"https:\/\/kapitel-zwei.de\/wp-content\/uploads\/2024\/10\/\u0418\u0437\u0443\u0447\u0435\u043d\u0438\u0435-\u043d\u0435\u043c\u0435\u0446\u043a\u043e\u0433\u043e-\u044f\u0437\u044b\u043a\u0430-\u043e\u0444\u043b\u0430\u0439\u043d-\u0432-\u0411\u0435\u0440\u043b\u0438\u043d\u0435.jpg\" alt='Online Deutsch' title='Online Deutsch'  height=\"1279\" width=\"1920\"  itemprop=\"thumbnailUrl\" srcset=\"https:\/\/kapitel-zwei.de\/wp-content\/uploads\/2024\/10\/\u0418\u0437\u0443\u0447\u0435\u043d\u0438\u0435-\u043d\u0435\u043c\u0435\u0446\u043a\u043e\u0433\u043e-\u044f\u0437\u044b\u043a\u0430-\u043e\u0444\u043b\u0430\u0439\u043d-\u0432-\u0411\u0435\u0440\u043b\u0438\u043d\u0435.jpg 1920w, https:\/\/kapitel-zwei.de\/wp-content\/uploads\/2024\/10\/\u0418\u0437\u0443\u0447\u0435\u043d\u0438\u0435-\u043d\u0435\u043c\u0435\u0446\u043a\u043e\u0433\u043e-\u044f\u0437\u044b\u043a\u0430-\u043e\u0444\u043b\u0430\u0439\u043d-\u0432-\u0411\u0435\u0440\u043b\u0438\u043d\u0435-300x200.jpg 300w, https:\/\/kapitel-zwei.de\/wp-content\/uploads\/2024\/10\/\u0418\u0437\u0443\u0447\u0435\u043d\u0438\u0435-\u043d\u0435\u043c\u0435\u0446\u043a\u043e\u0433\u043e-\u044f\u0437\u044b\u043a\u0430-\u043e\u0444\u043b\u0430\u0439\u043d-\u0432-\u0411\u0435\u0440\u043b\u0438\u043d\u0435-1030x686.jpg 1030w, https:\/\/kapitel-zwei.de\/wp-content\/uploads\/2024\/10\/\u0418\u0437\u0443\u0447\u0435\u043d\u0438\u0435-\u043d\u0435\u043c\u0435\u0446\u043a\u043e\u0433\u043e-\u044f\u0437\u044b\u043a\u0430-\u043e\u0444\u043b\u0430\u0439\u043d-\u0432-\u0411\u0435\u0440\u043b\u0438\u043d\u0435-80x53.jpg 80w, https:\/\/kapitel-zwei.de\/wp-content\/uploads\/2024\/10\/\u0418\u0437\u0443\u0447\u0435\u043d\u0438\u0435-\u043d\u0435\u043c\u0435\u0446\u043a\u043e\u0433\u043e-\u044f\u0437\u044b\u043a\u0430-\u043e\u0444\u043b\u0430\u0439\u043d-\u0432-\u0411\u0435\u0440\u043b\u0438\u043d\u0435-768x512.jpg 768w, https:\/\/kapitel-zwei.de\/wp-content\/uploads\/2024\/10\/\u0418\u0437\u0443\u0447\u0435\u043d\u0438\u0435-\u043d\u0435\u043c\u0435\u0446\u043a\u043e\u0433\u043e-\u044f\u0437\u044b\u043a\u0430-\u043e\u0444\u043b\u0430\u0439\u043d-\u0432-\u0411\u0435\u0440\u043b\u0438\u043d\u0435-1536x1023.jpg 1536w, https:\/\/kapitel-zwei.de\/wp-content\/uploads\/2024\/10\/\u0418\u0437\u0443\u0447\u0435\u043d\u0438\u0435-\u043d\u0435\u043c\u0435\u0446\u043a\u043e\u0433\u043e-\u044f\u0437\u044b\u043a\u0430-\u043e\u0444\u043b\u0430\u0439\u043d-\u0432-\u0411\u0435\u0440\u043b\u0438\u043d\u0435-1500x999.jpg 1500w, https:\/\/kapitel-zwei.de\/wp-content\/uploads\/2024\/10\/\u0418\u0437\u0443\u0447\u0435\u043d\u0438\u0435-\u043d\u0435\u043c\u0435\u0446\u043a\u043e\u0433\u043e-\u044f\u0437\u044b\u043a\u0430-\u043e\u0444\u043b\u0430\u0439\u043d-\u0432-\u0411\u0435\u0440\u043b\u0438\u043d\u0435-705x470.jpg 705w\" sizes=\"(max-width: 1920px) 100vw, 1920px\" \/><\/div><\/div><\/div><\/div>\n<style type=\"text\/css\" data-created_by=\"avia_inline_auto\" id=\"style-css-av-8zphhqs-10065499cb8bf888820ca4dbb2298a94\">\n.flex_column.av-8zphhqs-10065499cb8bf888820ca4dbb2298a94{\nborder-radius:0px 0px 0px 0px;\npadding:0px 0px 0px 0px;\n}\n<\/style>\n<div  class='flex_column av-8zphhqs-10065499cb8bf888820ca4dbb2298a94 av_two_third  avia-builder-el-2  el_after_av_one_third  el_before_av_layout_row  avia-builder-el-last  flex_column_div av-zero-column-padding  '     ><style type=\"text\/css\" data-created_by=\"avia_inline_auto\" id=\"style-css-av-8d74e9g-b61bf6bd173d80c677e7127bcb4591cf\">\n#top .av_textblock_section.av-8d74e9g-b61bf6bd173d80c677e7127bcb4591cf .avia_textblock{\nfont-size:16px;\n}\n<\/style>\n<section  class='av_textblock_section av-8d74e9g-b61bf6bd173d80c677e7127bcb4591cf '   itemscope=\"itemscope\" itemtype=\"https:\/\/schema.org\/CreativeWork\" ><div class='avia_textblock'  itemprop=\"text\" ><p><a name=\"telc\"><\/a><\/p>\n<h1><span style=\"color: #ff6600;\">Cursos online: telc Deutsch B1 | B2 | C1 Hochschule<\/span><\/h1>\n<h2><span style=\"color: #ff6600;\">Escrita e Produ\u00e7\u00e3o de Texto<\/span><\/h2>\n<p>Voc\u00ea vai fazer um exame de profici\u00eancia da l\u00edngua alem\u00e3 e t\u00eam pouco tempo para se preparar? A Kapitel Zwei tem a solu\u00e7\u00e3o perfeita para voc\u00ea!<\/p>\n<p><strong>Tr\u00eas textos seus, com modelo original telc<\/strong> ser\u00e3o verificados por um professor treinado da nossa escola &#8211; tudo online! Voc\u00ea tem <strong>uma semana por texto<\/strong>. Voc\u00ea pode selecionar a prepara\u00e7\u00e3o para a parte escrita do B1, B2 telc ou exame C1 Hochschule &#8211; Sempre onde e quando voc\u00ea quiser!<\/p>\n<p>Basta nos enviar o seu texto como um arquivo Word (.doc ou .docx) com o seguinte n\u00famero de palavras:<\/p>\n<ul>\n<li>B1 | 100 palavras<\/li>\n<li>B2 | 150-200 palavras<\/li>\n<li>C1 | 350-400 palavras<\/li>\n<\/ul>\n<p>A data para a corre\u00e7\u00e3o e entrega da nova tarefa \u00e9 realizada em concord\u00e2ncia com o seu professor de alem\u00e3o online.<\/p>\n<p>N\u00f3s verificamos n\u00e3o s\u00f3 o uso correto da gram\u00e1tica e ortografia, mas tamb\u00e9m prestamos muita aten\u00e7\u00e3o ao seu vocabul\u00e1rio, estilo e complexidade gramatical, necess\u00e1ria para o n\u00edvel do teste. Verificaremos a estrutura e conte\u00fado de acordo com as expectativas do exame telc &#8211; tudo em um pacote e online. Voc\u00ea receber\u00e1 uma corre\u00e7\u00e3o fundamentada e feedback, de onde est\u00e3o os problemas e o que voc\u00ea precisa melhorar. Voc\u00ea perceber\u00e1 um enorme progresso rapidamente!<\/p>\n<p><a href=\"https:\/\/kapitel-zwei.de\/pt-br\/telc-deutsch-berlin\/\">Aqui<\/a> voc\u00ea encontra mais informa\u00e7\u00f5es sobre os <strong>cursos de prepara\u00e7\u00e3o para o exame de profici\u00eancia telc B1 | B2 | C1 Hochschule<\/strong> na sua escola de alem\u00e3o Kapitel Zwei.<\/p>\n<\/div><\/section><\/div><\/p>\n<\/div><\/div><\/div><!-- close content main div --><\/div><\/div><div id='av-layout-grid-1'  class='av-layout-grid-container av-89epzkk-c5e85d0fbf33ece081182c337229f6ff entry-content-wrapper main_color av-flex-cells  avia-builder-el-4  el_after_av_two_third  el_before_av_layout_row  custom-icon-list grid-row-not-first  container_wrap fullsize'  >\n\n<style type=\"text\/css\" data-created_by=\"avia_inline_auto\" id=\"style-css-av-7s6kvv8-8b2afe7a24b347d478046b5a995fa3aa\">\n.flex_cell.av-7s6kvv8-8b2afe7a24b347d478046b5a995fa3aa{\nvertical-align:top;\n}\n.responsive #top #wrap_all .flex_cell.av-7s6kvv8-8b2afe7a24b347d478046b5a995fa3aa{\npadding:30px 30px 30px 30px !important;\n}\n<\/style>\n<div class='flex_cell av-7s6kvv8-8b2afe7a24b347d478046b5a995fa3aa av-gridrow-cell av_one_third no_margin  avia-builder-el-5  el_before_av_cell_two_third  avia-builder-el-first '  ><div class='flex_cell_inner'><\/div><\/div>\n<style type=\"text\/css\" data-created_by=\"avia_inline_auto\" id=\"style-css-av-786ao7o-73b0d71de488b7a6183f9be9223504cb\">\n.flex_cell.av-786ao7o-73b0d71de488b7a6183f9be9223504cb{\nvertical-align:top;\n}\n.responsive #top #wrap_all .flex_cell.av-786ao7o-73b0d71de488b7a6183f9be9223504cb{\npadding:30px 30px 30px 30px !important;\n}\n<\/style>\n<div class='flex_cell av-786ao7o-73b0d71de488b7a6183f9be9223504cb av-gridrow-cell av_two_third no_margin  avia-builder-el-6  el_after_av_cell_one_third  avia-builder-el-last '  ><div class='flex_cell_inner'>\n<style type=\"text\/css\" data-created_by=\"avia_inline_auto\" id=\"style-css-av-6sj4r3o-bc856ab75648da5776349e00edb2c4dd\">\n.flex_column.av-6sj4r3o-bc856ab75648da5776349e00edb2c4dd{\nborder-radius:0px 0px 0px 0px;\npadding:0px 0px 0px 0px;\n}\n<\/style>\n<div  class='flex_column av-6sj4r3o-bc856ab75648da5776349e00edb2c4dd av_one_full  avia-builder-el-7  avia-builder-el-no-sibling  course-info new first flex_column_div av-zero-column-padding  '     ><div  class='avia-icon-list-container av-ljj7q3ur-c1489ad1eea82e14e6bf6f8818102f61  avia-builder-el-8  avia-builder-el-no-sibling '><ul class='avia-icon-list avia_animate_when_almost_visible avia-icon-list-left av-iconlist-big av-ljj7q3ur-c1489ad1eea82e14e6bf6f8818102f61 avia-iconlist-animate'>\n<li><div class='iconlist_icon av-6bggu5w-5717a45327adac11b14f6f6a2574bd26 avia-font-entypo-fontello'><span class='iconlist-char' aria-hidden='true' data-av_icon='\ue827' data-av_iconfont='entypo-fontello'><\/span><\/div><article class=\"article-icon-entry \"  itemscope=\"itemscope\" itemtype=\"https:\/\/schema.org\/CreativeWork\" ><div class=\"iconlist_content_wrap\"><header class=\"entry-content-header\" aria-label=\"Icon: Pre\u00e7o\"><h4 class='av_iconlist_title iconlist_title  '  itemprop=\"headline\" >Pre\u00e7o<\/h4><\/header><div class='iconlist_content '  itemprop=\"text\" ><p>99 \u20ac<\/p>\n<\/div><\/div><footer class=\"entry-footer\"><\/footer><\/article><div class=\"iconlist-timeline\"><\/div><\/li>\n<li><div class='iconlist_icon av-5x01uac-9609869461e95a58f34cc4a8af4a037f avia-font-entypo-fontello'><span class='iconlist-char' aria-hidden='true' data-av_icon='\ue85b' data-av_iconfont='entypo-fontello'><\/span><\/div><article class=\"article-icon-entry \"  itemscope=\"itemscope\" itemtype=\"https:\/\/schema.org\/CreativeWork\" ><div class=\"iconlist_content_wrap\"><header class=\"entry-content-header\" aria-label=\"Icon: Dura\u00e7\u00e3o\"><h4 class='av_iconlist_title iconlist_title  '  itemprop=\"headline\" >Dura\u00e7\u00e3o<\/h4><\/header><div class='iconlist_content '  itemprop=\"text\" ><p>4 semanas<\/p>\n<\/div><\/div><footer class=\"entry-footer\"><\/footer><\/article><div class=\"iconlist-timeline\"><\/div><\/li>\n<li><div class='iconlist_icon av-56f3to4-f50db1e7042f1a88f0c072c57751e6f8 avia-font-entypo-fontello'><span class='iconlist-char' aria-hidden='true' data-av_icon='\ue862' data-av_iconfont='entypo-fontello'><\/span><\/div><article class=\"article-icon-entry \"  itemscope=\"itemscope\" itemtype=\"https:\/\/schema.org\/CreativeWork\" ><div class=\"iconlist_content_wrap\"><header class=\"entry-content-header\" aria-label=\"Icon: Hor\u00e1rios dispon\u00edveis\"><h4 class='av_iconlist_title iconlist_title  '  itemprop=\"headline\" >Hor\u00e1rios dispon\u00edveis<\/h4><\/header><div class='iconlist_content '  itemprop=\"text\" ><p>8 &#8211; 21 hs<\/p>\n<\/div><\/div><footer class=\"entry-footer\"><\/footer><\/article><div class=\"iconlist-timeline\"><\/div><\/li>\n<li><div class='iconlist_icon av-nbgslw-f8dd19d3b374f4060fd203a5f4ceeb7f avia-font-entypo-fontello'><span class='iconlist-char' aria-hidden='true' data-av_icon='\ue8c9' data-av_iconfont='entypo-fontello'><\/span><\/div><article class=\"article-icon-entry \"  itemscope=\"itemscope\" itemtype=\"https:\/\/schema.org\/CreativeWork\" ><div class=\"iconlist_content_wrap\"><header class=\"entry-content-header\" aria-label=\"Icon: N\u00edveis\"><h4 class='av_iconlist_title iconlist_title  '  itemprop=\"headline\" >N\u00edveis<\/h4><\/header><div class='iconlist_content '  itemprop=\"text\" ><p>B1 | B2 | C1 Hochschule<\/p>\n<\/div><\/div><footer class=\"entry-footer\"><\/footer><\/article><div class=\"iconlist-timeline\"><\/div><\/li>\n<\/ul><\/div><\/div>\n<\/div><\/div>\n<\/div>\n<div id='av-layout-grid-2'  class='av-layout-grid-container av-4cn7050-0a25c684d331ea7577985e8de8f65982 entry-content-wrapper main_color av-flex-cells  avia-builder-el-9  el_after_av_layout_row  avia-builder-el-last  pay-buttons grid-row-not-first  container_wrap fullsize'  >\n\n<style type=\"text\/css\" data-created_by=\"avia_inline_auto\" id=\"style-css-av-3tq7ees-1c5febf8b9f2da076195b33b4a5ef433\">\n.flex_cell.av-3tq7ees-1c5febf8b9f2da076195b33b4a5ef433{\nvertical-align:top;\n}\n.responsive #top #wrap_all .flex_cell.av-3tq7ees-1c5febf8b9f2da076195b33b4a5ef433{\npadding:30px 30px 30px 30px !important;\n}\n<\/style>\n<div class='flex_cell av-3tq7ees-1c5febf8b9f2da076195b33b4a5ef433 av-gridrow-cell av_one_third no_margin  avia-builder-el-10  el_before_av_cell_two_third  avia-builder-el-first '  ><div class='flex_cell_inner'><\/div><\/div>\n<style type=\"text\/css\" data-created_by=\"avia_inline_auto\" id=\"style-css-av-btx3tg-a5e08a02d3f8b301c48a1a93dfa5695f\">\n.flex_cell.av-btx3tg-a5e08a02d3f8b301c48a1a93dfa5695f{\nvertical-align:top;\n}\n.responsive #top #wrap_all .flex_cell.av-btx3tg-a5e08a02d3f8b301c48a1a93dfa5695f{\npadding:30px 30px 30px 30px !important;\n}\n<\/style>\n<div class='flex_cell av-btx3tg-a5e08a02d3f8b301c48a1a93dfa5695f av-gridrow-cell av_two_third no_margin  avia-builder-el-11  el_after_av_cell_one_third  avia-builder-el-last '  ><div class='flex_cell_inner'><div  class='avia-button-wrap av-2to65bo-ba25acf1ab6a51162a0c51acebd43ab8-wrap avia-button-center  avia-builder-el-12  avia-builder-el-no-sibling '><a href='https:\/\/kapitel-zwei.de\/pt-br\/inscricao-escola-alemao\/'  class='avia-button av-2to65bo-ba25acf1ab6a51162a0c51acebd43ab8 av-link-btn avia-icon_select-no avia-size-large avia-position-center avia-color-theme-color'   aria-label=\"Reserve agora!\"><span class='avia_iconbox_title' >Reserve agora!<\/span><\/a><\/div>\n<\/div><\/div>\n<\/div>\n","protected":false},"excerpt":{"rendered":"","protected":false},"author":16,"featured_media":0,"parent":9226,"menu_order":0,"comment_status":"closed","ping_status":"closed","template":"","meta":{"footnotes":""},"class_list":["post-81396","page","type-page","status-publish","hentry"],"yoast_head":"<!-- This site is optimized with the Yoast SEO Premium plugin v24.4 (Yoast SEO v24.4) - https:\/\/yoast.com\/wordpress\/plugins\/seo\/ -->\n<title>Curso Online telc Deutsch B1-B2-C1 Curso de Prepara\u00e7\u00e3o Produ\u00e7\u00e3o e Escrita de Texto Online<\/title>\n<meta name=\"description\" content=\"Curso de Prepara\u00e7\u00e3o para o Exame Produ\u00e7\u00e3o e Escrita de Texto Online. Produza tr\u00eas textos para o exame de alem\u00e3o da Telc Deutsch e receba conselhos e corre\u00e7\u00f5es individuais de um instrutor particular.\" \/>\n<meta name=\"robots\" content=\"index, nofollow, max-snippet:-1, max-image-preview:large, max-video-preview:-1\" \/>\n<link rel=\"canonical\" href=\"https:\/\/kapitel-zwei.de\/pt-br\/curso-de-alemao-em-berlim\/curso-online-telc-deutsch-b1-b2-c1\/\" \/>\n<meta property=\"og:locale\" content=\"pt_BR\" \/>\n<meta property=\"og:type\" content=\"article\" \/>\n<meta property=\"og:title\" content=\"Curso Online: telc Deutsch B1-B2-C1\" \/>\n<meta property=\"og:description\" content=\"Curso de Prepara\u00e7\u00e3o para o Exame Produ\u00e7\u00e3o e Escrita de Texto Online. Produza tr\u00eas textos para o exame de alem\u00e3o da Telc Deutsch e receba conselhos e corre\u00e7\u00f5es individuais de um instrutor particular.\" \/>\n<meta property=\"og:url\" content=\"https:\/\/kapitel-zwei.de\/pt-br\/curso-de-alemao-em-berlim\/curso-online-telc-deutsch-b1-b2-c1\/\" \/>\n<meta property=\"og:site_name\" content=\"Kapitel Zwei Berlin\" \/>\n<meta property=\"article:publisher\" content=\"https:\/\/www.facebook.com\/kapitelzwei\/\" \/>\n<meta property=\"article:modified_time\" content=\"2025-07-09T06:39:18+00:00\" \/>\n<meta name=\"twitter:card\" content=\"summary_large_image\" \/>\n<meta name=\"twitter:site\" content=\"@kapitelzwei\" \/>\n<meta name=\"twitter:label1\" content=\"Est. tempo de leitura\" \/>\n\t<meta name=\"twitter:data1\" content=\"2 minutos\" \/>\n<script type=\"application\/ld+json\" class=\"yoast-schema-graph\">{\"@context\":\"https:\/\/schema.org\",\"@graph\":[{\"@type\":\"WebPage\",\"@id\":\"https:\/\/kapitel-zwei.de\/pt-br\/curso-de-alemao-em-berlim\/curso-online-telc-deutsch-b1-b2-c1\/\",\"url\":\"https:\/\/kapitel-zwei.de\/pt-br\/curso-de-alemao-em-berlim\/curso-online-telc-deutsch-b1-b2-c1\/\",\"name\":\"Curso Online telc Deutsch B1-B2-C1 Curso de Prepara\u00e7\u00e3o Produ\u00e7\u00e3o e Escrita de Texto Online\",\"isPartOf\":{\"@id\":\"https:\/\/kapitel-zwei.de\/es\/#website\"},\"datePublished\":\"2020-03-20T17:00:56+00:00\",\"dateModified\":\"2025-07-09T06:39:18+00:00\",\"description\":\"Curso de Prepara\u00e7\u00e3o para o Exame Produ\u00e7\u00e3o e Escrita de Texto Online. Produza tr\u00eas textos para o exame de alem\u00e3o da Telc Deutsch e receba conselhos e corre\u00e7\u00f5es individuais de um instrutor particular.\",\"breadcrumb\":{\"@id\":\"https:\/\/kapitel-zwei.de\/pt-br\/curso-de-alemao-em-berlim\/curso-online-telc-deutsch-b1-b2-c1\/#breadcrumb\"},\"inLanguage\":\"pt-BR\",\"potentialAction\":[{\"@type\":\"ReadAction\",\"target\":[\"https:\/\/kapitel-zwei.de\/pt-br\/curso-de-alemao-em-berlim\/curso-online-telc-deutsch-b1-b2-c1\/\"]}]},{\"@type\":\"BreadcrumbList\",\"@id\":\"https:\/\/kapitel-zwei.de\/pt-br\/curso-de-alemao-em-berlim\/curso-online-telc-deutsch-b1-b2-c1\/#breadcrumb\",\"itemListElement\":[{\"@type\":\"ListItem\",\"position\":1,\"name\":\"Startseite\",\"item\":\"https:\/\/kapitel-zwei.de\/pt-br\/\"},{\"@type\":\"ListItem\",\"position\":2,\"name\":\"Aprenda alem\u00e3o\",\"item\":\"https:\/\/kapitel-zwei.de\/pt-br\/curso-de-alemao-em-berlim\/\"},{\"@type\":\"ListItem\",\"position\":3,\"name\":\"Curso Online: telc Deutsch B1-B2-C1\"}]},{\"@type\":\"WebSite\",\"@id\":\"https:\/\/kapitel-zwei.de\/es\/#website\",\"url\":\"https:\/\/kapitel-zwei.de\/es\/\",\"name\":\"Kapitel Zwei Berlin\",\"description\":\"Deutschkurs Berlin | Sprachschule Berlin | German language school Berlin | telc Berlin | Deutsch Pr\u00fcfung Berlin | Intensive German courses Berlin | TestDaF Pr\u00fcfung | Online Kurse\",\"publisher\":{\"@id\":\"https:\/\/kapitel-zwei.de\/es\/#organization\"},\"potentialAction\":[{\"@type\":\"SearchAction\",\"target\":{\"@type\":\"EntryPoint\",\"urlTemplate\":\"https:\/\/kapitel-zwei.de\/es\/?s={search_term_string}\"},\"query-input\":{\"@type\":\"PropertyValueSpecification\",\"valueRequired\":true,\"valueName\":\"search_term_string\"}}],\"inLanguage\":\"pt-BR\"},{\"@type\":\"Organization\",\"@id\":\"https:\/\/kapitel-zwei.de\/es\/#organization\",\"name\":\"Kapitel Zwei. Deutsch-Sprachschule Berlin GmbH\",\"url\":\"https:\/\/kapitel-zwei.de\/es\/\",\"logo\":{\"@type\":\"ImageObject\",\"inLanguage\":\"pt-BR\",\"@id\":\"https:\/\/kapitel-zwei.de\/es\/#\/schema\/logo\/image\/\",\"url\":\"https:\/\/kapitel-zwei.de\/wp-content\/uploads\/2018\/08\/Kapitel-Zwei-Berlin-Sprachschule-Deutsch-Deutschkurse-Berlin.jpg\",\"contentUrl\":\"https:\/\/kapitel-zwei.de\/wp-content\/uploads\/2018\/08\/Kapitel-Zwei-Berlin-Sprachschule-Deutsch-Deutschkurse-Berlin.jpg\",\"width\":350,\"height\":101,\"caption\":\"Kapitel Zwei. Deutsch-Sprachschule Berlin GmbH\"},\"image\":{\"@id\":\"https:\/\/kapitel-zwei.de\/es\/#\/schema\/logo\/image\/\"},\"sameAs\":[\"https:\/\/www.facebook.com\/kapitelzwei\/\",\"https:\/\/x.com\/kapitelzwei\"]}]}<\/script>\n<!-- \/ Yoast SEO Premium plugin. -->","yoast_head_json":{"title":"Curso Online telc Deutsch B1-B2-C1 Curso de Prepara\u00e7\u00e3o Produ\u00e7\u00e3o e Escrita de Texto Online","description":"Curso de Prepara\u00e7\u00e3o para o Exame Produ\u00e7\u00e3o e Escrita de Texto Online. Produza tr\u00eas textos para o exame de alem\u00e3o da Telc Deutsch e receba conselhos e corre\u00e7\u00f5es individuais de um instrutor particular.","robots":{"index":"index","follow":"nofollow","max-snippet":"max-snippet:-1","max-image-preview":"max-image-preview:large","max-video-preview":"max-video-preview:-1"},"canonical":"https:\/\/kapitel-zwei.de\/pt-br\/curso-de-alemao-em-berlim\/curso-online-telc-deutsch-b1-b2-c1\/","og_locale":"pt_BR","og_type":"article","og_title":"Curso Online: telc Deutsch B1-B2-C1","og_description":"Curso de Prepara\u00e7\u00e3o para o Exame Produ\u00e7\u00e3o e Escrita de Texto Online. Produza tr\u00eas textos para o exame de alem\u00e3o da Telc Deutsch e receba conselhos e corre\u00e7\u00f5es individuais de um instrutor particular.","og_url":"https:\/\/kapitel-zwei.de\/pt-br\/curso-de-alemao-em-berlim\/curso-online-telc-deutsch-b1-b2-c1\/","og_site_name":"Kapitel Zwei Berlin","article_publisher":"https:\/\/www.facebook.com\/kapitelzwei\/","article_modified_time":"2025-07-09T06:39:18+00:00","twitter_card":"summary_large_image","twitter_site":"@kapitelzwei","twitter_misc":{"Est. tempo de leitura":"2 minutos"},"schema":{"@context":"https:\/\/schema.org","@graph":[{"@type":"WebPage","@id":"https:\/\/kapitel-zwei.de\/pt-br\/curso-de-alemao-em-berlim\/curso-online-telc-deutsch-b1-b2-c1\/","url":"https:\/\/kapitel-zwei.de\/pt-br\/curso-de-alemao-em-berlim\/curso-online-telc-deutsch-b1-b2-c1\/","name":"Curso Online telc Deutsch B1-B2-C1 Curso de Prepara\u00e7\u00e3o Produ\u00e7\u00e3o e Escrita de Texto Online","isPartOf":{"@id":"https:\/\/kapitel-zwei.de\/es\/#website"},"datePublished":"2020-03-20T17:00:56+00:00","dateModified":"2025-07-09T06:39:18+00:00","description":"Curso de Prepara\u00e7\u00e3o para o Exame Produ\u00e7\u00e3o e Escrita de Texto Online. Produza tr\u00eas textos para o exame de alem\u00e3o da Telc Deutsch e receba conselhos e corre\u00e7\u00f5es individuais de um instrutor particular.","breadcrumb":{"@id":"https:\/\/kapitel-zwei.de\/pt-br\/curso-de-alemao-em-berlim\/curso-online-telc-deutsch-b1-b2-c1\/#breadcrumb"},"inLanguage":"pt-BR","potentialAction":[{"@type":"ReadAction","target":["https:\/\/kapitel-zwei.de\/pt-br\/curso-de-alemao-em-berlim\/curso-online-telc-deutsch-b1-b2-c1\/"]}]},{"@type":"BreadcrumbList","@id":"https:\/\/kapitel-zwei.de\/pt-br\/curso-de-alemao-em-berlim\/curso-online-telc-deutsch-b1-b2-c1\/#breadcrumb","itemListElement":[{"@type":"ListItem","position":1,"name":"Startseite","item":"https:\/\/kapitel-zwei.de\/pt-br\/"},{"@type":"ListItem","position":2,"name":"Aprenda alem\u00e3o","item":"https:\/\/kapitel-zwei.de\/pt-br\/curso-de-alemao-em-berlim\/"},{"@type":"ListItem","position":3,"name":"Curso Online: telc Deutsch B1-B2-C1"}]},{"@type":"WebSite","@id":"https:\/\/kapitel-zwei.de\/es\/#website","url":"https:\/\/kapitel-zwei.de\/es\/","name":"Kapitel Zwei Berlin","description":"Deutschkurs Berlin | Sprachschule Berlin | German language school Berlin | telc Berlin | Deutsch Pr\u00fcfung Berlin | Intensive German courses Berlin | TestDaF Pr\u00fcfung | Online Kurse","publisher":{"@id":"https:\/\/kapitel-zwei.de\/es\/#organization"},"potentialAction":[{"@type":"SearchAction","target":{"@type":"EntryPoint","urlTemplate":"https:\/\/kapitel-zwei.de\/es\/?s={search_term_string}"},"query-input":{"@type":"PropertyValueSpecification","valueRequired":true,"valueName":"search_term_string"}}],"inLanguage":"pt-BR"},{"@type":"Organization","@id":"https:\/\/kapitel-zwei.de\/es\/#organization","name":"Kapitel Zwei. Deutsch-Sprachschule Berlin GmbH","url":"https:\/\/kapitel-zwei.de\/es\/","logo":{"@type":"ImageObject","inLanguage":"pt-BR","@id":"https:\/\/kapitel-zwei.de\/es\/#\/schema\/logo\/image\/","url":"https:\/\/kapitel-zwei.de\/wp-content\/uploads\/2018\/08\/Kapitel-Zwei-Berlin-Sprachschule-Deutsch-Deutschkurse-Berlin.jpg","contentUrl":"https:\/\/kapitel-zwei.de\/wp-content\/uploads\/2018\/08\/Kapitel-Zwei-Berlin-Sprachschule-Deutsch-Deutschkurse-Berlin.jpg","width":350,"height":101,"caption":"Kapitel Zwei. Deutsch-Sprachschule Berlin GmbH"},"image":{"@id":"https:\/\/kapitel-zwei.de\/es\/#\/schema\/logo\/image\/"},"sameAs":["https:\/\/www.facebook.com\/kapitelzwei\/","https:\/\/x.com\/kapitelzwei"]}]}},"_links":{"self":[{"href":"https:\/\/kapitel-zwei.de\/pt-br\/wp-json\/wp\/v2\/pages\/81396","targetHints":{"allow":["GET"]}}],"collection":[{"href":"https:\/\/kapitel-zwei.de\/pt-br\/wp-json\/wp\/v2\/pages"}],"about":[{"href":"https:\/\/kapitel-zwei.de\/pt-br\/wp-json\/wp\/v2\/types\/page"}],"author":[{"embeddable":true,"href":"https:\/\/kapitel-zwei.de\/pt-br\/wp-json\/wp\/v2\/users\/16"}],"replies":[{"embeddable":true,"href":"https:\/\/kapitel-zwei.de\/pt-br\/wp-json\/wp\/v2\/comments?post=81396"}],"version-history":[{"count":14,"href":"https:\/\/kapitel-zwei.de\/pt-br\/wp-json\/wp\/v2\/pages\/81396\/revisions"}],"predecessor-version":[{"id":124342,"href":"https:\/\/kapitel-zwei.de\/pt-br\/wp-json\/wp\/v2\/pages\/81396\/revisions\/124342"}],"up":[{"embeddable":true,"href":"https:\/\/kapitel-zwei.de\/pt-br\/wp-json\/wp\/v2\/pages\/9226"}],"wp:attachment":[{"href":"https:\/\/kapitel-zwei.de\/pt-br\/wp-json\/wp\/v2\/media?parent=81396"}],"curies":[{"name":"wp","href":"https:\/\/api.w.org\/{rel}","templated":true}]}}