{"id":87385,"date":"2020-06-19T18:23:34","date_gmt":"2020-06-19T16:23:34","guid":{"rendered":"https:\/\/kapitel-zwei.de\/buchung-drei-intensivkurse\/"},"modified":"2025-05-07T11:38:08","modified_gmt":"2025-05-07T09:38:08","slug":"reservas-tres-meses","status":"publish","type":"page","link":"https:\/\/kapitel-zwei.de\/pt-br\/reservas-tres-meses\/","title":{"rendered":"Reservas de 3 meses"},"content":{"rendered":"\n<style type=\"text\/css\" data-created_by=\"avia_inline_auto\" id=\"style-css-av-2o1v6l5-324f98c377a9e55f2ea1e41d2c07f6e5\">\n.flex_column.av-2o1v6l5-324f98c377a9e55f2ea1e41d2c07f6e5{\nborder-radius:0px 0px 0px 0px;\npadding:0px 0px 0px 0px;\n}\n<\/style>\n<div  class='flex_column av-2o1v6l5-324f98c377a9e55f2ea1e41d2c07f6e5 av_two_third  avia-builder-el-0  el_before_av_one_third  avia-builder-el-first  first flex_column_div av-zero-column-padding  '     ><section  class='av_textblock_section av-23gx88p-212bbeb98198baef98024a31fa0c7c50 '   itemscope=\"itemscope\" itemtype=\"https:\/\/schema.org\/CreativeWork\" ><div class='avia_textblock'  itemprop=\"text\" ><h1><span style=\"color: #ff6600;\">Reservas de 3 meses <\/span><\/h1>\n<\/div><\/section><br \/>\n\n<style type=\"text\/css\" data-created_by=\"avia_inline_auto\" id=\"style-css-av-1skxfjt-195b3ced8b155c337b1e1efd19420366\">\n#top .av_textblock_section.av-1skxfjt-195b3ced8b155c337b1e1efd19420366 .avia_textblock{\nfont-size:16px;\n}\n<\/style>\n<section  class='av_textblock_section av-1skxfjt-195b3ced8b155c337b1e1efd19420366 '   itemscope=\"itemscope\" itemtype=\"https:\/\/schema.org\/CreativeWork\" ><div class='avia_textblock'  itemprop=\"text\" ><p>Economize <strong>60 \u20ac<\/strong> e reservando <strong>3 cursos intensivos consecutivos<\/strong> a <strong>299 \u20ac<\/strong> \/ <strong>m\u00eas<\/strong> (4 semanas, Seg-Qui). O pagamento dos tr\u00eas meses deve ser <strong>pago antecipadamente<\/strong> para que o desconto seja v\u00e1lido. Aproveite o melhor pre\u00e7o!<\/p>\n<\/div><\/section><br \/>\n\n<style type=\"text\/css\" data-created_by=\"avia_inline_auto\" id=\"style-css-av-madqwl9g-c88fdc0e81c7b8ebc1950ec588a25497\">\n#top .av_textblock_section.av-madqwl9g-c88fdc0e81c7b8ebc1950ec588a25497 .avia_textblock{\nfont-size:16px;\n}\n<\/style>\n<section  class='av_textblock_section av-madqwl9g-c88fdc0e81c7b8ebc1950ec588a25497 '   itemscope=\"itemscope\" itemtype=\"https:\/\/schema.org\/CreativeWork\" ><div class='avia_textblock'  itemprop=\"text\" ><p>Se voc\u00ea aproveitar a oferta de reserva de 3 meses, esses cursos ser\u00e3o considerados como um \u00fanico curso caso deseje cancelar ou adiar. Portanto, o prazo de 14 dias antes da data de in\u00edcio do\u00a0<strong>primeiro<\/strong>\u00a0curso se aplica.<\/p>\n<\/div><\/section><\/p><\/div>\n<style type=\"text\/css\" data-created_by=\"avia_inline_auto\" id=\"style-css-av-15h6vg9-c897fa82188542ae44d9b8375ed5e2b3\">\n.flex_column.av-15h6vg9-c897fa82188542ae44d9b8375ed5e2b3{\nborder-radius:0px 0px 0px 0px;\npadding:0px 0px 0px 0px;\n}\n<\/style>\n<div  class='flex_column av-15h6vg9-c897fa82188542ae44d9b8375ed5e2b3 av_one_third  avia-builder-el-4  el_after_av_two_third  avia-builder-el-last  flex_column_div av-zero-column-padding  '     ><style type=\"text\/css\" data-created_by=\"avia_inline_auto\" id=\"style-css-av-nyt455-f5f146cacbb3f3808b4d834179043037\">\n.avia-image-container.av-nyt455-f5f146cacbb3f3808b4d834179043037 img.avia_image{\nbox-shadow:none;\n}\n.avia-image-container.av-nyt455-f5f146cacbb3f3808b4d834179043037 .av-image-caption-overlay-center{\ncolor:#ffffff;\n}\n<\/style>\n<div  class='avia-image-container av-nyt455-f5f146cacbb3f3808b4d834179043037 av-styling- avia-align-center  avia-builder-el-5  avia-builder-el-no-sibling '   itemprop=\"image\" itemscope=\"itemscope\" itemtype=\"https:\/\/schema.org\/ImageObject\" ><div class=\"avia-image-container-inner\"><div class=\"avia-image-overlay-wrap\"><img decoding=\"async\" fetchpriority=\"high\" class='wp-image-87088 avia-img-lazy-loading-not-87088 avia_image ' src=\"https:\/\/kapitel-zwei.de\/wp-content\/uploads\/2020\/06\/Buchung-von-3-Intensivkursen-Berlin-696x1030.png\" alt='Buchung von 3 Intensivkursen Berlin' title='Buchung von 3 Intensivkursen Berlin'  height=\"1030\" width=\"696\"  itemprop=\"thumbnailUrl\" srcset=\"https:\/\/kapitel-zwei.de\/wp-content\/uploads\/2020\/06\/Buchung-von-3-Intensivkursen-Berlin-696x1030.png 696w, https:\/\/kapitel-zwei.de\/wp-content\/uploads\/2020\/06\/Buchung-von-3-Intensivkursen-Berlin-54x80.png 54w, https:\/\/kapitel-zwei.de\/wp-content\/uploads\/2020\/06\/Buchung-von-3-Intensivkursen-Berlin-203x300.png 203w, https:\/\/kapitel-zwei.de\/wp-content\/uploads\/2020\/06\/Buchung-von-3-Intensivkursen-Berlin-768x1136.png 768w, https:\/\/kapitel-zwei.de\/wp-content\/uploads\/2020\/06\/Buchung-von-3-Intensivkursen-Berlin-476x705.png 476w, https:\/\/kapitel-zwei.de\/wp-content\/uploads\/2020\/06\/Buchung-von-3-Intensivkursen-Berlin-450x666.png 450w, https:\/\/kapitel-zwei.de\/wp-content\/uploads\/2020\/06\/Buchung-von-3-Intensivkursen-Berlin.png 865w\" sizes=\"(max-width: 696px) 100vw, 696px\" \/><\/div><\/div><\/div><\/div><\/p>\n","protected":false},"excerpt":{"rendered":"","protected":false},"author":16,"featured_media":0,"parent":0,"menu_order":0,"comment_status":"closed","ping_status":"closed","template":"","meta":{"footnotes":""},"class_list":["post-87385","page","type-page","status-publish","hentry"],"yoast_head":"<!-- This site is optimized with the Yoast SEO Premium plugin v24.4 (Yoast SEO v24.4) - https:\/\/yoast.com\/wordpress\/plugins\/seo\/ -->\n<title>Desconto 120 EUR - 3 cursos intensivos Berlim<\/title>\n<meta name=\"description\" content=\"Economize 60\u20ac e reservando 3 cursos intensivos consecutivos (4 semanas, Seg-Qui). O pagamento dos tr\u00eas meses deve ser pago antecipadamente para que o desconto seja v\u00e1lido.\" \/>\n<meta name=\"robots\" content=\"index, follow, max-snippet:-1, max-image-preview:large, max-video-preview:-1\" \/>\n<link rel=\"canonical\" href=\"https:\/\/kapitel-zwei.de\/pt-br\/reservas-tres-meses\/\" \/>\n<meta property=\"og:locale\" content=\"pt_BR\" \/>\n<meta property=\"og:type\" content=\"article\" \/>\n<meta property=\"og:title\" content=\"Reservas de 3 meses\" \/>\n<meta property=\"og:description\" content=\"Economize 60\u20ac e reservando 3 cursos intensivos consecutivos (4 semanas, Seg-Qui). O pagamento dos tr\u00eas meses deve ser pago antecipadamente para que o desconto seja v\u00e1lido.\" \/>\n<meta property=\"og:url\" content=\"https:\/\/kapitel-zwei.de\/pt-br\/reservas-tres-meses\/\" \/>\n<meta property=\"og:site_name\" content=\"Kapitel Zwei Berlin\" \/>\n<meta property=\"article:publisher\" content=\"https:\/\/www.facebook.com\/kapitelzwei\/\" \/>\n<meta property=\"article:modified_time\" content=\"2025-05-07T09:38:08+00:00\" \/>\n<meta name=\"twitter:card\" content=\"summary_large_image\" \/>\n<meta name=\"twitter:site\" content=\"@kapitelzwei\" \/>\n<meta name=\"twitter:label1\" content=\"Est. tempo de leitura\" \/>\n\t<meta name=\"twitter:data1\" content=\"1 minuto\" \/>\n<script type=\"application\/ld+json\" class=\"yoast-schema-graph\">{\"@context\":\"https:\/\/schema.org\",\"@graph\":[{\"@type\":\"WebPage\",\"@id\":\"https:\/\/kapitel-zwei.de\/pt-br\/reservas-tres-meses\/\",\"url\":\"https:\/\/kapitel-zwei.de\/pt-br\/reservas-tres-meses\/\",\"name\":\"Desconto 120 EUR - 3 cursos intensivos Berlim\",\"isPartOf\":{\"@id\":\"https:\/\/kapitel-zwei.de\/es\/#website\"},\"datePublished\":\"2020-06-19T16:23:34+00:00\",\"dateModified\":\"2025-05-07T09:38:08+00:00\",\"description\":\"Economize 60\u20ac e reservando 3 cursos intensivos consecutivos (4 semanas, Seg-Qui). O pagamento dos tr\u00eas meses deve ser pago antecipadamente para que o desconto seja v\u00e1lido.\",\"breadcrumb\":{\"@id\":\"https:\/\/kapitel-zwei.de\/pt-br\/reservas-tres-meses\/#breadcrumb\"},\"inLanguage\":\"pt-BR\",\"potentialAction\":[{\"@type\":\"ReadAction\",\"target\":[\"https:\/\/kapitel-zwei.de\/pt-br\/reservas-tres-meses\/\"]}]},{\"@type\":\"BreadcrumbList\",\"@id\":\"https:\/\/kapitel-zwei.de\/pt-br\/reservas-tres-meses\/#breadcrumb\",\"itemListElement\":[{\"@type\":\"ListItem\",\"position\":1,\"name\":\"Startseite\",\"item\":\"https:\/\/kapitel-zwei.de\/pt-br\/\"},{\"@type\":\"ListItem\",\"position\":2,\"name\":\"Reservas de 3 meses\"}]},{\"@type\":\"WebSite\",\"@id\":\"https:\/\/kapitel-zwei.de\/es\/#website\",\"url\":\"https:\/\/kapitel-zwei.de\/es\/\",\"name\":\"Kapitel Zwei Berlin\",\"description\":\"Deutschkurs Berlin | Sprachschule Berlin | German language school Berlin | telc Berlin | Deutsch Pr\u00fcfung Berlin | Intensive German courses Berlin | TestDaF Pr\u00fcfung | Online Kurse\",\"publisher\":{\"@id\":\"https:\/\/kapitel-zwei.de\/es\/#organization\"},\"potentialAction\":[{\"@type\":\"SearchAction\",\"target\":{\"@type\":\"EntryPoint\",\"urlTemplate\":\"https:\/\/kapitel-zwei.de\/es\/?s={search_term_string}\"},\"query-input\":{\"@type\":\"PropertyValueSpecification\",\"valueRequired\":true,\"valueName\":\"search_term_string\"}}],\"inLanguage\":\"pt-BR\"},{\"@type\":\"Organization\",\"@id\":\"https:\/\/kapitel-zwei.de\/es\/#organization\",\"name\":\"Kapitel Zwei. Deutsch-Sprachschule Berlin GmbH\",\"url\":\"https:\/\/kapitel-zwei.de\/es\/\",\"logo\":{\"@type\":\"ImageObject\",\"inLanguage\":\"pt-BR\",\"@id\":\"https:\/\/kapitel-zwei.de\/es\/#\/schema\/logo\/image\/\",\"url\":\"https:\/\/kapitel-zwei.de\/wp-content\/uploads\/2018\/08\/Kapitel-Zwei-Berlin-Sprachschule-Deutsch-Deutschkurse-Berlin.jpg\",\"contentUrl\":\"https:\/\/kapitel-zwei.de\/wp-content\/uploads\/2018\/08\/Kapitel-Zwei-Berlin-Sprachschule-Deutsch-Deutschkurse-Berlin.jpg\",\"width\":350,\"height\":101,\"caption\":\"Kapitel Zwei. Deutsch-Sprachschule Berlin GmbH\"},\"image\":{\"@id\":\"https:\/\/kapitel-zwei.de\/es\/#\/schema\/logo\/image\/\"},\"sameAs\":[\"https:\/\/www.facebook.com\/kapitelzwei\/\",\"https:\/\/x.com\/kapitelzwei\"]}]}<\/script>\n<!-- \/ Yoast SEO Premium plugin. -->","yoast_head_json":{"title":"Desconto 120 EUR - 3 cursos intensivos Berlim","description":"Economize 60\u20ac e reservando 3 cursos intensivos consecutivos (4 semanas, Seg-Qui). O pagamento dos tr\u00eas meses deve ser pago antecipadamente para que o desconto seja v\u00e1lido.","robots":{"index":"index","follow":"follow","max-snippet":"max-snippet:-1","max-image-preview":"max-image-preview:large","max-video-preview":"max-video-preview:-1"},"canonical":"https:\/\/kapitel-zwei.de\/pt-br\/reservas-tres-meses\/","og_locale":"pt_BR","og_type":"article","og_title":"Reservas de 3 meses","og_description":"Economize 60\u20ac e reservando 3 cursos intensivos consecutivos (4 semanas, Seg-Qui). O pagamento dos tr\u00eas meses deve ser pago antecipadamente para que o desconto seja v\u00e1lido.","og_url":"https:\/\/kapitel-zwei.de\/pt-br\/reservas-tres-meses\/","og_site_name":"Kapitel Zwei Berlin","article_publisher":"https:\/\/www.facebook.com\/kapitelzwei\/","article_modified_time":"2025-05-07T09:38:08+00:00","twitter_card":"summary_large_image","twitter_site":"@kapitelzwei","twitter_misc":{"Est. tempo de leitura":"1 minuto"},"schema":{"@context":"https:\/\/schema.org","@graph":[{"@type":"WebPage","@id":"https:\/\/kapitel-zwei.de\/pt-br\/reservas-tres-meses\/","url":"https:\/\/kapitel-zwei.de\/pt-br\/reservas-tres-meses\/","name":"Desconto 120 EUR - 3 cursos intensivos Berlim","isPartOf":{"@id":"https:\/\/kapitel-zwei.de\/es\/#website"},"datePublished":"2020-06-19T16:23:34+00:00","dateModified":"2025-05-07T09:38:08+00:00","description":"Economize 60\u20ac e reservando 3 cursos intensivos consecutivos (4 semanas, Seg-Qui). O pagamento dos tr\u00eas meses deve ser pago antecipadamente para que o desconto seja v\u00e1lido.","breadcrumb":{"@id":"https:\/\/kapitel-zwei.de\/pt-br\/reservas-tres-meses\/#breadcrumb"},"inLanguage":"pt-BR","potentialAction":[{"@type":"ReadAction","target":["https:\/\/kapitel-zwei.de\/pt-br\/reservas-tres-meses\/"]}]},{"@type":"BreadcrumbList","@id":"https:\/\/kapitel-zwei.de\/pt-br\/reservas-tres-meses\/#breadcrumb","itemListElement":[{"@type":"ListItem","position":1,"name":"Startseite","item":"https:\/\/kapitel-zwei.de\/pt-br\/"},{"@type":"ListItem","position":2,"name":"Reservas de 3 meses"}]},{"@type":"WebSite","@id":"https:\/\/kapitel-zwei.de\/es\/#website","url":"https:\/\/kapitel-zwei.de\/es\/","name":"Kapitel Zwei Berlin","description":"Deutschkurs Berlin | Sprachschule Berlin | German language school Berlin | telc Berlin | Deutsch Pr\u00fcfung Berlin | Intensive German courses Berlin | TestDaF Pr\u00fcfung | Online Kurse","publisher":{"@id":"https:\/\/kapitel-zwei.de\/es\/#organization"},"potentialAction":[{"@type":"SearchAction","target":{"@type":"EntryPoint","urlTemplate":"https:\/\/kapitel-zwei.de\/es\/?s={search_term_string}"},"query-input":{"@type":"PropertyValueSpecification","valueRequired":true,"valueName":"search_term_string"}}],"inLanguage":"pt-BR"},{"@type":"Organization","@id":"https:\/\/kapitel-zwei.de\/es\/#organization","name":"Kapitel Zwei. Deutsch-Sprachschule Berlin GmbH","url":"https:\/\/kapitel-zwei.de\/es\/","logo":{"@type":"ImageObject","inLanguage":"pt-BR","@id":"https:\/\/kapitel-zwei.de\/es\/#\/schema\/logo\/image\/","url":"https:\/\/kapitel-zwei.de\/wp-content\/uploads\/2018\/08\/Kapitel-Zwei-Berlin-Sprachschule-Deutsch-Deutschkurse-Berlin.jpg","contentUrl":"https:\/\/kapitel-zwei.de\/wp-content\/uploads\/2018\/08\/Kapitel-Zwei-Berlin-Sprachschule-Deutsch-Deutschkurse-Berlin.jpg","width":350,"height":101,"caption":"Kapitel Zwei. Deutsch-Sprachschule Berlin GmbH"},"image":{"@id":"https:\/\/kapitel-zwei.de\/es\/#\/schema\/logo\/image\/"},"sameAs":["https:\/\/www.facebook.com\/kapitelzwei\/","https:\/\/x.com\/kapitelzwei"]}]}},"_links":{"self":[{"href":"https:\/\/kapitel-zwei.de\/pt-br\/wp-json\/wp\/v2\/pages\/87385","targetHints":{"allow":["GET"]}}],"collection":[{"href":"https:\/\/kapitel-zwei.de\/pt-br\/wp-json\/wp\/v2\/pages"}],"about":[{"href":"https:\/\/kapitel-zwei.de\/pt-br\/wp-json\/wp\/v2\/types\/page"}],"author":[{"embeddable":true,"href":"https:\/\/kapitel-zwei.de\/pt-br\/wp-json\/wp\/v2\/users\/16"}],"replies":[{"embeddable":true,"href":"https:\/\/kapitel-zwei.de\/pt-br\/wp-json\/wp\/v2\/comments?post=87385"}],"version-history":[{"count":18,"href":"https:\/\/kapitel-zwei.de\/pt-br\/wp-json\/wp\/v2\/pages\/87385\/revisions"}],"predecessor-version":[{"id":123308,"href":"https:\/\/kapitel-zwei.de\/pt-br\/wp-json\/wp\/v2\/pages\/87385\/revisions\/123308"}],"wp:attachment":[{"href":"https:\/\/kapitel-zwei.de\/pt-br\/wp-json\/wp\/v2\/media?parent=87385"}],"curies":[{"name":"wp","href":"https:\/\/api.w.org\/{rel}","templated":true}]}}