{"id":87415,"date":"2020-06-19T18:20:16","date_gmt":"2020-06-19T16:20:16","guid":{"rendered":"https:\/\/kapitel-zwei.de\/intensivkurs-mit-spezialkurs\/"},"modified":"2021-09-08T15:24:03","modified_gmt":"2021-09-08T13:24:03","slug":"reserva-com-curso-especial","status":"publish","type":"page","link":"https:\/\/kapitel-zwei.de\/pt-br\/reserva-com-curso-especial\/","title":{"rendered":"Reserva com curso especial"},"content":{"rendered":"\n<style type=\"text\/css\" data-created_by=\"avia_inline_auto\" id=\"style-css-av-ktbik6wd-3cc35c829dc984c6f63168ae7bef8f6c\">\n.flex_column.av-ktbik6wd-3cc35c829dc984c6f63168ae7bef8f6c{\nborder-radius:0px 0px 0px 0px;\npadding:15px 15px 15px 15px;\nbackground-color:#dfffdd;\n}\n<\/style>\n<div  class='flex_column av-ktbik6wd-3cc35c829dc984c6f63168ae7bef8f6c av_one_full  avia-builder-el-0  el_before_av_two_third  avia-builder-el-first  first flex_column_div  '     ><section  class='av_textblock_section av-ktbiitab-83ac3968fc68904f853bbcef3c48b4e5 '   itemscope=\"itemscope\" itemtype=\"https:\/\/schema.org\/CreativeWork\" ><div class='avia_textblock'  itemprop=\"text\" ><p>A partir de 1\u00ba de outubro de 2021, n\u00e3o haver\u00e1 mais esta oferta. Portanto, aproveite e reserve seu curso agora para &#8220;a partir de outubro de 2021&#8221;.<\/p>\n<\/div><\/section><\/div>\n<style type=\"text\/css\" data-created_by=\"avia_inline_auto\" id=\"style-css-av-2f8w053-c28c13d5e0946d6296343f2ecceec6bc\">\n.flex_column.av-2f8w053-c28c13d5e0946d6296343f2ecceec6bc{\nborder-radius:0px 0px 0px 0px;\npadding:0px 0px 0px 0px;\n}\n<\/style>\n<div  class='flex_column av-2f8w053-c28c13d5e0946d6296343f2ecceec6bc av_two_third  avia-builder-el-2  el_after_av_one_full  el_before_av_one_third  first flex_column_div av-zero-column-padding  column-top-margin'     ><section  class='av_textblock_section av-22yn7zr-7b547217f95900cddb72c65528f21fa4 '   itemscope=\"itemscope\" itemtype=\"https:\/\/schema.org\/CreativeWork\" ><div class='avia_textblock'  itemprop=\"text\" ><h1><span style=\"color: #ff6600;\">Reserva com curso especial<\/span><\/h1>\n<h2><span style=\"color: #ff6600;\">Economize 20 \u20ac !<\/span><\/h2>\n<\/div><\/section><br \/>\n\n<style type=\"text\/css\" data-created_by=\"avia_inline_auto\" id=\"style-css-av-5xm253-140b39e8689a8564d2ad4a8d279490cd\">\n#top .av_textblock_section.av-5xm253-140b39e8689a8564d2ad4a8d279490cd .avia_textblock{\nfont-size:16px;\n}\n<\/style>\n<section  class='av_textblock_section av-5xm253-140b39e8689a8564d2ad4a8d279490cd '   itemscope=\"itemscope\" itemtype=\"https:\/\/schema.org\/CreativeWork\" ><div class='avia_textblock'  itemprop=\"text\" ><p>Economize <strong>20\u20ac<\/strong> no pre\u00e7o regular do curso, adicionando um dos nossos cursos especiais (por exemplo: <a href=\"https:\/\/kapitel-zwei.de\/pt-br\/curso-de-alemao-em-berlim\/curso-de-conversacao-alemao\/\">conversa\u00e7\u00e3o<\/a>, <a href=\"https:\/\/kapitel-zwei.de\/pt-br\/curso-de-alemao-em-berlim\/curso-de-gramatica-alemao\/\">gram\u00e1tica<\/a> ou <a href=\"https:\/\/kapitel-zwei.de\/pt-br\/curso-de-alemao-em-berlim\/curso-pronuncia-alemao\/\">fon\u00e9tica<\/a>). Nessa oferta, voc\u00ea pode cancelar seus cursos at\u00e9 7 dias antes do in\u00edcio do curso, por escrito, por e-mail. Em seguida, reembolsaremos 80% das taxas de seus cursos. At\u00e9 3 dias antes do in\u00edcio do curso, voc\u00ea pode remarcar suas aulas uma \u00fanica vez para um outro m\u00eas.<\/p>\n<\/div><\/section><\/p><\/div><\/p>\n\n<style type=\"text\/css\" data-created_by=\"avia_inline_auto\" id=\"style-css-av-13r17x3-9d763106e10b1b2e8767a1645e13d2d4\">\n.flex_column.av-13r17x3-9d763106e10b1b2e8767a1645e13d2d4{\nborder-radius:0px 0px 0px 0px;\npadding:0px 0px 0px 0px;\n}\n<\/style>\n<div  class='flex_column av-13r17x3-9d763106e10b1b2e8767a1645e13d2d4 av_one_third  avia-builder-el-5  el_after_av_two_third  avia-builder-el-last  flex_column_div av-zero-column-padding  column-top-margin'     ><style type=\"text\/css\" data-created_by=\"avia_inline_auto\" id=\"style-css-av-nvpntj-e80de0cbcc45cbb82673d1babc3e0ae6\">\n.avia-image-container.av-nvpntj-e80de0cbcc45cbb82673d1babc3e0ae6 img.avia_image{\nbox-shadow:none;\n}\n.avia-image-container.av-nvpntj-e80de0cbcc45cbb82673d1babc3e0ae6 .av-image-caption-overlay-center{\ncolor:#ffffff;\n}\n<\/style>\n<div  class='avia-image-container av-nvpntj-e80de0cbcc45cbb82673d1babc3e0ae6 av-styling- avia-align-center  avia-builder-el-6  avia-builder-el-no-sibling '   itemprop=\"image\" itemscope=\"itemscope\" itemtype=\"https:\/\/schema.org\/ImageObject\" ><div class=\"avia-image-container-inner\"><div class=\"avia-image-overlay-wrap\"><img decoding=\"async\" fetchpriority=\"high\" class='wp-image-87076 avia-img-lazy-loading-not-87076 avia_image ' src=\"https:\/\/kapitel-zwei.de\/wp-content\/uploads\/2020\/06\/Buchung-mit-Spezialkurs-Spare-20-EUR.jpg\" alt='Buchung mit Spezialkurs Spare 20 EUR' title='Buchung mit Spezialkurs Spare 20 EUR'  height=\"490\" width=\"640\"  itemprop=\"thumbnailUrl\" srcset=\"https:\/\/kapitel-zwei.de\/wp-content\/uploads\/2020\/06\/Buchung-mit-Spezialkurs-Spare-20-EUR.jpg 640w, https:\/\/kapitel-zwei.de\/wp-content\/uploads\/2020\/06\/Buchung-mit-Spezialkurs-Spare-20-EUR-80x61.jpg 80w, https:\/\/kapitel-zwei.de\/wp-content\/uploads\/2020\/06\/Buchung-mit-Spezialkurs-Spare-20-EUR-300x230.jpg 300w, https:\/\/kapitel-zwei.de\/wp-content\/uploads\/2020\/06\/Buchung-mit-Spezialkurs-Spare-20-EUR-450x345.jpg 450w\" sizes=\"(max-width: 640px) 100vw, 640px\" \/><\/div><\/div><\/div><\/div>\n","protected":false},"excerpt":{"rendered":"","protected":false},"author":16,"featured_media":0,"parent":0,"menu_order":0,"comment_status":"closed","ping_status":"closed","template":"","meta":{"footnotes":""},"class_list":["post-87415","page","type-page","status-publish","hentry"],"yoast_head":"<!-- This site is optimized with the Yoast SEO Premium plugin v24.4 (Yoast SEO v24.4) - https:\/\/yoast.com\/wordpress\/plugins\/seo\/ -->\n<title>Desconto 20 EUR - Curso intensivo com curso especial Berlim<\/title>\n<meta name=\"description\" content=\"economize 20\u20ac no pre\u00e7o regular do curso, adicionando um dos nossos cursos especiais (por exemplo: conversa\u00e7\u00e3o, gram\u00e1tica ou fon\u00e9tica).\" \/>\n<meta name=\"robots\" content=\"index, follow, max-snippet:-1, max-image-preview:large, max-video-preview:-1\" \/>\n<link rel=\"canonical\" href=\"https:\/\/www.kapitel-zwei.de\/pt-br\/reserva-com-curso-especial\/\" \/>\n<meta property=\"og:locale\" content=\"pt_BR\" \/>\n<meta property=\"og:type\" content=\"article\" \/>\n<meta property=\"og:title\" content=\"Reserva com curso especial\" \/>\n<meta property=\"og:description\" content=\"economize 20\u20ac no pre\u00e7o regular do curso, adicionando um dos nossos cursos especiais (por exemplo: conversa\u00e7\u00e3o, gram\u00e1tica ou fon\u00e9tica).\" \/>\n<meta property=\"og:url\" content=\"https:\/\/www.kapitel-zwei.de\/pt-br\/reserva-com-curso-especial\/\" \/>\n<meta property=\"og:site_name\" content=\"Kapitel Zwei Berlin\" \/>\n<meta property=\"article:publisher\" content=\"https:\/\/www.facebook.com\/kapitelzwei\/\" \/>\n<meta property=\"article:modified_time\" content=\"2021-09-08T13:24:03+00:00\" \/>\n<meta name=\"twitter:card\" content=\"summary_large_image\" \/>\n<meta name=\"twitter:site\" content=\"@kapitelzwei\" \/>\n<meta name=\"twitter:label1\" content=\"Est. tempo de leitura\" \/>\n\t<meta name=\"twitter:data1\" content=\"2 minutos\" \/>\n<script type=\"application\/ld+json\" class=\"yoast-schema-graph\">{\"@context\":\"https:\/\/schema.org\",\"@graph\":[{\"@type\":\"WebPage\",\"@id\":\"https:\/\/www.kapitel-zwei.de\/pt-br\/reserva-com-curso-especial\/\",\"url\":\"https:\/\/www.kapitel-zwei.de\/pt-br\/reserva-com-curso-especial\/\",\"name\":\"Desconto 20 EUR - Curso intensivo com curso especial Berlim\",\"isPartOf\":{\"@id\":\"https:\/\/kapitel-zwei.de\/es\/#website\"},\"datePublished\":\"2020-06-19T16:20:16+00:00\",\"dateModified\":\"2021-09-08T13:24:03+00:00\",\"description\":\"economize 20\u20ac no pre\u00e7o regular do curso, adicionando um dos nossos cursos especiais (por exemplo: conversa\u00e7\u00e3o, gram\u00e1tica ou fon\u00e9tica).\",\"breadcrumb\":{\"@id\":\"https:\/\/www.kapitel-zwei.de\/pt-br\/reserva-com-curso-especial\/#breadcrumb\"},\"inLanguage\":\"pt-BR\",\"potentialAction\":[{\"@type\":\"ReadAction\",\"target\":[\"https:\/\/www.kapitel-zwei.de\/pt-br\/reserva-com-curso-especial\/\"]}]},{\"@type\":\"BreadcrumbList\",\"@id\":\"https:\/\/www.kapitel-zwei.de\/pt-br\/reserva-com-curso-especial\/#breadcrumb\",\"itemListElement\":[{\"@type\":\"ListItem\",\"position\":1,\"name\":\"Startseite\",\"item\":\"https:\/\/kapitel-zwei.de\/pt-br\/\"},{\"@type\":\"ListItem\",\"position\":2,\"name\":\"Reserva com curso especial\"}]},{\"@type\":\"WebSite\",\"@id\":\"https:\/\/kapitel-zwei.de\/es\/#website\",\"url\":\"https:\/\/kapitel-zwei.de\/es\/\",\"name\":\"Kapitel Zwei Berlin\",\"description\":\"Deutschkurs Berlin | Sprachschule Berlin | German language school Berlin | telc Berlin | Deutsch Pr\u00fcfung Berlin | Intensive German courses Berlin | TestDaF Pr\u00fcfung | Online Kurse\",\"publisher\":{\"@id\":\"https:\/\/kapitel-zwei.de\/es\/#organization\"},\"potentialAction\":[{\"@type\":\"SearchAction\",\"target\":{\"@type\":\"EntryPoint\",\"urlTemplate\":\"https:\/\/kapitel-zwei.de\/es\/?s={search_term_string}\"},\"query-input\":{\"@type\":\"PropertyValueSpecification\",\"valueRequired\":true,\"valueName\":\"search_term_string\"}}],\"inLanguage\":\"pt-BR\"},{\"@type\":\"Organization\",\"@id\":\"https:\/\/kapitel-zwei.de\/es\/#organization\",\"name\":\"Kapitel Zwei. Deutsch-Sprachschule Berlin GmbH\",\"url\":\"https:\/\/kapitel-zwei.de\/es\/\",\"logo\":{\"@type\":\"ImageObject\",\"inLanguage\":\"pt-BR\",\"@id\":\"https:\/\/kapitel-zwei.de\/es\/#\/schema\/logo\/image\/\",\"url\":\"https:\/\/kapitel-zwei.de\/wp-content\/uploads\/2018\/08\/Kapitel-Zwei-Berlin-Sprachschule-Deutsch-Deutschkurse-Berlin.jpg\",\"contentUrl\":\"https:\/\/kapitel-zwei.de\/wp-content\/uploads\/2018\/08\/Kapitel-Zwei-Berlin-Sprachschule-Deutsch-Deutschkurse-Berlin.jpg\",\"width\":350,\"height\":101,\"caption\":\"Kapitel Zwei. Deutsch-Sprachschule Berlin GmbH\"},\"image\":{\"@id\":\"https:\/\/kapitel-zwei.de\/es\/#\/schema\/logo\/image\/\"},\"sameAs\":[\"https:\/\/www.facebook.com\/kapitelzwei\/\",\"https:\/\/x.com\/kapitelzwei\"]}]}<\/script>\n<!-- \/ Yoast SEO Premium plugin. -->","yoast_head_json":{"title":"Desconto 20 EUR - Curso intensivo com curso especial Berlim","description":"economize 20\u20ac no pre\u00e7o regular do curso, adicionando um dos nossos cursos especiais (por exemplo: conversa\u00e7\u00e3o, gram\u00e1tica ou fon\u00e9tica).","robots":{"index":"index","follow":"follow","max-snippet":"max-snippet:-1","max-image-preview":"max-image-preview:large","max-video-preview":"max-video-preview:-1"},"canonical":"https:\/\/www.kapitel-zwei.de\/pt-br\/reserva-com-curso-especial\/","og_locale":"pt_BR","og_type":"article","og_title":"Reserva com curso especial","og_description":"economize 20\u20ac no pre\u00e7o regular do curso, adicionando um dos nossos cursos especiais (por exemplo: conversa\u00e7\u00e3o, gram\u00e1tica ou fon\u00e9tica).","og_url":"https:\/\/www.kapitel-zwei.de\/pt-br\/reserva-com-curso-especial\/","og_site_name":"Kapitel Zwei Berlin","article_publisher":"https:\/\/www.facebook.com\/kapitelzwei\/","article_modified_time":"2021-09-08T13:24:03+00:00","twitter_card":"summary_large_image","twitter_site":"@kapitelzwei","twitter_misc":{"Est. tempo de leitura":"2 minutos"},"schema":{"@context":"https:\/\/schema.org","@graph":[{"@type":"WebPage","@id":"https:\/\/www.kapitel-zwei.de\/pt-br\/reserva-com-curso-especial\/","url":"https:\/\/www.kapitel-zwei.de\/pt-br\/reserva-com-curso-especial\/","name":"Desconto 20 EUR - Curso intensivo com curso especial Berlim","isPartOf":{"@id":"https:\/\/kapitel-zwei.de\/es\/#website"},"datePublished":"2020-06-19T16:20:16+00:00","dateModified":"2021-09-08T13:24:03+00:00","description":"economize 20\u20ac no pre\u00e7o regular do curso, adicionando um dos nossos cursos especiais (por exemplo: conversa\u00e7\u00e3o, gram\u00e1tica ou fon\u00e9tica).","breadcrumb":{"@id":"https:\/\/www.kapitel-zwei.de\/pt-br\/reserva-com-curso-especial\/#breadcrumb"},"inLanguage":"pt-BR","potentialAction":[{"@type":"ReadAction","target":["https:\/\/www.kapitel-zwei.de\/pt-br\/reserva-com-curso-especial\/"]}]},{"@type":"BreadcrumbList","@id":"https:\/\/www.kapitel-zwei.de\/pt-br\/reserva-com-curso-especial\/#breadcrumb","itemListElement":[{"@type":"ListItem","position":1,"name":"Startseite","item":"https:\/\/kapitel-zwei.de\/pt-br\/"},{"@type":"ListItem","position":2,"name":"Reserva com curso especial"}]},{"@type":"WebSite","@id":"https:\/\/kapitel-zwei.de\/es\/#website","url":"https:\/\/kapitel-zwei.de\/es\/","name":"Kapitel Zwei Berlin","description":"Deutschkurs Berlin | Sprachschule Berlin | German language school Berlin | telc Berlin | Deutsch Pr\u00fcfung Berlin | Intensive German courses Berlin | TestDaF Pr\u00fcfung | Online Kurse","publisher":{"@id":"https:\/\/kapitel-zwei.de\/es\/#organization"},"potentialAction":[{"@type":"SearchAction","target":{"@type":"EntryPoint","urlTemplate":"https:\/\/kapitel-zwei.de\/es\/?s={search_term_string}"},"query-input":{"@type":"PropertyValueSpecification","valueRequired":true,"valueName":"search_term_string"}}],"inLanguage":"pt-BR"},{"@type":"Organization","@id":"https:\/\/kapitel-zwei.de\/es\/#organization","name":"Kapitel Zwei. Deutsch-Sprachschule Berlin GmbH","url":"https:\/\/kapitel-zwei.de\/es\/","logo":{"@type":"ImageObject","inLanguage":"pt-BR","@id":"https:\/\/kapitel-zwei.de\/es\/#\/schema\/logo\/image\/","url":"https:\/\/kapitel-zwei.de\/wp-content\/uploads\/2018\/08\/Kapitel-Zwei-Berlin-Sprachschule-Deutsch-Deutschkurse-Berlin.jpg","contentUrl":"https:\/\/kapitel-zwei.de\/wp-content\/uploads\/2018\/08\/Kapitel-Zwei-Berlin-Sprachschule-Deutsch-Deutschkurse-Berlin.jpg","width":350,"height":101,"caption":"Kapitel Zwei. Deutsch-Sprachschule Berlin GmbH"},"image":{"@id":"https:\/\/kapitel-zwei.de\/es\/#\/schema\/logo\/image\/"},"sameAs":["https:\/\/www.facebook.com\/kapitelzwei\/","https:\/\/x.com\/kapitelzwei"]}]}},"_links":{"self":[{"href":"https:\/\/kapitel-zwei.de\/pt-br\/wp-json\/wp\/v2\/pages\/87415","targetHints":{"allow":["GET"]}}],"collection":[{"href":"https:\/\/kapitel-zwei.de\/pt-br\/wp-json\/wp\/v2\/pages"}],"about":[{"href":"https:\/\/kapitel-zwei.de\/pt-br\/wp-json\/wp\/v2\/types\/page"}],"author":[{"embeddable":true,"href":"https:\/\/kapitel-zwei.de\/pt-br\/wp-json\/wp\/v2\/users\/16"}],"replies":[{"embeddable":true,"href":"https:\/\/kapitel-zwei.de\/pt-br\/wp-json\/wp\/v2\/comments?post=87415"}],"version-history":[{"count":4,"href":"https:\/\/kapitel-zwei.de\/pt-br\/wp-json\/wp\/v2\/pages\/87415\/revisions"}],"predecessor-version":[{"id":101267,"href":"https:\/\/kapitel-zwei.de\/pt-br\/wp-json\/wp\/v2\/pages\/87415\/revisions\/101267"}],"wp:attachment":[{"href":"https:\/\/kapitel-zwei.de\/pt-br\/wp-json\/wp\/v2\/media?parent=87415"}],"curies":[{"name":"wp","href":"https:\/\/api.w.org\/{rel}","templated":true}]}}