{"id":87507,"date":"2020-06-18T15:33:42","date_gmt":"2020-06-18T13:33:42","guid":{"rendered":"https:\/\/kapitel-zwei.de\/classic-tarif\/"},"modified":"2026-03-19T13:27:08","modified_gmt":"2026-03-19T12:27:08","slug":"oferta-classic","status":"publish","type":"page","link":"https:\/\/kapitel-zwei.de\/pt-br\/oferta-classic\/","title":{"rendered":"Oferta CLASSIC"},"content":{"rendered":"\n<style type=\"text\/css\" data-created_by=\"avia_inline_auto\" id=\"style-css-av-2iriwkz-bba64f60b17685f15b267760520f9966\">\n.flex_column.av-2iriwkz-bba64f60b17685f15b267760520f9966{\nborder-radius:0px 0px 0px 0px;\npadding:0px 0px 0px 0px;\n}\n<\/style>\n<div  class='flex_column av-2iriwkz-bba64f60b17685f15b267760520f9966 av_two_third  avia-builder-el-0  el_before_av_one_third  avia-builder-el-first  first flex_column_div av-zero-column-padding  '     ><section  class='av_textblock_section av-81cecz-d620ee86c605cdd50834e02c37bf3f1c '   itemscope=\"itemscope\" itemtype=\"https:\/\/schema.org\/CreativeWork\" ><div class='avia_textblock'  itemprop=\"text\" ><h1><span style=\"color: #ff6600;\">Oferta CLASSIC <\/span><\/h1>\n<h2><span style=\"color: #ff6600;\">Pre\u00e7o regular do curso<\/span><\/h2>\n<\/div><\/section><br \/>\n\n<style type=\"text\/css\" data-created_by=\"avia_inline_auto\" id=\"style-css-av-1ljh7f7-f123bba6f2682a1936ba6467630a9067\">\n#top .av_textblock_section.av-1ljh7f7-f123bba6f2682a1936ba6467630a9067 .avia_textblock{\nfont-size:16px;\n}\n<\/style>\n<section  class='av_textblock_section av-1ljh7f7-f123bba6f2682a1936ba6467630a9067 '   itemscope=\"itemscope\" itemtype=\"https:\/\/schema.org\/CreativeWork\" ><div class='avia_textblock'  itemprop=\"text\" ><p class=\"my-2 &#091;&amp;+p&#093;:mt-4 &#091;&amp;_strong:has(+br)&#093;:inline-block &#091;&amp;_strong:has(+br)&#093;:pb-2\"><strong>Cancelamento<\/strong><br \/>\nNa tarifa de curso cl\u00e1ssico, voc\u00ea pode cancelar o seu curso at\u00e9 14 dias antes do in\u00edcio por e-mail. Reembolsaremos ent\u00e3o 80% das taxas do curso. Ap\u00f3s esse prazo, qualquer forma de cancelamento, adiamento ou reembolso est\u00e1 exclu\u00edda.<\/p>\n<p class=\"my-2 &#091;&amp;+p&#093;:mt-4 &#091;&amp;_strong:has(+br)&#093;:inline-block &#091;&amp;_strong:has(+br)&#093;:pb-2\"><strong>Remarca\u00e7\u00e3o<\/strong><br \/>\nNa tarifa de curso cl\u00e1ssico, voc\u00ea pode remarcar o seu curso uma vez at\u00e9 14 dias antes do in\u00edcio por e-mail. N\u00e3o haver\u00e1 uma segunda remarca\u00e7\u00e3o nem exce\u00e7\u00f5es. Reembolsaremos ent\u00e3o 80% das taxas do curso.<\/p>\n<p class=\"my-2 &#091;&amp;+p&#093;:mt-4 &#091;&amp;_strong:has(+br)&#093;:inline-block &#091;&amp;_strong:has(+br)&#093;:pb-2\">As outras tarifas n\u00e3o incluem remarca\u00e7\u00e3o nem cancelamento.<br \/>\nA Kapitel Zwei n\u00e3o cobre taxas de transfer\u00eancia<\/p>\n<\/div><\/section><\/p><\/div>\n<style type=\"text\/css\" data-created_by=\"avia_inline_auto\" id=\"style-css-av-1360mc3-b0d7fe5d0aaf6583c02ad01bbc5afbf6\">\n.flex_column.av-1360mc3-b0d7fe5d0aaf6583c02ad01bbc5afbf6{\nborder-radius:0px 0px 0px 0px;\npadding:0px 0px 0px 0px;\n}\n<\/style>\n<div  class='flex_column av-1360mc3-b0d7fe5d0aaf6583c02ad01bbc5afbf6 av_one_third  avia-builder-el-3  el_after_av_two_third  avia-builder-el-last  flex_column_div av-zero-column-padding  '     ><style type=\"text\/css\" data-created_by=\"avia_inline_auto\" id=\"style-css-av-wekh2r-b33ec1182af8feb55bbd2873df3bb221\">\n.avia-image-container.av-wekh2r-b33ec1182af8feb55bbd2873df3bb221 img.avia_image{\nbox-shadow:none;\n}\n.avia-image-container.av-wekh2r-b33ec1182af8feb55bbd2873df3bb221 .av-image-caption-overlay-center{\ncolor:#ffffff;\n}\n<\/style>\n<div  class='avia-image-container av-wekh2r-b33ec1182af8feb55bbd2873df3bb221 av-styling- avia-align-center  avia-builder-el-4  avia-builder-el-no-sibling '   itemprop=\"image\" itemscope=\"itemscope\" itemtype=\"https:\/\/schema.org\/ImageObject\" ><div class=\"avia-image-container-inner\"><div class=\"avia-image-overlay-wrap\"><img decoding=\"async\" fetchpriority=\"high\" class='wp-image-86902 avia-img-lazy-loading-not-86902 avia_image ' src=\"https:\/\/kapitel-zwei.de\/wp-content\/uploads\/2020\/06\/Classic-Tarif-Deutschkurs-Berlin-1030x686.jpg\" alt='Classic Tarif Deutschkurs Berlin' title='Classic Tarif Deutschkurs Berlin'  height=\"686\" width=\"1030\"  itemprop=\"thumbnailUrl\" srcset=\"https:\/\/kapitel-zwei.de\/wp-content\/uploads\/2020\/06\/Classic-Tarif-Deutschkurs-Berlin-1030x686.jpg 1030w, https:\/\/kapitel-zwei.de\/wp-content\/uploads\/2020\/06\/Classic-Tarif-Deutschkurs-Berlin-80x53.jpg 80w, https:\/\/kapitel-zwei.de\/wp-content\/uploads\/2020\/06\/Classic-Tarif-Deutschkurs-Berlin-300x200.jpg 300w, https:\/\/kapitel-zwei.de\/wp-content\/uploads\/2020\/06\/Classic-Tarif-Deutschkurs-Berlin-768x512.jpg 768w, https:\/\/kapitel-zwei.de\/wp-content\/uploads\/2020\/06\/Classic-Tarif-Deutschkurs-Berlin-705x470.jpg 705w, https:\/\/kapitel-zwei.de\/wp-content\/uploads\/2020\/06\/Classic-Tarif-Deutschkurs-Berlin-450x300.jpg 450w, https:\/\/kapitel-zwei.de\/wp-content\/uploads\/2020\/06\/Classic-Tarif-Deutschkurs-Berlin.jpg 1280w\" sizes=\"(max-width: 1030px) 100vw, 1030px\" \/><\/div><\/div><\/div><\/div><\/p>\n","protected":false},"excerpt":{"rendered":"","protected":false},"author":16,"featured_media":0,"parent":0,"menu_order":0,"comment_status":"closed","ping_status":"closed","template":"","meta":{"footnotes":""},"class_list":["post-87507","page","type-page","status-publish","hentry"],"yoast_head":"<!-- This site is optimized with the Yoast SEO Premium plugin v24.4 (Yoast SEO v24.4) - https:\/\/yoast.com\/wordpress\/plugins\/seo\/ -->\n<title>Oferta CLASSIC - Kapitel Zwei Berlin<\/title>\n<meta name=\"description\" content=\"Recomendamos esta tarifa aos que n\u00e3o queiram dispensar os nossos servi\u00e7os e comodidades habituais e queiram uma certa flexibilidade, j\u00e1 que os cursos nesta oferta podem ser remarcados ou cancelados por uma pequena taxa de acordo com os nossos termos e condi\u00e7\u00f5es.\" \/>\n<meta name=\"robots\" content=\"index, follow, max-snippet:-1, max-image-preview:large, max-video-preview:-1\" \/>\n<link rel=\"canonical\" href=\"https:\/\/kapitel-zwei.de\/pt-br\/oferta-classic\/\" \/>\n<meta property=\"og:locale\" content=\"pt_BR\" \/>\n<meta property=\"og:type\" content=\"article\" \/>\n<meta property=\"og:title\" content=\"Oferta CLASSIC\" \/>\n<meta property=\"og:description\" content=\"Recomendamos esta tarifa aos que n\u00e3o queiram dispensar os nossos servi\u00e7os e comodidades habituais e queiram uma certa flexibilidade, j\u00e1 que os cursos nesta oferta podem ser remarcados ou cancelados por uma pequena taxa de acordo com os nossos termos e condi\u00e7\u00f5es.\" \/>\n<meta property=\"og:url\" content=\"https:\/\/kapitel-zwei.de\/pt-br\/oferta-classic\/\" \/>\n<meta property=\"og:site_name\" content=\"Kapitel Zwei Berlin\" \/>\n<meta property=\"article:publisher\" content=\"https:\/\/www.facebook.com\/kapitelzwei\/\" \/>\n<meta property=\"article:modified_time\" content=\"2026-03-19T12:27:08+00:00\" \/>\n<meta name=\"twitter:card\" content=\"summary_large_image\" \/>\n<meta name=\"twitter:site\" content=\"@kapitelzwei\" \/>\n<meta name=\"twitter:label1\" content=\"Est. tempo de leitura\" \/>\n\t<meta name=\"twitter:data1\" content=\"1 minuto\" \/>\n<script type=\"application\/ld+json\" class=\"yoast-schema-graph\">{\"@context\":\"https:\/\/schema.org\",\"@graph\":[{\"@type\":\"WebPage\",\"@id\":\"https:\/\/kapitel-zwei.de\/pt-br\/oferta-classic\/\",\"url\":\"https:\/\/kapitel-zwei.de\/pt-br\/oferta-classic\/\",\"name\":\"Oferta CLASSIC - Kapitel Zwei Berlin\",\"isPartOf\":{\"@id\":\"https:\/\/kapitel-zwei.de\/es\/#website\"},\"datePublished\":\"2020-06-18T13:33:42+00:00\",\"dateModified\":\"2026-03-19T12:27:08+00:00\",\"description\":\"Recomendamos esta tarifa aos que n\u00e3o queiram dispensar os nossos servi\u00e7os e comodidades habituais e queiram uma certa flexibilidade, j\u00e1 que os cursos nesta oferta podem ser remarcados ou cancelados por uma pequena taxa de acordo com os nossos termos e condi\u00e7\u00f5es.\",\"breadcrumb\":{\"@id\":\"https:\/\/kapitel-zwei.de\/pt-br\/oferta-classic\/#breadcrumb\"},\"inLanguage\":\"pt-BR\",\"potentialAction\":[{\"@type\":\"ReadAction\",\"target\":[\"https:\/\/kapitel-zwei.de\/pt-br\/oferta-classic\/\"]}]},{\"@type\":\"BreadcrumbList\",\"@id\":\"https:\/\/kapitel-zwei.de\/pt-br\/oferta-classic\/#breadcrumb\",\"itemListElement\":[{\"@type\":\"ListItem\",\"position\":1,\"name\":\"Startseite\",\"item\":\"https:\/\/kapitel-zwei.de\/pt-br\/\"},{\"@type\":\"ListItem\",\"position\":2,\"name\":\"Oferta CLASSIC\"}]},{\"@type\":\"WebSite\",\"@id\":\"https:\/\/kapitel-zwei.de\/es\/#website\",\"url\":\"https:\/\/kapitel-zwei.de\/es\/\",\"name\":\"Kapitel Zwei Berlin\",\"description\":\"Deutschkurs Berlin | Sprachschule Berlin | German language school Berlin | telc Berlin | Deutsch Pr\u00fcfung Berlin | Intensive German courses Berlin | TestDaF Pr\u00fcfung | Online Kurse\",\"publisher\":{\"@id\":\"https:\/\/kapitel-zwei.de\/es\/#organization\"},\"potentialAction\":[{\"@type\":\"SearchAction\",\"target\":{\"@type\":\"EntryPoint\",\"urlTemplate\":\"https:\/\/kapitel-zwei.de\/es\/?s={search_term_string}\"},\"query-input\":{\"@type\":\"PropertyValueSpecification\",\"valueRequired\":true,\"valueName\":\"search_term_string\"}}],\"inLanguage\":\"pt-BR\"},{\"@type\":\"Organization\",\"@id\":\"https:\/\/kapitel-zwei.de\/es\/#organization\",\"name\":\"Kapitel Zwei. Deutsch-Sprachschule Berlin GmbH\",\"url\":\"https:\/\/kapitel-zwei.de\/es\/\",\"logo\":{\"@type\":\"ImageObject\",\"inLanguage\":\"pt-BR\",\"@id\":\"https:\/\/kapitel-zwei.de\/es\/#\/schema\/logo\/image\/\",\"url\":\"https:\/\/kapitel-zwei.de\/wp-content\/uploads\/2018\/08\/Kapitel-Zwei-Berlin-Sprachschule-Deutsch-Deutschkurse-Berlin.jpg\",\"contentUrl\":\"https:\/\/kapitel-zwei.de\/wp-content\/uploads\/2018\/08\/Kapitel-Zwei-Berlin-Sprachschule-Deutsch-Deutschkurse-Berlin.jpg\",\"width\":350,\"height\":101,\"caption\":\"Kapitel Zwei. Deutsch-Sprachschule Berlin GmbH\"},\"image\":{\"@id\":\"https:\/\/kapitel-zwei.de\/es\/#\/schema\/logo\/image\/\"},\"sameAs\":[\"https:\/\/www.facebook.com\/kapitelzwei\/\",\"https:\/\/x.com\/kapitelzwei\"]}]}<\/script>\n<!-- \/ Yoast SEO Premium plugin. -->","yoast_head_json":{"title":"Oferta CLASSIC - Kapitel Zwei Berlin","description":"Recomendamos esta tarifa aos que n\u00e3o queiram dispensar os nossos servi\u00e7os e comodidades habituais e queiram uma certa flexibilidade, j\u00e1 que os cursos nesta oferta podem ser remarcados ou cancelados por uma pequena taxa de acordo com os nossos termos e condi\u00e7\u00f5es.","robots":{"index":"index","follow":"follow","max-snippet":"max-snippet:-1","max-image-preview":"max-image-preview:large","max-video-preview":"max-video-preview:-1"},"canonical":"https:\/\/kapitel-zwei.de\/pt-br\/oferta-classic\/","og_locale":"pt_BR","og_type":"article","og_title":"Oferta CLASSIC","og_description":"Recomendamos esta tarifa aos que n\u00e3o queiram dispensar os nossos servi\u00e7os e comodidades habituais e queiram uma certa flexibilidade, j\u00e1 que os cursos nesta oferta podem ser remarcados ou cancelados por uma pequena taxa de acordo com os nossos termos e condi\u00e7\u00f5es.","og_url":"https:\/\/kapitel-zwei.de\/pt-br\/oferta-classic\/","og_site_name":"Kapitel Zwei Berlin","article_publisher":"https:\/\/www.facebook.com\/kapitelzwei\/","article_modified_time":"2026-03-19T12:27:08+00:00","twitter_card":"summary_large_image","twitter_site":"@kapitelzwei","twitter_misc":{"Est. tempo de leitura":"1 minuto"},"schema":{"@context":"https:\/\/schema.org","@graph":[{"@type":"WebPage","@id":"https:\/\/kapitel-zwei.de\/pt-br\/oferta-classic\/","url":"https:\/\/kapitel-zwei.de\/pt-br\/oferta-classic\/","name":"Oferta CLASSIC - Kapitel Zwei Berlin","isPartOf":{"@id":"https:\/\/kapitel-zwei.de\/es\/#website"},"datePublished":"2020-06-18T13:33:42+00:00","dateModified":"2026-03-19T12:27:08+00:00","description":"Recomendamos esta tarifa aos que n\u00e3o queiram dispensar os nossos servi\u00e7os e comodidades habituais e queiram uma certa flexibilidade, j\u00e1 que os cursos nesta oferta podem ser remarcados ou cancelados por uma pequena taxa de acordo com os nossos termos e condi\u00e7\u00f5es.","breadcrumb":{"@id":"https:\/\/kapitel-zwei.de\/pt-br\/oferta-classic\/#breadcrumb"},"inLanguage":"pt-BR","potentialAction":[{"@type":"ReadAction","target":["https:\/\/kapitel-zwei.de\/pt-br\/oferta-classic\/"]}]},{"@type":"BreadcrumbList","@id":"https:\/\/kapitel-zwei.de\/pt-br\/oferta-classic\/#breadcrumb","itemListElement":[{"@type":"ListItem","position":1,"name":"Startseite","item":"https:\/\/kapitel-zwei.de\/pt-br\/"},{"@type":"ListItem","position":2,"name":"Oferta CLASSIC"}]},{"@type":"WebSite","@id":"https:\/\/kapitel-zwei.de\/es\/#website","url":"https:\/\/kapitel-zwei.de\/es\/","name":"Kapitel Zwei Berlin","description":"Deutschkurs Berlin | Sprachschule Berlin | German language school Berlin | telc Berlin | Deutsch Pr\u00fcfung Berlin | Intensive German courses Berlin | TestDaF Pr\u00fcfung | Online Kurse","publisher":{"@id":"https:\/\/kapitel-zwei.de\/es\/#organization"},"potentialAction":[{"@type":"SearchAction","target":{"@type":"EntryPoint","urlTemplate":"https:\/\/kapitel-zwei.de\/es\/?s={search_term_string}"},"query-input":{"@type":"PropertyValueSpecification","valueRequired":true,"valueName":"search_term_string"}}],"inLanguage":"pt-BR"},{"@type":"Organization","@id":"https:\/\/kapitel-zwei.de\/es\/#organization","name":"Kapitel Zwei. Deutsch-Sprachschule Berlin GmbH","url":"https:\/\/kapitel-zwei.de\/es\/","logo":{"@type":"ImageObject","inLanguage":"pt-BR","@id":"https:\/\/kapitel-zwei.de\/es\/#\/schema\/logo\/image\/","url":"https:\/\/kapitel-zwei.de\/wp-content\/uploads\/2018\/08\/Kapitel-Zwei-Berlin-Sprachschule-Deutsch-Deutschkurse-Berlin.jpg","contentUrl":"https:\/\/kapitel-zwei.de\/wp-content\/uploads\/2018\/08\/Kapitel-Zwei-Berlin-Sprachschule-Deutsch-Deutschkurse-Berlin.jpg","width":350,"height":101,"caption":"Kapitel Zwei. Deutsch-Sprachschule Berlin GmbH"},"image":{"@id":"https:\/\/kapitel-zwei.de\/es\/#\/schema\/logo\/image\/"},"sameAs":["https:\/\/www.facebook.com\/kapitelzwei\/","https:\/\/x.com\/kapitelzwei"]}]}},"_links":{"self":[{"href":"https:\/\/kapitel-zwei.de\/pt-br\/wp-json\/wp\/v2\/pages\/87507","targetHints":{"allow":["GET"]}}],"collection":[{"href":"https:\/\/kapitel-zwei.de\/pt-br\/wp-json\/wp\/v2\/pages"}],"about":[{"href":"https:\/\/kapitel-zwei.de\/pt-br\/wp-json\/wp\/v2\/types\/page"}],"author":[{"embeddable":true,"href":"https:\/\/kapitel-zwei.de\/pt-br\/wp-json\/wp\/v2\/users\/16"}],"replies":[{"embeddable":true,"href":"https:\/\/kapitel-zwei.de\/pt-br\/wp-json\/wp\/v2\/comments?post=87507"}],"version-history":[{"count":5,"href":"https:\/\/kapitel-zwei.de\/pt-br\/wp-json\/wp\/v2\/pages\/87507\/revisions"}],"predecessor-version":[{"id":126048,"href":"https:\/\/kapitel-zwei.de\/pt-br\/wp-json\/wp\/v2\/pages\/87507\/revisions\/126048"}],"wp:attachment":[{"href":"https:\/\/kapitel-zwei.de\/pt-br\/wp-json\/wp\/v2\/media?parent=87507"}],"curies":[{"name":"wp","href":"https:\/\/api.w.org\/{rel}","templated":true}]}}