{"id":87596,"date":"2020-06-23T12:35:07","date_gmt":"2020-06-23T10:35:07","guid":{"rendered":"https:\/\/kapitel-zwei.de\/rabatt-3-online-deutschkurse\/"},"modified":"2025-04-28T12:45:07","modified_gmt":"2025-04-28T10:45:07","slug":"desconto-3-cursos-alemao-on-line","status":"publish","type":"page","link":"https:\/\/kapitel-zwei.de\/pt-br\/desconto-3-cursos-alemao-on-line\/","title":{"rendered":"Reservas de 3 cursos de alem\u00e3o on-line"},"content":{"rendered":"\n<style type=\"text\/css\" data-created_by=\"avia_inline_auto\" id=\"style-css-av-2pzpc0c-e170d5361d559fae11c1f39b9d78524b\">\n.flex_column.av-2pzpc0c-e170d5361d559fae11c1f39b9d78524b{\nborder-radius:0px 0px 0px 0px;\npadding:0px 0px 0px 0px;\n}\n<\/style>\n<div  class='flex_column av-2pzpc0c-e170d5361d559fae11c1f39b9d78524b av_two_third  avia-builder-el-0  el_before_av_one_third  avia-builder-el-first  first flex_column_div av-zero-column-padding  '     ><section  class='av_textblock_section av-23j8tnw-c613bb0fb4bf505497e5551194fc6a45 '   itemscope=\"itemscope\" itemtype=\"https:\/\/schema.org\/CreativeWork\" ><div class='avia_textblock'  itemprop=\"text\" ><h1><span style=\"color: #ff6600;\">Reservas de 3 meses<\/span><\/h1>\n<h3><span style=\"color: #ff6600;\">Curso de alem\u00e3o online com aulas ao vivo<\/span><\/h3>\n<\/div><\/section><br \/>\n\n<style type=\"text\/css\" data-created_by=\"avia_inline_auto\" id=\"style-css-av-1q6pvbg-c7d9ce3aef5b032c79cae643fffae713\">\n#top .av_textblock_section.av-1q6pvbg-c7d9ce3aef5b032c79cae643fffae713 .avia_textblock{\nfont-size:16px;\n}\n<\/style>\n<section  class='av_textblock_section av-1q6pvbg-c7d9ce3aef5b032c79cae643fffae713 '   itemscope=\"itemscope\" itemtype=\"https:\/\/schema.org\/CreativeWork\" ><div class='avia_textblock'  itemprop=\"text\" ><p><strong>Economize 60 \u20ac<\/strong> e reservando 3 cursos intensivos consecutivos a <strong>299 \u20ac \/ m\u00eas<\/strong> (4 semanas, Seg-Qui). O pagamento dos tr\u00eas meses deve ser pago antecipadamente para que o desconto seja v\u00e1lido. Aproveite o melhor pre\u00e7o!<\/p>\n<\/div><\/section><\/p><\/div>\n<style type=\"text\/css\" data-created_by=\"avia_inline_auto\" id=\"style-css-av-14aoj0s-417ae47af0bab6b6f20f6b7ccff317c1\">\n.flex_column.av-14aoj0s-417ae47af0bab6b6f20f6b7ccff317c1{\nborder-radius:0px 0px 0px 0px;\npadding:0px 0px 0px 0px;\n}\n<\/style>\n<div  class='flex_column av-14aoj0s-417ae47af0bab6b6f20f6b7ccff317c1 av_one_third  avia-builder-el-3  el_after_av_two_third  avia-builder-el-last  flex_column_div av-zero-column-padding  '     ><style type=\"text\/css\" data-created_by=\"avia_inline_auto\" id=\"style-css-av-lvwsek-33f33fac6907de2c71454de58724a693\">\n.avia-image-container.av-lvwsek-33f33fac6907de2c71454de58724a693 img.avia_image{\nbox-shadow:none;\n}\n.avia-image-container.av-lvwsek-33f33fac6907de2c71454de58724a693 .av-image-caption-overlay-center{\ncolor:#ffffff;\n}\n<\/style>\n<div  class='avia-image-container av-lvwsek-33f33fac6907de2c71454de58724a693 av-styling- avia-align-center  avia-builder-el-4  avia-builder-el-no-sibling '   itemprop=\"image\" itemscope=\"itemscope\" itemtype=\"https:\/\/schema.org\/ImageObject\" ><div class=\"avia-image-container-inner\"><div class=\"avia-image-overlay-wrap\"><img decoding=\"async\" fetchpriority=\"high\" class='wp-image-87446 avia-img-lazy-loading-not-87446 avia_image ' src=\"https:\/\/kapitel-zwei.de\/wp-content\/uploads\/2020\/06\/Buchung-von-3-Online-Deutschkursen.jpg\" alt='Buchung von 3 Online Deutschkursen' title='Buchung von 3 Online Deutschkursen'  height=\"620\" width=\"679\"  itemprop=\"thumbnailUrl\" srcset=\"https:\/\/kapitel-zwei.de\/wp-content\/uploads\/2020\/06\/Buchung-von-3-Online-Deutschkursen.jpg 679w, https:\/\/kapitel-zwei.de\/wp-content\/uploads\/2020\/06\/Buchung-von-3-Online-Deutschkursen-80x73.jpg 80w, https:\/\/kapitel-zwei.de\/wp-content\/uploads\/2020\/06\/Buchung-von-3-Online-Deutschkursen-300x274.jpg 300w, https:\/\/kapitel-zwei.de\/wp-content\/uploads\/2020\/06\/Buchung-von-3-Online-Deutschkursen-450x411.jpg 450w\" sizes=\"(max-width: 679px) 100vw, 679px\" \/><\/div><\/div><\/div><\/div><\/p>\n","protected":false},"excerpt":{"rendered":"","protected":false},"author":16,"featured_media":0,"parent":0,"menu_order":0,"comment_status":"closed","ping_status":"closed","template":"","meta":{"footnotes":""},"class_list":["post-87596","page","type-page","status-publish","hentry"],"yoast_head":"<!-- This site is optimized with the Yoast SEO Premium plugin v24.4 (Yoast SEO v24.4) - https:\/\/yoast.com\/wordpress\/plugins\/seo\/ -->\n<title>60 EUR desconto - Reservas de 3 cursos de alem\u00e3o<\/title>\n<meta name=\"description\" content=\"Economize 60\u20ac e reservando 3 cursos intensivos consecutivos (4 semanas, Seg-Qui). O pagamento dos tr\u00eas meses deve ser pago antecipadamente para que o desconto seja v\u00e1lido.\" \/>\n<meta name=\"robots\" content=\"index, follow, max-snippet:-1, max-image-preview:large, max-video-preview:-1\" \/>\n<link rel=\"canonical\" href=\"https:\/\/kapitel-zwei.de\/pt-br\/desconto-3-cursos-alemao-on-line\/\" \/>\n<meta property=\"og:locale\" content=\"pt_BR\" \/>\n<meta property=\"og:type\" content=\"article\" \/>\n<meta property=\"og:title\" content=\"Reservas de 3 cursos de alem\u00e3o on-line\" \/>\n<meta property=\"og:description\" content=\"Economize 60\u20ac e reservando 3 cursos intensivos consecutivos (4 semanas, Seg-Qui). O pagamento dos tr\u00eas meses deve ser pago antecipadamente para que o desconto seja v\u00e1lido.\" \/>\n<meta property=\"og:url\" content=\"https:\/\/kapitel-zwei.de\/pt-br\/desconto-3-cursos-alemao-on-line\/\" \/>\n<meta property=\"og:site_name\" content=\"Kapitel Zwei Berlin\" \/>\n<meta property=\"article:publisher\" content=\"https:\/\/www.facebook.com\/kapitelzwei\/\" \/>\n<meta property=\"article:modified_time\" content=\"2025-04-28T10:45:07+00:00\" \/>\n<meta name=\"twitter:card\" content=\"summary_large_image\" \/>\n<meta name=\"twitter:site\" content=\"@kapitelzwei\" \/>\n<meta name=\"twitter:label1\" content=\"Est. tempo de leitura\" \/>\n\t<meta name=\"twitter:data1\" content=\"1 minuto\" \/>\n<script type=\"application\/ld+json\" class=\"yoast-schema-graph\">{\"@context\":\"https:\/\/schema.org\",\"@graph\":[{\"@type\":\"WebPage\",\"@id\":\"https:\/\/kapitel-zwei.de\/pt-br\/desconto-3-cursos-alemao-on-line\/\",\"url\":\"https:\/\/kapitel-zwei.de\/pt-br\/desconto-3-cursos-alemao-on-line\/\",\"name\":\"60 EUR desconto - Reservas de 3 cursos de alem\u00e3o\",\"isPartOf\":{\"@id\":\"https:\/\/kapitel-zwei.de\/es\/#website\"},\"datePublished\":\"2020-06-23T10:35:07+00:00\",\"dateModified\":\"2025-04-28T10:45:07+00:00\",\"description\":\"Economize 60\u20ac e reservando 3 cursos intensivos consecutivos (4 semanas, Seg-Qui). O pagamento dos tr\u00eas meses deve ser pago antecipadamente para que o desconto seja v\u00e1lido.\",\"breadcrumb\":{\"@id\":\"https:\/\/kapitel-zwei.de\/pt-br\/desconto-3-cursos-alemao-on-line\/#breadcrumb\"},\"inLanguage\":\"pt-BR\",\"potentialAction\":[{\"@type\":\"ReadAction\",\"target\":[\"https:\/\/kapitel-zwei.de\/pt-br\/desconto-3-cursos-alemao-on-line\/\"]}]},{\"@type\":\"BreadcrumbList\",\"@id\":\"https:\/\/kapitel-zwei.de\/pt-br\/desconto-3-cursos-alemao-on-line\/#breadcrumb\",\"itemListElement\":[{\"@type\":\"ListItem\",\"position\":1,\"name\":\"Startseite\",\"item\":\"https:\/\/kapitel-zwei.de\/pt-br\/\"},{\"@type\":\"ListItem\",\"position\":2,\"name\":\"Reservas de 3 cursos de alem\u00e3o on-line\"}]},{\"@type\":\"WebSite\",\"@id\":\"https:\/\/kapitel-zwei.de\/es\/#website\",\"url\":\"https:\/\/kapitel-zwei.de\/es\/\",\"name\":\"Kapitel Zwei Berlin\",\"description\":\"Deutschkurs Berlin | Sprachschule Berlin | German language school Berlin | telc Berlin | Deutsch Pr\u00fcfung Berlin | Intensive German courses Berlin | TestDaF Pr\u00fcfung | Online Kurse\",\"publisher\":{\"@id\":\"https:\/\/kapitel-zwei.de\/es\/#organization\"},\"potentialAction\":[{\"@type\":\"SearchAction\",\"target\":{\"@type\":\"EntryPoint\",\"urlTemplate\":\"https:\/\/kapitel-zwei.de\/es\/?s={search_term_string}\"},\"query-input\":{\"@type\":\"PropertyValueSpecification\",\"valueRequired\":true,\"valueName\":\"search_term_string\"}}],\"inLanguage\":\"pt-BR\"},{\"@type\":\"Organization\",\"@id\":\"https:\/\/kapitel-zwei.de\/es\/#organization\",\"name\":\"Kapitel Zwei. Deutsch-Sprachschule Berlin GmbH\",\"url\":\"https:\/\/kapitel-zwei.de\/es\/\",\"logo\":{\"@type\":\"ImageObject\",\"inLanguage\":\"pt-BR\",\"@id\":\"https:\/\/kapitel-zwei.de\/es\/#\/schema\/logo\/image\/\",\"url\":\"https:\/\/kapitel-zwei.de\/wp-content\/uploads\/2018\/08\/Kapitel-Zwei-Berlin-Sprachschule-Deutsch-Deutschkurse-Berlin.jpg\",\"contentUrl\":\"https:\/\/kapitel-zwei.de\/wp-content\/uploads\/2018\/08\/Kapitel-Zwei-Berlin-Sprachschule-Deutsch-Deutschkurse-Berlin.jpg\",\"width\":350,\"height\":101,\"caption\":\"Kapitel Zwei. Deutsch-Sprachschule Berlin GmbH\"},\"image\":{\"@id\":\"https:\/\/kapitel-zwei.de\/es\/#\/schema\/logo\/image\/\"},\"sameAs\":[\"https:\/\/www.facebook.com\/kapitelzwei\/\",\"https:\/\/x.com\/kapitelzwei\"]}]}<\/script>\n<!-- \/ Yoast SEO Premium plugin. -->","yoast_head_json":{"title":"60 EUR desconto - Reservas de 3 cursos de alem\u00e3o","description":"Economize 60\u20ac e reservando 3 cursos intensivos consecutivos (4 semanas, Seg-Qui). O pagamento dos tr\u00eas meses deve ser pago antecipadamente para que o desconto seja v\u00e1lido.","robots":{"index":"index","follow":"follow","max-snippet":"max-snippet:-1","max-image-preview":"max-image-preview:large","max-video-preview":"max-video-preview:-1"},"canonical":"https:\/\/kapitel-zwei.de\/pt-br\/desconto-3-cursos-alemao-on-line\/","og_locale":"pt_BR","og_type":"article","og_title":"Reservas de 3 cursos de alem\u00e3o on-line","og_description":"Economize 60\u20ac e reservando 3 cursos intensivos consecutivos (4 semanas, Seg-Qui). O pagamento dos tr\u00eas meses deve ser pago antecipadamente para que o desconto seja v\u00e1lido.","og_url":"https:\/\/kapitel-zwei.de\/pt-br\/desconto-3-cursos-alemao-on-line\/","og_site_name":"Kapitel Zwei Berlin","article_publisher":"https:\/\/www.facebook.com\/kapitelzwei\/","article_modified_time":"2025-04-28T10:45:07+00:00","twitter_card":"summary_large_image","twitter_site":"@kapitelzwei","twitter_misc":{"Est. tempo de leitura":"1 minuto"},"schema":{"@context":"https:\/\/schema.org","@graph":[{"@type":"WebPage","@id":"https:\/\/kapitel-zwei.de\/pt-br\/desconto-3-cursos-alemao-on-line\/","url":"https:\/\/kapitel-zwei.de\/pt-br\/desconto-3-cursos-alemao-on-line\/","name":"60 EUR desconto - Reservas de 3 cursos de alem\u00e3o","isPartOf":{"@id":"https:\/\/kapitel-zwei.de\/es\/#website"},"datePublished":"2020-06-23T10:35:07+00:00","dateModified":"2025-04-28T10:45:07+00:00","description":"Economize 60\u20ac e reservando 3 cursos intensivos consecutivos (4 semanas, Seg-Qui). O pagamento dos tr\u00eas meses deve ser pago antecipadamente para que o desconto seja v\u00e1lido.","breadcrumb":{"@id":"https:\/\/kapitel-zwei.de\/pt-br\/desconto-3-cursos-alemao-on-line\/#breadcrumb"},"inLanguage":"pt-BR","potentialAction":[{"@type":"ReadAction","target":["https:\/\/kapitel-zwei.de\/pt-br\/desconto-3-cursos-alemao-on-line\/"]}]},{"@type":"BreadcrumbList","@id":"https:\/\/kapitel-zwei.de\/pt-br\/desconto-3-cursos-alemao-on-line\/#breadcrumb","itemListElement":[{"@type":"ListItem","position":1,"name":"Startseite","item":"https:\/\/kapitel-zwei.de\/pt-br\/"},{"@type":"ListItem","position":2,"name":"Reservas de 3 cursos de alem\u00e3o on-line"}]},{"@type":"WebSite","@id":"https:\/\/kapitel-zwei.de\/es\/#website","url":"https:\/\/kapitel-zwei.de\/es\/","name":"Kapitel Zwei Berlin","description":"Deutschkurs Berlin | Sprachschule Berlin | German language school Berlin | telc Berlin | Deutsch Pr\u00fcfung Berlin | Intensive German courses Berlin | TestDaF Pr\u00fcfung | Online Kurse","publisher":{"@id":"https:\/\/kapitel-zwei.de\/es\/#organization"},"potentialAction":[{"@type":"SearchAction","target":{"@type":"EntryPoint","urlTemplate":"https:\/\/kapitel-zwei.de\/es\/?s={search_term_string}"},"query-input":{"@type":"PropertyValueSpecification","valueRequired":true,"valueName":"search_term_string"}}],"inLanguage":"pt-BR"},{"@type":"Organization","@id":"https:\/\/kapitel-zwei.de\/es\/#organization","name":"Kapitel Zwei. Deutsch-Sprachschule Berlin GmbH","url":"https:\/\/kapitel-zwei.de\/es\/","logo":{"@type":"ImageObject","inLanguage":"pt-BR","@id":"https:\/\/kapitel-zwei.de\/es\/#\/schema\/logo\/image\/","url":"https:\/\/kapitel-zwei.de\/wp-content\/uploads\/2018\/08\/Kapitel-Zwei-Berlin-Sprachschule-Deutsch-Deutschkurse-Berlin.jpg","contentUrl":"https:\/\/kapitel-zwei.de\/wp-content\/uploads\/2018\/08\/Kapitel-Zwei-Berlin-Sprachschule-Deutsch-Deutschkurse-Berlin.jpg","width":350,"height":101,"caption":"Kapitel Zwei. Deutsch-Sprachschule Berlin GmbH"},"image":{"@id":"https:\/\/kapitel-zwei.de\/es\/#\/schema\/logo\/image\/"},"sameAs":["https:\/\/www.facebook.com\/kapitelzwei\/","https:\/\/x.com\/kapitelzwei"]}]}},"_links":{"self":[{"href":"https:\/\/kapitel-zwei.de\/pt-br\/wp-json\/wp\/v2\/pages\/87596","targetHints":{"allow":["GET"]}}],"collection":[{"href":"https:\/\/kapitel-zwei.de\/pt-br\/wp-json\/wp\/v2\/pages"}],"about":[{"href":"https:\/\/kapitel-zwei.de\/pt-br\/wp-json\/wp\/v2\/types\/page"}],"author":[{"embeddable":true,"href":"https:\/\/kapitel-zwei.de\/pt-br\/wp-json\/wp\/v2\/users\/16"}],"replies":[{"embeddable":true,"href":"https:\/\/kapitel-zwei.de\/pt-br\/wp-json\/wp\/v2\/comments?post=87596"}],"version-history":[{"count":18,"href":"https:\/\/kapitel-zwei.de\/pt-br\/wp-json\/wp\/v2\/pages\/87596\/revisions"}],"predecessor-version":[{"id":123183,"href":"https:\/\/kapitel-zwei.de\/pt-br\/wp-json\/wp\/v2\/pages\/87596\/revisions\/123183"}],"wp:attachment":[{"href":"https:\/\/kapitel-zwei.de\/pt-br\/wp-json\/wp\/v2\/media?parent=87596"}],"curies":[{"name":"wp","href":"https:\/\/api.w.org\/{rel}","templated":true}]}}