{"id":87317,"date":"2020-06-20T16:53:23","date_gmt":"2020-06-20T14:53:23","guid":{"rendered":"https:\/\/kapitel-zwei.de\/fruehbucher-tarif\/"},"modified":"2020-06-23T13:50:18","modified_gmt":"2020-06-23T11:50:18","slug":"%d1%82%d0%b0%d1%80%d0%b8%d1%84-%d1%80%d0%b0%d0%bd%d0%bd%d0%b5%d0%b5-%d0%b1%d1%80%d0%be%d0%bd%d0%b8%d1%80%d0%be%d0%b2%d0%b0%d0%bd%d0%b8%d0%b5","status":"publish","type":"page","link":"https:\/\/kapitel-zwei.de\/ru\/%d1%82%d0%b0%d1%80%d0%b8%d1%84-%d1%80%d0%b0%d0%bd%d0%bd%d0%b5%d0%b5-%d0%b1%d1%80%d0%be%d0%bd%d0%b8%d1%80%d0%be%d0%b2%d0%b0%d0%bd%d0%b8%d0%b5\/","title":{"rendered":"\u0422\u0430\u0440\u0438\u0444 \u00ab\u0420\u0430\u043d\u043d\u0435\u0435 \u0431\u0440\u043e\u043d\u0438\u0440\u043e\u0432\u0430\u043d\u0438\u0435\u00bb"},"content":{"rendered":"\n<style type=\"text\/css\" data-created_by=\"avia_inline_auto\" id=\"style-css-av-av_two_third-6126cab7d8fab8d08143dd2dacdf673c\">\n.flex_column.av-av_two_third-6126cab7d8fab8d08143dd2dacdf673c{\nborder-radius:0px 0px 0px 0px;\npadding:0px 0px 0px 0px;\n}\n<\/style>\n<div  class='flex_column av-av_two_third-6126cab7d8fab8d08143dd2dacdf673c av_two_third  avia-builder-el-0  el_before_av_one_third  avia-builder-el-first  first flex_column_div av-zero-column-padding  '     ><section  class='av_textblock_section av-av_textblock-35972167d9f102c5ddaec0c531c98b9e '   itemscope=\"itemscope\" itemtype=\"https:\/\/schema.org\/CreativeWork\" ><div class='avia_textblock'  itemprop=\"text\" ><h1><span style=\"color: #ff6600;\">\u0422\u0430\u0440\u0438\u0444 \u00ab\u0420\u0430\u043d\u043d\u0435\u0435 \u0431\u0440\u043e\u043d\u0438\u0440\u043e\u0432\u0430\u043d\u0438\u0435\u00bb (\u043a\u0443\u0440\u0441 \u043c\u0435\u0434\u0438\u0446\u0438\u043d\u044b)<\/span><\/h1>\n<h2><span style=\"color: #ff6600;\">\u0421\u044d\u043a\u043e\u043d\u043e\u043c\u044c 100 \u20ac !<\/span><\/h2>\n<\/div><\/section><br \/>\n\n<style type=\"text\/css\" data-created_by=\"avia_inline_auto\" id=\"style-css-av-av_textblock-87d19a2a9ae08292eea25cebad9728aa\">\n#top .av_textblock_section.av-av_textblock-87d19a2a9ae08292eea25cebad9728aa .avia_textblock{\nfont-size:16px;\n}\n<\/style>\n<section  class='av_textblock_section av-av_textblock-87d19a2a9ae08292eea25cebad9728aa '   itemscope=\"itemscope\" itemtype=\"https:\/\/schema.org\/CreativeWork\" ><div class='avia_textblock'  itemprop=\"text\" ><p>\u0421\u044d\u043a\u043e\u043d\u043e\u043c\u044c <strong>100 \u20ac<\/strong> \u043e\u0442 \u043e\u0431\u044b\u0447\u043d\u043e\u0439 \u0446\u0435\u043d\u044b \u043a\u0443\u0440\u0441\u0430! \u041f\u043e\u0434\u0433\u043e\u0442\u043e\u0432\u0438\u0442\u0435\u043b\u044c\u043d\u044b\u0439 \u043a\u0443\u0440\u0441 \u043a \u044d\u043a\u0437\u0430\u043c\u0435\u043d\u0443 \u043f\u043e \u043f\u0440\u043e\u0444\u0435\u0441\u0441\u0438\u043e\u043d\u0430\u043b\u044c\u043d\u043e\u043c\u0443 \u044f\u0437\u044b\u043a\u0443 \u0432 \u041c\u0435\u0434\u0438\u0446\u0438\u043d\u0441\u043a\u043e\u0439 \u041f\u0430\u043b\u0430\u0442\u0435 \u0441\u043e\u0441\u0442\u043e\u0438\u0442 \u0438\u0437 \u0434\u0432\u0443\u0445 \u0447\u0430\u0441\u0442\u0435\u0439 \u0432 \u0442\u0435\u0447\u0435\u043d\u0438\u0435 \u0434\u0432\u0443\u0445 \u043c\u0435\u0441\u044f\u0446\u0435\u0432. \u041f\u0440\u0438 \u043f\u043e\u043b\u043d\u043e\u0439 \u043e\u043f\u043b\u0430\u0442\u0435 \u0438 \u0431\u0440\u043e\u043d\u0438\u0440\u043e\u0432\u0430\u043d\u0438\u0438 \u0441\u0440\u0430\u0437\u0443 \u0434\u0432\u0443\u0445 \u043c\u0435\u0441\u044f\u0446\u0435\u0432, \u0442\u044b \u043f\u043e\u043b\u0443\u0447\u0438\u0448\u044c \u0441\u043a\u0438\u0434\u043a\u0443 <strong>10%<\/strong> \u043e\u0442 \u043f\u043e\u043b\u043d\u043e\u0439 \u0441\u0442\u043e\u0438\u043c\u043e\u0441\u0442\u0438 \u043a\u0443\u0440\u0441\u0430. \u041e\u0442\u043c\u0435\u043d\u0430 \u0438\u0441\u043a\u043b\u044e\u0447\u0435\u043d\u0430.<\/p>\n<\/div><\/section><\/p><\/div>\n<style type=\"text\/css\" data-created_by=\"avia_inline_auto\" id=\"style-css-av-av_one_third-0aa7055fe62c3622faec82866afbaeb2\">\n.flex_column.av-av_one_third-0aa7055fe62c3622faec82866afbaeb2{\nborder-radius:0px 0px 0px 0px;\npadding:0px 0px 0px 0px;\n}\n<\/style>\n<div  class='flex_column av-av_one_third-0aa7055fe62c3622faec82866afbaeb2 av_one_third  avia-builder-el-3  el_after_av_two_third  avia-builder-el-last  flex_column_div av-zero-column-padding  '     ><style type=\"text\/css\" data-created_by=\"avia_inline_auto\" id=\"style-css-av-av_image-21578b629da72e7b0e457e36c2fa531a\">\n.avia-image-container.av-av_image-21578b629da72e7b0e457e36c2fa531a img.avia_image{\nbox-shadow:none;\n}\n.avia-image-container.av-av_image-21578b629da72e7b0e457e36c2fa531a .av-image-caption-overlay-center{\ncolor:#ffffff;\n}\n<\/style>\n<div  class='avia-image-container av-av_image-21578b629da72e7b0e457e36c2fa531a av-styling- avia-align-center  avia-builder-el-4  avia-builder-el-no-sibling '   itemprop=\"image\" itemscope=\"itemscope\" itemtype=\"https:\/\/schema.org\/ImageObject\" ><div class=\"avia-image-container-inner\"><div class=\"avia-image-overlay-wrap\"><img decoding=\"async\" fetchpriority=\"high\" class='wp-image-87142 avia-img-lazy-loading-not-87142 avia_image ' src=\"https:\/\/kapitel-zwei.de\/wp-content\/uploads\/2020\/06\/Fr\u00fchbucher-Medizin-\u00c4rztekammer-Spare-100-EUR-1030x687.jpg\" alt='Fr\u00fchbucher Medizin \u00c4rztekammer Spare 100 EUR' title='Fr\u00fchbucher Medizin \u00c4rztekammer Spare 100 EUR'  height=\"687\" width=\"1030\"  itemprop=\"thumbnailUrl\" srcset=\"https:\/\/kapitel-zwei.de\/wp-content\/uploads\/2020\/06\/Fr\u00fchbucher-Medizin-\u00c4rztekammer-Spare-100-EUR-1030x687.jpg 1030w, https:\/\/kapitel-zwei.de\/wp-content\/uploads\/2020\/06\/Fr\u00fchbucher-Medizin-\u00c4rztekammer-Spare-100-EUR-80x53.jpg 80w, https:\/\/kapitel-zwei.de\/wp-content\/uploads\/2020\/06\/Fr\u00fchbucher-Medizin-\u00c4rztekammer-Spare-100-EUR-300x200.jpg 300w, https:\/\/kapitel-zwei.de\/wp-content\/uploads\/2020\/06\/Fr\u00fchbucher-Medizin-\u00c4rztekammer-Spare-100-EUR-768x512.jpg 768w, https:\/\/kapitel-zwei.de\/wp-content\/uploads\/2020\/06\/Fr\u00fchbucher-Medizin-\u00c4rztekammer-Spare-100-EUR-1500x1001.jpg 1500w, https:\/\/kapitel-zwei.de\/wp-content\/uploads\/2020\/06\/Fr\u00fchbucher-Medizin-\u00c4rztekammer-Spare-100-EUR-705x470.jpg 705w, https:\/\/kapitel-zwei.de\/wp-content\/uploads\/2020\/06\/Fr\u00fchbucher-Medizin-\u00c4rztekammer-Spare-100-EUR-450x300.jpg 450w, https:\/\/kapitel-zwei.de\/wp-content\/uploads\/2020\/06\/Fr\u00fchbucher-Medizin-\u00c4rztekammer-Spare-100-EUR.jpg 1920w\" sizes=\"(max-width: 1030px) 100vw, 1030px\" \/><\/div><\/div><\/div><\/div><\/p>\n","protected":false},"excerpt":{"rendered":"","protected":false},"author":16,"featured_media":0,"parent":0,"menu_order":0,"comment_status":"closed","ping_status":"closed","template":"","meta":{"footnotes":""},"class_list":["post-87317","page","type-page","status-publish","hentry"],"yoast_head":"<!-- This site is optimized with the Yoast SEO Premium plugin v24.4 (Yoast SEO v24.4) - https:\/\/yoast.com\/wordpress\/plugins\/seo\/ -->\n<title>100 EUR \u0421\u043a\u0438\u0434\u043a\u0430 8 \u043d\u0435\u0434\u0435\u043b\u044c \u043d\u0430 \u043f\u043e\u0434\u0433\u043e\u0442\u043e\u0432\u0438\u0442\u0435\u043b\u044c\u043d\u044b\u0439 \u044d\u043a\u0437\u0430\u043c\u0435\u043d \u00c4rztekammer<\/title>\n<meta name=\"description\" content=\"\u0421\u044d\u043a\u043e\u043d\u043e\u043c\u044c 100 \u20ac \u043e\u0442 \u043e\u0431\u044b\u0447\u043d\u043e\u0439 \u0446\u0435\u043d\u044b \u043a\u0443\u0440\u0441\u0430! \u041f\u043e\u0434\u0433\u043e\u0442\u043e\u0432\u0438\u0442\u0435\u043b\u044c\u043d\u044b\u0439 \u043a\u0443\u0440\u0441 \u043a \u044d\u043a\u0437\u0430\u043c\u0435\u043d\u0443 \u043f\u043e \u043f\u0440\u043e\u0444\u0435\u0441\u0441\u0438\u043e\u043d\u0430\u043b\u044c\u043d\u043e\u043c\u0443 \u044f\u0437\u044b\u043a\u0443 \u0432 \u041c\u0435\u0434\u0438\u0446\u0438\u043d\u0441\u043a\u043e\u0439 \u041f\u0430\u043b\u0430\u0442\u0435 \u0441\u043e\u0441\u0442\u043e\u0438\u0442 \u0438\u0437 \u0434\u0432\u0443\u0445 \u0447\u0430\u0441\u0442\u0435\u0439 \u0432 \u0442\u0435\u0447\u0435\u043d\u0438\u0435 \u0434\u0432\u0443\u0445 \u043c\u0435\u0441\u044f\u0446\u0435\u0432. \u041f\u0440\u0438 \u043f\u043e\u043b\u043d\u043e\u0439 \u043e\u043f\u043b\u0430\u0442\u0435 \u0438 \u0431\u0440\u043e\u043d\u0438\u0440\u043e\u0432\u0430\u043d\u0438\u0438 \u0441\u0440\u0430\u0437\u0443 \u0434\u0432\u0443\u0445 \u043c\u0435\u0441\u044f\u0446\u0435\u0432, \u0442\u044b \u043f\u043e\u043b\u0443\u0447\u0438\u0448\u044c \u0441\u043a\u0438\u0434\u043a\u0443 10% \u043e\u0442 \u043f\u043e\u043b\u043d\u043e\u0439 \u0441\u0442\u043e\u0438\u043c\u043e\u0441\u0442\u0438 \u043a\u0443\u0440\u0441\u0430. \u041e\u0442\u043c\u0435\u043d\u0430 \u0438\u0441\u043a\u043b\u044e\u0447\u0435\u043d\u0430.\" \/>\n<meta name=\"robots\" content=\"index, follow, max-snippet:-1, max-image-preview:large, max-video-preview:-1\" \/>\n<link rel=\"canonical\" href=\"https:\/\/www.kapitel-zwei.de\/ru\/\u0442\u0430\u0440\u0438\u0444-\u0440\u0430\u043d\u043d\u0435\u0435-\u0431\u0440\u043e\u043d\u0438\u0440\u043e\u0432\u0430\u043d\u0438\u0435\/\" \/>\n<meta property=\"og:locale\" content=\"ru_RU\" \/>\n<meta property=\"og:type\" content=\"article\" \/>\n<meta property=\"og:title\" content=\"\u0422\u0430\u0440\u0438\u0444 \u00ab\u0420\u0430\u043d\u043d\u0435\u0435 \u0431\u0440\u043e\u043d\u0438\u0440\u043e\u0432\u0430\u043d\u0438\u0435\u00bb\" \/>\n<meta property=\"og:description\" content=\"\u0421\u044d\u043a\u043e\u043d\u043e\u043c\u044c 100 \u20ac \u043e\u0442 \u043e\u0431\u044b\u0447\u043d\u043e\u0439 \u0446\u0435\u043d\u044b \u043a\u0443\u0440\u0441\u0430! \u041f\u043e\u0434\u0433\u043e\u0442\u043e\u0432\u0438\u0442\u0435\u043b\u044c\u043d\u044b\u0439 \u043a\u0443\u0440\u0441 \u043a \u044d\u043a\u0437\u0430\u043c\u0435\u043d\u0443 \u043f\u043e \u043f\u0440\u043e\u0444\u0435\u0441\u0441\u0438\u043e\u043d\u0430\u043b\u044c\u043d\u043e\u043c\u0443 \u044f\u0437\u044b\u043a\u0443 \u0432 \u041c\u0435\u0434\u0438\u0446\u0438\u043d\u0441\u043a\u043e\u0439 \u041f\u0430\u043b\u0430\u0442\u0435 \u0441\u043e\u0441\u0442\u043e\u0438\u0442 \u0438\u0437 \u0434\u0432\u0443\u0445 \u0447\u0430\u0441\u0442\u0435\u0439 \u0432 \u0442\u0435\u0447\u0435\u043d\u0438\u0435 \u0434\u0432\u0443\u0445 \u043c\u0435\u0441\u044f\u0446\u0435\u0432. \u041f\u0440\u0438 \u043f\u043e\u043b\u043d\u043e\u0439 \u043e\u043f\u043b\u0430\u0442\u0435 \u0438 \u0431\u0440\u043e\u043d\u0438\u0440\u043e\u0432\u0430\u043d\u0438\u0438 \u0441\u0440\u0430\u0437\u0443 \u0434\u0432\u0443\u0445 \u043c\u0435\u0441\u044f\u0446\u0435\u0432, \u0442\u044b \u043f\u043e\u043b\u0443\u0447\u0438\u0448\u044c \u0441\u043a\u0438\u0434\u043a\u0443 10% \u043e\u0442 \u043f\u043e\u043b\u043d\u043e\u0439 \u0441\u0442\u043e\u0438\u043c\u043e\u0441\u0442\u0438 \u043a\u0443\u0440\u0441\u0430. \u041e\u0442\u043c\u0435\u043d\u0430 \u0438\u0441\u043a\u043b\u044e\u0447\u0435\u043d\u0430.\" \/>\n<meta property=\"og:url\" content=\"https:\/\/www.kapitel-zwei.de\/ru\/\u0442\u0430\u0440\u0438\u0444-\u0440\u0430\u043d\u043d\u0435\u0435-\u0431\u0440\u043e\u043d\u0438\u0440\u043e\u0432\u0430\u043d\u0438\u0435\/\" \/>\n<meta property=\"og:site_name\" content=\"Kapitel Zwei Berlin\" \/>\n<meta property=\"article:publisher\" content=\"https:\/\/www.facebook.com\/kapitelzwei\/\" \/>\n<meta property=\"article:modified_time\" content=\"2020-06-23T11:50:18+00:00\" \/>\n<meta name=\"twitter:card\" content=\"summary_large_image\" \/>\n<meta name=\"twitter:site\" content=\"@kapitelzwei\" \/>\n<meta name=\"twitter:label1\" content=\"\u041f\u0440\u0438\u043c\u0435\u0440\u043d\u043e\u0435 \u0432\u0440\u0435\u043c\u044f \u0434\u043b\u044f \u0447\u0442\u0435\u043d\u0438\u044f\" \/>\n\t<meta name=\"twitter:data1\" content=\"1 \u043c\u0438\u043d\u0443\u0442\u0430\" \/>\n<script type=\"application\/ld+json\" class=\"yoast-schema-graph\">{\"@context\":\"https:\/\/schema.org\",\"@graph\":[{\"@type\":\"WebPage\",\"@id\":\"https:\/\/www.kapitel-zwei.de\/ru\/%d1%82%d0%b0%d1%80%d0%b8%d1%84-%d1%80%d0%b0%d0%bd%d0%bd%d0%b5%d0%b5-%d0%b1%d1%80%d0%be%d0%bd%d0%b8%d1%80%d0%be%d0%b2%d0%b0%d0%bd%d0%b8%d0%b5\/\",\"url\":\"https:\/\/www.kapitel-zwei.de\/ru\/%d1%82%d0%b0%d1%80%d0%b8%d1%84-%d1%80%d0%b0%d0%bd%d0%bd%d0%b5%d0%b5-%d0%b1%d1%80%d0%be%d0%bd%d0%b8%d1%80%d0%be%d0%b2%d0%b0%d0%bd%d0%b8%d0%b5\/\",\"name\":\"100 EUR \u0421\u043a\u0438\u0434\u043a\u0430 8 \u043d\u0435\u0434\u0435\u043b\u044c \u043d\u0430 \u043f\u043e\u0434\u0433\u043e\u0442\u043e\u0432\u0438\u0442\u0435\u043b\u044c\u043d\u044b\u0439 \u044d\u043a\u0437\u0430\u043c\u0435\u043d \u00c4rztekammer\",\"isPartOf\":{\"@id\":\"https:\/\/kapitel-zwei.de\/es\/#website\"},\"datePublished\":\"2020-06-20T14:53:23+00:00\",\"dateModified\":\"2020-06-23T11:50:18+00:00\",\"description\":\"\u0421\u044d\u043a\u043e\u043d\u043e\u043c\u044c 100 \u20ac \u043e\u0442 \u043e\u0431\u044b\u0447\u043d\u043e\u0439 \u0446\u0435\u043d\u044b \u043a\u0443\u0440\u0441\u0430! \u041f\u043e\u0434\u0433\u043e\u0442\u043e\u0432\u0438\u0442\u0435\u043b\u044c\u043d\u044b\u0439 \u043a\u0443\u0440\u0441 \u043a \u044d\u043a\u0437\u0430\u043c\u0435\u043d\u0443 \u043f\u043e \u043f\u0440\u043e\u0444\u0435\u0441\u0441\u0438\u043e\u043d\u0430\u043b\u044c\u043d\u043e\u043c\u0443 \u044f\u0437\u044b\u043a\u0443 \u0432 \u041c\u0435\u0434\u0438\u0446\u0438\u043d\u0441\u043a\u043e\u0439 \u041f\u0430\u043b\u0430\u0442\u0435 \u0441\u043e\u0441\u0442\u043e\u0438\u0442 \u0438\u0437 \u0434\u0432\u0443\u0445 \u0447\u0430\u0441\u0442\u0435\u0439 \u0432 \u0442\u0435\u0447\u0435\u043d\u0438\u0435 \u0434\u0432\u0443\u0445 \u043c\u0435\u0441\u044f\u0446\u0435\u0432. \u041f\u0440\u0438 \u043f\u043e\u043b\u043d\u043e\u0439 \u043e\u043f\u043b\u0430\u0442\u0435 \u0438 \u0431\u0440\u043e\u043d\u0438\u0440\u043e\u0432\u0430\u043d\u0438\u0438 \u0441\u0440\u0430\u0437\u0443 \u0434\u0432\u0443\u0445 \u043c\u0435\u0441\u044f\u0446\u0435\u0432, \u0442\u044b \u043f\u043e\u043b\u0443\u0447\u0438\u0448\u044c \u0441\u043a\u0438\u0434\u043a\u0443 10% \u043e\u0442 \u043f\u043e\u043b\u043d\u043e\u0439 \u0441\u0442\u043e\u0438\u043c\u043e\u0441\u0442\u0438 \u043a\u0443\u0440\u0441\u0430. \u041e\u0442\u043c\u0435\u043d\u0430 \u0438\u0441\u043a\u043b\u044e\u0447\u0435\u043d\u0430.\",\"breadcrumb\":{\"@id\":\"https:\/\/www.kapitel-zwei.de\/ru\/%d1%82%d0%b0%d1%80%d0%b8%d1%84-%d1%80%d0%b0%d0%bd%d0%bd%d0%b5%d0%b5-%d0%b1%d1%80%d0%be%d0%bd%d0%b8%d1%80%d0%be%d0%b2%d0%b0%d0%bd%d0%b8%d0%b5\/#breadcrumb\"},\"inLanguage\":\"ru-RU\",\"potentialAction\":[{\"@type\":\"ReadAction\",\"target\":[\"https:\/\/www.kapitel-zwei.de\/ru\/%d1%82%d0%b0%d1%80%d0%b8%d1%84-%d1%80%d0%b0%d0%bd%d0%bd%d0%b5%d0%b5-%d0%b1%d1%80%d0%be%d0%bd%d0%b8%d1%80%d0%be%d0%b2%d0%b0%d0%bd%d0%b8%d0%b5\/\"]}]},{\"@type\":\"BreadcrumbList\",\"@id\":\"https:\/\/www.kapitel-zwei.de\/ru\/%d1%82%d0%b0%d1%80%d0%b8%d1%84-%d1%80%d0%b0%d0%bd%d0%bd%d0%b5%d0%b5-%d0%b1%d1%80%d0%be%d0%bd%d0%b8%d1%80%d0%be%d0%b2%d0%b0%d0%bd%d0%b8%d0%b5\/#breadcrumb\",\"itemListElement\":[{\"@type\":\"ListItem\",\"position\":1,\"name\":\"Startseite\",\"item\":\"https:\/\/kapitel-zwei.de\/ru\/\"},{\"@type\":\"ListItem\",\"position\":2,\"name\":\"\u0422\u0430\u0440\u0438\u0444 \u00ab\u0420\u0430\u043d\u043d\u0435\u0435 \u0431\u0440\u043e\u043d\u0438\u0440\u043e\u0432\u0430\u043d\u0438\u0435\u00bb\"}]},{\"@type\":\"WebSite\",\"@id\":\"https:\/\/kapitel-zwei.de\/es\/#website\",\"url\":\"https:\/\/kapitel-zwei.de\/es\/\",\"name\":\"Kapitel Zwei Berlin\",\"description\":\"Deutschkurs Berlin | Sprachschule Berlin | German language school Berlin | telc Berlin | Deutsch Pr\u00fcfung Berlin | Intensive German courses Berlin | TestDaF Pr\u00fcfung | Online Kurse\",\"publisher\":{\"@id\":\"https:\/\/kapitel-zwei.de\/es\/#organization\"},\"potentialAction\":[{\"@type\":\"SearchAction\",\"target\":{\"@type\":\"EntryPoint\",\"urlTemplate\":\"https:\/\/kapitel-zwei.de\/es\/?s={search_term_string}\"},\"query-input\":{\"@type\":\"PropertyValueSpecification\",\"valueRequired\":true,\"valueName\":\"search_term_string\"}}],\"inLanguage\":\"ru-RU\"},{\"@type\":\"Organization\",\"@id\":\"https:\/\/kapitel-zwei.de\/es\/#organization\",\"name\":\"Kapitel Zwei. Deutsch-Sprachschule Berlin GmbH\",\"url\":\"https:\/\/kapitel-zwei.de\/es\/\",\"logo\":{\"@type\":\"ImageObject\",\"inLanguage\":\"ru-RU\",\"@id\":\"https:\/\/kapitel-zwei.de\/es\/#\/schema\/logo\/image\/\",\"url\":\"https:\/\/kapitel-zwei.de\/wp-content\/uploads\/2018\/08\/Kapitel-Zwei-Berlin-Sprachschule-Deutsch-Deutschkurse-Berlin.jpg\",\"contentUrl\":\"https:\/\/kapitel-zwei.de\/wp-content\/uploads\/2018\/08\/Kapitel-Zwei-Berlin-Sprachschule-Deutsch-Deutschkurse-Berlin.jpg\",\"width\":350,\"height\":101,\"caption\":\"Kapitel Zwei. Deutsch-Sprachschule Berlin GmbH\"},\"image\":{\"@id\":\"https:\/\/kapitel-zwei.de\/es\/#\/schema\/logo\/image\/\"},\"sameAs\":[\"https:\/\/www.facebook.com\/kapitelzwei\/\",\"https:\/\/x.com\/kapitelzwei\"]}]}<\/script>\n<!-- \/ Yoast SEO Premium plugin. -->","yoast_head_json":{"title":"100 EUR \u0421\u043a\u0438\u0434\u043a\u0430 8 \u043d\u0435\u0434\u0435\u043b\u044c \u043d\u0430 \u043f\u043e\u0434\u0433\u043e\u0442\u043e\u0432\u0438\u0442\u0435\u043b\u044c\u043d\u044b\u0439 \u044d\u043a\u0437\u0430\u043c\u0435\u043d \u00c4rztekammer","description":"\u0421\u044d\u043a\u043e\u043d\u043e\u043c\u044c 100 \u20ac \u043e\u0442 \u043e\u0431\u044b\u0447\u043d\u043e\u0439 \u0446\u0435\u043d\u044b \u043a\u0443\u0440\u0441\u0430! \u041f\u043e\u0434\u0433\u043e\u0442\u043e\u0432\u0438\u0442\u0435\u043b\u044c\u043d\u044b\u0439 \u043a\u0443\u0440\u0441 \u043a \u044d\u043a\u0437\u0430\u043c\u0435\u043d\u0443 \u043f\u043e \u043f\u0440\u043e\u0444\u0435\u0441\u0441\u0438\u043e\u043d\u0430\u043b\u044c\u043d\u043e\u043c\u0443 \u044f\u0437\u044b\u043a\u0443 \u0432 \u041c\u0435\u0434\u0438\u0446\u0438\u043d\u0441\u043a\u043e\u0439 \u041f\u0430\u043b\u0430\u0442\u0435 \u0441\u043e\u0441\u0442\u043e\u0438\u0442 \u0438\u0437 \u0434\u0432\u0443\u0445 \u0447\u0430\u0441\u0442\u0435\u0439 \u0432 \u0442\u0435\u0447\u0435\u043d\u0438\u0435 \u0434\u0432\u0443\u0445 \u043c\u0435\u0441\u044f\u0446\u0435\u0432. \u041f\u0440\u0438 \u043f\u043e\u043b\u043d\u043e\u0439 \u043e\u043f\u043b\u0430\u0442\u0435 \u0438 \u0431\u0440\u043e\u043d\u0438\u0440\u043e\u0432\u0430\u043d\u0438\u0438 \u0441\u0440\u0430\u0437\u0443 \u0434\u0432\u0443\u0445 \u043c\u0435\u0441\u044f\u0446\u0435\u0432, \u0442\u044b \u043f\u043e\u043b\u0443\u0447\u0438\u0448\u044c \u0441\u043a\u0438\u0434\u043a\u0443 10% \u043e\u0442 \u043f\u043e\u043b\u043d\u043e\u0439 \u0441\u0442\u043e\u0438\u043c\u043e\u0441\u0442\u0438 \u043a\u0443\u0440\u0441\u0430. \u041e\u0442\u043c\u0435\u043d\u0430 \u0438\u0441\u043a\u043b\u044e\u0447\u0435\u043d\u0430.","robots":{"index":"index","follow":"follow","max-snippet":"max-snippet:-1","max-image-preview":"max-image-preview:large","max-video-preview":"max-video-preview:-1"},"canonical":"https:\/\/www.kapitel-zwei.de\/ru\/\u0442\u0430\u0440\u0438\u0444-\u0440\u0430\u043d\u043d\u0435\u0435-\u0431\u0440\u043e\u043d\u0438\u0440\u043e\u0432\u0430\u043d\u0438\u0435\/","og_locale":"ru_RU","og_type":"article","og_title":"\u0422\u0430\u0440\u0438\u0444 \u00ab\u0420\u0430\u043d\u043d\u0435\u0435 \u0431\u0440\u043e\u043d\u0438\u0440\u043e\u0432\u0430\u043d\u0438\u0435\u00bb","og_description":"\u0421\u044d\u043a\u043e\u043d\u043e\u043c\u044c 100 \u20ac \u043e\u0442 \u043e\u0431\u044b\u0447\u043d\u043e\u0439 \u0446\u0435\u043d\u044b \u043a\u0443\u0440\u0441\u0430! \u041f\u043e\u0434\u0433\u043e\u0442\u043e\u0432\u0438\u0442\u0435\u043b\u044c\u043d\u044b\u0439 \u043a\u0443\u0440\u0441 \u043a \u044d\u043a\u0437\u0430\u043c\u0435\u043d\u0443 \u043f\u043e \u043f\u0440\u043e\u0444\u0435\u0441\u0441\u0438\u043e\u043d\u0430\u043b\u044c\u043d\u043e\u043c\u0443 \u044f\u0437\u044b\u043a\u0443 \u0432 \u041c\u0435\u0434\u0438\u0446\u0438\u043d\u0441\u043a\u043e\u0439 \u041f\u0430\u043b\u0430\u0442\u0435 \u0441\u043e\u0441\u0442\u043e\u0438\u0442 \u0438\u0437 \u0434\u0432\u0443\u0445 \u0447\u0430\u0441\u0442\u0435\u0439 \u0432 \u0442\u0435\u0447\u0435\u043d\u0438\u0435 \u0434\u0432\u0443\u0445 \u043c\u0435\u0441\u044f\u0446\u0435\u0432. \u041f\u0440\u0438 \u043f\u043e\u043b\u043d\u043e\u0439 \u043e\u043f\u043b\u0430\u0442\u0435 \u0438 \u0431\u0440\u043e\u043d\u0438\u0440\u043e\u0432\u0430\u043d\u0438\u0438 \u0441\u0440\u0430\u0437\u0443 \u0434\u0432\u0443\u0445 \u043c\u0435\u0441\u044f\u0446\u0435\u0432, \u0442\u044b \u043f\u043e\u043b\u0443\u0447\u0438\u0448\u044c \u0441\u043a\u0438\u0434\u043a\u0443 10% \u043e\u0442 \u043f\u043e\u043b\u043d\u043e\u0439 \u0441\u0442\u043e\u0438\u043c\u043e\u0441\u0442\u0438 \u043a\u0443\u0440\u0441\u0430. \u041e\u0442\u043c\u0435\u043d\u0430 \u0438\u0441\u043a\u043b\u044e\u0447\u0435\u043d\u0430.","og_url":"https:\/\/www.kapitel-zwei.de\/ru\/\u0442\u0430\u0440\u0438\u0444-\u0440\u0430\u043d\u043d\u0435\u0435-\u0431\u0440\u043e\u043d\u0438\u0440\u043e\u0432\u0430\u043d\u0438\u0435\/","og_site_name":"Kapitel Zwei Berlin","article_publisher":"https:\/\/www.facebook.com\/kapitelzwei\/","article_modified_time":"2020-06-23T11:50:18+00:00","twitter_card":"summary_large_image","twitter_site":"@kapitelzwei","twitter_misc":{"\u041f\u0440\u0438\u043c\u0435\u0440\u043d\u043e\u0435 \u0432\u0440\u0435\u043c\u044f \u0434\u043b\u044f \u0447\u0442\u0435\u043d\u0438\u044f":"1 \u043c\u0438\u043d\u0443\u0442\u0430"},"schema":{"@context":"https:\/\/schema.org","@graph":[{"@type":"WebPage","@id":"https:\/\/www.kapitel-zwei.de\/ru\/%d1%82%d0%b0%d1%80%d0%b8%d1%84-%d1%80%d0%b0%d0%bd%d0%bd%d0%b5%d0%b5-%d0%b1%d1%80%d0%be%d0%bd%d0%b8%d1%80%d0%be%d0%b2%d0%b0%d0%bd%d0%b8%d0%b5\/","url":"https:\/\/www.kapitel-zwei.de\/ru\/%d1%82%d0%b0%d1%80%d0%b8%d1%84-%d1%80%d0%b0%d0%bd%d0%bd%d0%b5%d0%b5-%d0%b1%d1%80%d0%be%d0%bd%d0%b8%d1%80%d0%be%d0%b2%d0%b0%d0%bd%d0%b8%d0%b5\/","name":"100 EUR \u0421\u043a\u0438\u0434\u043a\u0430 8 \u043d\u0435\u0434\u0435\u043b\u044c \u043d\u0430 \u043f\u043e\u0434\u0433\u043e\u0442\u043e\u0432\u0438\u0442\u0435\u043b\u044c\u043d\u044b\u0439 \u044d\u043a\u0437\u0430\u043c\u0435\u043d \u00c4rztekammer","isPartOf":{"@id":"https:\/\/kapitel-zwei.de\/es\/#website"},"datePublished":"2020-06-20T14:53:23+00:00","dateModified":"2020-06-23T11:50:18+00:00","description":"\u0421\u044d\u043a\u043e\u043d\u043e\u043c\u044c 100 \u20ac \u043e\u0442 \u043e\u0431\u044b\u0447\u043d\u043e\u0439 \u0446\u0435\u043d\u044b \u043a\u0443\u0440\u0441\u0430! \u041f\u043e\u0434\u0433\u043e\u0442\u043e\u0432\u0438\u0442\u0435\u043b\u044c\u043d\u044b\u0439 \u043a\u0443\u0440\u0441 \u043a \u044d\u043a\u0437\u0430\u043c\u0435\u043d\u0443 \u043f\u043e \u043f\u0440\u043e\u0444\u0435\u0441\u0441\u0438\u043e\u043d\u0430\u043b\u044c\u043d\u043e\u043c\u0443 \u044f\u0437\u044b\u043a\u0443 \u0432 \u041c\u0435\u0434\u0438\u0446\u0438\u043d\u0441\u043a\u043e\u0439 \u041f\u0430\u043b\u0430\u0442\u0435 \u0441\u043e\u0441\u0442\u043e\u0438\u0442 \u0438\u0437 \u0434\u0432\u0443\u0445 \u0447\u0430\u0441\u0442\u0435\u0439 \u0432 \u0442\u0435\u0447\u0435\u043d\u0438\u0435 \u0434\u0432\u0443\u0445 \u043c\u0435\u0441\u044f\u0446\u0435\u0432. \u041f\u0440\u0438 \u043f\u043e\u043b\u043d\u043e\u0439 \u043e\u043f\u043b\u0430\u0442\u0435 \u0438 \u0431\u0440\u043e\u043d\u0438\u0440\u043e\u0432\u0430\u043d\u0438\u0438 \u0441\u0440\u0430\u0437\u0443 \u0434\u0432\u0443\u0445 \u043c\u0435\u0441\u044f\u0446\u0435\u0432, \u0442\u044b \u043f\u043e\u043b\u0443\u0447\u0438\u0448\u044c \u0441\u043a\u0438\u0434\u043a\u0443 10% \u043e\u0442 \u043f\u043e\u043b\u043d\u043e\u0439 \u0441\u0442\u043e\u0438\u043c\u043e\u0441\u0442\u0438 \u043a\u0443\u0440\u0441\u0430. \u041e\u0442\u043c\u0435\u043d\u0430 \u0438\u0441\u043a\u043b\u044e\u0447\u0435\u043d\u0430.","breadcrumb":{"@id":"https:\/\/www.kapitel-zwei.de\/ru\/%d1%82%d0%b0%d1%80%d0%b8%d1%84-%d1%80%d0%b0%d0%bd%d0%bd%d0%b5%d0%b5-%d0%b1%d1%80%d0%be%d0%bd%d0%b8%d1%80%d0%be%d0%b2%d0%b0%d0%bd%d0%b8%d0%b5\/#breadcrumb"},"inLanguage":"ru-RU","potentialAction":[{"@type":"ReadAction","target":["https:\/\/www.kapitel-zwei.de\/ru\/%d1%82%d0%b0%d1%80%d0%b8%d1%84-%d1%80%d0%b0%d0%bd%d0%bd%d0%b5%d0%b5-%d0%b1%d1%80%d0%be%d0%bd%d0%b8%d1%80%d0%be%d0%b2%d0%b0%d0%bd%d0%b8%d0%b5\/"]}]},{"@type":"BreadcrumbList","@id":"https:\/\/www.kapitel-zwei.de\/ru\/%d1%82%d0%b0%d1%80%d0%b8%d1%84-%d1%80%d0%b0%d0%bd%d0%bd%d0%b5%d0%b5-%d0%b1%d1%80%d0%be%d0%bd%d0%b8%d1%80%d0%be%d0%b2%d0%b0%d0%bd%d0%b8%d0%b5\/#breadcrumb","itemListElement":[{"@type":"ListItem","position":1,"name":"Startseite","item":"https:\/\/kapitel-zwei.de\/ru\/"},{"@type":"ListItem","position":2,"name":"\u0422\u0430\u0440\u0438\u0444 \u00ab\u0420\u0430\u043d\u043d\u0435\u0435 \u0431\u0440\u043e\u043d\u0438\u0440\u043e\u0432\u0430\u043d\u0438\u0435\u00bb"}]},{"@type":"WebSite","@id":"https:\/\/kapitel-zwei.de\/es\/#website","url":"https:\/\/kapitel-zwei.de\/es\/","name":"Kapitel Zwei Berlin","description":"Deutschkurs Berlin | Sprachschule Berlin | German language school Berlin | telc Berlin | Deutsch Pr\u00fcfung Berlin | Intensive German courses Berlin | TestDaF Pr\u00fcfung | Online Kurse","publisher":{"@id":"https:\/\/kapitel-zwei.de\/es\/#organization"},"potentialAction":[{"@type":"SearchAction","target":{"@type":"EntryPoint","urlTemplate":"https:\/\/kapitel-zwei.de\/es\/?s={search_term_string}"},"query-input":{"@type":"PropertyValueSpecification","valueRequired":true,"valueName":"search_term_string"}}],"inLanguage":"ru-RU"},{"@type":"Organization","@id":"https:\/\/kapitel-zwei.de\/es\/#organization","name":"Kapitel Zwei. Deutsch-Sprachschule Berlin GmbH","url":"https:\/\/kapitel-zwei.de\/es\/","logo":{"@type":"ImageObject","inLanguage":"ru-RU","@id":"https:\/\/kapitel-zwei.de\/es\/#\/schema\/logo\/image\/","url":"https:\/\/kapitel-zwei.de\/wp-content\/uploads\/2018\/08\/Kapitel-Zwei-Berlin-Sprachschule-Deutsch-Deutschkurse-Berlin.jpg","contentUrl":"https:\/\/kapitel-zwei.de\/wp-content\/uploads\/2018\/08\/Kapitel-Zwei-Berlin-Sprachschule-Deutsch-Deutschkurse-Berlin.jpg","width":350,"height":101,"caption":"Kapitel Zwei. Deutsch-Sprachschule Berlin GmbH"},"image":{"@id":"https:\/\/kapitel-zwei.de\/es\/#\/schema\/logo\/image\/"},"sameAs":["https:\/\/www.facebook.com\/kapitelzwei\/","https:\/\/x.com\/kapitelzwei"]}]}},"_links":{"self":[{"href":"https:\/\/kapitel-zwei.de\/ru\/wp-json\/wp\/v2\/pages\/87317","targetHints":{"allow":["GET"]}}],"collection":[{"href":"https:\/\/kapitel-zwei.de\/ru\/wp-json\/wp\/v2\/pages"}],"about":[{"href":"https:\/\/kapitel-zwei.de\/ru\/wp-json\/wp\/v2\/types\/page"}],"author":[{"embeddable":true,"href":"https:\/\/kapitel-zwei.de\/ru\/wp-json\/wp\/v2\/users\/16"}],"replies":[{"embeddable":true,"href":"https:\/\/kapitel-zwei.de\/ru\/wp-json\/wp\/v2\/comments?post=87317"}],"version-history":[{"count":2,"href":"https:\/\/kapitel-zwei.de\/ru\/wp-json\/wp\/v2\/pages\/87317\/revisions"}],"predecessor-version":[{"id":87522,"href":"https:\/\/kapitel-zwei.de\/ru\/wp-json\/wp\/v2\/pages\/87317\/revisions\/87522"}],"wp:attachment":[{"href":"https:\/\/kapitel-zwei.de\/ru\/wp-json\/wp\/v2\/media?parent=87317"}],"curies":[{"name":"wp","href":"https:\/\/api.w.org\/{rel}","templated":true}]}}